{"id":91111,"date":"2025-09-15T08:26:26","date_gmt":"2025-09-15T06:26:26","guid":{"rendered":"https:\/\/felgenforum.shop\/?post_type=product&#038;p=91111"},"modified":"2026-04-25T15:13:50","modified_gmt":"2026-04-25T13:13:50","slug":"4x-ff02-19-zoll-winterraeder-winterreifen-komplettraeder-fuer-bmw-x2-ix2-u10-u2x-m","status":"publish","type":"product","link":"https:\/\/felgenforum.shop\/en\/product\/4x-ff02-19-zoll-winterraeder-winterreifen-komplettraeder-fuer-bmw-x2-ix2-u10-u2x-m\/","title":{"rendered":"4x FF02 19 inch winter wheels, winter tires, complete wheels for BMW X2 iX2 U10 U2X M"},"content":{"rendered":"<h3>Welcome to an offer from Felgenforum.shop<\/h3>\n<p>In this offer we offer you a NEW set of complete winter wheels in glossy black including ABE (German type approval).<\/p>\n<p>4x fully pre-assembled and balanced complete wheels<\/p>\n<p>consisting of:<\/p>\n<p>4x Alufelge FF-Wheels FF02 schwarz 8,5&#215;19 ET45 LK5\/112<\/p>\n<p>+<\/p>\n<p>4x winter tires 245\/45 R19 102V from current daily purchase<\/p>\n<p>fully assembled and balanced\u00a0<\/p>\n<p>+<\/p>\n<p>4x TPMS (pre-programmed)<\/p>\n<p>(including black weights and black metal valves)<\/p>\n<p>NEW<\/p>\n<h3>Scope of delivery:<\/h3>\n<ul>\n<li>4 x FF-Wheels FF02 8,5&#215;19 ET45 5&#215;112 schwarz gl\u00e4nzend<\/li>\n<li>Complete mounting hardware (if required according to the ABE)<\/li>\n<li>4x winter tires from current daily purchase 245\/45 R19 102V<\/li>\n<li>4x TPMS (pre-programmed)<\/li>\n<li>4x Hubcaps FF-Wheels<\/li>\n<li>(Vehicle manufacturer&#039;s hubcap not included)<\/li>\n<li>1x Expert report (ABE)<\/li>\n<li>In most cases, the complete wheel sets are therefore registration-free. If you have any questions about fitment or any registration requirements, our experienced team will be happy to assist you :).<\/li>\n<li>Please be sure to specify your vehicle after purchase.<\/li>\n<li>We offer this model in many other sizes and colors; please contact us if you have any other requests.<\/li>\n<li>&gt;&gt;&gt;Wishful tires<\/li>\n<li>Do you have a specific request regarding tire brand or tire quality? No problem!<\/li>\n<li>We would be happy to create individual complete wheel offers for you :).<\/li>\n<li>The complete wheels are suitable for, among others:<\/li>\n<\/ul>\n<h3>Audi<\/h3>\n<ul>\n<li>A6 F2 C8<\/li>\n<\/ul>\n<h3>BMW<\/h3>\n<ul>\n<li>X1 U11<\/li>\n<li>IX1<\/li>\n<li>U11<\/li>\n<\/ul>\n<h3>Mercedes Benz<\/h3>\n<ul>\n<li>GLA F2B<\/li>\n<li>GLB F2B<\/li>\n<li>GLK 204X<\/li>\n<li>EQA<\/li>\n<li>EQB<\/li>\n<li>V Class W447 (axle load max 1500KG)<\/li>\n<li>Vito (maximum axle load 1500KG)<\/li>\n<\/ul>","protected":false},"excerpt":{"rendered":"<p>A set (4 pieces) of ready-to-use FF-Wheels complete wheels, professionally mounted and balanced.<\/p>\n<p><strong>Rim details:<\/strong> 8,5&#215;19 Zoll, Lochkreis 112 mm.<br \/><strong>Tire details:<\/strong> Daily shopping, tread depth: approx. NEW mm.<\/p>","protected":false},"featured_media":91900,"comment_status":"open","ping_status":"closed","template":"","meta":[],"product_brand":[],"product_cat":[1510,1509,1204],"product_tag":[],"class_list":{"0":"post-91111","1":"product","2":"type-product","3":"status-publish","4":"has-post-thumbnail","6":"product_cat-19-zoll-winterraeder-audi-audi-komplettraeder-winter","7":"product_cat-audi-komplettraeder-winter","8":"product_cat-komplettraeder-winter","9":"product_shipping_class-komplettrad","10":"pa_anzahl-der-komplettraeder-1433","11":"pa_einpresstiefe-et-1508","12":"pa_eisgriffigkeit-ja","13":"pa_fahrzeugmarke-bmw","14":"pa_fahrzeugtyp-allradfahrzeug","15":"pa_felgenaufbau-einteilig-gegossen","16":"pa_felgenbreite-8-5","17":"pa_felgendesign-10-speichen","18":"pa_felgenfarbe-schwarz","19":"pa_felgenhersteller-ff-wheels-2","20":"pa_felgenmaterial-aluminium","21":"pa_felgenmodell-ff02","22":"pa_geschwindigkeitsindex-v-bis-240-km-h","23":"pa_herstellernummer-felge-2002","24":"pa_lastbereich-xl","25":"pa_lochkreis-1439","26":"pa_lochzahl-1447","27":"pa_mittenlochbohrung-666-mm","28":"pa_profiltiefe-neu","29":"pa_reifenbauart-r-radialreifen","30":"pa_reifenbreite-1503","31":"pa_reifendurchmesser-1436","32":"pa_reifenhersteller-tageseinkauf","33":"pa_reifenmodell-tageseinkauf","34":"pa_reifenquerschnitt-1504","35":"pa_reifenspezifikation-winterreifen","36":"pa_run-flat-nein","37":"pa_schneeflocken-symbol-ja","38":"pa_tragfaehigkeitsindex-102-max-850-kg-je-reifen","39":"pa_zollgroesse-1448","41":"first","42":"instock","43":"sale","44":"taxable","45":"shipping-taxable","46":"purchasable","47":"product-type-simple"},"yoast_head":"<title>4x FF02 19 Zoll Winterr\u00e4der Winterreifen Komplettr\u00e4der f\u00fcr BMW X2 iX2 U10 U2X M g\u00fcnstig kaufen - Felgenforum<\/title>\n<meta name=\"description\" content=\"Sicher durch den Winter mit 4x FF02 19 Zoll Winterr\u00e4der f\u00fcr Ihren BMW X2 iX2. Maximale Haftung und Top-Design vereint. Jetzt online entdecken!\" \/>\n<meta name=\"robots\" content=\"index, follow, max-snippet:-1, max-image-preview:large, max-video-preview:-1\" \/>\n<link rel=\"canonical\" href=\"https:\/\/felgenforum.shop\/en\/product\/4x-ff02-19-zoll-winterraeder-winterreifen-komplettraeder-fuer-bmw-x2-ix2-u10-u2x-m\/\" \/>\n<meta property=\"og:locale\" content=\"en_GB\" \/>\n<meta property=\"og:type\" content=\"article\" \/>\n<meta property=\"og:title\" content=\"4x FF02 19 Zoll Winterr\u00e4der Winterreifen Komplettr\u00e4der f\u00fcr BMW X2 iX2 U10 U2X M g\u00fcnstig kaufen - Felgenforum\" \/>\n<meta property=\"og:description\" content=\"Sicher durch den Winter mit 4x FF02 19 Zoll Winterr\u00e4der f\u00fcr Ihren BMW X2 iX2. Maximale Haftung und Top-Design vereint. Jetzt online entdecken!\" \/>\n<meta property=\"og:url\" content=\"https:\/\/felgenforum.shop\/en\/product\/4x-ff02-19-zoll-winterraeder-winterreifen-komplettraeder-fuer-bmw-x2-ix2-u10-u2x-m\/\" \/>\n<meta property=\"og:site_name\" content=\"Felgenforum\" \/>\n<meta property=\"article:modified_time\" content=\"2026-04-25T13:13:50+00:00\" \/>\n<meta property=\"og:image\" content=\"https:\/\/felgenforum.shop\/wp-content\/uploads\/2025\/09\/57-6208.webp\" \/>\n\t<meta property=\"og:image:width\" content=\"966\" \/>\n\t<meta property=\"og:image:height\" content=\"1000\" \/>\n\t<meta property=\"og:image:type\" content=\"image\/webp\" \/>\n<meta name=\"twitter:card\" content=\"summary_large_image\" \/>\n<meta name=\"twitter:label1\" content=\"Est. reading time\" \/>\n\t<meta name=\"twitter:data1\" content=\"1 minute\" \/>\n<script type=\"application\/ld+json\" class=\"yoast-schema-graph\">{\"@context\":\"https:\\\/\\\/schema.org\",\"@graph\":[{\"@type\":\"WebPage\",\"@id\":\"https:\\\/\\\/felgenforum.shop\\\/produkt\\\/4x-ff02-19-zoll-winterraeder-winterreifen-komplettraeder-fuer-bmw-x2-ix2-u10-u2x-m\\\/\",\"url\":\"https:\\\/\\\/felgenforum.shop\\\/produkt\\\/4x-ff02-19-zoll-winterraeder-winterreifen-komplettraeder-fuer-bmw-x2-ix2-u10-u2x-m\\\/\",\"name\":\"4x FF02 19 Zoll Winterr\u00e4der Winterreifen Komplettr\u00e4der f\u00fcr BMW X2 iX2 U10 U2X M g\u00fcnstig kaufen - Felgenforum\",\"isPartOf\":{\"@id\":\"https:\\\/\\\/felgenforum.shop\\\/#website\"},\"primaryImageOfPage\":{\"@id\":\"https:\\\/\\\/felgenforum.shop\\\/produkt\\\/4x-ff02-19-zoll-winterraeder-winterreifen-komplettraeder-fuer-bmw-x2-ix2-u10-u2x-m\\\/#primaryimage\"},\"image\":{\"@id\":\"https:\\\/\\\/felgenforum.shop\\\/produkt\\\/4x-ff02-19-zoll-winterraeder-winterreifen-komplettraeder-fuer-bmw-x2-ix2-u10-u2x-m\\\/#primaryimage\"},\"thumbnailUrl\":\"https:\\\/\\\/felgenforum.shop\\\/wp-content\\\/uploads\\\/2025\\\/09\\\/57-6208.webp\",\"datePublished\":\"2025-09-15T06:26:26+00:00\",\"dateModified\":\"2026-04-25T13:13:50+00:00\",\"description\":\"Sicher durch den Winter mit 4x FF02 19 Zoll Winterr\u00e4der f\u00fcr Ihren BMW X2 iX2. Maximale Haftung und Top-Design vereint. Jetzt online entdecken!\",\"breadcrumb\":{\"@id\":\"https:\\\/\\\/felgenforum.shop\\\/produkt\\\/4x-ff02-19-zoll-winterraeder-winterreifen-komplettraeder-fuer-bmw-x2-ix2-u10-u2x-m\\\/#breadcrumb\"},\"inLanguage\":\"en-GB\",\"potentialAction\":[{\"@type\":\"ReadAction\",\"target\":[\"https:\\\/\\\/felgenforum.shop\\\/produkt\\\/4x-ff02-19-zoll-winterraeder-winterreifen-komplettraeder-fuer-bmw-x2-ix2-u10-u2x-m\\\/\"]}]},{\"@type\":\"ImageObject\",\"inLanguage\":\"en-GB\",\"@id\":\"https:\\\/\\\/felgenforum.shop\\\/produkt\\\/4x-ff02-19-zoll-winterraeder-winterreifen-komplettraeder-fuer-bmw-x2-ix2-u10-u2x-m\\\/#primaryimage\",\"url\":\"https:\\\/\\\/felgenforum.shop\\\/wp-content\\\/uploads\\\/2025\\\/09\\\/57-6208.webp\",\"contentUrl\":\"https:\\\/\\\/felgenforum.shop\\\/wp-content\\\/uploads\\\/2025\\\/09\\\/57-6208.webp\",\"width\":966,\"height\":1000,\"caption\":\"4x FF02 19 Zoll Winterr\u00e4der Komplettr\u00e4der f\u00fcr BMW X2 iX2 U10\"},{\"@type\":\"BreadcrumbList\",\"@id\":\"https:\\\/\\\/felgenforum.shop\\\/produkt\\\/4x-ff02-19-zoll-winterraeder-winterreifen-komplettraeder-fuer-bmw-x2-ix2-u10-u2x-m\\\/#breadcrumb\",\"itemListElement\":[{\"@type\":\"ListItem\",\"position\":1,\"name\":\"Startseite\",\"item\":\"https:\\\/\\\/felgenforum.shop\\\/\"},{\"@type\":\"ListItem\",\"position\":2,\"name\":\"Shop\",\"item\":\"https:\\\/\\\/felgenforum.shop\\\/shop\\\/\"},{\"@type\":\"ListItem\",\"position\":3,\"name\":\"4x FF02 19 Zoll Winterr\u00e4der Winterreifen Komplettr\u00e4der f\u00fcr BMW X2 iX2 U10 U2X M\"}]},{\"@type\":\"WebSite\",\"@id\":\"https:\\\/\\\/felgenforum.shop\\\/#website\",\"url\":\"https:\\\/\\\/felgenforum.shop\\\/\",\"name\":\"Felgenforum\",\"description\":\"\",\"potentialAction\":[{\"@type\":\"SearchAction\",\"target\":{\"@type\":\"EntryPoint\",\"urlTemplate\":\"https:\\\/\\\/felgenforum.shop\\\/?s={search_term_string}\"},\"query-input\":{\"@type\":\"PropertyValueSpecification\",\"valueRequired\":true,\"valueName\":\"search_term_string\"}}],\"inLanguage\":\"en-GB\"}]}<\/script>","yoast_head_json":{"title":"4x FF02 19 Zoll Winterr\u00e4der Winterreifen Komplettr\u00e4der f\u00fcr BMW X2 iX2 U10 U2X M g\u00fcnstig kaufen - Felgenforum","description":"Sicher durch den Winter mit 4x FF02 19 Zoll Winterr\u00e4der f\u00fcr Ihren BMW X2 iX2. Maximale Haftung und Top-Design vereint. Jetzt online entdecken!","robots":{"index":"index","follow":"follow","max-snippet":"max-snippet:-1","max-image-preview":"max-image-preview:large","max-video-preview":"max-video-preview:-1"},"canonical":"https:\/\/felgenforum.shop\/en\/product\/4x-ff02-19-zoll-winterraeder-winterreifen-komplettraeder-fuer-bmw-x2-ix2-u10-u2x-m\/","og_locale":"en_GB","og_type":"article","og_title":"4x FF02 19 Zoll Winterr\u00e4der Winterreifen Komplettr\u00e4der f\u00fcr BMW X2 iX2 U10 U2X M g\u00fcnstig kaufen - Felgenforum","og_description":"Sicher durch den Winter mit 4x FF02 19 Zoll Winterr\u00e4der f\u00fcr Ihren BMW X2 iX2. Maximale Haftung und Top-Design vereint. Jetzt online entdecken!","og_url":"https:\/\/felgenforum.shop\/en\/product\/4x-ff02-19-zoll-winterraeder-winterreifen-komplettraeder-fuer-bmw-x2-ix2-u10-u2x-m\/","og_site_name":"Felgenforum","article_modified_time":"2026-04-25T13:13:50+00:00","og_image":[{"width":966,"height":1000,"url":"https:\/\/felgenforum.shop\/wp-content\/uploads\/2025\/09\/57-6208.webp","type":"image\/webp"}],"twitter_card":"summary_large_image","twitter_misc":{"Est. reading time":"1 minute"},"schema":{"@context":"https:\/\/schema.org","@graph":[{"@type":"WebPage","@id":"https:\/\/felgenforum.shop\/produkt\/4x-ff02-19-zoll-winterraeder-winterreifen-komplettraeder-fuer-bmw-x2-ix2-u10-u2x-m\/","url":"https:\/\/felgenforum.shop\/produkt\/4x-ff02-19-zoll-winterraeder-winterreifen-komplettraeder-fuer-bmw-x2-ix2-u10-u2x-m\/","name":"4x FF02 19 Zoll Winterr\u00e4der Winterreifen Komplettr\u00e4der f\u00fcr BMW X2 iX2 U10 U2X M g\u00fcnstig kaufen - Felgenforum","isPartOf":{"@id":"https:\/\/felgenforum.shop\/#website"},"primaryImageOfPage":{"@id":"https:\/\/felgenforum.shop\/produkt\/4x-ff02-19-zoll-winterraeder-winterreifen-komplettraeder-fuer-bmw-x2-ix2-u10-u2x-m\/#primaryimage"},"image":{"@id":"https:\/\/felgenforum.shop\/produkt\/4x-ff02-19-zoll-winterraeder-winterreifen-komplettraeder-fuer-bmw-x2-ix2-u10-u2x-m\/#primaryimage"},"thumbnailUrl":"https:\/\/felgenforum.shop\/wp-content\/uploads\/2025\/09\/57-6208.webp","datePublished":"2025-09-15T06:26:26+00:00","dateModified":"2026-04-25T13:13:50+00:00","description":"Sicher durch den Winter mit 4x FF02 19 Zoll Winterr\u00e4der f\u00fcr Ihren BMW X2 iX2. Maximale Haftung und Top-Design vereint. Jetzt online entdecken!","breadcrumb":{"@id":"https:\/\/felgenforum.shop\/produkt\/4x-ff02-19-zoll-winterraeder-winterreifen-komplettraeder-fuer-bmw-x2-ix2-u10-u2x-m\/#breadcrumb"},"inLanguage":"en-GB","potentialAction":[{"@type":"ReadAction","target":["https:\/\/felgenforum.shop\/produkt\/4x-ff02-19-zoll-winterraeder-winterreifen-komplettraeder-fuer-bmw-x2-ix2-u10-u2x-m\/"]}]},{"@type":"ImageObject","inLanguage":"en-GB","@id":"https:\/\/felgenforum.shop\/produkt\/4x-ff02-19-zoll-winterraeder-winterreifen-komplettraeder-fuer-bmw-x2-ix2-u10-u2x-m\/#primaryimage","url":"https:\/\/felgenforum.shop\/wp-content\/uploads\/2025\/09\/57-6208.webp","contentUrl":"https:\/\/felgenforum.shop\/wp-content\/uploads\/2025\/09\/57-6208.webp","width":966,"height":1000,"caption":"4x FF02 19 Zoll Winterr\u00e4der Komplettr\u00e4der f\u00fcr BMW X2 iX2 U10"},{"@type":"BreadcrumbList","@id":"https:\/\/felgenforum.shop\/produkt\/4x-ff02-19-zoll-winterraeder-winterreifen-komplettraeder-fuer-bmw-x2-ix2-u10-u2x-m\/#breadcrumb","itemListElement":[{"@type":"ListItem","position":1,"name":"Startseite","item":"https:\/\/felgenforum.shop\/"},{"@type":"ListItem","position":2,"name":"Shop","item":"https:\/\/felgenforum.shop\/shop\/"},{"@type":"ListItem","position":3,"name":"4x FF02 19 Zoll Winterr\u00e4der Winterreifen Komplettr\u00e4der f\u00fcr BMW X2 iX2 U10 U2X M"}]},{"@type":"WebSite","@id":"https:\/\/felgenforum.shop\/#website","url":"https:\/\/felgenforum.shop\/","name":"Rim forum","description":"","potentialAction":[{"@type":"SearchAction","target":{"@type":"EntryPoint","urlTemplate":"https:\/\/felgenforum.shop\/?s={search_term_string}"},"query-input":{"@type":"PropertyValueSpecification","valueRequired":true,"valueName":"search_term_string"}}],"inLanguage":"en-GB"}]}},"_links":{"self":[{"href":"https:\/\/felgenforum.shop\/en\/wp-json\/wp\/v2\/product\/91111","targetHints":{"allow":["GET"]}}],"collection":[{"href":"https:\/\/felgenforum.shop\/en\/wp-json\/wp\/v2\/product"}],"about":[{"href":"https:\/\/felgenforum.shop\/en\/wp-json\/wp\/v2\/types\/product"}],"replies":[{"embeddable":true,"href":"https:\/\/felgenforum.shop\/en\/wp-json\/wp\/v2\/comments?post=91111"}],"wp:featuredmedia":[{"embeddable":true,"href":"https:\/\/felgenforum.shop\/en\/wp-json\/wp\/v2\/media\/91900"}],"wp:attachment":[{"href":"https:\/\/felgenforum.shop\/en\/wp-json\/wp\/v2\/media?parent=91111"}],"wp:term":[{"taxonomy":"product_brand","embeddable":true,"href":"https:\/\/felgenforum.shop\/en\/wp-json\/wp\/v2\/product_brand?post=91111"},{"taxonomy":"product_cat","embeddable":true,"href":"https:\/\/felgenforum.shop\/en\/wp-json\/wp\/v2\/product_cat?post=91111"},{"taxonomy":"product_tag","embeddable":true,"href":"https:\/\/felgenforum.shop\/en\/wp-json\/wp\/v2\/product_tag?post=91111"}],"curies":[{"name":"wp","href":"https:\/\/api.w.org\/{rel}","templated":true}]}}