{"id":91016,"date":"2025-09-15T07:46:38","date_gmt":"2025-09-15T05:46:38","guid":{"rendered":"https:\/\/felgenforum.shop\/?post_type=product&#038;p=91016"},"modified":"2026-04-25T15:13:45","modified_gmt":"2026-04-25T13:13:45","slug":"ff01-19-zoll-felgen-winterraeder-hankook-235-255-komplettraeder-vw-id4-id-4-pure-2","status":"publish","type":"product","link":"https:\/\/felgenforum.shop\/en\/product\/ff01-19-zoll-felgen-winterraeder-hankook-235-255-komplettraeder-vw-id4-id-4-pure-2\/","title":{"rendered":"FF01 19-inch rims, winter tires, HANKOOK 235\/255, complete wheels for VW ID.4 ID.4 Pure"},"content":{"rendered":"<h3>Welcome to an offer from Felgenforum.shop<\/h3>\n<p>In this offer we offer you a NEW set of complete winter wheels in glossy black including ABE (German type approval).<\/p>\n<p>4x fully pre-assembled and balanced complete wheels<\/p>\n<p>consisting of:<\/p>\n<p>4x alloy wheel FF-Wheels FF01 black 8.5\u00d719 ET45 PCD 5\/112<\/p>\n<p>+<\/p>\n<p>2x Winter tires 235\/55 R19 105V HANKOOK Winter I*CEPT EVO3 W330 XL<\/p>\n<p>2x Winter tires 255\/50 R19 107V HANKOOK Winter I*CEPT EVO3 W330 XL<\/p>\n<p>+<\/p>\n<p>fully assembled and balanced<\/p>\n<p>(including black weights and black metal valves)<\/p>\n<p>NEW<\/p>\n<h3>Scope of delivery:<\/h3>\n<ul>\n<li>4 x FF-Wheels FF01 8.5\u00d719 ET45 5\u00d7112 glossy black<\/li>\n<li>Complete mounting hardware (if required according to the ABE)<\/li>\n<li>2x Hankook Winter I*CEPT EVO3 winter tires 235\/55 R19 105V<\/li>\n<li>2x Hankook Winter I*CEPT EVO3 winter tires 255\/50 R19 107V<\/li>\n<li>4x Hubcaps FF-Wheels<\/li>\n<li>(Vehicle manufacturer&#039;s hubcap not included)<\/li>\n<li>1x Expert report (ABE)<\/li>\n<li>In most cases, the complete wheel sets are therefore registration-free. If you have any questions about fitment or any registration requirements, our experienced team will be happy to assist you :).<\/li>\n<li>Please be sure to specify your vehicle after purchase.<\/li>\n<li>We offer this model in many other sizes and colors; please contact us if you have any other requests.<\/li>\n<li>&gt;&gt;&gt;Wishful tires<\/li>\n<li>Do you have a specific request regarding tire brand or tire quality? No problem!<\/li>\n<li>We would be happy to create individual complete wheel offers for you :).<\/li>\n<li>The complete wheels are suitable for, among others:<\/li>\n<\/ul>\n<h3>Audi<\/h3>\n<ul>\n<li>Q4 FZ<\/li>\n<\/ul>\n<h3>Skoda<\/h3>\n<ul>\n<li>Enyaq 60 80<\/li>\n<li>VW<\/li>\n<li>ID.4 Pure<\/li>\n<\/ul>","protected":false},"excerpt":{"rendered":"<p>A set (4 pieces) of ready-to-use FF-Wheels complete wheels, professionally mounted and balanced.<\/p>\n<p><strong>Rim details:<\/strong> 8,5&#215;19 Zoll.<br \/><strong>Tire details:<\/strong> Hankook .<\/p>","protected":false},"featured_media":92092,"comment_status":"open","ping_status":"closed","template":"","meta":[],"product_brand":[],"product_cat":[1704,1204,1703],"product_tag":[],"class_list":{"0":"post-91016","1":"product","2":"type-product","3":"status-publish","4":"has-post-thumbnail","6":"product_cat-19-zoll-winterraeder-vw-vw-komplettraeder-winter","7":"product_cat-komplettraeder-winter","8":"product_cat-vw-komplettraeder-winter","9":"product_shipping_class-komplettrad","10":"pa_anzahl-der-komplettraeder-1433","11":"pa_einpresstiefe-et-1508","12":"pa_fahrzeugmarke-vw","13":"pa_felgenbreite-8-5","14":"pa_felgenfarbe-schwarz","15":"pa_felgenhersteller-ff-wheels-2","16":"pa_felgenmodell-ff01","17":"pa_lochzahl-1447","18":"pa_reifenbreite-1453","19":"pa_reifendurchmesser-1436","20":"pa_reifenhersteller-hankook","21":"pa_reifenquerschnitt-1434","22":"pa_reifenspezifikation-winterreifen","23":"pa_zollgroesse-1448","25":"first","26":"instock","27":"sale","28":"taxable","29":"shipping-taxable","30":"purchasable","31":"product-type-simple"},"yoast_head":"<title>FF01 19 Zoll Felgen Winterr\u00e4der HANKOOK 235 255 Komplettr\u00e4der VW ID4 ID.4 Pure g\u00fcnstig kaufen - Felgenforum<\/title>\n<meta name=\"description\" content=\"FF01 19 Zoll Winterr\u00e4der mit Hankook Reifen f\u00fcr VW ID.4 Pure. Erleben Sie maximale Sicherheit und Performance im Winter. Jetzt bei uns g\u00fcnstig kaufen!\" \/>\n<meta name=\"robots\" content=\"index, follow, max-snippet:-1, max-image-preview:large, max-video-preview:-1\" \/>\n<link rel=\"canonical\" href=\"https:\/\/felgenforum.shop\/en\/product\/ff01-19-zoll-felgen-winterraeder-hankook-235-255-komplettraeder-vw-id4-id-4-pure-2\/\" \/>\n<meta property=\"og:locale\" content=\"en_GB\" \/>\n<meta property=\"og:type\" content=\"article\" \/>\n<meta property=\"og:title\" content=\"FF01 19 Zoll Felgen Winterr\u00e4der HANKOOK 235 255 Komplettr\u00e4der VW ID4 ID.4 Pure g\u00fcnstig kaufen - Felgenforum\" \/>\n<meta property=\"og:description\" content=\"FF01 19 Zoll Winterr\u00e4der mit Hankook Reifen f\u00fcr VW ID.4 Pure. Erleben Sie maximale Sicherheit und Performance im Winter. Jetzt bei uns g\u00fcnstig kaufen!\" \/>\n<meta property=\"og:url\" content=\"https:\/\/felgenforum.shop\/en\/product\/ff01-19-zoll-felgen-winterraeder-hankook-235-255-komplettraeder-vw-id4-id-4-pure-2\/\" \/>\n<meta property=\"og:site_name\" content=\"Felgenforum\" \/>\n<meta property=\"article:modified_time\" content=\"2026-04-25T13:13:45+00:00\" \/>\n<meta property=\"og:image\" content=\"https:\/\/felgenforum.shop\/wp-content\/uploads\/2025\/09\/57-6391.webp\" \/>\n\t<meta property=\"og:image:width\" content=\"994\" \/>\n\t<meta property=\"og:image:height\" content=\"1000\" \/>\n\t<meta property=\"og:image:type\" content=\"image\/webp\" \/>\n<meta name=\"twitter:card\" content=\"summary_large_image\" \/>\n<meta name=\"twitter:label1\" content=\"Est. reading time\" \/>\n\t<meta name=\"twitter:data1\" content=\"1 minute\" \/>\n<script type=\"application\/ld+json\" class=\"yoast-schema-graph\">{\"@context\":\"https:\\\/\\\/schema.org\",\"@graph\":[{\"@type\":\"WebPage\",\"@id\":\"https:\\\/\\\/felgenforum.shop\\\/produkt\\\/ff01-19-zoll-felgen-winterraeder-hankook-235-255-komplettraeder-vw-id4-id-4-pure-2\\\/\",\"url\":\"https:\\\/\\\/felgenforum.shop\\\/produkt\\\/ff01-19-zoll-felgen-winterraeder-hankook-235-255-komplettraeder-vw-id4-id-4-pure-2\\\/\",\"name\":\"FF01 19 Zoll Felgen Winterr\u00e4der HANKOOK 235 255 Komplettr\u00e4der VW ID4 ID.4 Pure g\u00fcnstig kaufen - Felgenforum\",\"isPartOf\":{\"@id\":\"https:\\\/\\\/felgenforum.shop\\\/#website\"},\"primaryImageOfPage\":{\"@id\":\"https:\\\/\\\/felgenforum.shop\\\/produkt\\\/ff01-19-zoll-felgen-winterraeder-hankook-235-255-komplettraeder-vw-id4-id-4-pure-2\\\/#primaryimage\"},\"image\":{\"@id\":\"https:\\\/\\\/felgenforum.shop\\\/produkt\\\/ff01-19-zoll-felgen-winterraeder-hankook-235-255-komplettraeder-vw-id4-id-4-pure-2\\\/#primaryimage\"},\"thumbnailUrl\":\"https:\\\/\\\/felgenforum.shop\\\/wp-content\\\/uploads\\\/2025\\\/09\\\/57-6391.webp\",\"datePublished\":\"2025-09-15T05:46:38+00:00\",\"dateModified\":\"2026-04-25T13:13:45+00:00\",\"description\":\"FF01 19 Zoll Winterr\u00e4der mit Hankook Reifen f\u00fcr VW ID.4 Pure. Erleben Sie maximale Sicherheit und Performance im Winter. Jetzt bei uns g\u00fcnstig kaufen!\",\"breadcrumb\":{\"@id\":\"https:\\\/\\\/felgenforum.shop\\\/produkt\\\/ff01-19-zoll-felgen-winterraeder-hankook-235-255-komplettraeder-vw-id4-id-4-pure-2\\\/#breadcrumb\"},\"inLanguage\":\"en-GB\",\"potentialAction\":[{\"@type\":\"ReadAction\",\"target\":[\"https:\\\/\\\/felgenforum.shop\\\/produkt\\\/ff01-19-zoll-felgen-winterraeder-hankook-235-255-komplettraeder-vw-id4-id-4-pure-2\\\/\"]}]},{\"@type\":\"ImageObject\",\"inLanguage\":\"en-GB\",\"@id\":\"https:\\\/\\\/felgenforum.shop\\\/produkt\\\/ff01-19-zoll-felgen-winterraeder-hankook-235-255-komplettraeder-vw-id4-id-4-pure-2\\\/#primaryimage\",\"url\":\"https:\\\/\\\/felgenforum.shop\\\/wp-content\\\/uploads\\\/2025\\\/09\\\/57-6391.webp\",\"contentUrl\":\"https:\\\/\\\/felgenforum.shop\\\/wp-content\\\/uploads\\\/2025\\\/09\\\/57-6391.webp\",\"width\":994,\"height\":1000,\"caption\":\"FF01 19 Zoll Felgen Winterr\u00e4der HANKOOK Komplettr\u00e4der f\u00fcr VW ID.4 Pure\"},{\"@type\":\"BreadcrumbList\",\"@id\":\"https:\\\/\\\/felgenforum.shop\\\/produkt\\\/ff01-19-zoll-felgen-winterraeder-hankook-235-255-komplettraeder-vw-id4-id-4-pure-2\\\/#breadcrumb\",\"itemListElement\":[{\"@type\":\"ListItem\",\"position\":1,\"name\":\"Startseite\",\"item\":\"https:\\\/\\\/felgenforum.shop\\\/\"},{\"@type\":\"ListItem\",\"position\":2,\"name\":\"Shop\",\"item\":\"https:\\\/\\\/felgenforum.shop\\\/shop\\\/\"},{\"@type\":\"ListItem\",\"position\":3,\"name\":\"FF01 19 Zoll Felgen Winterr\u00e4der HANKOOK 235 255 Komplettr\u00e4der VW ID4 ID.4 Pure\"}]},{\"@type\":\"WebSite\",\"@id\":\"https:\\\/\\\/felgenforum.shop\\\/#website\",\"url\":\"https:\\\/\\\/felgenforum.shop\\\/\",\"name\":\"Felgenforum\",\"description\":\"\",\"potentialAction\":[{\"@type\":\"SearchAction\",\"target\":{\"@type\":\"EntryPoint\",\"urlTemplate\":\"https:\\\/\\\/felgenforum.shop\\\/?s={search_term_string}\"},\"query-input\":{\"@type\":\"PropertyValueSpecification\",\"valueRequired\":true,\"valueName\":\"search_term_string\"}}],\"inLanguage\":\"en-GB\"}]}<\/script>","yoast_head_json":{"title":"FF01 19 Zoll Felgen Winterr\u00e4der HANKOOK 235 255 Komplettr\u00e4der VW ID4 ID.4 Pure g\u00fcnstig kaufen - Felgenforum","description":"FF01 19 Zoll Winterr\u00e4der mit Hankook Reifen f\u00fcr VW ID.4 Pure. Erleben Sie maximale Sicherheit und Performance im Winter. Jetzt bei uns g\u00fcnstig kaufen!","robots":{"index":"index","follow":"follow","max-snippet":"max-snippet:-1","max-image-preview":"max-image-preview:large","max-video-preview":"max-video-preview:-1"},"canonical":"https:\/\/felgenforum.shop\/en\/product\/ff01-19-zoll-felgen-winterraeder-hankook-235-255-komplettraeder-vw-id4-id-4-pure-2\/","og_locale":"en_GB","og_type":"article","og_title":"FF01 19 Zoll Felgen Winterr\u00e4der HANKOOK 235 255 Komplettr\u00e4der VW ID4 ID.4 Pure g\u00fcnstig kaufen - Felgenforum","og_description":"FF01 19 Zoll Winterr\u00e4der mit Hankook Reifen f\u00fcr VW ID.4 Pure. Erleben Sie maximale Sicherheit und Performance im Winter. Jetzt bei uns g\u00fcnstig kaufen!","og_url":"https:\/\/felgenforum.shop\/en\/product\/ff01-19-zoll-felgen-winterraeder-hankook-235-255-komplettraeder-vw-id4-id-4-pure-2\/","og_site_name":"Felgenforum","article_modified_time":"2026-04-25T13:13:45+00:00","og_image":[{"width":994,"height":1000,"url":"https:\/\/felgenforum.shop\/wp-content\/uploads\/2025\/09\/57-6391.webp","type":"image\/webp"}],"twitter_card":"summary_large_image","twitter_misc":{"Est. reading time":"1 minute"},"schema":{"@context":"https:\/\/schema.org","@graph":[{"@type":"WebPage","@id":"https:\/\/felgenforum.shop\/produkt\/ff01-19-zoll-felgen-winterraeder-hankook-235-255-komplettraeder-vw-id4-id-4-pure-2\/","url":"https:\/\/felgenforum.shop\/produkt\/ff01-19-zoll-felgen-winterraeder-hankook-235-255-komplettraeder-vw-id4-id-4-pure-2\/","name":"FF01 19 Zoll Felgen Winterr\u00e4der HANKOOK 235 255 Komplettr\u00e4der VW ID4 ID.4 Pure g\u00fcnstig kaufen - Felgenforum","isPartOf":{"@id":"https:\/\/felgenforum.shop\/#website"},"primaryImageOfPage":{"@id":"https:\/\/felgenforum.shop\/produkt\/ff01-19-zoll-felgen-winterraeder-hankook-235-255-komplettraeder-vw-id4-id-4-pure-2\/#primaryimage"},"image":{"@id":"https:\/\/felgenforum.shop\/produkt\/ff01-19-zoll-felgen-winterraeder-hankook-235-255-komplettraeder-vw-id4-id-4-pure-2\/#primaryimage"},"thumbnailUrl":"https:\/\/felgenforum.shop\/wp-content\/uploads\/2025\/09\/57-6391.webp","datePublished":"2025-09-15T05:46:38+00:00","dateModified":"2026-04-25T13:13:45+00:00","description":"FF01 19 Zoll Winterr\u00e4der mit Hankook Reifen f\u00fcr VW ID.4 Pure. Erleben Sie maximale Sicherheit und Performance im Winter. Jetzt bei uns g\u00fcnstig kaufen!","breadcrumb":{"@id":"https:\/\/felgenforum.shop\/produkt\/ff01-19-zoll-felgen-winterraeder-hankook-235-255-komplettraeder-vw-id4-id-4-pure-2\/#breadcrumb"},"inLanguage":"en-GB","potentialAction":[{"@type":"ReadAction","target":["https:\/\/felgenforum.shop\/produkt\/ff01-19-zoll-felgen-winterraeder-hankook-235-255-komplettraeder-vw-id4-id-4-pure-2\/"]}]},{"@type":"ImageObject","inLanguage":"en-GB","@id":"https:\/\/felgenforum.shop\/produkt\/ff01-19-zoll-felgen-winterraeder-hankook-235-255-komplettraeder-vw-id4-id-4-pure-2\/#primaryimage","url":"https:\/\/felgenforum.shop\/wp-content\/uploads\/2025\/09\/57-6391.webp","contentUrl":"https:\/\/felgenforum.shop\/wp-content\/uploads\/2025\/09\/57-6391.webp","width":994,"height":1000,"caption":"FF01 19 Zoll Felgen Winterr\u00e4der HANKOOK Komplettr\u00e4der f\u00fcr VW ID.4 Pure"},{"@type":"BreadcrumbList","@id":"https:\/\/felgenforum.shop\/produkt\/ff01-19-zoll-felgen-winterraeder-hankook-235-255-komplettraeder-vw-id4-id-4-pure-2\/#breadcrumb","itemListElement":[{"@type":"ListItem","position":1,"name":"Startseite","item":"https:\/\/felgenforum.shop\/"},{"@type":"ListItem","position":2,"name":"Shop","item":"https:\/\/felgenforum.shop\/shop\/"},{"@type":"ListItem","position":3,"name":"FF01 19 Zoll Felgen Winterr\u00e4der HANKOOK 235 255 Komplettr\u00e4der VW ID4 ID.4 Pure"}]},{"@type":"WebSite","@id":"https:\/\/felgenforum.shop\/#website","url":"https:\/\/felgenforum.shop\/","name":"Rim forum","description":"","potentialAction":[{"@type":"SearchAction","target":{"@type":"EntryPoint","urlTemplate":"https:\/\/felgenforum.shop\/?s={search_term_string}"},"query-input":{"@type":"PropertyValueSpecification","valueRequired":true,"valueName":"search_term_string"}}],"inLanguage":"en-GB"}]}},"_links":{"self":[{"href":"https:\/\/felgenforum.shop\/en\/wp-json\/wp\/v2\/product\/91016","targetHints":{"allow":["GET"]}}],"collection":[{"href":"https:\/\/felgenforum.shop\/en\/wp-json\/wp\/v2\/product"}],"about":[{"href":"https:\/\/felgenforum.shop\/en\/wp-json\/wp\/v2\/types\/product"}],"replies":[{"embeddable":true,"href":"https:\/\/felgenforum.shop\/en\/wp-json\/wp\/v2\/comments?post=91016"}],"wp:featuredmedia":[{"embeddable":true,"href":"https:\/\/felgenforum.shop\/en\/wp-json\/wp\/v2\/media\/92092"}],"wp:attachment":[{"href":"https:\/\/felgenforum.shop\/en\/wp-json\/wp\/v2\/media?parent=91016"}],"wp:term":[{"taxonomy":"product_brand","embeddable":true,"href":"https:\/\/felgenforum.shop\/en\/wp-json\/wp\/v2\/product_brand?post=91016"},{"taxonomy":"product_cat","embeddable":true,"href":"https:\/\/felgenforum.shop\/en\/wp-json\/wp\/v2\/product_cat?post=91016"},{"taxonomy":"product_tag","embeddable":true,"href":"https:\/\/felgenforum.shop\/en\/wp-json\/wp\/v2\/product_tag?post=91016"}],"curies":[{"name":"wp","href":"https:\/\/api.w.org\/{rel}","templated":true}]}}