{"id":90443,"date":"2025-09-15T04:08:58","date_gmt":"2025-09-15T02:08:58","guid":{"rendered":"https:\/\/felgenforum.shop\/?post_type=product&p=90443"},"modified":"2026-04-05T18:14:31","modified_gmt":"2026-04-05T16:14:31","slug":"dm08-19-zoll-winterreifen-hankook-winterkomplettraeder-audi-rs3-gy-8y-2","status":"publish","type":"product","link":"https:\/\/felgenforum.shop\/en\/product\/dm08-19-zoll-winterreifen-hankook-winterkomplettraeder-audi-rs3-gy-8y-2\/","title":{"rendered":"DM08 19 Zoll Winterreifen Hankook Winterkomplettr\u00e4der Audi RS3 GY 8Y"},"content":{"rendered":"<h3>Welcome to an offer from Felgenforum.shop<\/h3>\n<p>In diesem Angebote bieten wir Ihnen hier\u00a0einen NEUEN Satz Winterkomplettr\u00e4der in schwarz glanz\u00a0inkl Gutachten an.<\/p>\n<p>4x fully pre-assembled and balanced complete wheels<\/p>\n<p>consisting of:<\/p>\n<p>2x Alufelge DM08 schwarz 8,5&#215;19 ET45 LK5\/112<\/p>\n<p>+<\/p>\n<p>2x Alufelge DM08 schwarz 8,5&#215;19 ET30 LK5\/112<\/p>\n<p>+<\/p>\n<p>4x Winterreifen 235\/35 R19 91W\u00a0Winter I*CEPT EVO3 (W330) XL<\/p>\n<p>fully assembled and balanced<\/p>\n<p>(including black weights and black metal valves)<\/p>\n<p>NEW &amp; in original packaging.<\/p>\n<h3>Scope of delivery:<\/h3>\n<ul>\n<li>2 x DM08 schwarz 8,5&#215;19 ET45 LK5\/112<\/li>\n<li>2 x DM08 schwarz 8,5&#215;19 ET30 LK5\/112<\/li>\n<li>Complete mounting hardware (if required according to the ABE)<\/li>\n<li>4x Winterreifen Winter I*CEPT EVO3 (W330) XL\u00a0235\/35 R19 91W<\/li>\n<li>4x Damina hubcaps<\/li>\n<li>(Vehicle manufacturer&#039;s hubcap not included)<\/li>\n<li>1x Expert report (ABE)<\/li>\n<li>Da die Kombination mit 2 verschiedenen Einpresstiefen gemacht wird, muss das ganze beim T\u00dcV eingetragen werden. Bei Fragen zur Passgenauigkeit oder eventuellen Eintragungen steht unser erfahrenes Team sehr gerne zur Verf\u00fcgung:).<\/li>\n<li>Please be sure to specify your vehicle after purchase.<\/li>\n<li>We offer this model in many other sizes and colors; please contact us if you have any other requests.<\/li>\n<li>&gt;&gt;&gt;Wishful tires<\/li>\n<li>Do you have a specific request regarding tire brand or tire quality? No problem!<\/li>\n<li>We would be happy to create individual complete wheel offers for you :).<\/li>\n<li>Bitte teilen Sie uns mit ob die optionale Keramikbremse verbaut ist und ob das Fahrzeug die Ausstattung mit der aktiven Reifendruckkontrolle hat. Reifendrucksensoren bieten wir optional f\u00fcr 139\u20ac im Set an.<\/li>\n<li>The complete wheels are suitable for, among others:<\/li>\n<\/ul>\n<h3>Audi<\/h3>\n<ul>\n<li>RS3\u00a0 GY 8Y<\/li>\n<\/ul>","protected":false},"excerpt":{"rendered":"<p>A set (4 pieces) of ready-to-drive FF Wheels complete wheels, professionally mounted and balanced.<\/p>\n<p><strong>Rim details:<\/strong> 8,5&#215;19 Zoll, Lochkreis 112.<br \/><strong>Tire details:<\/strong> Hankook .<\/p>","protected":false},"featured_media":90449,"comment_status":"open","ping_status":"closed","template":"","meta":[],"product_brand":[],"product_cat":[1510,1509,1204],"product_tag":[],"class_list":{"0":"post-90443","1":"product","2":"type-product","3":"status-publish","4":"has-post-thumbnail","6":"product_cat-19-zoll-winterraeder-audi-audi-komplettraeder-winter","7":"product_cat-audi-komplettraeder-winter","8":"product_cat-komplettraeder-winter","9":"pa_anzahl-der-komplettraeder-1433","10":"pa_einpresstiefe-et-1508","11":"pa_externes-rollger-db-klass-b","12":"pa_fahrzeugmarke-audi","13":"pa_felgenbreite-8-5","14":"pa_felgenhersteller-ff-wheels","15":"pa_felgenmaterial-aluminium","16":"pa_felgenmodell-dm08","17":"pa_geschwindigkeitsindex-v-bis-240-km-h","18":"pa_herstellernummer-felge-1505","19":"pa_herstellernummer-reifen-tageseinkauf","20":"pa_kraftstoff-a-g-c","21":"pa_lastbereich-xl","22":"pa_lochkreis-1439","23":"pa_lochzahl-1447","24":"pa_nasshaft-a-g-c","25":"pa_reifenbreite-1511","26":"pa_reifendurchmesser-1436","27":"pa_reifenhersteller-hankook","28":"pa_reifenquerschnitt-1434","29":"pa_reifenspezifikation-winterreifen","30":"pa_run-flat-nein","31":"pa_zollgroesse-1448","33":"first","34":"instock","35":"sale","36":"taxable","37":"shipping-taxable","38":"purchasable","39":"product-type-simple"},"yoast_head":"<!-- This site is optimized with the Yoast SEO plugin v27.2 - https:\/\/yoast.com\/product\/yoast-seo-wordpress\/ -->\n<title>DM08 19 Zoll Winterreifen Hankook Winterkomplettr\u00e4der Audi RS3 GY 8Y g\u00fcnstig kaufen - Felgenforum<\/title>\n<meta name=\"description\" content=\"DM08 19 Zoll Winterreifen Hankook Winterkomplettr\u00e4der Audi RS3 GY 8Y online bestellen \u2794 Gepr\u00fcfte Qualit\u00e4t, Top Marken &amp; schneller Versand \u2714 Jetzt sicher bei Felgenforum kaufen!\" \/>\n<meta name=\"robots\" content=\"index, follow, max-snippet:-1, max-image-preview:large, max-video-preview:-1\" \/>\n<link rel=\"canonical\" href=\"https:\/\/felgenforum.shop\/en\/?post_type=product&p=90443\" \/>\n<meta property=\"og:locale\" content=\"en_GB\" \/>\n<meta property=\"og:type\" content=\"article\" \/>\n<meta property=\"og:title\" content=\"DM08 19 Zoll Winterreifen Hankook Winterkomplettr\u00e4der Audi RS3 GY 8Y g\u00fcnstig kaufen - Felgenforum\" \/>\n<meta property=\"og:description\" content=\"DM08 19 Zoll Winterreifen Hankook Winterkomplettr\u00e4der Audi RS3 GY 8Y online bestellen \u2794 Gepr\u00fcfte Qualit\u00e4t, Top Marken &amp; schneller Versand \u2714 Jetzt sicher bei Felgenforum kaufen!\" \/>\n<meta property=\"og:url\" content=\"https:\/\/felgenforum.shop\/en\/?post_type=product&amp;p=90443\" \/>\n<meta property=\"og:site_name\" content=\"Felgenforum\" \/>\n<meta property=\"article:modified_time\" content=\"2026-04-05T16:14:31+00:00\" \/>\n<meta property=\"og:image\" content=\"https:\/\/felgenforum.shop\/wp-content\/uploads\/2025\/09\/57-361.png\" \/>\n\t<meta property=\"og:image:width\" content=\"1130\" \/>\n\t<meta property=\"og:image:height\" content=\"1000\" \/>\n\t<meta property=\"og:image:type\" content=\"image\/png\" \/>\n<meta name=\"twitter:card\" content=\"summary_large_image\" \/>\n<meta name=\"twitter:label1\" content=\"Est. reading time\" \/>\n\t<meta name=\"twitter:data1\" content=\"1 minute\" \/>\n<script type=\"application\/ld+json\" class=\"yoast-schema-graph\">{\"@context\":\"https:\/\/schema.org\",\"@graph\":[{\"@type\":\"WebPage\",\"@id\":\"https:\/\/felgenforum.shop\/?post_type=product&p=90443\",\"url\":\"https:\/\/felgenforum.shop\/?post_type=product&p=90443\",\"name\":\"DM08 19 Zoll Winterreifen Hankook Winterkomplettr\u00e4der Audi RS3 GY 8Y g\u00fcnstig kaufen - Felgenforum\",\"isPartOf\":{\"@id\":\"https:\/\/felgenforum.shop\/#website\"},\"primaryImageOfPage\":{\"@id\":\"https:\/\/felgenforum.shop\/?post_type=product&p=90443#primaryimage\"},\"image\":{\"@id\":\"https:\/\/felgenforum.shop\/?post_type=product&p=90443#primaryimage\"},\"thumbnailUrl\":\"https:\/\/felgenforum.shop\/wp-content\/uploads\/2025\/09\/57-361.webp\",\"datePublished\":\"2025-09-15T02:08:58+00:00\",\"dateModified\":\"2026-04-05T16:14:31+00:00\",\"description\":\"DM08 19 Zoll Winterreifen Hankook Winterkomplettr\u00e4der Audi RS3 GY 8Y online bestellen \u2794 Gepr\u00fcfte Qualit\u00e4t, Top Marken & schneller Versand \u2714 Jetzt sicher bei Felgenforum kaufen!\",\"breadcrumb\":{\"@id\":\"https:\/\/felgenforum.shop\/?post_type=product&p=90443#breadcrumb\"},\"inLanguage\":\"en-GB\",\"potentialAction\":[{\"@type\":\"ReadAction\",\"target\":[\"https:\/\/felgenforum.shop\/?post_type=product&p=90443\"]}]},{\"@type\":\"ImageObject\",\"inLanguage\":\"en-GB\",\"@id\":\"https:\/\/felgenforum.shop\/?post_type=product&p=90443#primaryimage\",\"url\":\"https:\/\/felgenforum.shop\/wp-content\/uploads\/2025\/09\/57-361.webp\",\"contentUrl\":\"https:\/\/felgenforum.shop\/wp-content\/uploads\/2025\/09\/57-361.webp\",\"width\":1130,\"height\":1000},{\"@type\":\"BreadcrumbList\",\"@id\":\"https:\/\/felgenforum.shop\/?post_type=product&p=90443#breadcrumb\",\"itemListElement\":[{\"@type\":\"ListItem\",\"position\":1,\"name\":\"Startseite\",\"item\":\"https:\/\/felgenforum.shop\/\"},{\"@type\":\"ListItem\",\"position\":2,\"name\":\"Shop\",\"item\":\"https:\/\/felgenforum.shop\/shop\/\"},{\"@type\":\"ListItem\",\"position\":3,\"name\":\"DM08 19 Zoll Winterreifen Hankook Winterkomplettr\u00e4der Audi RS3 GY 8Y\"}]},{\"@type\":\"WebSite\",\"@id\":\"https:\/\/felgenforum.shop\/#website\",\"url\":\"https:\/\/felgenforum.shop\/\",\"name\":\"Felgenforum\",\"description\":\"\",\"potentialAction\":[{\"@type\":\"SearchAction\",\"target\":{\"@type\":\"EntryPoint\",\"urlTemplate\":\"https:\/\/felgenforum.shop\/?s={search_term_string}\"},\"query-input\":{\"@type\":\"PropertyValueSpecification\",\"valueRequired\":true,\"valueName\":\"search_term_string\"}}],\"inLanguage\":\"en-GB\"}]}<\/script>\n<!-- \/ Yoast SEO plugin. -->","yoast_head_json":{"title":"DM08 19 Zoll Winterreifen Hankook Winterkomplettr\u00e4der Audi RS3 GY 8Y g\u00fcnstig kaufen - Felgenforum","description":"DM08 19 Zoll Winterreifen Hankook Winterkomplettr\u00e4der Audi RS3 GY 8Y online bestellen \u2794 Gepr\u00fcfte Qualit\u00e4t, Top Marken & schneller Versand \u2714 Jetzt sicher bei Felgenforum kaufen!","robots":{"index":"index","follow":"follow","max-snippet":"max-snippet:-1","max-image-preview":"max-image-preview:large","max-video-preview":"max-video-preview:-1"},"canonical":"https:\/\/felgenforum.shop\/en\/?post_type=product&p=90443","og_locale":"en_GB","og_type":"article","og_title":"DM08 19 Zoll Winterreifen Hankook Winterkomplettr\u00e4der Audi RS3 GY 8Y g\u00fcnstig kaufen - Felgenforum","og_description":"DM08 19 Zoll Winterreifen Hankook Winterkomplettr\u00e4der Audi RS3 GY 8Y online bestellen \u2794 Gepr\u00fcfte Qualit\u00e4t, Top Marken & schneller Versand \u2714 Jetzt sicher bei Felgenforum kaufen!","og_url":"https:\/\/felgenforum.shop\/en\/?post_type=product&p=90443","og_site_name":"Felgenforum","article_modified_time":"2026-04-05T16:14:31+00:00","og_image":[{"width":1130,"height":1000,"url":"https:\/\/felgenforum.shop\/wp-content\/uploads\/2025\/09\/57-361.png","type":"image\/png"}],"twitter_card":"summary_large_image","twitter_misc":{"Est. reading time":"1 minute"},"schema":{"@context":"https:\/\/schema.org","@graph":[{"@type":"WebPage","@id":"https:\/\/felgenforum.shop\/?post_type=product&p=90443","url":"https:\/\/felgenforum.shop\/?post_type=product&p=90443","name":"DM08 19 Zoll Winterreifen Hankook Winterkomplettr\u00e4der Audi RS3 GY 8Y g\u00fcnstig kaufen - Felgenforum","isPartOf":{"@id":"https:\/\/felgenforum.shop\/#website"},"primaryImageOfPage":{"@id":"https:\/\/felgenforum.shop\/?post_type=product&p=90443#primaryimage"},"image":{"@id":"https:\/\/felgenforum.shop\/?post_type=product&p=90443#primaryimage"},"thumbnailUrl":"https:\/\/felgenforum.shop\/wp-content\/uploads\/2025\/09\/57-361.webp","datePublished":"2025-09-15T02:08:58+00:00","dateModified":"2026-04-05T16:14:31+00:00","description":"DM08 19 Zoll Winterreifen Hankook Winterkomplettr\u00e4der Audi RS3 GY 8Y online bestellen \u2794 Gepr\u00fcfte Qualit\u00e4t, Top Marken & schneller Versand \u2714 Jetzt sicher bei Felgenforum kaufen!","breadcrumb":{"@id":"https:\/\/felgenforum.shop\/?post_type=product&p=90443#breadcrumb"},"inLanguage":"en-GB","potentialAction":[{"@type":"ReadAction","target":["https:\/\/felgenforum.shop\/?post_type=product&p=90443"]}]},{"@type":"ImageObject","inLanguage":"en-GB","@id":"https:\/\/felgenforum.shop\/?post_type=product&p=90443#primaryimage","url":"https:\/\/felgenforum.shop\/wp-content\/uploads\/2025\/09\/57-361.webp","contentUrl":"https:\/\/felgenforum.shop\/wp-content\/uploads\/2025\/09\/57-361.webp","width":1130,"height":1000},{"@type":"BreadcrumbList","@id":"https:\/\/felgenforum.shop\/?post_type=product&p=90443#breadcrumb","itemListElement":[{"@type":"ListItem","position":1,"name":"Startseite","item":"https:\/\/felgenforum.shop\/"},{"@type":"ListItem","position":2,"name":"Shop","item":"https:\/\/felgenforum.shop\/shop\/"},{"@type":"ListItem","position":3,"name":"DM08 19 Zoll Winterreifen Hankook Winterkomplettr\u00e4der Audi RS3 GY 8Y"}]},{"@type":"WebSite","@id":"https:\/\/felgenforum.shop\/#website","url":"https:\/\/felgenforum.shop\/","name":"Rim forum","description":"","potentialAction":[{"@type":"SearchAction","target":{"@type":"EntryPoint","urlTemplate":"https:\/\/felgenforum.shop\/?s={search_term_string}"},"query-input":{"@type":"PropertyValueSpecification","valueRequired":true,"valueName":"search_term_string"}}],"inLanguage":"en-GB"}]}},"_links":{"self":[{"href":"https:\/\/felgenforum.shop\/en\/wp-json\/wp\/v2\/product\/90443","targetHints":{"allow":["GET"]}}],"collection":[{"href":"https:\/\/felgenforum.shop\/en\/wp-json\/wp\/v2\/product"}],"about":[{"href":"https:\/\/felgenforum.shop\/en\/wp-json\/wp\/v2\/types\/product"}],"replies":[{"embeddable":true,"href":"https:\/\/felgenforum.shop\/en\/wp-json\/wp\/v2\/comments?post=90443"}],"wp:featuredmedia":[{"embeddable":true,"href":"https:\/\/felgenforum.shop\/en\/wp-json\/wp\/v2\/media\/90449"}],"wp:attachment":[{"href":"https:\/\/felgenforum.shop\/en\/wp-json\/wp\/v2\/media?parent=90443"}],"wp:term":[{"taxonomy":"product_brand","embeddable":true,"href":"https:\/\/felgenforum.shop\/en\/wp-json\/wp\/v2\/product_brand?post=90443"},{"taxonomy":"product_cat","embeddable":true,"href":"https:\/\/felgenforum.shop\/en\/wp-json\/wp\/v2\/product_cat?post=90443"},{"taxonomy":"product_tag","embeddable":true,"href":"https:\/\/felgenforum.shop\/en\/wp-json\/wp\/v2\/product_tag?post=90443"}],"curies":[{"name":"wp","href":"https:\/\/api.w.org\/{rel}","templated":true}]}}