{"id":90034,"date":"2025-09-15T01:32:09","date_gmt":"2025-09-14T23:32:09","guid":{"rendered":"https:\/\/felgenforum.shop\/?post_type=product&#038;p=90034"},"modified":"2026-04-25T15:12:59","modified_gmt":"2026-04-25T13:12:59","slug":"kt15-19-zoll-felgen-4-winterraeder-hankook-255-35-komplettraeder-mercedes-cls-w218","status":"publish","type":"product","link":"https:\/\/felgenforum.shop\/en\/product\/kt15-19-zoll-felgen-4-winterraeder-hankook-255-35-komplettraeder-mercedes-cls-w218\/","title":{"rendered":"KT15 19-inch rims, 4 winter tires, Hankook 255\/35 complete wheels for Mercedes CLS W218"},"content":{"rendered":"<h3>Welcome to an offer from Felgenforum.shop<\/h3>\n<p>In this offer we offer you a NEW set of complete winter wheels in glossy black including ABE (German type approval).<\/p>\n<p>4x fully pre-assembled and balanced complete wheels<\/p>\n<p>consisting of:<\/p>\n<p>4x Alufelge Keskin KT15 schwarz poliert 8,5&#215;19 ET30LK5\/112<\/p>\n<p>+<\/p>\n<p>4x Winter tires 255\/35 R19 96V HANKOOK Winter I*CEPT EVO3 W330 XL<\/p>\n<p>fully assembled and balanced<\/p>\n<p>(including black weights and black metal valves)<\/p>\n<p>NEW<\/p>\n<p>TPMS available on request for an additional \u20ac139\/set<\/p>\n<h3>Scope of delivery:<\/h3>\n<ul>\n<li>4 x Keskin KT15 8,5&#215;19 ET30 5&#215;112 schwarz poliert<\/li>\n<li>Complete mounting hardware (if required according to the ABE)<\/li>\n<li>4x Hankook Winter I*CEPT EVO3 winter tires 255\/35 R19 96V<\/li>\n<li>4x Keskin hubcaps<\/li>\n<li>(Vehicle manufacturer&#039;s hubcap not included)<\/li>\n<li>1x Expert report (ABE)<\/li>\n<li>In most cases, the complete wheel sets are therefore registration-free. If you have any questions about fitment or any registration requirements, our experienced team will be happy to assist you :).<\/li>\n<li>Please be sure to specify your vehicle after purchase.<\/li>\n<li>We offer this model in many other sizes and colors; please contact us if you have any other requests.<\/li>\n<li>&gt;&gt;&gt;Wishful tires<\/li>\n<li>Do you have a specific request regarding tire brand or tire quality? No problem!<\/li>\n<li>We would be happy to create individual complete wheel offers for you :).<\/li>\n<li>The complete wheels are suitable for, among others:<\/li>\n<\/ul>\n<h3>Audi<\/h3>\n<ul>\n<li>A4 B8<\/li>\n<li>TT 8J 8S<\/li>\n<li>A6 S6 4F<\/li>\n<\/ul>","protected":false},"excerpt":{"rendered":"<p>A set (4 pieces) of ready-to-ride Keskin complete wheels, professionally mounted and balanced.<\/p>\n<p><strong>Rim details:<\/strong> 8,5&#215;19 Zoll, Lochkreis 112.<br \/><strong>Tire details:<\/strong> Hankook .<\/p>","protected":false},"featured_media":90035,"comment_status":"open","ping_status":"closed","template":"","meta":[],"product_brand":[],"product_cat":[1180,1086,1179],"product_tag":[],"class_list":{"0":"post-90034","1":"product","2":"type-product","3":"status-publish","4":"has-post-thumbnail","6":"product_cat-19-zoll","7":"product_cat-felgen","8":"product_cat-mercedes","9":"product_shipping_class-komplettrad","10":"pa_anzahl-der-komplettraeder-1433","11":"pa_einpresstiefe-et-1450","12":"pa_fahrzeugmarke-mercedes","13":"pa_felgenbreite-8-5","14":"pa_felgenfarbe-schwarz-poliert","15":"pa_felgenhersteller-keskin","16":"pa_felgenmaterial-aluminium","17":"pa_felgenmodell-kt15","18":"pa_geschwindigkeitsindex-v-bis-240-km-h","19":"pa_herstellernummer-felge-kt158519511230bfp","20":"pa_lastbereich-xl","21":"pa_lochkreis-1439","22":"pa_lochzahl-1447","23":"pa_reifenbreite-1453","24":"pa_reifendurchmesser-1436","25":"pa_reifenhersteller-hankook","26":"pa_reifenquerschnitt-1434","27":"pa_reifenspezifikation-winterreifen","28":"pa_run-flat-nein","29":"pa_tragfaehigkeitsindex-96-max-710-kg-je-reifen","30":"pa_zollgroesse-1448","32":"first","33":"instock","34":"sale","35":"taxable","36":"shipping-taxable","37":"purchasable","38":"product-type-simple"},"yoast_head":"<title>KT15 19 Zoll Felgen 4 Winterr\u00e4der HANKOOK 255\/35 Komplettr\u00e4der Mercedes CLS W218 g\u00fcnstig kaufen - Felgenforum<\/title>\n<meta name=\"description\" content=\"KT15 19 Zoll Felgen Winterr\u00e4der HANKOOK f\u00fcr Mercedes CLS W218. Maximale Sicherheit und sportliches Design im Winter. Jetzt Komplettr\u00e4der online kaufen!\" \/>\n<meta name=\"robots\" content=\"index, follow, max-snippet:-1, max-image-preview:large, max-video-preview:-1\" \/>\n<link rel=\"canonical\" href=\"https:\/\/felgenforum.shop\/en\/product\/kt15-19-zoll-felgen-4-winterraeder-hankook-255-35-komplettraeder-mercedes-cls-w218\/\" \/>\n<meta property=\"og:locale\" content=\"en_GB\" \/>\n<meta property=\"og:type\" content=\"article\" \/>\n<meta property=\"og:title\" content=\"KT15 19 Zoll Felgen 4 Winterr\u00e4der HANKOOK 255\/35 Komplettr\u00e4der Mercedes CLS W218 g\u00fcnstig kaufen - Felgenforum\" \/>\n<meta property=\"og:description\" content=\"KT15 19 Zoll Felgen Winterr\u00e4der HANKOOK f\u00fcr Mercedes CLS W218. Maximale Sicherheit und sportliches Design im Winter. Jetzt Komplettr\u00e4der online kaufen!\" \/>\n<meta property=\"og:url\" content=\"https:\/\/felgenforum.shop\/en\/product\/kt15-19-zoll-felgen-4-winterraeder-hankook-255-35-komplettraeder-mercedes-cls-w218\/\" \/>\n<meta property=\"og:site_name\" content=\"Felgenforum\" \/>\n<meta property=\"article:modified_time\" content=\"2026-04-25T13:12:59+00:00\" \/>\n<meta property=\"og:image\" content=\"https:\/\/felgenforum.shop\/wp-content\/uploads\/2025\/09\/57-5387.webp\" \/>\n\t<meta property=\"og:image:width\" content=\"1077\" \/>\n\t<meta property=\"og:image:height\" content=\"1000\" \/>\n\t<meta property=\"og:image:type\" content=\"image\/webp\" \/>\n<meta name=\"twitter:card\" content=\"summary_large_image\" \/>\n<meta name=\"twitter:label1\" content=\"Est. reading time\" \/>\n\t<meta name=\"twitter:data1\" content=\"1 minute\" \/>\n<script type=\"application\/ld+json\" class=\"yoast-schema-graph\">{\"@context\":\"https:\\\/\\\/schema.org\",\"@graph\":[{\"@type\":\"WebPage\",\"@id\":\"https:\\\/\\\/felgenforum.shop\\\/produkt\\\/kt15-19-zoll-felgen-4-winterraeder-hankook-255-35-komplettraeder-mercedes-cls-w218\\\/\",\"url\":\"https:\\\/\\\/felgenforum.shop\\\/produkt\\\/kt15-19-zoll-felgen-4-winterraeder-hankook-255-35-komplettraeder-mercedes-cls-w218\\\/\",\"name\":\"KT15 19 Zoll Felgen 4 Winterr\u00e4der HANKOOK 255\\\/35 Komplettr\u00e4der Mercedes CLS W218 g\u00fcnstig kaufen - Felgenforum\",\"isPartOf\":{\"@id\":\"https:\\\/\\\/felgenforum.shop\\\/#website\"},\"primaryImageOfPage\":{\"@id\":\"https:\\\/\\\/felgenforum.shop\\\/produkt\\\/kt15-19-zoll-felgen-4-winterraeder-hankook-255-35-komplettraeder-mercedes-cls-w218\\\/#primaryimage\"},\"image\":{\"@id\":\"https:\\\/\\\/felgenforum.shop\\\/produkt\\\/kt15-19-zoll-felgen-4-winterraeder-hankook-255-35-komplettraeder-mercedes-cls-w218\\\/#primaryimage\"},\"thumbnailUrl\":\"https:\\\/\\\/felgenforum.shop\\\/wp-content\\\/uploads\\\/2025\\\/09\\\/57-5387.webp\",\"datePublished\":\"2025-09-14T23:32:09+00:00\",\"dateModified\":\"2026-04-25T13:12:59+00:00\",\"description\":\"KT15 19 Zoll Felgen Winterr\u00e4der HANKOOK f\u00fcr Mercedes CLS W218. Maximale Sicherheit und sportliches Design im Winter. Jetzt Komplettr\u00e4der online kaufen!\",\"breadcrumb\":{\"@id\":\"https:\\\/\\\/felgenforum.shop\\\/produkt\\\/kt15-19-zoll-felgen-4-winterraeder-hankook-255-35-komplettraeder-mercedes-cls-w218\\\/#breadcrumb\"},\"inLanguage\":\"en-GB\",\"potentialAction\":[{\"@type\":\"ReadAction\",\"target\":[\"https:\\\/\\\/felgenforum.shop\\\/produkt\\\/kt15-19-zoll-felgen-4-winterraeder-hankook-255-35-komplettraeder-mercedes-cls-w218\\\/\"]}]},{\"@type\":\"ImageObject\",\"inLanguage\":\"en-GB\",\"@id\":\"https:\\\/\\\/felgenforum.shop\\\/produkt\\\/kt15-19-zoll-felgen-4-winterraeder-hankook-255-35-komplettraeder-mercedes-cls-w218\\\/#primaryimage\",\"url\":\"https:\\\/\\\/felgenforum.shop\\\/wp-content\\\/uploads\\\/2025\\\/09\\\/57-5387.webp\",\"contentUrl\":\"https:\\\/\\\/felgenforum.shop\\\/wp-content\\\/uploads\\\/2025\\\/09\\\/57-5387.webp\",\"width\":1077,\"height\":1000,\"caption\":\"KT15 19 Zoll Komplettr\u00e4der mit Hankook Winterreifen f\u00fcr Mercedes CLS W218\"},{\"@type\":\"BreadcrumbList\",\"@id\":\"https:\\\/\\\/felgenforum.shop\\\/produkt\\\/kt15-19-zoll-felgen-4-winterraeder-hankook-255-35-komplettraeder-mercedes-cls-w218\\\/#breadcrumb\",\"itemListElement\":[{\"@type\":\"ListItem\",\"position\":1,\"name\":\"Startseite\",\"item\":\"https:\\\/\\\/felgenforum.shop\\\/\"},{\"@type\":\"ListItem\",\"position\":2,\"name\":\"Shop\",\"item\":\"https:\\\/\\\/felgenforum.shop\\\/shop\\\/\"},{\"@type\":\"ListItem\",\"position\":3,\"name\":\"KT15 19 Zoll Felgen 4 Winterr\u00e4der HANKOOK 255\\\/35 Komplettr\u00e4der Mercedes CLS W218\"}]},{\"@type\":\"WebSite\",\"@id\":\"https:\\\/\\\/felgenforum.shop\\\/#website\",\"url\":\"https:\\\/\\\/felgenforum.shop\\\/\",\"name\":\"Felgenforum\",\"description\":\"\",\"potentialAction\":[{\"@type\":\"SearchAction\",\"target\":{\"@type\":\"EntryPoint\",\"urlTemplate\":\"https:\\\/\\\/felgenforum.shop\\\/?s={search_term_string}\"},\"query-input\":{\"@type\":\"PropertyValueSpecification\",\"valueRequired\":true,\"valueName\":\"search_term_string\"}}],\"inLanguage\":\"en-GB\"}]}<\/script>","yoast_head_json":{"title":"KT15 19 Zoll Felgen 4 Winterr\u00e4der HANKOOK 255\/35 Komplettr\u00e4der Mercedes CLS W218 g\u00fcnstig kaufen - Felgenforum","description":"KT15 19 Zoll Felgen Winterr\u00e4der HANKOOK f\u00fcr Mercedes CLS W218. Maximale Sicherheit und sportliches Design im Winter. Jetzt Komplettr\u00e4der online kaufen!","robots":{"index":"index","follow":"follow","max-snippet":"max-snippet:-1","max-image-preview":"max-image-preview:large","max-video-preview":"max-video-preview:-1"},"canonical":"https:\/\/felgenforum.shop\/en\/product\/kt15-19-zoll-felgen-4-winterraeder-hankook-255-35-komplettraeder-mercedes-cls-w218\/","og_locale":"en_GB","og_type":"article","og_title":"KT15 19 Zoll Felgen 4 Winterr\u00e4der HANKOOK 255\/35 Komplettr\u00e4der Mercedes CLS W218 g\u00fcnstig kaufen - Felgenforum","og_description":"KT15 19 Zoll Felgen Winterr\u00e4der HANKOOK f\u00fcr Mercedes CLS W218. Maximale Sicherheit und sportliches Design im Winter. Jetzt Komplettr\u00e4der online kaufen!","og_url":"https:\/\/felgenforum.shop\/en\/product\/kt15-19-zoll-felgen-4-winterraeder-hankook-255-35-komplettraeder-mercedes-cls-w218\/","og_site_name":"Felgenforum","article_modified_time":"2026-04-25T13:12:59+00:00","og_image":[{"width":1077,"height":1000,"url":"https:\/\/felgenforum.shop\/wp-content\/uploads\/2025\/09\/57-5387.webp","type":"image\/webp"}],"twitter_card":"summary_large_image","twitter_misc":{"Est. reading time":"1 minute"},"schema":{"@context":"https:\/\/schema.org","@graph":[{"@type":"WebPage","@id":"https:\/\/felgenforum.shop\/produkt\/kt15-19-zoll-felgen-4-winterraeder-hankook-255-35-komplettraeder-mercedes-cls-w218\/","url":"https:\/\/felgenforum.shop\/produkt\/kt15-19-zoll-felgen-4-winterraeder-hankook-255-35-komplettraeder-mercedes-cls-w218\/","name":"KT15 19 Zoll Felgen 4 Winterr\u00e4der HANKOOK 255\/35 Komplettr\u00e4der Mercedes CLS W218 g\u00fcnstig kaufen - Felgenforum","isPartOf":{"@id":"https:\/\/felgenforum.shop\/#website"},"primaryImageOfPage":{"@id":"https:\/\/felgenforum.shop\/produkt\/kt15-19-zoll-felgen-4-winterraeder-hankook-255-35-komplettraeder-mercedes-cls-w218\/#primaryimage"},"image":{"@id":"https:\/\/felgenforum.shop\/produkt\/kt15-19-zoll-felgen-4-winterraeder-hankook-255-35-komplettraeder-mercedes-cls-w218\/#primaryimage"},"thumbnailUrl":"https:\/\/felgenforum.shop\/wp-content\/uploads\/2025\/09\/57-5387.webp","datePublished":"2025-09-14T23:32:09+00:00","dateModified":"2026-04-25T13:12:59+00:00","description":"KT15 19 Zoll Felgen Winterr\u00e4der HANKOOK f\u00fcr Mercedes CLS W218. Maximale Sicherheit und sportliches Design im Winter. Jetzt Komplettr\u00e4der online kaufen!","breadcrumb":{"@id":"https:\/\/felgenforum.shop\/produkt\/kt15-19-zoll-felgen-4-winterraeder-hankook-255-35-komplettraeder-mercedes-cls-w218\/#breadcrumb"},"inLanguage":"en-GB","potentialAction":[{"@type":"ReadAction","target":["https:\/\/felgenforum.shop\/produkt\/kt15-19-zoll-felgen-4-winterraeder-hankook-255-35-komplettraeder-mercedes-cls-w218\/"]}]},{"@type":"ImageObject","inLanguage":"en-GB","@id":"https:\/\/felgenforum.shop\/produkt\/kt15-19-zoll-felgen-4-winterraeder-hankook-255-35-komplettraeder-mercedes-cls-w218\/#primaryimage","url":"https:\/\/felgenforum.shop\/wp-content\/uploads\/2025\/09\/57-5387.webp","contentUrl":"https:\/\/felgenforum.shop\/wp-content\/uploads\/2025\/09\/57-5387.webp","width":1077,"height":1000,"caption":"KT15 19 Zoll Komplettr\u00e4der mit Hankook Winterreifen f\u00fcr Mercedes CLS W218"},{"@type":"BreadcrumbList","@id":"https:\/\/felgenforum.shop\/produkt\/kt15-19-zoll-felgen-4-winterraeder-hankook-255-35-komplettraeder-mercedes-cls-w218\/#breadcrumb","itemListElement":[{"@type":"ListItem","position":1,"name":"Startseite","item":"https:\/\/felgenforum.shop\/"},{"@type":"ListItem","position":2,"name":"Shop","item":"https:\/\/felgenforum.shop\/shop\/"},{"@type":"ListItem","position":3,"name":"KT15 19 Zoll Felgen 4 Winterr\u00e4der HANKOOK 255\/35 Komplettr\u00e4der Mercedes CLS W218"}]},{"@type":"WebSite","@id":"https:\/\/felgenforum.shop\/#website","url":"https:\/\/felgenforum.shop\/","name":"Rim forum","description":"","potentialAction":[{"@type":"SearchAction","target":{"@type":"EntryPoint","urlTemplate":"https:\/\/felgenforum.shop\/?s={search_term_string}"},"query-input":{"@type":"PropertyValueSpecification","valueRequired":true,"valueName":"search_term_string"}}],"inLanguage":"en-GB"}]}},"_links":{"self":[{"href":"https:\/\/felgenforum.shop\/en\/wp-json\/wp\/v2\/product\/90034","targetHints":{"allow":["GET"]}}],"collection":[{"href":"https:\/\/felgenforum.shop\/en\/wp-json\/wp\/v2\/product"}],"about":[{"href":"https:\/\/felgenforum.shop\/en\/wp-json\/wp\/v2\/types\/product"}],"replies":[{"embeddable":true,"href":"https:\/\/felgenforum.shop\/en\/wp-json\/wp\/v2\/comments?post=90034"}],"wp:featuredmedia":[{"embeddable":true,"href":"https:\/\/felgenforum.shop\/en\/wp-json\/wp\/v2\/media\/90035"}],"wp:attachment":[{"href":"https:\/\/felgenforum.shop\/en\/wp-json\/wp\/v2\/media?parent=90034"}],"wp:term":[{"taxonomy":"product_brand","embeddable":true,"href":"https:\/\/felgenforum.shop\/en\/wp-json\/wp\/v2\/product_brand?post=90034"},{"taxonomy":"product_cat","embeddable":true,"href":"https:\/\/felgenforum.shop\/en\/wp-json\/wp\/v2\/product_cat?post=90034"},{"taxonomy":"product_tag","embeddable":true,"href":"https:\/\/felgenforum.shop\/en\/wp-json\/wp\/v2\/product_tag?post=90034"}],"curies":[{"name":"wp","href":"https:\/\/api.w.org\/{rel}","templated":true}]}}