{"id":89991,"date":"2025-09-15T01:17:17","date_gmt":"2025-09-14T23:17:17","guid":{"rendered":"https:\/\/felgenforum.shop\/?post_type=product&p=89991"},"modified":"2026-04-05T18:15:29","modified_gmt":"2026-04-05T16:15:29","slug":"4x-19-zoll-felgen-ff-wheels-ff02-schwarz-fuer-bmw-x1-ix1-x2-f48-u10-u11-f39-m-u1x","status":"publish","type":"product","link":"https:\/\/felgenforum.shop\/en\/product\/4x-19-zoll-felgen-ff-wheels-ff02-schwarz-fuer-bmw-x1-ix1-x2-f48-u10-u11-f39-m-u1x\/","title":{"rendered":"4x 19 Zoll Felgen FF Wheels FF02 schwarz f\u00fcr BMW X1 iX1 X2 F48 U10 U11 F39 M U1X"},"content":{"rendered":"<h3>Welcome to an offer from Felgenforum.shop<\/h3>\n<p>In diesem Angebote bieten wir Ihnen hier\u00a0einen NEUEN Satz FF-Wheels FF02\u00a0Alufelgen in\u00a0schwarz gl\u00e4nzend\u00a0inkl ABE an.<\/p>\n<p>NEW &amp; in original packaging.<\/p>\n<h3>Scope of delivery:<\/h3>\n<ul>\n<li>4 x\u00a0FF-Wheels FF02\u00a08,5&#215;19 ET45 5&#215;112 schwarz gl\u00e4nzend<\/li>\n<li>Complete mounting hardware (if required according to the ABE)<\/li>\n<li>4x Hubcaps FF-Wheels FF02<\/li>\n<li>(Vehicle manufacturer&#039;s hubcap not included)<\/li>\n<li>1x Expert report (ABE)<\/li>\n<li>In most cases, the rims are therefore registration-free. If you have any questions about fitment or any registration requirements, our experienced team will be happy to help :).<\/li>\n<li>Please be sure to specify your vehicle after purchase.<\/li>\n<li>We offer this model in many other sizes and colors; please contact us if you have any other requests.<\/li>\n<\/ul>\n<h3>&gt;&gt;&gt;Complete wheels<\/h3>\n<h3>We are happy to offer you the desired rims as ready-to-install complete wheels with a tire of your choice.<\/h3>\n<p>Feel free to send us a non-binding inquiry :).<\/p>\n<p>The rims are the correct size for the following vehicles:<\/p>\n<h3>Audi<\/h3>\n<ul>\n<li>A3 S3 8P 8P1 8V GY\u00a0<\/li>\n<li>RS3 8P 8V Sportback<\/li>\n<li>A4 S4 B8 B81<\/li>\n<li>A6 (S6 4F) 4F 4F1 C6 4G 4G1 C7 F2 C8<\/li>\n<li>A8 4E<\/li>\n<li>TT TTS TTRS 8J<\/li>\n<li>TT 8S<\/li>\n<li>Q2 SQ2 GA<\/li>\n<li>Q3 8U 8U1<\/li>\n<li>Q4 ZF<\/li>\n<\/ul>\n<h3>Volkswagen<\/h3>\n<ul>\n<li>Beetle 2<\/li>\n<li>EOS 1F<\/li>\n<li>Golf 6 7 8 in all versions<\/li>\n<li>ID.3<\/li>\n<li>ID.4<\/li>\n<li>Jetta 1KM 16 16H<\/li>\n<li>Passat B6 B7 B8 B9<\/li>\n<li>Phaeton 3D<\/li>\n<li>Tiguan 5N1<\/li>\n<li>Touran 1T<\/li>\n<li>T-ROC (R) A1<\/li>\n<\/ul>\n<h3>Mercedes Benz<\/h3>\n<ul>\n<li>A-Class W176 W177<\/li>\n<li>B Class W245 W246 W247<\/li>\n<li>C-Class W204 W205 all body styles<\/li>\n<li>CLA Class C117 C118<\/li>\n<li>E-Class W212 W213 all body styles<\/li>\n<li>CL Class C215<\/li>\n<li>EQA250 F2B<\/li>\n<li>EQB<\/li>\n<li>GLA 245G F2B<\/li>\n<li>GLB F2B<\/li>\n<li>GLK X204<\/li>\n<li>S-Class W220<\/li>\n<li>Vito 639 W447 Up to axle load 1500KG<\/li>\n<li>V Class W447 Up to axle load 1500KG<\/li>\n<li>Seat (Cupra)<\/li>\n<li>Born<\/li>\n<li>Ateca 5FP<\/li>\n<li>Leon 1P 5F KL<\/li>\n<\/ul>\n<h3>Skoda<\/h3>\n<ul>\n<li>Octavia 5E NX<\/li>\n<li>Superb 2 3 4 3T<\/li>\n<li>Yeti 5L<\/li>\n<li>Karoq NU<\/li>\n<\/ul>\n<h3>BMW<\/h3>\n<ul>\n<li>X1 F48 U11<\/li>\n<li>iX1 U11<\/li>\n<li>X2 F39<\/li>\n<\/ul>","protected":false},"excerpt":{"rendered":"<p>Ein Satz (4 St\u00fcck) hochwertige Marken-Alufelgen, Modell FF02, in der Gr\u00f6\u00dfe 8,5&#215;19 Zoll, Lochkreis 112 mit 5 Loch. Professionell gepr\u00fcft und versandfertig verpackt.<\/p>","protected":false},"featured_media":89996,"comment_status":"open","ping_status":"closed","template":"","meta":[],"product_brand":[],"product_cat":[1561,2011,1501,1086,1092,1717],"product_tag":[],"class_list":{"0":"post-89991","1":"product","2":"type-product","3":"status-publish","4":"has-post-thumbnail","6":"product_cat-19-zoll-bmw-felgen","7":"product_cat-19-zoll-ff02-felgen","8":"product_cat-bmw-felgen","9":"product_cat-felgen","10":"product_cat-ff-wheels","11":"product_cat-ff02","12":"pa_anzahl-der-einheiten-1484","13":"pa_einpresstiefe-et-1508","14":"pa_fahrzeugmarke-bmw","15":"pa_farbe-schwarz","16":"pa_felgenaufbau-einteilig-gegossen","17":"pa_felgenbreite-8-5","18":"pa_felgendesign-multi-speichen-felge","19":"pa_felgenmaterial-aluminium","20":"pa_felgenmodell-ff02","21":"pa_hersteller-ff-wheels","22":"pa_herstellergarantie-ja-zwei-jahre","23":"pa_herstellernummer-2186","24":"pa_im-lieferumfang-enthalten-bolzen","25":"pa_kompatibler-radschraubent-radbolzen","26":"pa_lochkreis-1439","27":"pa_lochzahl-1447","28":"pa_maximale-traglast-1554","29":"pa_mit-deckel-ja-nein-ja-von-ff-wheels","30":"pa_mittenlochbohrung-666-mm","31":"pa_modell-ff02","32":"pa_produktart-kreuzspeiche","33":"pa_zollgroesse-1448","35":"first","36":"instock","37":"taxable","38":"shipping-taxable","39":"purchasable","40":"product-type-simple"},"yoast_head":"<!-- This site is optimized with the Yoast SEO plugin v27.2 - https:\/\/yoast.com\/product\/yoast-seo-wordpress\/ -->\n<title>4x 19 Zoll Felgen FF Wheels FF02 schwarz f\u00fcr BMW X1 iX1 X2 F48 U10 U11 F39 M U1X g\u00fcnstig kaufen - Felgenforum<\/title>\n<meta name=\"description\" content=\"4x 19 Zoll Felgen FF Wheels FF02 schwarz f\u00fcr BMW X1 iX1 X2 F48 U10 U11 F39 M U1X online bestellen \u2794 Gepr\u00fcfte Qualit\u00e4t, Top Marken &amp; schneller Versand \u2714 Jetzt sicher bei Felgenforum kaufen!\" \/>\n<meta name=\"robots\" content=\"index, follow, max-snippet:-1, max-image-preview:large, max-video-preview:-1\" \/>\n<link rel=\"canonical\" href=\"https:\/\/felgenforum.shop\/en\/?post_type=product&p=89991\" \/>\n<meta property=\"og:locale\" content=\"en_GB\" \/>\n<meta property=\"og:type\" content=\"article\" \/>\n<meta property=\"og:title\" content=\"4x 19 Zoll Felgen FF Wheels FF02 schwarz f\u00fcr BMW X1 iX1 X2 F48 U10 U11 F39 M U1X g\u00fcnstig kaufen - Felgenforum\" \/>\n<meta property=\"og:description\" content=\"4x 19 Zoll Felgen FF Wheels FF02 schwarz f\u00fcr BMW X1 iX1 X2 F48 U10 U11 F39 M U1X online bestellen \u2794 Gepr\u00fcfte Qualit\u00e4t, Top Marken &amp; schneller Versand \u2714 Jetzt sicher bei Felgenforum kaufen!\" \/>\n<meta property=\"og:url\" content=\"https:\/\/felgenforum.shop\/en\/?post_type=product&amp;p=89991\" \/>\n<meta property=\"og:site_name\" content=\"Felgenforum\" \/>\n<meta property=\"article:modified_time\" content=\"2026-04-05T16:15:29+00:00\" \/>\n<meta property=\"og:image\" content=\"https:\/\/felgenforum.shop\/wp-content\/uploads\/2025\/09\/57-5375.jpg\" \/>\n\t<meta property=\"og:image:width\" content=\"1051\" \/>\n\t<meta property=\"og:image:height\" content=\"1000\" \/>\n\t<meta property=\"og:image:type\" content=\"image\/jpeg\" \/>\n<meta name=\"twitter:card\" content=\"summary_large_image\" \/>\n<meta name=\"twitter:label1\" content=\"Est. reading time\" \/>\n\t<meta name=\"twitter:data1\" content=\"2 minutes\" \/>\n<script type=\"application\/ld+json\" class=\"yoast-schema-graph\">{\"@context\":\"https:\/\/schema.org\",\"@graph\":[{\"@type\":\"WebPage\",\"@id\":\"https:\/\/felgenforum.shop\/?post_type=product&p=89991\",\"url\":\"https:\/\/felgenforum.shop\/?post_type=product&p=89991\",\"name\":\"4x 19 Zoll Felgen FF Wheels FF02 schwarz f\u00fcr BMW X1 iX1 X2 F48 U10 U11 F39 M U1X g\u00fcnstig kaufen - Felgenforum\",\"isPartOf\":{\"@id\":\"https:\/\/felgenforum.shop\/#website\"},\"primaryImageOfPage\":{\"@id\":\"https:\/\/felgenforum.shop\/?post_type=product&p=89991#primaryimage\"},\"image\":{\"@id\":\"https:\/\/felgenforum.shop\/?post_type=product&p=89991#primaryimage\"},\"thumbnailUrl\":\"https:\/\/felgenforum.shop\/wp-content\/uploads\/2025\/09\/57-5375.webp\",\"datePublished\":\"2025-09-14T23:17:17+00:00\",\"dateModified\":\"2026-04-05T16:15:29+00:00\",\"description\":\"4x 19 Zoll Felgen FF Wheels FF02 schwarz f\u00fcr BMW X1 iX1 X2 F48 U10 U11 F39 M U1X online bestellen \u2794 Gepr\u00fcfte Qualit\u00e4t, Top Marken & schneller Versand \u2714 Jetzt sicher bei Felgenforum kaufen!\",\"breadcrumb\":{\"@id\":\"https:\/\/felgenforum.shop\/?post_type=product&p=89991#breadcrumb\"},\"inLanguage\":\"en-GB\",\"potentialAction\":[{\"@type\":\"ReadAction\",\"target\":[\"https:\/\/felgenforum.shop\/?post_type=product&p=89991\"]}]},{\"@type\":\"ImageObject\",\"inLanguage\":\"en-GB\",\"@id\":\"https:\/\/felgenforum.shop\/?post_type=product&p=89991#primaryimage\",\"url\":\"https:\/\/felgenforum.shop\/wp-content\/uploads\/2025\/09\/57-5375.webp\",\"contentUrl\":\"https:\/\/felgenforum.shop\/wp-content\/uploads\/2025\/09\/57-5375.webp\",\"width\":1051,\"height\":1000},{\"@type\":\"BreadcrumbList\",\"@id\":\"https:\/\/felgenforum.shop\/?post_type=product&p=89991#breadcrumb\",\"itemListElement\":[{\"@type\":\"ListItem\",\"position\":1,\"name\":\"Startseite\",\"item\":\"https:\/\/felgenforum.shop\/\"},{\"@type\":\"ListItem\",\"position\":2,\"name\":\"Shop\",\"item\":\"https:\/\/felgenforum.shop\/shop\/\"},{\"@type\":\"ListItem\",\"position\":3,\"name\":\"4x 19 Zoll Felgen FF Wheels FF02 schwarz f\u00fcr BMW X1 iX1 X2 F48 U10 U11 F39 M U1X\"}]},{\"@type\":\"WebSite\",\"@id\":\"https:\/\/felgenforum.shop\/#website\",\"url\":\"https:\/\/felgenforum.shop\/\",\"name\":\"Felgenforum\",\"description\":\"\",\"potentialAction\":[{\"@type\":\"SearchAction\",\"target\":{\"@type\":\"EntryPoint\",\"urlTemplate\":\"https:\/\/felgenforum.shop\/?s={search_term_string}\"},\"query-input\":{\"@type\":\"PropertyValueSpecification\",\"valueRequired\":true,\"valueName\":\"search_term_string\"}}],\"inLanguage\":\"en-GB\"}]}<\/script>\n<!-- \/ Yoast SEO plugin. -->","yoast_head_json":{"title":"4x 19 Zoll Felgen FF Wheels FF02 schwarz f\u00fcr BMW X1 iX1 X2 F48 U10 U11 F39 M U1X g\u00fcnstig kaufen - Felgenforum","description":"4x 19 Zoll Felgen FF Wheels FF02 schwarz f\u00fcr BMW X1 iX1 X2 F48 U10 U11 F39 M U1X online bestellen \u2794 Gepr\u00fcfte Qualit\u00e4t, Top Marken & schneller Versand \u2714 Jetzt sicher bei Felgenforum kaufen!","robots":{"index":"index","follow":"follow","max-snippet":"max-snippet:-1","max-image-preview":"max-image-preview:large","max-video-preview":"max-video-preview:-1"},"canonical":"https:\/\/felgenforum.shop\/en\/?post_type=product&p=89991","og_locale":"en_GB","og_type":"article","og_title":"4x 19 Zoll Felgen FF Wheels FF02 schwarz f\u00fcr BMW X1 iX1 X2 F48 U10 U11 F39 M U1X g\u00fcnstig kaufen - Felgenforum","og_description":"4x 19 Zoll Felgen FF Wheels FF02 schwarz f\u00fcr BMW X1 iX1 X2 F48 U10 U11 F39 M U1X online bestellen \u2794 Gepr\u00fcfte Qualit\u00e4t, Top Marken & schneller Versand \u2714 Jetzt sicher bei Felgenforum kaufen!","og_url":"https:\/\/felgenforum.shop\/en\/?post_type=product&p=89991","og_site_name":"Felgenforum","article_modified_time":"2026-04-05T16:15:29+00:00","og_image":[{"width":1051,"height":1000,"url":"https:\/\/felgenforum.shop\/wp-content\/uploads\/2025\/09\/57-5375.jpg","type":"image\/jpeg"}],"twitter_card":"summary_large_image","twitter_misc":{"Est. reading time":"2 minutes"},"schema":{"@context":"https:\/\/schema.org","@graph":[{"@type":"WebPage","@id":"https:\/\/felgenforum.shop\/?post_type=product&p=89991","url":"https:\/\/felgenforum.shop\/?post_type=product&p=89991","name":"4x 19 Zoll Felgen FF Wheels FF02 schwarz f\u00fcr BMW X1 iX1 X2 F48 U10 U11 F39 M U1X g\u00fcnstig kaufen - Felgenforum","isPartOf":{"@id":"https:\/\/felgenforum.shop\/#website"},"primaryImageOfPage":{"@id":"https:\/\/felgenforum.shop\/?post_type=product&p=89991#primaryimage"},"image":{"@id":"https:\/\/felgenforum.shop\/?post_type=product&p=89991#primaryimage"},"thumbnailUrl":"https:\/\/felgenforum.shop\/wp-content\/uploads\/2025\/09\/57-5375.webp","datePublished":"2025-09-14T23:17:17+00:00","dateModified":"2026-04-05T16:15:29+00:00","description":"4x 19 Zoll Felgen FF Wheels FF02 schwarz f\u00fcr BMW X1 iX1 X2 F48 U10 U11 F39 M U1X online bestellen \u2794 Gepr\u00fcfte Qualit\u00e4t, Top Marken & schneller Versand \u2714 Jetzt sicher bei Felgenforum kaufen!","breadcrumb":{"@id":"https:\/\/felgenforum.shop\/?post_type=product&p=89991#breadcrumb"},"inLanguage":"en-GB","potentialAction":[{"@type":"ReadAction","target":["https:\/\/felgenforum.shop\/?post_type=product&p=89991"]}]},{"@type":"ImageObject","inLanguage":"en-GB","@id":"https:\/\/felgenforum.shop\/?post_type=product&p=89991#primaryimage","url":"https:\/\/felgenforum.shop\/wp-content\/uploads\/2025\/09\/57-5375.webp","contentUrl":"https:\/\/felgenforum.shop\/wp-content\/uploads\/2025\/09\/57-5375.webp","width":1051,"height":1000},{"@type":"BreadcrumbList","@id":"https:\/\/felgenforum.shop\/?post_type=product&p=89991#breadcrumb","itemListElement":[{"@type":"ListItem","position":1,"name":"Startseite","item":"https:\/\/felgenforum.shop\/"},{"@type":"ListItem","position":2,"name":"Shop","item":"https:\/\/felgenforum.shop\/shop\/"},{"@type":"ListItem","position":3,"name":"4x 19 Zoll Felgen FF Wheels FF02 schwarz f\u00fcr BMW X1 iX1 X2 F48 U10 U11 F39 M U1X"}]},{"@type":"WebSite","@id":"https:\/\/felgenforum.shop\/#website","url":"https:\/\/felgenforum.shop\/","name":"Rim forum","description":"","potentialAction":[{"@type":"SearchAction","target":{"@type":"EntryPoint","urlTemplate":"https:\/\/felgenforum.shop\/?s={search_term_string}"},"query-input":{"@type":"PropertyValueSpecification","valueRequired":true,"valueName":"search_term_string"}}],"inLanguage":"en-GB"}]}},"_links":{"self":[{"href":"https:\/\/felgenforum.shop\/en\/wp-json\/wp\/v2\/product\/89991","targetHints":{"allow":["GET"]}}],"collection":[{"href":"https:\/\/felgenforum.shop\/en\/wp-json\/wp\/v2\/product"}],"about":[{"href":"https:\/\/felgenforum.shop\/en\/wp-json\/wp\/v2\/types\/product"}],"replies":[{"embeddable":true,"href":"https:\/\/felgenforum.shop\/en\/wp-json\/wp\/v2\/comments?post=89991"}],"wp:featuredmedia":[{"embeddable":true,"href":"https:\/\/felgenforum.shop\/en\/wp-json\/wp\/v2\/media\/89996"}],"wp:attachment":[{"href":"https:\/\/felgenforum.shop\/en\/wp-json\/wp\/v2\/media?parent=89991"}],"wp:term":[{"taxonomy":"product_brand","embeddable":true,"href":"https:\/\/felgenforum.shop\/en\/wp-json\/wp\/v2\/product_brand?post=89991"},{"taxonomy":"product_cat","embeddable":true,"href":"https:\/\/felgenforum.shop\/en\/wp-json\/wp\/v2\/product_cat?post=89991"},{"taxonomy":"product_tag","embeddable":true,"href":"https:\/\/felgenforum.shop\/en\/wp-json\/wp\/v2\/product_tag?post=89991"}],"curies":[{"name":"wp","href":"https:\/\/api.w.org\/{rel}","templated":true}]}}