{"id":89542,"date":"2025-09-14T22:36:47","date_gmt":"2025-09-14T20:36:47","guid":{"rendered":"https:\/\/felgenforum.shop\/?post_type=product&p=89542"},"modified":"2026-04-05T18:16:23","modified_gmt":"2026-04-05T16:16:23","slug":"19-zoll-winterraeder-winterraeder-winterreifen-ff01-grau-matt-fuer-bmw-x1-ix1-u1x","status":"publish","type":"product","link":"https:\/\/felgenforum.shop\/en\/product\/19-zoll-winterraeder-winterraeder-winterreifen-ff01-grau-matt-fuer-bmw-x1-ix1-u1x\/","title":{"rendered":"19 Zoll Winterr\u00e4der Winterr\u00e4der Winterreifen FF01 grau matt f\u00fcr BMW X1 ix1 U1X"},"content":{"rendered":"<h3>Welcome to an offer from Felgenforum.shop<\/h3>\n<p>In diesem Angebote bieten wir Ihnen hier\u00a0einen NEUE Winterr\u00e4der FF-Wheels FF01\u00a0Alufelgen in grau matt\u00a0inkl ABE an.<\/p>\n<p>NEW &amp; in original packaging.<\/p>\n<h3>Scope of delivery:<\/h3>\n<ul>\n<li>4 x FF01\u00a08,5&#215;19 ET45 5&#215;112 grau matt<\/li>\n<li>4x Winterreifen\u00a0245\/45R19\u00a093V\u00a0aus aktuellem Tageseinkauf<\/li>\n<li>4x TPMS tire pressure sensors pre-programmed<\/li>\n<li>Complete mounting hardware (if required according to the ABE)<\/li>\n<li>4x Damina hubcaps<\/li>\n<li>1x Expert report (ABE)<\/li>\n<li>In most cases, the rims are therefore registration-free. If you have any questions about fitment or any registration requirements, our experienced team will be happy to help :).<\/li>\n<li>Please be sure to specify your vehicle after purchase.<\/li>\n<li>We offer this model in many other sizes and colors; please contact us if you have any other requests.<\/li>\n<\/ul>\n<h3>&gt;&gt;&gt;Complete wheels<\/h3>\n<h3>We are happy to offer you the desired rims as ready-to-install complete wheels with a tire of your choice.<\/h3>\n<p>Feel free to send us a non-binding inquiry :).<\/p>\n<p>The wheels are the right size for the following vehicles:<\/p>\n<h3>BMW<\/h3>\n<ul>\n<li>X1 &#8211; U1X<\/li>\n<li>ix1 &#8211; U1X<\/li>\n<\/ul>","protected":false},"excerpt":{"rendered":"<p>A set (4 pieces) of ready-to-drive FF Wheels complete wheels, professionally mounted and balanced.<\/p>\n<p><strong>Rim details:<\/strong> 8,5&#215;19 Zoll, Lochkreis 112 mm.<br \/><strong>Tire details:<\/strong> Daily shopping. .<\/p>","protected":false},"featured_media":89547,"comment_status":"open","ping_status":"closed","template":"","meta":[],"product_brand":[],"product_cat":[1263,1205,1204],"product_tag":[],"class_list":{"0":"post-89542","1":"product","2":"type-product","3":"status-publish","4":"has-post-thumbnail","6":"product_cat-19-zoll-winterraeder-bmw","7":"product_cat-bmw","8":"product_cat-komplettraeder-winter","9":"pa_anzahl-der-komplettraeder-1433","10":"pa_einpresstiefe-et-1508","11":"pa_externes-rollger-db-klass-b","12":"pa_fahrzeugmarke-bmw","13":"pa_felgenbreite-8-5","14":"pa_felgenfarbe-grau","15":"pa_felgenhersteller-ff-wheels","16":"pa_felgenmaterial-aluminium","17":"pa_felgenmodell-ff01","18":"pa_geschwindigkeitsindex-v-bis-240-km-h","19":"pa_herstellernummer-felge-1696","20":"pa_herstellernummer-reifen-tageseinkauf","21":"pa_kraftstoff-a-g-c","22":"pa_lastbereich-xl","23":"pa_lochkreis-1439","24":"pa_lochzahl-1447","25":"pa_nasshaft-a-g-c","26":"pa_reifenbreite-1503","27":"pa_reifendurchmesser-1436","28":"pa_reifenhersteller-tageseinkauf","29":"pa_reifenquerschnitt-1504","30":"pa_reifenspezifikation-winterreifen","31":"pa_run-flat-nein","32":"pa_zollgroesse-1448","34":"first","35":"instock","36":"sale","37":"taxable","38":"shipping-taxable","39":"purchasable","40":"product-type-simple"},"yoast_head":"<!-- This site is optimized with the Yoast SEO plugin v27.2 - https:\/\/yoast.com\/product\/yoast-seo-wordpress\/ -->\n<title>19 Zoll Winterr\u00e4der Winterr\u00e4der Winterreifen FF01 grau matt f\u00fcr BMW X1 ix1 U1X g\u00fcnstig kaufen - Felgenforum<\/title>\n<meta name=\"description\" content=\"19 Zoll Winterr\u00e4der Winterr\u00e4der Winterreifen FF01 grau matt f\u00fcr BMW X1 ix1 U1X online bestellen \u2794 Gepr\u00fcfte Qualit\u00e4t, Top Marken &amp; schneller Versand \u2714 Jetzt sicher bei Felgenforum kaufen!\" \/>\n<meta name=\"robots\" content=\"index, follow, max-snippet:-1, max-image-preview:large, max-video-preview:-1\" \/>\n<link rel=\"canonical\" href=\"https:\/\/felgenforum.shop\/en\/?post_type=product&p=89542\" \/>\n<meta property=\"og:locale\" content=\"en_GB\" \/>\n<meta property=\"og:type\" content=\"article\" \/>\n<meta property=\"og:title\" content=\"19 Zoll Winterr\u00e4der Winterr\u00e4der Winterreifen FF01 grau matt f\u00fcr BMW X1 ix1 U1X g\u00fcnstig kaufen - Felgenforum\" \/>\n<meta property=\"og:description\" content=\"19 Zoll Winterr\u00e4der Winterr\u00e4der Winterreifen FF01 grau matt f\u00fcr BMW X1 ix1 U1X online bestellen \u2794 Gepr\u00fcfte Qualit\u00e4t, Top Marken &amp; schneller Versand \u2714 Jetzt sicher bei Felgenforum kaufen!\" \/>\n<meta property=\"og:url\" content=\"https:\/\/felgenforum.shop\/en\/?post_type=product&amp;p=89542\" \/>\n<meta property=\"og:site_name\" content=\"Felgenforum\" \/>\n<meta property=\"article:modified_time\" content=\"2026-04-05T16:16:23+00:00\" \/>\n<meta property=\"og:image\" content=\"https:\/\/felgenforum.shop\/wp-content\/uploads\/2025\/09\/57-5215.jpg\" \/>\n\t<meta property=\"og:image:width\" content=\"1020\" \/>\n\t<meta property=\"og:image:height\" content=\"1000\" \/>\n\t<meta property=\"og:image:type\" content=\"image\/jpeg\" \/>\n<meta name=\"twitter:card\" content=\"summary_large_image\" \/>\n<meta name=\"twitter:label1\" content=\"Est. reading time\" \/>\n\t<meta name=\"twitter:data1\" content=\"1 minute\" \/>\n<script type=\"application\/ld+json\" class=\"yoast-schema-graph\">{\"@context\":\"https:\/\/schema.org\",\"@graph\":[{\"@type\":\"WebPage\",\"@id\":\"https:\/\/felgenforum.shop\/?post_type=product&p=89542\",\"url\":\"https:\/\/felgenforum.shop\/?post_type=product&p=89542\",\"name\":\"19 Zoll Winterr\u00e4der Winterr\u00e4der Winterreifen FF01 grau matt f\u00fcr BMW X1 ix1 U1X g\u00fcnstig kaufen - Felgenforum\",\"isPartOf\":{\"@id\":\"https:\/\/felgenforum.shop\/#website\"},\"primaryImageOfPage\":{\"@id\":\"https:\/\/felgenforum.shop\/?post_type=product&p=89542#primaryimage\"},\"image\":{\"@id\":\"https:\/\/felgenforum.shop\/?post_type=product&p=89542#primaryimage\"},\"thumbnailUrl\":\"https:\/\/felgenforum.shop\/wp-content\/uploads\/2025\/09\/57-5215.webp\",\"datePublished\":\"2025-09-14T20:36:47+00:00\",\"dateModified\":\"2026-04-05T16:16:23+00:00\",\"description\":\"19 Zoll Winterr\u00e4der Winterr\u00e4der Winterreifen FF01 grau matt f\u00fcr BMW X1 ix1 U1X online bestellen \u2794 Gepr\u00fcfte Qualit\u00e4t, Top Marken & schneller Versand \u2714 Jetzt sicher bei Felgenforum kaufen!\",\"breadcrumb\":{\"@id\":\"https:\/\/felgenforum.shop\/?post_type=product&p=89542#breadcrumb\"},\"inLanguage\":\"en-GB\",\"potentialAction\":[{\"@type\":\"ReadAction\",\"target\":[\"https:\/\/felgenforum.shop\/?post_type=product&p=89542\"]}]},{\"@type\":\"ImageObject\",\"inLanguage\":\"en-GB\",\"@id\":\"https:\/\/felgenforum.shop\/?post_type=product&p=89542#primaryimage\",\"url\":\"https:\/\/felgenforum.shop\/wp-content\/uploads\/2025\/09\/57-5215.webp\",\"contentUrl\":\"https:\/\/felgenforum.shop\/wp-content\/uploads\/2025\/09\/57-5215.webp\",\"width\":1020,\"height\":1000},{\"@type\":\"BreadcrumbList\",\"@id\":\"https:\/\/felgenforum.shop\/?post_type=product&p=89542#breadcrumb\",\"itemListElement\":[{\"@type\":\"ListItem\",\"position\":1,\"name\":\"Startseite\",\"item\":\"https:\/\/felgenforum.shop\/\"},{\"@type\":\"ListItem\",\"position\":2,\"name\":\"Shop\",\"item\":\"https:\/\/felgenforum.shop\/shop\/\"},{\"@type\":\"ListItem\",\"position\":3,\"name\":\"19 Zoll Winterr\u00e4der Winterr\u00e4der Winterreifen FF01 grau matt f\u00fcr BMW X1 ix1 U1X\"}]},{\"@type\":\"WebSite\",\"@id\":\"https:\/\/felgenforum.shop\/#website\",\"url\":\"https:\/\/felgenforum.shop\/\",\"name\":\"Felgenforum\",\"description\":\"\",\"potentialAction\":[{\"@type\":\"SearchAction\",\"target\":{\"@type\":\"EntryPoint\",\"urlTemplate\":\"https:\/\/felgenforum.shop\/?s={search_term_string}\"},\"query-input\":{\"@type\":\"PropertyValueSpecification\",\"valueRequired\":true,\"valueName\":\"search_term_string\"}}],\"inLanguage\":\"en-GB\"}]}<\/script>\n<!-- \/ Yoast SEO plugin. -->","yoast_head_json":{"title":"19 Zoll Winterr\u00e4der Winterr\u00e4der Winterreifen FF01 grau matt f\u00fcr BMW X1 ix1 U1X g\u00fcnstig kaufen - Felgenforum","description":"19 Zoll Winterr\u00e4der Winterr\u00e4der Winterreifen FF01 grau matt f\u00fcr BMW X1 ix1 U1X online bestellen \u2794 Gepr\u00fcfte Qualit\u00e4t, Top Marken & schneller Versand \u2714 Jetzt sicher bei Felgenforum kaufen!","robots":{"index":"index","follow":"follow","max-snippet":"max-snippet:-1","max-image-preview":"max-image-preview:large","max-video-preview":"max-video-preview:-1"},"canonical":"https:\/\/felgenforum.shop\/en\/?post_type=product&p=89542","og_locale":"en_GB","og_type":"article","og_title":"19 Zoll Winterr\u00e4der Winterr\u00e4der Winterreifen FF01 grau matt f\u00fcr BMW X1 ix1 U1X g\u00fcnstig kaufen - Felgenforum","og_description":"19 Zoll Winterr\u00e4der Winterr\u00e4der Winterreifen FF01 grau matt f\u00fcr BMW X1 ix1 U1X online bestellen \u2794 Gepr\u00fcfte Qualit\u00e4t, Top Marken & schneller Versand \u2714 Jetzt sicher bei Felgenforum kaufen!","og_url":"https:\/\/felgenforum.shop\/en\/?post_type=product&p=89542","og_site_name":"Felgenforum","article_modified_time":"2026-04-05T16:16:23+00:00","og_image":[{"width":1020,"height":1000,"url":"https:\/\/felgenforum.shop\/wp-content\/uploads\/2025\/09\/57-5215.jpg","type":"image\/jpeg"}],"twitter_card":"summary_large_image","twitter_misc":{"Est. reading time":"1 minute"},"schema":{"@context":"https:\/\/schema.org","@graph":[{"@type":"WebPage","@id":"https:\/\/felgenforum.shop\/?post_type=product&p=89542","url":"https:\/\/felgenforum.shop\/?post_type=product&p=89542","name":"19 Zoll Winterr\u00e4der Winterr\u00e4der Winterreifen FF01 grau matt f\u00fcr BMW X1 ix1 U1X g\u00fcnstig kaufen - Felgenforum","isPartOf":{"@id":"https:\/\/felgenforum.shop\/#website"},"primaryImageOfPage":{"@id":"https:\/\/felgenforum.shop\/?post_type=product&p=89542#primaryimage"},"image":{"@id":"https:\/\/felgenforum.shop\/?post_type=product&p=89542#primaryimage"},"thumbnailUrl":"https:\/\/felgenforum.shop\/wp-content\/uploads\/2025\/09\/57-5215.webp","datePublished":"2025-09-14T20:36:47+00:00","dateModified":"2026-04-05T16:16:23+00:00","description":"19 Zoll Winterr\u00e4der Winterr\u00e4der Winterreifen FF01 grau matt f\u00fcr BMW X1 ix1 U1X online bestellen \u2794 Gepr\u00fcfte Qualit\u00e4t, Top Marken & schneller Versand \u2714 Jetzt sicher bei Felgenforum kaufen!","breadcrumb":{"@id":"https:\/\/felgenforum.shop\/?post_type=product&p=89542#breadcrumb"},"inLanguage":"en-GB","potentialAction":[{"@type":"ReadAction","target":["https:\/\/felgenforum.shop\/?post_type=product&p=89542"]}]},{"@type":"ImageObject","inLanguage":"en-GB","@id":"https:\/\/felgenforum.shop\/?post_type=product&p=89542#primaryimage","url":"https:\/\/felgenforum.shop\/wp-content\/uploads\/2025\/09\/57-5215.webp","contentUrl":"https:\/\/felgenforum.shop\/wp-content\/uploads\/2025\/09\/57-5215.webp","width":1020,"height":1000},{"@type":"BreadcrumbList","@id":"https:\/\/felgenforum.shop\/?post_type=product&p=89542#breadcrumb","itemListElement":[{"@type":"ListItem","position":1,"name":"Startseite","item":"https:\/\/felgenforum.shop\/"},{"@type":"ListItem","position":2,"name":"Shop","item":"https:\/\/felgenforum.shop\/shop\/"},{"@type":"ListItem","position":3,"name":"19 Zoll Winterr\u00e4der Winterr\u00e4der Winterreifen FF01 grau matt f\u00fcr BMW X1 ix1 U1X"}]},{"@type":"WebSite","@id":"https:\/\/felgenforum.shop\/#website","url":"https:\/\/felgenforum.shop\/","name":"Rim forum","description":"","potentialAction":[{"@type":"SearchAction","target":{"@type":"EntryPoint","urlTemplate":"https:\/\/felgenforum.shop\/?s={search_term_string}"},"query-input":{"@type":"PropertyValueSpecification","valueRequired":true,"valueName":"search_term_string"}}],"inLanguage":"en-GB"}]}},"_links":{"self":[{"href":"https:\/\/felgenforum.shop\/en\/wp-json\/wp\/v2\/product\/89542","targetHints":{"allow":["GET"]}}],"collection":[{"href":"https:\/\/felgenforum.shop\/en\/wp-json\/wp\/v2\/product"}],"about":[{"href":"https:\/\/felgenforum.shop\/en\/wp-json\/wp\/v2\/types\/product"}],"replies":[{"embeddable":true,"href":"https:\/\/felgenforum.shop\/en\/wp-json\/wp\/v2\/comments?post=89542"}],"wp:featuredmedia":[{"embeddable":true,"href":"https:\/\/felgenforum.shop\/en\/wp-json\/wp\/v2\/media\/89547"}],"wp:attachment":[{"href":"https:\/\/felgenforum.shop\/en\/wp-json\/wp\/v2\/media?parent=89542"}],"wp:term":[{"taxonomy":"product_brand","embeddable":true,"href":"https:\/\/felgenforum.shop\/en\/wp-json\/wp\/v2\/product_brand?post=89542"},{"taxonomy":"product_cat","embeddable":true,"href":"https:\/\/felgenforum.shop\/en\/wp-json\/wp\/v2\/product_cat?post=89542"},{"taxonomy":"product_tag","embeddable":true,"href":"https:\/\/felgenforum.shop\/en\/wp-json\/wp\/v2\/product_tag?post=89542"}],"curies":[{"name":"wp","href":"https:\/\/api.w.org\/{rel}","templated":true}]}}