{"id":89159,"date":"2025-09-14T20:26:34","date_gmt":"2025-09-14T18:26:34","guid":{"rendered":"https:\/\/felgenforum.shop\/?post_type=product&#038;p=89159"},"modified":"2026-04-25T15:12:24","modified_gmt":"2026-04-25T13:12:24","slug":"18-zoll-felgen-ff-wheels-ff01-schwarz-fuer-audi-a4-s4-a5-s5-b8-b9-q3-8u-f3-s-line","status":"publish","type":"product","link":"https:\/\/felgenforum.shop\/en\/product\/18-zoll-felgen-ff-wheels-ff01-schwarz-fuer-audi-a4-s4-a5-s5-b8-b9-q3-8u-f3-s-line\/","title":{"rendered":"18-inch FF Wheels FF01 black rims for Audi A4 S4 A5 S5 B8 B9 Q3 8U F3 S-Line"},"content":{"rendered":"<h3>Welcome to an offer from Felgenforum.shop<\/h3>\n<p>In this offer we offer you a NEW set of FF Wheels FF01 18 inch alloy wheels in glossy black including ABE.<\/p>\n<p>NEW &amp; in original packaging.<\/p>\n<h3>Scope of delivery:<\/h3>\n<ul>\n<li>4 x FF Wheels FF01 8&#215;18 ET30 5&#215;112 schwarz gl\u00e4nzend<\/li>\n<li>Complete mounting hardware (if required according to the ABE)<\/li>\n<li>4x Hubcaps FF Wheels<\/li>\n<li>(Vehicle manufacturer&#039;s hubcap not included)<\/li>\n<li>1x Expert report (ABE)<\/li>\n<li>In most cases, the rims are therefore registration-free. If you have any questions about fitment or any registration requirements, our experienced team will be happy to help :).<\/li>\n<li>Please be sure to specify your vehicle after purchase.<\/li>\n<li>We offer this model in many other sizes and colors; please contact us if you have any other requests.<\/li>\n<\/ul>\n<h3>&gt;&gt;&gt;Complete wheels<\/h3>\n<h3>We are happy to offer you the desired rims as ready-to-install complete wheels with a tire of your choice.<\/h3>\n<p>Feel free to send us a non-binding inquiry :).<\/p>\n<p>The rims are the correct size for the following vehicles:<\/p>\n<h3>Audi<\/h3>\n<ul>\n<li>A4 S4 B8 B9 B81<\/li>\n<li>A5 S5 B8 B9<\/li>\n<li>A6 S6 4G 4G1 C7 F2 C8<\/li>\n<li>A7 4G 4G1 F2 S7<\/li>\n<li>A8 4H F8 S8<\/li>\n<li>Q3 8U F3<\/li>\n<li>RSQ3 8U<\/li>\n<li>Q5 8R FY SQ5<\/li>\n<\/ul>\n<h3>Volkswagen<\/h3>\n<ul>\n<li>Arteon 3H<\/li>\n<li>Passat CC<\/li>\n<li>Sirocco<\/li>\n<li>Sharan 7N<\/li>\n<li>Phaeton 3D<\/li>\n<li>Tiguan 5N1 5N2 5N3 CT<\/li>\n<\/ul>\n<h3>Mercedes Benz<\/h3>\n<ul>\n<li>C-Class W203\u00a0<\/li>\n<li>CLK W208 W209<\/li>\n<li>E-Class W211 W213 W214<\/li>\n<li>CL Class C216<\/li>\n<li>CLS Class W218 W219<\/li>\n<li>CLK Class W208 W209<\/li>\n<li>GLC W253 X253 W254 X254<\/li>\n<li>S-Class W220 W221 W222<\/li>\n<li>SL R230 R231<\/li>\n<li>SLK SLC R172 R171<\/li>\n<li>Seat<\/li>\n<li>Alahambra<\/li>\n<li>Ateca \/ Cupra<\/li>\n<li>Formentor \/ Cupra<\/li>\n<li>Tarraco<\/li>\n<\/ul>\n<h3>Skoda<\/h3>\n<ul>\n<li>Kodiaq<\/li>\n<li>Superb 4 3T<\/li>\n<\/ul>\n<h3>BMW<\/h3>\n<ul>\n<li>2nd generation G42<\/li>\n<li>3 Series G20 G21 G3C G3K<\/li>\n<li>4er G22 G23 G26<\/li>\n<li>5 Series G30 G31 G60 G61<\/li>\n<li>6 Series C6GT G32<\/li>\n<li>7-series 7L<\/li>\n<li>Z4 G4Z G29<\/li>\n<li>X3 G01<\/li>\n<li>X4 G02<\/li>\n<\/ul>","protected":false},"excerpt":{"rendered":"<p>Ein Satz (4 St\u00fcck) hochwertige Marken-Alufelgen, Modell FF01, in der Gr\u00f6\u00dfe 8&#215;18 Zoll, Lochkreis 112 mm mit 5 Loch. Professionell gepr\u00fcft und versandfertig verpackt.<\/p>","protected":false},"featured_media":98227,"comment_status":"open","ping_status":"closed","template":"","meta":[],"product_brand":[],"product_cat":[1605,1427,1246,1086,1092,1236],"product_tag":[],"class_list":{"0":"post-89159","1":"product","2":"type-product","3":"status-publish","4":"has-post-thumbnail","6":"product_cat-18-zoll-audi","7":"product_cat-18-zoll-ff01-felgen","8":"product_cat-audi","9":"product_cat-felgen","10":"product_cat-ff-wheels","11":"product_cat-ff01","12":"product_shipping_class-felge","13":"pa_anzahl-der-einheiten-1484","14":"pa_einpresstiefe-et-1450","15":"pa_fahrzeugmarke-audi","16":"pa_farbe-schwarz","17":"pa_felgenaufbau-einteilig-gegossen","18":"pa_felgenbreite-1474","19":"pa_felgendesign-multi-speichen-felge","20":"pa_felgenfarbe-schwarz","21":"pa_felgenmaterial-aluminium","22":"pa_felgenmodell-ff01","23":"pa_hersteller-ff-wheels","24":"pa_herstellergarantie-2-jahre","25":"pa_herstellernummer-2144","26":"pa_im-lieferumfang-enthalten-nabendeckel","27":"pa_kompatibler-radschraubent-radbolzen","28":"pa_lochkreis-1439","29":"pa_lochzahl-1447","30":"pa_maximale-traglast-1554","31":"pa_mittenlochbohrung-666-mm","32":"pa_modell-ff01","33":"pa_zollgroesse-1482","35":"first","36":"instock","37":"taxable","38":"shipping-taxable","39":"purchasable","40":"product-type-simple"},"yoast_head":"<title>18 Zoll Felgen FF Wheels FF01 schwarz f\u00fcr Audi A4 S4 A5 S5 B8 B9 Q3 8U F3 S-Line g\u00fcnstig kaufen - Felgenforum<\/title>\n<meta name=\"description\" content=\"18 Zoll Felgen FF Wheels FF01 schwarz f\u00fcr Audi A4, S4, A5, S5 &amp; Q3. Sportliches Design und perfekte Passform. Jetzt entdecken und g\u00fcnstig online kaufen!\" \/>\n<meta name=\"robots\" content=\"index, follow, max-snippet:-1, max-image-preview:large, max-video-preview:-1\" \/>\n<link rel=\"canonical\" href=\"https:\/\/felgenforum.shop\/en\/product\/18-zoll-felgen-ff-wheels-ff01-schwarz-fuer-audi-a4-s4-a5-s5-b8-b9-q3-8u-f3-s-line\/\" \/>\n<meta property=\"og:locale\" content=\"en_GB\" \/>\n<meta property=\"og:type\" content=\"article\" \/>\n<meta property=\"og:title\" content=\"18 Zoll Felgen FF Wheels FF01 schwarz f\u00fcr Audi A4 S4 A5 S5 B8 B9 Q3 8U F3 S-Line g\u00fcnstig kaufen - Felgenforum\" \/>\n<meta property=\"og:description\" content=\"18 Zoll Felgen FF Wheels FF01 schwarz f\u00fcr Audi A4, S4, A5, S5 &amp; Q3. Sportliches Design und perfekte Passform. Jetzt entdecken und g\u00fcnstig online kaufen!\" \/>\n<meta property=\"og:url\" content=\"https:\/\/felgenforum.shop\/en\/product\/18-zoll-felgen-ff-wheels-ff01-schwarz-fuer-audi-a4-s4-a5-s5-b8-b9-q3-8u-f3-s-line\/\" \/>\n<meta property=\"og:site_name\" content=\"Felgenforum\" \/>\n<meta property=\"article:modified_time\" content=\"2026-04-25T13:12:24+00:00\" \/>\n<meta property=\"og:image\" content=\"https:\/\/felgenforum.shop\/wp-content\/uploads\/2025\/09\/18-zoll-felgen-ff-wheels-ff01-schwarz-fuer-audi-a4-s4-a5-s5-b8-b9-q3-8u-f3-s-line-featured-1000px.webp\" \/>\n\t<meta property=\"og:image:width\" content=\"1000\" \/>\n\t<meta property=\"og:image:height\" content=\"1000\" \/>\n\t<meta property=\"og:image:type\" content=\"image\/png\" \/>\n<meta name=\"twitter:card\" content=\"summary_large_image\" \/>\n<meta name=\"twitter:label1\" content=\"Est. reading time\" \/>\n\t<meta name=\"twitter:data1\" content=\"2 minutes\" \/>\n<script type=\"application\/ld+json\" class=\"yoast-schema-graph\">{\"@context\":\"https:\\\/\\\/schema.org\",\"@graph\":[{\"@type\":\"WebPage\",\"@id\":\"https:\\\/\\\/felgenforum.shop\\\/produkt\\\/18-zoll-felgen-ff-wheels-ff01-schwarz-fuer-audi-a4-s4-a5-s5-b8-b9-q3-8u-f3-s-line\\\/\",\"url\":\"https:\\\/\\\/felgenforum.shop\\\/produkt\\\/18-zoll-felgen-ff-wheels-ff01-schwarz-fuer-audi-a4-s4-a5-s5-b8-b9-q3-8u-f3-s-line\\\/\",\"name\":\"18 Zoll Felgen FF Wheels FF01 schwarz f\u00fcr Audi A4 S4 A5 S5 B8 B9 Q3 8U F3 S-Line g\u00fcnstig kaufen - Felgenforum\",\"isPartOf\":{\"@id\":\"https:\\\/\\\/felgenforum.shop\\\/#website\"},\"primaryImageOfPage\":{\"@id\":\"https:\\\/\\\/felgenforum.shop\\\/produkt\\\/18-zoll-felgen-ff-wheels-ff01-schwarz-fuer-audi-a4-s4-a5-s5-b8-b9-q3-8u-f3-s-line\\\/#primaryimage\"},\"image\":{\"@id\":\"https:\\\/\\\/felgenforum.shop\\\/produkt\\\/18-zoll-felgen-ff-wheels-ff01-schwarz-fuer-audi-a4-s4-a5-s5-b8-b9-q3-8u-f3-s-line\\\/#primaryimage\"},\"thumbnailUrl\":\"https:\\\/\\\/felgenforum.shop\\\/wp-content\\\/uploads\\\/2025\\\/09\\\/18-zoll-felgen-ff-wheels-ff01-schwarz-fuer-audi-a4-s4-a5-s5-b8-b9-q3-8u-f3-s-line-featured-1000px.webp\",\"datePublished\":\"2025-09-14T18:26:34+00:00\",\"dateModified\":\"2026-04-25T13:12:24+00:00\",\"description\":\"18 Zoll Felgen FF Wheels FF01 schwarz f\u00fcr Audi A4, S4, A5, S5 & Q3. Sportliches Design und perfekte Passform. Jetzt entdecken und g\u00fcnstig online kaufen!\",\"breadcrumb\":{\"@id\":\"https:\\\/\\\/felgenforum.shop\\\/produkt\\\/18-zoll-felgen-ff-wheels-ff01-schwarz-fuer-audi-a4-s4-a5-s5-b8-b9-q3-8u-f3-s-line\\\/#breadcrumb\"},\"inLanguage\":\"en-GB\",\"potentialAction\":[{\"@type\":\"ReadAction\",\"target\":[\"https:\\\/\\\/felgenforum.shop\\\/produkt\\\/18-zoll-felgen-ff-wheels-ff01-schwarz-fuer-audi-a4-s4-a5-s5-b8-b9-q3-8u-f3-s-line\\\/\"]}]},{\"@type\":\"ImageObject\",\"inLanguage\":\"en-GB\",\"@id\":\"https:\\\/\\\/felgenforum.shop\\\/produkt\\\/18-zoll-felgen-ff-wheels-ff01-schwarz-fuer-audi-a4-s4-a5-s5-b8-b9-q3-8u-f3-s-line\\\/#primaryimage\",\"url\":\"https:\\\/\\\/felgenforum.shop\\\/wp-content\\\/uploads\\\/2025\\\/09\\\/18-zoll-felgen-ff-wheels-ff01-schwarz-fuer-audi-a4-s4-a5-s5-b8-b9-q3-8u-f3-s-line-featured-1000px.webp\",\"contentUrl\":\"https:\\\/\\\/felgenforum.shop\\\/wp-content\\\/uploads\\\/2025\\\/09\\\/18-zoll-felgen-ff-wheels-ff01-schwarz-fuer-audi-a4-s4-a5-s5-b8-b9-q3-8u-f3-s-line-featured-1000px.webp\",\"width\":1000,\"height\":1000,\"caption\":\"Schwarze 18 Zoll FF Wheels FF01 Felgen f\u00fcr Audi A4 S4 S-Line\"},{\"@type\":\"BreadcrumbList\",\"@id\":\"https:\\\/\\\/felgenforum.shop\\\/produkt\\\/18-zoll-felgen-ff-wheels-ff01-schwarz-fuer-audi-a4-s4-a5-s5-b8-b9-q3-8u-f3-s-line\\\/#breadcrumb\",\"itemListElement\":[{\"@type\":\"ListItem\",\"position\":1,\"name\":\"Startseite\",\"item\":\"https:\\\/\\\/felgenforum.shop\\\/\"},{\"@type\":\"ListItem\",\"position\":2,\"name\":\"Shop\",\"item\":\"https:\\\/\\\/felgenforum.shop\\\/shop\\\/\"},{\"@type\":\"ListItem\",\"position\":3,\"name\":\"18 Zoll Felgen FF Wheels FF01 schwarz f\u00fcr Audi A4 S4 A5 S5 B8 B9 Q3 8U F3 S-Line\"}]},{\"@type\":\"WebSite\",\"@id\":\"https:\\\/\\\/felgenforum.shop\\\/#website\",\"url\":\"https:\\\/\\\/felgenforum.shop\\\/\",\"name\":\"Felgenforum\",\"description\":\"\",\"potentialAction\":[{\"@type\":\"SearchAction\",\"target\":{\"@type\":\"EntryPoint\",\"urlTemplate\":\"https:\\\/\\\/felgenforum.shop\\\/?s={search_term_string}\"},\"query-input\":{\"@type\":\"PropertyValueSpecification\",\"valueRequired\":true,\"valueName\":\"search_term_string\"}}],\"inLanguage\":\"en-GB\"}]}<\/script>","yoast_head_json":{"title":"18 Zoll Felgen FF Wheels FF01 schwarz f\u00fcr Audi A4 S4 A5 S5 B8 B9 Q3 8U F3 S-Line g\u00fcnstig kaufen - Felgenforum","description":"18 Zoll Felgen FF Wheels FF01 schwarz f\u00fcr Audi A4, S4, A5, S5 & Q3. Sportliches Design und perfekte Passform. Jetzt entdecken und g\u00fcnstig online kaufen!","robots":{"index":"index","follow":"follow","max-snippet":"max-snippet:-1","max-image-preview":"max-image-preview:large","max-video-preview":"max-video-preview:-1"},"canonical":"https:\/\/felgenforum.shop\/en\/product\/18-zoll-felgen-ff-wheels-ff01-schwarz-fuer-audi-a4-s4-a5-s5-b8-b9-q3-8u-f3-s-line\/","og_locale":"en_GB","og_type":"article","og_title":"18 Zoll Felgen FF Wheels FF01 schwarz f\u00fcr Audi A4 S4 A5 S5 B8 B9 Q3 8U F3 S-Line g\u00fcnstig kaufen - Felgenforum","og_description":"18 Zoll Felgen FF Wheels FF01 schwarz f\u00fcr Audi A4, S4, A5, S5 & Q3. Sportliches Design und perfekte Passform. Jetzt entdecken und g\u00fcnstig online kaufen!","og_url":"https:\/\/felgenforum.shop\/en\/product\/18-zoll-felgen-ff-wheels-ff01-schwarz-fuer-audi-a4-s4-a5-s5-b8-b9-q3-8u-f3-s-line\/","og_site_name":"Felgenforum","article_modified_time":"2026-04-25T13:12:24+00:00","og_image":[{"width":1000,"height":1000,"url":"https:\/\/felgenforum.shop\/wp-content\/uploads\/2025\/09\/18-zoll-felgen-ff-wheels-ff01-schwarz-fuer-audi-a4-s4-a5-s5-b8-b9-q3-8u-f3-s-line-featured-1000px.webp","type":"image\/png"}],"twitter_card":"summary_large_image","twitter_misc":{"Est. reading time":"2 minutes"},"schema":{"@context":"https:\/\/schema.org","@graph":[{"@type":"WebPage","@id":"https:\/\/felgenforum.shop\/produkt\/18-zoll-felgen-ff-wheels-ff01-schwarz-fuer-audi-a4-s4-a5-s5-b8-b9-q3-8u-f3-s-line\/","url":"https:\/\/felgenforum.shop\/produkt\/18-zoll-felgen-ff-wheels-ff01-schwarz-fuer-audi-a4-s4-a5-s5-b8-b9-q3-8u-f3-s-line\/","name":"18 Zoll Felgen FF Wheels FF01 schwarz f\u00fcr Audi A4 S4 A5 S5 B8 B9 Q3 8U F3 S-Line g\u00fcnstig kaufen - Felgenforum","isPartOf":{"@id":"https:\/\/felgenforum.shop\/#website"},"primaryImageOfPage":{"@id":"https:\/\/felgenforum.shop\/produkt\/18-zoll-felgen-ff-wheels-ff01-schwarz-fuer-audi-a4-s4-a5-s5-b8-b9-q3-8u-f3-s-line\/#primaryimage"},"image":{"@id":"https:\/\/felgenforum.shop\/produkt\/18-zoll-felgen-ff-wheels-ff01-schwarz-fuer-audi-a4-s4-a5-s5-b8-b9-q3-8u-f3-s-line\/#primaryimage"},"thumbnailUrl":"https:\/\/felgenforum.shop\/wp-content\/uploads\/2025\/09\/18-zoll-felgen-ff-wheels-ff01-schwarz-fuer-audi-a4-s4-a5-s5-b8-b9-q3-8u-f3-s-line-featured-1000px.webp","datePublished":"2025-09-14T18:26:34+00:00","dateModified":"2026-04-25T13:12:24+00:00","description":"18 Zoll Felgen FF Wheels FF01 schwarz f\u00fcr Audi A4, S4, A5, S5 & Q3. Sportliches Design und perfekte Passform. Jetzt entdecken und g\u00fcnstig online kaufen!","breadcrumb":{"@id":"https:\/\/felgenforum.shop\/produkt\/18-zoll-felgen-ff-wheels-ff01-schwarz-fuer-audi-a4-s4-a5-s5-b8-b9-q3-8u-f3-s-line\/#breadcrumb"},"inLanguage":"en-GB","potentialAction":[{"@type":"ReadAction","target":["https:\/\/felgenforum.shop\/produkt\/18-zoll-felgen-ff-wheels-ff01-schwarz-fuer-audi-a4-s4-a5-s5-b8-b9-q3-8u-f3-s-line\/"]}]},{"@type":"ImageObject","inLanguage":"en-GB","@id":"https:\/\/felgenforum.shop\/produkt\/18-zoll-felgen-ff-wheels-ff01-schwarz-fuer-audi-a4-s4-a5-s5-b8-b9-q3-8u-f3-s-line\/#primaryimage","url":"https:\/\/felgenforum.shop\/wp-content\/uploads\/2025\/09\/18-zoll-felgen-ff-wheels-ff01-schwarz-fuer-audi-a4-s4-a5-s5-b8-b9-q3-8u-f3-s-line-featured-1000px.webp","contentUrl":"https:\/\/felgenforum.shop\/wp-content\/uploads\/2025\/09\/18-zoll-felgen-ff-wheels-ff01-schwarz-fuer-audi-a4-s4-a5-s5-b8-b9-q3-8u-f3-s-line-featured-1000px.webp","width":1000,"height":1000,"caption":"Schwarze 18 Zoll FF Wheels FF01 Felgen f\u00fcr Audi A4 S4 S-Line"},{"@type":"BreadcrumbList","@id":"https:\/\/felgenforum.shop\/produkt\/18-zoll-felgen-ff-wheels-ff01-schwarz-fuer-audi-a4-s4-a5-s5-b8-b9-q3-8u-f3-s-line\/#breadcrumb","itemListElement":[{"@type":"ListItem","position":1,"name":"Startseite","item":"https:\/\/felgenforum.shop\/"},{"@type":"ListItem","position":2,"name":"Shop","item":"https:\/\/felgenforum.shop\/shop\/"},{"@type":"ListItem","position":3,"name":"18 Zoll Felgen FF Wheels FF01 schwarz f\u00fcr Audi A4 S4 A5 S5 B8 B9 Q3 8U F3 S-Line"}]},{"@type":"WebSite","@id":"https:\/\/felgenforum.shop\/#website","url":"https:\/\/felgenforum.shop\/","name":"Rim forum","description":"","potentialAction":[{"@type":"SearchAction","target":{"@type":"EntryPoint","urlTemplate":"https:\/\/felgenforum.shop\/?s={search_term_string}"},"query-input":{"@type":"PropertyValueSpecification","valueRequired":true,"valueName":"search_term_string"}}],"inLanguage":"en-GB"}]}},"_links":{"self":[{"href":"https:\/\/felgenforum.shop\/en\/wp-json\/wp\/v2\/product\/89159","targetHints":{"allow":["GET"]}}],"collection":[{"href":"https:\/\/felgenforum.shop\/en\/wp-json\/wp\/v2\/product"}],"about":[{"href":"https:\/\/felgenforum.shop\/en\/wp-json\/wp\/v2\/types\/product"}],"replies":[{"embeddable":true,"href":"https:\/\/felgenforum.shop\/en\/wp-json\/wp\/v2\/comments?post=89159"}],"wp:featuredmedia":[{"embeddable":true,"href":"https:\/\/felgenforum.shop\/en\/wp-json\/wp\/v2\/media\/98227"}],"wp:attachment":[{"href":"https:\/\/felgenforum.shop\/en\/wp-json\/wp\/v2\/media?parent=89159"}],"wp:term":[{"taxonomy":"product_brand","embeddable":true,"href":"https:\/\/felgenforum.shop\/en\/wp-json\/wp\/v2\/product_brand?post=89159"},{"taxonomy":"product_cat","embeddable":true,"href":"https:\/\/felgenforum.shop\/en\/wp-json\/wp\/v2\/product_cat?post=89159"},{"taxonomy":"product_tag","embeddable":true,"href":"https:\/\/felgenforum.shop\/en\/wp-json\/wp\/v2\/product_tag?post=89159"}],"curies":[{"name":"wp","href":"https:\/\/api.w.org\/{rel}","templated":true}]}}