{"id":89072,"date":"2025-09-14T19:57:09","date_gmt":"2025-09-14T17:57:09","guid":{"rendered":"https:\/\/felgenforum.shop\/?post_type=product&#038;p=89072"},"modified":"2026-04-25T15:12:21","modified_gmt":"2026-04-25T13:12:21","slug":"19-zoll-sommerraeder-dm08-schwarz-fuer-bmw-3er-g21-g20-g3l-g3k-4er-g3c-g23-2er-g42","status":"publish","type":"product","link":"https:\/\/felgenforum.shop\/en\/product\/19-zoll-sommerraeder-dm08-schwarz-fuer-bmw-3er-g21-g20-g3l-g3k-4er-g3c-g23-2er-g42\/","title":{"rendered":"19-inch summer wheels DM08 black for BMW 3 Series G21 G20 G3L G3k 4 Series G3c G23 2 Series G42"},"content":{"rendered":"<h3>Welcome to an offer from Felgenforum.shop<\/h3>\n<p>In diesem Angebote bieten wir Ihnen hier\u00a0einen NEUE Sommmerr\u00e4der Damina DM08\u00a0Alufelgen in schwarz gl\u00e4nzend inkl ABE an.<\/p>\n<p>NEW &amp; in original packaging.<\/p>\n<h3>Scope of delivery:<\/h3>\n<ul>\n<li>4 x\u00a0DM08\u00a08,5&#215;19 ET30 5&#215;112 schwarz gl\u00e4nzend<\/li>\n<li>2x Sommerreifen\u00a0225\/40 R19\u00a093V\u00a0Pirelli Powergy<\/li>\n<li>2x\u00a0Sommerreifen\u00a0255\/23 R19\u00a096V\u00a0Pirelli Powergy<\/li>\n<li>4x TPMS tire pressure sensors pre-programmed<\/li>\n<li>Complete mounting hardware (if required according to the ABE)<\/li>\n<li>4x Damina hubcaps<\/li>\n<li>1x Expert report (ABE)<\/li>\n<li>In most cases, the rims are therefore registration-free. If you have any questions about fitment or any registration requirements, our experienced team will be happy to help :).<\/li>\n<li>Please be sure to specify your vehicle after purchase.<\/li>\n<li>We offer this model in many other sizes and colors; please contact us if you have any other requests.<\/li>\n<\/ul>\n<h3>&gt;&gt;&gt;Complete wheels<\/h3>\n<h3>We are happy to offer you the desired rims as ready-to-install complete wheels with a tire of your choice.<\/h3>\n<p>Feel free to send us a non-binding inquiry :).<\/p>\n<p>The wheels are the right size for the following vehicles:<\/p>\n<h3>BMW<\/h3>\n<ul>\n<li>2 Series G2C G42<\/li>\n<li>3 Series G20 G21 G3L G3K<\/li>\n<li>4er G3C G23\u00a0<\/li>\n<\/ul>","protected":false},"excerpt":{"rendered":"<p>A set (4 pieces) of ready-to-ride Damina complete wheels, professionally mounted and balanced.<\/p>\n<p><strong>Rim details:<\/strong> 8,5&#215;19 Zoll, Lochkreis 112 mm.<br \/><strong>Tire details:<\/strong> Pirelli .<\/p>","protected":false},"featured_media":89073,"comment_status":"open","ping_status":"closed","template":"","meta":[],"product_brand":[],"product_cat":[1583,1582,1196],"product_tag":[],"class_list":{"0":"post-89072","1":"product","2":"type-product","3":"status-publish","4":"has-post-thumbnail","6":"product_cat-19-zoll-sommerraeder-bmw","7":"product_cat-bmw-komplettraeder-sommer","8":"product_cat-komplettraeder-sommer","9":"product_shipping_class-komplettrad","10":"pa_anzahl-der-komplettraeder-1433","11":"pa_einpresstiefe-et-1450","12":"pa_eisgriffigkeit-nein","13":"pa_externes-rollger-db-klass-b","14":"pa_fahrzeugmarke-bmw","15":"pa_fahrzeugtyp-pkw","16":"pa_felgenaufbau-einteilig-gegossen","17":"pa_felgenbreite-8-5","18":"pa_felgenfarbe-schwarz","19":"pa_felgenhersteller-damina","20":"pa_felgenmaterial-aluminium","21":"pa_felgenmodell-dm08","22":"pa_geschwindigkeitsindex-v-bis-240-km-h","23":"pa_herstellergarantie-2-jahre","24":"pa_herstellernummer-felge-2083","25":"pa_herstellernummer-reifen-tageseinkauf","26":"pa_kraftstoff-a-g-d","27":"pa_lastbereich-xl","28":"pa_lochkreis-1439","29":"pa_lochzahl-1447","30":"pa_mittenlochbohrung-60-mm","31":"pa_nasshaft-a-g-b","32":"pa_reifenbauart-r-radialreifen","33":"pa_reifenbreite-1432","34":"pa_reifendurchmesser-1436","35":"pa_reifenhersteller-pirelli","36":"pa_reifenmodell-powergy","37":"pa_reifenquerschnitt-1571","38":"pa_reifenspezifikation-sommerreifen","39":"pa_run-flat-nein","40":"pa_zollgroesse-1448","42":"first","43":"instock","44":"sale","45":"taxable","46":"shipping-taxable","47":"purchasable","48":"product-type-simple"},"yoast_head":"<title>19 Zoll Sommerr\u00e4der DM08 schwarz f\u00fcr BMW 3er G21 G20 G3L G3k 4er G3c G23 2er G42 g\u00fcnstig kaufen - Felgenforum<\/title>\n<meta name=\"description\" content=\"19 Zoll Sommerr\u00e4der DM08 schwarz f\u00fcr BMW 3er, 4er &amp; 2er. Sportliches Design und maximale Performance f\u00fcr Ihren BMW. Jetzt entdecken und online kaufen!\" \/>\n<meta name=\"robots\" content=\"index, follow, max-snippet:-1, max-image-preview:large, max-video-preview:-1\" \/>\n<link rel=\"canonical\" href=\"https:\/\/felgenforum.shop\/en\/product\/19-zoll-sommerraeder-dm08-schwarz-fuer-bmw-3er-g21-g20-g3l-g3k-4er-g3c-g23-2er-g42\/\" \/>\n<meta property=\"og:locale\" content=\"en_GB\" \/>\n<meta property=\"og:type\" content=\"article\" \/>\n<meta property=\"og:title\" content=\"19 Zoll Sommerr\u00e4der DM08 schwarz f\u00fcr BMW 3er G21 G20 G3L G3k 4er G3c G23 2er G42 g\u00fcnstig kaufen - Felgenforum\" \/>\n<meta property=\"og:description\" content=\"19 Zoll Sommerr\u00e4der DM08 schwarz f\u00fcr BMW 3er, 4er &amp; 2er. Sportliches Design und maximale Performance f\u00fcr Ihren BMW. Jetzt entdecken und online kaufen!\" \/>\n<meta property=\"og:url\" content=\"https:\/\/felgenforum.shop\/en\/product\/19-zoll-sommerraeder-dm08-schwarz-fuer-bmw-3er-g21-g20-g3l-g3k-4er-g3c-g23-2er-g42\/\" \/>\n<meta property=\"og:site_name\" content=\"Felgenforum\" \/>\n<meta property=\"article:modified_time\" content=\"2026-04-25T13:12:21+00:00\" \/>\n<meta property=\"og:image\" content=\"https:\/\/felgenforum.shop\/wp-content\/uploads\/2025\/09\/57-329.png\" \/>\n\t<meta property=\"og:image:width\" content=\"992\" \/>\n\t<meta property=\"og:image:height\" content=\"1000\" \/>\n\t<meta property=\"og:image:type\" content=\"image\/png\" \/>\n<meta name=\"twitter:card\" content=\"summary_large_image\" \/>\n<meta name=\"twitter:label1\" content=\"Est. reading time\" \/>\n\t<meta name=\"twitter:data1\" content=\"1 minute\" \/>\n<script type=\"application\/ld+json\" class=\"yoast-schema-graph\">{\"@context\":\"https:\\\/\\\/schema.org\",\"@graph\":[{\"@type\":\"WebPage\",\"@id\":\"https:\\\/\\\/felgenforum.shop\\\/produkt\\\/19-zoll-sommerraeder-dm08-schwarz-fuer-bmw-3er-g21-g20-g3l-g3k-4er-g3c-g23-2er-g42\\\/\",\"url\":\"https:\\\/\\\/felgenforum.shop\\\/produkt\\\/19-zoll-sommerraeder-dm08-schwarz-fuer-bmw-3er-g21-g20-g3l-g3k-4er-g3c-g23-2er-g42\\\/\",\"name\":\"19 Zoll Sommerr\u00e4der DM08 schwarz f\u00fcr BMW 3er G21 G20 G3L G3k 4er G3c G23 2er G42 g\u00fcnstig kaufen - Felgenforum\",\"isPartOf\":{\"@id\":\"https:\\\/\\\/felgenforum.shop\\\/#website\"},\"primaryImageOfPage\":{\"@id\":\"https:\\\/\\\/felgenforum.shop\\\/produkt\\\/19-zoll-sommerraeder-dm08-schwarz-fuer-bmw-3er-g21-g20-g3l-g3k-4er-g3c-g23-2er-g42\\\/#primaryimage\"},\"image\":{\"@id\":\"https:\\\/\\\/felgenforum.shop\\\/produkt\\\/19-zoll-sommerraeder-dm08-schwarz-fuer-bmw-3er-g21-g20-g3l-g3k-4er-g3c-g23-2er-g42\\\/#primaryimage\"},\"thumbnailUrl\":\"https:\\\/\\\/felgenforum.shop\\\/wp-content\\\/uploads\\\/2025\\\/09\\\/57-329.webp\",\"datePublished\":\"2025-09-14T17:57:09+00:00\",\"dateModified\":\"2026-04-25T13:12:21+00:00\",\"description\":\"19 Zoll Sommerr\u00e4der DM08 schwarz f\u00fcr BMW 3er, 4er & 2er. Sportliches Design und maximale Performance f\u00fcr Ihren BMW. Jetzt entdecken und online kaufen!\",\"breadcrumb\":{\"@id\":\"https:\\\/\\\/felgenforum.shop\\\/produkt\\\/19-zoll-sommerraeder-dm08-schwarz-fuer-bmw-3er-g21-g20-g3l-g3k-4er-g3c-g23-2er-g42\\\/#breadcrumb\"},\"inLanguage\":\"en-GB\",\"potentialAction\":[{\"@type\":\"ReadAction\",\"target\":[\"https:\\\/\\\/felgenforum.shop\\\/produkt\\\/19-zoll-sommerraeder-dm08-schwarz-fuer-bmw-3er-g21-g20-g3l-g3k-4er-g3c-g23-2er-g42\\\/\"]}]},{\"@type\":\"ImageObject\",\"inLanguage\":\"en-GB\",\"@id\":\"https:\\\/\\\/felgenforum.shop\\\/produkt\\\/19-zoll-sommerraeder-dm08-schwarz-fuer-bmw-3er-g21-g20-g3l-g3k-4er-g3c-g23-2er-g42\\\/#primaryimage\",\"url\":\"https:\\\/\\\/felgenforum.shop\\\/wp-content\\\/uploads\\\/2025\\\/09\\\/57-329.webp\",\"contentUrl\":\"https:\\\/\\\/felgenforum.shop\\\/wp-content\\\/uploads\\\/2025\\\/09\\\/57-329.webp\",\"width\":992,\"height\":1000,\"caption\":\"19 Zoll Sommerr\u00e4der DM08 schwarz passend f\u00fcr BMW 3er 4er 2er\"},{\"@type\":\"BreadcrumbList\",\"@id\":\"https:\\\/\\\/felgenforum.shop\\\/produkt\\\/19-zoll-sommerraeder-dm08-schwarz-fuer-bmw-3er-g21-g20-g3l-g3k-4er-g3c-g23-2er-g42\\\/#breadcrumb\",\"itemListElement\":[{\"@type\":\"ListItem\",\"position\":1,\"name\":\"Startseite\",\"item\":\"https:\\\/\\\/felgenforum.shop\\\/\"},{\"@type\":\"ListItem\",\"position\":2,\"name\":\"Shop\",\"item\":\"https:\\\/\\\/felgenforum.shop\\\/shop\\\/\"},{\"@type\":\"ListItem\",\"position\":3,\"name\":\"19 Zoll Sommerr\u00e4der DM08 schwarz f\u00fcr BMW 3er G21 G20 G3L G3k 4er G3c G23 2er G42\"}]},{\"@type\":\"WebSite\",\"@id\":\"https:\\\/\\\/felgenforum.shop\\\/#website\",\"url\":\"https:\\\/\\\/felgenforum.shop\\\/\",\"name\":\"Felgenforum\",\"description\":\"\",\"potentialAction\":[{\"@type\":\"SearchAction\",\"target\":{\"@type\":\"EntryPoint\",\"urlTemplate\":\"https:\\\/\\\/felgenforum.shop\\\/?s={search_term_string}\"},\"query-input\":{\"@type\":\"PropertyValueSpecification\",\"valueRequired\":true,\"valueName\":\"search_term_string\"}}],\"inLanguage\":\"en-GB\"}]}<\/script>","yoast_head_json":{"title":"19 Zoll Sommerr\u00e4der DM08 schwarz f\u00fcr BMW 3er G21 G20 G3L G3k 4er G3c G23 2er G42 g\u00fcnstig kaufen - Felgenforum","description":"19 Zoll Sommerr\u00e4der DM08 schwarz f\u00fcr BMW 3er, 4er & 2er. Sportliches Design und maximale Performance f\u00fcr Ihren BMW. Jetzt entdecken und online kaufen!","robots":{"index":"index","follow":"follow","max-snippet":"max-snippet:-1","max-image-preview":"max-image-preview:large","max-video-preview":"max-video-preview:-1"},"canonical":"https:\/\/felgenforum.shop\/en\/product\/19-zoll-sommerraeder-dm08-schwarz-fuer-bmw-3er-g21-g20-g3l-g3k-4er-g3c-g23-2er-g42\/","og_locale":"en_GB","og_type":"article","og_title":"19 Zoll Sommerr\u00e4der DM08 schwarz f\u00fcr BMW 3er G21 G20 G3L G3k 4er G3c G23 2er G42 g\u00fcnstig kaufen - Felgenforum","og_description":"19 Zoll Sommerr\u00e4der DM08 schwarz f\u00fcr BMW 3er, 4er & 2er. Sportliches Design und maximale Performance f\u00fcr Ihren BMW. Jetzt entdecken und online kaufen!","og_url":"https:\/\/felgenforum.shop\/en\/product\/19-zoll-sommerraeder-dm08-schwarz-fuer-bmw-3er-g21-g20-g3l-g3k-4er-g3c-g23-2er-g42\/","og_site_name":"Felgenforum","article_modified_time":"2026-04-25T13:12:21+00:00","og_image":[{"width":992,"height":1000,"url":"https:\/\/felgenforum.shop\/wp-content\/uploads\/2025\/09\/57-329.png","type":"image\/png"}],"twitter_card":"summary_large_image","twitter_misc":{"Est. reading time":"1 minute"},"schema":{"@context":"https:\/\/schema.org","@graph":[{"@type":"WebPage","@id":"https:\/\/felgenforum.shop\/produkt\/19-zoll-sommerraeder-dm08-schwarz-fuer-bmw-3er-g21-g20-g3l-g3k-4er-g3c-g23-2er-g42\/","url":"https:\/\/felgenforum.shop\/produkt\/19-zoll-sommerraeder-dm08-schwarz-fuer-bmw-3er-g21-g20-g3l-g3k-4er-g3c-g23-2er-g42\/","name":"19 Zoll Sommerr\u00e4der DM08 schwarz f\u00fcr BMW 3er G21 G20 G3L G3k 4er G3c G23 2er G42 g\u00fcnstig kaufen - Felgenforum","isPartOf":{"@id":"https:\/\/felgenforum.shop\/#website"},"primaryImageOfPage":{"@id":"https:\/\/felgenforum.shop\/produkt\/19-zoll-sommerraeder-dm08-schwarz-fuer-bmw-3er-g21-g20-g3l-g3k-4er-g3c-g23-2er-g42\/#primaryimage"},"image":{"@id":"https:\/\/felgenforum.shop\/produkt\/19-zoll-sommerraeder-dm08-schwarz-fuer-bmw-3er-g21-g20-g3l-g3k-4er-g3c-g23-2er-g42\/#primaryimage"},"thumbnailUrl":"https:\/\/felgenforum.shop\/wp-content\/uploads\/2025\/09\/57-329.webp","datePublished":"2025-09-14T17:57:09+00:00","dateModified":"2026-04-25T13:12:21+00:00","description":"19 Zoll Sommerr\u00e4der DM08 schwarz f\u00fcr BMW 3er, 4er & 2er. Sportliches Design und maximale Performance f\u00fcr Ihren BMW. Jetzt entdecken und online kaufen!","breadcrumb":{"@id":"https:\/\/felgenforum.shop\/produkt\/19-zoll-sommerraeder-dm08-schwarz-fuer-bmw-3er-g21-g20-g3l-g3k-4er-g3c-g23-2er-g42\/#breadcrumb"},"inLanguage":"en-GB","potentialAction":[{"@type":"ReadAction","target":["https:\/\/felgenforum.shop\/produkt\/19-zoll-sommerraeder-dm08-schwarz-fuer-bmw-3er-g21-g20-g3l-g3k-4er-g3c-g23-2er-g42\/"]}]},{"@type":"ImageObject","inLanguage":"en-GB","@id":"https:\/\/felgenforum.shop\/produkt\/19-zoll-sommerraeder-dm08-schwarz-fuer-bmw-3er-g21-g20-g3l-g3k-4er-g3c-g23-2er-g42\/#primaryimage","url":"https:\/\/felgenforum.shop\/wp-content\/uploads\/2025\/09\/57-329.webp","contentUrl":"https:\/\/felgenforum.shop\/wp-content\/uploads\/2025\/09\/57-329.webp","width":992,"height":1000,"caption":"19 Zoll Sommerr\u00e4der DM08 schwarz passend f\u00fcr BMW 3er 4er 2er"},{"@type":"BreadcrumbList","@id":"https:\/\/felgenforum.shop\/produkt\/19-zoll-sommerraeder-dm08-schwarz-fuer-bmw-3er-g21-g20-g3l-g3k-4er-g3c-g23-2er-g42\/#breadcrumb","itemListElement":[{"@type":"ListItem","position":1,"name":"Startseite","item":"https:\/\/felgenforum.shop\/"},{"@type":"ListItem","position":2,"name":"Shop","item":"https:\/\/felgenforum.shop\/shop\/"},{"@type":"ListItem","position":3,"name":"19 Zoll Sommerr\u00e4der DM08 schwarz f\u00fcr BMW 3er G21 G20 G3L G3k 4er G3c G23 2er G42"}]},{"@type":"WebSite","@id":"https:\/\/felgenforum.shop\/#website","url":"https:\/\/felgenforum.shop\/","name":"Rim forum","description":"","potentialAction":[{"@type":"SearchAction","target":{"@type":"EntryPoint","urlTemplate":"https:\/\/felgenforum.shop\/?s={search_term_string}"},"query-input":{"@type":"PropertyValueSpecification","valueRequired":true,"valueName":"search_term_string"}}],"inLanguage":"en-GB"}]}},"_links":{"self":[{"href":"https:\/\/felgenforum.shop\/en\/wp-json\/wp\/v2\/product\/89072","targetHints":{"allow":["GET"]}}],"collection":[{"href":"https:\/\/felgenforum.shop\/en\/wp-json\/wp\/v2\/product"}],"about":[{"href":"https:\/\/felgenforum.shop\/en\/wp-json\/wp\/v2\/types\/product"}],"replies":[{"embeddable":true,"href":"https:\/\/felgenforum.shop\/en\/wp-json\/wp\/v2\/comments?post=89072"}],"wp:featuredmedia":[{"embeddable":true,"href":"https:\/\/felgenforum.shop\/en\/wp-json\/wp\/v2\/media\/89073"}],"wp:attachment":[{"href":"https:\/\/felgenforum.shop\/en\/wp-json\/wp\/v2\/media?parent=89072"}],"wp:term":[{"taxonomy":"product_brand","embeddable":true,"href":"https:\/\/felgenforum.shop\/en\/wp-json\/wp\/v2\/product_brand?post=89072"},{"taxonomy":"product_cat","embeddable":true,"href":"https:\/\/felgenforum.shop\/en\/wp-json\/wp\/v2\/product_cat?post=89072"},{"taxonomy":"product_tag","embeddable":true,"href":"https:\/\/felgenforum.shop\/en\/wp-json\/wp\/v2\/product_tag?post=89072"}],"curies":[{"name":"wp","href":"https:\/\/api.w.org\/{rel}","templated":true}]}}