{"id":88563,"date":"2025-09-14T17:11:50","date_gmt":"2025-09-14T15:11:50","guid":{"rendered":"https:\/\/felgenforum.shop\/?post_type=product&p=88563"},"modified":"2026-04-25T15:12:02","modified_gmt":"2026-04-25T13:12:02","slug":"19-zoll-dm13-superlight-anthrazit-bmw-3er-e90-e91-e92-e93-f30-f31-f34-e46-gt-m-2","status":"publish","type":"product","link":"https:\/\/felgenforum.shop\/en\/product\/19-zoll-dm13-superlight-anthrazit-bmw-3er-e90-e91-e92-e93-f30-f31-f34-e46-gt-m-2\/","title":{"rendered":"19 inch DM13 Superlight anthracite BMW 3 series e90 e91 e92 e93 F30 F31 F34 e46 GT M"},"content":{"rendered":"<h3>Welcome to an offer from Felgenforum.shop<\/h3>\n<p>In this offer we offer you a NEW set of Damina Performance DM13 Superlight alloy wheels in glossy anthracite including ABE.<\/p>\n<p>NEW &amp; in original packaging.<\/p>\n<h3>Scope of delivery:<\/h3>\n<ul>\n<li>4 x Damina\u00a0DM13 Superlight\u00a08,5&#215;19 ET35 5&#215;120\u00a0Anthrazit\u00a0gl\u00e4nzend<\/li>\n<li>Complete mounting hardware (if required according to the ABE)<\/li>\n<li>4x hub caps Damina Performance<\/li>\n<li>(Vehicle manufacturer&#039;s hubcap not included)<\/li>\n<li>1x Expert report (ABE)<\/li>\n<li>In most cases, the rims are therefore registration-free. If you have any questions about fitment or any registration requirements, our experienced team will be happy to help :).<\/li>\n<li>Please be sure to specify your vehicle after purchase.<\/li>\n<li>We offer this model in many other sizes and colors; please contact us if you have any other requests.<\/li>\n<\/ul>\n<h3>&gt;&gt;&gt;Complete wheels<\/h3>\n<h3>We are happy to offer you the desired rims as ready-to-install complete wheels with a tire of your choice.<\/h3>\n<p>Feel free to send us a non-binding inquiry :).<\/p>\n<p>The rims are the correct size for the following vehicles:<\/p>\n<h3>BMW<\/h3>\n<ul>\n<li>1 Series F20 F21<\/li>\n<li>2 Series F22 F23<\/li>\n<li>3 series e90 e91 e92 e93 F30 F31 F34<\/li>\n<li>4 Series F32 F33 F36<\/li>\n<li>5 Series F10 F11<\/li>\n<li>6 Series F12 F13<\/li>\n<li>X1 E84<\/li>\n<li>X3 E83 F25<\/li>\n<li>X4 F26<\/li>\n<\/ul>","protected":false},"excerpt":{"rendered":"<p>Ein Satz (4 St\u00fcck) hochwertige Marken-Alufelgen, Modell DM13, in der Gr\u00f6\u00dfe 8,5&#215;19 Zoll, Lochkreis 120 mit 5 Loch. Professionell gepr\u00fcft und versandfertig verpackt.<\/p>","protected":false},"featured_media":88564,"comment_status":"open","ping_status":"closed","template":"","meta":[],"product_brand":[],"product_cat":[1561,1501,1086],"product_tag":[],"class_list":{"0":"post-88563","1":"product","2":"type-product","3":"status-publish","4":"has-post-thumbnail","6":"product_cat-19-zoll-bmw-felgen","7":"product_cat-bmw-felgen","8":"product_cat-felgen","9":"product_shipping_class-felge","10":"pa_anzahl-der-einheiten-1484","11":"pa_einpresstiefe-et-1460","12":"pa_fahrzeugmarke-bmw","13":"pa_farbe-anthrazit","14":"pa_felgenbreite-8-5","15":"pa_felgenfarbe-anthrazit","16":"pa_felgenmaterial-aluminium","17":"pa_felgenmodell-dm13","18":"pa_hersteller-damina-performance","19":"pa_herstellergarantie-ja-zwei-jahre","20":"pa_herstellernummer-2127","21":"pa_herstellungsland-und-regi-deutschland","22":"pa_lochkreis-1494","23":"pa_lochzahl-1447","24":"pa_maximale-traglast-1829","25":"pa_mit-deckel-ja-nein-ja-von-damina","26":"pa_mittenlochbohrung-1658","27":"pa_modell-dm13","28":"pa_produktart-kreuzspeiche","29":"pa_zollgroesse-1448","31":"first","32":"instock","33":"taxable","34":"shipping-taxable","35":"purchasable","36":"product-type-simple"},"yoast_head":"<title>19 Zoll DM13 Superlight anthrazit BMW 3er e90 e91 e92 e93 F30 F31 F34 e46 GT M g\u00fcnstig kaufen - Felgenforum<\/title>\n<meta name=\"description\" content=\"19 Zoll DM13 Superlight anthrazit BMW 3er e90 e91 e92 e93 F30 F31 F34 e46 GT M online bestellen \u2794 Gepr\u00fcfte Qualit\u00e4t, Top Marken &amp; schneller Versand \u2714 Jetzt sicher bei Felgenforum kaufen!\" \/>\n<meta name=\"robots\" content=\"index, follow, max-snippet:-1, max-image-preview:large, max-video-preview:-1\" \/>\n<link rel=\"canonical\" href=\"https:\/\/felgenforum.shop\/en\/?post_type=product&p=88563\" \/>\n<meta property=\"og:locale\" content=\"en_GB\" \/>\n<meta property=\"og:type\" content=\"article\" \/>\n<meta property=\"og:title\" content=\"19 Zoll DM13 Superlight anthrazit BMW 3er e90 e91 e92 e93 F30 F31 F34 e46 GT M g\u00fcnstig kaufen - Felgenforum\" \/>\n<meta property=\"og:description\" content=\"19 Zoll DM13 Superlight anthrazit BMW 3er e90 e91 e92 e93 F30 F31 F34 e46 GT M online bestellen \u2794 Gepr\u00fcfte Qualit\u00e4t, Top Marken &amp; schneller Versand \u2714 Jetzt sicher bei Felgenforum kaufen!\" \/>\n<meta property=\"og:url\" content=\"https:\/\/felgenforum.shop\/en\/?post_type=product&amp;p=88563\" \/>\n<meta property=\"og:site_name\" content=\"Felgenforum\" \/>\n<meta property=\"article:modified_time\" content=\"2026-04-25T13:12:02+00:00\" \/>\n<meta property=\"og:image\" content=\"https:\/\/felgenforum.shop\/wp-content\/uploads\/2025\/09\/57-310.png\" \/>\n\t<meta property=\"og:image:width\" content=\"974\" \/>\n\t<meta property=\"og:image:height\" content=\"1000\" \/>\n\t<meta property=\"og:image:type\" content=\"image\/png\" \/>\n<meta name=\"twitter:card\" content=\"summary_large_image\" \/>\n<meta name=\"twitter:label1\" content=\"Est. reading time\" \/>\n\t<meta name=\"twitter:data1\" content=\"1 minute\" \/>\n<script type=\"application\/ld+json\" class=\"yoast-schema-graph\">{\"@context\":\"https:\\\/\\\/schema.org\",\"@graph\":[{\"@type\":\"WebPage\",\"@id\":\"https:\\\/\\\/felgenforum.shop\\\/?post_type=product&p=88563\",\"url\":\"https:\\\/\\\/felgenforum.shop\\\/?post_type=product&p=88563\",\"name\":\"19 Zoll DM13 Superlight anthrazit BMW 3er e90 e91 e92 e93 F30 F31 F34 e46 GT M g\u00fcnstig kaufen - Felgenforum\",\"isPartOf\":{\"@id\":\"https:\\\/\\\/felgenforum.shop\\\/#website\"},\"primaryImageOfPage\":{\"@id\":\"https:\\\/\\\/felgenforum.shop\\\/?post_type=product&p=88563#primaryimage\"},\"image\":{\"@id\":\"https:\\\/\\\/felgenforum.shop\\\/?post_type=product&p=88563#primaryimage\"},\"thumbnailUrl\":\"https:\\\/\\\/felgenforum.shop\\\/wp-content\\\/uploads\\\/2025\\\/09\\\/57-310.webp\",\"datePublished\":\"2025-09-14T15:11:50+00:00\",\"dateModified\":\"2026-04-25T13:12:02+00:00\",\"description\":\"19 Zoll DM13 Superlight anthrazit BMW 3er e90 e91 e92 e93 F30 F31 F34 e46 GT M online bestellen \u2794 Gepr\u00fcfte Qualit\u00e4t, Top Marken & schneller Versand \u2714 Jetzt sicher bei Felgenforum kaufen!\",\"breadcrumb\":{\"@id\":\"https:\\\/\\\/felgenforum.shop\\\/?post_type=product&p=88563#breadcrumb\"},\"inLanguage\":\"en-GB\",\"potentialAction\":[{\"@type\":\"ReadAction\",\"target\":[\"https:\\\/\\\/felgenforum.shop\\\/?post_type=product&p=88563\"]}]},{\"@type\":\"ImageObject\",\"inLanguage\":\"en-GB\",\"@id\":\"https:\\\/\\\/felgenforum.shop\\\/?post_type=product&p=88563#primaryimage\",\"url\":\"https:\\\/\\\/felgenforum.shop\\\/wp-content\\\/uploads\\\/2025\\\/09\\\/57-310.webp\",\"contentUrl\":\"https:\\\/\\\/felgenforum.shop\\\/wp-content\\\/uploads\\\/2025\\\/09\\\/57-310.webp\",\"width\":974,\"height\":1000},{\"@type\":\"BreadcrumbList\",\"@id\":\"https:\\\/\\\/felgenforum.shop\\\/?post_type=product&p=88563#breadcrumb\",\"itemListElement\":[{\"@type\":\"ListItem\",\"position\":1,\"name\":\"Startseite\",\"item\":\"https:\\\/\\\/felgenforum.shop\\\/\"},{\"@type\":\"ListItem\",\"position\":2,\"name\":\"Shop\",\"item\":\"https:\\\/\\\/felgenforum.shop\\\/shop\\\/\"},{\"@type\":\"ListItem\",\"position\":3,\"name\":\"19 Zoll DM13 Superlight anthrazit BMW 3er e90 e91 e92 e93 F30 F31 F34 e46 GT M\"}]},{\"@type\":\"WebSite\",\"@id\":\"https:\\\/\\\/felgenforum.shop\\\/#website\",\"url\":\"https:\\\/\\\/felgenforum.shop\\\/\",\"name\":\"Felgenforum\",\"description\":\"\",\"potentialAction\":[{\"@type\":\"SearchAction\",\"target\":{\"@type\":\"EntryPoint\",\"urlTemplate\":\"https:\\\/\\\/felgenforum.shop\\\/?s={search_term_string}\"},\"query-input\":{\"@type\":\"PropertyValueSpecification\",\"valueRequired\":true,\"valueName\":\"search_term_string\"}}],\"inLanguage\":\"en-GB\"}]}<\/script>","yoast_head_json":{"title":"19 Zoll DM13 Superlight anthrazit BMW 3er e90 e91 e92 e93 F30 F31 F34 e46 GT M g\u00fcnstig kaufen - Felgenforum","description":"19 Zoll DM13 Superlight anthrazit BMW 3er e90 e91 e92 e93 F30 F31 F34 e46 GT M online bestellen \u2794 Gepr\u00fcfte Qualit\u00e4t, Top Marken & schneller Versand \u2714 Jetzt sicher bei Felgenforum kaufen!","robots":{"index":"index","follow":"follow","max-snippet":"max-snippet:-1","max-image-preview":"max-image-preview:large","max-video-preview":"max-video-preview:-1"},"canonical":"https:\/\/felgenforum.shop\/en\/?post_type=product&p=88563","og_locale":"en_GB","og_type":"article","og_title":"19 Zoll DM13 Superlight anthrazit BMW 3er e90 e91 e92 e93 F30 F31 F34 e46 GT M g\u00fcnstig kaufen - Felgenforum","og_description":"19 Zoll DM13 Superlight anthrazit BMW 3er e90 e91 e92 e93 F30 F31 F34 e46 GT M online bestellen \u2794 Gepr\u00fcfte Qualit\u00e4t, Top Marken & schneller Versand \u2714 Jetzt sicher bei Felgenforum kaufen!","og_url":"https:\/\/felgenforum.shop\/en\/?post_type=product&p=88563","og_site_name":"Felgenforum","article_modified_time":"2026-04-25T13:12:02+00:00","og_image":[{"width":974,"height":1000,"url":"https:\/\/felgenforum.shop\/wp-content\/uploads\/2025\/09\/57-310.png","type":"image\/png"}],"twitter_card":"summary_large_image","twitter_misc":{"Est. reading time":"1 minute"},"schema":{"@context":"https:\/\/schema.org","@graph":[{"@type":"WebPage","@id":"https:\/\/felgenforum.shop\/?post_type=product&p=88563","url":"https:\/\/felgenforum.shop\/?post_type=product&p=88563","name":"19 Zoll DM13 Superlight anthrazit BMW 3er e90 e91 e92 e93 F30 F31 F34 e46 GT M g\u00fcnstig kaufen - Felgenforum","isPartOf":{"@id":"https:\/\/felgenforum.shop\/#website"},"primaryImageOfPage":{"@id":"https:\/\/felgenforum.shop\/?post_type=product&p=88563#primaryimage"},"image":{"@id":"https:\/\/felgenforum.shop\/?post_type=product&p=88563#primaryimage"},"thumbnailUrl":"https:\/\/felgenforum.shop\/wp-content\/uploads\/2025\/09\/57-310.webp","datePublished":"2025-09-14T15:11:50+00:00","dateModified":"2026-04-25T13:12:02+00:00","description":"19 Zoll DM13 Superlight anthrazit BMW 3er e90 e91 e92 e93 F30 F31 F34 e46 GT M online bestellen \u2794 Gepr\u00fcfte Qualit\u00e4t, Top Marken & schneller Versand \u2714 Jetzt sicher bei Felgenforum kaufen!","breadcrumb":{"@id":"https:\/\/felgenforum.shop\/?post_type=product&p=88563#breadcrumb"},"inLanguage":"en-GB","potentialAction":[{"@type":"ReadAction","target":["https:\/\/felgenforum.shop\/?post_type=product&p=88563"]}]},{"@type":"ImageObject","inLanguage":"en-GB","@id":"https:\/\/felgenforum.shop\/?post_type=product&p=88563#primaryimage","url":"https:\/\/felgenforum.shop\/wp-content\/uploads\/2025\/09\/57-310.webp","contentUrl":"https:\/\/felgenforum.shop\/wp-content\/uploads\/2025\/09\/57-310.webp","width":974,"height":1000},{"@type":"BreadcrumbList","@id":"https:\/\/felgenforum.shop\/?post_type=product&p=88563#breadcrumb","itemListElement":[{"@type":"ListItem","position":1,"name":"Startseite","item":"https:\/\/felgenforum.shop\/"},{"@type":"ListItem","position":2,"name":"Shop","item":"https:\/\/felgenforum.shop\/shop\/"},{"@type":"ListItem","position":3,"name":"19 Zoll DM13 Superlight anthrazit BMW 3er e90 e91 e92 e93 F30 F31 F34 e46 GT M"}]},{"@type":"WebSite","@id":"https:\/\/felgenforum.shop\/#website","url":"https:\/\/felgenforum.shop\/","name":"Rim forum","description":"","potentialAction":[{"@type":"SearchAction","target":{"@type":"EntryPoint","urlTemplate":"https:\/\/felgenforum.shop\/?s={search_term_string}"},"query-input":{"@type":"PropertyValueSpecification","valueRequired":true,"valueName":"search_term_string"}}],"inLanguage":"en-GB"}]}},"_links":{"self":[{"href":"https:\/\/felgenforum.shop\/en\/wp-json\/wp\/v2\/product\/88563","targetHints":{"allow":["GET"]}}],"collection":[{"href":"https:\/\/felgenforum.shop\/en\/wp-json\/wp\/v2\/product"}],"about":[{"href":"https:\/\/felgenforum.shop\/en\/wp-json\/wp\/v2\/types\/product"}],"replies":[{"embeddable":true,"href":"https:\/\/felgenforum.shop\/en\/wp-json\/wp\/v2\/comments?post=88563"}],"wp:featuredmedia":[{"embeddable":true,"href":"https:\/\/felgenforum.shop\/en\/wp-json\/wp\/v2\/media\/88564"}],"wp:attachment":[{"href":"https:\/\/felgenforum.shop\/en\/wp-json\/wp\/v2\/media?parent=88563"}],"wp:term":[{"taxonomy":"product_brand","embeddable":true,"href":"https:\/\/felgenforum.shop\/en\/wp-json\/wp\/v2\/product_brand?post=88563"},{"taxonomy":"product_cat","embeddable":true,"href":"https:\/\/felgenforum.shop\/en\/wp-json\/wp\/v2\/product_cat?post=88563"},{"taxonomy":"product_tag","embeddable":true,"href":"https:\/\/felgenforum.shop\/en\/wp-json\/wp\/v2\/product_tag?post=88563"}],"curies":[{"name":"wp","href":"https:\/\/api.w.org\/{rel}","templated":true}]}}