{"id":88545,"date":"2025-09-14T17:07:11","date_gmt":"2025-09-14T15:07:11","guid":{"rendered":"https:\/\/felgenforum.shop\/?post_type=product&p=88545"},"modified":"2026-04-05T18:18:16","modified_gmt":"2026-04-05T16:18:16","slug":"ff01-19-zoll-winterraeder-hankook-245-komplettraeder-fuer-bmw-5er-g30-g31-g5l-g5k-m-4","status":"publish","type":"product","link":"https:\/\/felgenforum.shop\/en\/product\/ff01-19-zoll-winterraeder-hankook-245-komplettraeder-fuer-bmw-5er-g30-g31-g5l-g5k-m-4\/","title":{"rendered":"FF01 19 Zoll Winterr\u00e4der HANKOOK 245 Komplettr\u00e4der f\u00fcr BMW 5er G30 G31 G5L G5K M"},"content":{"rendered":"<h3>Welcome to an offer from Felgenforum.shop<\/h3>\n<p>In diesem Angebote bieten wir Ihnen hier\u00a0einen NEUEN Satz Winterkomplettr\u00e4der in grau matt inkl ABE an.<\/p>\n<p>4x fully pre-assembled and balanced complete wheels<\/p>\n<p>consisting of:<\/p>\n<p>4x Alufelge FF-Wheels FF01 grau 8,5&#215;19 ET30 LK5\/112<\/p>\n<p>+<\/p>\n<p>4x Winterreifen 245\/40 R19 98V HANKOOK Winter I*CEPT EVO3 W330 XL<\/p>\n<p>fully assembled and balanced<\/p>\n<p>(including black weights and black metal valves)<\/p>\n<p>NEW<\/p>\n<p>TPMS available on request for \u20ac139\/set<\/p>\n<h3>Scope of delivery:<\/h3>\n<ul>\n<li>4 x FF-Wheels FF01 8,5&#215;19 ET30 5&#215;112 grau matt<\/li>\n<li>Complete mounting hardware (if required according to the ABE)<\/li>\n<li>4x Winterreifen Hankook Winter I*CEPT EVO3 245\/40 R19 98V<\/li>\n<li>4x Hubcaps FF-Wheels<\/li>\n<li>(Vehicle manufacturer&#039;s hubcap not included)<\/li>\n<li>1x Expert report (ABE)<\/li>\n<li>In most cases, the complete wheel sets are therefore registration-free. If you have any questions about fitment or any registration requirements, our experienced team will be happy to assist you :).<\/li>\n<li>Please be sure to specify your vehicle after purchase.<\/li>\n<li>We offer this model in many other sizes and colors; please contact us if you have any other requests.<\/li>\n<li>&gt;&gt;&gt;Wishful tires<\/li>\n<li>Do you have a specific request regarding tire brand or tire quality? No problem!<\/li>\n<li>We would be happy to create individual complete wheel offers for you :).<\/li>\n<li>The complete wheels are suitable for, among others:<\/li>\n<\/ul>\n<h3>BMW<\/h3>\n<ul>\n<li>4er gran coupe G26<\/li>\n<li>5 Series G30 G31<\/li>\n<\/ul>","protected":false},"excerpt":{"rendered":"<p>A set (4 pieces) of ready-to-drive FF Wheels complete wheels, professionally mounted and balanced.<\/p>\n<p><strong>Rim details:<\/strong> 8,5&#215;19 Zoll, Lochkreis 112.<br \/><strong>Tire details:<\/strong> Hankook .<\/p>","protected":false},"featured_media":88554,"comment_status":"open","ping_status":"closed","template":"","meta":[],"product_brand":[],"product_cat":[1263,1205,1204],"product_tag":[],"class_list":{"0":"post-88545","1":"product","2":"type-product","3":"status-publish","4":"has-post-thumbnail","6":"product_cat-19-zoll-winterraeder-bmw","7":"product_cat-bmw","8":"product_cat-komplettraeder-winter","9":"pa_anzahl-der-komplettraeder-1433","10":"pa_einpresstiefe-et-1450","11":"pa_fahrzeugmarke-bmw","12":"pa_felgenbreite-8-5","13":"pa_felgenfarbe-grau-matt","14":"pa_felgenhersteller-ff-wheels","15":"pa_felgenmaterial-aluminium","16":"pa_felgenmodell-ff01","17":"pa_geschwindigkeitsindex-v-bis-240-km-h","18":"pa_herstellernummer-felge-1686","19":"pa_lastbereich-xl","20":"pa_lochkreis-1439","21":"pa_lochzahl-1447","22":"pa_reifenbreite-1503","23":"pa_reifendurchmesser-1436","24":"pa_reifenhersteller-hankook","25":"pa_reifenquerschnitt-1571","26":"pa_reifenspezifikation-winterreifen","27":"pa_run-flat-nein","28":"pa_tragfaehigkeitsindex-96-max-710-kg-je-reifen","29":"pa_zollgroesse-1448","31":"first","32":"instock","33":"sale","34":"taxable","35":"shipping-taxable","36":"purchasable","37":"product-type-simple"},"yoast_head":"<!-- This site is optimized with the Yoast SEO plugin v27.2 - https:\/\/yoast.com\/product\/yoast-seo-wordpress\/ -->\n<title>FF01 19 Zoll Winterr\u00e4der HANKOOK 245 Komplettr\u00e4der f\u00fcr BMW 5er G30 G31 G5L G5K M g\u00fcnstig kaufen - Felgenforum<\/title>\n<meta name=\"description\" content=\"FF01 19 Zoll Winterr\u00e4der HANKOOK 245 Komplettr\u00e4der f\u00fcr BMW 5er G30 G31 G5L G5K M online bestellen \u2794 Gepr\u00fcfte Qualit\u00e4t, Top Marken &amp; schneller Versand \u2714 Jetzt sicher bei Felgenforum kaufen!\" \/>\n<meta name=\"robots\" content=\"index, follow, max-snippet:-1, max-image-preview:large, max-video-preview:-1\" \/>\n<link rel=\"canonical\" href=\"https:\/\/felgenforum.shop\/en\/?post_type=product&p=88545\" \/>\n<meta property=\"og:locale\" content=\"en_GB\" \/>\n<meta property=\"og:type\" content=\"article\" \/>\n<meta property=\"og:title\" content=\"FF01 19 Zoll Winterr\u00e4der HANKOOK 245 Komplettr\u00e4der f\u00fcr BMW 5er G30 G31 G5L G5K M g\u00fcnstig kaufen - Felgenforum\" \/>\n<meta property=\"og:description\" content=\"FF01 19 Zoll Winterr\u00e4der HANKOOK 245 Komplettr\u00e4der f\u00fcr BMW 5er G30 G31 G5L G5K M online bestellen \u2794 Gepr\u00fcfte Qualit\u00e4t, Top Marken &amp; schneller Versand \u2714 Jetzt sicher bei Felgenforum kaufen!\" \/>\n<meta property=\"og:url\" content=\"https:\/\/felgenforum.shop\/en\/?post_type=product&amp;p=88545\" \/>\n<meta property=\"og:site_name\" content=\"Felgenforum\" \/>\n<meta property=\"article:modified_time\" content=\"2026-04-05T16:18:16+00:00\" \/>\n<meta property=\"og:image\" content=\"https:\/\/felgenforum.shop\/wp-content\/uploads\/2025\/09\/57-4856.jpg\" \/>\n\t<meta property=\"og:image:width\" content=\"1020\" \/>\n\t<meta property=\"og:image:height\" content=\"1000\" \/>\n\t<meta property=\"og:image:type\" content=\"image\/jpeg\" \/>\n<meta name=\"twitter:card\" content=\"summary_large_image\" \/>\n<meta name=\"twitter:label1\" content=\"Est. reading time\" \/>\n\t<meta name=\"twitter:data1\" content=\"1 minute\" \/>\n<script type=\"application\/ld+json\" class=\"yoast-schema-graph\">{\"@context\":\"https:\/\/schema.org\",\"@graph\":[{\"@type\":\"WebPage\",\"@id\":\"https:\/\/felgenforum.shop\/?post_type=product&p=88545\",\"url\":\"https:\/\/felgenforum.shop\/?post_type=product&p=88545\",\"name\":\"FF01 19 Zoll Winterr\u00e4der HANKOOK 245 Komplettr\u00e4der f\u00fcr BMW 5er G30 G31 G5L G5K M g\u00fcnstig kaufen - Felgenforum\",\"isPartOf\":{\"@id\":\"https:\/\/felgenforum.shop\/#website\"},\"primaryImageOfPage\":{\"@id\":\"https:\/\/felgenforum.shop\/?post_type=product&p=88545#primaryimage\"},\"image\":{\"@id\":\"https:\/\/felgenforum.shop\/?post_type=product&p=88545#primaryimage\"},\"thumbnailUrl\":\"https:\/\/felgenforum.shop\/wp-content\/uploads\/2025\/09\/57-4856.webp\",\"datePublished\":\"2025-09-14T15:07:11+00:00\",\"dateModified\":\"2026-04-05T16:18:16+00:00\",\"description\":\"FF01 19 Zoll Winterr\u00e4der HANKOOK 245 Komplettr\u00e4der f\u00fcr BMW 5er G30 G31 G5L G5K M online bestellen \u2794 Gepr\u00fcfte Qualit\u00e4t, Top Marken & schneller Versand \u2714 Jetzt sicher bei Felgenforum kaufen!\",\"breadcrumb\":{\"@id\":\"https:\/\/felgenforum.shop\/?post_type=product&p=88545#breadcrumb\"},\"inLanguage\":\"en-GB\",\"potentialAction\":[{\"@type\":\"ReadAction\",\"target\":[\"https:\/\/felgenforum.shop\/?post_type=product&p=88545\"]}]},{\"@type\":\"ImageObject\",\"inLanguage\":\"en-GB\",\"@id\":\"https:\/\/felgenforum.shop\/?post_type=product&p=88545#primaryimage\",\"url\":\"https:\/\/felgenforum.shop\/wp-content\/uploads\/2025\/09\/57-4856.webp\",\"contentUrl\":\"https:\/\/felgenforum.shop\/wp-content\/uploads\/2025\/09\/57-4856.webp\",\"width\":1020,\"height\":1000},{\"@type\":\"BreadcrumbList\",\"@id\":\"https:\/\/felgenforum.shop\/?post_type=product&p=88545#breadcrumb\",\"itemListElement\":[{\"@type\":\"ListItem\",\"position\":1,\"name\":\"Startseite\",\"item\":\"https:\/\/felgenforum.shop\/\"},{\"@type\":\"ListItem\",\"position\":2,\"name\":\"Shop\",\"item\":\"https:\/\/felgenforum.shop\/shop\/\"},{\"@type\":\"ListItem\",\"position\":3,\"name\":\"FF01 19 Zoll Winterr\u00e4der HANKOOK 245 Komplettr\u00e4der f\u00fcr BMW 5er G30 G31 G5L G5K M\"}]},{\"@type\":\"WebSite\",\"@id\":\"https:\/\/felgenforum.shop\/#website\",\"url\":\"https:\/\/felgenforum.shop\/\",\"name\":\"Felgenforum\",\"description\":\"\",\"potentialAction\":[{\"@type\":\"SearchAction\",\"target\":{\"@type\":\"EntryPoint\",\"urlTemplate\":\"https:\/\/felgenforum.shop\/?s={search_term_string}\"},\"query-input\":{\"@type\":\"PropertyValueSpecification\",\"valueRequired\":true,\"valueName\":\"search_term_string\"}}],\"inLanguage\":\"en-GB\"}]}<\/script>\n<!-- \/ Yoast SEO plugin. -->","yoast_head_json":{"title":"FF01 19 Zoll Winterr\u00e4der HANKOOK 245 Komplettr\u00e4der f\u00fcr BMW 5er G30 G31 G5L G5K M g\u00fcnstig kaufen - Felgenforum","description":"FF01 19 Zoll Winterr\u00e4der HANKOOK 245 Komplettr\u00e4der f\u00fcr BMW 5er G30 G31 G5L G5K M online bestellen \u2794 Gepr\u00fcfte Qualit\u00e4t, Top Marken & schneller Versand \u2714 Jetzt sicher bei Felgenforum kaufen!","robots":{"index":"index","follow":"follow","max-snippet":"max-snippet:-1","max-image-preview":"max-image-preview:large","max-video-preview":"max-video-preview:-1"},"canonical":"https:\/\/felgenforum.shop\/en\/?post_type=product&p=88545","og_locale":"en_GB","og_type":"article","og_title":"FF01 19 Zoll Winterr\u00e4der HANKOOK 245 Komplettr\u00e4der f\u00fcr BMW 5er G30 G31 G5L G5K M g\u00fcnstig kaufen - Felgenforum","og_description":"FF01 19 Zoll Winterr\u00e4der HANKOOK 245 Komplettr\u00e4der f\u00fcr BMW 5er G30 G31 G5L G5K M online bestellen \u2794 Gepr\u00fcfte Qualit\u00e4t, Top Marken & schneller Versand \u2714 Jetzt sicher bei Felgenforum kaufen!","og_url":"https:\/\/felgenforum.shop\/en\/?post_type=product&p=88545","og_site_name":"Felgenforum","article_modified_time":"2026-04-05T16:18:16+00:00","og_image":[{"width":1020,"height":1000,"url":"https:\/\/felgenforum.shop\/wp-content\/uploads\/2025\/09\/57-4856.jpg","type":"image\/jpeg"}],"twitter_card":"summary_large_image","twitter_misc":{"Est. reading time":"1 minute"},"schema":{"@context":"https:\/\/schema.org","@graph":[{"@type":"WebPage","@id":"https:\/\/felgenforum.shop\/?post_type=product&p=88545","url":"https:\/\/felgenforum.shop\/?post_type=product&p=88545","name":"FF01 19 Zoll Winterr\u00e4der HANKOOK 245 Komplettr\u00e4der f\u00fcr BMW 5er G30 G31 G5L G5K M g\u00fcnstig kaufen - Felgenforum","isPartOf":{"@id":"https:\/\/felgenforum.shop\/#website"},"primaryImageOfPage":{"@id":"https:\/\/felgenforum.shop\/?post_type=product&p=88545#primaryimage"},"image":{"@id":"https:\/\/felgenforum.shop\/?post_type=product&p=88545#primaryimage"},"thumbnailUrl":"https:\/\/felgenforum.shop\/wp-content\/uploads\/2025\/09\/57-4856.webp","datePublished":"2025-09-14T15:07:11+00:00","dateModified":"2026-04-05T16:18:16+00:00","description":"FF01 19 Zoll Winterr\u00e4der HANKOOK 245 Komplettr\u00e4der f\u00fcr BMW 5er G30 G31 G5L G5K M online bestellen \u2794 Gepr\u00fcfte Qualit\u00e4t, Top Marken & schneller Versand \u2714 Jetzt sicher bei Felgenforum kaufen!","breadcrumb":{"@id":"https:\/\/felgenforum.shop\/?post_type=product&p=88545#breadcrumb"},"inLanguage":"en-GB","potentialAction":[{"@type":"ReadAction","target":["https:\/\/felgenforum.shop\/?post_type=product&p=88545"]}]},{"@type":"ImageObject","inLanguage":"en-GB","@id":"https:\/\/felgenforum.shop\/?post_type=product&p=88545#primaryimage","url":"https:\/\/felgenforum.shop\/wp-content\/uploads\/2025\/09\/57-4856.webp","contentUrl":"https:\/\/felgenforum.shop\/wp-content\/uploads\/2025\/09\/57-4856.webp","width":1020,"height":1000},{"@type":"BreadcrumbList","@id":"https:\/\/felgenforum.shop\/?post_type=product&p=88545#breadcrumb","itemListElement":[{"@type":"ListItem","position":1,"name":"Startseite","item":"https:\/\/felgenforum.shop\/"},{"@type":"ListItem","position":2,"name":"Shop","item":"https:\/\/felgenforum.shop\/shop\/"},{"@type":"ListItem","position":3,"name":"FF01 19 Zoll Winterr\u00e4der HANKOOK 245 Komplettr\u00e4der f\u00fcr BMW 5er G30 G31 G5L G5K M"}]},{"@type":"WebSite","@id":"https:\/\/felgenforum.shop\/#website","url":"https:\/\/felgenforum.shop\/","name":"Rim forum","description":"","potentialAction":[{"@type":"SearchAction","target":{"@type":"EntryPoint","urlTemplate":"https:\/\/felgenforum.shop\/?s={search_term_string}"},"query-input":{"@type":"PropertyValueSpecification","valueRequired":true,"valueName":"search_term_string"}}],"inLanguage":"en-GB"}]}},"_links":{"self":[{"href":"https:\/\/felgenforum.shop\/en\/wp-json\/wp\/v2\/product\/88545","targetHints":{"allow":["GET"]}}],"collection":[{"href":"https:\/\/felgenforum.shop\/en\/wp-json\/wp\/v2\/product"}],"about":[{"href":"https:\/\/felgenforum.shop\/en\/wp-json\/wp\/v2\/types\/product"}],"replies":[{"embeddable":true,"href":"https:\/\/felgenforum.shop\/en\/wp-json\/wp\/v2\/comments?post=88545"}],"wp:featuredmedia":[{"embeddable":true,"href":"https:\/\/felgenforum.shop\/en\/wp-json\/wp\/v2\/media\/88554"}],"wp:attachment":[{"href":"https:\/\/felgenforum.shop\/en\/wp-json\/wp\/v2\/media?parent=88545"}],"wp:term":[{"taxonomy":"product_brand","embeddable":true,"href":"https:\/\/felgenforum.shop\/en\/wp-json\/wp\/v2\/product_brand?post=88545"},{"taxonomy":"product_cat","embeddable":true,"href":"https:\/\/felgenforum.shop\/en\/wp-json\/wp\/v2\/product_cat?post=88545"},{"taxonomy":"product_tag","embeddable":true,"href":"https:\/\/felgenforum.shop\/en\/wp-json\/wp\/v2\/product_tag?post=88545"}],"curies":[{"name":"wp","href":"https:\/\/api.w.org\/{rel}","templated":true}]}}