{"id":88543,"date":"2025-09-14T17:07:05","date_gmt":"2025-09-14T15:07:05","guid":{"rendered":"https:\/\/felgenforum.shop\/?post_type=product&#038;p=88543"},"modified":"2026-04-25T15:12:01","modified_gmt":"2026-04-25T13:12:01","slug":"19-zoll-ff01-winterraeder-winterreifen-winterkomplettraeder-fuer-bmw-x3-x4-f25-f26","status":"publish","type":"product","link":"https:\/\/felgenforum.shop\/en\/product\/19-zoll-ff01-winterraeder-winterreifen-winterkomplettraeder-fuer-bmw-x3-x4-f25-f26\/","title":{"rendered":"19-inch FF01 winter wheels, winter tires, complete winter wheel sets for BMW X3 X4 F25 F26"},"content":{"rendered":"<h3>Welcome to an offer from Felgenforum.shop<\/h3>\n<p>In this offer we offer you a NEW set of complete winter wheels in matte bronze including ABE.<\/p>\n<p>4x fully pre-assembled and balanced complete wheels<\/p>\n<p>consisting of:<\/p>\n<p>4x Alufelge FF-Wheels FF01 bronze 8,5&#215;19 ET35 LK5\/120<\/p>\n<p>+<\/p>\n<p>4x winter tires 245\/45 R19 102V from current daily purchase<\/p>\n<p>fully assembled and balanced<\/p>\n<p>(including black weights and black metal valves)<\/p>\n<p>NEW &amp; in original packaging.<\/p>\n<h3>Scope of delivery:<\/h3>\n<ul>\n<li>4 x FF-Wheels FF01 8,5&#215;19 ET35 5&#215;120 bronze matt<\/li>\n<li>Complete mounting hardware (if required according to the ABE)<\/li>\n<li>4x winter tires from current daily purchase 245\/45 R19 102V<\/li>\n<li>4x Hubcaps FF-Wheels<\/li>\n<li>(Vehicle manufacturer&#039;s hubcap not included)<\/li>\n<li>1x Expert report (ABE)<\/li>\n<li>The complete wheel sets are suitable and registration-free with ABE for most vehicles.<\/li>\n<li>Please be sure to specify your vehicle after purchase.<\/li>\n<li>We offer this model in many other sizes and colors; please contact us if you have any other requests.<\/li>\n<li>TPMS sensors are available for \u20ac34 each. Please ask our team if your vehicle has an active tire pressure monitoring system.<\/li>\n<li>&gt;&gt;&gt;Wishful tires<\/li>\n<li>Do you have a specific request regarding tire brand or tire quality? No problem!<\/li>\n<li>We would be happy to create individual complete wheel offers for you :).<\/li>\n<li>The complete wheels are suitable for, among others:<\/li>\n<\/ul>\n<h3>BMW<\/h3>\n<ul>\n<li>X3 F25<\/li>\n<li>X4 F26<\/li>\n<\/ul>","protected":false},"excerpt":{"rendered":"<p>A set (4 pieces) of ready-to-drive FF Wheels complete wheels, professionally mounted and balanced.<\/p>\n<p><strong>Rim details:<\/strong> 8,5&#215;19 Zoll, Lochkreis 120.<br \/><strong>Tire details:<\/strong> Triangle, Goodride, Fortuna, Imperial, Superia. .<\/p>","protected":false},"featured_media":97429,"comment_status":"open","ping_status":"closed","template":"","meta":[],"product_brand":[],"product_cat":[1263,1205,1204],"product_tag":[],"class_list":{"0":"post-88543","1":"product","2":"type-product","3":"status-publish","4":"has-post-thumbnail","6":"product_cat-19-zoll-winterraeder-bmw","7":"product_cat-bmw","8":"product_cat-komplettraeder-winter","9":"product_shipping_class-komplettrad","10":"pa_anzahl-der-komplettraeder-1433","11":"pa_einpresstiefe-et-1460","12":"pa_externes-rollger-db-klass-b","13":"pa_fahrzeugmarke-bmw","14":"pa_felgenbreite-8-5","15":"pa_felgenfarbe-bronze-matt","16":"pa_felgenhersteller-ff-wheels","17":"pa_felgenmaterial-aluminium","18":"pa_felgenmodell-ff01","19":"pa_geschwindigkeitsindex-v-bis-240-km-h","20":"pa_herstellernummer-felge-1878","21":"pa_herstellernummer-reifen-tageseinkauf","22":"pa_kraftstoff-a-g-c","23":"pa_lastbereich-xl","24":"pa_lochkreis-1494","25":"pa_lochzahl-1447","26":"pa_nasshaft-a-g-c","27":"pa_reifenbreite-1503","28":"pa_reifendurchmesser-1436","29":"pa_reifenhersteller-triangle-goodride-fortuna-imperial-superia","30":"pa_reifenquerschnitt-1504","31":"pa_reifenspezifikation-winterreifen","32":"pa_run-flat-nein","33":"pa_zollgroesse-1448","35":"first","36":"instock","37":"sale","38":"taxable","39":"shipping-taxable","40":"purchasable","41":"product-type-simple"},"yoast_head":"<title>19 Zoll FF01 Winterr\u00e4der Winterreifen Winterkomplettr\u00e4der f\u00fcr BMW X3 X4 F25 F26 g\u00fcnstig kaufen - Felgenforum<\/title>\n<meta name=\"description\" content=\"19 Zoll FF01 Winterr\u00e4der f\u00fcr BMW X3 X4 F25 F26: Maximale Sicherheit und sportliches Design f\u00fcr den Winter. Jetzt online bestellen und sicher ans Ziel!\" \/>\n<meta name=\"robots\" content=\"index, follow, max-snippet:-1, max-image-preview:large, max-video-preview:-1\" \/>\n<link rel=\"canonical\" href=\"https:\/\/felgenforum.shop\/en\/product\/19-zoll-ff01-winterraeder-winterreifen-winterkomplettraeder-fuer-bmw-x3-x4-f25-f26\/\" \/>\n<meta property=\"og:locale\" content=\"en_GB\" \/>\n<meta property=\"og:type\" content=\"article\" \/>\n<meta property=\"og:title\" content=\"19 Zoll FF01 Winterr\u00e4der Winterreifen Winterkomplettr\u00e4der f\u00fcr BMW X3 X4 F25 F26 g\u00fcnstig kaufen - Felgenforum\" \/>\n<meta property=\"og:description\" content=\"19 Zoll FF01 Winterr\u00e4der f\u00fcr BMW X3 X4 F25 F26: Maximale Sicherheit und sportliches Design f\u00fcr den Winter. Jetzt online bestellen und sicher ans Ziel!\" \/>\n<meta property=\"og:url\" content=\"https:\/\/felgenforum.shop\/en\/product\/19-zoll-ff01-winterraeder-winterreifen-winterkomplettraeder-fuer-bmw-x3-x4-f25-f26\/\" \/>\n<meta property=\"og:site_name\" content=\"Felgenforum\" \/>\n<meta property=\"article:modified_time\" content=\"2026-04-25T13:12:01+00:00\" \/>\n<meta property=\"og:image\" content=\"https:\/\/felgenforum.shop\/wp-content\/uploads\/2025\/09\/19-zoll-ff01-winterraeder-winterreifen-winterkomplettraeder-fuer-bmw-x3-x4-f25-f26-featured-1000px.webp\" \/>\n\t<meta property=\"og:image:width\" content=\"1000\" \/>\n\t<meta property=\"og:image:height\" content=\"1000\" \/>\n\t<meta property=\"og:image:type\" content=\"image\/jpeg\" \/>\n<meta name=\"twitter:card\" content=\"summary_large_image\" \/>\n<meta name=\"twitter:label1\" content=\"Est. reading time\" \/>\n\t<meta name=\"twitter:data1\" content=\"1 minute\" \/>\n<script type=\"application\/ld+json\" class=\"yoast-schema-graph\">{\"@context\":\"https:\\\/\\\/schema.org\",\"@graph\":[{\"@type\":\"WebPage\",\"@id\":\"https:\\\/\\\/felgenforum.shop\\\/produkt\\\/19-zoll-ff01-winterraeder-winterreifen-winterkomplettraeder-fuer-bmw-x3-x4-f25-f26\\\/\",\"url\":\"https:\\\/\\\/felgenforum.shop\\\/produkt\\\/19-zoll-ff01-winterraeder-winterreifen-winterkomplettraeder-fuer-bmw-x3-x4-f25-f26\\\/\",\"name\":\"19 Zoll FF01 Winterr\u00e4der Winterreifen Winterkomplettr\u00e4der f\u00fcr BMW X3 X4 F25 F26 g\u00fcnstig kaufen - Felgenforum\",\"isPartOf\":{\"@id\":\"https:\\\/\\\/felgenforum.shop\\\/#website\"},\"primaryImageOfPage\":{\"@id\":\"https:\\\/\\\/felgenforum.shop\\\/produkt\\\/19-zoll-ff01-winterraeder-winterreifen-winterkomplettraeder-fuer-bmw-x3-x4-f25-f26\\\/#primaryimage\"},\"image\":{\"@id\":\"https:\\\/\\\/felgenforum.shop\\\/produkt\\\/19-zoll-ff01-winterraeder-winterreifen-winterkomplettraeder-fuer-bmw-x3-x4-f25-f26\\\/#primaryimage\"},\"thumbnailUrl\":\"https:\\\/\\\/felgenforum.shop\\\/wp-content\\\/uploads\\\/2025\\\/09\\\/19-zoll-ff01-winterraeder-winterreifen-winterkomplettraeder-fuer-bmw-x3-x4-f25-f26-featured-1000px.webp\",\"datePublished\":\"2025-09-14T15:07:05+00:00\",\"dateModified\":\"2026-04-25T13:12:01+00:00\",\"description\":\"19 Zoll FF01 Winterr\u00e4der f\u00fcr BMW X3 X4 F25 F26: Maximale Sicherheit und sportliches Design f\u00fcr den Winter. Jetzt online bestellen und sicher ans Ziel!\",\"breadcrumb\":{\"@id\":\"https:\\\/\\\/felgenforum.shop\\\/produkt\\\/19-zoll-ff01-winterraeder-winterreifen-winterkomplettraeder-fuer-bmw-x3-x4-f25-f26\\\/#breadcrumb\"},\"inLanguage\":\"en-GB\",\"potentialAction\":[{\"@type\":\"ReadAction\",\"target\":[\"https:\\\/\\\/felgenforum.shop\\\/produkt\\\/19-zoll-ff01-winterraeder-winterreifen-winterkomplettraeder-fuer-bmw-x3-x4-f25-f26\\\/\"]}]},{\"@type\":\"ImageObject\",\"inLanguage\":\"en-GB\",\"@id\":\"https:\\\/\\\/felgenforum.shop\\\/produkt\\\/19-zoll-ff01-winterraeder-winterreifen-winterkomplettraeder-fuer-bmw-x3-x4-f25-f26\\\/#primaryimage\",\"url\":\"https:\\\/\\\/felgenforum.shop\\\/wp-content\\\/uploads\\\/2025\\\/09\\\/19-zoll-ff01-winterraeder-winterreifen-winterkomplettraeder-fuer-bmw-x3-x4-f25-f26-featured-1000px.webp\",\"contentUrl\":\"https:\\\/\\\/felgenforum.shop\\\/wp-content\\\/uploads\\\/2025\\\/09\\\/19-zoll-ff01-winterraeder-winterreifen-winterkomplettraeder-fuer-bmw-x3-x4-f25-f26-featured-1000px.webp\",\"width\":1000,\"height\":1000,\"caption\":\"19 Zoll FF01 Winterr\u00e4der f\u00fcr BMW X3 X4 F25 F26 Winterkomplettr\u00e4der\"},{\"@type\":\"BreadcrumbList\",\"@id\":\"https:\\\/\\\/felgenforum.shop\\\/produkt\\\/19-zoll-ff01-winterraeder-winterreifen-winterkomplettraeder-fuer-bmw-x3-x4-f25-f26\\\/#breadcrumb\",\"itemListElement\":[{\"@type\":\"ListItem\",\"position\":1,\"name\":\"Startseite\",\"item\":\"https:\\\/\\\/felgenforum.shop\\\/\"},{\"@type\":\"ListItem\",\"position\":2,\"name\":\"Shop\",\"item\":\"https:\\\/\\\/felgenforum.shop\\\/shop\\\/\"},{\"@type\":\"ListItem\",\"position\":3,\"name\":\"19 Zoll FF01 Winterr\u00e4der Winterreifen Winterkomplettr\u00e4der f\u00fcr BMW X3 X4 F25 F26\"}]},{\"@type\":\"WebSite\",\"@id\":\"https:\\\/\\\/felgenforum.shop\\\/#website\",\"url\":\"https:\\\/\\\/felgenforum.shop\\\/\",\"name\":\"Felgenforum\",\"description\":\"\",\"potentialAction\":[{\"@type\":\"SearchAction\",\"target\":{\"@type\":\"EntryPoint\",\"urlTemplate\":\"https:\\\/\\\/felgenforum.shop\\\/?s={search_term_string}\"},\"query-input\":{\"@type\":\"PropertyValueSpecification\",\"valueRequired\":true,\"valueName\":\"search_term_string\"}}],\"inLanguage\":\"en-GB\"}]}<\/script>","yoast_head_json":{"title":"19 Zoll FF01 Winterr\u00e4der Winterreifen Winterkomplettr\u00e4der f\u00fcr BMW X3 X4 F25 F26 g\u00fcnstig kaufen - Felgenforum","description":"19 Zoll FF01 Winterr\u00e4der f\u00fcr BMW X3 X4 F25 F26: Maximale Sicherheit und sportliches Design f\u00fcr den Winter. Jetzt online bestellen und sicher ans Ziel!","robots":{"index":"index","follow":"follow","max-snippet":"max-snippet:-1","max-image-preview":"max-image-preview:large","max-video-preview":"max-video-preview:-1"},"canonical":"https:\/\/felgenforum.shop\/en\/product\/19-zoll-ff01-winterraeder-winterreifen-winterkomplettraeder-fuer-bmw-x3-x4-f25-f26\/","og_locale":"en_GB","og_type":"article","og_title":"19 Zoll FF01 Winterr\u00e4der Winterreifen Winterkomplettr\u00e4der f\u00fcr BMW X3 X4 F25 F26 g\u00fcnstig kaufen - Felgenforum","og_description":"19 Zoll FF01 Winterr\u00e4der f\u00fcr BMW X3 X4 F25 F26: Maximale Sicherheit und sportliches Design f\u00fcr den Winter. Jetzt online bestellen und sicher ans Ziel!","og_url":"https:\/\/felgenforum.shop\/en\/product\/19-zoll-ff01-winterraeder-winterreifen-winterkomplettraeder-fuer-bmw-x3-x4-f25-f26\/","og_site_name":"Felgenforum","article_modified_time":"2026-04-25T13:12:01+00:00","og_image":[{"width":1000,"height":1000,"url":"https:\/\/felgenforum.shop\/wp-content\/uploads\/2025\/09\/19-zoll-ff01-winterraeder-winterreifen-winterkomplettraeder-fuer-bmw-x3-x4-f25-f26-featured-1000px.webp","type":"image\/jpeg"}],"twitter_card":"summary_large_image","twitter_misc":{"Est. reading time":"1 minute"},"schema":{"@context":"https:\/\/schema.org","@graph":[{"@type":"WebPage","@id":"https:\/\/felgenforum.shop\/produkt\/19-zoll-ff01-winterraeder-winterreifen-winterkomplettraeder-fuer-bmw-x3-x4-f25-f26\/","url":"https:\/\/felgenforum.shop\/produkt\/19-zoll-ff01-winterraeder-winterreifen-winterkomplettraeder-fuer-bmw-x3-x4-f25-f26\/","name":"19 Zoll FF01 Winterr\u00e4der Winterreifen Winterkomplettr\u00e4der f\u00fcr BMW X3 X4 F25 F26 g\u00fcnstig kaufen - Felgenforum","isPartOf":{"@id":"https:\/\/felgenforum.shop\/#website"},"primaryImageOfPage":{"@id":"https:\/\/felgenforum.shop\/produkt\/19-zoll-ff01-winterraeder-winterreifen-winterkomplettraeder-fuer-bmw-x3-x4-f25-f26\/#primaryimage"},"image":{"@id":"https:\/\/felgenforum.shop\/produkt\/19-zoll-ff01-winterraeder-winterreifen-winterkomplettraeder-fuer-bmw-x3-x4-f25-f26\/#primaryimage"},"thumbnailUrl":"https:\/\/felgenforum.shop\/wp-content\/uploads\/2025\/09\/19-zoll-ff01-winterraeder-winterreifen-winterkomplettraeder-fuer-bmw-x3-x4-f25-f26-featured-1000px.webp","datePublished":"2025-09-14T15:07:05+00:00","dateModified":"2026-04-25T13:12:01+00:00","description":"19 Zoll FF01 Winterr\u00e4der f\u00fcr BMW X3 X4 F25 F26: Maximale Sicherheit und sportliches Design f\u00fcr den Winter. Jetzt online bestellen und sicher ans Ziel!","breadcrumb":{"@id":"https:\/\/felgenforum.shop\/produkt\/19-zoll-ff01-winterraeder-winterreifen-winterkomplettraeder-fuer-bmw-x3-x4-f25-f26\/#breadcrumb"},"inLanguage":"en-GB","potentialAction":[{"@type":"ReadAction","target":["https:\/\/felgenforum.shop\/produkt\/19-zoll-ff01-winterraeder-winterreifen-winterkomplettraeder-fuer-bmw-x3-x4-f25-f26\/"]}]},{"@type":"ImageObject","inLanguage":"en-GB","@id":"https:\/\/felgenforum.shop\/produkt\/19-zoll-ff01-winterraeder-winterreifen-winterkomplettraeder-fuer-bmw-x3-x4-f25-f26\/#primaryimage","url":"https:\/\/felgenforum.shop\/wp-content\/uploads\/2025\/09\/19-zoll-ff01-winterraeder-winterreifen-winterkomplettraeder-fuer-bmw-x3-x4-f25-f26-featured-1000px.webp","contentUrl":"https:\/\/felgenforum.shop\/wp-content\/uploads\/2025\/09\/19-zoll-ff01-winterraeder-winterreifen-winterkomplettraeder-fuer-bmw-x3-x4-f25-f26-featured-1000px.webp","width":1000,"height":1000,"caption":"19 Zoll FF01 Winterr\u00e4der f\u00fcr BMW X3 X4 F25 F26 Winterkomplettr\u00e4der"},{"@type":"BreadcrumbList","@id":"https:\/\/felgenforum.shop\/produkt\/19-zoll-ff01-winterraeder-winterreifen-winterkomplettraeder-fuer-bmw-x3-x4-f25-f26\/#breadcrumb","itemListElement":[{"@type":"ListItem","position":1,"name":"Startseite","item":"https:\/\/felgenforum.shop\/"},{"@type":"ListItem","position":2,"name":"Shop","item":"https:\/\/felgenforum.shop\/shop\/"},{"@type":"ListItem","position":3,"name":"19 Zoll FF01 Winterr\u00e4der Winterreifen Winterkomplettr\u00e4der f\u00fcr BMW X3 X4 F25 F26"}]},{"@type":"WebSite","@id":"https:\/\/felgenforum.shop\/#website","url":"https:\/\/felgenforum.shop\/","name":"Rim forum","description":"","potentialAction":[{"@type":"SearchAction","target":{"@type":"EntryPoint","urlTemplate":"https:\/\/felgenforum.shop\/?s={search_term_string}"},"query-input":{"@type":"PropertyValueSpecification","valueRequired":true,"valueName":"search_term_string"}}],"inLanguage":"en-GB"}]}},"_links":{"self":[{"href":"https:\/\/felgenforum.shop\/en\/wp-json\/wp\/v2\/product\/88543","targetHints":{"allow":["GET"]}}],"collection":[{"href":"https:\/\/felgenforum.shop\/en\/wp-json\/wp\/v2\/product"}],"about":[{"href":"https:\/\/felgenforum.shop\/en\/wp-json\/wp\/v2\/types\/product"}],"replies":[{"embeddable":true,"href":"https:\/\/felgenforum.shop\/en\/wp-json\/wp\/v2\/comments?post=88543"}],"wp:featuredmedia":[{"embeddable":true,"href":"https:\/\/felgenforum.shop\/en\/wp-json\/wp\/v2\/media\/97429"}],"wp:attachment":[{"href":"https:\/\/felgenforum.shop\/en\/wp-json\/wp\/v2\/media?parent=88543"}],"wp:term":[{"taxonomy":"product_brand","embeddable":true,"href":"https:\/\/felgenforum.shop\/en\/wp-json\/wp\/v2\/product_brand?post=88543"},{"taxonomy":"product_cat","embeddable":true,"href":"https:\/\/felgenforum.shop\/en\/wp-json\/wp\/v2\/product_cat?post=88543"},{"taxonomy":"product_tag","embeddable":true,"href":"https:\/\/felgenforum.shop\/en\/wp-json\/wp\/v2\/product_tag?post=88543"}],"curies":[{"name":"wp","href":"https:\/\/api.w.org\/{rel}","templated":true}]}}