{"id":88402,"date":"2025-09-14T16:21:48","date_gmt":"2025-09-14T14:21:48","guid":{"rendered":"https:\/\/felgenforum.shop\/?post_type=product&#038;p=88402"},"modified":"2026-04-25T15:11:55","modified_gmt":"2026-04-25T13:11:55","slug":"19-zoll-felgen-neu-ultrawheels-ua3-gold-fuer-audi-a8-s8-4h-f8-d4-d5-rsq3-8u-f3","status":"publish","type":"product","link":"https:\/\/felgenforum.shop\/en\/product\/19-zoll-felgen-neu-ultrawheels-ua3-gold-fuer-audi-a8-s8-4h-f8-d4-d5-rsq3-8u-f3\/","title":{"rendered":"19-inch Ultrawheels UA3 gold rims, NEW, for Audi A8 S8 4H F8 D4 D5 RSQ3 8U F3"},"content":{"rendered":"<h3>Welcome to an offer from Felgenforum.shop<\/h3>\n<p>In this offer we offer you a NEW set of Ultrawheels UA3 alloy wheels in gold with polished lip including certificate.<\/p>\n<p>NEW &amp; in original packaging.<\/p>\n<h3>Scope of delivery:<\/h3>\n<ul>\n<li>4 x Ultra UA3\u00a08,5&#215;19 ET30 5&#215;112\u00a0gold bett poliert<\/li>\n<li>Complete assembly material (if required according to the expert opinion)<\/li>\n<li>4x hubcaps Ultrawheels<\/li>\n<li>1x Expert report<\/li>\n<li>In most cases, the rims are therefore registration-free. If you have any questions about fitment or any registration requirements, our experienced team will be happy to help :).<\/li>\n<li>Please be sure to specify your vehicle after purchase.<\/li>\n<li>Je nach Fahrzeug ist die breite 9,5&#215;19 auf der Hinterachse m\u00f6glich. Sprechen Sie uns gerne an.<\/li>\n<li>We offer this model in many other sizes and colors; please contact us if you have any other requests.<\/li>\n<\/ul>\n<h3>&gt;&gt;&gt;Complete wheels<\/h3>\n<h3>We are happy to offer you the desired rims as ready-to-install complete wheels with a tire of your choice.<\/h3>\n<p>Feel free to send us a non-binding inquiry :).<\/p>\n<p>The rims are the correct size for the following vehicles:<\/p>\n<h3>Audi<\/h3>\n<ul>\n<li>A4 S4 B8 B9 B81<\/li>\n<li>A5 B8 B9 S5<\/li>\n<li>A6 S6 4G 4G1 C7 F2 C8<\/li>\n<li>A7 4G 4G1 F2 S7<\/li>\n<li>A8 4H F8 S8<\/li>\n<li>Q3 F3<\/li>\n<li>Q5 8R FY SQ5<\/li>\n<\/ul>\n<h3>Volkswagen<\/h3>\n<ul>\n<li>Arteon 3H<\/li>\n<li>Passat CC<\/li>\n<li>Sirocco<\/li>\n<li>Phaeton 3D<\/li>\n<li>Tiguan 5N1 5N2<\/li>\n<\/ul>\n<h3>Mercedes Benz<\/h3>\n<ul>\n<li>C-Class W203<\/li>\n<li>CLK W208 W209<\/li>\n<li>E-Class W211 W213 W212 W217<\/li>\n<li>CL Class C216<\/li>\n<li>CLS Class W218 W219<\/li>\n<li>CLK Class W208 W209<\/li>\n<li>GLC W253 X253<\/li>\n<li>S-Class W220 W221 W222<\/li>\n<li>SL R230 R231<\/li>\n<li>SLK SLC R172 R171<\/li>\n<li>Seat<\/li>\n<li>Alahambra<\/li>\n<li>Ateca \/ Cupra<\/li>\n<li>Formentor \/ Cupra<\/li>\n<li>Tarraco<\/li>\n<\/ul>\n<h3>Skoda<\/h3>\n<ul>\n<li>Kodiaq<\/li>\n<li>Superb 3 4 3T<\/li>\n<\/ul>\n<h3>BMW<\/h3>\n<ul>\n<li>3 Series G20 G21 G3C G3K<\/li>\n<li>\u00a0 \u00a0 \u00a0 \u00a0 \u00a0 \u00a0 \u00a0 \u00a0 \u00a0 \u00a0 \u00a0 \u00a0 \u00a0 \u00a0 \u00a0 \u00a0 \u00a0 \u00a0 \u00a0 \u00a0 \u00a0 \u00a0 \u00a0 \u00a0 \u00a0 \u00a0 \u00a0 \u00a0 \u00a0 \u00a0 \u00a0 \u00a0 \u00a0 \u00a0 \u00a0 \u00a0 \u00a0 \u00a0 \u00a0 \u00a0 \u00a0 \u00a0 \u00a0 \u00a0 \u00a0 \u00a0 \u00a04er G22 G23 G26<\/li>\n<li>5 Series G30 G31<\/li>\n<li>6er G6GT G32<\/li>\n<li>\u00a0 \u00a0 \u00a0 \u00a0 \u00a0 \u00a0 \u00a0 \u00a0 \u00a0 \u00a0 \u00a0 \u00a0 \u00a0 \u00a0 \u00a0 \u00a0 \u00a0 \u00a0 \u00a0 \u00a0 \u00a0 \u00a0 \u00a0 \u00a0 \u00a0 \u00a0 \u00a0 \u00a0 \u00a0 \u00a0 \u00a0 \u00a0 \u00a0 \u00a0 \u00a0 \u00a0 \u00a0 \u00a0 \u00a0 \u00a0 \u00a0 \u00a0 \u00a0 \u00a0 \u00a0 \u00a0 \u00a0 \u00a0 \u00a0 \u00a0 7-series 7L<\/li>\n<li>\u00a0 \u00a0 \u00a0 \u00a0 \u00a0 \u00a0 \u00a0 \u00a0 \u00a0 \u00a0 \u00a0 \u00a0 \u00a0 \u00a0 \u00a0 \u00a0 \u00a0 \u00a0 \u00a0 \u00a0 \u00a0 \u00a0 \u00a0 \u00a0 \u00a0 \u00a0 \u00a0 \u00a0 \u00a0 \u00a0 \u00a0 \u00a0 \u00a0 \u00a0 \u00a0 \u00a0 \u00a0 \u00a0 \u00a0 \u00a0 \u00a0 \u00a0 \u00a0 \u00a0 \u00a0 \u00a0 \u00a0 \u00a0 \u00a0 \u00a0 Z4 G4Z<\/li>\n<li>X3 G01<\/li>\n<li>X4 G02<\/li>\n<\/ul>","protected":false},"excerpt":{"rendered":"<p>Ein Satz (4 St\u00fcck) hochwertige Marken-Alufelgen, Modell UA3, in der Gr\u00f6\u00dfe 8,5&#215;19 Zoll, Lochkreis 112 mm mit 5 Loch. Professionell gepr\u00fcft und versandfertig verpackt.<\/p>","protected":false},"featured_media":88403,"comment_status":"open","ping_status":"closed","template":"","meta":[],"product_brand":[],"product_cat":[1535,1237,1246,1086,1092,1236],"product_tag":[],"class_list":{"0":"post-88402","1":"product","2":"type-product","3":"status-publish","4":"has-post-thumbnail","6":"product_cat-19-zoll-audi","7":"product_cat-19-zoll-ff01-felgen","8":"product_cat-audi","9":"product_cat-felgen","10":"product_cat-ff-wheels","11":"product_cat-ff01","12":"product_shipping_class-felge","13":"pa_anzahl-der-einheiten-1484","14":"pa_einpresstiefe-et-1450","15":"pa_fahrzeugmarke-audi","16":"pa_farbe-gold","17":"pa_felgenaufbau-einteilig-gegossen","18":"pa_felgenbreite-8-5","19":"pa_felgendesign-10-speichen","20":"pa_felgenfarbe-bronze","21":"pa_felgenmaterial-aluminium","22":"pa_felgenmodell-ua3","23":"pa_hersteller-ultrawheels","24":"pa_herstellergarantie-ja-zwei-jahre","25":"pa_herstellernummer-u3045","26":"pa_im-lieferumfang-enthalten-bolzen","27":"pa_kompatibler-radschraubent-radbolzen","28":"pa_lochkreis-1439","29":"pa_lochzahl-1447","30":"pa_maximale-traglast-690-kg","31":"pa_mit-deckel-ja-nein-ja-von-ff-wheels","32":"pa_mittenlochbohrung-666-mm","33":"pa_modell-ua3","34":"pa_produktart-kreuzspeiche","35":"pa_zollgroesse-1448","37":"first","38":"instock","39":"taxable","40":"shipping-taxable","41":"purchasable","42":"product-type-simple"},"yoast_head":"<title>19 Zoll Felgen NEU Ultrawheels UA3 gold f\u00fcr Audi A8 S8 4H F8 D4 D5 RSQ3 8U F3 g\u00fcnstig kaufen - Felgenforum<\/title>\n<meta name=\"description\" content=\"Werten Sie Ihren Audi A8\/RSQ3 mit 19 Zoll Felgen Ultrawheels UA3 gold auf. Edles Design trifft auf h\u00f6chste Qualit\u00e4t. Jetzt bei uns im Shop entdecken!\" \/>\n<meta name=\"robots\" content=\"index, follow, max-snippet:-1, max-image-preview:large, max-video-preview:-1\" \/>\n<link rel=\"canonical\" href=\"https:\/\/felgenforum.shop\/en\/product\/19-zoll-felgen-neu-ultrawheels-ua3-gold-fuer-audi-a8-s8-4h-f8-d4-d5-rsq3-8u-f3\/\" \/>\n<meta property=\"og:locale\" content=\"en_GB\" \/>\n<meta property=\"og:type\" content=\"article\" \/>\n<meta property=\"og:title\" content=\"19 Zoll Felgen NEU Ultrawheels UA3 gold f\u00fcr Audi A8 S8 4H F8 D4 D5 RSQ3 8U F3 g\u00fcnstig kaufen - Felgenforum\" \/>\n<meta property=\"og:description\" content=\"Werten Sie Ihren Audi A8\/RSQ3 mit 19 Zoll Felgen Ultrawheels UA3 gold auf. Edles Design trifft auf h\u00f6chste Qualit\u00e4t. Jetzt bei uns im Shop entdecken!\" \/>\n<meta property=\"og:url\" content=\"https:\/\/felgenforum.shop\/en\/product\/19-zoll-felgen-neu-ultrawheels-ua3-gold-fuer-audi-a8-s8-4h-f8-d4-d5-rsq3-8u-f3\/\" \/>\n<meta property=\"og:site_name\" content=\"Felgenforum\" \/>\n<meta property=\"article:modified_time\" content=\"2026-04-25T13:11:55+00:00\" \/>\n<meta property=\"og:image\" content=\"https:\/\/felgenforum.shop\/wp-content\/uploads\/2025\/09\/57-4795.webp\" \/>\n\t<meta property=\"og:image:width\" content=\"904\" \/>\n\t<meta property=\"og:image:height\" content=\"1000\" \/>\n\t<meta property=\"og:image:type\" content=\"image\/webp\" \/>\n<meta name=\"twitter:card\" content=\"summary_large_image\" \/>\n<meta name=\"twitter:label1\" content=\"Est. reading time\" \/>\n\t<meta name=\"twitter:data1\" content=\"1 minute\" \/>\n<script type=\"application\/ld+json\" class=\"yoast-schema-graph\">{\"@context\":\"https:\\\/\\\/schema.org\",\"@graph\":[{\"@type\":\"WebPage\",\"@id\":\"https:\\\/\\\/felgenforum.shop\\\/produkt\\\/19-zoll-felgen-neu-ultrawheels-ua3-gold-fuer-audi-a8-s8-4h-f8-d4-d5-rsq3-8u-f3\\\/\",\"url\":\"https:\\\/\\\/felgenforum.shop\\\/produkt\\\/19-zoll-felgen-neu-ultrawheels-ua3-gold-fuer-audi-a8-s8-4h-f8-d4-d5-rsq3-8u-f3\\\/\",\"name\":\"19 Zoll Felgen NEU Ultrawheels UA3 gold f\u00fcr Audi A8 S8 4H F8 D4 D5 RSQ3 8U F3 g\u00fcnstig kaufen - Felgenforum\",\"isPartOf\":{\"@id\":\"https:\\\/\\\/felgenforum.shop\\\/#website\"},\"primaryImageOfPage\":{\"@id\":\"https:\\\/\\\/felgenforum.shop\\\/produkt\\\/19-zoll-felgen-neu-ultrawheels-ua3-gold-fuer-audi-a8-s8-4h-f8-d4-d5-rsq3-8u-f3\\\/#primaryimage\"},\"image\":{\"@id\":\"https:\\\/\\\/felgenforum.shop\\\/produkt\\\/19-zoll-felgen-neu-ultrawheels-ua3-gold-fuer-audi-a8-s8-4h-f8-d4-d5-rsq3-8u-f3\\\/#primaryimage\"},\"thumbnailUrl\":\"https:\\\/\\\/felgenforum.shop\\\/wp-content\\\/uploads\\\/2025\\\/09\\\/57-4795.webp\",\"datePublished\":\"2025-09-14T14:21:48+00:00\",\"dateModified\":\"2026-04-25T13:11:55+00:00\",\"description\":\"Werten Sie Ihren Audi A8\\\/RSQ3 mit 19 Zoll Felgen Ultrawheels UA3 gold auf. Edles Design trifft auf h\u00f6chste Qualit\u00e4t. Jetzt bei uns im Shop entdecken!\",\"breadcrumb\":{\"@id\":\"https:\\\/\\\/felgenforum.shop\\\/produkt\\\/19-zoll-felgen-neu-ultrawheels-ua3-gold-fuer-audi-a8-s8-4h-f8-d4-d5-rsq3-8u-f3\\\/#breadcrumb\"},\"inLanguage\":\"en-GB\",\"potentialAction\":[{\"@type\":\"ReadAction\",\"target\":[\"https:\\\/\\\/felgenforum.shop\\\/produkt\\\/19-zoll-felgen-neu-ultrawheels-ua3-gold-fuer-audi-a8-s8-4h-f8-d4-d5-rsq3-8u-f3\\\/\"]}]},{\"@type\":\"ImageObject\",\"inLanguage\":\"en-GB\",\"@id\":\"https:\\\/\\\/felgenforum.shop\\\/produkt\\\/19-zoll-felgen-neu-ultrawheels-ua3-gold-fuer-audi-a8-s8-4h-f8-d4-d5-rsq3-8u-f3\\\/#primaryimage\",\"url\":\"https:\\\/\\\/felgenforum.shop\\\/wp-content\\\/uploads\\\/2025\\\/09\\\/57-4795.webp\",\"contentUrl\":\"https:\\\/\\\/felgenforum.shop\\\/wp-content\\\/uploads\\\/2025\\\/09\\\/57-4795.webp\",\"width\":904,\"height\":1000,\"caption\":\"Goldene 19 Zoll Ultrawheels UA3 Felgen f\u00fcr Audi A8 S8 und RSQ3\"},{\"@type\":\"BreadcrumbList\",\"@id\":\"https:\\\/\\\/felgenforum.shop\\\/produkt\\\/19-zoll-felgen-neu-ultrawheels-ua3-gold-fuer-audi-a8-s8-4h-f8-d4-d5-rsq3-8u-f3\\\/#breadcrumb\",\"itemListElement\":[{\"@type\":\"ListItem\",\"position\":1,\"name\":\"Startseite\",\"item\":\"https:\\\/\\\/felgenforum.shop\\\/\"},{\"@type\":\"ListItem\",\"position\":2,\"name\":\"Shop\",\"item\":\"https:\\\/\\\/felgenforum.shop\\\/shop\\\/\"},{\"@type\":\"ListItem\",\"position\":3,\"name\":\"19 Zoll Felgen NEU Ultrawheels UA3 gold f\u00fcr Audi A8 S8 4H F8 D4 D5 RSQ3 8U F3\"}]},{\"@type\":\"WebSite\",\"@id\":\"https:\\\/\\\/felgenforum.shop\\\/#website\",\"url\":\"https:\\\/\\\/felgenforum.shop\\\/\",\"name\":\"Felgenforum\",\"description\":\"\",\"potentialAction\":[{\"@type\":\"SearchAction\",\"target\":{\"@type\":\"EntryPoint\",\"urlTemplate\":\"https:\\\/\\\/felgenforum.shop\\\/?s={search_term_string}\"},\"query-input\":{\"@type\":\"PropertyValueSpecification\",\"valueRequired\":true,\"valueName\":\"search_term_string\"}}],\"inLanguage\":\"en-GB\"}]}<\/script>","yoast_head_json":{"title":"19 Zoll Felgen NEU Ultrawheels UA3 gold f\u00fcr Audi A8 S8 4H F8 D4 D5 RSQ3 8U F3 g\u00fcnstig kaufen - Felgenforum","description":"Werten Sie Ihren Audi A8\/RSQ3 mit 19 Zoll Felgen Ultrawheels UA3 gold auf. Edles Design trifft auf h\u00f6chste Qualit\u00e4t. Jetzt bei uns im Shop entdecken!","robots":{"index":"index","follow":"follow","max-snippet":"max-snippet:-1","max-image-preview":"max-image-preview:large","max-video-preview":"max-video-preview:-1"},"canonical":"https:\/\/felgenforum.shop\/en\/product\/19-zoll-felgen-neu-ultrawheels-ua3-gold-fuer-audi-a8-s8-4h-f8-d4-d5-rsq3-8u-f3\/","og_locale":"en_GB","og_type":"article","og_title":"19 Zoll Felgen NEU Ultrawheels UA3 gold f\u00fcr Audi A8 S8 4H F8 D4 D5 RSQ3 8U F3 g\u00fcnstig kaufen - Felgenforum","og_description":"Werten Sie Ihren Audi A8\/RSQ3 mit 19 Zoll Felgen Ultrawheels UA3 gold auf. Edles Design trifft auf h\u00f6chste Qualit\u00e4t. Jetzt bei uns im Shop entdecken!","og_url":"https:\/\/felgenforum.shop\/en\/product\/19-zoll-felgen-neu-ultrawheels-ua3-gold-fuer-audi-a8-s8-4h-f8-d4-d5-rsq3-8u-f3\/","og_site_name":"Felgenforum","article_modified_time":"2026-04-25T13:11:55+00:00","og_image":[{"width":904,"height":1000,"url":"https:\/\/felgenforum.shop\/wp-content\/uploads\/2025\/09\/57-4795.webp","type":"image\/webp"}],"twitter_card":"summary_large_image","twitter_misc":{"Est. reading time":"1 minute"},"schema":{"@context":"https:\/\/schema.org","@graph":[{"@type":"WebPage","@id":"https:\/\/felgenforum.shop\/produkt\/19-zoll-felgen-neu-ultrawheels-ua3-gold-fuer-audi-a8-s8-4h-f8-d4-d5-rsq3-8u-f3\/","url":"https:\/\/felgenforum.shop\/produkt\/19-zoll-felgen-neu-ultrawheels-ua3-gold-fuer-audi-a8-s8-4h-f8-d4-d5-rsq3-8u-f3\/","name":"19 Zoll Felgen NEU Ultrawheels UA3 gold f\u00fcr Audi A8 S8 4H F8 D4 D5 RSQ3 8U F3 g\u00fcnstig kaufen - Felgenforum","isPartOf":{"@id":"https:\/\/felgenforum.shop\/#website"},"primaryImageOfPage":{"@id":"https:\/\/felgenforum.shop\/produkt\/19-zoll-felgen-neu-ultrawheels-ua3-gold-fuer-audi-a8-s8-4h-f8-d4-d5-rsq3-8u-f3\/#primaryimage"},"image":{"@id":"https:\/\/felgenforum.shop\/produkt\/19-zoll-felgen-neu-ultrawheels-ua3-gold-fuer-audi-a8-s8-4h-f8-d4-d5-rsq3-8u-f3\/#primaryimage"},"thumbnailUrl":"https:\/\/felgenforum.shop\/wp-content\/uploads\/2025\/09\/57-4795.webp","datePublished":"2025-09-14T14:21:48+00:00","dateModified":"2026-04-25T13:11:55+00:00","description":"Werten Sie Ihren Audi A8\/RSQ3 mit 19 Zoll Felgen Ultrawheels UA3 gold auf. Edles Design trifft auf h\u00f6chste Qualit\u00e4t. Jetzt bei uns im Shop entdecken!","breadcrumb":{"@id":"https:\/\/felgenforum.shop\/produkt\/19-zoll-felgen-neu-ultrawheels-ua3-gold-fuer-audi-a8-s8-4h-f8-d4-d5-rsq3-8u-f3\/#breadcrumb"},"inLanguage":"en-GB","potentialAction":[{"@type":"ReadAction","target":["https:\/\/felgenforum.shop\/produkt\/19-zoll-felgen-neu-ultrawheels-ua3-gold-fuer-audi-a8-s8-4h-f8-d4-d5-rsq3-8u-f3\/"]}]},{"@type":"ImageObject","inLanguage":"en-GB","@id":"https:\/\/felgenforum.shop\/produkt\/19-zoll-felgen-neu-ultrawheels-ua3-gold-fuer-audi-a8-s8-4h-f8-d4-d5-rsq3-8u-f3\/#primaryimage","url":"https:\/\/felgenforum.shop\/wp-content\/uploads\/2025\/09\/57-4795.webp","contentUrl":"https:\/\/felgenforum.shop\/wp-content\/uploads\/2025\/09\/57-4795.webp","width":904,"height":1000,"caption":"Goldene 19 Zoll Ultrawheels UA3 Felgen f\u00fcr Audi A8 S8 und RSQ3"},{"@type":"BreadcrumbList","@id":"https:\/\/felgenforum.shop\/produkt\/19-zoll-felgen-neu-ultrawheels-ua3-gold-fuer-audi-a8-s8-4h-f8-d4-d5-rsq3-8u-f3\/#breadcrumb","itemListElement":[{"@type":"ListItem","position":1,"name":"Startseite","item":"https:\/\/felgenforum.shop\/"},{"@type":"ListItem","position":2,"name":"Shop","item":"https:\/\/felgenforum.shop\/shop\/"},{"@type":"ListItem","position":3,"name":"19 Zoll Felgen NEU Ultrawheels UA3 gold f\u00fcr Audi A8 S8 4H F8 D4 D5 RSQ3 8U F3"}]},{"@type":"WebSite","@id":"https:\/\/felgenforum.shop\/#website","url":"https:\/\/felgenforum.shop\/","name":"Rim forum","description":"","potentialAction":[{"@type":"SearchAction","target":{"@type":"EntryPoint","urlTemplate":"https:\/\/felgenforum.shop\/?s={search_term_string}"},"query-input":{"@type":"PropertyValueSpecification","valueRequired":true,"valueName":"search_term_string"}}],"inLanguage":"en-GB"}]}},"_links":{"self":[{"href":"https:\/\/felgenforum.shop\/en\/wp-json\/wp\/v2\/product\/88402","targetHints":{"allow":["GET"]}}],"collection":[{"href":"https:\/\/felgenforum.shop\/en\/wp-json\/wp\/v2\/product"}],"about":[{"href":"https:\/\/felgenforum.shop\/en\/wp-json\/wp\/v2\/types\/product"}],"replies":[{"embeddable":true,"href":"https:\/\/felgenforum.shop\/en\/wp-json\/wp\/v2\/comments?post=88402"}],"wp:featuredmedia":[{"embeddable":true,"href":"https:\/\/felgenforum.shop\/en\/wp-json\/wp\/v2\/media\/88403"}],"wp:attachment":[{"href":"https:\/\/felgenforum.shop\/en\/wp-json\/wp\/v2\/media?parent=88402"}],"wp:term":[{"taxonomy":"product_brand","embeddable":true,"href":"https:\/\/felgenforum.shop\/en\/wp-json\/wp\/v2\/product_brand?post=88402"},{"taxonomy":"product_cat","embeddable":true,"href":"https:\/\/felgenforum.shop\/en\/wp-json\/wp\/v2\/product_cat?post=88402"},{"taxonomy":"product_tag","embeddable":true,"href":"https:\/\/felgenforum.shop\/en\/wp-json\/wp\/v2\/product_tag?post=88402"}],"curies":[{"name":"wp","href":"https:\/\/api.w.org\/{rel}","templated":true}]}}