{"id":88287,"date":"2025-09-14T16:11:42","date_gmt":"2025-09-14T14:11:42","guid":{"rendered":"https:\/\/felgenforum.shop\/?post_type=product&p=88287"},"modified":"2026-04-05T18:18:34","modified_gmt":"2026-04-05T16:18:34","slug":"dm08-18-zoll-winterraeder-winterreifen-komplettraeder-fuer-audi-a4-s4-b8-b9-sline-2","status":"publish","type":"product","link":"https:\/\/felgenforum.shop\/en\/product\/dm08-18-zoll-winterraeder-winterreifen-komplettraeder-fuer-audi-a4-s4-b8-b9-sline-2\/","title":{"rendered":"DM08 18 Zoll Winterr\u00e4der Winterreifen Komplettr\u00e4der f\u00fcr Audi A4 S4 B8 B9 Sline"},"content":{"rendered":"<h3>Welcome to an offer from Felgenforum.shop<\/h3>\n<p>In diesem Angebot bieten wir Ihnen hier\u00a0einen NEUEN Satz Winterkomplettr\u00e4der in\u00a0schwarz\u00a0gl\u00e4nzend\u00a0inkl ABE an.<\/p>\n<p>4x fully pre-assembled and balanced complete wheels<\/p>\n<p>consisting of:<\/p>\n<p>4x Alufelge Damina DM08 schwarz 8&#215;18 ET35 LK5\/112<\/p>\n<p>+<\/p>\n<p>4x winter tires from current daily purchase 225\/45 R18 95V<\/p>\n<p>fully assembled and balanced<\/p>\n<p>(including black weights and black metal valves)<\/p>\n<p>NEW &amp; in original packaging.<\/p>\n<h3>Scope of delivery:<\/h3>\n<ul>\n<li>4 x Damina DM08 8&#215;18 ET35 5&#215;112 schwarz gl\u00e4nzend<\/li>\n<li>Complete mounting hardware (if required according to the ABE)<\/li>\n<li>4x winter tires from current daily purchase 225\/45 R18 95V<\/li>\n<li>4x hub caps Damina Performance<\/li>\n<li>(Vehicle manufacturer&#039;s hubcap not included)<\/li>\n<li>1x Expert report (ABE)<\/li>\n<li>In most cases, the complete wheel sets are therefore registration-free. If you have any questions about fitment or any registration requirements, our experienced team will be happy to assist you :).<\/li>\n<li>Please be sure to specify your vehicle after purchase.<\/li>\n<li>We offer this model in many other sizes and colors; please contact us if you have any other requests.<\/li>\n<li>&gt;&gt;&gt;Wishful tires<\/li>\n<li>Do you have a specific request regarding tire brand or tire quality? No problem!<\/li>\n<li>We would be happy to create individual complete wheel offers for you :).<\/li>\n<li>The complete wheels are suitable for, among others:<\/li>\n<\/ul>\n<h3>Audi<\/h3>\n<ul>\n<li>A4 S4 B8 B81 B9<\/li>\n<li>A5 B8<\/li>\n<li>A6 4F<\/li>\n<li>Q3 8U 8U1<\/li>\n<li>TT TTS 8J 8S FV<\/li>\n<li>Seat (Cupra)<\/li>\n<li>Ateca 5FP<\/li>\n<li>Alhambra 7N<\/li>\n<\/ul>\n<h3>Skoda<\/h3>\n<ul>\n<li>Superb 3 3T<\/li>\n<\/ul>\n<h3>Volkswagen<\/h3>\n<ul>\n<li>Arteon 3H<\/li>\n<li>Beetle<\/li>\n<li>Passat B8<\/li>\n<li>Sharan 7N<\/li>\n<\/ul>\n<h3>Mercedes Benz<\/h3>\n<ul>\n<li>A45 A45S W177<\/li>\n<\/ul>","protected":false},"excerpt":{"rendered":"<p>A set (4 pieces) of ready-to-drive Damina Performance complete wheels, professionally mounted and balanced.<\/p>\n<p><strong>Rim details:<\/strong> 8&#215;18 Zoll, Lochkreis 112.<br \/><strong>Tire details:<\/strong> Tageseinkauf , Profiltiefe: ca. Neu mm.<\/p>","protected":false},"featured_media":88375,"comment_status":"open","ping_status":"closed","template":"","meta":[],"product_brand":[],"product_cat":[2118,1509,1204],"product_tag":[],"class_list":{"0":"post-88287","1":"product","2":"type-product","3":"status-publish","4":"has-post-thumbnail","6":"product_cat-18-zoll-winterraeder-audi-audi-komplettraeder-winter","7":"product_cat-audi-komplettraeder-winter","8":"product_cat-komplettraeder-winter","9":"pa_anzahl-der-komplettraeder-1433","10":"pa_einpresstiefe-et-1460","11":"pa_eisgriffigkeit-ja","12":"pa_fahrzeugmarke-audi","13":"pa_fahrzeugtyp-pkw","14":"pa_felgenaufbau-einteilig-gegossen","15":"pa_felgenbreite-1474","16":"pa_felgendesign-10-speichen","17":"pa_felgenfarbe-schwarz","18":"pa_felgenhersteller-damina-performance","19":"pa_felgenmaterial-aluminium","20":"pa_felgenmodell-dm08","21":"pa_geschwindigkeitsindex-v-bis-240-km-h","22":"pa_herstellernummer-felge-1675","23":"pa_lastbereich-xl","24":"pa_lochkreis-1439","25":"pa_lochzahl-1447","26":"pa_mittenlochbohrung-666-mm","27":"pa_profiltiefe-neu","28":"pa_reifenbauart-r-radialreifen","29":"pa_reifenbreite-1432","30":"pa_reifendurchmesser-1674","31":"pa_reifenhersteller-tageseinkauf","32":"pa_reifenmodell-tageseinkauf","33":"pa_reifenquerschnitt-1504","34":"pa_reifenspezifikation-winterreifen","35":"pa_run-flat-nein","36":"pa_schneeflocken-symbol-ja","37":"pa_tragfaehigkeitsindex-92-max-630-kg-je-reifen","38":"pa_zollgroesse-1482","40":"first","41":"instock","42":"sale","43":"taxable","44":"shipping-taxable","45":"purchasable","46":"product-type-simple"},"yoast_head":"<!-- This site is optimized with the Yoast SEO plugin v27.2 - https:\/\/yoast.com\/product\/yoast-seo-wordpress\/ -->\n<title>DM08 18 Zoll Winterr\u00e4der Winterreifen Komplettr\u00e4der f\u00fcr Audi A4 S4 B8 B9 Sline g\u00fcnstig kaufen - Felgenforum<\/title>\n<meta name=\"description\" content=\"DM08 18 Zoll Winterr\u00e4der Winterreifen Komplettr\u00e4der f\u00fcr Audi A4 S4 B8 B9 Sline online bestellen \u2794 Gepr\u00fcfte Qualit\u00e4t, Top Marken &amp; schneller Versand \u2714 Jetzt sicher bei Felgenforum kaufen!\" \/>\n<meta name=\"robots\" content=\"index, follow, max-snippet:-1, max-image-preview:large, max-video-preview:-1\" \/>\n<link rel=\"canonical\" href=\"https:\/\/felgenforum.shop\/en\/?post_type=product&p=88287\" \/>\n<meta property=\"og:locale\" content=\"en_GB\" \/>\n<meta property=\"og:type\" content=\"article\" \/>\n<meta property=\"og:title\" content=\"DM08 18 Zoll Winterr\u00e4der Winterreifen Komplettr\u00e4der f\u00fcr Audi A4 S4 B8 B9 Sline g\u00fcnstig kaufen - Felgenforum\" \/>\n<meta property=\"og:description\" content=\"DM08 18 Zoll Winterr\u00e4der Winterreifen Komplettr\u00e4der f\u00fcr Audi A4 S4 B8 B9 Sline online bestellen \u2794 Gepr\u00fcfte Qualit\u00e4t, Top Marken &amp; schneller Versand \u2714 Jetzt sicher bei Felgenforum kaufen!\" \/>\n<meta property=\"og:url\" content=\"https:\/\/felgenforum.shop\/en\/?post_type=product&amp;p=88287\" \/>\n<meta property=\"og:site_name\" content=\"Felgenforum\" \/>\n<meta property=\"article:modified_time\" content=\"2026-04-05T16:18:34+00:00\" \/>\n<meta property=\"og:image\" content=\"https:\/\/felgenforum.shop\/wp-content\/uploads\/2025\/09\/57-299.png\" \/>\n\t<meta property=\"og:image:width\" content=\"1175\" \/>\n\t<meta property=\"og:image:height\" content=\"1000\" \/>\n\t<meta property=\"og:image:type\" content=\"image\/png\" \/>\n<meta name=\"twitter:card\" content=\"summary_large_image\" \/>\n<meta name=\"twitter:label1\" content=\"Est. reading time\" \/>\n\t<meta name=\"twitter:data1\" content=\"1 minute\" \/>\n<script type=\"application\/ld+json\" class=\"yoast-schema-graph\">{\"@context\":\"https:\/\/schema.org\",\"@graph\":[{\"@type\":\"WebPage\",\"@id\":\"https:\/\/felgenforum.shop\/?post_type=product&p=88287\",\"url\":\"https:\/\/felgenforum.shop\/?post_type=product&p=88287\",\"name\":\"DM08 18 Zoll Winterr\u00e4der Winterreifen Komplettr\u00e4der f\u00fcr Audi A4 S4 B8 B9 Sline g\u00fcnstig kaufen - Felgenforum\",\"isPartOf\":{\"@id\":\"https:\/\/felgenforum.shop\/#website\"},\"primaryImageOfPage\":{\"@id\":\"https:\/\/felgenforum.shop\/?post_type=product&p=88287#primaryimage\"},\"image\":{\"@id\":\"https:\/\/felgenforum.shop\/?post_type=product&p=88287#primaryimage\"},\"thumbnailUrl\":\"https:\/\/felgenforum.shop\/wp-content\/uploads\/2025\/09\/57-299.webp\",\"datePublished\":\"2025-09-14T14:11:42+00:00\",\"dateModified\":\"2026-04-05T16:18:34+00:00\",\"description\":\"DM08 18 Zoll Winterr\u00e4der Winterreifen Komplettr\u00e4der f\u00fcr Audi A4 S4 B8 B9 Sline online bestellen \u2794 Gepr\u00fcfte Qualit\u00e4t, Top Marken & schneller Versand \u2714 Jetzt sicher bei Felgenforum kaufen!\",\"breadcrumb\":{\"@id\":\"https:\/\/felgenforum.shop\/?post_type=product&p=88287#breadcrumb\"},\"inLanguage\":\"en-GB\",\"potentialAction\":[{\"@type\":\"ReadAction\",\"target\":[\"https:\/\/felgenforum.shop\/?post_type=product&p=88287\"]}]},{\"@type\":\"ImageObject\",\"inLanguage\":\"en-GB\",\"@id\":\"https:\/\/felgenforum.shop\/?post_type=product&p=88287#primaryimage\",\"url\":\"https:\/\/felgenforum.shop\/wp-content\/uploads\/2025\/09\/57-299.webp\",\"contentUrl\":\"https:\/\/felgenforum.shop\/wp-content\/uploads\/2025\/09\/57-299.webp\",\"width\":1175,\"height\":1000},{\"@type\":\"BreadcrumbList\",\"@id\":\"https:\/\/felgenforum.shop\/?post_type=product&p=88287#breadcrumb\",\"itemListElement\":[{\"@type\":\"ListItem\",\"position\":1,\"name\":\"Startseite\",\"item\":\"https:\/\/felgenforum.shop\/\"},{\"@type\":\"ListItem\",\"position\":2,\"name\":\"Shop\",\"item\":\"https:\/\/felgenforum.shop\/shop\/\"},{\"@type\":\"ListItem\",\"position\":3,\"name\":\"DM08 18 Zoll Winterr\u00e4der Winterreifen Komplettr\u00e4der f\u00fcr Audi A4 S4 B8 B9 Sline\"}]},{\"@type\":\"WebSite\",\"@id\":\"https:\/\/felgenforum.shop\/#website\",\"url\":\"https:\/\/felgenforum.shop\/\",\"name\":\"Felgenforum\",\"description\":\"\",\"potentialAction\":[{\"@type\":\"SearchAction\",\"target\":{\"@type\":\"EntryPoint\",\"urlTemplate\":\"https:\/\/felgenforum.shop\/?s={search_term_string}\"},\"query-input\":{\"@type\":\"PropertyValueSpecification\",\"valueRequired\":true,\"valueName\":\"search_term_string\"}}],\"inLanguage\":\"en-GB\"}]}<\/script>\n<!-- \/ Yoast SEO plugin. -->","yoast_head_json":{"title":"DM08 18 Zoll Winterr\u00e4der Winterreifen Komplettr\u00e4der f\u00fcr Audi A4 S4 B8 B9 Sline g\u00fcnstig kaufen - Felgenforum","description":"DM08 18 Zoll Winterr\u00e4der Winterreifen Komplettr\u00e4der f\u00fcr Audi A4 S4 B8 B9 Sline online bestellen \u2794 Gepr\u00fcfte Qualit\u00e4t, Top Marken & schneller Versand \u2714 Jetzt sicher bei Felgenforum kaufen!","robots":{"index":"index","follow":"follow","max-snippet":"max-snippet:-1","max-image-preview":"max-image-preview:large","max-video-preview":"max-video-preview:-1"},"canonical":"https:\/\/felgenforum.shop\/en\/?post_type=product&p=88287","og_locale":"en_GB","og_type":"article","og_title":"DM08 18 Zoll Winterr\u00e4der Winterreifen Komplettr\u00e4der f\u00fcr Audi A4 S4 B8 B9 Sline g\u00fcnstig kaufen - Felgenforum","og_description":"DM08 18 Zoll Winterr\u00e4der Winterreifen Komplettr\u00e4der f\u00fcr Audi A4 S4 B8 B9 Sline online bestellen \u2794 Gepr\u00fcfte Qualit\u00e4t, Top Marken & schneller Versand \u2714 Jetzt sicher bei Felgenforum kaufen!","og_url":"https:\/\/felgenforum.shop\/en\/?post_type=product&p=88287","og_site_name":"Felgenforum","article_modified_time":"2026-04-05T16:18:34+00:00","og_image":[{"width":1175,"height":1000,"url":"https:\/\/felgenforum.shop\/wp-content\/uploads\/2025\/09\/57-299.png","type":"image\/png"}],"twitter_card":"summary_large_image","twitter_misc":{"Est. reading time":"1 minute"},"schema":{"@context":"https:\/\/schema.org","@graph":[{"@type":"WebPage","@id":"https:\/\/felgenforum.shop\/?post_type=product&p=88287","url":"https:\/\/felgenforum.shop\/?post_type=product&p=88287","name":"DM08 18 Zoll Winterr\u00e4der Winterreifen Komplettr\u00e4der f\u00fcr Audi A4 S4 B8 B9 Sline g\u00fcnstig kaufen - Felgenforum","isPartOf":{"@id":"https:\/\/felgenforum.shop\/#website"},"primaryImageOfPage":{"@id":"https:\/\/felgenforum.shop\/?post_type=product&p=88287#primaryimage"},"image":{"@id":"https:\/\/felgenforum.shop\/?post_type=product&p=88287#primaryimage"},"thumbnailUrl":"https:\/\/felgenforum.shop\/wp-content\/uploads\/2025\/09\/57-299.webp","datePublished":"2025-09-14T14:11:42+00:00","dateModified":"2026-04-05T16:18:34+00:00","description":"DM08 18 Zoll Winterr\u00e4der Winterreifen Komplettr\u00e4der f\u00fcr Audi A4 S4 B8 B9 Sline online bestellen \u2794 Gepr\u00fcfte Qualit\u00e4t, Top Marken & schneller Versand \u2714 Jetzt sicher bei Felgenforum kaufen!","breadcrumb":{"@id":"https:\/\/felgenforum.shop\/?post_type=product&p=88287#breadcrumb"},"inLanguage":"en-GB","potentialAction":[{"@type":"ReadAction","target":["https:\/\/felgenforum.shop\/?post_type=product&p=88287"]}]},{"@type":"ImageObject","inLanguage":"en-GB","@id":"https:\/\/felgenforum.shop\/?post_type=product&p=88287#primaryimage","url":"https:\/\/felgenforum.shop\/wp-content\/uploads\/2025\/09\/57-299.webp","contentUrl":"https:\/\/felgenforum.shop\/wp-content\/uploads\/2025\/09\/57-299.webp","width":1175,"height":1000},{"@type":"BreadcrumbList","@id":"https:\/\/felgenforum.shop\/?post_type=product&p=88287#breadcrumb","itemListElement":[{"@type":"ListItem","position":1,"name":"Startseite","item":"https:\/\/felgenforum.shop\/"},{"@type":"ListItem","position":2,"name":"Shop","item":"https:\/\/felgenforum.shop\/shop\/"},{"@type":"ListItem","position":3,"name":"DM08 18 Zoll Winterr\u00e4der Winterreifen Komplettr\u00e4der f\u00fcr Audi A4 S4 B8 B9 Sline"}]},{"@type":"WebSite","@id":"https:\/\/felgenforum.shop\/#website","url":"https:\/\/felgenforum.shop\/","name":"Rim forum","description":"","potentialAction":[{"@type":"SearchAction","target":{"@type":"EntryPoint","urlTemplate":"https:\/\/felgenforum.shop\/?s={search_term_string}"},"query-input":{"@type":"PropertyValueSpecification","valueRequired":true,"valueName":"search_term_string"}}],"inLanguage":"en-GB"}]}},"_links":{"self":[{"href":"https:\/\/felgenforum.shop\/en\/wp-json\/wp\/v2\/product\/88287","targetHints":{"allow":["GET"]}}],"collection":[{"href":"https:\/\/felgenforum.shop\/en\/wp-json\/wp\/v2\/product"}],"about":[{"href":"https:\/\/felgenforum.shop\/en\/wp-json\/wp\/v2\/types\/product"}],"replies":[{"embeddable":true,"href":"https:\/\/felgenforum.shop\/en\/wp-json\/wp\/v2\/comments?post=88287"}],"wp:featuredmedia":[{"embeddable":true,"href":"https:\/\/felgenforum.shop\/en\/wp-json\/wp\/v2\/media\/88375"}],"wp:attachment":[{"href":"https:\/\/felgenforum.shop\/en\/wp-json\/wp\/v2\/media?parent=88287"}],"wp:term":[{"taxonomy":"product_brand","embeddable":true,"href":"https:\/\/felgenforum.shop\/en\/wp-json\/wp\/v2\/product_brand?post=88287"},{"taxonomy":"product_cat","embeddable":true,"href":"https:\/\/felgenforum.shop\/en\/wp-json\/wp\/v2\/product_cat?post=88287"},{"taxonomy":"product_tag","embeddable":true,"href":"https:\/\/felgenforum.shop\/en\/wp-json\/wp\/v2\/product_tag?post=88287"}],"curies":[{"name":"wp","href":"https:\/\/api.w.org\/{rel}","templated":true}]}}