{"id":88191,"date":"2025-09-14T15:41:41","date_gmt":"2025-09-14T13:41:41","guid":{"rendered":"https:\/\/felgenforum.shop\/?post_type=product&p=88191"},"modified":"2026-04-25T15:11:49","modified_gmt":"2026-04-25T13:11:49","slug":"18-zoll-felgen-dm08-schwarz-fuer-mercedes-c-slk-e-cls-klasse-w203-r172-w211-w213-2","status":"publish","type":"product","link":"https:\/\/felgenforum.shop\/en\/product\/18-zoll-felgen-dm08-schwarz-fuer-mercedes-c-slk-e-cls-klasse-w203-r172-w211-w213-2\/","title":{"rendered":"18-inch DM08 black rims for Mercedes C SLK E CLS Class W203 R172 W211 W213"},"content":{"rendered":"<h3>Welcome to an offer from Felgenforum.shop<\/h3>\n<p>In this offer we offer you a NEW set of Damina DM08 alloy wheels in glossy black including ABE.<\/p>\n<p>NEW &amp; in original packaging.<\/p>\n<h3>Scope of delivery:<\/h3>\n<ul>\n<li>4 x Damina DM08 8&#215;18 ET35 5&#215;112 schwarz gl\u00e4nzend<\/li>\n<li>2x\u00a02x 225\/40R18 92 (Z) Y Hankook &#8211; Ventus S1 EVO3 (K127) XL<\/li>\n<li>2x\u00a0245\/35R18 92 (Z) Y Hankook &#8211; Ventus S1 EVO3 (K127) XL<\/li>\n<li>Complete mounting hardware (if required according to the ABE)<\/li>\n<li>4x Damina hubcaps<\/li>\n<li>(Vehicle manufacturer&#039;s hubcap not included)<\/li>\n<li>1x Expert report (ABE)<\/li>\n<li>In most cases, the rims are therefore registration-free. If you have any questions about fitment or any registration requirements, our experienced team will be happy to help :).<\/li>\n<li>Please be sure to specify your vehicle after purchase.<\/li>\n<li>We offer this model in many other sizes and colors; please contact us if you have any other requests.<\/li>\n<\/ul>\n<h3>&gt;&gt;&gt;Complete wheels<\/h3>\n<h3>We are happy to offer you the desired rims as ready-to-install complete wheels with a tire of your choice.<\/h3>\n<p>Feel free to send us a non-binding inquiry :).<\/p>\n<p>The rims are the correct size for the following vehicles:<\/p>\n<h3>Audi<\/h3>\n<ul>\n<li>A3 S3 8P 8P1 8V GY\u00a0<\/li>\n<li>A4 S4 B8 B81 B9<\/li>\n<li>A6 S6 4F 4F1 C6 4G 4G1 C7 F2 C8<\/li>\n<li>A8 4E 8H<\/li>\n<li>TT TTS TTRS 8J 8S FV<\/li>\n<li>Q2 SQ2 GA<\/li>\n<li>Q3 8U 8U1<\/li>\n<\/ul>\n<h3>Volkswagen<\/h3>\n<ul>\n<li>Arteon 3H<\/li>\n<li>Beetle 2<\/li>\n<li>EOS<\/li>\n<li>Passat B6 B7 B8<\/li>\n<li>Passat CC<\/li>\n<li>Phaeton 3D<\/li>\n<li>Sirocco<\/li>\n<li>Tiguan 5N1 5N2<\/li>\n<li>T-ROC A1<\/li>\n<\/ul>\n<h3>Mercedes Benz<\/h3>\n<ul>\n<li>C-Class W203<\/li>\n<li>CLK W208 W09<\/li>\n<li>CLC W203<\/li>\n<li>E-Class W211 W212 W213 all body styles<\/li>\n<li>CL Class C215 C216<\/li>\n<li>GLK X204<\/li>\n<li>S-Class W220 W221 W222<\/li>\n<li>SLK R170 R171 R172<\/li>\n<li>Seat<\/li>\n<li>Ateca 5FP also Cupra<\/li>\n<li>Karoq NU<\/li>\n<li>Tarraco<\/li>\n<\/ul>\n<h3>Skoda<\/h3>\n<ul>\n<li>Octavia NX<\/li>\n<li>Superb 2 3 4 3T<\/li>\n<li>Kodiaq<\/li>\n<li>Yeti 5L<\/li>\n<\/ul>","protected":false},"excerpt":{"rendered":"<p>A set (4 pieces) of ready-to-ride Damina complete wheels, professionally mounted and balanced.<\/p>\n<p><strong>Rim details:<\/strong> 8&#215;18 Zoll.<br \/><strong>Tire details:<\/strong> Hankook .<\/p>","protected":false},"featured_media":88200,"comment_status":"open","ping_status":"closed","template":"","meta":[],"product_brand":[],"product_cat":[1677,1196,1470],"product_tag":[],"class_list":{"0":"post-88191","1":"product","2":"type-product","3":"status-publish","4":"has-post-thumbnail","6":"product_cat-18-zoll-sommerraeder-mercedes","7":"product_cat-komplettraeder-sommer","8":"product_cat-mercedes-komplettraeder-sommer","9":"product_shipping_class-komplettrad","10":"pa_anzahl-der-komplettraeder-1433","11":"pa_einpresstiefe-et-1460","12":"pa_fahrzeugmarke-mercedes","13":"pa_felgenbreite-1474","14":"pa_felgenfarbe-schwarz","15":"pa_felgenhersteller-damina","16":"pa_felgenmodell-dm08","17":"pa_lochzahl-1447","18":"pa_reifenbreite-1432","19":"pa_reifendurchmesser-1674","20":"pa_reifenhersteller-hankook","21":"pa_reifenquerschnitt-1571","22":"pa_reifenspezifikation-sommerreifen","23":"pa_zollgroesse-1482","25":"first","26":"instock","27":"sale","28":"taxable","29":"shipping-taxable","30":"purchasable","31":"product-type-simple"},"yoast_head":"<title>18 Zoll Felgen DM08 schwarz f\u00fcr Mercedes C SLK E CLS Klasse W203 R172 W211 W213 g\u00fcnstig kaufen - Felgenforum<\/title>\n<meta name=\"description\" content=\"18 Zoll Felgen DM08 schwarz f\u00fcr Mercedes C SLK E CLS Klasse W203 R172 W211 W213 online bestellen \u2794 Gepr\u00fcfte Qualit\u00e4t, Top Marken &amp; schneller Versand \u2714 Jetzt sicher bei Felgenforum kaufen!\" \/>\n<meta name=\"robots\" content=\"index, follow, max-snippet:-1, max-image-preview:large, max-video-preview:-1\" \/>\n<link rel=\"canonical\" href=\"https:\/\/felgenforum.shop\/en\/?post_type=product&p=88191\" \/>\n<meta property=\"og:locale\" content=\"en_GB\" \/>\n<meta property=\"og:type\" content=\"article\" \/>\n<meta property=\"og:title\" content=\"18 Zoll Felgen DM08 schwarz f\u00fcr Mercedes C SLK E CLS Klasse W203 R172 W211 W213 g\u00fcnstig kaufen - Felgenforum\" \/>\n<meta property=\"og:description\" content=\"18 Zoll Felgen DM08 schwarz f\u00fcr Mercedes C SLK E CLS Klasse W203 R172 W211 W213 online bestellen \u2794 Gepr\u00fcfte Qualit\u00e4t, Top Marken &amp; schneller Versand \u2714 Jetzt sicher bei Felgenforum kaufen!\" \/>\n<meta property=\"og:url\" content=\"https:\/\/felgenforum.shop\/en\/?post_type=product&amp;p=88191\" \/>\n<meta property=\"og:site_name\" content=\"Felgenforum\" \/>\n<meta property=\"article:modified_time\" content=\"2026-04-25T13:11:49+00:00\" \/>\n<meta property=\"og:image\" content=\"https:\/\/felgenforum.shop\/wp-content\/uploads\/2025\/09\/57-4746.jpg\" \/>\n\t<meta property=\"og:image:width\" content=\"919\" \/>\n\t<meta property=\"og:image:height\" content=\"1000\" \/>\n\t<meta property=\"og:image:type\" content=\"image\/jpeg\" \/>\n<meta name=\"twitter:card\" content=\"summary_large_image\" \/>\n<meta name=\"twitter:label1\" content=\"Est. reading time\" \/>\n\t<meta name=\"twitter:data1\" content=\"1 minute\" \/>\n<script type=\"application\/ld+json\" class=\"yoast-schema-graph\">{\"@context\":\"https:\\\/\\\/schema.org\",\"@graph\":[{\"@type\":\"WebPage\",\"@id\":\"https:\\\/\\\/felgenforum.shop\\\/?post_type=product&p=88191\",\"url\":\"https:\\\/\\\/felgenforum.shop\\\/?post_type=product&p=88191\",\"name\":\"18 Zoll Felgen DM08 schwarz f\u00fcr Mercedes C SLK E CLS Klasse W203 R172 W211 W213 g\u00fcnstig kaufen - Felgenforum\",\"isPartOf\":{\"@id\":\"https:\\\/\\\/felgenforum.shop\\\/#website\"},\"primaryImageOfPage\":{\"@id\":\"https:\\\/\\\/felgenforum.shop\\\/?post_type=product&p=88191#primaryimage\"},\"image\":{\"@id\":\"https:\\\/\\\/felgenforum.shop\\\/?post_type=product&p=88191#primaryimage\"},\"thumbnailUrl\":\"https:\\\/\\\/felgenforum.shop\\\/wp-content\\\/uploads\\\/2025\\\/09\\\/57-4746.webp\",\"datePublished\":\"2025-09-14T13:41:41+00:00\",\"dateModified\":\"2026-04-25T13:11:49+00:00\",\"description\":\"18 Zoll Felgen DM08 schwarz f\u00fcr Mercedes C SLK E CLS Klasse W203 R172 W211 W213 online bestellen \u2794 Gepr\u00fcfte Qualit\u00e4t, Top Marken & schneller Versand \u2714 Jetzt sicher bei Felgenforum kaufen!\",\"breadcrumb\":{\"@id\":\"https:\\\/\\\/felgenforum.shop\\\/?post_type=product&p=88191#breadcrumb\"},\"inLanguage\":\"en-GB\",\"potentialAction\":[{\"@type\":\"ReadAction\",\"target\":[\"https:\\\/\\\/felgenforum.shop\\\/?post_type=product&p=88191\"]}]},{\"@type\":\"ImageObject\",\"inLanguage\":\"en-GB\",\"@id\":\"https:\\\/\\\/felgenforum.shop\\\/?post_type=product&p=88191#primaryimage\",\"url\":\"https:\\\/\\\/felgenforum.shop\\\/wp-content\\\/uploads\\\/2025\\\/09\\\/57-4746.webp\",\"contentUrl\":\"https:\\\/\\\/felgenforum.shop\\\/wp-content\\\/uploads\\\/2025\\\/09\\\/57-4746.webp\",\"width\":919,\"height\":1000},{\"@type\":\"BreadcrumbList\",\"@id\":\"https:\\\/\\\/felgenforum.shop\\\/?post_type=product&p=88191#breadcrumb\",\"itemListElement\":[{\"@type\":\"ListItem\",\"position\":1,\"name\":\"Startseite\",\"item\":\"https:\\\/\\\/felgenforum.shop\\\/\"},{\"@type\":\"ListItem\",\"position\":2,\"name\":\"Shop\",\"item\":\"https:\\\/\\\/felgenforum.shop\\\/shop\\\/\"},{\"@type\":\"ListItem\",\"position\":3,\"name\":\"18 Zoll Felgen DM08 schwarz f\u00fcr Mercedes C SLK E CLS Klasse W203 R172 W211 W213\"}]},{\"@type\":\"WebSite\",\"@id\":\"https:\\\/\\\/felgenforum.shop\\\/#website\",\"url\":\"https:\\\/\\\/felgenforum.shop\\\/\",\"name\":\"Felgenforum\",\"description\":\"\",\"potentialAction\":[{\"@type\":\"SearchAction\",\"target\":{\"@type\":\"EntryPoint\",\"urlTemplate\":\"https:\\\/\\\/felgenforum.shop\\\/?s={search_term_string}\"},\"query-input\":{\"@type\":\"PropertyValueSpecification\",\"valueRequired\":true,\"valueName\":\"search_term_string\"}}],\"inLanguage\":\"en-GB\"}]}<\/script>","yoast_head_json":{"title":"18 Zoll Felgen DM08 schwarz f\u00fcr Mercedes C SLK E CLS Klasse W203 R172 W211 W213 g\u00fcnstig kaufen - Felgenforum","description":"18 Zoll Felgen DM08 schwarz f\u00fcr Mercedes C SLK E CLS Klasse W203 R172 W211 W213 online bestellen \u2794 Gepr\u00fcfte Qualit\u00e4t, Top Marken & schneller Versand \u2714 Jetzt sicher bei Felgenforum kaufen!","robots":{"index":"index","follow":"follow","max-snippet":"max-snippet:-1","max-image-preview":"max-image-preview:large","max-video-preview":"max-video-preview:-1"},"canonical":"https:\/\/felgenforum.shop\/en\/?post_type=product&p=88191","og_locale":"en_GB","og_type":"article","og_title":"18 Zoll Felgen DM08 schwarz f\u00fcr Mercedes C SLK E CLS Klasse W203 R172 W211 W213 g\u00fcnstig kaufen - Felgenforum","og_description":"18 Zoll Felgen DM08 schwarz f\u00fcr Mercedes C SLK E CLS Klasse W203 R172 W211 W213 online bestellen \u2794 Gepr\u00fcfte Qualit\u00e4t, Top Marken & schneller Versand \u2714 Jetzt sicher bei Felgenforum kaufen!","og_url":"https:\/\/felgenforum.shop\/en\/?post_type=product&p=88191","og_site_name":"Felgenforum","article_modified_time":"2026-04-25T13:11:49+00:00","og_image":[{"width":919,"height":1000,"url":"https:\/\/felgenforum.shop\/wp-content\/uploads\/2025\/09\/57-4746.jpg","type":"image\/jpeg"}],"twitter_card":"summary_large_image","twitter_misc":{"Est. reading time":"1 minute"},"schema":{"@context":"https:\/\/schema.org","@graph":[{"@type":"WebPage","@id":"https:\/\/felgenforum.shop\/?post_type=product&p=88191","url":"https:\/\/felgenforum.shop\/?post_type=product&p=88191","name":"18 Zoll Felgen DM08 schwarz f\u00fcr Mercedes C SLK E CLS Klasse W203 R172 W211 W213 g\u00fcnstig kaufen - Felgenforum","isPartOf":{"@id":"https:\/\/felgenforum.shop\/#website"},"primaryImageOfPage":{"@id":"https:\/\/felgenforum.shop\/?post_type=product&p=88191#primaryimage"},"image":{"@id":"https:\/\/felgenforum.shop\/?post_type=product&p=88191#primaryimage"},"thumbnailUrl":"https:\/\/felgenforum.shop\/wp-content\/uploads\/2025\/09\/57-4746.webp","datePublished":"2025-09-14T13:41:41+00:00","dateModified":"2026-04-25T13:11:49+00:00","description":"18 Zoll Felgen DM08 schwarz f\u00fcr Mercedes C SLK E CLS Klasse W203 R172 W211 W213 online bestellen \u2794 Gepr\u00fcfte Qualit\u00e4t, Top Marken & schneller Versand \u2714 Jetzt sicher bei Felgenforum kaufen!","breadcrumb":{"@id":"https:\/\/felgenforum.shop\/?post_type=product&p=88191#breadcrumb"},"inLanguage":"en-GB","potentialAction":[{"@type":"ReadAction","target":["https:\/\/felgenforum.shop\/?post_type=product&p=88191"]}]},{"@type":"ImageObject","inLanguage":"en-GB","@id":"https:\/\/felgenforum.shop\/?post_type=product&p=88191#primaryimage","url":"https:\/\/felgenforum.shop\/wp-content\/uploads\/2025\/09\/57-4746.webp","contentUrl":"https:\/\/felgenforum.shop\/wp-content\/uploads\/2025\/09\/57-4746.webp","width":919,"height":1000},{"@type":"BreadcrumbList","@id":"https:\/\/felgenforum.shop\/?post_type=product&p=88191#breadcrumb","itemListElement":[{"@type":"ListItem","position":1,"name":"Startseite","item":"https:\/\/felgenforum.shop\/"},{"@type":"ListItem","position":2,"name":"Shop","item":"https:\/\/felgenforum.shop\/shop\/"},{"@type":"ListItem","position":3,"name":"18 Zoll Felgen DM08 schwarz f\u00fcr Mercedes C SLK E CLS Klasse W203 R172 W211 W213"}]},{"@type":"WebSite","@id":"https:\/\/felgenforum.shop\/#website","url":"https:\/\/felgenforum.shop\/","name":"Rim forum","description":"","potentialAction":[{"@type":"SearchAction","target":{"@type":"EntryPoint","urlTemplate":"https:\/\/felgenforum.shop\/?s={search_term_string}"},"query-input":{"@type":"PropertyValueSpecification","valueRequired":true,"valueName":"search_term_string"}}],"inLanguage":"en-GB"}]}},"_links":{"self":[{"href":"https:\/\/felgenforum.shop\/en\/wp-json\/wp\/v2\/product\/88191","targetHints":{"allow":["GET"]}}],"collection":[{"href":"https:\/\/felgenforum.shop\/en\/wp-json\/wp\/v2\/product"}],"about":[{"href":"https:\/\/felgenforum.shop\/en\/wp-json\/wp\/v2\/types\/product"}],"replies":[{"embeddable":true,"href":"https:\/\/felgenforum.shop\/en\/wp-json\/wp\/v2\/comments?post=88191"}],"wp:featuredmedia":[{"embeddable":true,"href":"https:\/\/felgenforum.shop\/en\/wp-json\/wp\/v2\/media\/88200"}],"wp:attachment":[{"href":"https:\/\/felgenforum.shop\/en\/wp-json\/wp\/v2\/media?parent=88191"}],"wp:term":[{"taxonomy":"product_brand","embeddable":true,"href":"https:\/\/felgenforum.shop\/en\/wp-json\/wp\/v2\/product_brand?post=88191"},{"taxonomy":"product_cat","embeddable":true,"href":"https:\/\/felgenforum.shop\/en\/wp-json\/wp\/v2\/product_cat?post=88191"},{"taxonomy":"product_tag","embeddable":true,"href":"https:\/\/felgenforum.shop\/en\/wp-json\/wp\/v2\/product_tag?post=88191"}],"curies":[{"name":"wp","href":"https:\/\/api.w.org\/{rel}","templated":true}]}}