{"id":87350,"date":"2025-09-14T13:51:43","date_gmt":"2025-09-14T11:51:43","guid":{"rendered":"https:\/\/felgenforum.shop\/?post_type=product&p=87350"},"modified":"2026-04-06T10:29:30","modified_gmt":"2026-04-06T08:29:30","slug":"kt22-19-zoll-sommerraeder-sommerkomplettraeder-audi-a4-b8-q2-ga-q3-8u-tt-tts-8j-8s-3","status":"publish","type":"product","link":"https:\/\/felgenforum.shop\/en\/product\/kt22-19-zoll-sommerraeder-sommerkomplettraeder-audi-a4-b8-q2-ga-q3-8u-tt-tts-8j-8s-3\/","title":{"rendered":"KT22 19 Zoll Sommerr\u00e4der Sommerkomplettr\u00e4der Audi A4 B8 Q2 GA Q3 8U TT TTS 8J 8S"},"content":{"rendered":"<h3>Welcome to an offer from Felgenforum.shop<\/h3>\n<p>In this offer we offer you a NEW set of summer complete wheels in glossy black including ABE (German type approval).<\/p>\n<p>4x fully pre-assembled and balanced complete wheels<\/p>\n<p>consisting of:<\/p>\n<p>4x Alufelge Keskin KT22 schwarz hornpoliert 8,5&#215;19 ET45 LK5\/112<\/p>\n<p>+<\/p>\n<p>4x summer tires 225\/40 R19 93Y from current daily purchase<\/p>\n<p>fully assembled and balanced<\/p>\n<p>(including black weights and black metal valves)<\/p>\n<p>NEW &amp; in original packaging.<\/p>\n<h3>Scope of delivery:<\/h3>\n<ul>\n<li>4 x\u00a0Keskin KT22\u00a08,5&#215;19 ET45 5&#215;112 schwarz hornpoliert<\/li>\n<li>Complete mounting hardware (if required according to the ABE)<\/li>\n<li>4x summer tires from current daily purchase 225\/40 R19 93Y<\/li>\n<li>4x Nabendeckel\u00a0Keskin<\/li>\n<li>(Vehicle manufacturer&#039;s hubcap not included)<\/li>\n<li>1x Expert report (ABE)<\/li>\n<li>In most cases, the complete wheel sets are therefore registration-free. If you have any questions about fitment or any registration requirements, our experienced team will be happy to assist you :).<\/li>\n<li>Please be sure to specify your vehicle after purchase.<\/li>\n<li>We offer this model in many other sizes and colors; please contact us if you have any other requests.<\/li>\n<li>&gt;&gt;&gt;Wishful tires<\/li>\n<li>Do you have a specific request regarding tire brand or tire quality? No problem!<\/li>\n<li>We would be happy to create individual complete wheel offers for you :).<\/li>\n<li>The complete wheels are suitable for, among others:<\/li>\n<\/ul>\n<h3>Audi<\/h3>\n<ul>\n<li>A4 B8<\/li>\n<li>TT 8J 8S<\/li>\n<li>Q2 GA<\/li>\n<li>Q3 8U<\/li>\n<li>Seat<\/li>\n<li>Ateca 5FP<\/li>\n<\/ul>\n<h3>Skoda<\/h3>\n<ul>\n<li>Karoq NU<\/li>\n<\/ul>\n<h3>Volkswagen<\/h3>\n<ul>\n<li>Passat B8<\/li>\n<li>TROC A1<\/li>\n<\/ul>\n<h3>Mercedes Benz<\/h3>\n<ul>\n<li>A-Class W177<\/li>\n<li>C-Class W205 S205<\/li>\n<li>CLA Class C118<\/li>\n<\/ul>","protected":false},"excerpt":{"rendered":"<p>Ein Satz (4 St\u00fcck) hochwertige Marken-Alufelgen, Modell KT22 Retro, in der Gr\u00f6\u00dfe 8.5&#215;19 Zoll, Lochkreis 112 mit 5 Loch. Professionell gepr\u00fcft und versandfertig verpackt.<\/p>","protected":false},"featured_media":87593,"comment_status":"open","ping_status":"closed","template":"","meta":[],"product_brand":[],"product_cat":[1585,1584,1196],"product_tag":[],"class_list":{"0":"post-87350","1":"product","2":"type-product","3":"status-publish","4":"has-post-thumbnail","6":"product_cat-19-zoll-sommerraeder-audi","7":"product_cat-audi-komplettraeder-sommer","8":"product_cat-komplettraeder-sommer","9":"pa_einpresstiefe-et-1508","10":"pa_fahrzeugmarke-audi","11":"pa_farbe-schwarz-frontpoliert","12":"pa_felgenbreite-8-5","13":"pa_felgenmaterial-alu","14":"pa_felgenmodell-kt22","15":"pa_hersteller-keskin","16":"pa_herstellernummer-kt228519511245bfp","17":"pa_lochkreis-1439","18":"pa_lochzahl-1447","19":"pa_maximale-traglast-1687","20":"pa_mittenlochbohrung-72-6","21":"pa_modell-kt22-retro","22":"pa_reifenbreite-1432","23":"pa_reifendurchmesser-1436","24":"pa_reifenquerschnitt-1571","25":"pa_zollgroesse-1448","27":"first","28":"instock","29":"sale","30":"taxable","31":"shipping-taxable","32":"purchasable","33":"product-type-simple"},"yoast_head":"<!-- This site is optimized with the Yoast SEO plugin v27.2 - https:\/\/yoast.com\/product\/yoast-seo-wordpress\/ -->\n<title>KT22 19 Zoll Sommerr\u00e4der Sommerkomplettr\u00e4der Audi A4 B8 Q2 GA Q3 8U TT TTS 8J 8S g\u00fcnstig kaufen - Felgenforum<\/title>\n<meta name=\"description\" content=\"KT22 19 Zoll Sommerr\u00e4der Sommerkomplettr\u00e4der Audi A4 B8 Q2 GA Q3 8U TT TTS 8J 8S online bestellen \u2794 Gepr\u00fcfte Qualit\u00e4t, Top Marken &amp; schneller Versand \u2714 Jetzt sicher bei Felgenforum kaufen!\" \/>\n<meta name=\"robots\" content=\"index, follow, max-snippet:-1, max-image-preview:large, max-video-preview:-1\" \/>\n<link rel=\"canonical\" href=\"https:\/\/felgenforum.shop\/en\/?post_type=product&p=87350\" \/>\n<meta property=\"og:locale\" content=\"en_GB\" \/>\n<meta property=\"og:type\" content=\"article\" \/>\n<meta property=\"og:title\" content=\"KT22 19 Zoll Sommerr\u00e4der Sommerkomplettr\u00e4der Audi A4 B8 Q2 GA Q3 8U TT TTS 8J 8S g\u00fcnstig kaufen - Felgenforum\" \/>\n<meta property=\"og:description\" content=\"KT22 19 Zoll Sommerr\u00e4der Sommerkomplettr\u00e4der Audi A4 B8 Q2 GA Q3 8U TT TTS 8J 8S online bestellen \u2794 Gepr\u00fcfte Qualit\u00e4t, Top Marken &amp; schneller Versand \u2714 Jetzt sicher bei Felgenforum kaufen!\" \/>\n<meta property=\"og:url\" content=\"https:\/\/felgenforum.shop\/en\/?post_type=product&amp;p=87350\" \/>\n<meta property=\"og:site_name\" content=\"Felgenforum\" \/>\n<meta property=\"article:modified_time\" content=\"2026-04-06T08:29:30+00:00\" \/>\n<meta property=\"og:image\" content=\"https:\/\/felgenforum.shop\/wp-content\/uploads\/2025\/09\/57-4575.jpg\" \/>\n\t<meta property=\"og:image:width\" content=\"1018\" \/>\n\t<meta property=\"og:image:height\" content=\"1000\" \/>\n\t<meta property=\"og:image:type\" content=\"image\/jpeg\" \/>\n<meta name=\"twitter:card\" content=\"summary_large_image\" \/>\n<meta name=\"twitter:label1\" content=\"Est. reading time\" \/>\n\t<meta name=\"twitter:data1\" content=\"1 minute\" \/>\n<script type=\"application\/ld+json\" class=\"yoast-schema-graph\">{\"@context\":\"https:\/\/schema.org\",\"@graph\":[{\"@type\":\"WebPage\",\"@id\":\"https:\/\/felgenforum.shop\/?post_type=product&p=87350\",\"url\":\"https:\/\/felgenforum.shop\/?post_type=product&p=87350\",\"name\":\"KT22 19 Zoll Sommerr\u00e4der Sommerkomplettr\u00e4der Audi A4 B8 Q2 GA Q3 8U TT TTS 8J 8S g\u00fcnstig kaufen - Felgenforum\",\"isPartOf\":{\"@id\":\"https:\/\/felgenforum.shop\/#website\"},\"primaryImageOfPage\":{\"@id\":\"https:\/\/felgenforum.shop\/?post_type=product&p=87350#primaryimage\"},\"image\":{\"@id\":\"https:\/\/felgenforum.shop\/?post_type=product&p=87350#primaryimage\"},\"thumbnailUrl\":\"https:\/\/felgenforum.shop\/wp-content\/uploads\/2025\/09\/57-4575.webp\",\"datePublished\":\"2025-09-14T11:51:43+00:00\",\"dateModified\":\"2026-04-06T08:29:30+00:00\",\"description\":\"KT22 19 Zoll Sommerr\u00e4der Sommerkomplettr\u00e4der Audi A4 B8 Q2 GA Q3 8U TT TTS 8J 8S online bestellen \u2794 Gepr\u00fcfte Qualit\u00e4t, Top Marken & schneller Versand \u2714 Jetzt sicher bei Felgenforum kaufen!\",\"breadcrumb\":{\"@id\":\"https:\/\/felgenforum.shop\/?post_type=product&p=87350#breadcrumb\"},\"inLanguage\":\"en-GB\",\"potentialAction\":[{\"@type\":\"ReadAction\",\"target\":[\"https:\/\/felgenforum.shop\/?post_type=product&p=87350\"]}]},{\"@type\":\"ImageObject\",\"inLanguage\":\"en-GB\",\"@id\":\"https:\/\/felgenforum.shop\/?post_type=product&p=87350#primaryimage\",\"url\":\"https:\/\/felgenforum.shop\/wp-content\/uploads\/2025\/09\/57-4575.webp\",\"contentUrl\":\"https:\/\/felgenforum.shop\/wp-content\/uploads\/2025\/09\/57-4575.webp\",\"width\":1018,\"height\":1000},{\"@type\":\"BreadcrumbList\",\"@id\":\"https:\/\/felgenforum.shop\/?post_type=product&p=87350#breadcrumb\",\"itemListElement\":[{\"@type\":\"ListItem\",\"position\":1,\"name\":\"Startseite\",\"item\":\"https:\/\/felgenforum.shop\/\"},{\"@type\":\"ListItem\",\"position\":2,\"name\":\"Shop\",\"item\":\"https:\/\/felgenforum.shop\/shop\/\"},{\"@type\":\"ListItem\",\"position\":3,\"name\":\"KT22 19 Zoll Sommerr\u00e4der Sommerkomplettr\u00e4der Audi A4 B8 Q2 GA Q3 8U TT TTS 8J 8S\"}]},{\"@type\":\"WebSite\",\"@id\":\"https:\/\/felgenforum.shop\/#website\",\"url\":\"https:\/\/felgenforum.shop\/\",\"name\":\"Felgenforum\",\"description\":\"\",\"potentialAction\":[{\"@type\":\"SearchAction\",\"target\":{\"@type\":\"EntryPoint\",\"urlTemplate\":\"https:\/\/felgenforum.shop\/?s={search_term_string}\"},\"query-input\":{\"@type\":\"PropertyValueSpecification\",\"valueRequired\":true,\"valueName\":\"search_term_string\"}}],\"inLanguage\":\"en-GB\"}]}<\/script>\n<!-- \/ Yoast SEO plugin. -->","yoast_head_json":{"title":"KT22 19 Zoll Sommerr\u00e4der Sommerkomplettr\u00e4der Audi A4 B8 Q2 GA Q3 8U TT TTS 8J 8S g\u00fcnstig kaufen - Felgenforum","description":"KT22 19 Zoll Sommerr\u00e4der Sommerkomplettr\u00e4der Audi A4 B8 Q2 GA Q3 8U TT TTS 8J 8S online bestellen \u2794 Gepr\u00fcfte Qualit\u00e4t, Top Marken & schneller Versand \u2714 Jetzt sicher bei Felgenforum kaufen!","robots":{"index":"index","follow":"follow","max-snippet":"max-snippet:-1","max-image-preview":"max-image-preview:large","max-video-preview":"max-video-preview:-1"},"canonical":"https:\/\/felgenforum.shop\/en\/?post_type=product&p=87350","og_locale":"en_GB","og_type":"article","og_title":"KT22 19 Zoll Sommerr\u00e4der Sommerkomplettr\u00e4der Audi A4 B8 Q2 GA Q3 8U TT TTS 8J 8S g\u00fcnstig kaufen - Felgenforum","og_description":"KT22 19 Zoll Sommerr\u00e4der Sommerkomplettr\u00e4der Audi A4 B8 Q2 GA Q3 8U TT TTS 8J 8S online bestellen \u2794 Gepr\u00fcfte Qualit\u00e4t, Top Marken & schneller Versand \u2714 Jetzt sicher bei Felgenforum kaufen!","og_url":"https:\/\/felgenforum.shop\/en\/?post_type=product&p=87350","og_site_name":"Felgenforum","article_modified_time":"2026-04-06T08:29:30+00:00","og_image":[{"width":1018,"height":1000,"url":"https:\/\/felgenforum.shop\/wp-content\/uploads\/2025\/09\/57-4575.jpg","type":"image\/jpeg"}],"twitter_card":"summary_large_image","twitter_misc":{"Est. reading time":"1 minute"},"schema":{"@context":"https:\/\/schema.org","@graph":[{"@type":"WebPage","@id":"https:\/\/felgenforum.shop\/?post_type=product&p=87350","url":"https:\/\/felgenforum.shop\/?post_type=product&p=87350","name":"KT22 19 Zoll Sommerr\u00e4der Sommerkomplettr\u00e4der Audi A4 B8 Q2 GA Q3 8U TT TTS 8J 8S g\u00fcnstig kaufen - Felgenforum","isPartOf":{"@id":"https:\/\/felgenforum.shop\/#website"},"primaryImageOfPage":{"@id":"https:\/\/felgenforum.shop\/?post_type=product&p=87350#primaryimage"},"image":{"@id":"https:\/\/felgenforum.shop\/?post_type=product&p=87350#primaryimage"},"thumbnailUrl":"https:\/\/felgenforum.shop\/wp-content\/uploads\/2025\/09\/57-4575.webp","datePublished":"2025-09-14T11:51:43+00:00","dateModified":"2026-04-06T08:29:30+00:00","description":"KT22 19 Zoll Sommerr\u00e4der Sommerkomplettr\u00e4der Audi A4 B8 Q2 GA Q3 8U TT TTS 8J 8S online bestellen \u2794 Gepr\u00fcfte Qualit\u00e4t, Top Marken & schneller Versand \u2714 Jetzt sicher bei Felgenforum kaufen!","breadcrumb":{"@id":"https:\/\/felgenforum.shop\/?post_type=product&p=87350#breadcrumb"},"inLanguage":"en-GB","potentialAction":[{"@type":"ReadAction","target":["https:\/\/felgenforum.shop\/?post_type=product&p=87350"]}]},{"@type":"ImageObject","inLanguage":"en-GB","@id":"https:\/\/felgenforum.shop\/?post_type=product&p=87350#primaryimage","url":"https:\/\/felgenforum.shop\/wp-content\/uploads\/2025\/09\/57-4575.webp","contentUrl":"https:\/\/felgenforum.shop\/wp-content\/uploads\/2025\/09\/57-4575.webp","width":1018,"height":1000},{"@type":"BreadcrumbList","@id":"https:\/\/felgenforum.shop\/?post_type=product&p=87350#breadcrumb","itemListElement":[{"@type":"ListItem","position":1,"name":"Startseite","item":"https:\/\/felgenforum.shop\/"},{"@type":"ListItem","position":2,"name":"Shop","item":"https:\/\/felgenforum.shop\/shop\/"},{"@type":"ListItem","position":3,"name":"KT22 19 Zoll Sommerr\u00e4der Sommerkomplettr\u00e4der Audi A4 B8 Q2 GA Q3 8U TT TTS 8J 8S"}]},{"@type":"WebSite","@id":"https:\/\/felgenforum.shop\/#website","url":"https:\/\/felgenforum.shop\/","name":"Rim forum","description":"","potentialAction":[{"@type":"SearchAction","target":{"@type":"EntryPoint","urlTemplate":"https:\/\/felgenforum.shop\/?s={search_term_string}"},"query-input":{"@type":"PropertyValueSpecification","valueRequired":true,"valueName":"search_term_string"}}],"inLanguage":"en-GB"}]}},"_links":{"self":[{"href":"https:\/\/felgenforum.shop\/en\/wp-json\/wp\/v2\/product\/87350","targetHints":{"allow":["GET"]}}],"collection":[{"href":"https:\/\/felgenforum.shop\/en\/wp-json\/wp\/v2\/product"}],"about":[{"href":"https:\/\/felgenforum.shop\/en\/wp-json\/wp\/v2\/types\/product"}],"replies":[{"embeddable":true,"href":"https:\/\/felgenforum.shop\/en\/wp-json\/wp\/v2\/comments?post=87350"}],"wp:featuredmedia":[{"embeddable":true,"href":"https:\/\/felgenforum.shop\/en\/wp-json\/wp\/v2\/media\/87593"}],"wp:attachment":[{"href":"https:\/\/felgenforum.shop\/en\/wp-json\/wp\/v2\/media?parent=87350"}],"wp:term":[{"taxonomy":"product_brand","embeddable":true,"href":"https:\/\/felgenforum.shop\/en\/wp-json\/wp\/v2\/product_brand?post=87350"},{"taxonomy":"product_cat","embeddable":true,"href":"https:\/\/felgenforum.shop\/en\/wp-json\/wp\/v2\/product_cat?post=87350"},{"taxonomy":"product_tag","embeddable":true,"href":"https:\/\/felgenforum.shop\/en\/wp-json\/wp\/v2\/product_tag?post=87350"}],"curies":[{"name":"wp","href":"https:\/\/api.w.org\/{rel}","templated":true}]}}