{"id":86679,"date":"2025-09-14T12:01:38","date_gmt":"2025-09-14T10:01:38","guid":{"rendered":"https:\/\/felgenforum.shop\/?post_type=product&#038;p=86679"},"modified":"2026-04-25T15:11:23","modified_gmt":"2026-04-25T13:11:23","slug":"19-zoll-winterraeder-komplettraeder-hankook-dm08-fuer-bmw-x3-g01-g3x-x4-g02-g4x-2","status":"publish","type":"product","link":"https:\/\/felgenforum.shop\/en\/product\/19-zoll-winterraeder-komplettraeder-hankook-dm08-fuer-bmw-x3-g01-g3x-x4-g02-g4x-2\/","title":{"rendered":"19-inch winter wheels complete set Hankook DM08 for BMW X3 G01 G3x X4 G02 G4X"},"content":{"rendered":"<h3>Welcome to an offer from Felgenforum.shop<\/h3>\n<p>In this offer we offer you NEW winter wheels Damina DM08 alloy rims in anthracite gloss including ABE.<\/p>\n<p>NEW &amp; in original packaging.<\/p>\n<h3>Scope of delivery:<\/h3>\n<ul>\n<li>4 x\u00a0DM08\u00a08,5&#215;19 ET30 5&#215;112 anthrazit glanz<\/li>\n<li>4x Winterreifen\u00a0255\/45R19\u00a093V Hankook &#8211; Winter I*Cept EVO3\u00a0<\/li>\n<li>4x TPMS tire pressure sensors pre-programmed<\/li>\n<li>Complete mounting hardware (if required according to the ABE)<\/li>\n<li>4x Damina hubcaps<\/li>\n<li>1x Expert report (ABE)<\/li>\n<li>In most cases, the rims are therefore registration-free. If you have any questions about fitment or any registration requirements, our experienced team will be happy to help :).<\/li>\n<li>Please be sure to specify your vehicle after purchase.<\/li>\n<li>We offer this model in many other sizes and colors; please contact us if you have any other requests.<\/li>\n<\/ul>\n<h3>&gt;&gt;&gt;Complete wheels<\/h3>\n<h3>We are happy to offer you the desired rims as ready-to-install complete wheels with a tire of your choice.<\/h3>\n<p>Feel free to send us a non-binding inquiry :).<\/p>\n<p>The wheels are the right size for the following vehicles:<\/p>\n<h3>BMW<\/h3>\n<ul>\n<li>4er G26 G4C<\/li>\n<\/ul>","protected":false},"excerpt":{"rendered":"<p>A set (4 pieces) of ready-to-ride Damina complete wheels, professionally mounted and balanced.<\/p>\n<p><strong>Rim details:<\/strong> 8,5&#215;19 Zoll.<br \/><strong>Tire details:<\/strong> Hankook .<\/p>","protected":false},"featured_media":96275,"comment_status":"open","ping_status":"closed","template":"","meta":[],"product_brand":[],"product_cat":[1263,1205,1204],"product_tag":[],"class_list":{"0":"post-86679","1":"product","2":"type-product","3":"status-publish","4":"has-post-thumbnail","6":"product_cat-19-zoll-winterraeder-bmw","7":"product_cat-bmw","8":"product_cat-komplettraeder-winter","9":"product_shipping_class-komplettrad","10":"pa_anzahl-der-komplettraeder-1433","11":"pa_einpresstiefe-et-1450","12":"pa_fahrzeugmarke-bmw","13":"pa_felgenbreite-8-5","14":"pa_felgenfarbe-anthrazit-glanz","15":"pa_felgenhersteller-damina","16":"pa_felgenmaterial-aluminium","17":"pa_felgenmodell-dm08","18":"pa_geschwindigkeitsindex-v-bis-240-km-h","19":"pa_herstellernummer-felge-1805","20":"pa_lochzahl-1447","21":"pa_reifenbreite-1432","22":"pa_reifendurchmesser-1436","23":"pa_reifenhersteller-hankook","24":"pa_reifenquerschnitt-1504","25":"pa_reifenspezifikation-winterreifen","26":"pa_zollgroesse-1448","28":"first","29":"instock","30":"sale","31":"taxable","32":"shipping-taxable","33":"purchasable","34":"product-type-simple"},"yoast_head":"<title>19 Zoll Winterr\u00e4der Komplettr\u00e4der Hankook DM08 f\u00fcr BMW X3 G01 G3x X4 G02 G4X g\u00fcnstig kaufen - Felgenforum<\/title>\n<meta name=\"description\" content=\"Sichern Sie sich 19 Zoll Winterr\u00e4der Komplettr\u00e4der Hankook DM08 f\u00fcr Ihren BMW X3 oder X4. Beste Haftung bei Schnee und Eis. Jetzt g\u00fcnstig online kaufen!\" \/>\n<meta name=\"robots\" content=\"index, follow, max-snippet:-1, max-image-preview:large, max-video-preview:-1\" \/>\n<link rel=\"canonical\" href=\"https:\/\/felgenforum.shop\/en\/product\/19-zoll-winterraeder-komplettraeder-hankook-dm08-fuer-bmw-x3-g01-g3x-x4-g02-g4x-2\/\" \/>\n<meta property=\"og:locale\" content=\"en_GB\" \/>\n<meta property=\"og:type\" content=\"article\" \/>\n<meta property=\"og:title\" content=\"19 Zoll Winterr\u00e4der Komplettr\u00e4der Hankook DM08 f\u00fcr BMW X3 G01 G3x X4 G02 G4X g\u00fcnstig kaufen - Felgenforum\" \/>\n<meta property=\"og:description\" content=\"Sichern Sie sich 19 Zoll Winterr\u00e4der Komplettr\u00e4der Hankook DM08 f\u00fcr Ihren BMW X3 oder X4. Beste Haftung bei Schnee und Eis. Jetzt g\u00fcnstig online kaufen!\" \/>\n<meta property=\"og:url\" content=\"https:\/\/felgenforum.shop\/en\/product\/19-zoll-winterraeder-komplettraeder-hankook-dm08-fuer-bmw-x3-g01-g3x-x4-g02-g4x-2\/\" \/>\n<meta property=\"og:site_name\" content=\"Felgenforum\" \/>\n<meta property=\"article:modified_time\" content=\"2026-04-25T13:11:23+00:00\" \/>\n<meta property=\"og:image\" content=\"https:\/\/felgenforum.shop\/wp-content\/uploads\/2025\/09\/19-zoll-winterraeder-komplettraeder-hankook-dm08-fuer-bmw-x3-g01-g3x-x4-g02-g4x-featured-1000px.webp\" \/>\n\t<meta property=\"og:image:width\" content=\"1000\" \/>\n\t<meta property=\"og:image:height\" content=\"1000\" \/>\n\t<meta property=\"og:image:type\" content=\"image\/jpeg\" \/>\n<meta name=\"twitter:card\" content=\"summary_large_image\" \/>\n<meta name=\"twitter:label1\" content=\"Est. reading time\" \/>\n\t<meta name=\"twitter:data1\" content=\"1 minute\" \/>\n<script type=\"application\/ld+json\" class=\"yoast-schema-graph\">{\"@context\":\"https:\\\/\\\/schema.org\",\"@graph\":[{\"@type\":\"WebPage\",\"@id\":\"https:\\\/\\\/felgenforum.shop\\\/produkt\\\/19-zoll-winterraeder-komplettraeder-hankook-dm08-fuer-bmw-x3-g01-g3x-x4-g02-g4x-2\\\/\",\"url\":\"https:\\\/\\\/felgenforum.shop\\\/produkt\\\/19-zoll-winterraeder-komplettraeder-hankook-dm08-fuer-bmw-x3-g01-g3x-x4-g02-g4x-2\\\/\",\"name\":\"19 Zoll Winterr\u00e4der Komplettr\u00e4der Hankook DM08 f\u00fcr BMW X3 G01 G3x X4 G02 G4X g\u00fcnstig kaufen - Felgenforum\",\"isPartOf\":{\"@id\":\"https:\\\/\\\/felgenforum.shop\\\/#website\"},\"primaryImageOfPage\":{\"@id\":\"https:\\\/\\\/felgenforum.shop\\\/produkt\\\/19-zoll-winterraeder-komplettraeder-hankook-dm08-fuer-bmw-x3-g01-g3x-x4-g02-g4x-2\\\/#primaryimage\"},\"image\":{\"@id\":\"https:\\\/\\\/felgenforum.shop\\\/produkt\\\/19-zoll-winterraeder-komplettraeder-hankook-dm08-fuer-bmw-x3-g01-g3x-x4-g02-g4x-2\\\/#primaryimage\"},\"thumbnailUrl\":\"https:\\\/\\\/felgenforum.shop\\\/wp-content\\\/uploads\\\/2025\\\/09\\\/19-zoll-winterraeder-komplettraeder-hankook-dm08-fuer-bmw-x3-g01-g3x-x4-g02-g4x-featured-1000px.webp\",\"datePublished\":\"2025-09-14T10:01:38+00:00\",\"dateModified\":\"2026-04-25T13:11:23+00:00\",\"description\":\"Sichern Sie sich 19 Zoll Winterr\u00e4der Komplettr\u00e4der Hankook DM08 f\u00fcr Ihren BMW X3 oder X4. Beste Haftung bei Schnee und Eis. Jetzt g\u00fcnstig online kaufen!\",\"breadcrumb\":{\"@id\":\"https:\\\/\\\/felgenforum.shop\\\/produkt\\\/19-zoll-winterraeder-komplettraeder-hankook-dm08-fuer-bmw-x3-g01-g3x-x4-g02-g4x-2\\\/#breadcrumb\"},\"inLanguage\":\"en-GB\",\"potentialAction\":[{\"@type\":\"ReadAction\",\"target\":[\"https:\\\/\\\/felgenforum.shop\\\/produkt\\\/19-zoll-winterraeder-komplettraeder-hankook-dm08-fuer-bmw-x3-g01-g3x-x4-g02-g4x-2\\\/\"]}]},{\"@type\":\"ImageObject\",\"inLanguage\":\"en-GB\",\"@id\":\"https:\\\/\\\/felgenforum.shop\\\/produkt\\\/19-zoll-winterraeder-komplettraeder-hankook-dm08-fuer-bmw-x3-g01-g3x-x4-g02-g4x-2\\\/#primaryimage\",\"url\":\"https:\\\/\\\/felgenforum.shop\\\/wp-content\\\/uploads\\\/2025\\\/09\\\/19-zoll-winterraeder-komplettraeder-hankook-dm08-fuer-bmw-x3-g01-g3x-x4-g02-g4x-featured-1000px.webp\",\"contentUrl\":\"https:\\\/\\\/felgenforum.shop\\\/wp-content\\\/uploads\\\/2025\\\/09\\\/19-zoll-winterraeder-komplettraeder-hankook-dm08-fuer-bmw-x3-g01-g3x-x4-g02-g4x-featured-1000px.webp\",\"width\":1000,\"height\":1000,\"caption\":\"19 Zoll Winterr\u00e4der Komplettr\u00e4der Hankook DM08 passend f\u00fcr BMW X3 G01\"},{\"@type\":\"BreadcrumbList\",\"@id\":\"https:\\\/\\\/felgenforum.shop\\\/produkt\\\/19-zoll-winterraeder-komplettraeder-hankook-dm08-fuer-bmw-x3-g01-g3x-x4-g02-g4x-2\\\/#breadcrumb\",\"itemListElement\":[{\"@type\":\"ListItem\",\"position\":1,\"name\":\"Startseite\",\"item\":\"https:\\\/\\\/felgenforum.shop\\\/\"},{\"@type\":\"ListItem\",\"position\":2,\"name\":\"Shop\",\"item\":\"https:\\\/\\\/felgenforum.shop\\\/shop\\\/\"},{\"@type\":\"ListItem\",\"position\":3,\"name\":\"19 Zoll Winterr\u00e4der Komplettr\u00e4der Hankook DM08 f\u00fcr BMW X3 G01 G3x X4 G02 G4X\"}]},{\"@type\":\"WebSite\",\"@id\":\"https:\\\/\\\/felgenforum.shop\\\/#website\",\"url\":\"https:\\\/\\\/felgenforum.shop\\\/\",\"name\":\"Felgenforum\",\"description\":\"\",\"potentialAction\":[{\"@type\":\"SearchAction\",\"target\":{\"@type\":\"EntryPoint\",\"urlTemplate\":\"https:\\\/\\\/felgenforum.shop\\\/?s={search_term_string}\"},\"query-input\":{\"@type\":\"PropertyValueSpecification\",\"valueRequired\":true,\"valueName\":\"search_term_string\"}}],\"inLanguage\":\"en-GB\"}]}<\/script>","yoast_head_json":{"title":"19 Zoll Winterr\u00e4der Komplettr\u00e4der Hankook DM08 f\u00fcr BMW X3 G01 G3x X4 G02 G4X g\u00fcnstig kaufen - Felgenforum","description":"Sichern Sie sich 19 Zoll Winterr\u00e4der Komplettr\u00e4der Hankook DM08 f\u00fcr Ihren BMW X3 oder X4. Beste Haftung bei Schnee und Eis. Jetzt g\u00fcnstig online kaufen!","robots":{"index":"index","follow":"follow","max-snippet":"max-snippet:-1","max-image-preview":"max-image-preview:large","max-video-preview":"max-video-preview:-1"},"canonical":"https:\/\/felgenforum.shop\/en\/product\/19-zoll-winterraeder-komplettraeder-hankook-dm08-fuer-bmw-x3-g01-g3x-x4-g02-g4x-2\/","og_locale":"en_GB","og_type":"article","og_title":"19 Zoll Winterr\u00e4der Komplettr\u00e4der Hankook DM08 f\u00fcr BMW X3 G01 G3x X4 G02 G4X g\u00fcnstig kaufen - Felgenforum","og_description":"Sichern Sie sich 19 Zoll Winterr\u00e4der Komplettr\u00e4der Hankook DM08 f\u00fcr Ihren BMW X3 oder X4. Beste Haftung bei Schnee und Eis. Jetzt g\u00fcnstig online kaufen!","og_url":"https:\/\/felgenforum.shop\/en\/product\/19-zoll-winterraeder-komplettraeder-hankook-dm08-fuer-bmw-x3-g01-g3x-x4-g02-g4x-2\/","og_site_name":"Felgenforum","article_modified_time":"2026-04-25T13:11:23+00:00","og_image":[{"width":1000,"height":1000,"url":"https:\/\/felgenforum.shop\/wp-content\/uploads\/2025\/09\/19-zoll-winterraeder-komplettraeder-hankook-dm08-fuer-bmw-x3-g01-g3x-x4-g02-g4x-featured-1000px.webp","type":"image\/jpeg"}],"twitter_card":"summary_large_image","twitter_misc":{"Est. reading time":"1 minute"},"schema":{"@context":"https:\/\/schema.org","@graph":[{"@type":"WebPage","@id":"https:\/\/felgenforum.shop\/produkt\/19-zoll-winterraeder-komplettraeder-hankook-dm08-fuer-bmw-x3-g01-g3x-x4-g02-g4x-2\/","url":"https:\/\/felgenforum.shop\/produkt\/19-zoll-winterraeder-komplettraeder-hankook-dm08-fuer-bmw-x3-g01-g3x-x4-g02-g4x-2\/","name":"19 Zoll Winterr\u00e4der Komplettr\u00e4der Hankook DM08 f\u00fcr BMW X3 G01 G3x X4 G02 G4X g\u00fcnstig kaufen - Felgenforum","isPartOf":{"@id":"https:\/\/felgenforum.shop\/#website"},"primaryImageOfPage":{"@id":"https:\/\/felgenforum.shop\/produkt\/19-zoll-winterraeder-komplettraeder-hankook-dm08-fuer-bmw-x3-g01-g3x-x4-g02-g4x-2\/#primaryimage"},"image":{"@id":"https:\/\/felgenforum.shop\/produkt\/19-zoll-winterraeder-komplettraeder-hankook-dm08-fuer-bmw-x3-g01-g3x-x4-g02-g4x-2\/#primaryimage"},"thumbnailUrl":"https:\/\/felgenforum.shop\/wp-content\/uploads\/2025\/09\/19-zoll-winterraeder-komplettraeder-hankook-dm08-fuer-bmw-x3-g01-g3x-x4-g02-g4x-featured-1000px.webp","datePublished":"2025-09-14T10:01:38+00:00","dateModified":"2026-04-25T13:11:23+00:00","description":"Sichern Sie sich 19 Zoll Winterr\u00e4der Komplettr\u00e4der Hankook DM08 f\u00fcr Ihren BMW X3 oder X4. Beste Haftung bei Schnee und Eis. Jetzt g\u00fcnstig online kaufen!","breadcrumb":{"@id":"https:\/\/felgenforum.shop\/produkt\/19-zoll-winterraeder-komplettraeder-hankook-dm08-fuer-bmw-x3-g01-g3x-x4-g02-g4x-2\/#breadcrumb"},"inLanguage":"en-GB","potentialAction":[{"@type":"ReadAction","target":["https:\/\/felgenforum.shop\/produkt\/19-zoll-winterraeder-komplettraeder-hankook-dm08-fuer-bmw-x3-g01-g3x-x4-g02-g4x-2\/"]}]},{"@type":"ImageObject","inLanguage":"en-GB","@id":"https:\/\/felgenforum.shop\/produkt\/19-zoll-winterraeder-komplettraeder-hankook-dm08-fuer-bmw-x3-g01-g3x-x4-g02-g4x-2\/#primaryimage","url":"https:\/\/felgenforum.shop\/wp-content\/uploads\/2025\/09\/19-zoll-winterraeder-komplettraeder-hankook-dm08-fuer-bmw-x3-g01-g3x-x4-g02-g4x-featured-1000px.webp","contentUrl":"https:\/\/felgenforum.shop\/wp-content\/uploads\/2025\/09\/19-zoll-winterraeder-komplettraeder-hankook-dm08-fuer-bmw-x3-g01-g3x-x4-g02-g4x-featured-1000px.webp","width":1000,"height":1000,"caption":"19 Zoll Winterr\u00e4der Komplettr\u00e4der Hankook DM08 passend f\u00fcr BMW X3 G01"},{"@type":"BreadcrumbList","@id":"https:\/\/felgenforum.shop\/produkt\/19-zoll-winterraeder-komplettraeder-hankook-dm08-fuer-bmw-x3-g01-g3x-x4-g02-g4x-2\/#breadcrumb","itemListElement":[{"@type":"ListItem","position":1,"name":"Startseite","item":"https:\/\/felgenforum.shop\/"},{"@type":"ListItem","position":2,"name":"Shop","item":"https:\/\/felgenforum.shop\/shop\/"},{"@type":"ListItem","position":3,"name":"19 Zoll Winterr\u00e4der Komplettr\u00e4der Hankook DM08 f\u00fcr BMW X3 G01 G3x X4 G02 G4X"}]},{"@type":"WebSite","@id":"https:\/\/felgenforum.shop\/#website","url":"https:\/\/felgenforum.shop\/","name":"Rim forum","description":"","potentialAction":[{"@type":"SearchAction","target":{"@type":"EntryPoint","urlTemplate":"https:\/\/felgenforum.shop\/?s={search_term_string}"},"query-input":{"@type":"PropertyValueSpecification","valueRequired":true,"valueName":"search_term_string"}}],"inLanguage":"en-GB"}]}},"_links":{"self":[{"href":"https:\/\/felgenforum.shop\/en\/wp-json\/wp\/v2\/product\/86679","targetHints":{"allow":["GET"]}}],"collection":[{"href":"https:\/\/felgenforum.shop\/en\/wp-json\/wp\/v2\/product"}],"about":[{"href":"https:\/\/felgenforum.shop\/en\/wp-json\/wp\/v2\/types\/product"}],"replies":[{"embeddable":true,"href":"https:\/\/felgenforum.shop\/en\/wp-json\/wp\/v2\/comments?post=86679"}],"wp:featuredmedia":[{"embeddable":true,"href":"https:\/\/felgenforum.shop\/en\/wp-json\/wp\/v2\/media\/96275"}],"wp:attachment":[{"href":"https:\/\/felgenforum.shop\/en\/wp-json\/wp\/v2\/media?parent=86679"}],"wp:term":[{"taxonomy":"product_brand","embeddable":true,"href":"https:\/\/felgenforum.shop\/en\/wp-json\/wp\/v2\/product_brand?post=86679"},{"taxonomy":"product_cat","embeddable":true,"href":"https:\/\/felgenforum.shop\/en\/wp-json\/wp\/v2\/product_cat?post=86679"},{"taxonomy":"product_tag","embeddable":true,"href":"https:\/\/felgenforum.shop\/en\/wp-json\/wp\/v2\/product_tag?post=86679"}],"curies":[{"name":"wp","href":"https:\/\/api.w.org\/{rel}","templated":true}]}}