{"id":86403,"date":"2025-09-14T10:56:25","date_gmt":"2025-09-14T08:56:25","guid":{"rendered":"https:\/\/felgenforum.shop\/?post_type=product&#038;p=86403"},"modified":"2026-04-25T15:11:15","modified_gmt":"2026-04-25T13:11:15","slug":"18-zoll-komplettraeder-sp53-loder-at1-fiat-ducato-peugeot-boxer-camper-van-jumper","status":"publish","type":"product","link":"https:\/\/felgenforum.shop\/en\/product\/18-zoll-komplettraeder-sp53-loder-at1-fiat-ducato-peugeot-boxer-camper-van-jumper\/","title":{"rendered":"18-inch complete wheels SP53 Loder AT1 Fiat Ducato Peugeot Boxer Camper Van Jumper"},"content":{"rendered":"<h3>Welcome to an offer from Felgenforum.shop<\/h3>\n<p>In this offer we offer you a NEW set of Spath SP53 complete wheels with Loder AllTerrain tires in matte black including certificate.<\/p>\n<p>NEW &amp; in original packaging.<\/p>\n<p>\u2757\u2757Your advantages at a glance\u2757\u2757<\/p>\n<p>\u2b50 significantly increased comfort<\/p>\n<p>\u2b50 Vehicle does not &quot;hop&quot; over bumps<\/p>\n<p>\u2b50 Reason: Standard tires have an inflation pressure of approximately 4.5-5 bar, while 18-inch tires only allow a maximum of 3.5 bar.<\/p>\n<p>\u2b50 Safety improvement: Road handling, susceptibility to crosswinds and body roll are significantly reduced by the 255 tires.<\/p>\n<p>\u2b50 Significantly better grip on wet campsites thanks to all-season tires<\/p>\n<p>\u2b50 Better looks than any standard camper van bike<\/p>\n<h3>Scope of delivery:<\/h3>\n<ul>\n<li>4 x Spath SP53 8,5&#215;18 ET57 schwarz matt LK5\/118 oder LK5\/130 f\u00fcr Light- und Maxifahrwerk\u00a0<\/li>\n<li>4x All-terrain tires 255\/55 R18 118T Loder AT1<\/li>\n<li>Complete assembly material (if required according to the expert opinion)<\/li>\n<li>4x Spath hubcaps<\/li>\n<li>1x parts certificate<\/li>\n<li>If you have any questions about fit or possible entries, our experienced team will be happy to help :).<\/li>\n<li>Please be sure to specify your vehicle after purchase.<\/li>\n<li>TPMS available on request for \u20ac139\/set.<\/li>\n<li>During the registration process, the T\u00dcV inspector may require wheel arch extensions, as the wheels are wider than the standard wheels. We can offer these for \u20ac79 per axle. These extensions are made of rubber and are adhesive-backed, allowing them to be removed without leaving any residue. We would be happy to discuss with you whether you need them.<\/li>\n<li>The wheels are the right size for the following vehicles:<\/li>\n<\/ul>\n<h3>Fiat<\/h3>\n<ul>\n<li>Ducato\u00a0<\/li>\n<\/ul>\n<h3>Peugeot<\/h3>\n<ul>\n<li>boxer<\/li>\n<li>Citroen<\/li>\n<li>jumper<\/li>\n<li>And all vehicles built on this chassis.<\/li>\n<\/ul>","protected":false},"excerpt":{"rendered":"<p>A set (4 pieces) of ready-to-drive Spath complete wheels, professionally mounted and balanced.<\/p>\n<p><strong>Rim details:<\/strong> 8,5&#215;18 Zoll, Lochkreis 118 mm.<br \/><strong>Tire details:<\/strong> Loder .<\/p>","protected":false},"featured_media":96062,"comment_status":"open","ping_status":"closed","template":"","meta":[],"product_brand":[],"product_cat":[1816,1815],"product_tag":[],"class_list":{"0":"post-86403","1":"product","2":"type-product","3":"status-publish","4":"has-post-thumbnail","6":"product_cat-18zoll-felgen-komplettraeder","7":"product_cat-wohnmobil-kastenwaegen","8":"product_shipping_class-komplettrad","9":"pa_anzahl-der-komplettraeder-1433","10":"pa_einpresstiefe-et-2632","11":"pa_externes-rollger-db-klass-2066","12":"pa_fahrzeugmarke-peugeot","13":"pa_fahrzeugtyp-allradfahrzeug","14":"pa_felgenaufbau-einteilig-gegossen","15":"pa_felgenbreite-8-5","16":"pa_felgendesign-5-speichen","17":"pa_felgenfarbe-schwarz","18":"pa_felgenhersteller-spath","19":"pa_felgenmaterial-aluminium","20":"pa_felgenmodell-sp53","21":"pa_geschwindigkeitsindex-t-bis-190-km-h","22":"pa_herstellernummer-felge-cv01-pcd118","23":"pa_herstellernummer-reifen-2067","24":"pa_kraftstoff-a-g-d","25":"pa_lastbereich-xl","26":"pa_lochkreis-2634","27":"pa_lochzahl-1447","28":"pa_mittenlochbohrung-711-mm","29":"pa_nasshaft-a-g-c","30":"pa_reifenbreite-1453","31":"pa_reifendurchmesser-1674","32":"pa_reifenhersteller-loder","33":"pa_reifenmodell-at1","34":"pa_reifenquerschnitt-1652","35":"pa_reifenspezifikation-ganzjahresreifen","36":"pa_run-flat-nein","37":"pa_tragfaehigkeitsindex-118-max-1320-kg-je-reifen","38":"pa_zollgroesse-1482","40":"first","41":"instock","42":"sale","43":"taxable","44":"shipping-taxable","45":"purchasable","46":"product-type-simple"},"yoast_head":"<title>18 Zoll Komplettr\u00e4der SP53 Loder AT1 Fiat Ducato Peugeot Boxer Camper Van Jumper g\u00fcnstig kaufen - Felgenforum<\/title>\n<meta name=\"description\" content=\"18 Zoll Komplettr\u00e4der SP53 Loder AT1 f\u00fcr Fiat Ducato &amp; Boxer. Optimale Offroad-Performance f\u00fcr Ihren Camper Van. Jetzt entdecken und sicher reisen!\" \/>\n<meta name=\"robots\" content=\"index, follow, max-snippet:-1, max-image-preview:large, max-video-preview:-1\" \/>\n<link rel=\"canonical\" href=\"https:\/\/felgenforum.shop\/en\/product\/18-zoll-komplettraeder-sp53-loder-at1-fiat-ducato-peugeot-boxer-camper-van-jumper\/\" \/>\n<meta property=\"og:locale\" content=\"en_GB\" \/>\n<meta property=\"og:type\" content=\"article\" \/>\n<meta property=\"og:title\" content=\"18 Zoll Komplettr\u00e4der SP53 Loder AT1 Fiat Ducato Peugeot Boxer Camper Van Jumper g\u00fcnstig kaufen - Felgenforum\" \/>\n<meta property=\"og:description\" content=\"18 Zoll Komplettr\u00e4der SP53 Loder AT1 f\u00fcr Fiat Ducato &amp; Boxer. Optimale Offroad-Performance f\u00fcr Ihren Camper Van. Jetzt entdecken und sicher reisen!\" \/>\n<meta property=\"og:url\" content=\"https:\/\/felgenforum.shop\/en\/product\/18-zoll-komplettraeder-sp53-loder-at1-fiat-ducato-peugeot-boxer-camper-van-jumper\/\" \/>\n<meta property=\"og:site_name\" content=\"Felgenforum\" \/>\n<meta property=\"article:modified_time\" content=\"2026-04-25T13:11:15+00:00\" \/>\n<meta property=\"og:image\" content=\"https:\/\/felgenforum.shop\/wp-content\/uploads\/2025\/09\/18-zoll-komplettraeder-sp53-loder-at1-fiat-ducato-peugeot-boxer-camper-van-jumper-featured-1000px.webp\" \/>\n\t<meta property=\"og:image:width\" content=\"1000\" \/>\n\t<meta property=\"og:image:height\" content=\"1000\" \/>\n\t<meta property=\"og:image:type\" content=\"image\/jpeg\" \/>\n<meta name=\"twitter:card\" content=\"summary_large_image\" \/>\n<meta name=\"twitter:label1\" content=\"Est. reading time\" \/>\n\t<meta name=\"twitter:data1\" content=\"1 minute\" \/>\n<script type=\"application\/ld+json\" class=\"yoast-schema-graph\">{\"@context\":\"https:\\\/\\\/schema.org\",\"@graph\":[{\"@type\":\"WebPage\",\"@id\":\"https:\\\/\\\/felgenforum.shop\\\/produkt\\\/18-zoll-komplettraeder-sp53-loder-at1-fiat-ducato-peugeot-boxer-camper-van-jumper\\\/\",\"url\":\"https:\\\/\\\/felgenforum.shop\\\/produkt\\\/18-zoll-komplettraeder-sp53-loder-at1-fiat-ducato-peugeot-boxer-camper-van-jumper\\\/\",\"name\":\"18 Zoll Komplettr\u00e4der SP53 Loder AT1 Fiat Ducato Peugeot Boxer Camper Van Jumper g\u00fcnstig kaufen - Felgenforum\",\"isPartOf\":{\"@id\":\"https:\\\/\\\/felgenforum.shop\\\/#website\"},\"primaryImageOfPage\":{\"@id\":\"https:\\\/\\\/felgenforum.shop\\\/produkt\\\/18-zoll-komplettraeder-sp53-loder-at1-fiat-ducato-peugeot-boxer-camper-van-jumper\\\/#primaryimage\"},\"image\":{\"@id\":\"https:\\\/\\\/felgenforum.shop\\\/produkt\\\/18-zoll-komplettraeder-sp53-loder-at1-fiat-ducato-peugeot-boxer-camper-van-jumper\\\/#primaryimage\"},\"thumbnailUrl\":\"https:\\\/\\\/felgenforum.shop\\\/wp-content\\\/uploads\\\/2025\\\/09\\\/18-zoll-komplettraeder-sp53-loder-at1-fiat-ducato-peugeot-boxer-camper-van-jumper-featured-1000px.webp\",\"datePublished\":\"2025-09-14T08:56:25+00:00\",\"dateModified\":\"2026-04-25T13:11:15+00:00\",\"description\":\"18 Zoll Komplettr\u00e4der SP53 Loder AT1 f\u00fcr Fiat Ducato & Boxer. Optimale Offroad-Performance f\u00fcr Ihren Camper Van. Jetzt entdecken und sicher reisen!\",\"breadcrumb\":{\"@id\":\"https:\\\/\\\/felgenforum.shop\\\/produkt\\\/18-zoll-komplettraeder-sp53-loder-at1-fiat-ducato-peugeot-boxer-camper-van-jumper\\\/#breadcrumb\"},\"inLanguage\":\"en-GB\",\"potentialAction\":[{\"@type\":\"ReadAction\",\"target\":[\"https:\\\/\\\/felgenforum.shop\\\/produkt\\\/18-zoll-komplettraeder-sp53-loder-at1-fiat-ducato-peugeot-boxer-camper-van-jumper\\\/\"]}]},{\"@type\":\"ImageObject\",\"inLanguage\":\"en-GB\",\"@id\":\"https:\\\/\\\/felgenforum.shop\\\/produkt\\\/18-zoll-komplettraeder-sp53-loder-at1-fiat-ducato-peugeot-boxer-camper-van-jumper\\\/#primaryimage\",\"url\":\"https:\\\/\\\/felgenforum.shop\\\/wp-content\\\/uploads\\\/2025\\\/09\\\/18-zoll-komplettraeder-sp53-loder-at1-fiat-ducato-peugeot-boxer-camper-van-jumper-featured-1000px.webp\",\"contentUrl\":\"https:\\\/\\\/felgenforum.shop\\\/wp-content\\\/uploads\\\/2025\\\/09\\\/18-zoll-komplettraeder-sp53-loder-at1-fiat-ducato-peugeot-boxer-camper-van-jumper-featured-1000px.webp\",\"width\":1000,\"height\":1000,\"caption\":\"18 Zoll Komplettr\u00e4der SP53 Loder AT1 mit All-Terrain Reifen f\u00fcr Camper\"},{\"@type\":\"BreadcrumbList\",\"@id\":\"https:\\\/\\\/felgenforum.shop\\\/produkt\\\/18-zoll-komplettraeder-sp53-loder-at1-fiat-ducato-peugeot-boxer-camper-van-jumper\\\/#breadcrumb\",\"itemListElement\":[{\"@type\":\"ListItem\",\"position\":1,\"name\":\"Startseite\",\"item\":\"https:\\\/\\\/felgenforum.shop\\\/\"},{\"@type\":\"ListItem\",\"position\":2,\"name\":\"Shop\",\"item\":\"https:\\\/\\\/felgenforum.shop\\\/shop\\\/\"},{\"@type\":\"ListItem\",\"position\":3,\"name\":\"18 Zoll Komplettr\u00e4der SP53 Loder AT1 Fiat Ducato Peugeot Boxer Camper Van Jumper\"}]},{\"@type\":\"WebSite\",\"@id\":\"https:\\\/\\\/felgenforum.shop\\\/#website\",\"url\":\"https:\\\/\\\/felgenforum.shop\\\/\",\"name\":\"Felgenforum\",\"description\":\"\",\"potentialAction\":[{\"@type\":\"SearchAction\",\"target\":{\"@type\":\"EntryPoint\",\"urlTemplate\":\"https:\\\/\\\/felgenforum.shop\\\/?s={search_term_string}\"},\"query-input\":{\"@type\":\"PropertyValueSpecification\",\"valueRequired\":true,\"valueName\":\"search_term_string\"}}],\"inLanguage\":\"en-GB\"}]}<\/script>","yoast_head_json":{"title":"18 Zoll Komplettr\u00e4der SP53 Loder AT1 Fiat Ducato Peugeot Boxer Camper Van Jumper g\u00fcnstig kaufen - Felgenforum","description":"18 Zoll Komplettr\u00e4der SP53 Loder AT1 f\u00fcr Fiat Ducato & Boxer. Optimale Offroad-Performance f\u00fcr Ihren Camper Van. Jetzt entdecken und sicher reisen!","robots":{"index":"index","follow":"follow","max-snippet":"max-snippet:-1","max-image-preview":"max-image-preview:large","max-video-preview":"max-video-preview:-1"},"canonical":"https:\/\/felgenforum.shop\/en\/product\/18-zoll-komplettraeder-sp53-loder-at1-fiat-ducato-peugeot-boxer-camper-van-jumper\/","og_locale":"en_GB","og_type":"article","og_title":"18 Zoll Komplettr\u00e4der SP53 Loder AT1 Fiat Ducato Peugeot Boxer Camper Van Jumper g\u00fcnstig kaufen - Felgenforum","og_description":"18 Zoll Komplettr\u00e4der SP53 Loder AT1 f\u00fcr Fiat Ducato & Boxer. Optimale Offroad-Performance f\u00fcr Ihren Camper Van. Jetzt entdecken und sicher reisen!","og_url":"https:\/\/felgenforum.shop\/en\/product\/18-zoll-komplettraeder-sp53-loder-at1-fiat-ducato-peugeot-boxer-camper-van-jumper\/","og_site_name":"Felgenforum","article_modified_time":"2026-04-25T13:11:15+00:00","og_image":[{"width":1000,"height":1000,"url":"https:\/\/felgenforum.shop\/wp-content\/uploads\/2025\/09\/18-zoll-komplettraeder-sp53-loder-at1-fiat-ducato-peugeot-boxer-camper-van-jumper-featured-1000px.webp","type":"image\/jpeg"}],"twitter_card":"summary_large_image","twitter_misc":{"Est. reading time":"1 minute"},"schema":{"@context":"https:\/\/schema.org","@graph":[{"@type":"WebPage","@id":"https:\/\/felgenforum.shop\/produkt\/18-zoll-komplettraeder-sp53-loder-at1-fiat-ducato-peugeot-boxer-camper-van-jumper\/","url":"https:\/\/felgenforum.shop\/produkt\/18-zoll-komplettraeder-sp53-loder-at1-fiat-ducato-peugeot-boxer-camper-van-jumper\/","name":"18 Zoll Komplettr\u00e4der SP53 Loder AT1 Fiat Ducato Peugeot Boxer Camper Van Jumper g\u00fcnstig kaufen - Felgenforum","isPartOf":{"@id":"https:\/\/felgenforum.shop\/#website"},"primaryImageOfPage":{"@id":"https:\/\/felgenforum.shop\/produkt\/18-zoll-komplettraeder-sp53-loder-at1-fiat-ducato-peugeot-boxer-camper-van-jumper\/#primaryimage"},"image":{"@id":"https:\/\/felgenforum.shop\/produkt\/18-zoll-komplettraeder-sp53-loder-at1-fiat-ducato-peugeot-boxer-camper-van-jumper\/#primaryimage"},"thumbnailUrl":"https:\/\/felgenforum.shop\/wp-content\/uploads\/2025\/09\/18-zoll-komplettraeder-sp53-loder-at1-fiat-ducato-peugeot-boxer-camper-van-jumper-featured-1000px.webp","datePublished":"2025-09-14T08:56:25+00:00","dateModified":"2026-04-25T13:11:15+00:00","description":"18 Zoll Komplettr\u00e4der SP53 Loder AT1 f\u00fcr Fiat Ducato & Boxer. Optimale Offroad-Performance f\u00fcr Ihren Camper Van. Jetzt entdecken und sicher reisen!","breadcrumb":{"@id":"https:\/\/felgenforum.shop\/produkt\/18-zoll-komplettraeder-sp53-loder-at1-fiat-ducato-peugeot-boxer-camper-van-jumper\/#breadcrumb"},"inLanguage":"en-GB","potentialAction":[{"@type":"ReadAction","target":["https:\/\/felgenforum.shop\/produkt\/18-zoll-komplettraeder-sp53-loder-at1-fiat-ducato-peugeot-boxer-camper-van-jumper\/"]}]},{"@type":"ImageObject","inLanguage":"en-GB","@id":"https:\/\/felgenforum.shop\/produkt\/18-zoll-komplettraeder-sp53-loder-at1-fiat-ducato-peugeot-boxer-camper-van-jumper\/#primaryimage","url":"https:\/\/felgenforum.shop\/wp-content\/uploads\/2025\/09\/18-zoll-komplettraeder-sp53-loder-at1-fiat-ducato-peugeot-boxer-camper-van-jumper-featured-1000px.webp","contentUrl":"https:\/\/felgenforum.shop\/wp-content\/uploads\/2025\/09\/18-zoll-komplettraeder-sp53-loder-at1-fiat-ducato-peugeot-boxer-camper-van-jumper-featured-1000px.webp","width":1000,"height":1000,"caption":"18 Zoll Komplettr\u00e4der SP53 Loder AT1 mit All-Terrain Reifen f\u00fcr Camper"},{"@type":"BreadcrumbList","@id":"https:\/\/felgenforum.shop\/produkt\/18-zoll-komplettraeder-sp53-loder-at1-fiat-ducato-peugeot-boxer-camper-van-jumper\/#breadcrumb","itemListElement":[{"@type":"ListItem","position":1,"name":"Startseite","item":"https:\/\/felgenforum.shop\/"},{"@type":"ListItem","position":2,"name":"Shop","item":"https:\/\/felgenforum.shop\/shop\/"},{"@type":"ListItem","position":3,"name":"18 Zoll Komplettr\u00e4der SP53 Loder AT1 Fiat Ducato Peugeot Boxer Camper Van Jumper"}]},{"@type":"WebSite","@id":"https:\/\/felgenforum.shop\/#website","url":"https:\/\/felgenforum.shop\/","name":"Rim forum","description":"","potentialAction":[{"@type":"SearchAction","target":{"@type":"EntryPoint","urlTemplate":"https:\/\/felgenforum.shop\/?s={search_term_string}"},"query-input":{"@type":"PropertyValueSpecification","valueRequired":true,"valueName":"search_term_string"}}],"inLanguage":"en-GB"}]}},"_links":{"self":[{"href":"https:\/\/felgenforum.shop\/en\/wp-json\/wp\/v2\/product\/86403","targetHints":{"allow":["GET"]}}],"collection":[{"href":"https:\/\/felgenforum.shop\/en\/wp-json\/wp\/v2\/product"}],"about":[{"href":"https:\/\/felgenforum.shop\/en\/wp-json\/wp\/v2\/types\/product"}],"replies":[{"embeddable":true,"href":"https:\/\/felgenforum.shop\/en\/wp-json\/wp\/v2\/comments?post=86403"}],"wp:featuredmedia":[{"embeddable":true,"href":"https:\/\/felgenforum.shop\/en\/wp-json\/wp\/v2\/media\/96062"}],"wp:attachment":[{"href":"https:\/\/felgenforum.shop\/en\/wp-json\/wp\/v2\/media?parent=86403"}],"wp:term":[{"taxonomy":"product_brand","embeddable":true,"href":"https:\/\/felgenforum.shop\/en\/wp-json\/wp\/v2\/product_brand?post=86403"},{"taxonomy":"product_cat","embeddable":true,"href":"https:\/\/felgenforum.shop\/en\/wp-json\/wp\/v2\/product_cat?post=86403"},{"taxonomy":"product_tag","embeddable":true,"href":"https:\/\/felgenforum.shop\/en\/wp-json\/wp\/v2\/product_tag?post=86403"}],"curies":[{"name":"wp","href":"https:\/\/api.w.org\/{rel}","templated":true}]}}