{"id":86248,"date":"2025-09-14T10:16:42","date_gmt":"2025-09-14T08:16:42","guid":{"rendered":"https:\/\/felgenforum.shop\/?post_type=product&p=86248"},"modified":"2026-03-19T12:56:00","modified_gmt":"2026-03-19T11:56:00","slug":"dm20-19-zoll-sommerraeder-sommerreifen-235-45-komplettraeder-gla-klasse-x156-w156","status":"publish","type":"product","link":"https:\/\/felgenforum.shop\/en\/product\/dm20-19-zoll-sommerraeder-sommerreifen-235-45-komplettraeder-gla-klasse-x156-w156\/","title":{"rendered":"DM20 19 Zoll Sommerr\u00e4der Sommerreifen 235\/45 Komplettr\u00e4der GLA Klasse X156 W156"},"content":{"rendered":"<h3>Welcome to an offer from Felgenforum.shop<\/h3>\n<p>In diesem Angebote bieten wir Ihnen hier\u00a0einen NEUEN Satz Sommerkomplettr\u00e4der in schwarz gl\u00e4nzend inkl ABE an.<\/p>\n<p>4x fully pre-assembled and balanced complete wheels<\/p>\n<p>consisting of:<\/p>\n<p>4x Alufelge Damina DM20 8,5&#215;19 ET45 LK5\/112<\/p>\n<p>+<\/p>\n<p>4x Sommerreifen 235\/45 R19 99Y aus aktuellem Tageseinkauf<\/p>\n<p>fully assembled and balanced<\/p>\n<p>(including black weights and black metal valves)<\/p>\n<p>NEW<\/p>\n<p>TPMS available on request for \u20ac139\/set<\/p>\n<h3>Scope of delivery:<\/h3>\n<ul>\n<li>4 x Damina DM20 8,5&#215;19 ET45 5&#215;112 schwarz gl\u00e4nzend<\/li>\n<li>Complete mounting hardware (if required according to the ABE)<\/li>\n<li>4x Sommerreifen aus aktuellem Tageseinkauf 235\/45 R19 99Y<\/li>\n<li>4x Damina hubcaps<\/li>\n<li>(Vehicle manufacturer&#039;s hubcap not included)<\/li>\n<li>1x Expert report (ABE)<\/li>\n<li>In most cases, the complete wheel sets are therefore registration-free. If you have any questions about fitment or any registration requirements, our experienced team will be happy to assist you :).<\/li>\n<li>Please be sure to specify your vehicle after purchase.<\/li>\n<li>We offer this model in many other sizes and colors; please contact us if you have any other requests.<\/li>\n<li>&gt;&gt;&gt;Wishful tires<\/li>\n<li>Do you have a specific request regarding tire brand or tire quality? No problem!<\/li>\n<li>We would be happy to create individual complete wheel offers for you :).<\/li>\n<li>The complete wheels are suitable for, among others:<\/li>\n<\/ul>\n<h3>Audi<\/h3>\n<ul>\n<li>Q3 8U 8U1<\/li>\n<\/ul>\n<h3>BMW<\/h3>\n<ul>\n<li>X1 U11<\/li>\n<li>Mercedes<\/li>\n<li>GLA X156<\/li>\n<li>GLA45 AMG X156<\/li>\n<li>VW<\/li>\n<li>Tiguan 2 5N<\/li>\n<\/ul>","protected":false},"excerpt":{"rendered":"<p>A set (4 pieces) of ready-to-drive Damina Performance complete wheels, professionally mounted and balanced.<\/p>\n<p><strong>Rim details:<\/strong> 8,5&#215;19 Zoll, Lochkreis 112.<br \/><strong>Tire details:<\/strong> Daily shopping, tread depth: approx. NEW mm.<\/p>","protected":false},"featured_media":86261,"comment_status":"open","ping_status":"closed","template":"","meta":[],"product_brand":[],"product_cat":[1471,1196,1470],"product_tag":[],"class_list":{"0":"post-86248","1":"product","2":"type-product","3":"status-publish","4":"has-post-thumbnail","6":"product_cat-19-zoll-sommerraeder-mercedes-mercedes-komplettraeder-sommer","7":"product_cat-komplettraeder-sommer","8":"product_cat-mercedes-komplettraeder-sommer","9":"pa_anzahl-der-komplettraeder-1433","10":"pa_einpresstiefe-et-1508","11":"pa_eisgriffigkeit-nein","12":"pa_fahrzeugtyp-pkw","13":"pa_felgenaufbau-einteilig-gegossen","14":"pa_felgenbreite-8-5","15":"pa_felgendesign-multi-speichen-felge","16":"pa_felgenfarbe-schwarz","17":"pa_felgenhersteller-damina-performance","18":"pa_felgenmaterial-aluminium","19":"pa_felgenmodell-dm20","20":"pa_geschwindigkeitsindex-y-bis-300-km-h","21":"pa_herstellernummer-felge-2032","22":"pa_lastbereich-xl","23":"pa_lochkreis-1439","24":"pa_lochzahl-1447","25":"pa_mittenlochbohrung-666-mm","26":"pa_profiltiefe-neu","27":"pa_reifenbauart-r-radialreifen","28":"pa_reifenbreite-1511","29":"pa_reifendurchmesser-1436","30":"pa_reifenhersteller-tageseinkauf","31":"pa_reifenquerschnitt-1504","32":"pa_reifenspezifikation-sommerreifen","33":"pa_run-flat-nein","34":"pa_schneeflocken-symbol-nein","35":"pa_tragfaehigkeitsindex-99-max-775-kg-je-reifen","36":"pa_zollgroesse-1448","38":"first","39":"instock","40":"sale","41":"taxable","42":"shipping-taxable","43":"purchasable","44":"product-type-simple"},"yoast_head":"<!-- This site is optimized with the Yoast SEO plugin v27.2 - https:\/\/yoast.com\/product\/yoast-seo-wordpress\/ -->\n<title>DM20 19 Zoll Sommerr\u00e4der Sommerreifen 235\/45 Komplettr\u00e4der GLA Klasse X156 W156 g\u00fcnstig kaufen - Felgenforum<\/title>\n<meta name=\"description\" content=\"DM20 19 Zoll Sommerr\u00e4der Sommerreifen 235\/45 Komplettr\u00e4der GLA Klasse X156 W156 online bestellen \u2794 Gepr\u00fcfte Qualit\u00e4t, Top Marken &amp; schneller Versand \u2714 Jetzt sicher bei Felgenforum kaufen!\" \/>\n<meta name=\"robots\" content=\"index, follow, max-snippet:-1, max-image-preview:large, max-video-preview:-1\" \/>\n<link rel=\"canonical\" href=\"https:\/\/felgenforum.shop\/en\/?post_type=product&p=86248\" \/>\n<meta property=\"og:locale\" content=\"en_GB\" \/>\n<meta property=\"og:type\" content=\"article\" \/>\n<meta property=\"og:title\" content=\"DM20 19 Zoll Sommerr\u00e4der Sommerreifen 235\/45 Komplettr\u00e4der GLA Klasse X156 W156 g\u00fcnstig kaufen - Felgenforum\" \/>\n<meta property=\"og:description\" content=\"DM20 19 Zoll Sommerr\u00e4der Sommerreifen 235\/45 Komplettr\u00e4der GLA Klasse X156 W156 online bestellen \u2794 Gepr\u00fcfte Qualit\u00e4t, Top Marken &amp; schneller Versand \u2714 Jetzt sicher bei Felgenforum kaufen!\" \/>\n<meta property=\"og:url\" content=\"https:\/\/felgenforum.shop\/en\/?post_type=product&amp;p=86248\" \/>\n<meta property=\"og:site_name\" content=\"Felgenforum\" \/>\n<meta property=\"article:modified_time\" content=\"2026-03-19T11:56:00+00:00\" \/>\n<meta property=\"og:image\" content=\"https:\/\/felgenforum.shop\/wp-content\/uploads\/2025\/09\/57-4161.jpg\" \/>\n\t<meta property=\"og:image:width\" content=\"924\" \/>\n\t<meta property=\"og:image:height\" content=\"1000\" \/>\n\t<meta property=\"og:image:type\" content=\"image\/jpeg\" \/>\n<meta name=\"twitter:card\" content=\"summary_large_image\" \/>\n<meta name=\"twitter:label1\" content=\"Est. reading time\" \/>\n\t<meta name=\"twitter:data1\" content=\"1 minute\" \/>\n<script type=\"application\/ld+json\" class=\"yoast-schema-graph\">{\"@context\":\"https:\/\/schema.org\",\"@graph\":[{\"@type\":\"WebPage\",\"@id\":\"https:\/\/felgenforum.shop\/?post_type=product&p=86248\",\"url\":\"https:\/\/felgenforum.shop\/?post_type=product&p=86248\",\"name\":\"DM20 19 Zoll Sommerr\u00e4der Sommerreifen 235\/45 Komplettr\u00e4der GLA Klasse X156 W156 g\u00fcnstig kaufen - Felgenforum\",\"isPartOf\":{\"@id\":\"https:\/\/felgenforum.shop\/#website\"},\"primaryImageOfPage\":{\"@id\":\"https:\/\/felgenforum.shop\/?post_type=product&p=86248#primaryimage\"},\"image\":{\"@id\":\"https:\/\/felgenforum.shop\/?post_type=product&p=86248#primaryimage\"},\"thumbnailUrl\":\"https:\/\/felgenforum.shop\/wp-content\/uploads\/2025\/09\/57-4161.webp\",\"datePublished\":\"2025-09-14T08:16:42+00:00\",\"dateModified\":\"2026-03-19T11:56:00+00:00\",\"description\":\"DM20 19 Zoll Sommerr\u00e4der Sommerreifen 235\/45 Komplettr\u00e4der GLA Klasse X156 W156 online bestellen \u2794 Gepr\u00fcfte Qualit\u00e4t, Top Marken & schneller Versand \u2714 Jetzt sicher bei Felgenforum kaufen!\",\"breadcrumb\":{\"@id\":\"https:\/\/felgenforum.shop\/?post_type=product&p=86248#breadcrumb\"},\"inLanguage\":\"en-GB\",\"potentialAction\":[{\"@type\":\"ReadAction\",\"target\":[\"https:\/\/felgenforum.shop\/?post_type=product&p=86248\"]}]},{\"@type\":\"ImageObject\",\"inLanguage\":\"en-GB\",\"@id\":\"https:\/\/felgenforum.shop\/?post_type=product&p=86248#primaryimage\",\"url\":\"https:\/\/felgenforum.shop\/wp-content\/uploads\/2025\/09\/57-4161.webp\",\"contentUrl\":\"https:\/\/felgenforum.shop\/wp-content\/uploads\/2025\/09\/57-4161.webp\",\"width\":924,\"height\":1000},{\"@type\":\"BreadcrumbList\",\"@id\":\"https:\/\/felgenforum.shop\/?post_type=product&p=86248#breadcrumb\",\"itemListElement\":[{\"@type\":\"ListItem\",\"position\":1,\"name\":\"Startseite\",\"item\":\"https:\/\/felgenforum.shop\/\"},{\"@type\":\"ListItem\",\"position\":2,\"name\":\"Shop\",\"item\":\"https:\/\/felgenforum.shop\/shop\/\"},{\"@type\":\"ListItem\",\"position\":3,\"name\":\"DM20 19 Zoll Sommerr\u00e4der Sommerreifen 235\/45 Komplettr\u00e4der GLA Klasse X156 W156\"}]},{\"@type\":\"WebSite\",\"@id\":\"https:\/\/felgenforum.shop\/#website\",\"url\":\"https:\/\/felgenforum.shop\/\",\"name\":\"Felgenforum\",\"description\":\"\",\"potentialAction\":[{\"@type\":\"SearchAction\",\"target\":{\"@type\":\"EntryPoint\",\"urlTemplate\":\"https:\/\/felgenforum.shop\/?s={search_term_string}\"},\"query-input\":{\"@type\":\"PropertyValueSpecification\",\"valueRequired\":true,\"valueName\":\"search_term_string\"}}],\"inLanguage\":\"en-GB\"}]}<\/script>\n<!-- \/ Yoast SEO plugin. -->","yoast_head_json":{"title":"DM20 19 Zoll Sommerr\u00e4der Sommerreifen 235\/45 Komplettr\u00e4der GLA Klasse X156 W156 g\u00fcnstig kaufen - Felgenforum","description":"DM20 19 Zoll Sommerr\u00e4der Sommerreifen 235\/45 Komplettr\u00e4der GLA Klasse X156 W156 online bestellen \u2794 Gepr\u00fcfte Qualit\u00e4t, Top Marken & schneller Versand \u2714 Jetzt sicher bei Felgenforum kaufen!","robots":{"index":"index","follow":"follow","max-snippet":"max-snippet:-1","max-image-preview":"max-image-preview:large","max-video-preview":"max-video-preview:-1"},"canonical":"https:\/\/felgenforum.shop\/en\/?post_type=product&p=86248","og_locale":"en_GB","og_type":"article","og_title":"DM20 19 Zoll Sommerr\u00e4der Sommerreifen 235\/45 Komplettr\u00e4der GLA Klasse X156 W156 g\u00fcnstig kaufen - Felgenforum","og_description":"DM20 19 Zoll Sommerr\u00e4der Sommerreifen 235\/45 Komplettr\u00e4der GLA Klasse X156 W156 online bestellen \u2794 Gepr\u00fcfte Qualit\u00e4t, Top Marken & schneller Versand \u2714 Jetzt sicher bei Felgenforum kaufen!","og_url":"https:\/\/felgenforum.shop\/en\/?post_type=product&p=86248","og_site_name":"Felgenforum","article_modified_time":"2026-03-19T11:56:00+00:00","og_image":[{"width":924,"height":1000,"url":"https:\/\/felgenforum.shop\/wp-content\/uploads\/2025\/09\/57-4161.jpg","type":"image\/jpeg"}],"twitter_card":"summary_large_image","twitter_misc":{"Est. reading time":"1 minute"},"schema":{"@context":"https:\/\/schema.org","@graph":[{"@type":"WebPage","@id":"https:\/\/felgenforum.shop\/?post_type=product&p=86248","url":"https:\/\/felgenforum.shop\/?post_type=product&p=86248","name":"DM20 19 Zoll Sommerr\u00e4der Sommerreifen 235\/45 Komplettr\u00e4der GLA Klasse X156 W156 g\u00fcnstig kaufen - Felgenforum","isPartOf":{"@id":"https:\/\/felgenforum.shop\/#website"},"primaryImageOfPage":{"@id":"https:\/\/felgenforum.shop\/?post_type=product&p=86248#primaryimage"},"image":{"@id":"https:\/\/felgenforum.shop\/?post_type=product&p=86248#primaryimage"},"thumbnailUrl":"https:\/\/felgenforum.shop\/wp-content\/uploads\/2025\/09\/57-4161.webp","datePublished":"2025-09-14T08:16:42+00:00","dateModified":"2026-03-19T11:56:00+00:00","description":"DM20 19 Zoll Sommerr\u00e4der Sommerreifen 235\/45 Komplettr\u00e4der GLA Klasse X156 W156 online bestellen \u2794 Gepr\u00fcfte Qualit\u00e4t, Top Marken & schneller Versand \u2714 Jetzt sicher bei Felgenforum kaufen!","breadcrumb":{"@id":"https:\/\/felgenforum.shop\/?post_type=product&p=86248#breadcrumb"},"inLanguage":"en-GB","potentialAction":[{"@type":"ReadAction","target":["https:\/\/felgenforum.shop\/?post_type=product&p=86248"]}]},{"@type":"ImageObject","inLanguage":"en-GB","@id":"https:\/\/felgenforum.shop\/?post_type=product&p=86248#primaryimage","url":"https:\/\/felgenforum.shop\/wp-content\/uploads\/2025\/09\/57-4161.webp","contentUrl":"https:\/\/felgenforum.shop\/wp-content\/uploads\/2025\/09\/57-4161.webp","width":924,"height":1000},{"@type":"BreadcrumbList","@id":"https:\/\/felgenforum.shop\/?post_type=product&p=86248#breadcrumb","itemListElement":[{"@type":"ListItem","position":1,"name":"Startseite","item":"https:\/\/felgenforum.shop\/"},{"@type":"ListItem","position":2,"name":"Shop","item":"https:\/\/felgenforum.shop\/shop\/"},{"@type":"ListItem","position":3,"name":"DM20 19 Zoll Sommerr\u00e4der Sommerreifen 235\/45 Komplettr\u00e4der GLA Klasse X156 W156"}]},{"@type":"WebSite","@id":"https:\/\/felgenforum.shop\/#website","url":"https:\/\/felgenforum.shop\/","name":"Rim forum","description":"","potentialAction":[{"@type":"SearchAction","target":{"@type":"EntryPoint","urlTemplate":"https:\/\/felgenforum.shop\/?s={search_term_string}"},"query-input":{"@type":"PropertyValueSpecification","valueRequired":true,"valueName":"search_term_string"}}],"inLanguage":"en-GB"}]}},"_links":{"self":[{"href":"https:\/\/felgenforum.shop\/en\/wp-json\/wp\/v2\/product\/86248","targetHints":{"allow":["GET"]}}],"collection":[{"href":"https:\/\/felgenforum.shop\/en\/wp-json\/wp\/v2\/product"}],"about":[{"href":"https:\/\/felgenforum.shop\/en\/wp-json\/wp\/v2\/types\/product"}],"replies":[{"embeddable":true,"href":"https:\/\/felgenforum.shop\/en\/wp-json\/wp\/v2\/comments?post=86248"}],"wp:featuredmedia":[{"embeddable":true,"href":"https:\/\/felgenforum.shop\/en\/wp-json\/wp\/v2\/media\/86261"}],"wp:attachment":[{"href":"https:\/\/felgenforum.shop\/en\/wp-json\/wp\/v2\/media?parent=86248"}],"wp:term":[{"taxonomy":"product_brand","embeddable":true,"href":"https:\/\/felgenforum.shop\/en\/wp-json\/wp\/v2\/product_brand?post=86248"},{"taxonomy":"product_cat","embeddable":true,"href":"https:\/\/felgenforum.shop\/en\/wp-json\/wp\/v2\/product_cat?post=86248"},{"taxonomy":"product_tag","embeddable":true,"href":"https:\/\/felgenforum.shop\/en\/wp-json\/wp\/v2\/product_tag?post=86248"}],"curies":[{"name":"wp","href":"https:\/\/api.w.org\/{rel}","templated":true}]}}