{"id":85997,"date":"2025-09-14T09:11:34","date_gmt":"2025-09-14T07:11:34","guid":{"rendered":"https:\/\/felgenforum.shop\/?post_type=product&#038;p=85997"},"modified":"2026-04-25T15:33:17","modified_gmt":"2026-04-25T13:33:17","slug":"ff01-19-zoll-winterraeder-hankook-235-45-r19-komplettraeder-audi-q3-rsq3-f3-8u-8u1-4","status":"publish","type":"product","link":"https:\/\/felgenforum.shop\/en\/product\/ff01-19-zoll-winterraeder-hankook-235-45-r19-komplettraeder-audi-q3-rsq3-f3-8u-8u1-4\/","title":{"rendered":"FF01 19-inch winter wheels HANKOOK 235\/45 R19 complete wheels Audi Q3 RSQ3 F3 8U 8U1"},"content":{"rendered":"<h3>Welcome to an offer from Felgenforum.shop<\/h3>\n<p>In this offer we offer you a NEW set of complete winter wheels in glossy black including ABE (German type approval).<\/p>\n<p>4x fully pre-assembled and balanced complete wheels<\/p>\n<p>consisting of:<\/p>\n<p>4x Alufelge FF-Wheels FF01 schwarz 8,5&#215;19 ET35 LK5\/112<\/p>\n<p>+<\/p>\n<p>4x Winter tires 235\/45 R19 99V HANKOOK Winter I*CEPT EVO3 W330 XL<\/p>\n<p>fully assembled and balanced<\/p>\n<p>(including black weights and black metal valves)<\/p>\n<p>NEW<\/p>\n<p>TPMS available on request for \u20ac139\/set<\/p>\n<h3>Scope of delivery:<\/h3>\n<ul>\n<li>4 x FF-Wheels FF01 8,5&#215;19 ET35 5&#215;112 schwarz gl\u00e4nzend<\/li>\n<li>Complete mounting hardware (if required according to the ABE)<\/li>\n<li>4x Hankook Winter I*CEPT EVO3 winter tires 235\/45 R19 99V<\/li>\n<li>4x Hubcaps FF-Wheels<\/li>\n<li>(Vehicle manufacturer&#039;s hubcap not included)<\/li>\n<li>1x Expert report (ABE)<\/li>\n<li>In most cases, the complete wheel sets are therefore registration-free. If you have any questions about fitment or any registration requirements, our experienced team will be happy to assist you :).<\/li>\n<li>Please be sure to specify your vehicle after purchase.<\/li>\n<li>We offer this model in many other sizes and colors; please contact us if you have any other requests.<\/li>\n<li>&gt;&gt;&gt;Wishful tires<\/li>\n<li>Do you have a specific request regarding tire brand or tire quality? No problem!<\/li>\n<li>We would be happy to create individual complete wheel offers for you :).<\/li>\n<li>The complete wheels are suitable for, among others:<\/li>\n<\/ul>\n<h3>Audi<\/h3>\n<ul>\n<li>Q3 RSQ3 8U 8U1 F3<\/li>\n<li>Seat<\/li>\n<li>Tarraco KN<\/li>\n<\/ul>\n<h3>Skoda<\/h3>\n<ul>\n<li>Kodiaq NU<\/li>\n<li>VW<\/li>\n<li>Tiguan 2 5N (R)<\/li>\n<\/ul>","protected":false},"excerpt":{"rendered":"<p>A set (4 pieces) of ready-to-drive FF Wheels complete wheels, professionally mounted and balanced.<\/p>\n<p><strong>Rim details:<\/strong> 8,5&#215;19 Zoll, Lochkreis 112.<br \/><strong>Tire details:<\/strong> Hankook .<\/p>","protected":false},"featured_media":0,"comment_status":"open","ping_status":"closed","template":"","meta":[],"product_brand":[],"product_cat":[15],"product_tag":[],"class_list":{"0":"post-85997","1":"product","2":"type-product","3":"status-publish","5":"product_cat-uncategorized","6":"pa_anzahl-der-komplettraeder-1433","7":"pa_einpresstiefe-et-1460","8":"pa_felgenbreite-8-5","9":"pa_felgenfarbe-schwarz","10":"pa_felgenhersteller-ff-wheels","11":"pa_felgenmaterial-aluminium","12":"pa_geschwindigkeitsindex-v-bis-240-km-h","13":"pa_herstellernummer-felge-1975","14":"pa_lastbereich-xl","15":"pa_lochkreis-1439","16":"pa_lochzahl-1447","17":"pa_reifenbreite-1511","18":"pa_reifendurchmesser-1436","19":"pa_reifenhersteller-hankook","20":"pa_reifenquerschnitt-1504","21":"pa_reifenspezifikation-winterreifen","22":"pa_run-flat-nein","23":"pa_tragfaehigkeitsindex-99-max-775-kg-je-reifen","24":"pa_zollgroesse-1448","26":"first","27":"instock","28":"sale","29":"taxable","30":"shipping-taxable","31":"purchasable","32":"product-type-simple"},"yoast_head":"<title>FF01 19 Zoll Winterr\u00e4der HANKOOK 235\/45 R19 Komplettr\u00e4der Audi Q3 RSQ3 F3 8U 8U1 g\u00fcnstig kaufen - Felgenforum<\/title>\n<meta name=\"description\" content=\"FF01 19 Zoll Winterr\u00e4der HANKOOK 235\/45 R19 Komplettr\u00e4der Audi Q3 RSQ3 F3 8U 8U1 online bestellen \u2794 Gepr\u00fcfte Qualit\u00e4t, Top Marken &amp; schneller Versand \u2714 Jetzt sicher bei Felgenforum kaufen!\" \/>\n<meta name=\"robots\" content=\"index, follow, max-snippet:-1, max-image-preview:large, max-video-preview:-1\" \/>\n<link rel=\"canonical\" href=\"https:\/\/felgenforum.shop\/en\/product\/ff01-19-zoll-winterraeder-hankook-235-45-r19-komplettraeder-audi-q3-rsq3-f3-8u-8u1-4\/\" \/>\n<meta property=\"og:locale\" content=\"en_GB\" \/>\n<meta property=\"og:type\" content=\"article\" \/>\n<meta property=\"og:title\" content=\"FF01 19 Zoll Winterr\u00e4der HANKOOK 235\/45 R19 Komplettr\u00e4der Audi Q3 RSQ3 F3 8U 8U1 g\u00fcnstig kaufen - Felgenforum\" \/>\n<meta property=\"og:description\" content=\"FF01 19 Zoll Winterr\u00e4der HANKOOK 235\/45 R19 Komplettr\u00e4der Audi Q3 RSQ3 F3 8U 8U1 online bestellen \u2794 Gepr\u00fcfte Qualit\u00e4t, Top Marken &amp; schneller Versand \u2714 Jetzt sicher bei Felgenforum kaufen!\" \/>\n<meta property=\"og:url\" content=\"https:\/\/felgenforum.shop\/en\/product\/ff01-19-zoll-winterraeder-hankook-235-45-r19-komplettraeder-audi-q3-rsq3-f3-8u-8u1-4\/\" \/>\n<meta property=\"og:site_name\" content=\"Felgenforum\" \/>\n<meta property=\"article:modified_time\" content=\"2026-04-25T13:33:17+00:00\" \/>\n<meta name=\"twitter:card\" content=\"summary_large_image\" \/>\n<meta name=\"twitter:label1\" content=\"Est. reading time\" \/>\n\t<meta name=\"twitter:data1\" content=\"1 minute\" \/>\n<script type=\"application\/ld+json\" class=\"yoast-schema-graph\">{\"@context\":\"https:\\\/\\\/schema.org\",\"@graph\":[{\"@type\":\"WebPage\",\"@id\":\"https:\\\/\\\/felgenforum.shop\\\/produkt\\\/ff01-19-zoll-winterraeder-hankook-235-45-r19-komplettraeder-audi-q3-rsq3-f3-8u-8u1-4\\\/\",\"url\":\"https:\\\/\\\/felgenforum.shop\\\/produkt\\\/ff01-19-zoll-winterraeder-hankook-235-45-r19-komplettraeder-audi-q3-rsq3-f3-8u-8u1-4\\\/\",\"name\":\"FF01 19 Zoll Winterr\u00e4der HANKOOK 235\\\/45 R19 Komplettr\u00e4der Audi Q3 RSQ3 F3 8U 8U1 g\u00fcnstig kaufen - Felgenforum\",\"isPartOf\":{\"@id\":\"https:\\\/\\\/felgenforum.shop\\\/#website\"},\"datePublished\":\"2025-09-14T07:11:34+00:00\",\"dateModified\":\"2026-04-25T13:33:17+00:00\",\"description\":\"FF01 19 Zoll Winterr\u00e4der HANKOOK 235\\\/45 R19 Komplettr\u00e4der Audi Q3 RSQ3 F3 8U 8U1 online bestellen \u2794 Gepr\u00fcfte Qualit\u00e4t, Top Marken & schneller Versand \u2714 Jetzt sicher bei Felgenforum kaufen!\",\"breadcrumb\":{\"@id\":\"https:\\\/\\\/felgenforum.shop\\\/produkt\\\/ff01-19-zoll-winterraeder-hankook-235-45-r19-komplettraeder-audi-q3-rsq3-f3-8u-8u1-4\\\/#breadcrumb\"},\"inLanguage\":\"en-GB\",\"potentialAction\":[{\"@type\":\"ReadAction\",\"target\":[\"https:\\\/\\\/felgenforum.shop\\\/produkt\\\/ff01-19-zoll-winterraeder-hankook-235-45-r19-komplettraeder-audi-q3-rsq3-f3-8u-8u1-4\\\/\"]}]},{\"@type\":\"BreadcrumbList\",\"@id\":\"https:\\\/\\\/felgenforum.shop\\\/produkt\\\/ff01-19-zoll-winterraeder-hankook-235-45-r19-komplettraeder-audi-q3-rsq3-f3-8u-8u1-4\\\/#breadcrumb\",\"itemListElement\":[{\"@type\":\"ListItem\",\"position\":1,\"name\":\"Startseite\",\"item\":\"https:\\\/\\\/felgenforum.shop\\\/\"},{\"@type\":\"ListItem\",\"position\":2,\"name\":\"Shop\",\"item\":\"https:\\\/\\\/felgenforum.shop\\\/shop\\\/\"},{\"@type\":\"ListItem\",\"position\":3,\"name\":\"FF01 19 Zoll Winterr\u00e4der HANKOOK 235\\\/45 R19 Komplettr\u00e4der Audi Q3 RSQ3 F3 8U 8U1\"}]},{\"@type\":\"WebSite\",\"@id\":\"https:\\\/\\\/felgenforum.shop\\\/#website\",\"url\":\"https:\\\/\\\/felgenforum.shop\\\/\",\"name\":\"Felgenforum\",\"description\":\"\",\"potentialAction\":[{\"@type\":\"SearchAction\",\"target\":{\"@type\":\"EntryPoint\",\"urlTemplate\":\"https:\\\/\\\/felgenforum.shop\\\/?s={search_term_string}\"},\"query-input\":{\"@type\":\"PropertyValueSpecification\",\"valueRequired\":true,\"valueName\":\"search_term_string\"}}],\"inLanguage\":\"en-GB\"}]}<\/script>","yoast_head_json":{"title":"FF01 19 Zoll Winterr\u00e4der HANKOOK 235\/45 R19 Komplettr\u00e4der Audi Q3 RSQ3 F3 8U 8U1 g\u00fcnstig kaufen - Felgenforum","description":"FF01 19 Zoll Winterr\u00e4der HANKOOK 235\/45 R19 Komplettr\u00e4der Audi Q3 RSQ3 F3 8U 8U1 online bestellen \u2794 Gepr\u00fcfte Qualit\u00e4t, Top Marken & schneller Versand \u2714 Jetzt sicher bei Felgenforum kaufen!","robots":{"index":"index","follow":"follow","max-snippet":"max-snippet:-1","max-image-preview":"max-image-preview:large","max-video-preview":"max-video-preview:-1"},"canonical":"https:\/\/felgenforum.shop\/en\/product\/ff01-19-zoll-winterraeder-hankook-235-45-r19-komplettraeder-audi-q3-rsq3-f3-8u-8u1-4\/","og_locale":"en_GB","og_type":"article","og_title":"FF01 19 Zoll Winterr\u00e4der HANKOOK 235\/45 R19 Komplettr\u00e4der Audi Q3 RSQ3 F3 8U 8U1 g\u00fcnstig kaufen - Felgenforum","og_description":"FF01 19 Zoll Winterr\u00e4der HANKOOK 235\/45 R19 Komplettr\u00e4der Audi Q3 RSQ3 F3 8U 8U1 online bestellen \u2794 Gepr\u00fcfte Qualit\u00e4t, Top Marken & schneller Versand \u2714 Jetzt sicher bei Felgenforum kaufen!","og_url":"https:\/\/felgenforum.shop\/en\/product\/ff01-19-zoll-winterraeder-hankook-235-45-r19-komplettraeder-audi-q3-rsq3-f3-8u-8u1-4\/","og_site_name":"Felgenforum","article_modified_time":"2026-04-25T13:33:17+00:00","twitter_card":"summary_large_image","twitter_misc":{"Est. reading time":"1 minute"},"schema":{"@context":"https:\/\/schema.org","@graph":[{"@type":"WebPage","@id":"https:\/\/felgenforum.shop\/produkt\/ff01-19-zoll-winterraeder-hankook-235-45-r19-komplettraeder-audi-q3-rsq3-f3-8u-8u1-4\/","url":"https:\/\/felgenforum.shop\/produkt\/ff01-19-zoll-winterraeder-hankook-235-45-r19-komplettraeder-audi-q3-rsq3-f3-8u-8u1-4\/","name":"FF01 19 Zoll Winterr\u00e4der HANKOOK 235\/45 R19 Komplettr\u00e4der Audi Q3 RSQ3 F3 8U 8U1 g\u00fcnstig kaufen - Felgenforum","isPartOf":{"@id":"https:\/\/felgenforum.shop\/#website"},"datePublished":"2025-09-14T07:11:34+00:00","dateModified":"2026-04-25T13:33:17+00:00","description":"FF01 19 Zoll Winterr\u00e4der HANKOOK 235\/45 R19 Komplettr\u00e4der Audi Q3 RSQ3 F3 8U 8U1 online bestellen \u2794 Gepr\u00fcfte Qualit\u00e4t, Top Marken & schneller Versand \u2714 Jetzt sicher bei Felgenforum kaufen!","breadcrumb":{"@id":"https:\/\/felgenforum.shop\/produkt\/ff01-19-zoll-winterraeder-hankook-235-45-r19-komplettraeder-audi-q3-rsq3-f3-8u-8u1-4\/#breadcrumb"},"inLanguage":"en-GB","potentialAction":[{"@type":"ReadAction","target":["https:\/\/felgenforum.shop\/produkt\/ff01-19-zoll-winterraeder-hankook-235-45-r19-komplettraeder-audi-q3-rsq3-f3-8u-8u1-4\/"]}]},{"@type":"BreadcrumbList","@id":"https:\/\/felgenforum.shop\/produkt\/ff01-19-zoll-winterraeder-hankook-235-45-r19-komplettraeder-audi-q3-rsq3-f3-8u-8u1-4\/#breadcrumb","itemListElement":[{"@type":"ListItem","position":1,"name":"Startseite","item":"https:\/\/felgenforum.shop\/"},{"@type":"ListItem","position":2,"name":"Shop","item":"https:\/\/felgenforum.shop\/shop\/"},{"@type":"ListItem","position":3,"name":"FF01 19 Zoll Winterr\u00e4der HANKOOK 235\/45 R19 Komplettr\u00e4der Audi Q3 RSQ3 F3 8U 8U1"}]},{"@type":"WebSite","@id":"https:\/\/felgenforum.shop\/#website","url":"https:\/\/felgenforum.shop\/","name":"Rim forum","description":"","potentialAction":[{"@type":"SearchAction","target":{"@type":"EntryPoint","urlTemplate":"https:\/\/felgenforum.shop\/?s={search_term_string}"},"query-input":{"@type":"PropertyValueSpecification","valueRequired":true,"valueName":"search_term_string"}}],"inLanguage":"en-GB"}]}},"_links":{"self":[{"href":"https:\/\/felgenforum.shop\/en\/wp-json\/wp\/v2\/product\/85997","targetHints":{"allow":["GET"]}}],"collection":[{"href":"https:\/\/felgenforum.shop\/en\/wp-json\/wp\/v2\/product"}],"about":[{"href":"https:\/\/felgenforum.shop\/en\/wp-json\/wp\/v2\/types\/product"}],"replies":[{"embeddable":true,"href":"https:\/\/felgenforum.shop\/en\/wp-json\/wp\/v2\/comments?post=85997"}],"wp:attachment":[{"href":"https:\/\/felgenforum.shop\/en\/wp-json\/wp\/v2\/media?parent=85997"}],"wp:term":[{"taxonomy":"product_brand","embeddable":true,"href":"https:\/\/felgenforum.shop\/en\/wp-json\/wp\/v2\/product_brand?post=85997"},{"taxonomy":"product_cat","embeddable":true,"href":"https:\/\/felgenforum.shop\/en\/wp-json\/wp\/v2\/product_cat?post=85997"},{"taxonomy":"product_tag","embeddable":true,"href":"https:\/\/felgenforum.shop\/en\/wp-json\/wp\/v2\/product_tag?post=85997"}],"curies":[{"name":"wp","href":"https:\/\/api.w.org\/{rel}","templated":true}]}}