{"id":85865,"date":"2025-09-14T08:41:29","date_gmt":"2025-09-14T06:41:29","guid":{"rendered":"https:\/\/felgenforum.shop\/?post_type=product&#038;p=85865"},"modified":"2026-04-25T15:10:57","modified_gmt":"2026-04-25T13:10:57","slug":"ff02-anthrazit-19-zoll-allwetterraeder-allwetterkompletraeder-fuer-bmw-x3-f25","status":"publish","type":"product","link":"https:\/\/felgenforum.shop\/en\/product\/ff02-anthrazit-19-zoll-allwetterraeder-allwetterkompletraeder-fuer-bmw-x3-f25\/","title":{"rendered":"FF02 Anthracite 19 inch all-weather wheels, complete all-weather wheel sets for BMW X3 F25"},"content":{"rendered":"<h3>Welcome to an offer from Felgenforum.shop<\/h3>\n<p>In diesem Angebote bieten wir Ihnen hier\u00a0einen NEUEN Satz Sommerkomplettr\u00e4der in\u00a0Anthrazit gl\u00e4nzend\u00a0inkl ABE an.<\/p>\n<p>4x fully pre-assembled and balanced complete wheels<\/p>\n<p>consisting of:<\/p>\n<p>4x Alufelge FF02 Anthrazit 8,5&#215;19 ET35 LK5\/120<\/p>\n<p>+<\/p>\n<p>4x Ganzjahresreifen 245\/45 R19 98Y Maxxis Premitra AllSeason<\/p>\n<p>fully assembled and balanced<\/p>\n<p>(including black weights and black metal valves)<\/p>\n<p>NEW &amp; in original packaging.<\/p>\n<p>TPMS available on request for an additional charge of \u20ac34 each.<\/p>\n<h3>Scope of delivery:<\/h3>\n<ul>\n<li>4x Alufelge FF02 Anthrazit 8,5&#215;19 ET35 LK5\/120<\/li>\n<li>4x Ganzjahresreifen 245\/45 R19 98Y Maxxis Premitra AllSeason<\/li>\n<li>4x hub caps Damina Performance<\/li>\n<li>(Vehicle manufacturer&#039;s hubcap not included)<\/li>\n<li>1x Expert report (ABE)<\/li>\n<li>In most cases, the complete wheel sets are therefore registration-free. If you have any questions about fitment or any registration requirements, our experienced team will be happy to assist you :).<\/li>\n<li>Please be sure to specify your vehicle after purchase.<\/li>\n<li>We offer this model in many other sizes and colors; please contact us if you have any other requests.<\/li>\n<li>&gt;&gt;&gt;Wishful tires<\/li>\n<li>Do you have a specific request regarding tire brand or tire quality? No problem!<\/li>\n<li>We would be happy to create individual complete wheel offers for you :).<\/li>\n<li>The complete wheels are suitable for, among others:<\/li>\n<\/ul>\n<h3>Audi<\/h3>\n<ul>\n<\/ul>\n<h3>BMW X3 F25<\/h3>\n<ul>\n<\/ul>","protected":false},"excerpt":{"rendered":"<p>A set (4 pieces) of ready-to-drive Damina Performance complete wheels, professionally mounted and balanced.<\/p>\n<p><strong>Rim details:<\/strong> 8,5&#215;19 Zoll, Lochkreis 112.<br \/><strong>Tire details:<\/strong> Maxxis .<\/p>","protected":false},"featured_media":95645,"comment_status":"open","ping_status":"closed","template":"","meta":[],"product_brand":[],"product_cat":[1202],"product_tag":[],"class_list":{"0":"post-85865","1":"product","2":"type-product","3":"status-publish","4":"has-post-thumbnail","6":"product_cat-other","7":"product_shipping_class-komplettrad","8":"pa_anzahl-der-komplettraeder-1433","9":"pa_einpresstiefe-et-1460","10":"pa_fahrzeugmarke-bmw","11":"pa_felgenbreite-8-5","12":"pa_felgenfarbe-grau","13":"pa_felgenhersteller-damina-performance","14":"pa_felgenmaterial-aluminium","15":"pa_felgenmodell-ff02","16":"pa_geschwindigkeitsindex-y-bis-300-km-h","17":"pa_herstellernummer-felge-2040","18":"pa_herstellernummer-reifen-tageseinkauf","19":"pa_lastbereich-xl","20":"pa_lochkreis-1439","21":"pa_lochzahl-1447","22":"pa_reifenbreite-1503","23":"pa_reifendurchmesser-1436","24":"pa_reifenhersteller-maxxis","25":"pa_reifenquerschnitt-1504","26":"pa_reifenspezifikation-sommerreifen","27":"pa_run-flat-nein","28":"pa_zollgroesse-1448","30":"first","31":"instock","32":"taxable","33":"shipping-taxable","34":"purchasable","35":"product-type-simple"},"yoast_head":"<title>FF02 Anthrazit 19 Zoll Allwetterr\u00e4der Allwetterkompletr\u00e4der f\u00fcr BMW X3 F25 g\u00fcnstig kaufen - Felgenforum<\/title>\n<meta name=\"description\" content=\"FF02 Anthrazit 19 Zoll Allwetterr\u00e4der Allwetterkompletr\u00e4der f\u00fcr BMW X3 F25 online bestellen \u2794 Gepr\u00fcfte Qualit\u00e4t, Top Marken &amp; schneller Versand \u2714 Jetzt sicher bei Felgenforum kaufen!\" \/>\n<meta name=\"robots\" content=\"index, follow, max-snippet:-1, max-image-preview:large, max-video-preview:-1\" \/>\n<link rel=\"canonical\" href=\"https:\/\/felgenforum.shop\/en\/product\/ff02-anthrazit-19-zoll-allwetterraeder-allwetterkompletraeder-fuer-bmw-x3-f25\/\" \/>\n<meta property=\"og:locale\" content=\"en_GB\" \/>\n<meta property=\"og:type\" content=\"article\" \/>\n<meta property=\"og:title\" content=\"FF02 Anthrazit 19 Zoll Allwetterr\u00e4der Allwetterkompletr\u00e4der f\u00fcr BMW X3 F25 g\u00fcnstig kaufen - Felgenforum\" \/>\n<meta property=\"og:description\" content=\"FF02 Anthrazit 19 Zoll Allwetterr\u00e4der Allwetterkompletr\u00e4der f\u00fcr BMW X3 F25 online bestellen \u2794 Gepr\u00fcfte Qualit\u00e4t, Top Marken &amp; schneller Versand \u2714 Jetzt sicher bei Felgenforum kaufen!\" \/>\n<meta property=\"og:url\" content=\"https:\/\/felgenforum.shop\/en\/product\/ff02-anthrazit-19-zoll-allwetterraeder-allwetterkompletraeder-fuer-bmw-x3-f25\/\" \/>\n<meta property=\"og:site_name\" content=\"Felgenforum\" \/>\n<meta property=\"article:modified_time\" content=\"2026-04-25T13:10:57+00:00\" \/>\n<meta property=\"og:image\" content=\"https:\/\/felgenforum.shop\/wp-content\/uploads\/2025\/09\/ff02-anthrazit-19-zoll-allwetterraeder-allwetterkompletraeder-fuer-bmw-x3-f25-featured-1000px.webp\" \/>\n\t<meta property=\"og:image:width\" content=\"1000\" \/>\n\t<meta property=\"og:image:height\" content=\"1000\" \/>\n\t<meta property=\"og:image:type\" content=\"image\/webp\" \/>\n<meta name=\"twitter:card\" content=\"summary_large_image\" \/>\n<meta name=\"twitter:label1\" content=\"Est. reading time\" \/>\n\t<meta name=\"twitter:data1\" content=\"1 minute\" \/>\n<script type=\"application\/ld+json\" class=\"yoast-schema-graph\">{\"@context\":\"https:\\\/\\\/schema.org\",\"@graph\":[{\"@type\":\"WebPage\",\"@id\":\"https:\\\/\\\/felgenforum.shop\\\/produkt\\\/ff02-anthrazit-19-zoll-allwetterraeder-allwetterkompletraeder-fuer-bmw-x3-f25\\\/\",\"url\":\"https:\\\/\\\/felgenforum.shop\\\/produkt\\\/ff02-anthrazit-19-zoll-allwetterraeder-allwetterkompletraeder-fuer-bmw-x3-f25\\\/\",\"name\":\"FF02 Anthrazit 19 Zoll Allwetterr\u00e4der Allwetterkompletr\u00e4der f\u00fcr BMW X3 F25 g\u00fcnstig kaufen - Felgenforum\",\"isPartOf\":{\"@id\":\"https:\\\/\\\/felgenforum.shop\\\/#website\"},\"primaryImageOfPage\":{\"@id\":\"https:\\\/\\\/felgenforum.shop\\\/produkt\\\/ff02-anthrazit-19-zoll-allwetterraeder-allwetterkompletraeder-fuer-bmw-x3-f25\\\/#primaryimage\"},\"image\":{\"@id\":\"https:\\\/\\\/felgenforum.shop\\\/produkt\\\/ff02-anthrazit-19-zoll-allwetterraeder-allwetterkompletraeder-fuer-bmw-x3-f25\\\/#primaryimage\"},\"thumbnailUrl\":\"https:\\\/\\\/felgenforum.shop\\\/wp-content\\\/uploads\\\/2025\\\/09\\\/ff02-anthrazit-19-zoll-allwetterraeder-allwetterkompletraeder-fuer-bmw-x3-f25-featured-1000px.webp\",\"datePublished\":\"2025-09-14T06:41:29+00:00\",\"dateModified\":\"2026-04-25T13:10:57+00:00\",\"description\":\"FF02 Anthrazit 19 Zoll Allwetterr\u00e4der Allwetterkompletr\u00e4der f\u00fcr BMW X3 F25 online bestellen \u2794 Gepr\u00fcfte Qualit\u00e4t, Top Marken & schneller Versand \u2714 Jetzt sicher bei Felgenforum kaufen!\",\"breadcrumb\":{\"@id\":\"https:\\\/\\\/felgenforum.shop\\\/produkt\\\/ff02-anthrazit-19-zoll-allwetterraeder-allwetterkompletraeder-fuer-bmw-x3-f25\\\/#breadcrumb\"},\"inLanguage\":\"en-GB\",\"potentialAction\":[{\"@type\":\"ReadAction\",\"target\":[\"https:\\\/\\\/felgenforum.shop\\\/produkt\\\/ff02-anthrazit-19-zoll-allwetterraeder-allwetterkompletraeder-fuer-bmw-x3-f25\\\/\"]}]},{\"@type\":\"ImageObject\",\"inLanguage\":\"en-GB\",\"@id\":\"https:\\\/\\\/felgenforum.shop\\\/produkt\\\/ff02-anthrazit-19-zoll-allwetterraeder-allwetterkompletraeder-fuer-bmw-x3-f25\\\/#primaryimage\",\"url\":\"https:\\\/\\\/felgenforum.shop\\\/wp-content\\\/uploads\\\/2025\\\/09\\\/ff02-anthrazit-19-zoll-allwetterraeder-allwetterkompletraeder-fuer-bmw-x3-f25-featured-1000px.webp\",\"contentUrl\":\"https:\\\/\\\/felgenforum.shop\\\/wp-content\\\/uploads\\\/2025\\\/09\\\/ff02-anthrazit-19-zoll-allwetterraeder-allwetterkompletraeder-fuer-bmw-x3-f25-featured-1000px.webp\",\"width\":1000,\"height\":1000},{\"@type\":\"BreadcrumbList\",\"@id\":\"https:\\\/\\\/felgenforum.shop\\\/produkt\\\/ff02-anthrazit-19-zoll-allwetterraeder-allwetterkompletraeder-fuer-bmw-x3-f25\\\/#breadcrumb\",\"itemListElement\":[{\"@type\":\"ListItem\",\"position\":1,\"name\":\"Startseite\",\"item\":\"https:\\\/\\\/felgenforum.shop\\\/\"},{\"@type\":\"ListItem\",\"position\":2,\"name\":\"Shop\",\"item\":\"https:\\\/\\\/felgenforum.shop\\\/shop\\\/\"},{\"@type\":\"ListItem\",\"position\":3,\"name\":\"FF02 Anthrazit 19 Zoll Allwetterr\u00e4der Allwetterkompletr\u00e4der f\u00fcr BMW X3 F25\"}]},{\"@type\":\"WebSite\",\"@id\":\"https:\\\/\\\/felgenforum.shop\\\/#website\",\"url\":\"https:\\\/\\\/felgenforum.shop\\\/\",\"name\":\"Felgenforum\",\"description\":\"\",\"potentialAction\":[{\"@type\":\"SearchAction\",\"target\":{\"@type\":\"EntryPoint\",\"urlTemplate\":\"https:\\\/\\\/felgenforum.shop\\\/?s={search_term_string}\"},\"query-input\":{\"@type\":\"PropertyValueSpecification\",\"valueRequired\":true,\"valueName\":\"search_term_string\"}}],\"inLanguage\":\"en-GB\"}]}<\/script>","yoast_head_json":{"title":"FF02 Anthrazit 19 Zoll Allwetterr\u00e4der Allwetterkompletr\u00e4der f\u00fcr BMW X3 F25 g\u00fcnstig kaufen - Felgenforum","description":"FF02 Anthrazit 19 Zoll Allwetterr\u00e4der Allwetterkompletr\u00e4der f\u00fcr BMW X3 F25 online bestellen \u2794 Gepr\u00fcfte Qualit\u00e4t, Top Marken & schneller Versand \u2714 Jetzt sicher bei Felgenforum kaufen!","robots":{"index":"index","follow":"follow","max-snippet":"max-snippet:-1","max-image-preview":"max-image-preview:large","max-video-preview":"max-video-preview:-1"},"canonical":"https:\/\/felgenforum.shop\/en\/product\/ff02-anthrazit-19-zoll-allwetterraeder-allwetterkompletraeder-fuer-bmw-x3-f25\/","og_locale":"en_GB","og_type":"article","og_title":"FF02 Anthrazit 19 Zoll Allwetterr\u00e4der Allwetterkompletr\u00e4der f\u00fcr BMW X3 F25 g\u00fcnstig kaufen - Felgenforum","og_description":"FF02 Anthrazit 19 Zoll Allwetterr\u00e4der Allwetterkompletr\u00e4der f\u00fcr BMW X3 F25 online bestellen \u2794 Gepr\u00fcfte Qualit\u00e4t, Top Marken & schneller Versand \u2714 Jetzt sicher bei Felgenforum kaufen!","og_url":"https:\/\/felgenforum.shop\/en\/product\/ff02-anthrazit-19-zoll-allwetterraeder-allwetterkompletraeder-fuer-bmw-x3-f25\/","og_site_name":"Felgenforum","article_modified_time":"2026-04-25T13:10:57+00:00","og_image":[{"width":1000,"height":1000,"url":"https:\/\/felgenforum.shop\/wp-content\/uploads\/2025\/09\/ff02-anthrazit-19-zoll-allwetterraeder-allwetterkompletraeder-fuer-bmw-x3-f25-featured-1000px.webp","type":"image\/webp"}],"twitter_card":"summary_large_image","twitter_misc":{"Est. reading time":"1 minute"},"schema":{"@context":"https:\/\/schema.org","@graph":[{"@type":"WebPage","@id":"https:\/\/felgenforum.shop\/produkt\/ff02-anthrazit-19-zoll-allwetterraeder-allwetterkompletraeder-fuer-bmw-x3-f25\/","url":"https:\/\/felgenforum.shop\/produkt\/ff02-anthrazit-19-zoll-allwetterraeder-allwetterkompletraeder-fuer-bmw-x3-f25\/","name":"FF02 Anthrazit 19 Zoll Allwetterr\u00e4der Allwetterkompletr\u00e4der f\u00fcr BMW X3 F25 g\u00fcnstig kaufen - Felgenforum","isPartOf":{"@id":"https:\/\/felgenforum.shop\/#website"},"primaryImageOfPage":{"@id":"https:\/\/felgenforum.shop\/produkt\/ff02-anthrazit-19-zoll-allwetterraeder-allwetterkompletraeder-fuer-bmw-x3-f25\/#primaryimage"},"image":{"@id":"https:\/\/felgenforum.shop\/produkt\/ff02-anthrazit-19-zoll-allwetterraeder-allwetterkompletraeder-fuer-bmw-x3-f25\/#primaryimage"},"thumbnailUrl":"https:\/\/felgenforum.shop\/wp-content\/uploads\/2025\/09\/ff02-anthrazit-19-zoll-allwetterraeder-allwetterkompletraeder-fuer-bmw-x3-f25-featured-1000px.webp","datePublished":"2025-09-14T06:41:29+00:00","dateModified":"2026-04-25T13:10:57+00:00","description":"FF02 Anthrazit 19 Zoll Allwetterr\u00e4der Allwetterkompletr\u00e4der f\u00fcr BMW X3 F25 online bestellen \u2794 Gepr\u00fcfte Qualit\u00e4t, Top Marken & schneller Versand \u2714 Jetzt sicher bei Felgenforum kaufen!","breadcrumb":{"@id":"https:\/\/felgenforum.shop\/produkt\/ff02-anthrazit-19-zoll-allwetterraeder-allwetterkompletraeder-fuer-bmw-x3-f25\/#breadcrumb"},"inLanguage":"en-GB","potentialAction":[{"@type":"ReadAction","target":["https:\/\/felgenforum.shop\/produkt\/ff02-anthrazit-19-zoll-allwetterraeder-allwetterkompletraeder-fuer-bmw-x3-f25\/"]}]},{"@type":"ImageObject","inLanguage":"en-GB","@id":"https:\/\/felgenforum.shop\/produkt\/ff02-anthrazit-19-zoll-allwetterraeder-allwetterkompletraeder-fuer-bmw-x3-f25\/#primaryimage","url":"https:\/\/felgenforum.shop\/wp-content\/uploads\/2025\/09\/ff02-anthrazit-19-zoll-allwetterraeder-allwetterkompletraeder-fuer-bmw-x3-f25-featured-1000px.webp","contentUrl":"https:\/\/felgenforum.shop\/wp-content\/uploads\/2025\/09\/ff02-anthrazit-19-zoll-allwetterraeder-allwetterkompletraeder-fuer-bmw-x3-f25-featured-1000px.webp","width":1000,"height":1000},{"@type":"BreadcrumbList","@id":"https:\/\/felgenforum.shop\/produkt\/ff02-anthrazit-19-zoll-allwetterraeder-allwetterkompletraeder-fuer-bmw-x3-f25\/#breadcrumb","itemListElement":[{"@type":"ListItem","position":1,"name":"Startseite","item":"https:\/\/felgenforum.shop\/"},{"@type":"ListItem","position":2,"name":"Shop","item":"https:\/\/felgenforum.shop\/shop\/"},{"@type":"ListItem","position":3,"name":"FF02 Anthrazit 19 Zoll Allwetterr\u00e4der Allwetterkompletr\u00e4der f\u00fcr BMW X3 F25"}]},{"@type":"WebSite","@id":"https:\/\/felgenforum.shop\/#website","url":"https:\/\/felgenforum.shop\/","name":"Rim forum","description":"","potentialAction":[{"@type":"SearchAction","target":{"@type":"EntryPoint","urlTemplate":"https:\/\/felgenforum.shop\/?s={search_term_string}"},"query-input":{"@type":"PropertyValueSpecification","valueRequired":true,"valueName":"search_term_string"}}],"inLanguage":"en-GB"}]}},"_links":{"self":[{"href":"https:\/\/felgenforum.shop\/en\/wp-json\/wp\/v2\/product\/85865","targetHints":{"allow":["GET"]}}],"collection":[{"href":"https:\/\/felgenforum.shop\/en\/wp-json\/wp\/v2\/product"}],"about":[{"href":"https:\/\/felgenforum.shop\/en\/wp-json\/wp\/v2\/types\/product"}],"replies":[{"embeddable":true,"href":"https:\/\/felgenforum.shop\/en\/wp-json\/wp\/v2\/comments?post=85865"}],"wp:featuredmedia":[{"embeddable":true,"href":"https:\/\/felgenforum.shop\/en\/wp-json\/wp\/v2\/media\/95645"}],"wp:attachment":[{"href":"https:\/\/felgenforum.shop\/en\/wp-json\/wp\/v2\/media?parent=85865"}],"wp:term":[{"taxonomy":"product_brand","embeddable":true,"href":"https:\/\/felgenforum.shop\/en\/wp-json\/wp\/v2\/product_brand?post=85865"},{"taxonomy":"product_cat","embeddable":true,"href":"https:\/\/felgenforum.shop\/en\/wp-json\/wp\/v2\/product_cat?post=85865"},{"taxonomy":"product_tag","embeddable":true,"href":"https:\/\/felgenforum.shop\/en\/wp-json\/wp\/v2\/product_tag?post=85865"}],"curies":[{"name":"wp","href":"https:\/\/api.w.org\/{rel}","templated":true}]}}