{"id":85701,"date":"2025-09-14T08:02:08","date_gmt":"2025-09-14T06:02:08","guid":{"rendered":"https:\/\/felgenforum.shop\/?post_type=product&#038;p=85701"},"modified":"2026-04-25T15:10:53","modified_gmt":"2026-04-25T13:10:53","slug":"18-zoll-winterraeder-winterreifen-winterkomplettraeder-seat-leon-1p-5f-kl-cupra","status":"publish","type":"product","link":"https:\/\/felgenforum.shop\/en\/product\/18-zoll-winterraeder-winterreifen-winterkomplettraeder-seat-leon-1p-5f-kl-cupra\/","title":{"rendered":"18-inch winter wheels, winter tires, complete winter wheel sets for Seat Leon 1P 5F KL Cupra"},"content":{"rendered":"<h3>Welcome to an offer from Felgenforum.shop<\/h3>\n<p>In this offer we offer you a NEW set of complete winter wheels in glossy black including ABE (German type approval).<\/p>\n<p>4x fully pre-assembled and balanced complete wheels<\/p>\n<p>consisting of:<\/p>\n<p>4x Alufelge Damina DM08 schwarz 8&#215;18 ET45 LK5\/112<\/p>\n<p>+<\/p>\n<p>4x winter tires 225\/40 R18 92V from current daily purchase<\/p>\n<p>fully assembled and balanced<\/p>\n<p>(including black weights and black metal valves)<\/p>\n<p>NEW &amp; in original packaging.<\/p>\n<h3>Scope of delivery:<\/h3>\n<ul>\n<li>4 x Damina DM08 8&#215;18 ET45 5&#215;112 schwarz gl\u00e4nzend<\/li>\n<li>Complete mounting hardware (if required according to the ABE)<\/li>\n<li>4x winter tires from current daily purchase 225\/40 R18 92V<\/li>\n<li>4x hub caps Damina Performance<\/li>\n<li>(Vehicle manufacturer&#039;s hubcap not included)<\/li>\n<li>1x Expert report (ABE)<\/li>\n<li>In most cases, the complete wheel sets are therefore registration-free. If you have any questions about fitment or any registration requirements, our experienced team will be happy to assist you :).<\/li>\n<li>Please be sure to specify your vehicle after purchase.<\/li>\n<li>We offer this model in many other sizes and colors; please contact us if you have any other requests.<\/li>\n<li>&gt;&gt;&gt;Wishful tires<\/li>\n<li>Do you have a specific request regarding tire brand or tire quality? No problem!<\/li>\n<li>We would be happy to create individual complete wheel offers for you :).<\/li>\n<li>The complete wheels are suitable for, among others:<\/li>\n<\/ul>\n<h3>Audi<\/h3>\n<ul>\n<li>A3 S3 8P 8P1 8V GY\u00a0<\/li>\n<li>A4 S4 B6 B7 8E 8H<\/li>\n<li>TT TTS 8J 8S FV<\/li>\n<\/ul>\n<h3>Volkswagen<\/h3>\n<ul>\n<li>EOS<\/li>\n<li>Golf 5 6 7 8 in all versions<\/li>\n<li>Jetta 1KM 16 16H<\/li>\n<li>Passat B6 B7<\/li>\n<\/ul>\n<h3>Mercedes Benz<\/h3>\n<ul>\n<li>A-Class W169 W176<\/li>\n<li>B Class W245 W246<\/li>\n<li>C-Class W204<\/li>\n<li>CLA Class C117<\/li>\n<li>Seat<\/li>\n<li>Leon 1P 5F KL also Cupra<\/li>\n<\/ul>\n<h3>Skoda<\/h3>\n<ul>\n<li>Octavia 1Z 5E<\/li>\n<li>Superb 2 3<\/li>\n<\/ul>\n<h3>BMW<\/h3>\n<ul>\n<li>1 Series F40<\/li>\n<\/ul>","protected":false},"excerpt":{"rendered":"<p>A set (4 pieces) of ready-to-drive Damina Performance complete wheels, professionally mounted and balanced.<\/p>\n<p><strong>Rim details:<\/strong> 8&#215;18 Zoll, Lochkreis 112.<br \/><strong>Tire details:<\/strong> Triangle, Goodride, Fortuna, Imperial, Superia. .<\/p>","protected":false},"featured_media":85702,"comment_status":"open","ping_status":"closed","template":"","meta":[],"product_brand":[],"product_cat":[1392,1204,1307],"product_tag":[],"class_list":{"0":"post-85701","1":"product","2":"type-product","3":"status-publish","4":"has-post-thumbnail","6":"product_cat-18-zoll-winterraeder-seat","7":"product_cat-komplettraeder-winter","8":"product_cat-seat-cupra","9":"product_shipping_class-komplettrad","10":"pa_anzahl-der-komplettraeder-1433","11":"pa_einpresstiefe-et-1508","12":"pa_fahrzeugmarke-seat","13":"pa_felgenbreite-1474","14":"pa_felgenfarbe-schwarz","15":"pa_felgenhersteller-damina-performance","16":"pa_felgenmaterial-aluminium","17":"pa_felgenmodell-dm08","18":"pa_geschwindigkeitsindex-v-bis-240-km-h","19":"pa_herstellernummer-felge-1675","20":"pa_herstellernummer-reifen-tageseinkauf","21":"pa_lastbereich-xl","22":"pa_lochkreis-1439","23":"pa_lochzahl-1447","24":"pa_reifenbreite-1432","25":"pa_reifendurchmesser-1674","26":"pa_reifenhersteller-triangle-goodride-fortuna-imperial-superia","27":"pa_reifenquerschnitt-1571","28":"pa_reifenspezifikation-winterreifen","29":"pa_run-flat-nein","30":"pa_zollgroesse-1482","32":"first","33":"instock","34":"sale","35":"taxable","36":"shipping-taxable","37":"purchasable","38":"product-type-simple"},"yoast_head":"<title>18 Zoll Winterr\u00e4der Winterreifen Winterkomplettr\u00e4der Seat Leon 1P 5F KL Cupra g\u00fcnstig kaufen - Felgenforum<\/title>\n<meta name=\"description\" content=\"Sicher durch den Winter: 18 Zoll Winterr\u00e4der f\u00fcr Seat Leon Cupra bieten maximalen Grip und Sicherheit bei Schnee. Jetzt g\u00fcnstig online bestellen!\" \/>\n<meta name=\"robots\" content=\"index, follow, max-snippet:-1, max-image-preview:large, max-video-preview:-1\" \/>\n<link rel=\"canonical\" href=\"https:\/\/felgenforum.shop\/en\/product\/18-zoll-winterraeder-winterreifen-winterkomplettraeder-seat-leon-1p-5f-kl-cupra\/\" \/>\n<meta property=\"og:locale\" content=\"en_GB\" \/>\n<meta property=\"og:type\" content=\"article\" \/>\n<meta property=\"og:title\" content=\"18 Zoll Winterr\u00e4der Winterreifen Winterkomplettr\u00e4der Seat Leon 1P 5F KL Cupra g\u00fcnstig kaufen - Felgenforum\" \/>\n<meta property=\"og:description\" content=\"Sicher durch den Winter: 18 Zoll Winterr\u00e4der f\u00fcr Seat Leon Cupra bieten maximalen Grip und Sicherheit bei Schnee. Jetzt g\u00fcnstig online bestellen!\" \/>\n<meta property=\"og:url\" content=\"https:\/\/felgenforum.shop\/en\/product\/18-zoll-winterraeder-winterreifen-winterkomplettraeder-seat-leon-1p-5f-kl-cupra\/\" \/>\n<meta property=\"og:site_name\" content=\"Felgenforum\" \/>\n<meta property=\"article:modified_time\" content=\"2026-04-25T13:10:53+00:00\" \/>\n<meta property=\"og:image\" content=\"https:\/\/felgenforum.shop\/wp-content\/uploads\/2025\/09\/57-3875.webp\" \/>\n\t<meta property=\"og:image:width\" content=\"1281\" \/>\n\t<meta property=\"og:image:height\" content=\"1000\" \/>\n\t<meta property=\"og:image:type\" content=\"image\/webp\" \/>\n<meta name=\"twitter:card\" content=\"summary_large_image\" \/>\n<meta name=\"twitter:label1\" content=\"Est. reading time\" \/>\n\t<meta name=\"twitter:data1\" content=\"1 minute\" \/>\n<script type=\"application\/ld+json\" class=\"yoast-schema-graph\">{\"@context\":\"https:\\\/\\\/schema.org\",\"@graph\":[{\"@type\":\"WebPage\",\"@id\":\"https:\\\/\\\/felgenforum.shop\\\/produkt\\\/18-zoll-winterraeder-winterreifen-winterkomplettraeder-seat-leon-1p-5f-kl-cupra\\\/\",\"url\":\"https:\\\/\\\/felgenforum.shop\\\/produkt\\\/18-zoll-winterraeder-winterreifen-winterkomplettraeder-seat-leon-1p-5f-kl-cupra\\\/\",\"name\":\"18 Zoll Winterr\u00e4der Winterreifen Winterkomplettr\u00e4der Seat Leon 1P 5F KL Cupra g\u00fcnstig kaufen - Felgenforum\",\"isPartOf\":{\"@id\":\"https:\\\/\\\/felgenforum.shop\\\/#website\"},\"primaryImageOfPage\":{\"@id\":\"https:\\\/\\\/felgenforum.shop\\\/produkt\\\/18-zoll-winterraeder-winterreifen-winterkomplettraeder-seat-leon-1p-5f-kl-cupra\\\/#primaryimage\"},\"image\":{\"@id\":\"https:\\\/\\\/felgenforum.shop\\\/produkt\\\/18-zoll-winterraeder-winterreifen-winterkomplettraeder-seat-leon-1p-5f-kl-cupra\\\/#primaryimage\"},\"thumbnailUrl\":\"https:\\\/\\\/felgenforum.shop\\\/wp-content\\\/uploads\\\/2025\\\/09\\\/57-3875.webp\",\"datePublished\":\"2025-09-14T06:02:08+00:00\",\"dateModified\":\"2026-04-25T13:10:53+00:00\",\"description\":\"Sicher durch den Winter: 18 Zoll Winterr\u00e4der f\u00fcr Seat Leon Cupra bieten maximalen Grip und Sicherheit bei Schnee. Jetzt g\u00fcnstig online bestellen!\",\"breadcrumb\":{\"@id\":\"https:\\\/\\\/felgenforum.shop\\\/produkt\\\/18-zoll-winterraeder-winterreifen-winterkomplettraeder-seat-leon-1p-5f-kl-cupra\\\/#breadcrumb\"},\"inLanguage\":\"en-GB\",\"potentialAction\":[{\"@type\":\"ReadAction\",\"target\":[\"https:\\\/\\\/felgenforum.shop\\\/produkt\\\/18-zoll-winterraeder-winterreifen-winterkomplettraeder-seat-leon-1p-5f-kl-cupra\\\/\"]}]},{\"@type\":\"ImageObject\",\"inLanguage\":\"en-GB\",\"@id\":\"https:\\\/\\\/felgenforum.shop\\\/produkt\\\/18-zoll-winterraeder-winterreifen-winterkomplettraeder-seat-leon-1p-5f-kl-cupra\\\/#primaryimage\",\"url\":\"https:\\\/\\\/felgenforum.shop\\\/wp-content\\\/uploads\\\/2025\\\/09\\\/57-3875.webp\",\"contentUrl\":\"https:\\\/\\\/felgenforum.shop\\\/wp-content\\\/uploads\\\/2025\\\/09\\\/57-3875.webp\",\"width\":1281,\"height\":1000,\"caption\":\"18 Zoll Winterr\u00e4der f\u00fcr Seat Leon Cupra mit hochwertigen Winterreifen\"},{\"@type\":\"BreadcrumbList\",\"@id\":\"https:\\\/\\\/felgenforum.shop\\\/produkt\\\/18-zoll-winterraeder-winterreifen-winterkomplettraeder-seat-leon-1p-5f-kl-cupra\\\/#breadcrumb\",\"itemListElement\":[{\"@type\":\"ListItem\",\"position\":1,\"name\":\"Startseite\",\"item\":\"https:\\\/\\\/felgenforum.shop\\\/\"},{\"@type\":\"ListItem\",\"position\":2,\"name\":\"Shop\",\"item\":\"https:\\\/\\\/felgenforum.shop\\\/shop\\\/\"},{\"@type\":\"ListItem\",\"position\":3,\"name\":\"18 Zoll Winterr\u00e4der Winterreifen Winterkomplettr\u00e4der Seat Leon 1P 5F KL Cupra\"}]},{\"@type\":\"WebSite\",\"@id\":\"https:\\\/\\\/felgenforum.shop\\\/#website\",\"url\":\"https:\\\/\\\/felgenforum.shop\\\/\",\"name\":\"Felgenforum\",\"description\":\"\",\"potentialAction\":[{\"@type\":\"SearchAction\",\"target\":{\"@type\":\"EntryPoint\",\"urlTemplate\":\"https:\\\/\\\/felgenforum.shop\\\/?s={search_term_string}\"},\"query-input\":{\"@type\":\"PropertyValueSpecification\",\"valueRequired\":true,\"valueName\":\"search_term_string\"}}],\"inLanguage\":\"en-GB\"}]}<\/script>","yoast_head_json":{"title":"18 Zoll Winterr\u00e4der Winterreifen Winterkomplettr\u00e4der Seat Leon 1P 5F KL Cupra g\u00fcnstig kaufen - Felgenforum","description":"Sicher durch den Winter: 18 Zoll Winterr\u00e4der f\u00fcr Seat Leon Cupra bieten maximalen Grip und Sicherheit bei Schnee. Jetzt g\u00fcnstig online bestellen!","robots":{"index":"index","follow":"follow","max-snippet":"max-snippet:-1","max-image-preview":"max-image-preview:large","max-video-preview":"max-video-preview:-1"},"canonical":"https:\/\/felgenforum.shop\/en\/product\/18-zoll-winterraeder-winterreifen-winterkomplettraeder-seat-leon-1p-5f-kl-cupra\/","og_locale":"en_GB","og_type":"article","og_title":"18 Zoll Winterr\u00e4der Winterreifen Winterkomplettr\u00e4der Seat Leon 1P 5F KL Cupra g\u00fcnstig kaufen - Felgenforum","og_description":"Sicher durch den Winter: 18 Zoll Winterr\u00e4der f\u00fcr Seat Leon Cupra bieten maximalen Grip und Sicherheit bei Schnee. Jetzt g\u00fcnstig online bestellen!","og_url":"https:\/\/felgenforum.shop\/en\/product\/18-zoll-winterraeder-winterreifen-winterkomplettraeder-seat-leon-1p-5f-kl-cupra\/","og_site_name":"Felgenforum","article_modified_time":"2026-04-25T13:10:53+00:00","og_image":[{"width":1281,"height":1000,"url":"https:\/\/felgenforum.shop\/wp-content\/uploads\/2025\/09\/57-3875.webp","type":"image\/webp"}],"twitter_card":"summary_large_image","twitter_misc":{"Est. reading time":"1 minute"},"schema":{"@context":"https:\/\/schema.org","@graph":[{"@type":"WebPage","@id":"https:\/\/felgenforum.shop\/produkt\/18-zoll-winterraeder-winterreifen-winterkomplettraeder-seat-leon-1p-5f-kl-cupra\/","url":"https:\/\/felgenforum.shop\/produkt\/18-zoll-winterraeder-winterreifen-winterkomplettraeder-seat-leon-1p-5f-kl-cupra\/","name":"18 Zoll Winterr\u00e4der Winterreifen Winterkomplettr\u00e4der Seat Leon 1P 5F KL Cupra g\u00fcnstig kaufen - Felgenforum","isPartOf":{"@id":"https:\/\/felgenforum.shop\/#website"},"primaryImageOfPage":{"@id":"https:\/\/felgenforum.shop\/produkt\/18-zoll-winterraeder-winterreifen-winterkomplettraeder-seat-leon-1p-5f-kl-cupra\/#primaryimage"},"image":{"@id":"https:\/\/felgenforum.shop\/produkt\/18-zoll-winterraeder-winterreifen-winterkomplettraeder-seat-leon-1p-5f-kl-cupra\/#primaryimage"},"thumbnailUrl":"https:\/\/felgenforum.shop\/wp-content\/uploads\/2025\/09\/57-3875.webp","datePublished":"2025-09-14T06:02:08+00:00","dateModified":"2026-04-25T13:10:53+00:00","description":"Sicher durch den Winter: 18 Zoll Winterr\u00e4der f\u00fcr Seat Leon Cupra bieten maximalen Grip und Sicherheit bei Schnee. Jetzt g\u00fcnstig online bestellen!","breadcrumb":{"@id":"https:\/\/felgenforum.shop\/produkt\/18-zoll-winterraeder-winterreifen-winterkomplettraeder-seat-leon-1p-5f-kl-cupra\/#breadcrumb"},"inLanguage":"en-GB","potentialAction":[{"@type":"ReadAction","target":["https:\/\/felgenforum.shop\/produkt\/18-zoll-winterraeder-winterreifen-winterkomplettraeder-seat-leon-1p-5f-kl-cupra\/"]}]},{"@type":"ImageObject","inLanguage":"en-GB","@id":"https:\/\/felgenforum.shop\/produkt\/18-zoll-winterraeder-winterreifen-winterkomplettraeder-seat-leon-1p-5f-kl-cupra\/#primaryimage","url":"https:\/\/felgenforum.shop\/wp-content\/uploads\/2025\/09\/57-3875.webp","contentUrl":"https:\/\/felgenforum.shop\/wp-content\/uploads\/2025\/09\/57-3875.webp","width":1281,"height":1000,"caption":"18 Zoll Winterr\u00e4der f\u00fcr Seat Leon Cupra mit hochwertigen Winterreifen"},{"@type":"BreadcrumbList","@id":"https:\/\/felgenforum.shop\/produkt\/18-zoll-winterraeder-winterreifen-winterkomplettraeder-seat-leon-1p-5f-kl-cupra\/#breadcrumb","itemListElement":[{"@type":"ListItem","position":1,"name":"Startseite","item":"https:\/\/felgenforum.shop\/"},{"@type":"ListItem","position":2,"name":"Shop","item":"https:\/\/felgenforum.shop\/shop\/"},{"@type":"ListItem","position":3,"name":"18 Zoll Winterr\u00e4der Winterreifen Winterkomplettr\u00e4der Seat Leon 1P 5F KL Cupra"}]},{"@type":"WebSite","@id":"https:\/\/felgenforum.shop\/#website","url":"https:\/\/felgenforum.shop\/","name":"Rim forum","description":"","potentialAction":[{"@type":"SearchAction","target":{"@type":"EntryPoint","urlTemplate":"https:\/\/felgenforum.shop\/?s={search_term_string}"},"query-input":{"@type":"PropertyValueSpecification","valueRequired":true,"valueName":"search_term_string"}}],"inLanguage":"en-GB"}]}},"_links":{"self":[{"href":"https:\/\/felgenforum.shop\/en\/wp-json\/wp\/v2\/product\/85701","targetHints":{"allow":["GET"]}}],"collection":[{"href":"https:\/\/felgenforum.shop\/en\/wp-json\/wp\/v2\/product"}],"about":[{"href":"https:\/\/felgenforum.shop\/en\/wp-json\/wp\/v2\/types\/product"}],"replies":[{"embeddable":true,"href":"https:\/\/felgenforum.shop\/en\/wp-json\/wp\/v2\/comments?post=85701"}],"wp:featuredmedia":[{"embeddable":true,"href":"https:\/\/felgenforum.shop\/en\/wp-json\/wp\/v2\/media\/85702"}],"wp:attachment":[{"href":"https:\/\/felgenforum.shop\/en\/wp-json\/wp\/v2\/media?parent=85701"}],"wp:term":[{"taxonomy":"product_brand","embeddable":true,"href":"https:\/\/felgenforum.shop\/en\/wp-json\/wp\/v2\/product_brand?post=85701"},{"taxonomy":"product_cat","embeddable":true,"href":"https:\/\/felgenforum.shop\/en\/wp-json\/wp\/v2\/product_cat?post=85701"},{"taxonomy":"product_tag","embeddable":true,"href":"https:\/\/felgenforum.shop\/en\/wp-json\/wp\/v2\/product_tag?post=85701"}],"curies":[{"name":"wp","href":"https:\/\/api.w.org\/{rel}","templated":true}]}}