{"id":85630,"date":"2025-09-14T07:46:45","date_gmt":"2025-09-14T05:46:45","guid":{"rendered":"https:\/\/felgenforum.shop\/?post_type=product&#038;p=85630"},"modified":"2026-04-25T15:10:51","modified_gmt":"2026-04-25T13:10:51","slug":"4x-20-zoll-felgen-ff02-anthrazit-fuer-cupra-terramar-hybrid-vz-fr-kp-seat-neu","status":"publish","type":"product","link":"https:\/\/felgenforum.shop\/en\/product\/4x-20-zoll-felgen-ff02-anthrazit-fuer-cupra-terramar-hybrid-vz-fr-kp-seat-neu\/","title":{"rendered":"4x 20 inch FF02 anthracite rims for Cupra Terramar (Hybrid) VZ FR KP Seat NEW"},"content":{"rendered":"<h3>Welcome to an offer from Felgenforum.shop<\/h3>\n<p>In this offer we offer you a NEW set of FF Wheels FF02 alloy wheels in matte grey including ABE.<\/p>\n<p>NEW &amp; in original packaging.<\/p>\n<h3>Scope of delivery:<\/h3>\n<ul>\n<li>4 x FF Wheels FF02\u00a08,5&#215;20 ET30 5&#215;112 grau matt<\/li>\n<li>Complete mounting hardware (if required according to the ABE)<\/li>\n<li>4x Hubcaps FF Wheels<\/li>\n<li>1x Expert report (ABE)<\/li>\n<li>In most cases, the rims are therefore registration-free. If you have any questions about fitment or any registration requirements, our experienced team will be happy to help :).<\/li>\n<li>Please be sure to specify your vehicle after purchase.<\/li>\n<li>We offer this model in many other sizes and colors; please contact us if you have any other requests.<\/li>\n<\/ul>\n<h3>&gt;&gt;&gt;Complete wheels<\/h3>\n<h3>We are happy to offer you the desired rims as ready-to-install complete wheels with a tire of your choice.<\/h3>\n<p>Feel free to send us a non-binding inquiry :).<\/p>\n<p>The rims are the correct size for the following vehicles:<\/p>\n<h3>Audi<\/h3>\n<ul>\n<li>A5 B8 B9 S5<\/li>\n<li>A6 S6 4G 4G1 C7 F2 C8<\/li>\n<li>A7 4G 4G1 F2 S7<\/li>\n<li>A8 4H F8 S8<\/li>\n<li>Q5 8R FY SQ5<\/li>\n<\/ul>\n<h3>Volkswagen<\/h3>\n<ul>\n<li>Arteon 3H<\/li>\n<li>Passat CC<\/li>\n<li>Sirocco<\/li>\n<li>Phaeton 3D<\/li>\n<li>Tiguan 5N1 5N2<\/li>\n<\/ul>\n<h3>Mercedes Benz<\/h3>\n<ul>\n<li>E-Class W213 W212 W217<\/li>\n<li>CL Class C216<\/li>\n<li>CLS Class W218 W219<\/li>\n<li>GLC W253 X253<\/li>\n<li>S-Class W221 W222<\/li>\n<li>SL R230 R231<\/li>\n<li>Seat<\/li>\n<li>Formentor \/ Cupra<\/li>\n<li>Tarraco<\/li>\n<\/ul>\n<h3>Skoda<\/h3>\n<ul>\n<li>Kodiaq<\/li>\n<\/ul>\n<h3>BMW<\/h3>\n<ul>\n<li>3 Series G20 G21 G3C G3K<\/li>\n<li>\u00a0 \u00a0 \u00a0 \u00a0 \u00a0 \u00a0 \u00a0 \u00a0 \u00a0 \u00a0 \u00a0 \u00a0 \u00a0 \u00a0 \u00a0 \u00a0 \u00a0 \u00a0 \u00a0 \u00a0 \u00a0 \u00a0 \u00a0 \u00a0 \u00a0 \u00a0 \u00a0 \u00a0 \u00a0 \u00a0 \u00a0 \u00a0 \u00a0 \u00a0 \u00a0 \u00a0 \u00a0 \u00a0 \u00a0 \u00a0 \u00a0 \u00a0 \u00a0 \u00a0 \u00a0 \u00a0 \u00a04er G22 G23 G26<\/li>\n<li>5 Series G30<\/li>\n<li>6er G6GT G32<\/li>\n<li>\u00a0 \u00a0 \u00a0 \u00a0 \u00a0 \u00a0 \u00a0 \u00a0 \u00a0 \u00a0 \u00a0 \u00a0 \u00a0 \u00a0 \u00a0 \u00a0 \u00a0 \u00a0 \u00a0 \u00a0 \u00a0 \u00a0 \u00a0 \u00a0 \u00a0 \u00a0 \u00a0 \u00a0 \u00a0 \u00a0 \u00a0 \u00a0 \u00a0 \u00a0 \u00a0 \u00a0 \u00a0 \u00a0 \u00a0 \u00a0 \u00a0 \u00a0 \u00a0 \u00a0 \u00a0 \u00a0 \u00a0 \u00a0 \u00a0 \u00a0 7-series 7L<\/li>\n<li>\u00a0 \u00a0 \u00a0 \u00a0 \u00a0 \u00a0 \u00a0 \u00a0 \u00a0 \u00a0 \u00a0 \u00a0 \u00a0 \u00a0 \u00a0 \u00a0 \u00a0 \u00a0 \u00a0 \u00a0 \u00a0 \u00a0 \u00a0 \u00a0 \u00a0 \u00a0 \u00a0 \u00a0 \u00a0 \u00a0 \u00a0 \u00a0 \u00a0 \u00a0 \u00a0 \u00a0 \u00a0 \u00a0 \u00a0 \u00a0 \u00a0 \u00a0 \u00a0 \u00a0 \u00a0 \u00a0 \u00a0 \u00a0 \u00a0 \u00a0 Z4 G4Z<\/li>\n<li>X3 G01<\/li>\n<li>X4 G02<\/li>\n<\/ul>","protected":false},"excerpt":{"rendered":"<p>A set (4 pieces) of high-quality brand-name alloy wheels, model FF02, size 8.5Jx20 inches, bolt pattern 112 with 5 holes. Professionally inspected and packaged ready for shipping.<\/p>","protected":false},"featured_media":95453,"comment_status":"open","ping_status":"closed","template":"","meta":[],"product_brand":[],"product_cat":[1569,1366,1086,1092,1236,1179],"product_tag":[],"class_list":{"0":"post-85630","1":"product","2":"type-product","3":"status-publish","4":"has-post-thumbnail","6":"product_cat-18-zoll-mercedes","7":"product_cat-20-zoll-ff01-felgen","8":"product_cat-felgen","9":"product_cat-ff-wheels","10":"product_cat-ff01","11":"product_cat-mercedes","12":"product_shipping_class-felge","13":"pa_anzahl-der-einheiten-1484","14":"pa_einpresstiefe-et-1450","15":"pa_fahrzeugmarke-cupra","16":"pa_farbe-grau","17":"pa_felgenaufbau-einteilig-gegossen","18":"pa_felgenbreite-8-5","19":"pa_felgendesign-5-speichen","20":"pa_felgenfarbe-anthrazit","21":"pa_felgenmaterial-aluminium","22":"pa_felgenmodell-ff02","23":"pa_hersteller-ff-wheels","24":"pa_herstellergarantie-ja-zwei-jahre","25":"pa_herstellernummer-1890","26":"pa_herstellungsland-und-regi-deutschland","27":"pa_lochkreis-1439","28":"pa_lochzahl-1447","29":"pa_maximale-traglast-750-kg","30":"pa_mit-deckel-ja-nein-ja-von-ff-wheels-2","31":"pa_mittenlochbohrung-1551","32":"pa_modell-ff02","33":"pa_produktart-vielspeiche","34":"pa_zollgroesse-1499","36":"first","37":"instock","38":"taxable","39":"shipping-taxable","40":"purchasable","41":"product-type-simple"},"yoast_head":"<title>4x 20 Zoll Felgen FF02 anthrazit f\u00fcr Cupra Terramar (Hybrid) VZ FR KP Seat NEU g\u00fcnstig kaufen - Felgenforum<\/title>\n<meta name=\"description\" content=\"4x 20 Zoll Felgen FF02 anthrazit f\u00fcr Cupra Terramar (Hybrid) VZ FR KP Seat NEU online bestellen \u2794 Gepr\u00fcfte Qualit\u00e4t, Top Marken &amp; schneller Versand \u2714 Jetzt sicher bei Felgenforum kaufen!\" \/>\n<meta name=\"robots\" content=\"index, follow, max-snippet:-1, max-image-preview:large, max-video-preview:-1\" \/>\n<link rel=\"canonical\" href=\"https:\/\/felgenforum.shop\/en\/product\/4x-20-zoll-felgen-ff02-anthrazit-fuer-cupra-terramar-hybrid-vz-fr-kp-seat-neu\/\" \/>\n<meta property=\"og:locale\" content=\"en_GB\" \/>\n<meta property=\"og:type\" content=\"article\" \/>\n<meta property=\"og:title\" content=\"4x 20 Zoll Felgen FF02 anthrazit f\u00fcr Cupra Terramar (Hybrid) VZ FR KP Seat NEU g\u00fcnstig kaufen - Felgenforum\" \/>\n<meta property=\"og:description\" content=\"4x 20 Zoll Felgen FF02 anthrazit f\u00fcr Cupra Terramar (Hybrid) VZ FR KP Seat NEU online bestellen \u2794 Gepr\u00fcfte Qualit\u00e4t, Top Marken &amp; schneller Versand \u2714 Jetzt sicher bei Felgenforum kaufen!\" \/>\n<meta property=\"og:url\" content=\"https:\/\/felgenforum.shop\/en\/product\/4x-20-zoll-felgen-ff02-anthrazit-fuer-cupra-terramar-hybrid-vz-fr-kp-seat-neu\/\" \/>\n<meta property=\"og:site_name\" content=\"Felgenforum\" \/>\n<meta property=\"article:modified_time\" content=\"2026-04-25T13:10:51+00:00\" \/>\n<meta property=\"og:image\" content=\"https:\/\/felgenforum.shop\/wp-content\/uploads\/2025\/09\/4x-20-zoll-felgen-ff02-anthrazit-fuer-cupra-terramar-hybrid-vz-fr-kp-seat-neu-featured-1000px.webp\" \/>\n\t<meta property=\"og:image:width\" content=\"1000\" \/>\n\t<meta property=\"og:image:height\" content=\"1000\" \/>\n\t<meta property=\"og:image:type\" content=\"image\/webp\" \/>\n<meta name=\"twitter:card\" content=\"summary_large_image\" \/>\n<meta name=\"twitter:label1\" content=\"Est. reading time\" \/>\n\t<meta name=\"twitter:data1\" content=\"1 minute\" \/>\n<script type=\"application\/ld+json\" class=\"yoast-schema-graph\">{\"@context\":\"https:\\\/\\\/schema.org\",\"@graph\":[{\"@type\":\"WebPage\",\"@id\":\"https:\\\/\\\/felgenforum.shop\\\/produkt\\\/4x-20-zoll-felgen-ff02-anthrazit-fuer-cupra-terramar-hybrid-vz-fr-kp-seat-neu\\\/\",\"url\":\"https:\\\/\\\/felgenforum.shop\\\/produkt\\\/4x-20-zoll-felgen-ff02-anthrazit-fuer-cupra-terramar-hybrid-vz-fr-kp-seat-neu\\\/\",\"name\":\"4x 20 Zoll Felgen FF02 anthrazit f\u00fcr Cupra Terramar (Hybrid) VZ FR KP Seat NEU g\u00fcnstig kaufen - Felgenforum\",\"isPartOf\":{\"@id\":\"https:\\\/\\\/felgenforum.shop\\\/#website\"},\"primaryImageOfPage\":{\"@id\":\"https:\\\/\\\/felgenforum.shop\\\/produkt\\\/4x-20-zoll-felgen-ff02-anthrazit-fuer-cupra-terramar-hybrid-vz-fr-kp-seat-neu\\\/#primaryimage\"},\"image\":{\"@id\":\"https:\\\/\\\/felgenforum.shop\\\/produkt\\\/4x-20-zoll-felgen-ff02-anthrazit-fuer-cupra-terramar-hybrid-vz-fr-kp-seat-neu\\\/#primaryimage\"},\"thumbnailUrl\":\"https:\\\/\\\/felgenforum.shop\\\/wp-content\\\/uploads\\\/2025\\\/09\\\/4x-20-zoll-felgen-ff02-anthrazit-fuer-cupra-terramar-hybrid-vz-fr-kp-seat-neu-featured-1000px.webp\",\"datePublished\":\"2025-09-14T05:46:45+00:00\",\"dateModified\":\"2026-04-25T13:10:51+00:00\",\"description\":\"4x 20 Zoll Felgen FF02 anthrazit f\u00fcr Cupra Terramar (Hybrid) VZ FR KP Seat NEU online bestellen \u2794 Gepr\u00fcfte Qualit\u00e4t, Top Marken & schneller Versand \u2714 Jetzt sicher bei Felgenforum kaufen!\",\"breadcrumb\":{\"@id\":\"https:\\\/\\\/felgenforum.shop\\\/produkt\\\/4x-20-zoll-felgen-ff02-anthrazit-fuer-cupra-terramar-hybrid-vz-fr-kp-seat-neu\\\/#breadcrumb\"},\"inLanguage\":\"en-GB\",\"potentialAction\":[{\"@type\":\"ReadAction\",\"target\":[\"https:\\\/\\\/felgenforum.shop\\\/produkt\\\/4x-20-zoll-felgen-ff02-anthrazit-fuer-cupra-terramar-hybrid-vz-fr-kp-seat-neu\\\/\"]}]},{\"@type\":\"ImageObject\",\"inLanguage\":\"en-GB\",\"@id\":\"https:\\\/\\\/felgenforum.shop\\\/produkt\\\/4x-20-zoll-felgen-ff02-anthrazit-fuer-cupra-terramar-hybrid-vz-fr-kp-seat-neu\\\/#primaryimage\",\"url\":\"https:\\\/\\\/felgenforum.shop\\\/wp-content\\\/uploads\\\/2025\\\/09\\\/4x-20-zoll-felgen-ff02-anthrazit-fuer-cupra-terramar-hybrid-vz-fr-kp-seat-neu-featured-1000px.webp\",\"contentUrl\":\"https:\\\/\\\/felgenforum.shop\\\/wp-content\\\/uploads\\\/2025\\\/09\\\/4x-20-zoll-felgen-ff02-anthrazit-fuer-cupra-terramar-hybrid-vz-fr-kp-seat-neu-featured-1000px.webp\",\"width\":1000,\"height\":1000},{\"@type\":\"BreadcrumbList\",\"@id\":\"https:\\\/\\\/felgenforum.shop\\\/produkt\\\/4x-20-zoll-felgen-ff02-anthrazit-fuer-cupra-terramar-hybrid-vz-fr-kp-seat-neu\\\/#breadcrumb\",\"itemListElement\":[{\"@type\":\"ListItem\",\"position\":1,\"name\":\"Startseite\",\"item\":\"https:\\\/\\\/felgenforum.shop\\\/\"},{\"@type\":\"ListItem\",\"position\":2,\"name\":\"Shop\",\"item\":\"https:\\\/\\\/felgenforum.shop\\\/shop\\\/\"},{\"@type\":\"ListItem\",\"position\":3,\"name\":\"4x 20 Zoll Felgen FF02 anthrazit f\u00fcr Cupra Terramar (Hybrid) VZ FR KP Seat NEU\"}]},{\"@type\":\"WebSite\",\"@id\":\"https:\\\/\\\/felgenforum.shop\\\/#website\",\"url\":\"https:\\\/\\\/felgenforum.shop\\\/\",\"name\":\"Felgenforum\",\"description\":\"\",\"potentialAction\":[{\"@type\":\"SearchAction\",\"target\":{\"@type\":\"EntryPoint\",\"urlTemplate\":\"https:\\\/\\\/felgenforum.shop\\\/?s={search_term_string}\"},\"query-input\":{\"@type\":\"PropertyValueSpecification\",\"valueRequired\":true,\"valueName\":\"search_term_string\"}}],\"inLanguage\":\"en-GB\"}]}<\/script>","yoast_head_json":{"title":"4x 20 Zoll Felgen FF02 anthrazit f\u00fcr Cupra Terramar (Hybrid) VZ FR KP Seat NEU g\u00fcnstig kaufen - Felgenforum","description":"4x 20 Zoll Felgen FF02 anthrazit f\u00fcr Cupra Terramar (Hybrid) VZ FR KP Seat NEU online bestellen \u2794 Gepr\u00fcfte Qualit\u00e4t, Top Marken & schneller Versand \u2714 Jetzt sicher bei Felgenforum kaufen!","robots":{"index":"index","follow":"follow","max-snippet":"max-snippet:-1","max-image-preview":"max-image-preview:large","max-video-preview":"max-video-preview:-1"},"canonical":"https:\/\/felgenforum.shop\/en\/product\/4x-20-zoll-felgen-ff02-anthrazit-fuer-cupra-terramar-hybrid-vz-fr-kp-seat-neu\/","og_locale":"en_GB","og_type":"article","og_title":"4x 20 Zoll Felgen FF02 anthrazit f\u00fcr Cupra Terramar (Hybrid) VZ FR KP Seat NEU g\u00fcnstig kaufen - Felgenforum","og_description":"4x 20 Zoll Felgen FF02 anthrazit f\u00fcr Cupra Terramar (Hybrid) VZ FR KP Seat NEU online bestellen \u2794 Gepr\u00fcfte Qualit\u00e4t, Top Marken & schneller Versand \u2714 Jetzt sicher bei Felgenforum kaufen!","og_url":"https:\/\/felgenforum.shop\/en\/product\/4x-20-zoll-felgen-ff02-anthrazit-fuer-cupra-terramar-hybrid-vz-fr-kp-seat-neu\/","og_site_name":"Felgenforum","article_modified_time":"2026-04-25T13:10:51+00:00","og_image":[{"width":1000,"height":1000,"url":"https:\/\/felgenforum.shop\/wp-content\/uploads\/2025\/09\/4x-20-zoll-felgen-ff02-anthrazit-fuer-cupra-terramar-hybrid-vz-fr-kp-seat-neu-featured-1000px.webp","type":"image\/webp"}],"twitter_card":"summary_large_image","twitter_misc":{"Est. reading time":"1 minute"},"schema":{"@context":"https:\/\/schema.org","@graph":[{"@type":"WebPage","@id":"https:\/\/felgenforum.shop\/produkt\/4x-20-zoll-felgen-ff02-anthrazit-fuer-cupra-terramar-hybrid-vz-fr-kp-seat-neu\/","url":"https:\/\/felgenforum.shop\/produkt\/4x-20-zoll-felgen-ff02-anthrazit-fuer-cupra-terramar-hybrid-vz-fr-kp-seat-neu\/","name":"4x 20 Zoll Felgen FF02 anthrazit f\u00fcr Cupra Terramar (Hybrid) VZ FR KP Seat NEU g\u00fcnstig kaufen - Felgenforum","isPartOf":{"@id":"https:\/\/felgenforum.shop\/#website"},"primaryImageOfPage":{"@id":"https:\/\/felgenforum.shop\/produkt\/4x-20-zoll-felgen-ff02-anthrazit-fuer-cupra-terramar-hybrid-vz-fr-kp-seat-neu\/#primaryimage"},"image":{"@id":"https:\/\/felgenforum.shop\/produkt\/4x-20-zoll-felgen-ff02-anthrazit-fuer-cupra-terramar-hybrid-vz-fr-kp-seat-neu\/#primaryimage"},"thumbnailUrl":"https:\/\/felgenforum.shop\/wp-content\/uploads\/2025\/09\/4x-20-zoll-felgen-ff02-anthrazit-fuer-cupra-terramar-hybrid-vz-fr-kp-seat-neu-featured-1000px.webp","datePublished":"2025-09-14T05:46:45+00:00","dateModified":"2026-04-25T13:10:51+00:00","description":"4x 20 Zoll Felgen FF02 anthrazit f\u00fcr Cupra Terramar (Hybrid) VZ FR KP Seat NEU online bestellen \u2794 Gepr\u00fcfte Qualit\u00e4t, Top Marken & schneller Versand \u2714 Jetzt sicher bei Felgenforum kaufen!","breadcrumb":{"@id":"https:\/\/felgenforum.shop\/produkt\/4x-20-zoll-felgen-ff02-anthrazit-fuer-cupra-terramar-hybrid-vz-fr-kp-seat-neu\/#breadcrumb"},"inLanguage":"en-GB","potentialAction":[{"@type":"ReadAction","target":["https:\/\/felgenforum.shop\/produkt\/4x-20-zoll-felgen-ff02-anthrazit-fuer-cupra-terramar-hybrid-vz-fr-kp-seat-neu\/"]}]},{"@type":"ImageObject","inLanguage":"en-GB","@id":"https:\/\/felgenforum.shop\/produkt\/4x-20-zoll-felgen-ff02-anthrazit-fuer-cupra-terramar-hybrid-vz-fr-kp-seat-neu\/#primaryimage","url":"https:\/\/felgenforum.shop\/wp-content\/uploads\/2025\/09\/4x-20-zoll-felgen-ff02-anthrazit-fuer-cupra-terramar-hybrid-vz-fr-kp-seat-neu-featured-1000px.webp","contentUrl":"https:\/\/felgenforum.shop\/wp-content\/uploads\/2025\/09\/4x-20-zoll-felgen-ff02-anthrazit-fuer-cupra-terramar-hybrid-vz-fr-kp-seat-neu-featured-1000px.webp","width":1000,"height":1000},{"@type":"BreadcrumbList","@id":"https:\/\/felgenforum.shop\/produkt\/4x-20-zoll-felgen-ff02-anthrazit-fuer-cupra-terramar-hybrid-vz-fr-kp-seat-neu\/#breadcrumb","itemListElement":[{"@type":"ListItem","position":1,"name":"Startseite","item":"https:\/\/felgenforum.shop\/"},{"@type":"ListItem","position":2,"name":"Shop","item":"https:\/\/felgenforum.shop\/shop\/"},{"@type":"ListItem","position":3,"name":"4x 20 Zoll Felgen FF02 anthrazit f\u00fcr Cupra Terramar (Hybrid) VZ FR KP Seat NEU"}]},{"@type":"WebSite","@id":"https:\/\/felgenforum.shop\/#website","url":"https:\/\/felgenforum.shop\/","name":"Rim forum","description":"","potentialAction":[{"@type":"SearchAction","target":{"@type":"EntryPoint","urlTemplate":"https:\/\/felgenforum.shop\/?s={search_term_string}"},"query-input":{"@type":"PropertyValueSpecification","valueRequired":true,"valueName":"search_term_string"}}],"inLanguage":"en-GB"}]}},"_links":{"self":[{"href":"https:\/\/felgenforum.shop\/en\/wp-json\/wp\/v2\/product\/85630","targetHints":{"allow":["GET"]}}],"collection":[{"href":"https:\/\/felgenforum.shop\/en\/wp-json\/wp\/v2\/product"}],"about":[{"href":"https:\/\/felgenforum.shop\/en\/wp-json\/wp\/v2\/types\/product"}],"replies":[{"embeddable":true,"href":"https:\/\/felgenforum.shop\/en\/wp-json\/wp\/v2\/comments?post=85630"}],"wp:featuredmedia":[{"embeddable":true,"href":"https:\/\/felgenforum.shop\/en\/wp-json\/wp\/v2\/media\/95453"}],"wp:attachment":[{"href":"https:\/\/felgenforum.shop\/en\/wp-json\/wp\/v2\/media?parent=85630"}],"wp:term":[{"taxonomy":"product_brand","embeddable":true,"href":"https:\/\/felgenforum.shop\/en\/wp-json\/wp\/v2\/product_brand?post=85630"},{"taxonomy":"product_cat","embeddable":true,"href":"https:\/\/felgenforum.shop\/en\/wp-json\/wp\/v2\/product_cat?post=85630"},{"taxonomy":"product_tag","embeddable":true,"href":"https:\/\/felgenforum.shop\/en\/wp-json\/wp\/v2\/product_tag?post=85630"}],"curies":[{"name":"wp","href":"https:\/\/api.w.org\/{rel}","templated":true}]}}