{"id":85001,"date":"2025-09-14T05:27:38","date_gmt":"2025-09-14T03:27:38","guid":{"rendered":"https:\/\/felgenforum.shop\/?post_type=product&p=85001"},"modified":"2026-04-05T18:22:35","modified_gmt":"2026-04-05T16:22:35","slug":"ff01-19-zoll-felgen-winterraeder-hankook-komplettraeder-mercedes-glk-klasse-x204-4","status":"publish","type":"product","link":"https:\/\/felgenforum.shop\/en\/product\/ff01-19-zoll-felgen-winterraeder-hankook-komplettraeder-mercedes-glk-klasse-x204-4\/","title":{"rendered":"FF01 19 Zoll Felgen Winterr\u00e4der HANKOOK Komplettr\u00e4der Mercedes GLK Klasse X204"},"content":{"rendered":"<h3>Welcome to an offer from Felgenforum.shop<\/h3>\n<p>In diesem Angebote bieten wir Ihnen hier\u00a0einen NEUEN Satz Winterkomplettr\u00e4der in anthrazit gl\u00e4nzend\u00a0inkl ABE an.<\/p>\n<p>4x fully pre-assembled and balanced complete wheels<\/p>\n<p>consisting of:<\/p>\n<p>4x Alufelge FF-Wheels FF01 anthrazit 8,5&#215;19 ET45 LK5\/112<\/p>\n<p>+<\/p>\n<p>4x Winterreifen 245\/45 R19 102V HANKOOK Winter I*CEPT EVO3 W330 XL<\/p>\n<p>fully assembled and balanced<\/p>\n<p>(including black weights and black metal valves)<\/p>\n<p>NEW<\/p>\n<p>TPMS available on request for an additional \u20ac139\/set<\/p>\n<h3>Scope of delivery:<\/h3>\n<ul>\n<li>4 x FF-Wheels FF01 8,5&#215;19 ET45 5&#215;112 anthrazit gl\u00e4nzend<\/li>\n<li>Complete mounting hardware (if required according to the ABE)<\/li>\n<li>4x Winterreifen Hankook Winter I*CEPT EVO3 245\/45 R19 102V<\/li>\n<li>4x Hubcaps FF-Wheels<\/li>\n<li>(Vehicle manufacturer&#039;s hubcap not included)<\/li>\n<li>1x Expert report (ABE)<\/li>\n<li>In most cases, the complete wheel sets are therefore registration-free. If you have any questions about fitment or any registration requirements, our experienced team will be happy to assist you :).<\/li>\n<li>Please be sure to specify your vehicle after purchase.<\/li>\n<li>We offer this model in many other sizes and colors; please contact us if you have any other requests.<\/li>\n<li>&gt;&gt;&gt;Wishful tires<\/li>\n<li>Do you have a specific request regarding tire brand or tire quality? No problem!<\/li>\n<li>We would be happy to create individual complete wheel offers for you :).<\/li>\n<li>The complete wheels are suitable for, among others:<\/li>\n<\/ul>\n<h3>Audi<\/h3>\n<ul>\n<li>A6 F2 C8<\/li>\n<\/ul>\n<h3>BMW<\/h3>\n<ul>\n<li>X1 U11<\/li>\n<li>IX1<\/li>\n<li>U11<\/li>\n<\/ul>\n<h3>Mercedes Benz<\/h3>\n<ul>\n<li>GLA F2B<\/li>\n<li>GLB F2B<\/li>\n<li>GLK 204X<\/li>\n<li>EQA<\/li>\n<li>EQB<\/li>\n<li>V Class W447 (axle load max 1500KG)<\/li>\n<li>Vito (maximum axle load 1500KG)<\/li>\n<\/ul>","protected":false},"excerpt":{"rendered":"<p>A set (4 pieces) of ready-to-use FF-Wheels complete wheels, professionally mounted and balanced.<\/p>\n<p><strong>Rim details:<\/strong> 8,5&#215;19 Zoll, Lochkreis 112.<br \/><strong>Tire details:<\/strong> Hankook .<\/p>","protected":false},"featured_media":85018,"comment_status":"open","ping_status":"closed","template":"","meta":[],"product_brand":[],"product_cat":[1237,1452,1092,1236,1204,1451],"product_tag":[],"class_list":{"0":"post-85001","1":"product","2":"type-product","3":"status-publish","4":"has-post-thumbnail","6":"product_cat-19-zoll-ff01-felgen","7":"product_cat-19-zoll-winterraeder-mercedes-mercedes-komplettraeder-winter","8":"product_cat-ff-wheels","9":"product_cat-ff01","10":"product_cat-komplettraeder-winter","11":"product_cat-mercedes-komplettraeder-winter","12":"pa_anzahl-der-komplettraeder-1433","13":"pa_einpresstiefe-et-1508","14":"pa_fahrzeugmarke-mercedes","15":"pa_felgenbreite-8-5","16":"pa_felgendesign-multi-speichen-felge","17":"pa_felgenfarbe-anthrazit","18":"pa_felgenhersteller-ff-wheels-2","19":"pa_felgenmaterial-aluminium","20":"pa_felgenmodell-ff01","21":"pa_herstellernummer-felge-1695","22":"pa_lochkreis-1439","23":"pa_lochzahl-1447","24":"pa_mittenlochbohrung-1551","25":"pa_reifenbreite-1503","26":"pa_reifendurchmesser-1436","27":"pa_reifenhersteller-hankook","28":"pa_reifenquerschnitt-1504","29":"pa_reifenspezifikation-winterreifen","30":"pa_schneeflocken-symbol-ja","31":"pa_zollgroesse-1448","33":"first","34":"instock","35":"sale","36":"taxable","37":"shipping-taxable","38":"purchasable","39":"product-type-simple"},"yoast_head":"<!-- This site is optimized with the Yoast SEO plugin v27.2 - https:\/\/yoast.com\/product\/yoast-seo-wordpress\/ -->\n<title>FF01 19 Zoll Felgen Winterr\u00e4der HANKOOK Komplettr\u00e4der Mercedes GLK Klasse X204 g\u00fcnstig kaufen - Felgenforum<\/title>\n<meta name=\"description\" content=\"FF01 19 Zoll Felgen Winterr\u00e4der HANKOOK Komplettr\u00e4der Mercedes GLK Klasse X204 online bestellen \u2794 Gepr\u00fcfte Qualit\u00e4t, Top Marken &amp; schneller Versand \u2714 Jetzt sicher bei Felgenforum kaufen!\" \/>\n<meta name=\"robots\" content=\"index, follow, max-snippet:-1, max-image-preview:large, max-video-preview:-1\" \/>\n<link rel=\"canonical\" href=\"https:\/\/felgenforum.shop\/en\/?post_type=product&p=85001\" \/>\n<meta property=\"og:locale\" content=\"en_GB\" \/>\n<meta property=\"og:type\" content=\"article\" \/>\n<meta property=\"og:title\" content=\"FF01 19 Zoll Felgen Winterr\u00e4der HANKOOK Komplettr\u00e4der Mercedes GLK Klasse X204 g\u00fcnstig kaufen - Felgenforum\" \/>\n<meta property=\"og:description\" content=\"FF01 19 Zoll Felgen Winterr\u00e4der HANKOOK Komplettr\u00e4der Mercedes GLK Klasse X204 online bestellen \u2794 Gepr\u00fcfte Qualit\u00e4t, Top Marken &amp; schneller Versand \u2714 Jetzt sicher bei Felgenforum kaufen!\" \/>\n<meta property=\"og:url\" content=\"https:\/\/felgenforum.shop\/en\/?post_type=product&amp;p=85001\" \/>\n<meta property=\"og:site_name\" content=\"Felgenforum\" \/>\n<meta property=\"article:modified_time\" content=\"2026-04-05T16:22:35+00:00\" \/>\n<meta property=\"og:image\" content=\"https:\/\/felgenforum.shop\/wp-content\/uploads\/2025\/09\/57-3533.jpg\" \/>\n\t<meta property=\"og:image:width\" content=\"924\" \/>\n\t<meta property=\"og:image:height\" content=\"1000\" \/>\n\t<meta property=\"og:image:type\" content=\"image\/jpeg\" \/>\n<meta name=\"twitter:card\" content=\"summary_large_image\" \/>\n<meta name=\"twitter:label1\" content=\"Est. reading time\" \/>\n\t<meta name=\"twitter:data1\" content=\"1 minute\" \/>\n<script type=\"application\/ld+json\" class=\"yoast-schema-graph\">{\"@context\":\"https:\/\/schema.org\",\"@graph\":[{\"@type\":\"WebPage\",\"@id\":\"https:\/\/felgenforum.shop\/?post_type=product&p=85001\",\"url\":\"https:\/\/felgenforum.shop\/?post_type=product&p=85001\",\"name\":\"FF01 19 Zoll Felgen Winterr\u00e4der HANKOOK Komplettr\u00e4der Mercedes GLK Klasse X204 g\u00fcnstig kaufen - Felgenforum\",\"isPartOf\":{\"@id\":\"https:\/\/felgenforum.shop\/#website\"},\"primaryImageOfPage\":{\"@id\":\"https:\/\/felgenforum.shop\/?post_type=product&p=85001#primaryimage\"},\"image\":{\"@id\":\"https:\/\/felgenforum.shop\/?post_type=product&p=85001#primaryimage\"},\"thumbnailUrl\":\"https:\/\/felgenforum.shop\/wp-content\/uploads\/2025\/09\/57-3533.webp\",\"datePublished\":\"2025-09-14T03:27:38+00:00\",\"dateModified\":\"2026-04-05T16:22:35+00:00\",\"description\":\"FF01 19 Zoll Felgen Winterr\u00e4der HANKOOK Komplettr\u00e4der Mercedes GLK Klasse X204 online bestellen \u2794 Gepr\u00fcfte Qualit\u00e4t, Top Marken & schneller Versand \u2714 Jetzt sicher bei Felgenforum kaufen!\",\"breadcrumb\":{\"@id\":\"https:\/\/felgenforum.shop\/?post_type=product&p=85001#breadcrumb\"},\"inLanguage\":\"en-GB\",\"potentialAction\":[{\"@type\":\"ReadAction\",\"target\":[\"https:\/\/felgenforum.shop\/?post_type=product&p=85001\"]}]},{\"@type\":\"ImageObject\",\"inLanguage\":\"en-GB\",\"@id\":\"https:\/\/felgenforum.shop\/?post_type=product&p=85001#primaryimage\",\"url\":\"https:\/\/felgenforum.shop\/wp-content\/uploads\/2025\/09\/57-3533.webp\",\"contentUrl\":\"https:\/\/felgenforum.shop\/wp-content\/uploads\/2025\/09\/57-3533.webp\",\"width\":924,\"height\":1000},{\"@type\":\"BreadcrumbList\",\"@id\":\"https:\/\/felgenforum.shop\/?post_type=product&p=85001#breadcrumb\",\"itemListElement\":[{\"@type\":\"ListItem\",\"position\":1,\"name\":\"Startseite\",\"item\":\"https:\/\/felgenforum.shop\/\"},{\"@type\":\"ListItem\",\"position\":2,\"name\":\"Shop\",\"item\":\"https:\/\/felgenforum.shop\/shop\/\"},{\"@type\":\"ListItem\",\"position\":3,\"name\":\"FF01 19 Zoll Felgen Winterr\u00e4der HANKOOK Komplettr\u00e4der Mercedes GLK Klasse X204\"}]},{\"@type\":\"WebSite\",\"@id\":\"https:\/\/felgenforum.shop\/#website\",\"url\":\"https:\/\/felgenforum.shop\/\",\"name\":\"Felgenforum\",\"description\":\"\",\"potentialAction\":[{\"@type\":\"SearchAction\",\"target\":{\"@type\":\"EntryPoint\",\"urlTemplate\":\"https:\/\/felgenforum.shop\/?s={search_term_string}\"},\"query-input\":{\"@type\":\"PropertyValueSpecification\",\"valueRequired\":true,\"valueName\":\"search_term_string\"}}],\"inLanguage\":\"en-GB\"}]}<\/script>\n<!-- \/ Yoast SEO plugin. -->","yoast_head_json":{"title":"FF01 19 Zoll Felgen Winterr\u00e4der HANKOOK Komplettr\u00e4der Mercedes GLK Klasse X204 g\u00fcnstig kaufen - Felgenforum","description":"FF01 19 Zoll Felgen Winterr\u00e4der HANKOOK Komplettr\u00e4der Mercedes GLK Klasse X204 online bestellen \u2794 Gepr\u00fcfte Qualit\u00e4t, Top Marken & schneller Versand \u2714 Jetzt sicher bei Felgenforum kaufen!","robots":{"index":"index","follow":"follow","max-snippet":"max-snippet:-1","max-image-preview":"max-image-preview:large","max-video-preview":"max-video-preview:-1"},"canonical":"https:\/\/felgenforum.shop\/en\/?post_type=product&p=85001","og_locale":"en_GB","og_type":"article","og_title":"FF01 19 Zoll Felgen Winterr\u00e4der HANKOOK Komplettr\u00e4der Mercedes GLK Klasse X204 g\u00fcnstig kaufen - Felgenforum","og_description":"FF01 19 Zoll Felgen Winterr\u00e4der HANKOOK Komplettr\u00e4der Mercedes GLK Klasse X204 online bestellen \u2794 Gepr\u00fcfte Qualit\u00e4t, Top Marken & schneller Versand \u2714 Jetzt sicher bei Felgenforum kaufen!","og_url":"https:\/\/felgenforum.shop\/en\/?post_type=product&p=85001","og_site_name":"Felgenforum","article_modified_time":"2026-04-05T16:22:35+00:00","og_image":[{"width":924,"height":1000,"url":"https:\/\/felgenforum.shop\/wp-content\/uploads\/2025\/09\/57-3533.jpg","type":"image\/jpeg"}],"twitter_card":"summary_large_image","twitter_misc":{"Est. reading time":"1 minute"},"schema":{"@context":"https:\/\/schema.org","@graph":[{"@type":"WebPage","@id":"https:\/\/felgenforum.shop\/?post_type=product&p=85001","url":"https:\/\/felgenforum.shop\/?post_type=product&p=85001","name":"FF01 19 Zoll Felgen Winterr\u00e4der HANKOOK Komplettr\u00e4der Mercedes GLK Klasse X204 g\u00fcnstig kaufen - Felgenforum","isPartOf":{"@id":"https:\/\/felgenforum.shop\/#website"},"primaryImageOfPage":{"@id":"https:\/\/felgenforum.shop\/?post_type=product&p=85001#primaryimage"},"image":{"@id":"https:\/\/felgenforum.shop\/?post_type=product&p=85001#primaryimage"},"thumbnailUrl":"https:\/\/felgenforum.shop\/wp-content\/uploads\/2025\/09\/57-3533.webp","datePublished":"2025-09-14T03:27:38+00:00","dateModified":"2026-04-05T16:22:35+00:00","description":"FF01 19 Zoll Felgen Winterr\u00e4der HANKOOK Komplettr\u00e4der Mercedes GLK Klasse X204 online bestellen \u2794 Gepr\u00fcfte Qualit\u00e4t, Top Marken & schneller Versand \u2714 Jetzt sicher bei Felgenforum kaufen!","breadcrumb":{"@id":"https:\/\/felgenforum.shop\/?post_type=product&p=85001#breadcrumb"},"inLanguage":"en-GB","potentialAction":[{"@type":"ReadAction","target":["https:\/\/felgenforum.shop\/?post_type=product&p=85001"]}]},{"@type":"ImageObject","inLanguage":"en-GB","@id":"https:\/\/felgenforum.shop\/?post_type=product&p=85001#primaryimage","url":"https:\/\/felgenforum.shop\/wp-content\/uploads\/2025\/09\/57-3533.webp","contentUrl":"https:\/\/felgenforum.shop\/wp-content\/uploads\/2025\/09\/57-3533.webp","width":924,"height":1000},{"@type":"BreadcrumbList","@id":"https:\/\/felgenforum.shop\/?post_type=product&p=85001#breadcrumb","itemListElement":[{"@type":"ListItem","position":1,"name":"Startseite","item":"https:\/\/felgenforum.shop\/"},{"@type":"ListItem","position":2,"name":"Shop","item":"https:\/\/felgenforum.shop\/shop\/"},{"@type":"ListItem","position":3,"name":"FF01 19 Zoll Felgen Winterr\u00e4der HANKOOK Komplettr\u00e4der Mercedes GLK Klasse X204"}]},{"@type":"WebSite","@id":"https:\/\/felgenforum.shop\/#website","url":"https:\/\/felgenforum.shop\/","name":"Rim forum","description":"","potentialAction":[{"@type":"SearchAction","target":{"@type":"EntryPoint","urlTemplate":"https:\/\/felgenforum.shop\/?s={search_term_string}"},"query-input":{"@type":"PropertyValueSpecification","valueRequired":true,"valueName":"search_term_string"}}],"inLanguage":"en-GB"}]}},"_links":{"self":[{"href":"https:\/\/felgenforum.shop\/en\/wp-json\/wp\/v2\/product\/85001","targetHints":{"allow":["GET"]}}],"collection":[{"href":"https:\/\/felgenforum.shop\/en\/wp-json\/wp\/v2\/product"}],"about":[{"href":"https:\/\/felgenforum.shop\/en\/wp-json\/wp\/v2\/types\/product"}],"replies":[{"embeddable":true,"href":"https:\/\/felgenforum.shop\/en\/wp-json\/wp\/v2\/comments?post=85001"}],"wp:featuredmedia":[{"embeddable":true,"href":"https:\/\/felgenforum.shop\/en\/wp-json\/wp\/v2\/media\/85018"}],"wp:attachment":[{"href":"https:\/\/felgenforum.shop\/en\/wp-json\/wp\/v2\/media?parent=85001"}],"wp:term":[{"taxonomy":"product_brand","embeddable":true,"href":"https:\/\/felgenforum.shop\/en\/wp-json\/wp\/v2\/product_brand?post=85001"},{"taxonomy":"product_cat","embeddable":true,"href":"https:\/\/felgenforum.shop\/en\/wp-json\/wp\/v2\/product_cat?post=85001"},{"taxonomy":"product_tag","embeddable":true,"href":"https:\/\/felgenforum.shop\/en\/wp-json\/wp\/v2\/product_tag?post=85001"}],"curies":[{"name":"wp","href":"https:\/\/api.w.org\/{rel}","templated":true}]}}