{"id":84772,"date":"2025-09-14T04:37:32","date_gmt":"2025-09-14T02:37:32","guid":{"rendered":"https:\/\/felgenforum.shop\/?post_type=product&#038;p=84772"},"modified":"2026-04-25T15:10:29","modified_gmt":"2026-04-25T13:10:29","slug":"ff01-19-zoll-winterraeder-winterreifen-winterkomplettraeder-audi-rs3-gy-8y","status":"publish","type":"product","link":"https:\/\/felgenforum.shop\/en\/product\/ff01-19-zoll-winterraeder-winterreifen-winterkomplettraeder-audi-rs3-gy-8y\/","title":{"rendered":"FF01 19-inch winter wheels, winter tires, complete winter wheel sets for Audi RS3 GY 8Y"},"content":{"rendered":"<h3>Welcome to an offer from Felgenforum.shop<\/h3>\n<p>In diesem Angebote bieten wir Ihnen hier\u00a0einen NEUEN Satz Winterkomplettr\u00e4der in bronze\u00a0inkl Gutachten an.<\/p>\n<p>4x fully pre-assembled and balanced complete wheels<\/p>\n<p>consisting of:<\/p>\n<p>2x Alufelge FF01 bronze 8,5&#215;19 ET45 LK5\/112<\/p>\n<p>+<\/p>\n<p>2x Alufelge FF01 bronze 8,5&#215;19 ET30 LK5\/112<\/p>\n<p>+<\/p>\n<p>4x Winterreifen 235\/35 R19 91V Hankook ICept Evo 3<\/p>\n<p>+<\/p>\n<p>2x Spurplatten 5mm<\/p>\n<p>+2x Spurplatten 10mm<\/p>\n<p>fully assembled and balanced<\/p>\n<p>(including black weights and black metal valves)<\/p>\n<p>NEW &amp; in original packaging.<\/p>\n<h3>Scope of delivery:<\/h3>\n<ul>\n<li>2 x FF01 bronze 8,5&#215;19 ET45 LK5\/112<\/li>\n<li>2 x FF01 bronze 8,5&#215;19 ET30 LK5\/112<\/li>\n<li>Complete mounting hardware (if required according to the ABE)<\/li>\n<li>4x winter tires from current daily purchase 235\/35 R19 91V<\/li>\n<li>4x Hubcaps FF-Wheels<\/li>\n<li>(Vehicle manufacturer&#039;s hubcap not included)<\/li>\n<li>1x Expert report (ABE)<\/li>\n<li>Since the combination involves two different offsets, it must be registered with the T\u00dcV (German Technical Inspection Association). Our experienced team is happy to assist you with any questions regarding fitment or registration requirements.<\/li>\n<li>Please be sure to specify your vehicle after purchase.<\/li>\n<li>We offer this model in many other sizes and colors; please contact us if you have any other requests.<\/li>\n<li>&gt;&gt;&gt;Wishful tires<\/li>\n<li>Do you have a specific request regarding tire brand or tire quality? No problem!<\/li>\n<li>We would be happy to create individual complete wheel offers for you :).<\/li>\n<li>Please let us know if the optional ceramic brakes are installed and if the vehicle is equipped with active tire pressure monitoring. We offer tire pressure sensors as an optional set for \u20ac139.<\/li>\n<li>The complete wheels are suitable for, among others:<\/li>\n<\/ul>\n<h3>Audi<\/h3>\n<ul>\n<li>RS3 GY 8Y<\/li>\n<\/ul>","protected":false},"excerpt":{"rendered":"<p>A set (4 pieces) of ready-to-drive FF Wheels complete wheels, professionally mounted and balanced.<\/p>\n<p><strong>Rim details:<\/strong> 8,5&#215;19 Zoll, Lochkreis 112.<br \/><strong>Tire details:<\/strong> Triangle, Goodride, Fortuna, Imperial, Superia. .<\/p>","protected":false},"featured_media":84773,"comment_status":"open","ping_status":"closed","template":"","meta":[],"product_brand":[],"product_cat":[1510,1509,1204],"product_tag":[],"class_list":{"0":"post-84772","1":"product","2":"type-product","3":"status-publish","4":"has-post-thumbnail","6":"product_cat-19-zoll-winterraeder-audi-audi-komplettraeder-winter","7":"product_cat-audi-komplettraeder-winter","8":"product_cat-komplettraeder-winter","9":"product_shipping_class-komplettrad","10":"pa_anzahl-der-komplettraeder-1433","11":"pa_einpresstiefe-et-1508","12":"pa_externes-rollger-db-klass-b","13":"pa_fahrzeugmarke-audi","14":"pa_felgenbreite-8-5","15":"pa_felgenfarbe-bronze","16":"pa_felgenhersteller-ff-wheels","17":"pa_felgenmaterial-aluminium","18":"pa_felgenmodell-ff01","19":"pa_geschwindigkeitsindex-v-bis-240-km-h","20":"pa_herstellernummer-felge-1505","21":"pa_herstellernummer-reifen-tageseinkauf","22":"pa_kraftstoff-a-g-c","23":"pa_lastbereich-xl","24":"pa_lochkreis-1439","25":"pa_lochzahl-1447","26":"pa_nasshaft-a-g-c","27":"pa_reifenbreite-1511","28":"pa_reifendurchmesser-1436","29":"pa_reifenhersteller-triangle-goodride-fortuna-imperial-superia","30":"pa_reifenquerschnitt-1434","31":"pa_reifenspezifikation-winterreifen","32":"pa_run-flat-nein","33":"pa_zollgroesse-1448","35":"first","36":"instock","37":"sale","38":"taxable","39":"shipping-taxable","40":"purchasable","41":"product-type-simple"},"yoast_head":"<title>FF01 19 Zoll Winterr\u00e4der Winterreifen Winterkomplettr\u00e4der Audi RS3 GY 8Y g\u00fcnstig kaufen - Felgenforum<\/title>\n<meta name=\"description\" content=\"FF01 19 Zoll Winterr\u00e4der f\u00fcr Ihren Audi RS3 GY 8Y bieten maximale Sicherheit und Grip auf Schnee. Jetzt die idealen Winterkomplettr\u00e4der online entdecken!\" \/>\n<meta name=\"robots\" content=\"index, follow, max-snippet:-1, max-image-preview:large, max-video-preview:-1\" \/>\n<link rel=\"canonical\" href=\"https:\/\/felgenforum.shop\/en\/product\/ff01-19-zoll-winterraeder-winterreifen-winterkomplettraeder-audi-rs3-gy-8y\/\" \/>\n<meta property=\"og:locale\" content=\"en_GB\" \/>\n<meta property=\"og:type\" content=\"article\" \/>\n<meta property=\"og:title\" content=\"FF01 19 Zoll Winterr\u00e4der Winterreifen Winterkomplettr\u00e4der Audi RS3 GY 8Y g\u00fcnstig kaufen - Felgenforum\" \/>\n<meta property=\"og:description\" content=\"FF01 19 Zoll Winterr\u00e4der f\u00fcr Ihren Audi RS3 GY 8Y bieten maximale Sicherheit und Grip auf Schnee. Jetzt die idealen Winterkomplettr\u00e4der online entdecken!\" \/>\n<meta property=\"og:url\" content=\"https:\/\/felgenforum.shop\/en\/product\/ff01-19-zoll-winterraeder-winterreifen-winterkomplettraeder-audi-rs3-gy-8y\/\" \/>\n<meta property=\"og:site_name\" content=\"Felgenforum\" \/>\n<meta property=\"article:modified_time\" content=\"2026-04-25T13:10:29+00:00\" \/>\n<meta property=\"og:image\" content=\"https:\/\/felgenforum.shop\/wp-content\/uploads\/2025\/09\/57-215.png\" \/>\n\t<meta property=\"og:image:width\" content=\"889\" \/>\n\t<meta property=\"og:image:height\" content=\"1000\" \/>\n\t<meta property=\"og:image:type\" content=\"image\/png\" \/>\n<meta name=\"twitter:card\" content=\"summary_large_image\" \/>\n<meta name=\"twitter:label1\" content=\"Est. reading time\" \/>\n\t<meta name=\"twitter:data1\" content=\"1 minute\" \/>\n<script type=\"application\/ld+json\" class=\"yoast-schema-graph\">{\"@context\":\"https:\\\/\\\/schema.org\",\"@graph\":[{\"@type\":\"WebPage\",\"@id\":\"https:\\\/\\\/felgenforum.shop\\\/produkt\\\/ff01-19-zoll-winterraeder-winterreifen-winterkomplettraeder-audi-rs3-gy-8y\\\/\",\"url\":\"https:\\\/\\\/felgenforum.shop\\\/produkt\\\/ff01-19-zoll-winterraeder-winterreifen-winterkomplettraeder-audi-rs3-gy-8y\\\/\",\"name\":\"FF01 19 Zoll Winterr\u00e4der Winterreifen Winterkomplettr\u00e4der Audi RS3 GY 8Y g\u00fcnstig kaufen - Felgenforum\",\"isPartOf\":{\"@id\":\"https:\\\/\\\/felgenforum.shop\\\/#website\"},\"primaryImageOfPage\":{\"@id\":\"https:\\\/\\\/felgenforum.shop\\\/produkt\\\/ff01-19-zoll-winterraeder-winterreifen-winterkomplettraeder-audi-rs3-gy-8y\\\/#primaryimage\"},\"image\":{\"@id\":\"https:\\\/\\\/felgenforum.shop\\\/produkt\\\/ff01-19-zoll-winterraeder-winterreifen-winterkomplettraeder-audi-rs3-gy-8y\\\/#primaryimage\"},\"thumbnailUrl\":\"https:\\\/\\\/felgenforum.shop\\\/wp-content\\\/uploads\\\/2025\\\/09\\\/57-215.webp\",\"datePublished\":\"2025-09-14T02:37:32+00:00\",\"dateModified\":\"2026-04-25T13:10:29+00:00\",\"description\":\"FF01 19 Zoll Winterr\u00e4der f\u00fcr Ihren Audi RS3 GY 8Y bieten maximale Sicherheit und Grip auf Schnee. Jetzt die idealen Winterkomplettr\u00e4der online entdecken!\",\"breadcrumb\":{\"@id\":\"https:\\\/\\\/felgenforum.shop\\\/produkt\\\/ff01-19-zoll-winterraeder-winterreifen-winterkomplettraeder-audi-rs3-gy-8y\\\/#breadcrumb\"},\"inLanguage\":\"en-GB\",\"potentialAction\":[{\"@type\":\"ReadAction\",\"target\":[\"https:\\\/\\\/felgenforum.shop\\\/produkt\\\/ff01-19-zoll-winterraeder-winterreifen-winterkomplettraeder-audi-rs3-gy-8y\\\/\"]}]},{\"@type\":\"ImageObject\",\"inLanguage\":\"en-GB\",\"@id\":\"https:\\\/\\\/felgenforum.shop\\\/produkt\\\/ff01-19-zoll-winterraeder-winterreifen-winterkomplettraeder-audi-rs3-gy-8y\\\/#primaryimage\",\"url\":\"https:\\\/\\\/felgenforum.shop\\\/wp-content\\\/uploads\\\/2025\\\/09\\\/57-215.webp\",\"contentUrl\":\"https:\\\/\\\/felgenforum.shop\\\/wp-content\\\/uploads\\\/2025\\\/09\\\/57-215.webp\",\"width\":889,\"height\":1000,\"caption\":\"FF01 19 Zoll Winterr\u00e4der Winterkomplettr\u00e4der f\u00fcr den Audi RS3 GY 8Y\"},{\"@type\":\"BreadcrumbList\",\"@id\":\"https:\\\/\\\/felgenforum.shop\\\/produkt\\\/ff01-19-zoll-winterraeder-winterreifen-winterkomplettraeder-audi-rs3-gy-8y\\\/#breadcrumb\",\"itemListElement\":[{\"@type\":\"ListItem\",\"position\":1,\"name\":\"Startseite\",\"item\":\"https:\\\/\\\/felgenforum.shop\\\/\"},{\"@type\":\"ListItem\",\"position\":2,\"name\":\"Shop\",\"item\":\"https:\\\/\\\/felgenforum.shop\\\/shop\\\/\"},{\"@type\":\"ListItem\",\"position\":3,\"name\":\"FF01 19 Zoll Winterr\u00e4der Winterreifen Winterkomplettr\u00e4der Audi RS3 GY 8Y\"}]},{\"@type\":\"WebSite\",\"@id\":\"https:\\\/\\\/felgenforum.shop\\\/#website\",\"url\":\"https:\\\/\\\/felgenforum.shop\\\/\",\"name\":\"Felgenforum\",\"description\":\"\",\"potentialAction\":[{\"@type\":\"SearchAction\",\"target\":{\"@type\":\"EntryPoint\",\"urlTemplate\":\"https:\\\/\\\/felgenforum.shop\\\/?s={search_term_string}\"},\"query-input\":{\"@type\":\"PropertyValueSpecification\",\"valueRequired\":true,\"valueName\":\"search_term_string\"}}],\"inLanguage\":\"en-GB\"}]}<\/script>","yoast_head_json":{"title":"FF01 19 Zoll Winterr\u00e4der Winterreifen Winterkomplettr\u00e4der Audi RS3 GY 8Y g\u00fcnstig kaufen - Felgenforum","description":"FF01 19 Zoll Winterr\u00e4der f\u00fcr Ihren Audi RS3 GY 8Y bieten maximale Sicherheit und Grip auf Schnee. Jetzt die idealen Winterkomplettr\u00e4der online entdecken!","robots":{"index":"index","follow":"follow","max-snippet":"max-snippet:-1","max-image-preview":"max-image-preview:large","max-video-preview":"max-video-preview:-1"},"canonical":"https:\/\/felgenforum.shop\/en\/product\/ff01-19-zoll-winterraeder-winterreifen-winterkomplettraeder-audi-rs3-gy-8y\/","og_locale":"en_GB","og_type":"article","og_title":"FF01 19 Zoll Winterr\u00e4der Winterreifen Winterkomplettr\u00e4der Audi RS3 GY 8Y g\u00fcnstig kaufen - Felgenforum","og_description":"FF01 19 Zoll Winterr\u00e4der f\u00fcr Ihren Audi RS3 GY 8Y bieten maximale Sicherheit und Grip auf Schnee. Jetzt die idealen Winterkomplettr\u00e4der online entdecken!","og_url":"https:\/\/felgenforum.shop\/en\/product\/ff01-19-zoll-winterraeder-winterreifen-winterkomplettraeder-audi-rs3-gy-8y\/","og_site_name":"Felgenforum","article_modified_time":"2026-04-25T13:10:29+00:00","og_image":[{"width":889,"height":1000,"url":"https:\/\/felgenforum.shop\/wp-content\/uploads\/2025\/09\/57-215.png","type":"image\/png"}],"twitter_card":"summary_large_image","twitter_misc":{"Est. reading time":"1 minute"},"schema":{"@context":"https:\/\/schema.org","@graph":[{"@type":"WebPage","@id":"https:\/\/felgenforum.shop\/produkt\/ff01-19-zoll-winterraeder-winterreifen-winterkomplettraeder-audi-rs3-gy-8y\/","url":"https:\/\/felgenforum.shop\/produkt\/ff01-19-zoll-winterraeder-winterreifen-winterkomplettraeder-audi-rs3-gy-8y\/","name":"FF01 19 Zoll Winterr\u00e4der Winterreifen Winterkomplettr\u00e4der Audi RS3 GY 8Y g\u00fcnstig kaufen - Felgenforum","isPartOf":{"@id":"https:\/\/felgenforum.shop\/#website"},"primaryImageOfPage":{"@id":"https:\/\/felgenforum.shop\/produkt\/ff01-19-zoll-winterraeder-winterreifen-winterkomplettraeder-audi-rs3-gy-8y\/#primaryimage"},"image":{"@id":"https:\/\/felgenforum.shop\/produkt\/ff01-19-zoll-winterraeder-winterreifen-winterkomplettraeder-audi-rs3-gy-8y\/#primaryimage"},"thumbnailUrl":"https:\/\/felgenforum.shop\/wp-content\/uploads\/2025\/09\/57-215.webp","datePublished":"2025-09-14T02:37:32+00:00","dateModified":"2026-04-25T13:10:29+00:00","description":"FF01 19 Zoll Winterr\u00e4der f\u00fcr Ihren Audi RS3 GY 8Y bieten maximale Sicherheit und Grip auf Schnee. Jetzt die idealen Winterkomplettr\u00e4der online entdecken!","breadcrumb":{"@id":"https:\/\/felgenforum.shop\/produkt\/ff01-19-zoll-winterraeder-winterreifen-winterkomplettraeder-audi-rs3-gy-8y\/#breadcrumb"},"inLanguage":"en-GB","potentialAction":[{"@type":"ReadAction","target":["https:\/\/felgenforum.shop\/produkt\/ff01-19-zoll-winterraeder-winterreifen-winterkomplettraeder-audi-rs3-gy-8y\/"]}]},{"@type":"ImageObject","inLanguage":"en-GB","@id":"https:\/\/felgenforum.shop\/produkt\/ff01-19-zoll-winterraeder-winterreifen-winterkomplettraeder-audi-rs3-gy-8y\/#primaryimage","url":"https:\/\/felgenforum.shop\/wp-content\/uploads\/2025\/09\/57-215.webp","contentUrl":"https:\/\/felgenforum.shop\/wp-content\/uploads\/2025\/09\/57-215.webp","width":889,"height":1000,"caption":"FF01 19 Zoll Winterr\u00e4der Winterkomplettr\u00e4der f\u00fcr den Audi RS3 GY 8Y"},{"@type":"BreadcrumbList","@id":"https:\/\/felgenforum.shop\/produkt\/ff01-19-zoll-winterraeder-winterreifen-winterkomplettraeder-audi-rs3-gy-8y\/#breadcrumb","itemListElement":[{"@type":"ListItem","position":1,"name":"Startseite","item":"https:\/\/felgenforum.shop\/"},{"@type":"ListItem","position":2,"name":"Shop","item":"https:\/\/felgenforum.shop\/shop\/"},{"@type":"ListItem","position":3,"name":"FF01 19 Zoll Winterr\u00e4der Winterreifen Winterkomplettr\u00e4der Audi RS3 GY 8Y"}]},{"@type":"WebSite","@id":"https:\/\/felgenforum.shop\/#website","url":"https:\/\/felgenforum.shop\/","name":"Rim forum","description":"","potentialAction":[{"@type":"SearchAction","target":{"@type":"EntryPoint","urlTemplate":"https:\/\/felgenforum.shop\/?s={search_term_string}"},"query-input":{"@type":"PropertyValueSpecification","valueRequired":true,"valueName":"search_term_string"}}],"inLanguage":"en-GB"}]}},"_links":{"self":[{"href":"https:\/\/felgenforum.shop\/en\/wp-json\/wp\/v2\/product\/84772","targetHints":{"allow":["GET"]}}],"collection":[{"href":"https:\/\/felgenforum.shop\/en\/wp-json\/wp\/v2\/product"}],"about":[{"href":"https:\/\/felgenforum.shop\/en\/wp-json\/wp\/v2\/types\/product"}],"replies":[{"embeddable":true,"href":"https:\/\/felgenforum.shop\/en\/wp-json\/wp\/v2\/comments?post=84772"}],"wp:featuredmedia":[{"embeddable":true,"href":"https:\/\/felgenforum.shop\/en\/wp-json\/wp\/v2\/media\/84773"}],"wp:attachment":[{"href":"https:\/\/felgenforum.shop\/en\/wp-json\/wp\/v2\/media?parent=84772"}],"wp:term":[{"taxonomy":"product_brand","embeddable":true,"href":"https:\/\/felgenforum.shop\/en\/wp-json\/wp\/v2\/product_brand?post=84772"},{"taxonomy":"product_cat","embeddable":true,"href":"https:\/\/felgenforum.shop\/en\/wp-json\/wp\/v2\/product_cat?post=84772"},{"taxonomy":"product_tag","embeddable":true,"href":"https:\/\/felgenforum.shop\/en\/wp-json\/wp\/v2\/product_tag?post=84772"}],"curies":[{"name":"wp","href":"https:\/\/api.w.org\/{rel}","templated":true}]}}