{"id":84585,"date":"2025-09-14T03:57:05","date_gmt":"2025-09-14T01:57:05","guid":{"rendered":"https:\/\/felgenforum.shop\/?post_type=product&#038;p=84585"},"modified":"2026-04-25T15:10:25","modified_gmt":"2026-04-25T13:10:25","slug":"20-zoll-sommerraeder-komplettraeder-mam-b2-schwarz-mit-hankook-fuer-bmw-4-er-g26","status":"publish","type":"product","link":"https:\/\/felgenforum.shop\/en\/product\/20-zoll-sommerraeder-komplettraeder-mam-b2-schwarz-mit-hankook-fuer-bmw-4-er-g26\/","title":{"rendered":"20-inch summer wheels, complete set, MAM B2 black with Hankook tires for BMW 4 Series G26"},"content":{"rendered":"<h3>Welcome to an offer from Felgenforum.shop<\/h3>\n<p>In diesem Angebote bieten wir Ihnen hier\u00a0einen NEUEN Satz MAM B2 Sommer\u00a0Komplettr\u00e4der\u00a0in\u00a0schwarz gl\u00e4nzend\u00a0inkl ABE an.<\/p>\n<p>NEW &amp; in original packaging.<\/p>\n<h3>Scope of delivery:<\/h3>\n<ul>\n<li>4 x MAM B2 8,5&#215;20 ET30 5&#215;112 schwarz gl\u00e4nzend<\/li>\n<li>4x 245\/35 R20 Hankook Ventus S1 Evo3<\/li>\n<li>4x TPMS<\/li>\n<li>Complete mounting hardware (if required according to the ABE)<\/li>\n<li>4x MAM hubcaps<\/li>\n<li>(Vehicle manufacturer&#039;s hubcap not included)<\/li>\n<li>1x Expert report (ABE)<\/li>\n<li>In most cases, the rims are therefore registration-free. If you have any questions about fitment or any registration requirements, our experienced team will be happy to help :).<\/li>\n<li>Please be sure to specify your vehicle after purchase.<\/li>\n<li>We offer this model in many other sizes and colors; please contact us if you have any other requests.<\/li>\n<\/ul>\n<h3>&gt;&gt;&gt;Complete wheels<\/h3>\n<h3>We are happy to offer you the desired rims as ready-to-install complete wheels with a tire of your choice.<\/h3>\n<p>Feel free to send us a non-binding inquiry :).<\/p>\n<p>The rims are the correct size for the following vehicles:<\/p>\n<h3>BMW<\/h3>\n<ul>\n<li>4er G26<\/li>\n<\/ul>","protected":false},"excerpt":{"rendered":"<p>A set (4 pieces) of ready-to-drive MAM complete wheels, professionally mounted and balanced.<\/p>\n<p><strong>Rim details:<\/strong> 8,5&#215;20 Zoll, Lochkreis 112 mm.<br \/><strong>Tire details:<\/strong> Hankook, tread depth: approx. new mm.<\/p>","protected":false},"featured_media":94718,"comment_status":"open","ping_status":"closed","template":"","meta":[],"product_brand":[],"product_cat":[1237,1583,1582,1092,1236,1196],"product_tag":[],"class_list":{"0":"post-84585","1":"product","2":"type-product","3":"status-publish","4":"has-post-thumbnail","6":"product_cat-19-zoll-ff01-felgen","7":"product_cat-19-zoll-sommerraeder-bmw","8":"product_cat-bmw-komplettraeder-sommer","9":"product_cat-ff-wheels","10":"product_cat-ff01","11":"product_cat-komplettraeder-sommer","12":"product_shipping_class-komplettrad","13":"pa_anzahl-der-komplettraeder-1433","14":"pa_einpresstiefe-et-1450","15":"pa_fahrzeugmarke-bmw","16":"pa_fahrzeugtyp-allradfahrzeug","17":"pa_felgenaufbau-einteilig-gegossen","18":"pa_felgenbreite-8-5","19":"pa_felgendesign-5-speichen","20":"pa_felgenfarbe-schwarz","21":"pa_felgenhersteller-mam","22":"pa_felgenmaterial-aluminium","23":"pa_felgenmodell-b2","24":"pa_herstellergarantie-2-jahre","25":"pa_herstellernummer-felge-mamb28520511230bp","26":"pa_herstellernummer-reifen-1985","27":"pa_herstellungsland-und-regi-deutschland","28":"pa_lochkreis-1439","29":"pa_lochzahl-1447","30":"pa_mittenlochbohrung-726-mm","31":"pa_profiltiefe-neu","32":"pa_reifenbauart-r-radialreifen","33":"pa_reifenbreite-1503","34":"pa_reifendurchmesser-1594","35":"pa_reifenhersteller-hankook","36":"pa_reifenquerschnitt-1434","37":"pa_reifenspezifikation-sommerreifen","38":"pa_run-flat-nein","39":"pa_schneeflocken-symbol-nein","40":"pa_zollgroesse-1499","42":"first","43":"instock","44":"sale","45":"taxable","46":"shipping-taxable","47":"purchasable","48":"product-type-simple"},"yoast_head":"<title>20 Zoll Sommerr\u00e4der Komplettr\u00e4der MAM B2 Schwarz mit Hankook f\u00fcr BMW 4 er G26 g\u00fcnstig kaufen - Felgenforum<\/title>\n<meta name=\"description\" content=\"Werten Sie Ihren BMW 4er G26 mit 20 Zoll Sommerr\u00e4der Komplettr\u00e4der MAM B2 Schwarz auf. Erstklassiger Grip dank Hankook-Reifen. Jetzt online kaufen!\" \/>\n<meta name=\"robots\" content=\"index, follow, max-snippet:-1, max-image-preview:large, max-video-preview:-1\" \/>\n<link rel=\"canonical\" href=\"https:\/\/felgenforum.shop\/en\/product\/20-zoll-sommerraeder-komplettraeder-mam-b2-schwarz-mit-hankook-fuer-bmw-4-er-g26\/\" \/>\n<meta property=\"og:locale\" content=\"en_GB\" \/>\n<meta property=\"og:type\" content=\"article\" \/>\n<meta property=\"og:title\" content=\"20 Zoll Sommerr\u00e4der Komplettr\u00e4der MAM B2 Schwarz mit Hankook f\u00fcr BMW 4 er G26 g\u00fcnstig kaufen - Felgenforum\" \/>\n<meta property=\"og:description\" content=\"Werten Sie Ihren BMW 4er G26 mit 20 Zoll Sommerr\u00e4der Komplettr\u00e4der MAM B2 Schwarz auf. Erstklassiger Grip dank Hankook-Reifen. Jetzt online kaufen!\" \/>\n<meta property=\"og:url\" content=\"https:\/\/felgenforum.shop\/en\/product\/20-zoll-sommerraeder-komplettraeder-mam-b2-schwarz-mit-hankook-fuer-bmw-4-er-g26\/\" \/>\n<meta property=\"og:site_name\" content=\"Felgenforum\" \/>\n<meta property=\"article:modified_time\" content=\"2026-04-25T13:10:25+00:00\" \/>\n<meta property=\"og:image\" content=\"https:\/\/felgenforum.shop\/wp-content\/uploads\/2025\/09\/20-zoll-sommerraeder-komplettraeder-mam-b2-schwarz-mit-hankook-fuer-bmw-4-er-g26-featured-1000px.webp\" \/>\n\t<meta property=\"og:image:width\" content=\"1000\" \/>\n\t<meta property=\"og:image:height\" content=\"1000\" \/>\n\t<meta property=\"og:image:type\" content=\"image\/webp\" \/>\n<meta name=\"twitter:card\" content=\"summary_large_image\" \/>\n<meta name=\"twitter:label1\" content=\"Est. reading time\" \/>\n\t<meta name=\"twitter:data1\" content=\"1 minute\" \/>\n<script type=\"application\/ld+json\" class=\"yoast-schema-graph\">{\"@context\":\"https:\\\/\\\/schema.org\",\"@graph\":[{\"@type\":\"WebPage\",\"@id\":\"https:\\\/\\\/felgenforum.shop\\\/produkt\\\/20-zoll-sommerraeder-komplettraeder-mam-b2-schwarz-mit-hankook-fuer-bmw-4-er-g26\\\/\",\"url\":\"https:\\\/\\\/felgenforum.shop\\\/produkt\\\/20-zoll-sommerraeder-komplettraeder-mam-b2-schwarz-mit-hankook-fuer-bmw-4-er-g26\\\/\",\"name\":\"20 Zoll Sommerr\u00e4der Komplettr\u00e4der MAM B2 Schwarz mit Hankook f\u00fcr BMW 4 er G26 g\u00fcnstig kaufen - Felgenforum\",\"isPartOf\":{\"@id\":\"https:\\\/\\\/felgenforum.shop\\\/#website\"},\"primaryImageOfPage\":{\"@id\":\"https:\\\/\\\/felgenforum.shop\\\/produkt\\\/20-zoll-sommerraeder-komplettraeder-mam-b2-schwarz-mit-hankook-fuer-bmw-4-er-g26\\\/#primaryimage\"},\"image\":{\"@id\":\"https:\\\/\\\/felgenforum.shop\\\/produkt\\\/20-zoll-sommerraeder-komplettraeder-mam-b2-schwarz-mit-hankook-fuer-bmw-4-er-g26\\\/#primaryimage\"},\"thumbnailUrl\":\"https:\\\/\\\/felgenforum.shop\\\/wp-content\\\/uploads\\\/2025\\\/09\\\/20-zoll-sommerraeder-komplettraeder-mam-b2-schwarz-mit-hankook-fuer-bmw-4-er-g26-featured-1000px.webp\",\"datePublished\":\"2025-09-14T01:57:05+00:00\",\"dateModified\":\"2026-04-25T13:10:25+00:00\",\"description\":\"Werten Sie Ihren BMW 4er G26 mit 20 Zoll Sommerr\u00e4der Komplettr\u00e4der MAM B2 Schwarz auf. Erstklassiger Grip dank Hankook-Reifen. Jetzt online kaufen!\",\"breadcrumb\":{\"@id\":\"https:\\\/\\\/felgenforum.shop\\\/produkt\\\/20-zoll-sommerraeder-komplettraeder-mam-b2-schwarz-mit-hankook-fuer-bmw-4-er-g26\\\/#breadcrumb\"},\"inLanguage\":\"en-GB\",\"potentialAction\":[{\"@type\":\"ReadAction\",\"target\":[\"https:\\\/\\\/felgenforum.shop\\\/produkt\\\/20-zoll-sommerraeder-komplettraeder-mam-b2-schwarz-mit-hankook-fuer-bmw-4-er-g26\\\/\"]}]},{\"@type\":\"ImageObject\",\"inLanguage\":\"en-GB\",\"@id\":\"https:\\\/\\\/felgenforum.shop\\\/produkt\\\/20-zoll-sommerraeder-komplettraeder-mam-b2-schwarz-mit-hankook-fuer-bmw-4-er-g26\\\/#primaryimage\",\"url\":\"https:\\\/\\\/felgenforum.shop\\\/wp-content\\\/uploads\\\/2025\\\/09\\\/20-zoll-sommerraeder-komplettraeder-mam-b2-schwarz-mit-hankook-fuer-bmw-4-er-g26-featured-1000px.webp\",\"contentUrl\":\"https:\\\/\\\/felgenforum.shop\\\/wp-content\\\/uploads\\\/2025\\\/09\\\/20-zoll-sommerraeder-komplettraeder-mam-b2-schwarz-mit-hankook-fuer-bmw-4-er-g26-featured-1000px.webp\",\"width\":1000,\"height\":1000,\"caption\":\"20 Zoll Sommerr\u00e4der MAM B2 Schwarz mit Hankook f\u00fcr BMW 4er G26\"},{\"@type\":\"BreadcrumbList\",\"@id\":\"https:\\\/\\\/felgenforum.shop\\\/produkt\\\/20-zoll-sommerraeder-komplettraeder-mam-b2-schwarz-mit-hankook-fuer-bmw-4-er-g26\\\/#breadcrumb\",\"itemListElement\":[{\"@type\":\"ListItem\",\"position\":1,\"name\":\"Startseite\",\"item\":\"https:\\\/\\\/felgenforum.shop\\\/\"},{\"@type\":\"ListItem\",\"position\":2,\"name\":\"Shop\",\"item\":\"https:\\\/\\\/felgenforum.shop\\\/shop\\\/\"},{\"@type\":\"ListItem\",\"position\":3,\"name\":\"20 Zoll Sommerr\u00e4der Komplettr\u00e4der MAM B2 Schwarz mit Hankook f\u00fcr BMW 4 er G26\"}]},{\"@type\":\"WebSite\",\"@id\":\"https:\\\/\\\/felgenforum.shop\\\/#website\",\"url\":\"https:\\\/\\\/felgenforum.shop\\\/\",\"name\":\"Felgenforum\",\"description\":\"\",\"potentialAction\":[{\"@type\":\"SearchAction\",\"target\":{\"@type\":\"EntryPoint\",\"urlTemplate\":\"https:\\\/\\\/felgenforum.shop\\\/?s={search_term_string}\"},\"query-input\":{\"@type\":\"PropertyValueSpecification\",\"valueRequired\":true,\"valueName\":\"search_term_string\"}}],\"inLanguage\":\"en-GB\"}]}<\/script>","yoast_head_json":{"title":"20 Zoll Sommerr\u00e4der Komplettr\u00e4der MAM B2 Schwarz mit Hankook f\u00fcr BMW 4 er G26 g\u00fcnstig kaufen - Felgenforum","description":"Werten Sie Ihren BMW 4er G26 mit 20 Zoll Sommerr\u00e4der Komplettr\u00e4der MAM B2 Schwarz auf. Erstklassiger Grip dank Hankook-Reifen. Jetzt online kaufen!","robots":{"index":"index","follow":"follow","max-snippet":"max-snippet:-1","max-image-preview":"max-image-preview:large","max-video-preview":"max-video-preview:-1"},"canonical":"https:\/\/felgenforum.shop\/en\/product\/20-zoll-sommerraeder-komplettraeder-mam-b2-schwarz-mit-hankook-fuer-bmw-4-er-g26\/","og_locale":"en_GB","og_type":"article","og_title":"20 Zoll Sommerr\u00e4der Komplettr\u00e4der MAM B2 Schwarz mit Hankook f\u00fcr BMW 4 er G26 g\u00fcnstig kaufen - Felgenforum","og_description":"Werten Sie Ihren BMW 4er G26 mit 20 Zoll Sommerr\u00e4der Komplettr\u00e4der MAM B2 Schwarz auf. Erstklassiger Grip dank Hankook-Reifen. Jetzt online kaufen!","og_url":"https:\/\/felgenforum.shop\/en\/product\/20-zoll-sommerraeder-komplettraeder-mam-b2-schwarz-mit-hankook-fuer-bmw-4-er-g26\/","og_site_name":"Felgenforum","article_modified_time":"2026-04-25T13:10:25+00:00","og_image":[{"width":1000,"height":1000,"url":"https:\/\/felgenforum.shop\/wp-content\/uploads\/2025\/09\/20-zoll-sommerraeder-komplettraeder-mam-b2-schwarz-mit-hankook-fuer-bmw-4-er-g26-featured-1000px.webp","type":"image\/webp"}],"twitter_card":"summary_large_image","twitter_misc":{"Est. reading time":"1 minute"},"schema":{"@context":"https:\/\/schema.org","@graph":[{"@type":"WebPage","@id":"https:\/\/felgenforum.shop\/produkt\/20-zoll-sommerraeder-komplettraeder-mam-b2-schwarz-mit-hankook-fuer-bmw-4-er-g26\/","url":"https:\/\/felgenforum.shop\/produkt\/20-zoll-sommerraeder-komplettraeder-mam-b2-schwarz-mit-hankook-fuer-bmw-4-er-g26\/","name":"20 Zoll Sommerr\u00e4der Komplettr\u00e4der MAM B2 Schwarz mit Hankook f\u00fcr BMW 4 er G26 g\u00fcnstig kaufen - Felgenforum","isPartOf":{"@id":"https:\/\/felgenforum.shop\/#website"},"primaryImageOfPage":{"@id":"https:\/\/felgenforum.shop\/produkt\/20-zoll-sommerraeder-komplettraeder-mam-b2-schwarz-mit-hankook-fuer-bmw-4-er-g26\/#primaryimage"},"image":{"@id":"https:\/\/felgenforum.shop\/produkt\/20-zoll-sommerraeder-komplettraeder-mam-b2-schwarz-mit-hankook-fuer-bmw-4-er-g26\/#primaryimage"},"thumbnailUrl":"https:\/\/felgenforum.shop\/wp-content\/uploads\/2025\/09\/20-zoll-sommerraeder-komplettraeder-mam-b2-schwarz-mit-hankook-fuer-bmw-4-er-g26-featured-1000px.webp","datePublished":"2025-09-14T01:57:05+00:00","dateModified":"2026-04-25T13:10:25+00:00","description":"Werten Sie Ihren BMW 4er G26 mit 20 Zoll Sommerr\u00e4der Komplettr\u00e4der MAM B2 Schwarz auf. Erstklassiger Grip dank Hankook-Reifen. Jetzt online kaufen!","breadcrumb":{"@id":"https:\/\/felgenforum.shop\/produkt\/20-zoll-sommerraeder-komplettraeder-mam-b2-schwarz-mit-hankook-fuer-bmw-4-er-g26\/#breadcrumb"},"inLanguage":"en-GB","potentialAction":[{"@type":"ReadAction","target":["https:\/\/felgenforum.shop\/produkt\/20-zoll-sommerraeder-komplettraeder-mam-b2-schwarz-mit-hankook-fuer-bmw-4-er-g26\/"]}]},{"@type":"ImageObject","inLanguage":"en-GB","@id":"https:\/\/felgenforum.shop\/produkt\/20-zoll-sommerraeder-komplettraeder-mam-b2-schwarz-mit-hankook-fuer-bmw-4-er-g26\/#primaryimage","url":"https:\/\/felgenforum.shop\/wp-content\/uploads\/2025\/09\/20-zoll-sommerraeder-komplettraeder-mam-b2-schwarz-mit-hankook-fuer-bmw-4-er-g26-featured-1000px.webp","contentUrl":"https:\/\/felgenforum.shop\/wp-content\/uploads\/2025\/09\/20-zoll-sommerraeder-komplettraeder-mam-b2-schwarz-mit-hankook-fuer-bmw-4-er-g26-featured-1000px.webp","width":1000,"height":1000,"caption":"20 Zoll Sommerr\u00e4der MAM B2 Schwarz mit Hankook f\u00fcr BMW 4er G26"},{"@type":"BreadcrumbList","@id":"https:\/\/felgenforum.shop\/produkt\/20-zoll-sommerraeder-komplettraeder-mam-b2-schwarz-mit-hankook-fuer-bmw-4-er-g26\/#breadcrumb","itemListElement":[{"@type":"ListItem","position":1,"name":"Startseite","item":"https:\/\/felgenforum.shop\/"},{"@type":"ListItem","position":2,"name":"Shop","item":"https:\/\/felgenforum.shop\/shop\/"},{"@type":"ListItem","position":3,"name":"20 Zoll Sommerr\u00e4der Komplettr\u00e4der MAM B2 Schwarz mit Hankook f\u00fcr BMW 4 er G26"}]},{"@type":"WebSite","@id":"https:\/\/felgenforum.shop\/#website","url":"https:\/\/felgenforum.shop\/","name":"Rim forum","description":"","potentialAction":[{"@type":"SearchAction","target":{"@type":"EntryPoint","urlTemplate":"https:\/\/felgenforum.shop\/?s={search_term_string}"},"query-input":{"@type":"PropertyValueSpecification","valueRequired":true,"valueName":"search_term_string"}}],"inLanguage":"en-GB"}]}},"_links":{"self":[{"href":"https:\/\/felgenforum.shop\/en\/wp-json\/wp\/v2\/product\/84585","targetHints":{"allow":["GET"]}}],"collection":[{"href":"https:\/\/felgenforum.shop\/en\/wp-json\/wp\/v2\/product"}],"about":[{"href":"https:\/\/felgenforum.shop\/en\/wp-json\/wp\/v2\/types\/product"}],"replies":[{"embeddable":true,"href":"https:\/\/felgenforum.shop\/en\/wp-json\/wp\/v2\/comments?post=84585"}],"wp:featuredmedia":[{"embeddable":true,"href":"https:\/\/felgenforum.shop\/en\/wp-json\/wp\/v2\/media\/94718"}],"wp:attachment":[{"href":"https:\/\/felgenforum.shop\/en\/wp-json\/wp\/v2\/media?parent=84585"}],"wp:term":[{"taxonomy":"product_brand","embeddable":true,"href":"https:\/\/felgenforum.shop\/en\/wp-json\/wp\/v2\/product_brand?post=84585"},{"taxonomy":"product_cat","embeddable":true,"href":"https:\/\/felgenforum.shop\/en\/wp-json\/wp\/v2\/product_cat?post=84585"},{"taxonomy":"product_tag","embeddable":true,"href":"https:\/\/felgenforum.shop\/en\/wp-json\/wp\/v2\/product_tag?post=84585"}],"curies":[{"name":"wp","href":"https:\/\/api.w.org\/{rel}","templated":true}]}}