{"id":83824,"date":"2025-09-14T01:16:43","date_gmt":"2025-09-13T23:16:43","guid":{"rendered":"https:\/\/felgenforum.shop\/?post_type=product&#038;p=83824"},"modified":"2026-04-25T15:10:06","modified_gmt":"2026-04-25T13:10:06","slug":"19-zoll-winterraeder-winterreifen-winterkomplettraeder-skoda-octavia-1z-5e-rs-vrs","status":"publish","type":"product","link":"https:\/\/felgenforum.shop\/en\/product\/19-zoll-winterraeder-winterreifen-winterkomplettraeder-skoda-octavia-1z-5e-rs-vrs\/","title":{"rendered":"19-inch winter wheels, winter tires, complete winter wheel sets for Skoda Octavia 1Z 5E RS VRS"},"content":{"rendered":"<h3>Welcome to an offer from Felgenforum.shop<\/h3>\n<p>In this offer we offer you a NEW set of complete winter wheels in glossy black including ABE (German type approval).<\/p>\n<p>4x fully pre-assembled and balanced complete wheels<\/p>\n<p>consisting of:<\/p>\n<p>4x Alufelge FF01 schwarz 8,5&#215;19 ET45 LK5\/112<\/p>\n<p>+<\/p>\n<p>4x winter tires 225\/35 R19 88V from current daily purchase<\/p>\n<p>fully assembled and balanced<\/p>\n<p>(including black weights and black metal valves)<\/p>\n<p>NEW &amp; in original packaging.<\/p>\n<h3>Scope of delivery:<\/h3>\n<ul>\n<li>4 x FF01 8,5&#215;19 ET45 5&#215;112\u00a0schwarz glanz<\/li>\n<li>Complete mounting hardware (if required according to the ABE)<\/li>\n<li>4x winter tires from current daily purchase 225\/35 R19 88V<\/li>\n<li>4x Hubcaps FF-Wheels<\/li>\n<li>(Vehicle manufacturer&#039;s hubcap not included)<\/li>\n<li>1x Expert report (ABE)<\/li>\n<li>In most cases, the complete wheel sets are therefore registration-free. If you have any questions about fitment or any registration requirements, our experienced team will be happy to assist you :).<\/li>\n<li>Please be sure to specify your vehicle after purchase.<\/li>\n<li>We offer this model in many other sizes and colors; please contact us if you have any other requests.<\/li>\n<li>&gt;&gt;&gt;Wishful tires<\/li>\n<li>Do you have a specific request regarding tire brand or tire quality? No problem!<\/li>\n<li>We would be happy to create individual complete wheel offers for you :).<\/li>\n<li>The complete wheels are suitable for, among others:<\/li>\n<\/ul>\n<h3>Audi<\/h3>\n<ul>\n<li>A3 S3 8P 8P1 8V GY\u00a0<\/li>\n<\/ul>\n<h3>Volkswagen<\/h3>\n<ul>\n<li>EOS<\/li>\n<li>Golf 6 7 8 in all versions<\/li>\n<li>Jetta 1KM 16 16H<\/li>\n<li>Passat B6 B7<\/li>\n<\/ul>\n<h3>Mercedes Benz<\/h3>\n<ul>\n<li>A-Class W176<\/li>\n<li>B Class W246<\/li>\n<li>C-Class W204 S204<\/li>\n<li>CLA Class C117<\/li>\n<li>Seat<\/li>\n<li>Leon 1P 5F KL also Cupra<\/li>\n<\/ul>\n<h3>Skoda<\/h3>\n<ul>\n<li>Octavia 1Z 5E<\/li>\n<li>Superb 2 3<\/li>\n<\/ul>","protected":false},"excerpt":{"rendered":"<p>A set (4 pieces) of ready-to-drive FF Wheels complete wheels, professionally mounted and balanced.<\/p>\n<p><strong>Rim details:<\/strong> 8,5&#215;19 Zoll, Lochkreis 112.<br \/><strong>Tire details:<\/strong> Triangle, Austone, Imperial, Goodride, Superia, Fortuna, Westlake .<\/p>","protected":false},"featured_media":83837,"comment_status":"open","ping_status":"closed","template":"","meta":[],"product_brand":[],"product_cat":[1310,1204,1309],"product_tag":[],"class_list":{"0":"post-83824","1":"product","2":"type-product","3":"status-publish","4":"has-post-thumbnail","6":"product_cat-19-zoll-winterraeder-skoda","7":"product_cat-komplettraeder-winter","8":"product_cat-skoda","9":"product_shipping_class-komplettrad","10":"pa_anzahl-der-komplettraeder-1433","11":"pa_einpresstiefe-et-1508","12":"pa_fahrzeugmarke-skoda","13":"pa_felgenbreite-8-5","14":"pa_felgenfarbe-schwarz","15":"pa_felgenhersteller-ff-wheels","16":"pa_felgenmaterial-aluminium","17":"pa_felgenmodell-ff01","18":"pa_geschwindigkeitsindex-v-bis-240-km-h","19":"pa_herstellernummer-felge-1692","20":"pa_herstellernummer-reifen-tageseinkauf","21":"pa_lastbereich-xl","22":"pa_lochkreis-1439","23":"pa_lochzahl-1447","24":"pa_reifenbreite-1432","25":"pa_reifendurchmesser-1436","26":"pa_reifenhersteller-triangle-austone-imperial-goodride-superia-fortuna-westlake","27":"pa_reifenquerschnitt-1434","28":"pa_reifenspezifikation-winterreifen","29":"pa_run-flat-nein","30":"pa_zollgroesse-1448","32":"first","33":"instock","34":"sale","35":"taxable","36":"shipping-taxable","37":"purchasable","38":"product-type-simple"},"yoast_head":"<title>19 Zoll Winterr\u00e4der Winterreifen Winterkomplettr\u00e4der Skoda Octavia 1Z 5E RS VRS g\u00fcnstig kaufen - Felgenforum<\/title>\n<meta name=\"description\" content=\"Sichern Sie sich hochwertige 19 Zoll Winterr\u00e4der f\u00fcr Ihren Skoda Octavia RS (1Z 5E). Maximale Sicherheit und sportliches Design im Winter. Jetzt kaufen!\" \/>\n<meta name=\"robots\" content=\"index, follow, max-snippet:-1, max-image-preview:large, max-video-preview:-1\" \/>\n<link rel=\"canonical\" href=\"https:\/\/felgenforum.shop\/en\/product\/19-zoll-winterraeder-winterreifen-winterkomplettraeder-skoda-octavia-1z-5e-rs-vrs\/\" \/>\n<meta property=\"og:locale\" content=\"en_GB\" \/>\n<meta property=\"og:type\" content=\"article\" \/>\n<meta property=\"og:title\" content=\"19 Zoll Winterr\u00e4der Winterreifen Winterkomplettr\u00e4der Skoda Octavia 1Z 5E RS VRS g\u00fcnstig kaufen - Felgenforum\" \/>\n<meta property=\"og:description\" content=\"Sichern Sie sich hochwertige 19 Zoll Winterr\u00e4der f\u00fcr Ihren Skoda Octavia RS (1Z 5E). Maximale Sicherheit und sportliches Design im Winter. Jetzt kaufen!\" \/>\n<meta property=\"og:url\" content=\"https:\/\/felgenforum.shop\/en\/product\/19-zoll-winterraeder-winterreifen-winterkomplettraeder-skoda-octavia-1z-5e-rs-vrs\/\" \/>\n<meta property=\"og:site_name\" content=\"Felgenforum\" \/>\n<meta property=\"article:modified_time\" content=\"2026-04-25T13:10:06+00:00\" \/>\n<meta property=\"og:image\" content=\"https:\/\/felgenforum.shop\/wp-content\/uploads\/2025\/09\/57-176.webp\" \/>\n\t<meta property=\"og:image:width\" content=\"1034\" \/>\n\t<meta property=\"og:image:height\" content=\"1000\" \/>\n\t<meta property=\"og:image:type\" content=\"image\/png\" \/>\n<meta name=\"twitter:card\" content=\"summary_large_image\" \/>\n<meta name=\"twitter:label1\" content=\"Est. reading time\" \/>\n\t<meta name=\"twitter:data1\" content=\"1 minute\" \/>\n<script type=\"application\/ld+json\" class=\"yoast-schema-graph\">{\"@context\":\"https:\\\/\\\/schema.org\",\"@graph\":[{\"@type\":\"WebPage\",\"@id\":\"https:\\\/\\\/felgenforum.shop\\\/produkt\\\/19-zoll-winterraeder-winterreifen-winterkomplettraeder-skoda-octavia-1z-5e-rs-vrs\\\/\",\"url\":\"https:\\\/\\\/felgenforum.shop\\\/produkt\\\/19-zoll-winterraeder-winterreifen-winterkomplettraeder-skoda-octavia-1z-5e-rs-vrs\\\/\",\"name\":\"19 Zoll Winterr\u00e4der Winterreifen Winterkomplettr\u00e4der Skoda Octavia 1Z 5E RS VRS g\u00fcnstig kaufen - Felgenforum\",\"isPartOf\":{\"@id\":\"https:\\\/\\\/felgenforum.shop\\\/#website\"},\"primaryImageOfPage\":{\"@id\":\"https:\\\/\\\/felgenforum.shop\\\/produkt\\\/19-zoll-winterraeder-winterreifen-winterkomplettraeder-skoda-octavia-1z-5e-rs-vrs\\\/#primaryimage\"},\"image\":{\"@id\":\"https:\\\/\\\/felgenforum.shop\\\/produkt\\\/19-zoll-winterraeder-winterreifen-winterkomplettraeder-skoda-octavia-1z-5e-rs-vrs\\\/#primaryimage\"},\"thumbnailUrl\":\"https:\\\/\\\/felgenforum.shop\\\/wp-content\\\/uploads\\\/2025\\\/09\\\/57-176.webp\",\"datePublished\":\"2025-09-13T23:16:43+00:00\",\"dateModified\":\"2026-04-25T13:10:06+00:00\",\"description\":\"Sichern Sie sich hochwertige 19 Zoll Winterr\u00e4der f\u00fcr Ihren Skoda Octavia RS (1Z 5E). Maximale Sicherheit und sportliches Design im Winter. Jetzt kaufen!\",\"breadcrumb\":{\"@id\":\"https:\\\/\\\/felgenforum.shop\\\/produkt\\\/19-zoll-winterraeder-winterreifen-winterkomplettraeder-skoda-octavia-1z-5e-rs-vrs\\\/#breadcrumb\"},\"inLanguage\":\"en-GB\",\"potentialAction\":[{\"@type\":\"ReadAction\",\"target\":[\"https:\\\/\\\/felgenforum.shop\\\/produkt\\\/19-zoll-winterraeder-winterreifen-winterkomplettraeder-skoda-octavia-1z-5e-rs-vrs\\\/\"]}]},{\"@type\":\"ImageObject\",\"inLanguage\":\"en-GB\",\"@id\":\"https:\\\/\\\/felgenforum.shop\\\/produkt\\\/19-zoll-winterraeder-winterreifen-winterkomplettraeder-skoda-octavia-1z-5e-rs-vrs\\\/#primaryimage\",\"url\":\"https:\\\/\\\/felgenforum.shop\\\/wp-content\\\/uploads\\\/2025\\\/09\\\/57-176.webp\",\"contentUrl\":\"https:\\\/\\\/felgenforum.shop\\\/wp-content\\\/uploads\\\/2025\\\/09\\\/57-176.webp\",\"width\":1034,\"height\":1000,\"caption\":\"19 Zoll Winterr\u00e4der Winterkomplettr\u00e4der passend f\u00fcr Skoda Octavia 1Z 5E RS\"},{\"@type\":\"BreadcrumbList\",\"@id\":\"https:\\\/\\\/felgenforum.shop\\\/produkt\\\/19-zoll-winterraeder-winterreifen-winterkomplettraeder-skoda-octavia-1z-5e-rs-vrs\\\/#breadcrumb\",\"itemListElement\":[{\"@type\":\"ListItem\",\"position\":1,\"name\":\"Startseite\",\"item\":\"https:\\\/\\\/felgenforum.shop\\\/\"},{\"@type\":\"ListItem\",\"position\":2,\"name\":\"Shop\",\"item\":\"https:\\\/\\\/felgenforum.shop\\\/shop\\\/\"},{\"@type\":\"ListItem\",\"position\":3,\"name\":\"19 Zoll Winterr\u00e4der Winterreifen Winterkomplettr\u00e4der Skoda Octavia 1Z 5E RS VRS\"}]},{\"@type\":\"WebSite\",\"@id\":\"https:\\\/\\\/felgenforum.shop\\\/#website\",\"url\":\"https:\\\/\\\/felgenforum.shop\\\/\",\"name\":\"Felgenforum\",\"description\":\"\",\"potentialAction\":[{\"@type\":\"SearchAction\",\"target\":{\"@type\":\"EntryPoint\",\"urlTemplate\":\"https:\\\/\\\/felgenforum.shop\\\/?s={search_term_string}\"},\"query-input\":{\"@type\":\"PropertyValueSpecification\",\"valueRequired\":true,\"valueName\":\"search_term_string\"}}],\"inLanguage\":\"en-GB\"}]}<\/script>","yoast_head_json":{"title":"19 Zoll Winterr\u00e4der Winterreifen Winterkomplettr\u00e4der Skoda Octavia 1Z 5E RS VRS g\u00fcnstig kaufen - Felgenforum","description":"Sichern Sie sich hochwertige 19 Zoll Winterr\u00e4der f\u00fcr Ihren Skoda Octavia RS (1Z 5E). Maximale Sicherheit und sportliches Design im Winter. Jetzt kaufen!","robots":{"index":"index","follow":"follow","max-snippet":"max-snippet:-1","max-image-preview":"max-image-preview:large","max-video-preview":"max-video-preview:-1"},"canonical":"https:\/\/felgenforum.shop\/en\/product\/19-zoll-winterraeder-winterreifen-winterkomplettraeder-skoda-octavia-1z-5e-rs-vrs\/","og_locale":"en_GB","og_type":"article","og_title":"19 Zoll Winterr\u00e4der Winterreifen Winterkomplettr\u00e4der Skoda Octavia 1Z 5E RS VRS g\u00fcnstig kaufen - Felgenforum","og_description":"Sichern Sie sich hochwertige 19 Zoll Winterr\u00e4der f\u00fcr Ihren Skoda Octavia RS (1Z 5E). Maximale Sicherheit und sportliches Design im Winter. Jetzt kaufen!","og_url":"https:\/\/felgenforum.shop\/en\/product\/19-zoll-winterraeder-winterreifen-winterkomplettraeder-skoda-octavia-1z-5e-rs-vrs\/","og_site_name":"Felgenforum","article_modified_time":"2026-04-25T13:10:06+00:00","og_image":[{"width":1034,"height":1000,"url":"https:\/\/felgenforum.shop\/wp-content\/uploads\/2025\/09\/57-176.webp","type":"image\/png"}],"twitter_card":"summary_large_image","twitter_misc":{"Est. reading time":"1 minute"},"schema":{"@context":"https:\/\/schema.org","@graph":[{"@type":"WebPage","@id":"https:\/\/felgenforum.shop\/produkt\/19-zoll-winterraeder-winterreifen-winterkomplettraeder-skoda-octavia-1z-5e-rs-vrs\/","url":"https:\/\/felgenforum.shop\/produkt\/19-zoll-winterraeder-winterreifen-winterkomplettraeder-skoda-octavia-1z-5e-rs-vrs\/","name":"19 Zoll Winterr\u00e4der Winterreifen Winterkomplettr\u00e4der Skoda Octavia 1Z 5E RS VRS g\u00fcnstig kaufen - Felgenforum","isPartOf":{"@id":"https:\/\/felgenforum.shop\/#website"},"primaryImageOfPage":{"@id":"https:\/\/felgenforum.shop\/produkt\/19-zoll-winterraeder-winterreifen-winterkomplettraeder-skoda-octavia-1z-5e-rs-vrs\/#primaryimage"},"image":{"@id":"https:\/\/felgenforum.shop\/produkt\/19-zoll-winterraeder-winterreifen-winterkomplettraeder-skoda-octavia-1z-5e-rs-vrs\/#primaryimage"},"thumbnailUrl":"https:\/\/felgenforum.shop\/wp-content\/uploads\/2025\/09\/57-176.webp","datePublished":"2025-09-13T23:16:43+00:00","dateModified":"2026-04-25T13:10:06+00:00","description":"Sichern Sie sich hochwertige 19 Zoll Winterr\u00e4der f\u00fcr Ihren Skoda Octavia RS (1Z 5E). Maximale Sicherheit und sportliches Design im Winter. Jetzt kaufen!","breadcrumb":{"@id":"https:\/\/felgenforum.shop\/produkt\/19-zoll-winterraeder-winterreifen-winterkomplettraeder-skoda-octavia-1z-5e-rs-vrs\/#breadcrumb"},"inLanguage":"en-GB","potentialAction":[{"@type":"ReadAction","target":["https:\/\/felgenforum.shop\/produkt\/19-zoll-winterraeder-winterreifen-winterkomplettraeder-skoda-octavia-1z-5e-rs-vrs\/"]}]},{"@type":"ImageObject","inLanguage":"en-GB","@id":"https:\/\/felgenforum.shop\/produkt\/19-zoll-winterraeder-winterreifen-winterkomplettraeder-skoda-octavia-1z-5e-rs-vrs\/#primaryimage","url":"https:\/\/felgenforum.shop\/wp-content\/uploads\/2025\/09\/57-176.webp","contentUrl":"https:\/\/felgenforum.shop\/wp-content\/uploads\/2025\/09\/57-176.webp","width":1034,"height":1000,"caption":"19 Zoll Winterr\u00e4der Winterkomplettr\u00e4der passend f\u00fcr Skoda Octavia 1Z 5E RS"},{"@type":"BreadcrumbList","@id":"https:\/\/felgenforum.shop\/produkt\/19-zoll-winterraeder-winterreifen-winterkomplettraeder-skoda-octavia-1z-5e-rs-vrs\/#breadcrumb","itemListElement":[{"@type":"ListItem","position":1,"name":"Startseite","item":"https:\/\/felgenforum.shop\/"},{"@type":"ListItem","position":2,"name":"Shop","item":"https:\/\/felgenforum.shop\/shop\/"},{"@type":"ListItem","position":3,"name":"19 Zoll Winterr\u00e4der Winterreifen Winterkomplettr\u00e4der Skoda Octavia 1Z 5E RS VRS"}]},{"@type":"WebSite","@id":"https:\/\/felgenforum.shop\/#website","url":"https:\/\/felgenforum.shop\/","name":"Rim forum","description":"","potentialAction":[{"@type":"SearchAction","target":{"@type":"EntryPoint","urlTemplate":"https:\/\/felgenforum.shop\/?s={search_term_string}"},"query-input":{"@type":"PropertyValueSpecification","valueRequired":true,"valueName":"search_term_string"}}],"inLanguage":"en-GB"}]}},"_links":{"self":[{"href":"https:\/\/felgenforum.shop\/en\/wp-json\/wp\/v2\/product\/83824","targetHints":{"allow":["GET"]}}],"collection":[{"href":"https:\/\/felgenforum.shop\/en\/wp-json\/wp\/v2\/product"}],"about":[{"href":"https:\/\/felgenforum.shop\/en\/wp-json\/wp\/v2\/types\/product"}],"replies":[{"embeddable":true,"href":"https:\/\/felgenforum.shop\/en\/wp-json\/wp\/v2\/comments?post=83824"}],"wp:featuredmedia":[{"embeddable":true,"href":"https:\/\/felgenforum.shop\/en\/wp-json\/wp\/v2\/media\/83837"}],"wp:attachment":[{"href":"https:\/\/felgenforum.shop\/en\/wp-json\/wp\/v2\/media?parent=83824"}],"wp:term":[{"taxonomy":"product_brand","embeddable":true,"href":"https:\/\/felgenforum.shop\/en\/wp-json\/wp\/v2\/product_brand?post=83824"},{"taxonomy":"product_cat","embeddable":true,"href":"https:\/\/felgenforum.shop\/en\/wp-json\/wp\/v2\/product_cat?post=83824"},{"taxonomy":"product_tag","embeddable":true,"href":"https:\/\/felgenforum.shop\/en\/wp-json\/wp\/v2\/product_tag?post=83824"}],"curies":[{"name":"wp","href":"https:\/\/api.w.org\/{rel}","templated":true}]}}