{"id":82250,"date":"2025-09-13T20:01:49","date_gmt":"2025-09-13T18:01:49","guid":{"rendered":"https:\/\/felgenforum.shop\/?post_type=product&#038;p=82250"},"modified":"2026-04-25T15:09:25","modified_gmt":"2026-04-25T13:09:25","slug":"20-zoll-sommerkomplettraeder-2drv-wh34-schwarz-poliert-fuer-audi-a4-a5-b8-b9-s4-s5","status":"publish","type":"product","link":"https:\/\/felgenforum.shop\/en\/product\/20-zoll-sommerkomplettraeder-2drv-wh34-schwarz-poliert-fuer-audi-a4-a5-b8-b9-s4-s5\/","title":{"rendered":"20-inch summer complete wheels 2DRV WH34 black polished for Audi A4 A5 B8 B9 S4 S5"},"content":{"rendered":"<h3>Welcome to an offer from Felgenforum.shop<\/h3>\n<p>In diesem Angebote bieten wir Ihnen hier\u00a0einen NEUEN Komplettradsatz 2DRV WH34 Alufelgen in schwarz poliert inkl ABE an.<\/p>\n<p>NEW &amp; in original packaging.<\/p>\n<h3>Scope of delivery:<\/h3>\n<ul>\n<li>4 x 2DRV WH34 8,5&#215;20 ET30 5&#215;112 schwarz poliert<\/li>\n<li>Complete mounting hardware (if required according to the ABE)<\/li>\n<li>4x Sommerreifen 255\/30 R20 92Y Tomason Sportrace XL<\/li>\n<li>4x Hubcaps 2DRV<\/li>\n<li>(Vehicle manufacturer&#039;s hubcap not included)<\/li>\n<li>1x Expert report (ABE)<\/li>\n<li>In most cases, the rims are therefore registration-free. If you have any questions about fitment or any registration requirements, our experienced team will be happy to help :).<\/li>\n<li>Please be sure to specify your vehicle after purchase.<\/li>\n<li>We offer this model in many other sizes and colors; please contact us if you have any other requests.<\/li>\n<\/ul>\n<h3>&gt;&gt;&gt;Complete wheels<\/h3>\n<h3>We are happy to offer you the desired rims as ready-to-install complete wheels with a tire of your choice.<\/h3>\n<p>Feel free to send us a non-binding inquiry :).<\/p>\n<p>The rims are the correct size for the following vehicles:<\/p>\n<h3>Audi<\/h3>\n<ul>\n<\/ul>\n<h3>Audi A4 S4 B8 B9<\/h3>\n<ul>\n<\/ul>\n<h3>Audi A5 S5 B8 B9<\/h3>\n<ul>\n<\/ul>","protected":false},"excerpt":{"rendered":"<p>Ein Satz (4 St\u00fcck) hochwertige Marken-Alufelgen, Modell WH34, in der Gr\u00f6\u00dfe 8.5&#215;20 Zoll, Lochkreis 112 mit 5 Loch. Professionell gepr\u00fcft und versandfertig verpackt.<\/p>","protected":false},"featured_media":237075,"comment_status":"open","ping_status":"closed","template":"","meta":[],"product_brand":[],"product_cat":[1870,1584,1196],"product_tag":[],"class_list":{"0":"post-82250","1":"product","2":"type-product","3":"status-publish","4":"has-post-thumbnail","6":"product_cat-20-zoll-sommerraeder-audi","7":"product_cat-audi-komplettraeder-sommer","8":"product_cat-komplettraeder-sommer","9":"product_shipping_class-komplettrad","10":"pa_einpresstiefe-et-1450","11":"pa_fahrzeugmarke-audi","12":"pa_farbe-schwarz-hochglanz-poliert","13":"pa_felgenbreite-8-5","14":"pa_felgenfarbe-schwarz-poliert","15":"pa_felgenmaterial-alu","16":"pa_felgenmodell-wh34","17":"pa_hersteller-2drv","18":"pa_herstellernummer-1869","19":"pa_lochkreis-1439","20":"pa_lochzahl-1447","21":"pa_maximale-traglast-1867","22":"pa_mittenlochbohrung-66-6","23":"pa_modell-wh34","24":"pa_reifenbreite-1453","25":"pa_reifendurchmesser-1594","26":"pa_reifenquerschnitt-1713","27":"pa_zollgroesse-1499","29":"first","30":"instock","31":"sale","32":"taxable","33":"shipping-taxable","34":"purchasable","35":"product-type-simple"},"yoast_head":"<title>20 Zoll Sommerkomplettr\u00e4der 2DRV WH34 schwarz poliert f\u00fcr Audi A4 A5 B8 B9 S4 S5 g\u00fcnstig kaufen - Felgenforum<\/title>\n<meta name=\"description\" content=\"20 Zoll Sommerkomplettr\u00e4der 2DRV WH34 schwarz poliert f\u00fcr Audi A4 A5 S4 S5. Sportliche Optik und Top-Qualit\u00e4t f\u00fcr Ihren Audi erleben. Jetzt online kaufen!\" \/>\n<meta name=\"robots\" content=\"index, follow, max-snippet:-1, max-image-preview:large, max-video-preview:-1\" \/>\n<link rel=\"canonical\" href=\"https:\/\/felgenforum.shop\/en\/product\/20-zoll-sommerkomplettraeder-2drv-wh34-schwarz-poliert-fuer-audi-a4-a5-b8-b9-s4-s5\/\" \/>\n<meta property=\"og:locale\" content=\"en_GB\" \/>\n<meta property=\"og:type\" content=\"article\" \/>\n<meta property=\"og:title\" content=\"20 Zoll Sommerkomplettr\u00e4der 2DRV WH34 schwarz poliert f\u00fcr Audi A4 A5 B8 B9 S4 S5 g\u00fcnstig kaufen - Felgenforum\" \/>\n<meta property=\"og:description\" content=\"20 Zoll Sommerkomplettr\u00e4der 2DRV WH34 schwarz poliert f\u00fcr Audi A4 A5 S4 S5. Sportliche Optik und Top-Qualit\u00e4t f\u00fcr Ihren Audi erleben. Jetzt online kaufen!\" \/>\n<meta property=\"og:url\" content=\"https:\/\/felgenforum.shop\/en\/product\/20-zoll-sommerkomplettraeder-2drv-wh34-schwarz-poliert-fuer-audi-a4-a5-b8-b9-s4-s5\/\" \/>\n<meta property=\"og:site_name\" content=\"Felgenforum\" \/>\n<meta property=\"article:modified_time\" content=\"2026-04-25T13:09:25+00:00\" \/>\n<meta property=\"og:image\" content=\"https:\/\/felgenforum.shop\/wp-content\/uploads\/2025\/09\/57-1974.webp\" \/>\n\t<meta property=\"og:image:width\" content=\"1026\" \/>\n\t<meta property=\"og:image:height\" content=\"1000\" \/>\n\t<meta property=\"og:image:type\" content=\"image\/webp\" \/>\n<meta name=\"twitter:card\" content=\"summary_large_image\" \/>\n<meta name=\"twitter:label1\" content=\"Est. reading time\" \/>\n\t<meta name=\"twitter:data1\" content=\"1 minute\" \/>\n<script type=\"application\/ld+json\" class=\"yoast-schema-graph\">{\"@context\":\"https:\\\/\\\/schema.org\",\"@graph\":[{\"@type\":\"WebPage\",\"@id\":\"https:\\\/\\\/felgenforum.shop\\\/produkt\\\/20-zoll-sommerkomplettraeder-2drv-wh34-schwarz-poliert-fuer-audi-a4-a5-b8-b9-s4-s5\\\/\",\"url\":\"https:\\\/\\\/felgenforum.shop\\\/produkt\\\/20-zoll-sommerkomplettraeder-2drv-wh34-schwarz-poliert-fuer-audi-a4-a5-b8-b9-s4-s5\\\/\",\"name\":\"20 Zoll Sommerkomplettr\u00e4der 2DRV WH34 schwarz poliert f\u00fcr Audi A4 A5 B8 B9 S4 S5 g\u00fcnstig kaufen - Felgenforum\",\"isPartOf\":{\"@id\":\"https:\\\/\\\/felgenforum.shop\\\/#website\"},\"primaryImageOfPage\":{\"@id\":\"https:\\\/\\\/felgenforum.shop\\\/produkt\\\/20-zoll-sommerkomplettraeder-2drv-wh34-schwarz-poliert-fuer-audi-a4-a5-b8-b9-s4-s5\\\/#primaryimage\"},\"image\":{\"@id\":\"https:\\\/\\\/felgenforum.shop\\\/produkt\\\/20-zoll-sommerkomplettraeder-2drv-wh34-schwarz-poliert-fuer-audi-a4-a5-b8-b9-s4-s5\\\/#primaryimage\"},\"thumbnailUrl\":\"https:\\\/\\\/felgenforum.shop\\\/wp-content\\\/uploads\\\/2026\\\/03\\\/ebay-product-82250-69c3ac1792978.webp\",\"datePublished\":\"2025-09-13T18:01:49+00:00\",\"dateModified\":\"2026-04-25T13:09:25+00:00\",\"description\":\"20 Zoll Sommerkomplettr\u00e4der 2DRV WH34 schwarz poliert f\u00fcr Audi A4 A5 S4 S5. Sportliche Optik und Top-Qualit\u00e4t f\u00fcr Ihren Audi erleben. Jetzt online kaufen!\",\"breadcrumb\":{\"@id\":\"https:\\\/\\\/felgenforum.shop\\\/produkt\\\/20-zoll-sommerkomplettraeder-2drv-wh34-schwarz-poliert-fuer-audi-a4-a5-b8-b9-s4-s5\\\/#breadcrumb\"},\"inLanguage\":\"en-GB\",\"potentialAction\":[{\"@type\":\"ReadAction\",\"target\":[\"https:\\\/\\\/felgenforum.shop\\\/produkt\\\/20-zoll-sommerkomplettraeder-2drv-wh34-schwarz-poliert-fuer-audi-a4-a5-b8-b9-s4-s5\\\/\"]}]},{\"@type\":\"ImageObject\",\"inLanguage\":\"en-GB\",\"@id\":\"https:\\\/\\\/felgenforum.shop\\\/produkt\\\/20-zoll-sommerkomplettraeder-2drv-wh34-schwarz-poliert-fuer-audi-a4-a5-b8-b9-s4-s5\\\/#primaryimage\",\"url\":\"https:\\\/\\\/felgenforum.shop\\\/wp-content\\\/uploads\\\/2026\\\/03\\\/ebay-product-82250-69c3ac1792978.webp\",\"contentUrl\":\"https:\\\/\\\/felgenforum.shop\\\/wp-content\\\/uploads\\\/2026\\\/03\\\/ebay-product-82250-69c3ac1792978.webp\",\"width\":1000,\"height\":1000},{\"@type\":\"BreadcrumbList\",\"@id\":\"https:\\\/\\\/felgenforum.shop\\\/produkt\\\/20-zoll-sommerkomplettraeder-2drv-wh34-schwarz-poliert-fuer-audi-a4-a5-b8-b9-s4-s5\\\/#breadcrumb\",\"itemListElement\":[{\"@type\":\"ListItem\",\"position\":1,\"name\":\"Startseite\",\"item\":\"https:\\\/\\\/felgenforum.shop\\\/\"},{\"@type\":\"ListItem\",\"position\":2,\"name\":\"Shop\",\"item\":\"https:\\\/\\\/felgenforum.shop\\\/shop\\\/\"},{\"@type\":\"ListItem\",\"position\":3,\"name\":\"20 Zoll Sommerkomplettr\u00e4der 2DRV WH34 schwarz poliert f\u00fcr Audi A4 A5 B8 B9 S4 S5\"}]},{\"@type\":\"WebSite\",\"@id\":\"https:\\\/\\\/felgenforum.shop\\\/#website\",\"url\":\"https:\\\/\\\/felgenforum.shop\\\/\",\"name\":\"Felgenforum\",\"description\":\"\",\"potentialAction\":[{\"@type\":\"SearchAction\",\"target\":{\"@type\":\"EntryPoint\",\"urlTemplate\":\"https:\\\/\\\/felgenforum.shop\\\/?s={search_term_string}\"},\"query-input\":{\"@type\":\"PropertyValueSpecification\",\"valueRequired\":true,\"valueName\":\"search_term_string\"}}],\"inLanguage\":\"en-GB\"}]}<\/script>","yoast_head_json":{"title":"20 Zoll Sommerkomplettr\u00e4der 2DRV WH34 schwarz poliert f\u00fcr Audi A4 A5 B8 B9 S4 S5 g\u00fcnstig kaufen - Felgenforum","description":"20 Zoll Sommerkomplettr\u00e4der 2DRV WH34 schwarz poliert f\u00fcr Audi A4 A5 S4 S5. Sportliche Optik und Top-Qualit\u00e4t f\u00fcr Ihren Audi erleben. Jetzt online kaufen!","robots":{"index":"index","follow":"follow","max-snippet":"max-snippet:-1","max-image-preview":"max-image-preview:large","max-video-preview":"max-video-preview:-1"},"canonical":"https:\/\/felgenforum.shop\/en\/product\/20-zoll-sommerkomplettraeder-2drv-wh34-schwarz-poliert-fuer-audi-a4-a5-b8-b9-s4-s5\/","og_locale":"en_GB","og_type":"article","og_title":"20 Zoll Sommerkomplettr\u00e4der 2DRV WH34 schwarz poliert f\u00fcr Audi A4 A5 B8 B9 S4 S5 g\u00fcnstig kaufen - Felgenforum","og_description":"20 Zoll Sommerkomplettr\u00e4der 2DRV WH34 schwarz poliert f\u00fcr Audi A4 A5 S4 S5. Sportliche Optik und Top-Qualit\u00e4t f\u00fcr Ihren Audi erleben. Jetzt online kaufen!","og_url":"https:\/\/felgenforum.shop\/en\/product\/20-zoll-sommerkomplettraeder-2drv-wh34-schwarz-poliert-fuer-audi-a4-a5-b8-b9-s4-s5\/","og_site_name":"Felgenforum","article_modified_time":"2026-04-25T13:09:25+00:00","og_image":[{"width":1026,"height":1000,"url":"https:\/\/felgenforum.shop\/wp-content\/uploads\/2025\/09\/57-1974.webp","type":"image\/webp"}],"twitter_card":"summary_large_image","twitter_misc":{"Est. reading time":"1 minute"},"schema":{"@context":"https:\/\/schema.org","@graph":[{"@type":"WebPage","@id":"https:\/\/felgenforum.shop\/produkt\/20-zoll-sommerkomplettraeder-2drv-wh34-schwarz-poliert-fuer-audi-a4-a5-b8-b9-s4-s5\/","url":"https:\/\/felgenforum.shop\/produkt\/20-zoll-sommerkomplettraeder-2drv-wh34-schwarz-poliert-fuer-audi-a4-a5-b8-b9-s4-s5\/","name":"20 Zoll Sommerkomplettr\u00e4der 2DRV WH34 schwarz poliert f\u00fcr Audi A4 A5 B8 B9 S4 S5 g\u00fcnstig kaufen - Felgenforum","isPartOf":{"@id":"https:\/\/felgenforum.shop\/#website"},"primaryImageOfPage":{"@id":"https:\/\/felgenforum.shop\/produkt\/20-zoll-sommerkomplettraeder-2drv-wh34-schwarz-poliert-fuer-audi-a4-a5-b8-b9-s4-s5\/#primaryimage"},"image":{"@id":"https:\/\/felgenforum.shop\/produkt\/20-zoll-sommerkomplettraeder-2drv-wh34-schwarz-poliert-fuer-audi-a4-a5-b8-b9-s4-s5\/#primaryimage"},"thumbnailUrl":"https:\/\/felgenforum.shop\/wp-content\/uploads\/2026\/03\/ebay-product-82250-69c3ac1792978.webp","datePublished":"2025-09-13T18:01:49+00:00","dateModified":"2026-04-25T13:09:25+00:00","description":"20 Zoll Sommerkomplettr\u00e4der 2DRV WH34 schwarz poliert f\u00fcr Audi A4 A5 S4 S5. Sportliche Optik und Top-Qualit\u00e4t f\u00fcr Ihren Audi erleben. Jetzt online kaufen!","breadcrumb":{"@id":"https:\/\/felgenforum.shop\/produkt\/20-zoll-sommerkomplettraeder-2drv-wh34-schwarz-poliert-fuer-audi-a4-a5-b8-b9-s4-s5\/#breadcrumb"},"inLanguage":"en-GB","potentialAction":[{"@type":"ReadAction","target":["https:\/\/felgenforum.shop\/produkt\/20-zoll-sommerkomplettraeder-2drv-wh34-schwarz-poliert-fuer-audi-a4-a5-b8-b9-s4-s5\/"]}]},{"@type":"ImageObject","inLanguage":"en-GB","@id":"https:\/\/felgenforum.shop\/produkt\/20-zoll-sommerkomplettraeder-2drv-wh34-schwarz-poliert-fuer-audi-a4-a5-b8-b9-s4-s5\/#primaryimage","url":"https:\/\/felgenforum.shop\/wp-content\/uploads\/2026\/03\/ebay-product-82250-69c3ac1792978.webp","contentUrl":"https:\/\/felgenforum.shop\/wp-content\/uploads\/2026\/03\/ebay-product-82250-69c3ac1792978.webp","width":1000,"height":1000},{"@type":"BreadcrumbList","@id":"https:\/\/felgenforum.shop\/produkt\/20-zoll-sommerkomplettraeder-2drv-wh34-schwarz-poliert-fuer-audi-a4-a5-b8-b9-s4-s5\/#breadcrumb","itemListElement":[{"@type":"ListItem","position":1,"name":"Startseite","item":"https:\/\/felgenforum.shop\/"},{"@type":"ListItem","position":2,"name":"Shop","item":"https:\/\/felgenforum.shop\/shop\/"},{"@type":"ListItem","position":3,"name":"20 Zoll Sommerkomplettr\u00e4der 2DRV WH34 schwarz poliert f\u00fcr Audi A4 A5 B8 B9 S4 S5"}]},{"@type":"WebSite","@id":"https:\/\/felgenforum.shop\/#website","url":"https:\/\/felgenforum.shop\/","name":"Rim forum","description":"","potentialAction":[{"@type":"SearchAction","target":{"@type":"EntryPoint","urlTemplate":"https:\/\/felgenforum.shop\/?s={search_term_string}"},"query-input":{"@type":"PropertyValueSpecification","valueRequired":true,"valueName":"search_term_string"}}],"inLanguage":"en-GB"}]}},"_links":{"self":[{"href":"https:\/\/felgenforum.shop\/en\/wp-json\/wp\/v2\/product\/82250","targetHints":{"allow":["GET"]}}],"collection":[{"href":"https:\/\/felgenforum.shop\/en\/wp-json\/wp\/v2\/product"}],"about":[{"href":"https:\/\/felgenforum.shop\/en\/wp-json\/wp\/v2\/types\/product"}],"replies":[{"embeddable":true,"href":"https:\/\/felgenforum.shop\/en\/wp-json\/wp\/v2\/comments?post=82250"}],"wp:featuredmedia":[{"embeddable":true,"href":"https:\/\/felgenforum.shop\/en\/wp-json\/wp\/v2\/media\/237075"}],"wp:attachment":[{"href":"https:\/\/felgenforum.shop\/en\/wp-json\/wp\/v2\/media?parent=82250"}],"wp:term":[{"taxonomy":"product_brand","embeddable":true,"href":"https:\/\/felgenforum.shop\/en\/wp-json\/wp\/v2\/product_brand?post=82250"},{"taxonomy":"product_cat","embeddable":true,"href":"https:\/\/felgenforum.shop\/en\/wp-json\/wp\/v2\/product_cat?post=82250"},{"taxonomy":"product_tag","embeddable":true,"href":"https:\/\/felgenforum.shop\/en\/wp-json\/wp\/v2\/product_tag?post=82250"}],"curies":[{"name":"wp","href":"https:\/\/api.w.org\/{rel}","templated":true}]}}