{"id":81974,"date":"2025-09-13T19:06:38","date_gmt":"2025-09-13T17:06:38","guid":{"rendered":"https:\/\/felgenforum.shop\/?post_type=product&#038;p=81974"},"modified":"2026-04-25T15:09:18","modified_gmt":"2026-04-25T13:09:18","slug":"18-zoll-felgen-fuer-fiat-ducato-citroen-jumper-camper-van-peugeot-boxer","status":"publish","type":"product","link":"https:\/\/felgenforum.shop\/en\/product\/18-zoll-felgen-fuer-fiat-ducato-citroen-jumper-camper-van-peugeot-boxer\/","title":{"rendered":"18-inch rims for Fiat Ducato, Citroen Jumper, Camper Van, Peugeot Boxer"},"content":{"rendered":"<h3>Welcome to an offer from Felgenforum.shop<\/h3>\n<p>In this offer we offer you a NEW set of FF-Wheels CV1 rims in matte black including certificate.<\/p>\n<p>NEW &amp; in original packaging.<\/p>\n<h3>Scope of delivery:<\/h3>\n<ul>\n<li>4 x FF-Wheels CV1 8,5&#215;18 ET52 schwarz matt LK5\/118 oder LK5\/130 f\u00fcr Light- und Maxifahrwerk\u00a0<\/li>\n<li>Complete assembly material (if required according to the expert opinion)<\/li>\n<li>4x Hubcaps FF-Wheels<\/li>\n<li>1x parts certificate<\/li>\n<li>If you have any questions about fit or possible entries, our experienced team will be happy to help :).<\/li>\n<li>Also available as a complete wheel with tires upon request!<\/li>\n<li>Please be sure to specify your vehicle after purchase.<\/li>\n<li>\u2757\u2757Your advantages at a glance\u2757\u2757<\/li>\n<li>\u2b50 significantly increased comfort<\/li>\n<li>\u2b50 Vehicle does not &quot;hop&quot; over bumps<\/li>\n<li>\u2b50 Reason: Standard tires have an inflation pressure of approximately 4.5-5 bar, while 18-inch tires only allow a maximum of 3.5 bar.<\/li>\n<li>\u2b50 Safety improvement: Road handling, susceptibility to crosswinds and body roll are significantly reduced by the 255 tires.<\/li>\n<li>\u2b50 Significantly better grip on wet campsites thanks to all-season tires<\/li>\n<li>\u2b50 Better looks than any standard camper van bike<\/li>\n<li>During the registration process, the T\u00dcV inspector may require wheel arch extensions. The wheels are significantly wider than the standard tires. We can offer these for \u20ac79 per axle. These extensions are made of rubber, are adhesive, and can be removed without leaving any residue.<\/li>\n<\/ul>\n<h3>&gt;&gt;&gt;Complete wheels<\/h3>\n<h3>We would be happy to offer you the desired rims as complete wheels with a tire of your choice.<\/h3>\n<p>Feel free to send us a non-binding inquiry :).<\/p>\n<p>The wheels are the right size for the following vehicles:<\/p>\n<h3>Fiat<\/h3>\n<ul>\n<li>Ducato\u00a0<\/li>\n<\/ul>\n<h3>Peugeot<\/h3>\n<ul>\n<li>boxer<\/li>\n<li>Citroen<\/li>\n<li>jumper<\/li>\n<\/ul>","protected":false},"excerpt":{"rendered":"<p>Ein Satz (4 St\u00fcck) hochwertige Marken-Alufelgen, Modell CV1, in der Gr\u00f6\u00dfe 8,5&#215;18 Zoll, Lochkreis 108 mm mit 5 Loch. Professionell gepr\u00fcft und versandfertig verpackt.<\/p>","protected":false},"featured_media":81987,"comment_status":"open","ping_status":"closed","template":"","meta":[],"product_brand":[],"product_cat":[1816,1815],"product_tag":[],"class_list":{"0":"post-81974","1":"product","2":"type-product","3":"status-publish","4":"has-post-thumbnail","6":"product_cat-18zoll-felgen-komplettraeder","7":"product_cat-wohnmobil-kastenwaegen","8":"product_shipping_class-felge","9":"pa_anzahl-der-einheiten-1484","10":"pa_einpresstiefe-et-2631","11":"pa_fahrzeugmarke-fiat","12":"pa_farbe-schwarz-matt","13":"pa_felgenbreite-8-5","14":"pa_felgendesign-5-speichen","15":"pa_felgenfarbe-schwarz","16":"pa_felgenmaterial-aluminium","17":"pa_felgenmodell-cv1","18":"pa_hersteller-ff-wheels","19":"pa_herstellernummer-cv1","20":"pa_herstellungsland-und-regi-italien","21":"pa_im-lieferumfang-enthalten-nabendeckel","22":"pa_lochkreis-2633","23":"pa_lochzahl-1447","24":"pa_maximale-traglast-1200-kg","25":"pa_modell-cv1","26":"pa_zollgroesse-1482","28":"first","29":"instock","30":"sale","31":"taxable","32":"shipping-taxable","33":"purchasable","34":"product-type-simple"},"yoast_head":"<title>18 Zoll Felgen f\u00fcr Fiat Ducato Citroen Jumper Camper Van Peugeot Boxer g\u00fcnstig kaufen - Felgenforum<\/title>\n<meta name=\"description\" content=\"Werten Sie Ihren Camper Van mit 18 Zoll Felgen f\u00fcr Fiat Ducato auf. Mehr Stabilit\u00e4t und edles Design f\u00fcr Ihre Reisen. Jetzt Felgen online kaufen!\" \/>\n<meta name=\"robots\" content=\"index, follow, max-snippet:-1, max-image-preview:large, max-video-preview:-1\" \/>\n<link rel=\"canonical\" href=\"https:\/\/felgenforum.shop\/en\/product\/18-zoll-felgen-fuer-fiat-ducato-citroen-jumper-camper-van-peugeot-boxer\/\" \/>\n<meta property=\"og:locale\" content=\"en_GB\" \/>\n<meta property=\"og:type\" content=\"article\" \/>\n<meta property=\"og:title\" content=\"18 Zoll Felgen f\u00fcr Fiat Ducato Citroen Jumper Camper Van Peugeot Boxer g\u00fcnstig kaufen - Felgenforum\" \/>\n<meta property=\"og:description\" content=\"Werten Sie Ihren Camper Van mit 18 Zoll Felgen f\u00fcr Fiat Ducato auf. Mehr Stabilit\u00e4t und edles Design f\u00fcr Ihre Reisen. Jetzt Felgen online kaufen!\" \/>\n<meta property=\"og:url\" content=\"https:\/\/felgenforum.shop\/en\/product\/18-zoll-felgen-fuer-fiat-ducato-citroen-jumper-camper-van-peugeot-boxer\/\" \/>\n<meta property=\"og:site_name\" content=\"Felgenforum\" \/>\n<meta property=\"article:modified_time\" content=\"2026-04-25T13:09:18+00:00\" \/>\n<meta property=\"og:image\" content=\"https:\/\/felgenforum.shop\/wp-content\/uploads\/2025\/09\/57-154.webp\" \/>\n\t<meta property=\"og:image:width\" content=\"1082\" \/>\n\t<meta property=\"og:image:height\" content=\"1000\" \/>\n\t<meta property=\"og:image:type\" content=\"image\/png\" \/>\n<meta name=\"twitter:card\" content=\"summary_large_image\" \/>\n<meta name=\"twitter:label1\" content=\"Est. reading time\" \/>\n\t<meta name=\"twitter:data1\" content=\"1 minute\" \/>\n<script type=\"application\/ld+json\" class=\"yoast-schema-graph\">{\"@context\":\"https:\\\/\\\/schema.org\",\"@graph\":[{\"@type\":\"WebPage\",\"@id\":\"https:\\\/\\\/felgenforum.shop\\\/produkt\\\/18-zoll-felgen-fuer-fiat-ducato-citroen-jumper-camper-van-peugeot-boxer\\\/\",\"url\":\"https:\\\/\\\/felgenforum.shop\\\/produkt\\\/18-zoll-felgen-fuer-fiat-ducato-citroen-jumper-camper-van-peugeot-boxer\\\/\",\"name\":\"18 Zoll Felgen f\u00fcr Fiat Ducato Citroen Jumper Camper Van Peugeot Boxer g\u00fcnstig kaufen - Felgenforum\",\"isPartOf\":{\"@id\":\"https:\\\/\\\/felgenforum.shop\\\/#website\"},\"primaryImageOfPage\":{\"@id\":\"https:\\\/\\\/felgenforum.shop\\\/produkt\\\/18-zoll-felgen-fuer-fiat-ducato-citroen-jumper-camper-van-peugeot-boxer\\\/#primaryimage\"},\"image\":{\"@id\":\"https:\\\/\\\/felgenforum.shop\\\/produkt\\\/18-zoll-felgen-fuer-fiat-ducato-citroen-jumper-camper-van-peugeot-boxer\\\/#primaryimage\"},\"thumbnailUrl\":\"https:\\\/\\\/felgenforum.shop\\\/wp-content\\\/uploads\\\/2025\\\/09\\\/57-154.webp\",\"datePublished\":\"2025-09-13T17:06:38+00:00\",\"dateModified\":\"2026-04-25T13:09:18+00:00\",\"description\":\"Werten Sie Ihren Camper Van mit 18 Zoll Felgen f\u00fcr Fiat Ducato auf. Mehr Stabilit\u00e4t und edles Design f\u00fcr Ihre Reisen. Jetzt Felgen online kaufen!\",\"breadcrumb\":{\"@id\":\"https:\\\/\\\/felgenforum.shop\\\/produkt\\\/18-zoll-felgen-fuer-fiat-ducato-citroen-jumper-camper-van-peugeot-boxer\\\/#breadcrumb\"},\"inLanguage\":\"en-GB\",\"potentialAction\":[{\"@type\":\"ReadAction\",\"target\":[\"https:\\\/\\\/felgenforum.shop\\\/produkt\\\/18-zoll-felgen-fuer-fiat-ducato-citroen-jumper-camper-van-peugeot-boxer\\\/\"]}]},{\"@type\":\"ImageObject\",\"inLanguage\":\"en-GB\",\"@id\":\"https:\\\/\\\/felgenforum.shop\\\/produkt\\\/18-zoll-felgen-fuer-fiat-ducato-citroen-jumper-camper-van-peugeot-boxer\\\/#primaryimage\",\"url\":\"https:\\\/\\\/felgenforum.shop\\\/wp-content\\\/uploads\\\/2025\\\/09\\\/57-154.webp\",\"contentUrl\":\"https:\\\/\\\/felgenforum.shop\\\/wp-content\\\/uploads\\\/2025\\\/09\\\/57-154.webp\",\"width\":1082,\"height\":1000,\"caption\":\"Hochwertige 18 Zoll Felgen f\u00fcr Fiat Ducato Camper Vans und Transporter\"},{\"@type\":\"BreadcrumbList\",\"@id\":\"https:\\\/\\\/felgenforum.shop\\\/produkt\\\/18-zoll-felgen-fuer-fiat-ducato-citroen-jumper-camper-van-peugeot-boxer\\\/#breadcrumb\",\"itemListElement\":[{\"@type\":\"ListItem\",\"position\":1,\"name\":\"Startseite\",\"item\":\"https:\\\/\\\/felgenforum.shop\\\/\"},{\"@type\":\"ListItem\",\"position\":2,\"name\":\"Shop\",\"item\":\"https:\\\/\\\/felgenforum.shop\\\/shop\\\/\"},{\"@type\":\"ListItem\",\"position\":3,\"name\":\"18 Zoll Felgen f\u00fcr Fiat Ducato Citroen Jumper Camper Van Peugeot Boxer\"}]},{\"@type\":\"WebSite\",\"@id\":\"https:\\\/\\\/felgenforum.shop\\\/#website\",\"url\":\"https:\\\/\\\/felgenforum.shop\\\/\",\"name\":\"Felgenforum\",\"description\":\"\",\"potentialAction\":[{\"@type\":\"SearchAction\",\"target\":{\"@type\":\"EntryPoint\",\"urlTemplate\":\"https:\\\/\\\/felgenforum.shop\\\/?s={search_term_string}\"},\"query-input\":{\"@type\":\"PropertyValueSpecification\",\"valueRequired\":true,\"valueName\":\"search_term_string\"}}],\"inLanguage\":\"en-GB\"}]}<\/script>","yoast_head_json":{"title":"18 Zoll Felgen f\u00fcr Fiat Ducato Citroen Jumper Camper Van Peugeot Boxer g\u00fcnstig kaufen - Felgenforum","description":"Werten Sie Ihren Camper Van mit 18 Zoll Felgen f\u00fcr Fiat Ducato auf. Mehr Stabilit\u00e4t und edles Design f\u00fcr Ihre Reisen. Jetzt Felgen online kaufen!","robots":{"index":"index","follow":"follow","max-snippet":"max-snippet:-1","max-image-preview":"max-image-preview:large","max-video-preview":"max-video-preview:-1"},"canonical":"https:\/\/felgenforum.shop\/en\/product\/18-zoll-felgen-fuer-fiat-ducato-citroen-jumper-camper-van-peugeot-boxer\/","og_locale":"en_GB","og_type":"article","og_title":"18 Zoll Felgen f\u00fcr Fiat Ducato Citroen Jumper Camper Van Peugeot Boxer g\u00fcnstig kaufen - Felgenforum","og_description":"Werten Sie Ihren Camper Van mit 18 Zoll Felgen f\u00fcr Fiat Ducato auf. Mehr Stabilit\u00e4t und edles Design f\u00fcr Ihre Reisen. Jetzt Felgen online kaufen!","og_url":"https:\/\/felgenforum.shop\/en\/product\/18-zoll-felgen-fuer-fiat-ducato-citroen-jumper-camper-van-peugeot-boxer\/","og_site_name":"Felgenforum","article_modified_time":"2026-04-25T13:09:18+00:00","og_image":[{"width":1082,"height":1000,"url":"https:\/\/felgenforum.shop\/wp-content\/uploads\/2025\/09\/57-154.webp","type":"image\/png"}],"twitter_card":"summary_large_image","twitter_misc":{"Est. reading time":"1 minute"},"schema":{"@context":"https:\/\/schema.org","@graph":[{"@type":"WebPage","@id":"https:\/\/felgenforum.shop\/produkt\/18-zoll-felgen-fuer-fiat-ducato-citroen-jumper-camper-van-peugeot-boxer\/","url":"https:\/\/felgenforum.shop\/produkt\/18-zoll-felgen-fuer-fiat-ducato-citroen-jumper-camper-van-peugeot-boxer\/","name":"18 Zoll Felgen f\u00fcr Fiat Ducato Citroen Jumper Camper Van Peugeot Boxer g\u00fcnstig kaufen - Felgenforum","isPartOf":{"@id":"https:\/\/felgenforum.shop\/#website"},"primaryImageOfPage":{"@id":"https:\/\/felgenforum.shop\/produkt\/18-zoll-felgen-fuer-fiat-ducato-citroen-jumper-camper-van-peugeot-boxer\/#primaryimage"},"image":{"@id":"https:\/\/felgenforum.shop\/produkt\/18-zoll-felgen-fuer-fiat-ducato-citroen-jumper-camper-van-peugeot-boxer\/#primaryimage"},"thumbnailUrl":"https:\/\/felgenforum.shop\/wp-content\/uploads\/2025\/09\/57-154.webp","datePublished":"2025-09-13T17:06:38+00:00","dateModified":"2026-04-25T13:09:18+00:00","description":"Werten Sie Ihren Camper Van mit 18 Zoll Felgen f\u00fcr Fiat Ducato auf. Mehr Stabilit\u00e4t und edles Design f\u00fcr Ihre Reisen. Jetzt Felgen online kaufen!","breadcrumb":{"@id":"https:\/\/felgenforum.shop\/produkt\/18-zoll-felgen-fuer-fiat-ducato-citroen-jumper-camper-van-peugeot-boxer\/#breadcrumb"},"inLanguage":"en-GB","potentialAction":[{"@type":"ReadAction","target":["https:\/\/felgenforum.shop\/produkt\/18-zoll-felgen-fuer-fiat-ducato-citroen-jumper-camper-van-peugeot-boxer\/"]}]},{"@type":"ImageObject","inLanguage":"en-GB","@id":"https:\/\/felgenforum.shop\/produkt\/18-zoll-felgen-fuer-fiat-ducato-citroen-jumper-camper-van-peugeot-boxer\/#primaryimage","url":"https:\/\/felgenforum.shop\/wp-content\/uploads\/2025\/09\/57-154.webp","contentUrl":"https:\/\/felgenforum.shop\/wp-content\/uploads\/2025\/09\/57-154.webp","width":1082,"height":1000,"caption":"Hochwertige 18 Zoll Felgen f\u00fcr Fiat Ducato Camper Vans und Transporter"},{"@type":"BreadcrumbList","@id":"https:\/\/felgenforum.shop\/produkt\/18-zoll-felgen-fuer-fiat-ducato-citroen-jumper-camper-van-peugeot-boxer\/#breadcrumb","itemListElement":[{"@type":"ListItem","position":1,"name":"Startseite","item":"https:\/\/felgenforum.shop\/"},{"@type":"ListItem","position":2,"name":"Shop","item":"https:\/\/felgenforum.shop\/shop\/"},{"@type":"ListItem","position":3,"name":"18 Zoll Felgen f\u00fcr Fiat Ducato Citroen Jumper Camper Van Peugeot Boxer"}]},{"@type":"WebSite","@id":"https:\/\/felgenforum.shop\/#website","url":"https:\/\/felgenforum.shop\/","name":"Rim forum","description":"","potentialAction":[{"@type":"SearchAction","target":{"@type":"EntryPoint","urlTemplate":"https:\/\/felgenforum.shop\/?s={search_term_string}"},"query-input":{"@type":"PropertyValueSpecification","valueRequired":true,"valueName":"search_term_string"}}],"inLanguage":"en-GB"}]}},"_links":{"self":[{"href":"https:\/\/felgenforum.shop\/en\/wp-json\/wp\/v2\/product\/81974","targetHints":{"allow":["GET"]}}],"collection":[{"href":"https:\/\/felgenforum.shop\/en\/wp-json\/wp\/v2\/product"}],"about":[{"href":"https:\/\/felgenforum.shop\/en\/wp-json\/wp\/v2\/types\/product"}],"replies":[{"embeddable":true,"href":"https:\/\/felgenforum.shop\/en\/wp-json\/wp\/v2\/comments?post=81974"}],"wp:featuredmedia":[{"embeddable":true,"href":"https:\/\/felgenforum.shop\/en\/wp-json\/wp\/v2\/media\/81987"}],"wp:attachment":[{"href":"https:\/\/felgenforum.shop\/en\/wp-json\/wp\/v2\/media?parent=81974"}],"wp:term":[{"taxonomy":"product_brand","embeddable":true,"href":"https:\/\/felgenforum.shop\/en\/wp-json\/wp\/v2\/product_brand?post=81974"},{"taxonomy":"product_cat","embeddable":true,"href":"https:\/\/felgenforum.shop\/en\/wp-json\/wp\/v2\/product_cat?post=81974"},{"taxonomy":"product_tag","embeddable":true,"href":"https:\/\/felgenforum.shop\/en\/wp-json\/wp\/v2\/product_tag?post=81974"}],"curies":[{"name":"wp","href":"https:\/\/api.w.org\/{rel}","templated":true}]}}