{"id":81877,"date":"2025-09-13T18:47:49","date_gmt":"2025-09-13T16:47:49","guid":{"rendered":"https:\/\/felgenforum.shop\/?post_type=product&#038;p=81877"},"modified":"2026-04-25T15:09:15","modified_gmt":"2026-04-25T13:09:15","slug":"4x-20-zoll-sommerraeder-komplettraeder-ff01-schwarz-hankook-fuer-audi-a5-s5-b8-b9-s","status":"publish","type":"product","link":"https:\/\/felgenforum.shop\/en\/product\/4x-20-zoll-sommerraeder-komplettraeder-ff01-schwarz-hankook-fuer-audi-a5-s5-b8-b9-s\/","title":{"rendered":"4x 20 inch summer wheels complete wheels FF01 black Hankook for Audi A5 S5 B8 B9 S"},"content":{"rendered":"<h3>Welcome to an offer from Felgenforum.shop<\/h3>\n<p>In diesem Angebote bieten wir Ihnen hier\u00a0einen NEUEN Satz\u00a0FF-Wheels FF01\u00a0Sommerr\u00e4der\u00a0in\u00a0schwarz glanz\u00a0inkl ABE an.<\/p>\n<p>NEW &amp; in original packaging.<\/p>\n<h3>Scope of delivery:<\/h3>\n<ul>\n<li>4 x\u00a0FF-Wheels FF01\u00a08,5&#215;20 ET30 5&#215;112 schwarz\u00a0glanz<\/li>\n<li>4x Sommerreifen Hankook Ventus S1 Evo3 255\/30 R20<\/li>\n<li>Complete mounting hardware (if required according to the ABE)<\/li>\n<li>4x Hubcaps FF-Wheels<\/li>\n<li>1x Expert report (ABE)<\/li>\n<li>In most cases, the rims are therefore registration-free. If you have any questions about fitment or any registration requirements, our experienced team will be happy to help :).<\/li>\n<li>Please be sure to specify your vehicle after purchase.<\/li>\n<li>We offer this model in many other sizes and colors; please contact us if you have any other requests.<\/li>\n<\/ul>\n<h3>&gt;&gt;&gt;Complete wheels<\/h3>\n<h3>We are happy to offer you the desired rims as ready-to-install complete wheels with a tire of your choice.<\/h3>\n<p>Feel free to send us a non-binding inquiry :).<\/p>\n<p>The rims are the correct size for the following vehicles:<\/p>\n<h3>Audi<\/h3>\n<ul>\n<li>A4 S4 B8 B9 B81<\/li>\n<li>A5 B8 B9 S5<\/li>\n<li>A6 S6 4G 4G1 C7 F2 C8<\/li>\n<li>A7 4G 4G1 F2 S7<\/li>\n<li>A8 4H F8 S8<\/li>\n<li>Q3 F3<\/li>\n<li>Q5 8R FY SQ5<\/li>\n<\/ul>\n<h3>Volkswagen<\/h3>\n<ul>\n<li>Arteon 3H<\/li>\n<li>Passat CC<\/li>\n<li>Sirocco\u00a0<\/li>\n<li>Phaeton 3D<\/li>\n<li>Tiguan 5N1 5N2<\/li>\n<\/ul>\n<h3>Mercedes Benz<\/h3>\n<ul>\n<li>C-Class W203\u00a0<\/li>\n<li>CLK W208 W209<\/li>\n<li>E-Class W211 W213 W212 W217<\/li>\n<li>CL Class C216<\/li>\n<li>CLS Class W218 W219<\/li>\n<li>CLK Class W208 W209<\/li>\n<li>GLC W253 X253<\/li>\n<li>S-Class W220 W221 W222<\/li>\n<li>SL R230 R231<\/li>\n<li>SLK SLC R172 R171<\/li>\n<li>Seat<\/li>\n<li>Alahambra<\/li>\n<li>Ateca \/ Cupra<\/li>\n<li>Formentor \/ Cupra<\/li>\n<li>Tarraco<\/li>\n<\/ul>\n<h3>Skoda<\/h3>\n<ul>\n<li>Kodiaq<\/li>\n<li>Superb 3 4 3T<\/li>\n<\/ul>\n<h3>BMW<\/h3>\n<ul>\n<li>3 Series G20 G21 G3C G3K<\/li>\n<li>\u00a0 \u00a0 \u00a0 \u00a0 \u00a0 \u00a0 \u00a0 \u00a0 \u00a0 \u00a0 \u00a0 \u00a0 \u00a0 \u00a0 \u00a0 \u00a0 \u00a0 \u00a0 \u00a0 \u00a0 \u00a0 \u00a0 \u00a0 \u00a0 \u00a0 \u00a0 \u00a0 \u00a0 \u00a0 \u00a0 \u00a0 \u00a0 \u00a0 \u00a0 \u00a0 \u00a0 \u00a0 \u00a0 \u00a0 \u00a0 \u00a0 \u00a0 \u00a0 \u00a0 \u00a0 \u00a0 \u00a04er G22 G23 G26<\/li>\n<li>5 Series G30 G31<\/li>\n<li>6er G6GT G32<\/li>\n<li>\u00a0 \u00a0 \u00a0 \u00a0 \u00a0 \u00a0 \u00a0 \u00a0 \u00a0 \u00a0 \u00a0 \u00a0 \u00a0 \u00a0 \u00a0 \u00a0 \u00a0 \u00a0 \u00a0 \u00a0 \u00a0 \u00a0 \u00a0 \u00a0 \u00a0 \u00a0 \u00a0 \u00a0 \u00a0 \u00a0 \u00a0 \u00a0 \u00a0 \u00a0 \u00a0 \u00a0 \u00a0 \u00a0 \u00a0 \u00a0 \u00a0 \u00a0 \u00a0 \u00a0 \u00a0 \u00a0 \u00a0 \u00a0 \u00a0 \u00a0 7-series 7L<\/li>\n<li>\u00a0 \u00a0 \u00a0 \u00a0 \u00a0 \u00a0 \u00a0 \u00a0 \u00a0 \u00a0 \u00a0 \u00a0 \u00a0 \u00a0 \u00a0 \u00a0 \u00a0 \u00a0 \u00a0 \u00a0 \u00a0 \u00a0 \u00a0 \u00a0 \u00a0 \u00a0 \u00a0 \u00a0 \u00a0 \u00a0 \u00a0 \u00a0 \u00a0 \u00a0 \u00a0 \u00a0 \u00a0 \u00a0 \u00a0 \u00a0 \u00a0 \u00a0 \u00a0 \u00a0 \u00a0 \u00a0 \u00a0 \u00a0 \u00a0 \u00a0 Z4 G4Z<\/li>\n<li>X3 G01<\/li>\n<li>X4 G02<\/li>\n<\/ul>","protected":false},"excerpt":{"rendered":"<p>A set (4 pieces) of ready-to-use FF-Wheels complete wheels, professionally mounted and balanced.<\/p>\n<p><strong>Rim details:<\/strong> 8,5&#215;20 Zoll, Lochkreis 112.<br \/><strong>Tire details:<\/strong> Hankook, tread depth: approx. new mm.<\/p>","protected":false},"featured_media":236688,"comment_status":"open","ping_status":"closed","template":"","meta":[],"product_brand":[],"product_cat":[1634,1366,1246,1086,1092,1236],"product_tag":[],"class_list":{"0":"post-81877","1":"product","2":"type-product","3":"status-publish","4":"has-post-thumbnail","6":"product_cat-20-zoll-audi","7":"product_cat-20-zoll-ff01-felgen","8":"product_cat-audi","9":"product_cat-felgen","10":"product_cat-ff-wheels","11":"product_cat-ff01","12":"product_shipping_class-komplettrad","13":"pa_anzahl-der-komplettraeder-1433","14":"pa_einpresstiefe-et-1450","15":"pa_eisgriffigkeit-nein","16":"pa_fahrzeugmarke-audi","17":"pa_felgenaufbau-einteilig-gegossen","18":"pa_felgenbreite-8-5","19":"pa_felgendesign-multi-speichen-felge","20":"pa_felgenfarbe-schwarz","21":"pa_felgenhersteller-ff-wheels-2","22":"pa_felgenmaterial-aluminium","23":"pa_felgenmodell-ff01","24":"pa_herstellergarantie-2-jahre","25":"pa_herstellernummer-felge-1835","26":"pa_herstellernummer-reifen-1834","27":"pa_herstellungsland-und-regi-deutschland","28":"pa_lochkreis-1439","29":"pa_lochzahl-1447","30":"pa_mittenlochbohrung-1836","31":"pa_profiltiefe-neu","32":"pa_reifenbauart-r-radialreifen","33":"pa_reifenbreite-1453","34":"pa_reifendurchmesser-1594","35":"pa_reifenhersteller-hankook","36":"pa_reifenquerschnitt-1713","37":"pa_reifenspezifikation-sommerreifen","38":"pa_run-flat-nein","39":"pa_schneeflocken-symbol-nein","40":"pa_zollgroesse-1499","42":"first","43":"instock","44":"sale","45":"taxable","46":"shipping-taxable","47":"purchasable","48":"product-type-simple"},"yoast_head":"<title>4x 20 Zoll Sommerr\u00e4der Komplettr\u00e4der FF01 Schwarz Hankook f\u00fcr Audi A5 S5 B8 B9 S g\u00fcnstig kaufen - Felgenforum<\/title>\n<meta name=\"description\" content=\"Werten Sie Ihren Audi A5 oder S5 mit den 20 Zoll Sommerr\u00e4dern FF01 in Schwarz und Hankook-Reifen auf. Mehr Fahrspa\u00df und edle Optik. Jetzt online kaufen!\" \/>\n<meta name=\"robots\" content=\"index, follow, max-snippet:-1, max-image-preview:large, max-video-preview:-1\" \/>\n<link rel=\"canonical\" href=\"https:\/\/felgenforum.shop\/en\/product\/4x-20-zoll-sommerraeder-komplettraeder-ff01-schwarz-hankook-fuer-audi-a5-s5-b8-b9-s\/\" \/>\n<meta property=\"og:locale\" content=\"en_GB\" \/>\n<meta property=\"og:type\" content=\"article\" \/>\n<meta property=\"og:title\" content=\"4x 20 Zoll Sommerr\u00e4der Komplettr\u00e4der FF01 Schwarz Hankook f\u00fcr Audi A5 S5 B8 B9 S g\u00fcnstig kaufen - Felgenforum\" \/>\n<meta property=\"og:description\" content=\"Werten Sie Ihren Audi A5 oder S5 mit den 20 Zoll Sommerr\u00e4dern FF01 in Schwarz und Hankook-Reifen auf. Mehr Fahrspa\u00df und edle Optik. Jetzt online kaufen!\" \/>\n<meta property=\"og:url\" content=\"https:\/\/felgenforum.shop\/en\/product\/4x-20-zoll-sommerraeder-komplettraeder-ff01-schwarz-hankook-fuer-audi-a5-s5-b8-b9-s\/\" \/>\n<meta property=\"og:site_name\" content=\"Felgenforum\" \/>\n<meta property=\"article:modified_time\" content=\"2026-04-25T13:09:15+00:00\" \/>\n<meta property=\"og:image\" content=\"https:\/\/felgenforum.shop\/wp-content\/uploads\/2025\/09\/57-1751.webp\" \/>\n\t<meta property=\"og:image:width\" content=\"1055\" \/>\n\t<meta property=\"og:image:height\" content=\"1000\" \/>\n\t<meta property=\"og:image:type\" content=\"image\/webp\" \/>\n<meta name=\"twitter:card\" content=\"summary_large_image\" \/>\n<meta name=\"twitter:label1\" content=\"Est. reading time\" \/>\n\t<meta name=\"twitter:data1\" content=\"1 minute\" \/>\n<script type=\"application\/ld+json\" class=\"yoast-schema-graph\">{\"@context\":\"https:\\\/\\\/schema.org\",\"@graph\":[{\"@type\":\"WebPage\",\"@id\":\"https:\\\/\\\/felgenforum.shop\\\/produkt\\\/4x-20-zoll-sommerraeder-komplettraeder-ff01-schwarz-hankook-fuer-audi-a5-s5-b8-b9-s\\\/\",\"url\":\"https:\\\/\\\/felgenforum.shop\\\/produkt\\\/4x-20-zoll-sommerraeder-komplettraeder-ff01-schwarz-hankook-fuer-audi-a5-s5-b8-b9-s\\\/\",\"name\":\"4x 20 Zoll Sommerr\u00e4der Komplettr\u00e4der FF01 Schwarz Hankook f\u00fcr Audi A5 S5 B8 B9 S g\u00fcnstig kaufen - Felgenforum\",\"isPartOf\":{\"@id\":\"https:\\\/\\\/felgenforum.shop\\\/#website\"},\"primaryImageOfPage\":{\"@id\":\"https:\\\/\\\/felgenforum.shop\\\/produkt\\\/4x-20-zoll-sommerraeder-komplettraeder-ff01-schwarz-hankook-fuer-audi-a5-s5-b8-b9-s\\\/#primaryimage\"},\"image\":{\"@id\":\"https:\\\/\\\/felgenforum.shop\\\/produkt\\\/4x-20-zoll-sommerraeder-komplettraeder-ff01-schwarz-hankook-fuer-audi-a5-s5-b8-b9-s\\\/#primaryimage\"},\"thumbnailUrl\":\"https:\\\/\\\/felgenforum.shop\\\/wp-content\\\/uploads\\\/2026\\\/03\\\/ebay-product-81877-69c3a5764fb55.webp\",\"datePublished\":\"2025-09-13T16:47:49+00:00\",\"dateModified\":\"2026-04-25T13:09:15+00:00\",\"description\":\"Werten Sie Ihren Audi A5 oder S5 mit den 20 Zoll Sommerr\u00e4dern FF01 in Schwarz und Hankook-Reifen auf. Mehr Fahrspa\u00df und edle Optik. Jetzt online kaufen!\",\"breadcrumb\":{\"@id\":\"https:\\\/\\\/felgenforum.shop\\\/produkt\\\/4x-20-zoll-sommerraeder-komplettraeder-ff01-schwarz-hankook-fuer-audi-a5-s5-b8-b9-s\\\/#breadcrumb\"},\"inLanguage\":\"en-GB\",\"potentialAction\":[{\"@type\":\"ReadAction\",\"target\":[\"https:\\\/\\\/felgenforum.shop\\\/produkt\\\/4x-20-zoll-sommerraeder-komplettraeder-ff01-schwarz-hankook-fuer-audi-a5-s5-b8-b9-s\\\/\"]}]},{\"@type\":\"ImageObject\",\"inLanguage\":\"en-GB\",\"@id\":\"https:\\\/\\\/felgenforum.shop\\\/produkt\\\/4x-20-zoll-sommerraeder-komplettraeder-ff01-schwarz-hankook-fuer-audi-a5-s5-b8-b9-s\\\/#primaryimage\",\"url\":\"https:\\\/\\\/felgenforum.shop\\\/wp-content\\\/uploads\\\/2026\\\/03\\\/ebay-product-81877-69c3a5764fb55.webp\",\"contentUrl\":\"https:\\\/\\\/felgenforum.shop\\\/wp-content\\\/uploads\\\/2026\\\/03\\\/ebay-product-81877-69c3a5764fb55.webp\",\"width\":1000,\"height\":1000},{\"@type\":\"BreadcrumbList\",\"@id\":\"https:\\\/\\\/felgenforum.shop\\\/produkt\\\/4x-20-zoll-sommerraeder-komplettraeder-ff01-schwarz-hankook-fuer-audi-a5-s5-b8-b9-s\\\/#breadcrumb\",\"itemListElement\":[{\"@type\":\"ListItem\",\"position\":1,\"name\":\"Startseite\",\"item\":\"https:\\\/\\\/felgenforum.shop\\\/\"},{\"@type\":\"ListItem\",\"position\":2,\"name\":\"Shop\",\"item\":\"https:\\\/\\\/felgenforum.shop\\\/shop\\\/\"},{\"@type\":\"ListItem\",\"position\":3,\"name\":\"4x 20 Zoll Sommerr\u00e4der Komplettr\u00e4der FF01 Schwarz Hankook f\u00fcr Audi A5 S5 B8 B9 S\"}]},{\"@type\":\"WebSite\",\"@id\":\"https:\\\/\\\/felgenforum.shop\\\/#website\",\"url\":\"https:\\\/\\\/felgenforum.shop\\\/\",\"name\":\"Felgenforum\",\"description\":\"\",\"potentialAction\":[{\"@type\":\"SearchAction\",\"target\":{\"@type\":\"EntryPoint\",\"urlTemplate\":\"https:\\\/\\\/felgenforum.shop\\\/?s={search_term_string}\"},\"query-input\":{\"@type\":\"PropertyValueSpecification\",\"valueRequired\":true,\"valueName\":\"search_term_string\"}}],\"inLanguage\":\"en-GB\"}]}<\/script>","yoast_head_json":{"title":"4x 20 Zoll Sommerr\u00e4der Komplettr\u00e4der FF01 Schwarz Hankook f\u00fcr Audi A5 S5 B8 B9 S g\u00fcnstig kaufen - Felgenforum","description":"Werten Sie Ihren Audi A5 oder S5 mit den 20 Zoll Sommerr\u00e4dern FF01 in Schwarz und Hankook-Reifen auf. Mehr Fahrspa\u00df und edle Optik. Jetzt online kaufen!","robots":{"index":"index","follow":"follow","max-snippet":"max-snippet:-1","max-image-preview":"max-image-preview:large","max-video-preview":"max-video-preview:-1"},"canonical":"https:\/\/felgenforum.shop\/en\/product\/4x-20-zoll-sommerraeder-komplettraeder-ff01-schwarz-hankook-fuer-audi-a5-s5-b8-b9-s\/","og_locale":"en_GB","og_type":"article","og_title":"4x 20 Zoll Sommerr\u00e4der Komplettr\u00e4der FF01 Schwarz Hankook f\u00fcr Audi A5 S5 B8 B9 S g\u00fcnstig kaufen - Felgenforum","og_description":"Werten Sie Ihren Audi A5 oder S5 mit den 20 Zoll Sommerr\u00e4dern FF01 in Schwarz und Hankook-Reifen auf. Mehr Fahrspa\u00df und edle Optik. Jetzt online kaufen!","og_url":"https:\/\/felgenforum.shop\/en\/product\/4x-20-zoll-sommerraeder-komplettraeder-ff01-schwarz-hankook-fuer-audi-a5-s5-b8-b9-s\/","og_site_name":"Felgenforum","article_modified_time":"2026-04-25T13:09:15+00:00","og_image":[{"width":1055,"height":1000,"url":"https:\/\/felgenforum.shop\/wp-content\/uploads\/2025\/09\/57-1751.webp","type":"image\/webp"}],"twitter_card":"summary_large_image","twitter_misc":{"Est. reading time":"1 minute"},"schema":{"@context":"https:\/\/schema.org","@graph":[{"@type":"WebPage","@id":"https:\/\/felgenforum.shop\/produkt\/4x-20-zoll-sommerraeder-komplettraeder-ff01-schwarz-hankook-fuer-audi-a5-s5-b8-b9-s\/","url":"https:\/\/felgenforum.shop\/produkt\/4x-20-zoll-sommerraeder-komplettraeder-ff01-schwarz-hankook-fuer-audi-a5-s5-b8-b9-s\/","name":"4x 20 Zoll Sommerr\u00e4der Komplettr\u00e4der FF01 Schwarz Hankook f\u00fcr Audi A5 S5 B8 B9 S g\u00fcnstig kaufen - Felgenforum","isPartOf":{"@id":"https:\/\/felgenforum.shop\/#website"},"primaryImageOfPage":{"@id":"https:\/\/felgenforum.shop\/produkt\/4x-20-zoll-sommerraeder-komplettraeder-ff01-schwarz-hankook-fuer-audi-a5-s5-b8-b9-s\/#primaryimage"},"image":{"@id":"https:\/\/felgenforum.shop\/produkt\/4x-20-zoll-sommerraeder-komplettraeder-ff01-schwarz-hankook-fuer-audi-a5-s5-b8-b9-s\/#primaryimage"},"thumbnailUrl":"https:\/\/felgenforum.shop\/wp-content\/uploads\/2026\/03\/ebay-product-81877-69c3a5764fb55.webp","datePublished":"2025-09-13T16:47:49+00:00","dateModified":"2026-04-25T13:09:15+00:00","description":"Werten Sie Ihren Audi A5 oder S5 mit den 20 Zoll Sommerr\u00e4dern FF01 in Schwarz und Hankook-Reifen auf. Mehr Fahrspa\u00df und edle Optik. Jetzt online kaufen!","breadcrumb":{"@id":"https:\/\/felgenforum.shop\/produkt\/4x-20-zoll-sommerraeder-komplettraeder-ff01-schwarz-hankook-fuer-audi-a5-s5-b8-b9-s\/#breadcrumb"},"inLanguage":"en-GB","potentialAction":[{"@type":"ReadAction","target":["https:\/\/felgenforum.shop\/produkt\/4x-20-zoll-sommerraeder-komplettraeder-ff01-schwarz-hankook-fuer-audi-a5-s5-b8-b9-s\/"]}]},{"@type":"ImageObject","inLanguage":"en-GB","@id":"https:\/\/felgenforum.shop\/produkt\/4x-20-zoll-sommerraeder-komplettraeder-ff01-schwarz-hankook-fuer-audi-a5-s5-b8-b9-s\/#primaryimage","url":"https:\/\/felgenforum.shop\/wp-content\/uploads\/2026\/03\/ebay-product-81877-69c3a5764fb55.webp","contentUrl":"https:\/\/felgenforum.shop\/wp-content\/uploads\/2026\/03\/ebay-product-81877-69c3a5764fb55.webp","width":1000,"height":1000},{"@type":"BreadcrumbList","@id":"https:\/\/felgenforum.shop\/produkt\/4x-20-zoll-sommerraeder-komplettraeder-ff01-schwarz-hankook-fuer-audi-a5-s5-b8-b9-s\/#breadcrumb","itemListElement":[{"@type":"ListItem","position":1,"name":"Startseite","item":"https:\/\/felgenforum.shop\/"},{"@type":"ListItem","position":2,"name":"Shop","item":"https:\/\/felgenforum.shop\/shop\/"},{"@type":"ListItem","position":3,"name":"4x 20 Zoll Sommerr\u00e4der Komplettr\u00e4der FF01 Schwarz Hankook f\u00fcr Audi A5 S5 B8 B9 S"}]},{"@type":"WebSite","@id":"https:\/\/felgenforum.shop\/#website","url":"https:\/\/felgenforum.shop\/","name":"Rim forum","description":"","potentialAction":[{"@type":"SearchAction","target":{"@type":"EntryPoint","urlTemplate":"https:\/\/felgenforum.shop\/?s={search_term_string}"},"query-input":{"@type":"PropertyValueSpecification","valueRequired":true,"valueName":"search_term_string"}}],"inLanguage":"en-GB"}]}},"_links":{"self":[{"href":"https:\/\/felgenforum.shop\/en\/wp-json\/wp\/v2\/product\/81877","targetHints":{"allow":["GET"]}}],"collection":[{"href":"https:\/\/felgenforum.shop\/en\/wp-json\/wp\/v2\/product"}],"about":[{"href":"https:\/\/felgenforum.shop\/en\/wp-json\/wp\/v2\/types\/product"}],"replies":[{"embeddable":true,"href":"https:\/\/felgenforum.shop\/en\/wp-json\/wp\/v2\/comments?post=81877"}],"wp:featuredmedia":[{"embeddable":true,"href":"https:\/\/felgenforum.shop\/en\/wp-json\/wp\/v2\/media\/236688"}],"wp:attachment":[{"href":"https:\/\/felgenforum.shop\/en\/wp-json\/wp\/v2\/media?parent=81877"}],"wp:term":[{"taxonomy":"product_brand","embeddable":true,"href":"https:\/\/felgenforum.shop\/en\/wp-json\/wp\/v2\/product_brand?post=81877"},{"taxonomy":"product_cat","embeddable":true,"href":"https:\/\/felgenforum.shop\/en\/wp-json\/wp\/v2\/product_cat?post=81877"},{"taxonomy":"product_tag","embeddable":true,"href":"https:\/\/felgenforum.shop\/en\/wp-json\/wp\/v2\/product_tag?post=81877"}],"curies":[{"name":"wp","href":"https:\/\/api.w.org\/{rel}","templated":true}]}}