{"id":80793,"date":"2025-09-13T14:16:47","date_gmt":"2025-09-13T12:16:47","guid":{"rendered":"https:\/\/felgenforum.shop\/?post_type=product&#038;p=80793"},"modified":"2026-04-25T15:09:01","modified_gmt":"2026-04-25T13:09:01","slug":"20-zoll-felgen-ff02-schwarz-glanz-fuer-audi-a4-s4-b9-a5-b8-b9-a6-4g-4g1-c7-f2","status":"publish","type":"product","link":"https:\/\/felgenforum.shop\/en\/product\/20-zoll-felgen-ff02-schwarz-glanz-fuer-audi-a4-s4-b9-a5-b8-b9-a6-4g-4g1-c7-f2\/","title":{"rendered":"20-inch FF02 gloss black alloy wheels for Audi A4 S4 B9 A5 B8 B9 A6 4G 4G1 C7 F2"},"content":{"rendered":"<h3>Welcome to an offer from Felgenforum.shop<\/h3>\n<p>In this offer we offer you a NEW set of FF-Wheels FF02 alloy wheels in glossy black including ABE.<\/p>\n<p>NEW &amp; in original packaging.<\/p>\n<h3>Scope of delivery:<\/h3>\n<ul>\n<li>4 x\u00a0FF-Wheels FF02\u00a08,5&#215;20 ET30 5&#215;112 schwarz\u00a0glanz<\/li>\n<li>Complete mounting hardware (if required according to the ABE)<\/li>\n<li>4x Hubcaps FF-Wheels<\/li>\n<li>1x Expert report (ABE)<\/li>\n<li>In most cases, the rims are therefore registration-free. If you have any questions about fitment or any registration requirements, our experienced team will be happy to help :).<\/li>\n<li>Please be sure to specify your vehicle after purchase.<\/li>\n<li>We offer this model in many other sizes and colors; please contact us if you have any other requests.<\/li>\n<\/ul>\n<h3>&gt;&gt;&gt;Complete wheels<\/h3>\n<h3>We are happy to offer you the desired rims as ready-to-install complete wheels with a tire of your choice.<\/h3>\n<p>Feel free to send us a non-binding inquiry :).<\/p>\n<p>The rims are the correct size for the following vehicles:<\/p>\n<h3>Audi<\/h3>\n<ul>\n<li>A4 S4 B8 B9 B81<\/li>\n<li>A5 B8 B9 S5<\/li>\n<li>A6 S6 4G 4G1 C7 F2 C8<\/li>\n<li>A7 4G 4G1 F2 S7<\/li>\n<li>A8 4H F8 S8<\/li>\n<li>Q3 F3<\/li>\n<li>Q5 8R FY SQ5<\/li>\n<\/ul>\n<h3>Volkswagen<\/h3>\n<ul>\n<li>Arteon 3H<\/li>\n<li>Passat CC<\/li>\n<li>Sirocco\u00a0<\/li>\n<li>Phaeton 3D<\/li>\n<li>Tiguan 5N1 5N2<\/li>\n<\/ul>\n<h3>Mercedes Benz<\/h3>\n<ul>\n<li>C-Class W203\u00a0<\/li>\n<li>CLK W208 W209<\/li>\n<li>E-Class W211 W213 W212 W217<\/li>\n<li>CL Class C216<\/li>\n<li>CLS Class W218 W219<\/li>\n<li>CLK Class W208 W209<\/li>\n<li>GLC W253 X253<\/li>\n<li>S-Class W220 W221 W222<\/li>\n<li>SL R230 R231<\/li>\n<li>SLK SLC R172 R171<\/li>\n<li>Seat<\/li>\n<li>Alahambra<\/li>\n<li>Ateca \/ Cupra<\/li>\n<li>Formentor \/ Cupra<\/li>\n<li>Tarraco<\/li>\n<\/ul>\n<h3>Skoda<\/h3>\n<ul>\n<li>Kodiaq<\/li>\n<li>Superb 3 4 3T<\/li>\n<\/ul>\n<h3>BMW<\/h3>\n<ul>\n<li>3 Series G20 G21 G3C G3K<\/li>\n<li>\u00a0 \u00a0 \u00a0 \u00a0 \u00a0 \u00a0 \u00a0 \u00a0 \u00a0 \u00a0 \u00a0 \u00a0 \u00a0 \u00a0 \u00a0 \u00a0 \u00a0 \u00a0 \u00a0 \u00a0 \u00a0 \u00a0 \u00a0 \u00a0 \u00a0 \u00a0 \u00a0 \u00a0 \u00a0 \u00a0 \u00a0 \u00a0 \u00a0 \u00a0 \u00a0 \u00a0 \u00a0 \u00a0 \u00a0 \u00a0 \u00a0 \u00a0 \u00a0 \u00a0 \u00a0 \u00a0 \u00a04er G22 G23 G26<\/li>\n<li>5 Series G30 G31<\/li>\n<li>6er G6GT G32<\/li>\n<li>\u00a0 \u00a0 \u00a0 \u00a0 \u00a0 \u00a0 \u00a0 \u00a0 \u00a0 \u00a0 \u00a0 \u00a0 \u00a0 \u00a0 \u00a0 \u00a0 \u00a0 \u00a0 \u00a0 \u00a0 \u00a0 \u00a0 \u00a0 \u00a0 \u00a0 \u00a0 \u00a0 \u00a0 \u00a0 \u00a0 \u00a0 \u00a0 \u00a0 \u00a0 \u00a0 \u00a0 \u00a0 \u00a0 \u00a0 \u00a0 \u00a0 \u00a0 \u00a0 \u00a0 \u00a0 \u00a0 \u00a0 \u00a0 \u00a0 \u00a0 7-series 7L<\/li>\n<li>\u00a0 \u00a0 \u00a0 \u00a0 \u00a0 \u00a0 \u00a0 \u00a0 \u00a0 \u00a0 \u00a0 \u00a0 \u00a0 \u00a0 \u00a0 \u00a0 \u00a0 \u00a0 \u00a0 \u00a0 \u00a0 \u00a0 \u00a0 \u00a0 \u00a0 \u00a0 \u00a0 \u00a0 \u00a0 \u00a0 \u00a0 \u00a0 \u00a0 \u00a0 \u00a0 \u00a0 \u00a0 \u00a0 \u00a0 \u00a0 \u00a0 \u00a0 \u00a0 \u00a0 \u00a0 \u00a0 \u00a0 \u00a0 \u00a0 \u00a0 Z4 G4Z<\/li>\n<li>X3 G01<\/li>\n<li>X4 G02<\/li>\n<\/ul>","protected":false},"excerpt":{"rendered":"<p>A set (4 pieces) of high-quality brand-name alloy wheels. Professionally inspected and packaged ready for shipping.<\/p>","protected":false},"featured_media":235973,"comment_status":"open","ping_status":"closed","template":"","meta":[],"product_brand":[],"product_cat":[1634,1718,1246,1086,1092,1717],"product_tag":[],"class_list":{"0":"post-80793","1":"product","2":"type-product","3":"status-publish","4":"has-post-thumbnail","6":"product_cat-20-zoll-audi","7":"product_cat-20-zoll-ff02-felgen","8":"product_cat-audi","9":"product_cat-felgen","10":"product_cat-ff-wheels","11":"product_cat-ff02","12":"product_shipping_class-felge","13":"pa_anzahl-der-einheiten-1484","14":"pa_einpresstiefe-et-1450","15":"pa_fahrzeugmarke-audi","16":"pa_farbe-schwarz","17":"pa_felgenaufbau-einteilig-gegossen","18":"pa_felgenbreite-8-5","19":"pa_felgendesign-multi-speichen-felge","20":"pa_felgenfarbe-schwarz-poliert","21":"pa_felgenmaterial-aluminium","22":"pa_felgenmodell-ff02","23":"pa_hersteller-ff-wheels-3","24":"pa_herstellergarantie-ja-zwei-jahre","25":"pa_herstellernummer-1714","26":"pa_herstellungsland-und-regi-deutschland","27":"pa_lochkreis-1439","28":"pa_lochzahl-1447","29":"pa_maximale-traglast-1554","30":"pa_mit-deckel-ja-nein-ja-von-ff-wheels-2","31":"pa_mittenlochbohrung-1551","32":"pa_modell-ff02","33":"pa_produktart-vielspeiche","34":"pa_zollgroesse-1499","36":"first","37":"instock","38":"taxable","39":"shipping-taxable","40":"purchasable","41":"product-type-simple"},"yoast_head":"<title>20 Zoll Felgen FF02 schwarz glanz f\u00fcr Audi A4 S4 B9 A5 B8 B9 A6 4G 4G1 C7 F2 g\u00fcnstig kaufen - Felgenforum<\/title>\n<meta name=\"description\" content=\"20 Zoll Felgen FF02 in Schwarz Glanz f\u00fcr Audi A4, A5 und A6. Sportliches Design und perfekte Passform f\u00fcr Ihr Fahrzeug. Jetzt direkt online entdecken!\" \/>\n<meta name=\"robots\" content=\"index, follow, max-snippet:-1, max-image-preview:large, max-video-preview:-1\" \/>\n<link rel=\"canonical\" href=\"https:\/\/felgenforum.shop\/en\/product\/20-zoll-felgen-ff02-schwarz-glanz-fuer-audi-a4-s4-b9-a5-b8-b9-a6-4g-4g1-c7-f2\/\" \/>\n<meta property=\"og:locale\" content=\"en_GB\" \/>\n<meta property=\"og:type\" content=\"article\" \/>\n<meta property=\"og:title\" content=\"20 Zoll Felgen FF02 schwarz glanz f\u00fcr Audi A4 S4 B9 A5 B8 B9 A6 4G 4G1 C7 F2 g\u00fcnstig kaufen - Felgenforum\" \/>\n<meta property=\"og:description\" content=\"20 Zoll Felgen FF02 in Schwarz Glanz f\u00fcr Audi A4, A5 und A6. Sportliches Design und perfekte Passform f\u00fcr Ihr Fahrzeug. Jetzt direkt online entdecken!\" \/>\n<meta property=\"og:url\" content=\"https:\/\/felgenforum.shop\/en\/product\/20-zoll-felgen-ff02-schwarz-glanz-fuer-audi-a4-s4-b9-a5-b8-b9-a6-4g-4g1-c7-f2\/\" \/>\n<meta property=\"og:site_name\" content=\"Felgenforum\" \/>\n<meta property=\"article:modified_time\" content=\"2026-04-25T13:09:01+00:00\" \/>\n<meta property=\"og:image\" content=\"https:\/\/felgenforum.shop\/wp-content\/uploads\/2025\/09\/57-56.webp\" \/>\n\t<meta property=\"og:image:width\" content=\"1044\" \/>\n\t<meta property=\"og:image:height\" content=\"1000\" \/>\n\t<meta property=\"og:image:type\" content=\"image\/png\" \/>\n<meta name=\"twitter:card\" content=\"summary_large_image\" \/>\n<meta name=\"twitter:label1\" content=\"Est. reading time\" \/>\n\t<meta name=\"twitter:data1\" content=\"1 minute\" \/>\n<script type=\"application\/ld+json\" class=\"yoast-schema-graph\">{\"@context\":\"https:\\\/\\\/schema.org\",\"@graph\":[{\"@type\":\"WebPage\",\"@id\":\"https:\\\/\\\/felgenforum.shop\\\/produkt\\\/20-zoll-felgen-ff02-schwarz-glanz-fuer-audi-a4-s4-b9-a5-b8-b9-a6-4g-4g1-c7-f2\\\/\",\"url\":\"https:\\\/\\\/felgenforum.shop\\\/produkt\\\/20-zoll-felgen-ff02-schwarz-glanz-fuer-audi-a4-s4-b9-a5-b8-b9-a6-4g-4g1-c7-f2\\\/\",\"name\":\"20 Zoll Felgen FF02 schwarz glanz f\u00fcr Audi A4 S4 B9 A5 B8 B9 A6 4G 4G1 C7 F2 g\u00fcnstig kaufen - Felgenforum\",\"isPartOf\":{\"@id\":\"https:\\\/\\\/felgenforum.shop\\\/#website\"},\"primaryImageOfPage\":{\"@id\":\"https:\\\/\\\/felgenforum.shop\\\/produkt\\\/20-zoll-felgen-ff02-schwarz-glanz-fuer-audi-a4-s4-b9-a5-b8-b9-a6-4g-4g1-c7-f2\\\/#primaryimage\"},\"image\":{\"@id\":\"https:\\\/\\\/felgenforum.shop\\\/produkt\\\/20-zoll-felgen-ff02-schwarz-glanz-fuer-audi-a4-s4-b9-a5-b8-b9-a6-4g-4g1-c7-f2\\\/#primaryimage\"},\"thumbnailUrl\":\"https:\\\/\\\/felgenforum.shop\\\/wp-content\\\/uploads\\\/2026\\\/03\\\/ebay-product-80793-69c39946c4fbd.webp\",\"datePublished\":\"2025-09-13T12:16:47+00:00\",\"dateModified\":\"2026-04-25T13:09:01+00:00\",\"description\":\"20 Zoll Felgen FF02 in Schwarz Glanz f\u00fcr Audi A4, A5 und A6. Sportliches Design und perfekte Passform f\u00fcr Ihr Fahrzeug. Jetzt direkt online entdecken!\",\"breadcrumb\":{\"@id\":\"https:\\\/\\\/felgenforum.shop\\\/produkt\\\/20-zoll-felgen-ff02-schwarz-glanz-fuer-audi-a4-s4-b9-a5-b8-b9-a6-4g-4g1-c7-f2\\\/#breadcrumb\"},\"inLanguage\":\"en-GB\",\"potentialAction\":[{\"@type\":\"ReadAction\",\"target\":[\"https:\\\/\\\/felgenforum.shop\\\/produkt\\\/20-zoll-felgen-ff02-schwarz-glanz-fuer-audi-a4-s4-b9-a5-b8-b9-a6-4g-4g1-c7-f2\\\/\"]}]},{\"@type\":\"ImageObject\",\"inLanguage\":\"en-GB\",\"@id\":\"https:\\\/\\\/felgenforum.shop\\\/produkt\\\/20-zoll-felgen-ff02-schwarz-glanz-fuer-audi-a4-s4-b9-a5-b8-b9-a6-4g-4g1-c7-f2\\\/#primaryimage\",\"url\":\"https:\\\/\\\/felgenforum.shop\\\/wp-content\\\/uploads\\\/2026\\\/03\\\/ebay-product-80793-69c39946c4fbd.webp\",\"contentUrl\":\"https:\\\/\\\/felgenforum.shop\\\/wp-content\\\/uploads\\\/2026\\\/03\\\/ebay-product-80793-69c39946c4fbd.webp\",\"width\":1000,\"height\":1000},{\"@type\":\"BreadcrumbList\",\"@id\":\"https:\\\/\\\/felgenforum.shop\\\/produkt\\\/20-zoll-felgen-ff02-schwarz-glanz-fuer-audi-a4-s4-b9-a5-b8-b9-a6-4g-4g1-c7-f2\\\/#breadcrumb\",\"itemListElement\":[{\"@type\":\"ListItem\",\"position\":1,\"name\":\"Startseite\",\"item\":\"https:\\\/\\\/felgenforum.shop\\\/\"},{\"@type\":\"ListItem\",\"position\":2,\"name\":\"Shop\",\"item\":\"https:\\\/\\\/felgenforum.shop\\\/shop\\\/\"},{\"@type\":\"ListItem\",\"position\":3,\"name\":\"20 Zoll Felgen FF02 schwarz glanz f\u00fcr Audi A4 S4 B9 A5 B8 B9 A6 4G 4G1 C7 F2\"}]},{\"@type\":\"WebSite\",\"@id\":\"https:\\\/\\\/felgenforum.shop\\\/#website\",\"url\":\"https:\\\/\\\/felgenforum.shop\\\/\",\"name\":\"Felgenforum\",\"description\":\"\",\"potentialAction\":[{\"@type\":\"SearchAction\",\"target\":{\"@type\":\"EntryPoint\",\"urlTemplate\":\"https:\\\/\\\/felgenforum.shop\\\/?s={search_term_string}\"},\"query-input\":{\"@type\":\"PropertyValueSpecification\",\"valueRequired\":true,\"valueName\":\"search_term_string\"}}],\"inLanguage\":\"en-GB\"}]}<\/script>","yoast_head_json":{"title":"20 Zoll Felgen FF02 schwarz glanz f\u00fcr Audi A4 S4 B9 A5 B8 B9 A6 4G 4G1 C7 F2 g\u00fcnstig kaufen - Felgenforum","description":"20 Zoll Felgen FF02 in Schwarz Glanz f\u00fcr Audi A4, A5 und A6. Sportliches Design und perfekte Passform f\u00fcr Ihr Fahrzeug. Jetzt direkt online entdecken!","robots":{"index":"index","follow":"follow","max-snippet":"max-snippet:-1","max-image-preview":"max-image-preview:large","max-video-preview":"max-video-preview:-1"},"canonical":"https:\/\/felgenforum.shop\/en\/product\/20-zoll-felgen-ff02-schwarz-glanz-fuer-audi-a4-s4-b9-a5-b8-b9-a6-4g-4g1-c7-f2\/","og_locale":"en_GB","og_type":"article","og_title":"20 Zoll Felgen FF02 schwarz glanz f\u00fcr Audi A4 S4 B9 A5 B8 B9 A6 4G 4G1 C7 F2 g\u00fcnstig kaufen - Felgenforum","og_description":"20 Zoll Felgen FF02 in Schwarz Glanz f\u00fcr Audi A4, A5 und A6. Sportliches Design und perfekte Passform f\u00fcr Ihr Fahrzeug. Jetzt direkt online entdecken!","og_url":"https:\/\/felgenforum.shop\/en\/product\/20-zoll-felgen-ff02-schwarz-glanz-fuer-audi-a4-s4-b9-a5-b8-b9-a6-4g-4g1-c7-f2\/","og_site_name":"Felgenforum","article_modified_time":"2026-04-25T13:09:01+00:00","og_image":[{"width":1044,"height":1000,"url":"https:\/\/felgenforum.shop\/wp-content\/uploads\/2025\/09\/57-56.webp","type":"image\/png"}],"twitter_card":"summary_large_image","twitter_misc":{"Est. reading time":"1 minute"},"schema":{"@context":"https:\/\/schema.org","@graph":[{"@type":"WebPage","@id":"https:\/\/felgenforum.shop\/produkt\/20-zoll-felgen-ff02-schwarz-glanz-fuer-audi-a4-s4-b9-a5-b8-b9-a6-4g-4g1-c7-f2\/","url":"https:\/\/felgenforum.shop\/produkt\/20-zoll-felgen-ff02-schwarz-glanz-fuer-audi-a4-s4-b9-a5-b8-b9-a6-4g-4g1-c7-f2\/","name":"20 Zoll Felgen FF02 schwarz glanz f\u00fcr Audi A4 S4 B9 A5 B8 B9 A6 4G 4G1 C7 F2 g\u00fcnstig kaufen - Felgenforum","isPartOf":{"@id":"https:\/\/felgenforum.shop\/#website"},"primaryImageOfPage":{"@id":"https:\/\/felgenforum.shop\/produkt\/20-zoll-felgen-ff02-schwarz-glanz-fuer-audi-a4-s4-b9-a5-b8-b9-a6-4g-4g1-c7-f2\/#primaryimage"},"image":{"@id":"https:\/\/felgenforum.shop\/produkt\/20-zoll-felgen-ff02-schwarz-glanz-fuer-audi-a4-s4-b9-a5-b8-b9-a6-4g-4g1-c7-f2\/#primaryimage"},"thumbnailUrl":"https:\/\/felgenforum.shop\/wp-content\/uploads\/2026\/03\/ebay-product-80793-69c39946c4fbd.webp","datePublished":"2025-09-13T12:16:47+00:00","dateModified":"2026-04-25T13:09:01+00:00","description":"20 Zoll Felgen FF02 in Schwarz Glanz f\u00fcr Audi A4, A5 und A6. Sportliches Design und perfekte Passform f\u00fcr Ihr Fahrzeug. Jetzt direkt online entdecken!","breadcrumb":{"@id":"https:\/\/felgenforum.shop\/produkt\/20-zoll-felgen-ff02-schwarz-glanz-fuer-audi-a4-s4-b9-a5-b8-b9-a6-4g-4g1-c7-f2\/#breadcrumb"},"inLanguage":"en-GB","potentialAction":[{"@type":"ReadAction","target":["https:\/\/felgenforum.shop\/produkt\/20-zoll-felgen-ff02-schwarz-glanz-fuer-audi-a4-s4-b9-a5-b8-b9-a6-4g-4g1-c7-f2\/"]}]},{"@type":"ImageObject","inLanguage":"en-GB","@id":"https:\/\/felgenforum.shop\/produkt\/20-zoll-felgen-ff02-schwarz-glanz-fuer-audi-a4-s4-b9-a5-b8-b9-a6-4g-4g1-c7-f2\/#primaryimage","url":"https:\/\/felgenforum.shop\/wp-content\/uploads\/2026\/03\/ebay-product-80793-69c39946c4fbd.webp","contentUrl":"https:\/\/felgenforum.shop\/wp-content\/uploads\/2026\/03\/ebay-product-80793-69c39946c4fbd.webp","width":1000,"height":1000},{"@type":"BreadcrumbList","@id":"https:\/\/felgenforum.shop\/produkt\/20-zoll-felgen-ff02-schwarz-glanz-fuer-audi-a4-s4-b9-a5-b8-b9-a6-4g-4g1-c7-f2\/#breadcrumb","itemListElement":[{"@type":"ListItem","position":1,"name":"Startseite","item":"https:\/\/felgenforum.shop\/"},{"@type":"ListItem","position":2,"name":"Shop","item":"https:\/\/felgenforum.shop\/shop\/"},{"@type":"ListItem","position":3,"name":"20 Zoll Felgen FF02 schwarz glanz f\u00fcr Audi A4 S4 B9 A5 B8 B9 A6 4G 4G1 C7 F2"}]},{"@type":"WebSite","@id":"https:\/\/felgenforum.shop\/#website","url":"https:\/\/felgenforum.shop\/","name":"Rim forum","description":"","potentialAction":[{"@type":"SearchAction","target":{"@type":"EntryPoint","urlTemplate":"https:\/\/felgenforum.shop\/?s={search_term_string}"},"query-input":{"@type":"PropertyValueSpecification","valueRequired":true,"valueName":"search_term_string"}}],"inLanguage":"en-GB"}]}},"_links":{"self":[{"href":"https:\/\/felgenforum.shop\/en\/wp-json\/wp\/v2\/product\/80793","targetHints":{"allow":["GET"]}}],"collection":[{"href":"https:\/\/felgenforum.shop\/en\/wp-json\/wp\/v2\/product"}],"about":[{"href":"https:\/\/felgenforum.shop\/en\/wp-json\/wp\/v2\/types\/product"}],"replies":[{"embeddable":true,"href":"https:\/\/felgenforum.shop\/en\/wp-json\/wp\/v2\/comments?post=80793"}],"wp:featuredmedia":[{"embeddable":true,"href":"https:\/\/felgenforum.shop\/en\/wp-json\/wp\/v2\/media\/235973"}],"wp:attachment":[{"href":"https:\/\/felgenforum.shop\/en\/wp-json\/wp\/v2\/media?parent=80793"}],"wp:term":[{"taxonomy":"product_brand","embeddable":true,"href":"https:\/\/felgenforum.shop\/en\/wp-json\/wp\/v2\/product_brand?post=80793"},{"taxonomy":"product_cat","embeddable":true,"href":"https:\/\/felgenforum.shop\/en\/wp-json\/wp\/v2\/product_cat?post=80793"},{"taxonomy":"product_tag","embeddable":true,"href":"https:\/\/felgenforum.shop\/en\/wp-json\/wp\/v2\/product_tag?post=80793"}],"curies":[{"name":"wp","href":"https:\/\/api.w.org\/{rel}","templated":true}]}}