{"id":80569,"date":"2025-09-13T13:32:55","date_gmt":"2025-09-13T11:32:55","guid":{"rendered":"https:\/\/felgenforum.shop\/?post_type=product&#038;p=80569"},"modified":"2026-04-25T15:08:57","modified_gmt":"2026-04-25T13:08:57","slug":"ff01-19-zoll-winterraeder-winterkomplettraeder-fuer-bmw-x1-f48-f1x-x2-f39-f1x-f2x","status":"publish","type":"product","link":"https:\/\/felgenforum.shop\/en\/product\/ff01-19-zoll-winterraeder-winterkomplettraeder-fuer-bmw-x1-f48-f1x-x2-f39-f1x-f2x\/","title":{"rendered":"FF01 19-inch winter wheels, complete winter wheel sets for BMW X1 F48 F1X and X2 F39 F1X F2X"},"content":{"rendered":"<h3>Welcome to an offer from Felgenforum.shop<\/h3>\n<p>In this offer we offer you a NEW set of complete winter wheels in matte grey including ABE (German type approval).<\/p>\n<p>4x fully pre-assembled and balanced complete wheels<\/p>\n<p>consisting of:<\/p>\n<p>4x Alufelge FF01 grau 8,5&#215;19 ET45 LK5\/112<\/p>\n<p>+<\/p>\n<p>4x TPMS tire pressure sensors pre-programmed<\/p>\n<p>+<\/p>\n<p>4x winter tires 245\/40 R19 98V from current daily purchase<\/p>\n<p>fully assembled and balanced<\/p>\n<p>(including black weights and black metal valves)<\/p>\n<p>NEW &amp; in original packaging.<\/p>\n<h3>Scope of delivery:<\/h3>\n<ul>\n<li>\u00a0 \u00a0 \u00a0 \u00a0 \u00a0 \u00a0 \u00a0 \u00a0 \u00a0 \u00a0 \u00a0 \u00a0 \u00a0 \u00a0 \u00a0 \u00a0 \u00a0 \u00a0 \u00a0 \u00a0 \u00a0 \u00a0 \u00a0 \u00a0 \u00a0 \u00a0 \u00a0 \u00a0 \u00a0 4 x FF01 8,5&#215;19 ET45 5&#215;112 grau matt<\/li>\n<li>Complete mounting hardware (if required according to the ABE)<\/li>\n<li>4x winter tires from current daily purchase 245\/40 R19 98V<\/li>\n<li>4x TPMS pre-programmed<\/li>\n<li>4x Hubcaps FF-Wheels<\/li>\n<li>(Vehicle manufacturer&#039;s hubcap not included)<\/li>\n<li>1x Expert report (ABE)<\/li>\n<li>In most cases, the complete wheel sets are therefore registration-free. If you have any questions about fitment or any registration requirements, our experienced team will be happy to assist you :).<\/li>\n<li>Please be sure to specify your vehicle after purchase.<\/li>\n<li>We offer this model in many other sizes and colors; please contact us if you have any other requests.<\/li>\n<li>&gt;&gt;&gt;Wishful tires<\/li>\n<li>Do you have a specific request regarding tire brand or tire quality? No problem!<\/li>\n<li>We would be happy to create individual complete wheel offers for you :).<\/li>\n<li>The complete wheels are suitable for, among others:<\/li>\n<\/ul>\n<h3>Audi<\/h3>\n<ul>\n<li>A6 4G<\/li>\n<li>A8 4E<\/li>\n<li>\u00a0\u00a0 \u00a0 \u00a0 \u00a0 \u00a0 \u00a0 \u00a0 \u00a0 \u00a0 \u00a0 \u00a0 \u00a0 \u00a0 \u00a0 \u00a0 \u00a0 \u00a0 \u00a0 \u00a0 \u00a0 \u00a0 \u00a0 \u00a0 \u00a0 \u00a0 \u00a0 \u00a0 \u00a0 \u00a0 \u00a0 \u00a0 \u00a0 \u00a0 \u00a0 \u00a0 \u00a0 \u00a0 \u00a0 \u00a0 \u00a0 \u00a0 \u00a0 \u00a0 \u00a0 \u00a0 \u00a0 \u00a0 \u00a0 \u00a0 \u00a0 BMW<\/li>\n<li>X1 F48 F1X<\/li>\n<li>X2 F39 F2X<\/li>\n<li>Seat<\/li>\n<li>Ateca<\/li>\n<li>VW<\/li>\n<li>Phaeton<\/li>\n<li>Tiguan 5N1<\/li>\n<\/ul>\n<h3>Mercedes Benz<\/h3>\n<ul>\n<li>E-Class W213 C238 A238<\/li>\n<li>CL C215<\/li>\n<li>S-Class W220<\/li>\n<\/ul>","protected":false},"excerpt":{"rendered":"<p>A set (4 pieces) of ready-to-drive brand complete wheels, professionally mounted and balanced.<\/p>\n<p><strong>Rim details:<\/strong> x inches.<br \/><strong>Tire details:<\/strong> Brands .<\/p>","protected":false},"featured_media":235778,"comment_status":"open","ping_status":"closed","template":"","meta":[],"product_brand":[],"product_cat":[1263,1205,1204],"product_tag":[],"class_list":{"0":"post-80569","1":"product","2":"type-product","3":"status-publish","4":"has-post-thumbnail","6":"product_cat-19-zoll-winterraeder-bmw","7":"product_cat-bmw","8":"product_cat-komplettraeder-winter","9":"product_shipping_class-komplettrad","10":"pa_anzahl-der-komplettraeder-1433","11":"pa_einpresstiefe-et-1508","12":"pa_externes-rollger-db-klass-b","13":"pa_fahrzeugmarke-bmw","14":"pa_felgenbreite-8-5","15":"pa_felgenfarbe-grau","16":"pa_felgenhersteller-ff-wheels","17":"pa_felgenmaterial-aluminium","18":"pa_felgenmodell-ff01","19":"pa_geschwindigkeitsindex-v-bis-240-km-h","20":"pa_herstellernummer-felge-1696","21":"pa_herstellernummer-reifen-tageseinkauf","22":"pa_kraftstoff-a-g-c","23":"pa_lastbereich-xl","24":"pa_lochkreis-1439","25":"pa_lochzahl-1447","26":"pa_nasshaft-a-g-c","27":"pa_reifenbreite-1503","28":"pa_reifendurchmesser-1436","29":"pa_reifenhersteller-triangle-austone-imperial-goodride-superia-fortuna-westlake","30":"pa_reifenquerschnitt-1571","31":"pa_reifenspezifikation-winterreifen","32":"pa_run-flat-nein","33":"pa_zollgroesse-1448","35":"first","36":"instock","37":"sale","38":"taxable","39":"shipping-taxable","40":"purchasable","41":"product-type-simple"},"yoast_head":"<title>FF01 19 Zoll Winterr\u00e4der Winterkomplettr\u00e4der f\u00fcr BMW X1 F48 F1X X2 F39 F1X F2X g\u00fcnstig kaufen - Felgenforum<\/title>\n<meta name=\"description\" content=\"Sichern Sie sich die FF01 19 Zoll Winterr\u00e4der f\u00fcr Ihren BMW X1 oder X2. Maximale Sicherheit und perfekte Passform f\u00fcr den Winter. Jetzt online entdecken!\" \/>\n<meta name=\"robots\" content=\"index, follow, max-snippet:-1, max-image-preview:large, max-video-preview:-1\" \/>\n<link rel=\"canonical\" href=\"https:\/\/felgenforum.shop\/en\/product\/ff01-19-zoll-winterraeder-winterkomplettraeder-fuer-bmw-x1-f48-f1x-x2-f39-f1x-f2x\/\" \/>\n<meta property=\"og:locale\" content=\"en_GB\" \/>\n<meta property=\"og:type\" content=\"article\" \/>\n<meta property=\"og:title\" content=\"FF01 19 Zoll Winterr\u00e4der Winterkomplettr\u00e4der f\u00fcr BMW X1 F48 F1X X2 F39 F1X F2X g\u00fcnstig kaufen - Felgenforum\" \/>\n<meta property=\"og:description\" content=\"Sichern Sie sich die FF01 19 Zoll Winterr\u00e4der f\u00fcr Ihren BMW X1 oder X2. Maximale Sicherheit und perfekte Passform f\u00fcr den Winter. Jetzt online entdecken!\" \/>\n<meta property=\"og:url\" content=\"https:\/\/felgenforum.shop\/en\/product\/ff01-19-zoll-winterraeder-winterkomplettraeder-fuer-bmw-x1-f48-f1x-x2-f39-f1x-f2x\/\" \/>\n<meta property=\"og:site_name\" content=\"Felgenforum\" \/>\n<meta property=\"article:modified_time\" content=\"2026-04-25T13:08:57+00:00\" \/>\n<meta property=\"og:image\" content=\"https:\/\/felgenforum.shop\/wp-content\/uploads\/2025\/09\/57-857.webp\" \/>\n\t<meta property=\"og:image:width\" content=\"1020\" \/>\n\t<meta property=\"og:image:height\" content=\"1000\" \/>\n\t<meta property=\"og:image:type\" content=\"image\/webp\" \/>\n<meta name=\"twitter:card\" content=\"summary_large_image\" \/>\n<meta name=\"twitter:label1\" content=\"Est. reading time\" \/>\n\t<meta name=\"twitter:data1\" content=\"1 minute\" \/>\n<script type=\"application\/ld+json\" class=\"yoast-schema-graph\">{\"@context\":\"https:\\\/\\\/schema.org\",\"@graph\":[{\"@type\":\"WebPage\",\"@id\":\"https:\\\/\\\/felgenforum.shop\\\/produkt\\\/ff01-19-zoll-winterraeder-winterkomplettraeder-fuer-bmw-x1-f48-f1x-x2-f39-f1x-f2x\\\/\",\"url\":\"https:\\\/\\\/felgenforum.shop\\\/produkt\\\/ff01-19-zoll-winterraeder-winterkomplettraeder-fuer-bmw-x1-f48-f1x-x2-f39-f1x-f2x\\\/\",\"name\":\"FF01 19 Zoll Winterr\u00e4der Winterkomplettr\u00e4der f\u00fcr BMW X1 F48 F1X X2 F39 F1X F2X g\u00fcnstig kaufen - Felgenforum\",\"isPartOf\":{\"@id\":\"https:\\\/\\\/felgenforum.shop\\\/#website\"},\"primaryImageOfPage\":{\"@id\":\"https:\\\/\\\/felgenforum.shop\\\/produkt\\\/ff01-19-zoll-winterraeder-winterkomplettraeder-fuer-bmw-x1-f48-f1x-x2-f39-f1x-f2x\\\/#primaryimage\"},\"image\":{\"@id\":\"https:\\\/\\\/felgenforum.shop\\\/produkt\\\/ff01-19-zoll-winterraeder-winterkomplettraeder-fuer-bmw-x1-f48-f1x-x2-f39-f1x-f2x\\\/#primaryimage\"},\"thumbnailUrl\":\"https:\\\/\\\/felgenforum.shop\\\/wp-content\\\/uploads\\\/2026\\\/03\\\/ebay-product-80569-69c395f748226.webp\",\"datePublished\":\"2025-09-13T11:32:55+00:00\",\"dateModified\":\"2026-04-25T13:08:57+00:00\",\"description\":\"Sichern Sie sich die FF01 19 Zoll Winterr\u00e4der f\u00fcr Ihren BMW X1 oder X2. Maximale Sicherheit und perfekte Passform f\u00fcr den Winter. Jetzt online entdecken!\",\"breadcrumb\":{\"@id\":\"https:\\\/\\\/felgenforum.shop\\\/produkt\\\/ff01-19-zoll-winterraeder-winterkomplettraeder-fuer-bmw-x1-f48-f1x-x2-f39-f1x-f2x\\\/#breadcrumb\"},\"inLanguage\":\"en-GB\",\"potentialAction\":[{\"@type\":\"ReadAction\",\"target\":[\"https:\\\/\\\/felgenforum.shop\\\/produkt\\\/ff01-19-zoll-winterraeder-winterkomplettraeder-fuer-bmw-x1-f48-f1x-x2-f39-f1x-f2x\\\/\"]}]},{\"@type\":\"ImageObject\",\"inLanguage\":\"en-GB\",\"@id\":\"https:\\\/\\\/felgenforum.shop\\\/produkt\\\/ff01-19-zoll-winterraeder-winterkomplettraeder-fuer-bmw-x1-f48-f1x-x2-f39-f1x-f2x\\\/#primaryimage\",\"url\":\"https:\\\/\\\/felgenforum.shop\\\/wp-content\\\/uploads\\\/2026\\\/03\\\/ebay-product-80569-69c395f748226.webp\",\"contentUrl\":\"https:\\\/\\\/felgenforum.shop\\\/wp-content\\\/uploads\\\/2026\\\/03\\\/ebay-product-80569-69c395f748226.webp\",\"width\":1000,\"height\":1000},{\"@type\":\"BreadcrumbList\",\"@id\":\"https:\\\/\\\/felgenforum.shop\\\/produkt\\\/ff01-19-zoll-winterraeder-winterkomplettraeder-fuer-bmw-x1-f48-f1x-x2-f39-f1x-f2x\\\/#breadcrumb\",\"itemListElement\":[{\"@type\":\"ListItem\",\"position\":1,\"name\":\"Startseite\",\"item\":\"https:\\\/\\\/felgenforum.shop\\\/\"},{\"@type\":\"ListItem\",\"position\":2,\"name\":\"Shop\",\"item\":\"https:\\\/\\\/felgenforum.shop\\\/shop\\\/\"},{\"@type\":\"ListItem\",\"position\":3,\"name\":\"FF01 19 Zoll Winterr\u00e4der Winterkomplettr\u00e4der f\u00fcr BMW X1 F48 F1X X2 F39 F1X F2X\"}]},{\"@type\":\"WebSite\",\"@id\":\"https:\\\/\\\/felgenforum.shop\\\/#website\",\"url\":\"https:\\\/\\\/felgenforum.shop\\\/\",\"name\":\"Felgenforum\",\"description\":\"\",\"potentialAction\":[{\"@type\":\"SearchAction\",\"target\":{\"@type\":\"EntryPoint\",\"urlTemplate\":\"https:\\\/\\\/felgenforum.shop\\\/?s={search_term_string}\"},\"query-input\":{\"@type\":\"PropertyValueSpecification\",\"valueRequired\":true,\"valueName\":\"search_term_string\"}}],\"inLanguage\":\"en-GB\"}]}<\/script>","yoast_head_json":{"title":"FF01 19 Zoll Winterr\u00e4der Winterkomplettr\u00e4der f\u00fcr BMW X1 F48 F1X X2 F39 F1X F2X g\u00fcnstig kaufen - Felgenforum","description":"Sichern Sie sich die FF01 19 Zoll Winterr\u00e4der f\u00fcr Ihren BMW X1 oder X2. Maximale Sicherheit und perfekte Passform f\u00fcr den Winter. Jetzt online entdecken!","robots":{"index":"index","follow":"follow","max-snippet":"max-snippet:-1","max-image-preview":"max-image-preview:large","max-video-preview":"max-video-preview:-1"},"canonical":"https:\/\/felgenforum.shop\/en\/product\/ff01-19-zoll-winterraeder-winterkomplettraeder-fuer-bmw-x1-f48-f1x-x2-f39-f1x-f2x\/","og_locale":"en_GB","og_type":"article","og_title":"FF01 19 Zoll Winterr\u00e4der Winterkomplettr\u00e4der f\u00fcr BMW X1 F48 F1X X2 F39 F1X F2X g\u00fcnstig kaufen - Felgenforum","og_description":"Sichern Sie sich die FF01 19 Zoll Winterr\u00e4der f\u00fcr Ihren BMW X1 oder X2. Maximale Sicherheit und perfekte Passform f\u00fcr den Winter. Jetzt online entdecken!","og_url":"https:\/\/felgenforum.shop\/en\/product\/ff01-19-zoll-winterraeder-winterkomplettraeder-fuer-bmw-x1-f48-f1x-x2-f39-f1x-f2x\/","og_site_name":"Felgenforum","article_modified_time":"2026-04-25T13:08:57+00:00","og_image":[{"width":1020,"height":1000,"url":"https:\/\/felgenforum.shop\/wp-content\/uploads\/2025\/09\/57-857.webp","type":"image\/webp"}],"twitter_card":"summary_large_image","twitter_misc":{"Est. reading time":"1 minute"},"schema":{"@context":"https:\/\/schema.org","@graph":[{"@type":"WebPage","@id":"https:\/\/felgenforum.shop\/produkt\/ff01-19-zoll-winterraeder-winterkomplettraeder-fuer-bmw-x1-f48-f1x-x2-f39-f1x-f2x\/","url":"https:\/\/felgenforum.shop\/produkt\/ff01-19-zoll-winterraeder-winterkomplettraeder-fuer-bmw-x1-f48-f1x-x2-f39-f1x-f2x\/","name":"FF01 19 Zoll Winterr\u00e4der Winterkomplettr\u00e4der f\u00fcr BMW X1 F48 F1X X2 F39 F1X F2X g\u00fcnstig kaufen - Felgenforum","isPartOf":{"@id":"https:\/\/felgenforum.shop\/#website"},"primaryImageOfPage":{"@id":"https:\/\/felgenforum.shop\/produkt\/ff01-19-zoll-winterraeder-winterkomplettraeder-fuer-bmw-x1-f48-f1x-x2-f39-f1x-f2x\/#primaryimage"},"image":{"@id":"https:\/\/felgenforum.shop\/produkt\/ff01-19-zoll-winterraeder-winterkomplettraeder-fuer-bmw-x1-f48-f1x-x2-f39-f1x-f2x\/#primaryimage"},"thumbnailUrl":"https:\/\/felgenforum.shop\/wp-content\/uploads\/2026\/03\/ebay-product-80569-69c395f748226.webp","datePublished":"2025-09-13T11:32:55+00:00","dateModified":"2026-04-25T13:08:57+00:00","description":"Sichern Sie sich die FF01 19 Zoll Winterr\u00e4der f\u00fcr Ihren BMW X1 oder X2. Maximale Sicherheit und perfekte Passform f\u00fcr den Winter. Jetzt online entdecken!","breadcrumb":{"@id":"https:\/\/felgenforum.shop\/produkt\/ff01-19-zoll-winterraeder-winterkomplettraeder-fuer-bmw-x1-f48-f1x-x2-f39-f1x-f2x\/#breadcrumb"},"inLanguage":"en-GB","potentialAction":[{"@type":"ReadAction","target":["https:\/\/felgenforum.shop\/produkt\/ff01-19-zoll-winterraeder-winterkomplettraeder-fuer-bmw-x1-f48-f1x-x2-f39-f1x-f2x\/"]}]},{"@type":"ImageObject","inLanguage":"en-GB","@id":"https:\/\/felgenforum.shop\/produkt\/ff01-19-zoll-winterraeder-winterkomplettraeder-fuer-bmw-x1-f48-f1x-x2-f39-f1x-f2x\/#primaryimage","url":"https:\/\/felgenforum.shop\/wp-content\/uploads\/2026\/03\/ebay-product-80569-69c395f748226.webp","contentUrl":"https:\/\/felgenforum.shop\/wp-content\/uploads\/2026\/03\/ebay-product-80569-69c395f748226.webp","width":1000,"height":1000},{"@type":"BreadcrumbList","@id":"https:\/\/felgenforum.shop\/produkt\/ff01-19-zoll-winterraeder-winterkomplettraeder-fuer-bmw-x1-f48-f1x-x2-f39-f1x-f2x\/#breadcrumb","itemListElement":[{"@type":"ListItem","position":1,"name":"Startseite","item":"https:\/\/felgenforum.shop\/"},{"@type":"ListItem","position":2,"name":"Shop","item":"https:\/\/felgenforum.shop\/shop\/"},{"@type":"ListItem","position":3,"name":"FF01 19 Zoll Winterr\u00e4der Winterkomplettr\u00e4der f\u00fcr BMW X1 F48 F1X X2 F39 F1X F2X"}]},{"@type":"WebSite","@id":"https:\/\/felgenforum.shop\/#website","url":"https:\/\/felgenforum.shop\/","name":"Rim forum","description":"","potentialAction":[{"@type":"SearchAction","target":{"@type":"EntryPoint","urlTemplate":"https:\/\/felgenforum.shop\/?s={search_term_string}"},"query-input":{"@type":"PropertyValueSpecification","valueRequired":true,"valueName":"search_term_string"}}],"inLanguage":"en-GB"}]}},"_links":{"self":[{"href":"https:\/\/felgenforum.shop\/en\/wp-json\/wp\/v2\/product\/80569","targetHints":{"allow":["GET"]}}],"collection":[{"href":"https:\/\/felgenforum.shop\/en\/wp-json\/wp\/v2\/product"}],"about":[{"href":"https:\/\/felgenforum.shop\/en\/wp-json\/wp\/v2\/types\/product"}],"replies":[{"embeddable":true,"href":"https:\/\/felgenforum.shop\/en\/wp-json\/wp\/v2\/comments?post=80569"}],"wp:featuredmedia":[{"embeddable":true,"href":"https:\/\/felgenforum.shop\/en\/wp-json\/wp\/v2\/media\/235778"}],"wp:attachment":[{"href":"https:\/\/felgenforum.shop\/en\/wp-json\/wp\/v2\/media?parent=80569"}],"wp:term":[{"taxonomy":"product_brand","embeddable":true,"href":"https:\/\/felgenforum.shop\/en\/wp-json\/wp\/v2\/product_brand?post=80569"},{"taxonomy":"product_cat","embeddable":true,"href":"https:\/\/felgenforum.shop\/en\/wp-json\/wp\/v2\/product_cat?post=80569"},{"taxonomy":"product_tag","embeddable":true,"href":"https:\/\/felgenforum.shop\/en\/wp-json\/wp\/v2\/product_tag?post=80569"}],"curies":[{"name":"wp","href":"https:\/\/api.w.org\/{rel}","templated":true}]}}