{"id":80209,"date":"2025-09-13T12:16:27","date_gmt":"2025-09-13T10:16:27","guid":{"rendered":"https:\/\/felgenforum.shop\/?post_type=product&#038;p=80209"},"modified":"2026-04-25T15:08:51","modified_gmt":"2026-04-25T13:08:51","slug":"ff01-19-zoll-sommerraeder-hankook-235-55-r19-komplettraeder-fuer-audi-q5-sq5-8r-fy","status":"publish","type":"product","link":"https:\/\/felgenforum.shop\/en\/product\/ff01-19-zoll-sommerraeder-hankook-235-55-r19-komplettraeder-fuer-audi-q5-sq5-8r-fy\/","title":{"rendered":"FF01 19-inch summer wheels HANKOOK 235\/55 R19 complete wheels for Audi Q5 SQ5 8R FY"},"content":{"rendered":"<h3>Welcome to an offer from Felgenforum.shop<\/h3>\n<p>In this offer we offer you a NEW set of summer complete wheels in glossy black including ABE (German type approval).<\/p>\n<p>4x fully pre-assembled and balanced complete wheels<\/p>\n<p>consisting of:<\/p>\n<p>4x Alufelge FF-Wheels FF01 bronze 8,5&#215;19 ET35 LK5\/112<\/p>\n<p>+<\/p>\n<p>4x Sommerreifen 235\/55 R19 102Y HANKOOK Ventus S1 EVO XL<\/p>\n<p>fully assembled and balanced<\/p>\n<p>(including black weights and black metal valves)<\/p>\n<p>NEW<\/p>\n<p>TPMS available on request for \u20ac139\/set<\/p>\n<h3>Scope of delivery:<\/h3>\n<ul>\n<li>4 x FF-Wheels FF01 8,5&#215;19 ET35 5&#215;112 bronze matt<\/li>\n<li>Complete mounting hardware (if required according to the ABE)<\/li>\n<li>4x\u00a0Sommerreifen Hankook Ventus S1 EVO 235\/55 R19 102Y<\/li>\n<li>4x Hubcaps FF-Wheels<\/li>\n<li>(Vehicle manufacturer&#039;s hubcap not included)<\/li>\n<li>1x Expert report (ABE)<\/li>\n<li>In most cases, the complete wheel sets are therefore registration-free. If you have any questions about fitment or any registration requirements, our experienced team will be happy to assist you :).<\/li>\n<li>Please be sure to specify your vehicle after purchase.<\/li>\n<li>We offer this model in many other sizes and colors; please contact us if you have any other requests.<\/li>\n<li>&gt;&gt;&gt;Wishful tires<\/li>\n<li>Do you have a specific request regarding tire brand or tire quality? No problem!<\/li>\n<li>We would be happy to create individual complete wheel offers for you :).<\/li>\n<li>The complete wheels are suitable for, among others:<\/li>\n<\/ul>\n<h3>Audi<\/h3>\n<ul>\n<li>Q5 SQ5 8R FY<\/li>\n<li>Mercedes<\/li>\n<li>GLC X253<\/li>\n<\/ul>","protected":false},"excerpt":{"rendered":"<p>A set (4 pieces) of ready-to-drive brand complete wheels, professionally mounted and balanced.<\/p>\n<p><strong>Rim details:<\/strong> x inches.<br \/><strong>Tire details:<\/strong> Brands .<\/p>","protected":false},"featured_media":235423,"comment_status":"open","ping_status":"closed","template":"","meta":[],"product_brand":[],"product_cat":[1585,1584,1196],"product_tag":[],"class_list":{"0":"post-80209","1":"product","2":"type-product","3":"status-publish","4":"has-post-thumbnail","6":"product_cat-19-zoll-sommerraeder-audi","7":"product_cat-audi-komplettraeder-sommer","8":"product_cat-komplettraeder-sommer","9":"product_shipping_class-komplettrad","10":"pa_anzahl-der-komplettraeder-1433","11":"pa_einpresstiefe-et-1460","12":"pa_fahrzeugmarke-audi","13":"pa_felgenbreite-8-5","14":"pa_felgenfarbe-bronze","15":"pa_felgenhersteller-ff-wheels","16":"pa_felgenmaterial-aluminium","17":"pa_felgenmodell-ff01","18":"pa_geschwindigkeitsindex-y-bis-300-km-h","19":"pa_herstellernummer-felge-1536","20":"pa_lastbereich-xl","21":"pa_lochkreis-1439","22":"pa_lochzahl-1447","23":"pa_reifenbreite-1511","24":"pa_reifendurchmesser-1436","25":"pa_reifenhersteller-hankook","26":"pa_reifenquerschnitt-1652","27":"pa_reifenspezifikation-sommerreifen","28":"pa_run-flat-nein","29":"pa_tragfaehigkeitsindex-105-max-925-kg-je-reifen","30":"pa_zollgroesse-1448","32":"first","33":"instock","34":"sale","35":"taxable","36":"shipping-taxable","37":"purchasable","38":"product-type-simple"},"yoast_head":"<title>FF01 19 Zoll Sommerr\u00e4der HANKOOK 235\/55 R19 Komplettr\u00e4der f\u00fcr Audi Q5 SQ5 8R FY g\u00fcnstig kaufen - Felgenforum<\/title>\n<meta name=\"description\" content=\"FF01 19 Zoll Sommerr\u00e4der HANKOOK Komplettr\u00e4der f\u00fcr Audi Q5 SQ5. Erleben Sie sportliches Design und erstklassigen Grip auf der Stra\u00dfe. Jetzt kaufen!\" \/>\n<meta name=\"robots\" content=\"index, follow, max-snippet:-1, max-image-preview:large, max-video-preview:-1\" \/>\n<link rel=\"canonical\" href=\"https:\/\/felgenforum.shop\/en\/product\/ff01-19-zoll-sommerraeder-hankook-235-55-r19-komplettraeder-fuer-audi-q5-sq5-8r-fy\/\" \/>\n<meta property=\"og:locale\" content=\"en_GB\" \/>\n<meta property=\"og:type\" content=\"article\" \/>\n<meta property=\"og:title\" content=\"FF01 19 Zoll Sommerr\u00e4der HANKOOK 235\/55 R19 Komplettr\u00e4der f\u00fcr Audi Q5 SQ5 8R FY g\u00fcnstig kaufen - Felgenforum\" \/>\n<meta property=\"og:description\" content=\"FF01 19 Zoll Sommerr\u00e4der HANKOOK Komplettr\u00e4der f\u00fcr Audi Q5 SQ5. Erleben Sie sportliches Design und erstklassigen Grip auf der Stra\u00dfe. Jetzt kaufen!\" \/>\n<meta property=\"og:url\" content=\"https:\/\/felgenforum.shop\/en\/product\/ff01-19-zoll-sommerraeder-hankook-235-55-r19-komplettraeder-fuer-audi-q5-sq5-8r-fy\/\" \/>\n<meta property=\"og:site_name\" content=\"Felgenforum\" \/>\n<meta property=\"article:modified_time\" content=\"2026-04-25T13:08:51+00:00\" \/>\n<meta property=\"og:image\" content=\"https:\/\/felgenforum.shop\/wp-content\/uploads\/2025\/09\/ff01-19-zoll-sommerraeder-hankook-235-55-r19-komplettraeder-fuer-audi-q5-sq5-8r-fy-featured-1000px.webp\" \/>\n\t<meta property=\"og:image:width\" content=\"1000\" \/>\n\t<meta property=\"og:image:height\" content=\"1000\" \/>\n\t<meta property=\"og:image:type\" content=\"image\/webp\" \/>\n<meta name=\"twitter:card\" content=\"summary_large_image\" \/>\n<meta name=\"twitter:label1\" content=\"Est. reading time\" \/>\n\t<meta name=\"twitter:data1\" content=\"1 minute\" \/>\n<script type=\"application\/ld+json\" class=\"yoast-schema-graph\">{\"@context\":\"https:\\\/\\\/schema.org\",\"@graph\":[{\"@type\":\"WebPage\",\"@id\":\"https:\\\/\\\/felgenforum.shop\\\/produkt\\\/ff01-19-zoll-sommerraeder-hankook-235-55-r19-komplettraeder-fuer-audi-q5-sq5-8r-fy\\\/\",\"url\":\"https:\\\/\\\/felgenforum.shop\\\/produkt\\\/ff01-19-zoll-sommerraeder-hankook-235-55-r19-komplettraeder-fuer-audi-q5-sq5-8r-fy\\\/\",\"name\":\"FF01 19 Zoll Sommerr\u00e4der HANKOOK 235\\\/55 R19 Komplettr\u00e4der f\u00fcr Audi Q5 SQ5 8R FY g\u00fcnstig kaufen - Felgenforum\",\"isPartOf\":{\"@id\":\"https:\\\/\\\/felgenforum.shop\\\/#website\"},\"primaryImageOfPage\":{\"@id\":\"https:\\\/\\\/felgenforum.shop\\\/produkt\\\/ff01-19-zoll-sommerraeder-hankook-235-55-r19-komplettraeder-fuer-audi-q5-sq5-8r-fy\\\/#primaryimage\"},\"image\":{\"@id\":\"https:\\\/\\\/felgenforum.shop\\\/produkt\\\/ff01-19-zoll-sommerraeder-hankook-235-55-r19-komplettraeder-fuer-audi-q5-sq5-8r-fy\\\/#primaryimage\"},\"thumbnailUrl\":\"https:\\\/\\\/felgenforum.shop\\\/wp-content\\\/uploads\\\/2026\\\/03\\\/ebay-product-80209-69c38fc30ed2a.webp\",\"datePublished\":\"2025-09-13T10:16:27+00:00\",\"dateModified\":\"2026-04-25T13:08:51+00:00\",\"description\":\"FF01 19 Zoll Sommerr\u00e4der HANKOOK Komplettr\u00e4der f\u00fcr Audi Q5 SQ5. Erleben Sie sportliches Design und erstklassigen Grip auf der Stra\u00dfe. Jetzt kaufen!\",\"breadcrumb\":{\"@id\":\"https:\\\/\\\/felgenforum.shop\\\/produkt\\\/ff01-19-zoll-sommerraeder-hankook-235-55-r19-komplettraeder-fuer-audi-q5-sq5-8r-fy\\\/#breadcrumb\"},\"inLanguage\":\"en-GB\",\"potentialAction\":[{\"@type\":\"ReadAction\",\"target\":[\"https:\\\/\\\/felgenforum.shop\\\/produkt\\\/ff01-19-zoll-sommerraeder-hankook-235-55-r19-komplettraeder-fuer-audi-q5-sq5-8r-fy\\\/\"]}]},{\"@type\":\"ImageObject\",\"inLanguage\":\"en-GB\",\"@id\":\"https:\\\/\\\/felgenforum.shop\\\/produkt\\\/ff01-19-zoll-sommerraeder-hankook-235-55-r19-komplettraeder-fuer-audi-q5-sq5-8r-fy\\\/#primaryimage\",\"url\":\"https:\\\/\\\/felgenforum.shop\\\/wp-content\\\/uploads\\\/2026\\\/03\\\/ebay-product-80209-69c38fc30ed2a.webp\",\"contentUrl\":\"https:\\\/\\\/felgenforum.shop\\\/wp-content\\\/uploads\\\/2026\\\/03\\\/ebay-product-80209-69c38fc30ed2a.webp\",\"width\":1000,\"height\":1000},{\"@type\":\"BreadcrumbList\",\"@id\":\"https:\\\/\\\/felgenforum.shop\\\/produkt\\\/ff01-19-zoll-sommerraeder-hankook-235-55-r19-komplettraeder-fuer-audi-q5-sq5-8r-fy\\\/#breadcrumb\",\"itemListElement\":[{\"@type\":\"ListItem\",\"position\":1,\"name\":\"Startseite\",\"item\":\"https:\\\/\\\/felgenforum.shop\\\/\"},{\"@type\":\"ListItem\",\"position\":2,\"name\":\"Shop\",\"item\":\"https:\\\/\\\/felgenforum.shop\\\/shop\\\/\"},{\"@type\":\"ListItem\",\"position\":3,\"name\":\"FF01 19 Zoll Sommerr\u00e4der HANKOOK 235\\\/55 R19 Komplettr\u00e4der f\u00fcr Audi Q5 SQ5 8R FY\"}]},{\"@type\":\"WebSite\",\"@id\":\"https:\\\/\\\/felgenforum.shop\\\/#website\",\"url\":\"https:\\\/\\\/felgenforum.shop\\\/\",\"name\":\"Felgenforum\",\"description\":\"\",\"potentialAction\":[{\"@type\":\"SearchAction\",\"target\":{\"@type\":\"EntryPoint\",\"urlTemplate\":\"https:\\\/\\\/felgenforum.shop\\\/?s={search_term_string}\"},\"query-input\":{\"@type\":\"PropertyValueSpecification\",\"valueRequired\":true,\"valueName\":\"search_term_string\"}}],\"inLanguage\":\"en-GB\"}]}<\/script>","yoast_head_json":{"title":"FF01 19 Zoll Sommerr\u00e4der HANKOOK 235\/55 R19 Komplettr\u00e4der f\u00fcr Audi Q5 SQ5 8R FY g\u00fcnstig kaufen - Felgenforum","description":"FF01 19 Zoll Sommerr\u00e4der HANKOOK Komplettr\u00e4der f\u00fcr Audi Q5 SQ5. Erleben Sie sportliches Design und erstklassigen Grip auf der Stra\u00dfe. Jetzt kaufen!","robots":{"index":"index","follow":"follow","max-snippet":"max-snippet:-1","max-image-preview":"max-image-preview:large","max-video-preview":"max-video-preview:-1"},"canonical":"https:\/\/felgenforum.shop\/en\/product\/ff01-19-zoll-sommerraeder-hankook-235-55-r19-komplettraeder-fuer-audi-q5-sq5-8r-fy\/","og_locale":"en_GB","og_type":"article","og_title":"FF01 19 Zoll Sommerr\u00e4der HANKOOK 235\/55 R19 Komplettr\u00e4der f\u00fcr Audi Q5 SQ5 8R FY g\u00fcnstig kaufen - Felgenforum","og_description":"FF01 19 Zoll Sommerr\u00e4der HANKOOK Komplettr\u00e4der f\u00fcr Audi Q5 SQ5. Erleben Sie sportliches Design und erstklassigen Grip auf der Stra\u00dfe. Jetzt kaufen!","og_url":"https:\/\/felgenforum.shop\/en\/product\/ff01-19-zoll-sommerraeder-hankook-235-55-r19-komplettraeder-fuer-audi-q5-sq5-8r-fy\/","og_site_name":"Felgenforum","article_modified_time":"2026-04-25T13:08:51+00:00","og_image":[{"width":1000,"height":1000,"url":"https:\/\/felgenforum.shop\/wp-content\/uploads\/2025\/09\/ff01-19-zoll-sommerraeder-hankook-235-55-r19-komplettraeder-fuer-audi-q5-sq5-8r-fy-featured-1000px.webp","type":"image\/webp"}],"twitter_card":"summary_large_image","twitter_misc":{"Est. reading time":"1 minute"},"schema":{"@context":"https:\/\/schema.org","@graph":[{"@type":"WebPage","@id":"https:\/\/felgenforum.shop\/produkt\/ff01-19-zoll-sommerraeder-hankook-235-55-r19-komplettraeder-fuer-audi-q5-sq5-8r-fy\/","url":"https:\/\/felgenforum.shop\/produkt\/ff01-19-zoll-sommerraeder-hankook-235-55-r19-komplettraeder-fuer-audi-q5-sq5-8r-fy\/","name":"FF01 19 Zoll Sommerr\u00e4der HANKOOK 235\/55 R19 Komplettr\u00e4der f\u00fcr Audi Q5 SQ5 8R FY g\u00fcnstig kaufen - Felgenforum","isPartOf":{"@id":"https:\/\/felgenforum.shop\/#website"},"primaryImageOfPage":{"@id":"https:\/\/felgenforum.shop\/produkt\/ff01-19-zoll-sommerraeder-hankook-235-55-r19-komplettraeder-fuer-audi-q5-sq5-8r-fy\/#primaryimage"},"image":{"@id":"https:\/\/felgenforum.shop\/produkt\/ff01-19-zoll-sommerraeder-hankook-235-55-r19-komplettraeder-fuer-audi-q5-sq5-8r-fy\/#primaryimage"},"thumbnailUrl":"https:\/\/felgenforum.shop\/wp-content\/uploads\/2026\/03\/ebay-product-80209-69c38fc30ed2a.webp","datePublished":"2025-09-13T10:16:27+00:00","dateModified":"2026-04-25T13:08:51+00:00","description":"FF01 19 Zoll Sommerr\u00e4der HANKOOK Komplettr\u00e4der f\u00fcr Audi Q5 SQ5. Erleben Sie sportliches Design und erstklassigen Grip auf der Stra\u00dfe. Jetzt kaufen!","breadcrumb":{"@id":"https:\/\/felgenforum.shop\/produkt\/ff01-19-zoll-sommerraeder-hankook-235-55-r19-komplettraeder-fuer-audi-q5-sq5-8r-fy\/#breadcrumb"},"inLanguage":"en-GB","potentialAction":[{"@type":"ReadAction","target":["https:\/\/felgenforum.shop\/produkt\/ff01-19-zoll-sommerraeder-hankook-235-55-r19-komplettraeder-fuer-audi-q5-sq5-8r-fy\/"]}]},{"@type":"ImageObject","inLanguage":"en-GB","@id":"https:\/\/felgenforum.shop\/produkt\/ff01-19-zoll-sommerraeder-hankook-235-55-r19-komplettraeder-fuer-audi-q5-sq5-8r-fy\/#primaryimage","url":"https:\/\/felgenforum.shop\/wp-content\/uploads\/2026\/03\/ebay-product-80209-69c38fc30ed2a.webp","contentUrl":"https:\/\/felgenforum.shop\/wp-content\/uploads\/2026\/03\/ebay-product-80209-69c38fc30ed2a.webp","width":1000,"height":1000},{"@type":"BreadcrumbList","@id":"https:\/\/felgenforum.shop\/produkt\/ff01-19-zoll-sommerraeder-hankook-235-55-r19-komplettraeder-fuer-audi-q5-sq5-8r-fy\/#breadcrumb","itemListElement":[{"@type":"ListItem","position":1,"name":"Startseite","item":"https:\/\/felgenforum.shop\/"},{"@type":"ListItem","position":2,"name":"Shop","item":"https:\/\/felgenforum.shop\/shop\/"},{"@type":"ListItem","position":3,"name":"FF01 19 Zoll Sommerr\u00e4der HANKOOK 235\/55 R19 Komplettr\u00e4der f\u00fcr Audi Q5 SQ5 8R FY"}]},{"@type":"WebSite","@id":"https:\/\/felgenforum.shop\/#website","url":"https:\/\/felgenforum.shop\/","name":"Rim forum","description":"","potentialAction":[{"@type":"SearchAction","target":{"@type":"EntryPoint","urlTemplate":"https:\/\/felgenforum.shop\/?s={search_term_string}"},"query-input":{"@type":"PropertyValueSpecification","valueRequired":true,"valueName":"search_term_string"}}],"inLanguage":"en-GB"}]}},"_links":{"self":[{"href":"https:\/\/felgenforum.shop\/en\/wp-json\/wp\/v2\/product\/80209","targetHints":{"allow":["GET"]}}],"collection":[{"href":"https:\/\/felgenforum.shop\/en\/wp-json\/wp\/v2\/product"}],"about":[{"href":"https:\/\/felgenforum.shop\/en\/wp-json\/wp\/v2\/types\/product"}],"replies":[{"embeddable":true,"href":"https:\/\/felgenforum.shop\/en\/wp-json\/wp\/v2\/comments?post=80209"}],"wp:featuredmedia":[{"embeddable":true,"href":"https:\/\/felgenforum.shop\/en\/wp-json\/wp\/v2\/media\/235423"}],"wp:attachment":[{"href":"https:\/\/felgenforum.shop\/en\/wp-json\/wp\/v2\/media?parent=80209"}],"wp:term":[{"taxonomy":"product_brand","embeddable":true,"href":"https:\/\/felgenforum.shop\/en\/wp-json\/wp\/v2\/product_brand?post=80209"},{"taxonomy":"product_cat","embeddable":true,"href":"https:\/\/felgenforum.shop\/en\/wp-json\/wp\/v2\/product_cat?post=80209"},{"taxonomy":"product_tag","embeddable":true,"href":"https:\/\/felgenforum.shop\/en\/wp-json\/wp\/v2\/product_tag?post=80209"}],"curies":[{"name":"wp","href":"https:\/\/api.w.org\/{rel}","templated":true}]}}