{"id":79911,"date":"2025-09-13T10:37:08","date_gmt":"2025-09-13T08:37:08","guid":{"rendered":"https:\/\/felgenforum.shop\/?post_type=product&#038;p=79911"},"modified":"2026-04-25T15:08:46","modified_gmt":"2026-04-25T13:08:46","slug":"4x-18-zoll-felgen-cv01-schwarz-fuer-fiat-citroen-hymer-carado-sunlight-buerstner","status":"publish","type":"product","link":"https:\/\/felgenforum.shop\/en\/product\/4x-18-zoll-felgen-cv01-schwarz-fuer-fiat-citroen-hymer-carado-sunlight-buerstner\/","title":{"rendered":"4x 18 inch CV01 black rims for Fiat Citroen Hymer Carado Sunlight B\u00fcrstner"},"content":{"rendered":"<h3>Welcome to an offer from Felgenforum.shop<\/h3>\n<p>In this offer we offer you a NEW set of FF Wheels CV01 18 inch alloy wheels in matte black including certificate.<\/p>\n<p>NEW &amp; in original packaging.<\/p>\n<p>\u2757\u2757Your advantages at a glance\u2757\u2757<\/p>\n<p>\u2b50 significantly increased comfort<\/p>\n<p>\u2b50 Vehicle does not &quot;hop&quot; over bumps<\/p>\n<p>\u2b50 Reason: Standard tires have an inflation pressure of approximately 4.5-5 bar, while 18-inch tires only allow a maximum of 3.5 bar.<\/p>\n<p>\u2b50 Safety improvement: Road handling, susceptibility to crosswinds and body roll are significantly reduced by the 255 tires.<\/p>\n<p>\u2b50 Significantly better grip on wet campsites thanks to all-season tires<\/p>\n<p>\u2b50 Better looks than any standard camper van bike<\/p>\n<h3>Scope of delivery:<\/h3>\n<ul>\n<li>4 x FF Wheels CV01 8,5&#215;18 ET52 5&#215;118 oder 5&#215;130 schwarz matt<\/li>\n<li>Complete assembly material<\/li>\n<li>4x Hubcaps FF Wheels<\/li>\n<li>1x Expert report<\/li>\n<li>Please be sure to specify your vehicle after purchase.<\/li>\n<\/ul>\n<h3>&gt;&gt;&gt;Complete wheels<\/h3>\n<h3>We are happy to offer you the desired rims as ready-to-install complete wheels with a tire of your choice.<\/h3>\n<p>Feel free to send us a non-binding inquiry :).<\/p>\n<p>All-terrain tires possible<\/p>\n<p>The wheels are the right size for the following vehicles:<\/p>\n<h3>Fiat<\/h3>\n<ul>\n<li>Ducato\u00a0<\/li>\n<\/ul>\n<h3>Peugeot<\/h3>\n<ul>\n<li>boxer<\/li>\n<li>Citroen<\/li>\n<li>jumper<\/li>\n<li>And all vehicles built on this chassis.<\/li>\n<\/ul>","protected":false},"excerpt":{"rendered":"<p>A set (4 pieces) of high-quality brand-name alloy wheels. Professionally inspected and packaged ready for shipping.<\/p>","protected":false},"featured_media":79968,"comment_status":"open","ping_status":"closed","template":"","meta":[],"product_brand":[],"product_cat":[1427,1092,1236],"product_tag":[],"class_list":{"0":"post-79911","1":"product","2":"type-product","3":"status-publish","4":"has-post-thumbnail","6":"product_cat-18-zoll-ff01-felgen","7":"product_cat-ff-wheels","8":"product_cat-ff01","9":"product_shipping_class-felge","10":"pa_anzahl-der-einheiten-1484","11":"pa_einpresstiefe-et-2631","12":"pa_fahrzeugmarke-fiat","13":"pa_farbe-schwarz","14":"pa_felgenaufbau-einteilig-gegossen","15":"pa_felgenbreite-8-5","16":"pa_felgendesign-5-speichen","17":"pa_felgenfarbe-schwarz","18":"pa_felgenmaterial-aluminium","19":"pa_felgenmodell-cv01","20":"pa_hersteller-ff-wheels","21":"pa_herstellergarantie-2-jahre","22":"pa_herstellernummer-cv01-pcd118-130","23":"pa_im-lieferumfang-enthalten-bolzen","24":"pa_kompatibler-radschraubent-radbolzen","25":"pa_lochkreis-2634","26":"pa_lochzahl-1447","27":"pa_maximale-traglast-1300-kg","28":"pa_mittenlochbohrung-711-781","29":"pa_modell-cv01","30":"pa_zollgroesse-1482","32":"first","33":"instock","34":"taxable","35":"shipping-taxable","36":"purchasable","37":"product-type-simple"},"yoast_head":"<title>4x 18 Zoll Felgen CV01 schwarz f\u00fcr Fiat Citroen Hymer Carado Sunlight B\u00fcrstner g\u00fcnstig kaufen - Felgenforum<\/title>\n<meta name=\"description\" content=\"Werten Sie Ihr Wohnmobil mit 4x 18 Zoll Felgen CV01 schwarz auf. Passend f\u00fcr Fiat, Hymer und B\u00fcrstner. Edle Optik &amp; Qualit\u00e4t. Jetzt online bestellen!\" \/>\n<meta name=\"robots\" content=\"index, follow, max-snippet:-1, max-image-preview:large, max-video-preview:-1\" \/>\n<link rel=\"canonical\" href=\"https:\/\/felgenforum.shop\/en\/product\/4x-18-zoll-felgen-cv01-schwarz-fuer-fiat-citroen-hymer-carado-sunlight-buerstner\/\" \/>\n<meta property=\"og:locale\" content=\"en_GB\" \/>\n<meta property=\"og:type\" content=\"article\" \/>\n<meta property=\"og:title\" content=\"4x 18 Zoll Felgen CV01 schwarz f\u00fcr Fiat Citroen Hymer Carado Sunlight B\u00fcrstner g\u00fcnstig kaufen - Felgenforum\" \/>\n<meta property=\"og:description\" content=\"Werten Sie Ihr Wohnmobil mit 4x 18 Zoll Felgen CV01 schwarz auf. Passend f\u00fcr Fiat, Hymer und B\u00fcrstner. Edle Optik &amp; Qualit\u00e4t. Jetzt online bestellen!\" \/>\n<meta property=\"og:url\" content=\"https:\/\/felgenforum.shop\/en\/product\/4x-18-zoll-felgen-cv01-schwarz-fuer-fiat-citroen-hymer-carado-sunlight-buerstner\/\" \/>\n<meta property=\"og:site_name\" content=\"Felgenforum\" \/>\n<meta property=\"article:modified_time\" content=\"2026-04-25T13:08:46+00:00\" \/>\n<meta property=\"og:image\" content=\"https:\/\/felgenforum.shop\/wp-content\/uploads\/2025\/09\/57-471.webp\" \/>\n\t<meta property=\"og:image:width\" content=\"859\" \/>\n\t<meta property=\"og:image:height\" content=\"1000\" \/>\n\t<meta property=\"og:image:type\" content=\"image\/webp\" \/>\n<meta name=\"twitter:card\" content=\"summary_large_image\" \/>\n<meta name=\"twitter:label1\" content=\"Est. reading time\" \/>\n\t<meta name=\"twitter:data1\" content=\"1 minute\" \/>\n<script type=\"application\/ld+json\" class=\"yoast-schema-graph\">{\"@context\":\"https:\\\/\\\/schema.org\",\"@graph\":[{\"@type\":\"WebPage\",\"@id\":\"https:\\\/\\\/felgenforum.shop\\\/produkt\\\/4x-18-zoll-felgen-cv01-schwarz-fuer-fiat-citroen-hymer-carado-sunlight-buerstner\\\/\",\"url\":\"https:\\\/\\\/felgenforum.shop\\\/produkt\\\/4x-18-zoll-felgen-cv01-schwarz-fuer-fiat-citroen-hymer-carado-sunlight-buerstner\\\/\",\"name\":\"4x 18 Zoll Felgen CV01 schwarz f\u00fcr Fiat Citroen Hymer Carado Sunlight B\u00fcrstner g\u00fcnstig kaufen - Felgenforum\",\"isPartOf\":{\"@id\":\"https:\\\/\\\/felgenforum.shop\\\/#website\"},\"primaryImageOfPage\":{\"@id\":\"https:\\\/\\\/felgenforum.shop\\\/produkt\\\/4x-18-zoll-felgen-cv01-schwarz-fuer-fiat-citroen-hymer-carado-sunlight-buerstner\\\/#primaryimage\"},\"image\":{\"@id\":\"https:\\\/\\\/felgenforum.shop\\\/produkt\\\/4x-18-zoll-felgen-cv01-schwarz-fuer-fiat-citroen-hymer-carado-sunlight-buerstner\\\/#primaryimage\"},\"thumbnailUrl\":\"https:\\\/\\\/felgenforum.shop\\\/wp-content\\\/uploads\\\/2025\\\/09\\\/57-471.webp\",\"datePublished\":\"2025-09-13T08:37:08+00:00\",\"dateModified\":\"2026-04-25T13:08:46+00:00\",\"description\":\"Werten Sie Ihr Wohnmobil mit 4x 18 Zoll Felgen CV01 schwarz auf. Passend f\u00fcr Fiat, Hymer und B\u00fcrstner. Edle Optik & Qualit\u00e4t. Jetzt online bestellen!\",\"breadcrumb\":{\"@id\":\"https:\\\/\\\/felgenforum.shop\\\/produkt\\\/4x-18-zoll-felgen-cv01-schwarz-fuer-fiat-citroen-hymer-carado-sunlight-buerstner\\\/#breadcrumb\"},\"inLanguage\":\"en-GB\",\"potentialAction\":[{\"@type\":\"ReadAction\",\"target\":[\"https:\\\/\\\/felgenforum.shop\\\/produkt\\\/4x-18-zoll-felgen-cv01-schwarz-fuer-fiat-citroen-hymer-carado-sunlight-buerstner\\\/\"]}]},{\"@type\":\"ImageObject\",\"inLanguage\":\"en-GB\",\"@id\":\"https:\\\/\\\/felgenforum.shop\\\/produkt\\\/4x-18-zoll-felgen-cv01-schwarz-fuer-fiat-citroen-hymer-carado-sunlight-buerstner\\\/#primaryimage\",\"url\":\"https:\\\/\\\/felgenforum.shop\\\/wp-content\\\/uploads\\\/2025\\\/09\\\/57-471.webp\",\"contentUrl\":\"https:\\\/\\\/felgenforum.shop\\\/wp-content\\\/uploads\\\/2025\\\/09\\\/57-471.webp\",\"width\":859,\"height\":1000,\"caption\":\"Vier 18 Zoll Felgen CV01 in Schwarz f\u00fcr Fiat und Wohnmobile\"},{\"@type\":\"BreadcrumbList\",\"@id\":\"https:\\\/\\\/felgenforum.shop\\\/produkt\\\/4x-18-zoll-felgen-cv01-schwarz-fuer-fiat-citroen-hymer-carado-sunlight-buerstner\\\/#breadcrumb\",\"itemListElement\":[{\"@type\":\"ListItem\",\"position\":1,\"name\":\"Startseite\",\"item\":\"https:\\\/\\\/felgenforum.shop\\\/\"},{\"@type\":\"ListItem\",\"position\":2,\"name\":\"Shop\",\"item\":\"https:\\\/\\\/felgenforum.shop\\\/shop\\\/\"},{\"@type\":\"ListItem\",\"position\":3,\"name\":\"4x 18 Zoll Felgen CV01 schwarz f\u00fcr Fiat Citroen Hymer Carado Sunlight B\u00fcrstner\"}]},{\"@type\":\"WebSite\",\"@id\":\"https:\\\/\\\/felgenforum.shop\\\/#website\",\"url\":\"https:\\\/\\\/felgenforum.shop\\\/\",\"name\":\"Felgenforum\",\"description\":\"\",\"potentialAction\":[{\"@type\":\"SearchAction\",\"target\":{\"@type\":\"EntryPoint\",\"urlTemplate\":\"https:\\\/\\\/felgenforum.shop\\\/?s={search_term_string}\"},\"query-input\":{\"@type\":\"PropertyValueSpecification\",\"valueRequired\":true,\"valueName\":\"search_term_string\"}}],\"inLanguage\":\"en-GB\"}]}<\/script>","yoast_head_json":{"title":"4x 18 Zoll Felgen CV01 schwarz f\u00fcr Fiat Citroen Hymer Carado Sunlight B\u00fcrstner g\u00fcnstig kaufen - Felgenforum","description":"Werten Sie Ihr Wohnmobil mit 4x 18 Zoll Felgen CV01 schwarz auf. Passend f\u00fcr Fiat, Hymer und B\u00fcrstner. Edle Optik & Qualit\u00e4t. Jetzt online bestellen!","robots":{"index":"index","follow":"follow","max-snippet":"max-snippet:-1","max-image-preview":"max-image-preview:large","max-video-preview":"max-video-preview:-1"},"canonical":"https:\/\/felgenforum.shop\/en\/product\/4x-18-zoll-felgen-cv01-schwarz-fuer-fiat-citroen-hymer-carado-sunlight-buerstner\/","og_locale":"en_GB","og_type":"article","og_title":"4x 18 Zoll Felgen CV01 schwarz f\u00fcr Fiat Citroen Hymer Carado Sunlight B\u00fcrstner g\u00fcnstig kaufen - Felgenforum","og_description":"Werten Sie Ihr Wohnmobil mit 4x 18 Zoll Felgen CV01 schwarz auf. Passend f\u00fcr Fiat, Hymer und B\u00fcrstner. Edle Optik & Qualit\u00e4t. Jetzt online bestellen!","og_url":"https:\/\/felgenforum.shop\/en\/product\/4x-18-zoll-felgen-cv01-schwarz-fuer-fiat-citroen-hymer-carado-sunlight-buerstner\/","og_site_name":"Felgenforum","article_modified_time":"2026-04-25T13:08:46+00:00","og_image":[{"width":859,"height":1000,"url":"https:\/\/felgenforum.shop\/wp-content\/uploads\/2025\/09\/57-471.webp","type":"image\/webp"}],"twitter_card":"summary_large_image","twitter_misc":{"Est. reading time":"1 minute"},"schema":{"@context":"https:\/\/schema.org","@graph":[{"@type":"WebPage","@id":"https:\/\/felgenforum.shop\/produkt\/4x-18-zoll-felgen-cv01-schwarz-fuer-fiat-citroen-hymer-carado-sunlight-buerstner\/","url":"https:\/\/felgenforum.shop\/produkt\/4x-18-zoll-felgen-cv01-schwarz-fuer-fiat-citroen-hymer-carado-sunlight-buerstner\/","name":"4x 18 Zoll Felgen CV01 schwarz f\u00fcr Fiat Citroen Hymer Carado Sunlight B\u00fcrstner g\u00fcnstig kaufen - Felgenforum","isPartOf":{"@id":"https:\/\/felgenforum.shop\/#website"},"primaryImageOfPage":{"@id":"https:\/\/felgenforum.shop\/produkt\/4x-18-zoll-felgen-cv01-schwarz-fuer-fiat-citroen-hymer-carado-sunlight-buerstner\/#primaryimage"},"image":{"@id":"https:\/\/felgenforum.shop\/produkt\/4x-18-zoll-felgen-cv01-schwarz-fuer-fiat-citroen-hymer-carado-sunlight-buerstner\/#primaryimage"},"thumbnailUrl":"https:\/\/felgenforum.shop\/wp-content\/uploads\/2025\/09\/57-471.webp","datePublished":"2025-09-13T08:37:08+00:00","dateModified":"2026-04-25T13:08:46+00:00","description":"Werten Sie Ihr Wohnmobil mit 4x 18 Zoll Felgen CV01 schwarz auf. Passend f\u00fcr Fiat, Hymer und B\u00fcrstner. Edle Optik & Qualit\u00e4t. Jetzt online bestellen!","breadcrumb":{"@id":"https:\/\/felgenforum.shop\/produkt\/4x-18-zoll-felgen-cv01-schwarz-fuer-fiat-citroen-hymer-carado-sunlight-buerstner\/#breadcrumb"},"inLanguage":"en-GB","potentialAction":[{"@type":"ReadAction","target":["https:\/\/felgenforum.shop\/produkt\/4x-18-zoll-felgen-cv01-schwarz-fuer-fiat-citroen-hymer-carado-sunlight-buerstner\/"]}]},{"@type":"ImageObject","inLanguage":"en-GB","@id":"https:\/\/felgenforum.shop\/produkt\/4x-18-zoll-felgen-cv01-schwarz-fuer-fiat-citroen-hymer-carado-sunlight-buerstner\/#primaryimage","url":"https:\/\/felgenforum.shop\/wp-content\/uploads\/2025\/09\/57-471.webp","contentUrl":"https:\/\/felgenforum.shop\/wp-content\/uploads\/2025\/09\/57-471.webp","width":859,"height":1000,"caption":"Vier 18 Zoll Felgen CV01 in Schwarz f\u00fcr Fiat und Wohnmobile"},{"@type":"BreadcrumbList","@id":"https:\/\/felgenforum.shop\/produkt\/4x-18-zoll-felgen-cv01-schwarz-fuer-fiat-citroen-hymer-carado-sunlight-buerstner\/#breadcrumb","itemListElement":[{"@type":"ListItem","position":1,"name":"Startseite","item":"https:\/\/felgenforum.shop\/"},{"@type":"ListItem","position":2,"name":"Shop","item":"https:\/\/felgenforum.shop\/shop\/"},{"@type":"ListItem","position":3,"name":"4x 18 Zoll Felgen CV01 schwarz f\u00fcr Fiat Citroen Hymer Carado Sunlight B\u00fcrstner"}]},{"@type":"WebSite","@id":"https:\/\/felgenforum.shop\/#website","url":"https:\/\/felgenforum.shop\/","name":"Rim forum","description":"","potentialAction":[{"@type":"SearchAction","target":{"@type":"EntryPoint","urlTemplate":"https:\/\/felgenforum.shop\/?s={search_term_string}"},"query-input":{"@type":"PropertyValueSpecification","valueRequired":true,"valueName":"search_term_string"}}],"inLanguage":"en-GB"}]}},"_links":{"self":[{"href":"https:\/\/felgenforum.shop\/en\/wp-json\/wp\/v2\/product\/79911","targetHints":{"allow":["GET"]}}],"collection":[{"href":"https:\/\/felgenforum.shop\/en\/wp-json\/wp\/v2\/product"}],"about":[{"href":"https:\/\/felgenforum.shop\/en\/wp-json\/wp\/v2\/types\/product"}],"replies":[{"embeddable":true,"href":"https:\/\/felgenforum.shop\/en\/wp-json\/wp\/v2\/comments?post=79911"}],"wp:featuredmedia":[{"embeddable":true,"href":"https:\/\/felgenforum.shop\/en\/wp-json\/wp\/v2\/media\/79968"}],"wp:attachment":[{"href":"https:\/\/felgenforum.shop\/en\/wp-json\/wp\/v2\/media?parent=79911"}],"wp:term":[{"taxonomy":"product_brand","embeddable":true,"href":"https:\/\/felgenforum.shop\/en\/wp-json\/wp\/v2\/product_brand?post=79911"},{"taxonomy":"product_cat","embeddable":true,"href":"https:\/\/felgenforum.shop\/en\/wp-json\/wp\/v2\/product_cat?post=79911"},{"taxonomy":"product_tag","embeddable":true,"href":"https:\/\/felgenforum.shop\/en\/wp-json\/wp\/v2\/product_tag?post=79911"}],"curies":[{"name":"wp","href":"https:\/\/api.w.org\/{rel}","templated":true}]}}