{"id":241031,"date":"2026-04-09T13:25:05","date_gmt":"2026-04-09T11:25:05","guid":{"rendered":"https:\/\/felgenforum.shop\/?post_type=product&#038;p=241031"},"modified":"2026-04-09T13:25:46","modified_gmt":"2026-04-09T11:25:46","slug":"20-zoll-ff02-4x-sommer-komplettraeder-245-35-r20-fuer-bmw-3er-gt-f34","status":"publish","type":"product","link":"https:\/\/felgenforum.shop\/en\/product\/20-zoll-ff02-4x-sommer-komplettraeder-245-35-r20-fuer-bmw-3er-gt-f34\/","title":{"rendered":"20-inch FF02 4x summer complete wheels 245\/35 R20 for BMW 3 Series GT F34"},"content":{"rendered":"<h3>Welcome to an offer from Felgenforum.shop<\/h3>\n<ul>\n<li>In this offer we offer you a NEW set of FF-Wheels FF02 alloy wheels in glossy black including ABE.<\/li>\n<li>NEW &amp; in original packaging.<\/li>\n<\/ul>\n<h3>Scope of delivery:<\/h3>\n<ul>\n<li>4 x FF02 \u00a08,5&#215;20 ET35 5&#215;120 schwarz gl\u00e4nzend<\/li>\n<li>4x Sommerreifen nach aktuellem Tageseinkauf 245\/35 R20 95Y<\/li>\n<li>4x TPMS (pre-programmed)<\/li>\n<li>Complete mounting hardware (if required according to the ABE)<\/li>\n<li>4x Hubcaps FF-Wheels<\/li>\n<li>(Vehicle manufacturer&#039;s hubcap not included)<\/li>\n<li>1x Expert report (ABE)<\/li>\n<li>In most cases, the rims do not require registration. If you have any questions about fitment or registration requirements, our experienced team will be happy to assist you :).<\/li>\n<li>Please be sure to specify your vehicle after purchase.<\/li>\n<li>We offer this model in many other sizes and colors; please contact us if you have any other requests.<\/li>\n<\/ul>\n<h3>&gt;&gt;&gt;Complete wheels<\/h3>\n<ul>\n<\/ul>\n<h3>We are happy to offer you the desired rims as ready-to-install complete wheels with a tire of your choice.<\/h3>\n<ul>\n<li>Feel free to send us a non-binding inquiry :).<\/li>\n<li>The rims are the correct size for the following vehicles:<\/li>\n<\/ul>\n<h3>BMW<\/h3>\n<ul>\n<li>3 Series F30 F31 F34<\/li>\n<li>4 Series F32 F33 F36<\/li>\n<li>5 Series F10 (NOT F11)<\/li>\n<li>6 Series F07 F12 F13<\/li>\n<li>X1 E84<\/li>\n<li>X3 E83 F25<\/li>\n<li>X4 F26<\/li>\n<li>X5 E53<\/li>\n<li>X4 F26<\/li>\n<li>Z4 E85<\/li>\n<li>X5 E53<\/li>\n<\/ul>","protected":false},"excerpt":{"rendered":"<p>A set (4 pieces) of ready-to-use FF-Wheels complete wheels, professionally mounted and balanced.<\/p>\n<p><strong>Rim details:<\/strong> 8,5&#215;20 Zoll, Lochkreis 120 mm.<br \/><strong>Tire details:<\/strong> Daily shopping, tread depth: approx. new mm.<\/p>","protected":false},"featured_media":241032,"comment_status":"open","ping_status":"closed","template":"","meta":[],"product_brand":[],"product_cat":[1804,1582,1196],"product_tag":[],"class_list":{"0":"post-241031","1":"product","2":"type-product","3":"status-publish","4":"has-post-thumbnail","6":"product_cat-20-zoll-sommerraeder-bmw","7":"product_cat-bmw-komplettraeder-sommer","8":"product_cat-komplettraeder-sommer","9":"pa_anzahl-der-komplettraeder-1433","10":"pa_einpresstiefe-et-1460","11":"pa_fahrzeugmarke-bmw","12":"pa_fahrzeugtyp-allradfahrzeug","13":"pa_felgenbreite-8-5","14":"pa_felgenfarbe-schwarz","15":"pa_felgenhersteller-ff-wheels-2","16":"pa_felgenmaterial-aluminium","17":"pa_felgenmodell-ff02","18":"pa_herstellernummer-felge-2493","19":"pa_herstellernummer-reifen-2492","20":"pa_lochkreis-1494","21":"pa_lochzahl-1447","22":"pa_mittenlochbohrung-666-mm","23":"pa_profiltiefe-neu","24":"pa_reifenbauart-r-radialreifen","25":"pa_reifenbreite-1503","26":"pa_reifendurchmesser-1594","27":"pa_reifenhersteller-tageseinkauf","28":"pa_reifenquerschnitt-1434","29":"pa_reifenspezifikation-sommerreifen","30":"pa_run-flat-nein","31":"pa_schneeflocken-symbol-nein","32":"pa_ursprungsland-deutschland","33":"pa_zollgroesse-1499","35":"first","36":"instock","37":"sale","38":"taxable","39":"shipping-taxable","40":"purchasable","41":"product-type-simple"},"yoast_head":"<!-- This site is optimized with the Yoast SEO plugin v27.2 - https:\/\/yoast.com\/product\/yoast-seo-wordpress\/ -->\n<title>20 Zoll FF02 4x Sommer Komplettr\u00e4der 245\/35 R20 f\u00fcr BMW 3er GT F34 g\u00fcnstig kaufen - Felgenforum<\/title>\n<meta name=\"description\" content=\"20 Zoll FF02 4x Sommer Komplettr\u00e4der 245\/35 R20 f\u00fcr BMW 3er GT F34 online bestellen \u2794 Gepr\u00fcfte Qualit\u00e4t, Top Marken &amp; schneller Versand \u2714 Jetzt sicher bei Felgenforum kaufen!\" \/>\n<meta name=\"robots\" content=\"index, follow, max-snippet:-1, max-image-preview:large, max-video-preview:-1\" \/>\n<link rel=\"canonical\" href=\"https:\/\/felgenforum.shop\/en\/product\/20-zoll-ff02-4x-sommer-komplettraeder-245-35-r20-fuer-bmw-3er-gt-f34\/\" \/>\n<meta property=\"og:locale\" content=\"en_GB\" \/>\n<meta property=\"og:type\" content=\"article\" \/>\n<meta property=\"og:title\" content=\"20 Zoll FF02 4x Sommer Komplettr\u00e4der 245\/35 R20 f\u00fcr BMW 3er GT F34 g\u00fcnstig kaufen - Felgenforum\" \/>\n<meta property=\"og:description\" content=\"20 Zoll FF02 4x Sommer Komplettr\u00e4der 245\/35 R20 f\u00fcr BMW 3er GT F34 online bestellen \u2794 Gepr\u00fcfte Qualit\u00e4t, Top Marken &amp; schneller Versand \u2714 Jetzt sicher bei Felgenforum kaufen!\" \/>\n<meta property=\"og:url\" content=\"https:\/\/felgenforum.shop\/en\/product\/20-zoll-ff02-4x-sommer-komplettraeder-245-35-r20-fuer-bmw-3er-gt-f34\/\" \/>\n<meta property=\"og:site_name\" content=\"Felgenforum\" \/>\n<meta property=\"article:modified_time\" content=\"2026-04-09T11:25:46+00:00\" \/>\n<meta property=\"og:image\" content=\"https:\/\/felgenforum.shop\/wp-content\/uploads\/2026\/04\/ebay-product-241031-69d78cb9e416e.webp\" \/>\n\t<meta property=\"og:image:width\" content=\"1000\" \/>\n\t<meta property=\"og:image:height\" content=\"1000\" \/>\n\t<meta property=\"og:image:type\" content=\"image\/webp\" \/>\n<meta name=\"twitter:card\" content=\"summary_large_image\" \/>\n<meta name=\"twitter:label1\" content=\"Est. reading time\" \/>\n\t<meta name=\"twitter:data1\" content=\"1 minute\" \/>\n<script type=\"application\/ld+json\" class=\"yoast-schema-graph\">{\"@context\":\"https:\/\/schema.org\",\"@graph\":[{\"@type\":\"WebPage\",\"@id\":\"https:\/\/felgenforum.shop\/produkt\/20-zoll-ff02-4x-sommer-komplettraeder-245-35-r20-fuer-bmw-3er-gt-f34\/\",\"url\":\"https:\/\/felgenforum.shop\/produkt\/20-zoll-ff02-4x-sommer-komplettraeder-245-35-r20-fuer-bmw-3er-gt-f34\/\",\"name\":\"20 Zoll FF02 4x Sommer Komplettr\u00e4der 245\/35 R20 f\u00fcr BMW 3er GT F34 g\u00fcnstig kaufen - Felgenforum\",\"isPartOf\":{\"@id\":\"https:\/\/felgenforum.shop\/#website\"},\"primaryImageOfPage\":{\"@id\":\"https:\/\/felgenforum.shop\/produkt\/20-zoll-ff02-4x-sommer-komplettraeder-245-35-r20-fuer-bmw-3er-gt-f34\/#primaryimage\"},\"image\":{\"@id\":\"https:\/\/felgenforum.shop\/produkt\/20-zoll-ff02-4x-sommer-komplettraeder-245-35-r20-fuer-bmw-3er-gt-f34\/#primaryimage\"},\"thumbnailUrl\":\"https:\/\/felgenforum.shop\/wp-content\/uploads\/2026\/04\/ebay-product-241031-69d78cb9e416e.webp\",\"datePublished\":\"2026-04-09T11:25:05+00:00\",\"dateModified\":\"2026-04-09T11:25:46+00:00\",\"description\":\"20 Zoll FF02 4x Sommer Komplettr\u00e4der 245\/35 R20 f\u00fcr BMW 3er GT F34 online bestellen \u2794 Gepr\u00fcfte Qualit\u00e4t, Top Marken & schneller Versand \u2714 Jetzt sicher bei Felgenforum kaufen!\",\"breadcrumb\":{\"@id\":\"https:\/\/felgenforum.shop\/produkt\/20-zoll-ff02-4x-sommer-komplettraeder-245-35-r20-fuer-bmw-3er-gt-f34\/#breadcrumb\"},\"inLanguage\":\"en-GB\",\"potentialAction\":[{\"@type\":\"ReadAction\",\"target\":[\"https:\/\/felgenforum.shop\/produkt\/20-zoll-ff02-4x-sommer-komplettraeder-245-35-r20-fuer-bmw-3er-gt-f34\/\"]}]},{\"@type\":\"ImageObject\",\"inLanguage\":\"en-GB\",\"@id\":\"https:\/\/felgenforum.shop\/produkt\/20-zoll-ff02-4x-sommer-komplettraeder-245-35-r20-fuer-bmw-3er-gt-f34\/#primaryimage\",\"url\":\"https:\/\/felgenforum.shop\/wp-content\/uploads\/2026\/04\/ebay-product-241031-69d78cb9e416e.webp\",\"contentUrl\":\"https:\/\/felgenforum.shop\/wp-content\/uploads\/2026\/04\/ebay-product-241031-69d78cb9e416e.webp\",\"width\":1000,\"height\":1000},{\"@type\":\"BreadcrumbList\",\"@id\":\"https:\/\/felgenforum.shop\/produkt\/20-zoll-ff02-4x-sommer-komplettraeder-245-35-r20-fuer-bmw-3er-gt-f34\/#breadcrumb\",\"itemListElement\":[{\"@type\":\"ListItem\",\"position\":1,\"name\":\"Startseite\",\"item\":\"https:\/\/felgenforum.shop\/\"},{\"@type\":\"ListItem\",\"position\":2,\"name\":\"Shop\",\"item\":\"https:\/\/felgenforum.shop\/shop\/\"},{\"@type\":\"ListItem\",\"position\":3,\"name\":\"20 Zoll FF02 4x Sommer Komplettr\u00e4der 245\/35 R20 f\u00fcr BMW 3er GT F34\"}]},{\"@type\":\"WebSite\",\"@id\":\"https:\/\/felgenforum.shop\/#website\",\"url\":\"https:\/\/felgenforum.shop\/\",\"name\":\"Felgenforum\",\"description\":\"\",\"potentialAction\":[{\"@type\":\"SearchAction\",\"target\":{\"@type\":\"EntryPoint\",\"urlTemplate\":\"https:\/\/felgenforum.shop\/?s={search_term_string}\"},\"query-input\":{\"@type\":\"PropertyValueSpecification\",\"valueRequired\":true,\"valueName\":\"search_term_string\"}}],\"inLanguage\":\"en-GB\"}]}<\/script>\n<!-- \/ Yoast SEO plugin. -->","yoast_head_json":{"title":"20 Zoll FF02 4x Sommer Komplettr\u00e4der 245\/35 R20 f\u00fcr BMW 3er GT F34 g\u00fcnstig kaufen - Felgenforum","description":"20 Zoll FF02 4x Sommer Komplettr\u00e4der 245\/35 R20 f\u00fcr BMW 3er GT F34 online bestellen \u2794 Gepr\u00fcfte Qualit\u00e4t, Top Marken & schneller Versand \u2714 Jetzt sicher bei Felgenforum kaufen!","robots":{"index":"index","follow":"follow","max-snippet":"max-snippet:-1","max-image-preview":"max-image-preview:large","max-video-preview":"max-video-preview:-1"},"canonical":"https:\/\/felgenforum.shop\/en\/product\/20-zoll-ff02-4x-sommer-komplettraeder-245-35-r20-fuer-bmw-3er-gt-f34\/","og_locale":"en_GB","og_type":"article","og_title":"20 Zoll FF02 4x Sommer Komplettr\u00e4der 245\/35 R20 f\u00fcr BMW 3er GT F34 g\u00fcnstig kaufen - Felgenforum","og_description":"20 Zoll FF02 4x Sommer Komplettr\u00e4der 245\/35 R20 f\u00fcr BMW 3er GT F34 online bestellen \u2794 Gepr\u00fcfte Qualit\u00e4t, Top Marken & schneller Versand \u2714 Jetzt sicher bei Felgenforum kaufen!","og_url":"https:\/\/felgenforum.shop\/en\/product\/20-zoll-ff02-4x-sommer-komplettraeder-245-35-r20-fuer-bmw-3er-gt-f34\/","og_site_name":"Felgenforum","article_modified_time":"2026-04-09T11:25:46+00:00","og_image":[{"width":1000,"height":1000,"url":"https:\/\/felgenforum.shop\/wp-content\/uploads\/2026\/04\/ebay-product-241031-69d78cb9e416e.webp","type":"image\/webp"}],"twitter_card":"summary_large_image","twitter_misc":{"Est. reading time":"1 minute"},"schema":{"@context":"https:\/\/schema.org","@graph":[{"@type":"WebPage","@id":"https:\/\/felgenforum.shop\/produkt\/20-zoll-ff02-4x-sommer-komplettraeder-245-35-r20-fuer-bmw-3er-gt-f34\/","url":"https:\/\/felgenforum.shop\/produkt\/20-zoll-ff02-4x-sommer-komplettraeder-245-35-r20-fuer-bmw-3er-gt-f34\/","name":"20 Zoll FF02 4x Sommer Komplettr\u00e4der 245\/35 R20 f\u00fcr BMW 3er GT F34 g\u00fcnstig kaufen - Felgenforum","isPartOf":{"@id":"https:\/\/felgenforum.shop\/#website"},"primaryImageOfPage":{"@id":"https:\/\/felgenforum.shop\/produkt\/20-zoll-ff02-4x-sommer-komplettraeder-245-35-r20-fuer-bmw-3er-gt-f34\/#primaryimage"},"image":{"@id":"https:\/\/felgenforum.shop\/produkt\/20-zoll-ff02-4x-sommer-komplettraeder-245-35-r20-fuer-bmw-3er-gt-f34\/#primaryimage"},"thumbnailUrl":"https:\/\/felgenforum.shop\/wp-content\/uploads\/2026\/04\/ebay-product-241031-69d78cb9e416e.webp","datePublished":"2026-04-09T11:25:05+00:00","dateModified":"2026-04-09T11:25:46+00:00","description":"20 Zoll FF02 4x Sommer Komplettr\u00e4der 245\/35 R20 f\u00fcr BMW 3er GT F34 online bestellen \u2794 Gepr\u00fcfte Qualit\u00e4t, Top Marken & schneller Versand \u2714 Jetzt sicher bei Felgenforum kaufen!","breadcrumb":{"@id":"https:\/\/felgenforum.shop\/produkt\/20-zoll-ff02-4x-sommer-komplettraeder-245-35-r20-fuer-bmw-3er-gt-f34\/#breadcrumb"},"inLanguage":"en-GB","potentialAction":[{"@type":"ReadAction","target":["https:\/\/felgenforum.shop\/produkt\/20-zoll-ff02-4x-sommer-komplettraeder-245-35-r20-fuer-bmw-3er-gt-f34\/"]}]},{"@type":"ImageObject","inLanguage":"en-GB","@id":"https:\/\/felgenforum.shop\/produkt\/20-zoll-ff02-4x-sommer-komplettraeder-245-35-r20-fuer-bmw-3er-gt-f34\/#primaryimage","url":"https:\/\/felgenforum.shop\/wp-content\/uploads\/2026\/04\/ebay-product-241031-69d78cb9e416e.webp","contentUrl":"https:\/\/felgenforum.shop\/wp-content\/uploads\/2026\/04\/ebay-product-241031-69d78cb9e416e.webp","width":1000,"height":1000},{"@type":"BreadcrumbList","@id":"https:\/\/felgenforum.shop\/produkt\/20-zoll-ff02-4x-sommer-komplettraeder-245-35-r20-fuer-bmw-3er-gt-f34\/#breadcrumb","itemListElement":[{"@type":"ListItem","position":1,"name":"Startseite","item":"https:\/\/felgenforum.shop\/"},{"@type":"ListItem","position":2,"name":"Shop","item":"https:\/\/felgenforum.shop\/shop\/"},{"@type":"ListItem","position":3,"name":"20 Zoll FF02 4x Sommer Komplettr\u00e4der 245\/35 R20 f\u00fcr BMW 3er GT F34"}]},{"@type":"WebSite","@id":"https:\/\/felgenforum.shop\/#website","url":"https:\/\/felgenforum.shop\/","name":"Rim forum","description":"","potentialAction":[{"@type":"SearchAction","target":{"@type":"EntryPoint","urlTemplate":"https:\/\/felgenforum.shop\/?s={search_term_string}"},"query-input":{"@type":"PropertyValueSpecification","valueRequired":true,"valueName":"search_term_string"}}],"inLanguage":"en-GB"}]}},"_links":{"self":[{"href":"https:\/\/felgenforum.shop\/en\/wp-json\/wp\/v2\/product\/241031","targetHints":{"allow":["GET"]}}],"collection":[{"href":"https:\/\/felgenforum.shop\/en\/wp-json\/wp\/v2\/product"}],"about":[{"href":"https:\/\/felgenforum.shop\/en\/wp-json\/wp\/v2\/types\/product"}],"replies":[{"embeddable":true,"href":"https:\/\/felgenforum.shop\/en\/wp-json\/wp\/v2\/comments?post=241031"}],"wp:featuredmedia":[{"embeddable":true,"href":"https:\/\/felgenforum.shop\/en\/wp-json\/wp\/v2\/media\/241032"}],"wp:attachment":[{"href":"https:\/\/felgenforum.shop\/en\/wp-json\/wp\/v2\/media?parent=241031"}],"wp:term":[{"taxonomy":"product_brand","embeddable":true,"href":"https:\/\/felgenforum.shop\/en\/wp-json\/wp\/v2\/product_brand?post=241031"},{"taxonomy":"product_cat","embeddable":true,"href":"https:\/\/felgenforum.shop\/en\/wp-json\/wp\/v2\/product_cat?post=241031"},{"taxonomy":"product_tag","embeddable":true,"href":"https:\/\/felgenforum.shop\/en\/wp-json\/wp\/v2\/product_tag?post=241031"}],"curies":[{"name":"wp","href":"https:\/\/api.w.org\/{rel}","templated":true}]}}