{"id":241024,"date":"2026-04-09T10:25:17","date_gmt":"2026-04-09T08:25:17","guid":{"rendered":"https:\/\/felgenforum.shop\/?post_type=product&#038;p=241024"},"modified":"2026-04-09T10:26:02","modified_gmt":"2026-04-09T08:26:02","slug":"19-zoll-ff01-sommerraeder-sommerreifen-sommerkomplettraeder-fuer-mini-jcw","status":"publish","type":"product","link":"https:\/\/felgenforum.shop\/en\/product\/19-zoll-ff01-sommerraeder-sommerreifen-sommerkomplettraeder-fuer-mini-jcw\/","title":{"rendered":"19-inch FF01 summer wheels, summer tires, complete summer wheel sets for MINI JCW"},"content":{"rendered":"<h3>Welcome to an offer from Felgenforum.shop<\/h3>\n<ul>\n<li>In diesem Angebote bieten wir Ihnen hier\u00a0einen NEUEN Satz Sommerkomplettr\u00e4der in bronze matt\u00a0inkl ABE an.<\/li>\n<li>4x fully pre-assembled and balanced complete wheels<\/li>\n<li>consisting of:<\/li>\n<li>4x Alufelge FF-Wheels FF01 bronze 8,5&#215;19 ET45 LK5\/112<\/li>\n<li>+<\/li>\n<li>4x Sommerreifen 225\/35 R19 91Y aus aktuellem Tageseinkauf<\/li>\n<li>fully assembled and balanced<\/li>\n<li>(including black weights and black metal valves)<\/li>\n<li>NEW &amp; in original packaging.<\/li>\n<\/ul>\n<h3>Scope of delivery:<\/h3>\n<ul>\n<li>4 x FF-Wheels FF01 8,5&#215;19 ET45 5&#215;112 bronze matt<\/li>\n<li>Complete mounting hardware (if required according to the ABE)<\/li>\n<li>4x summer tires from current daily purchase 235\/35 R19 91Y<\/li>\n<li>4x Hubcaps FF-Wheels<\/li>\n<li>(Vehicle manufacturer&#039;s hubcap not included)<\/li>\n<li>1x Expert report (ABE)<\/li>\n<li>The complete wheel sets are suitable and registration-free with ABE for most vehicles.<\/li>\n<li>Please be sure to specify your vehicle after purchase.<\/li>\n<li>We offer this model in many other sizes and colors; please contact us if you have any other requests.<\/li>\n<li>TPMS sensors are available for \u20ac34 each. Please ask our team if your vehicle has an active tire pressure monitoring system.<\/li>\n<li>&gt;&gt;&gt;Wishful tires<\/li>\n<li>Do you have a specific request regarding tire brand or tire quality? No problem!<\/li>\n<li>We would be happy to create individual complete wheel offers for you :).<\/li>\n<li>The complete wheels are suitable for, among others:<\/li>\n<\/ul>\n<h3>BMW<\/h3>\n<ul>\n<li>X3 F25<\/li>\n<li>X4 F26<\/li>\n<\/ul>","protected":false},"excerpt":{"rendered":"<p>A set (4 pieces) of ready-to-drive FF Wheels complete wheels, professionally mounted and balanced.<\/p>\n<p><strong>Rim details:<\/strong> 8,5&#215;19 Zoll, Lochkreis 112.<br \/><strong>Tire details:<\/strong> Triangle, Goodride, Fortuna, Imperial, Superia. .<\/p>","protected":false},"featured_media":241028,"comment_status":"open","ping_status":"closed","template":"","meta":[],"product_brand":[],"product_cat":[1583,1582,1196],"product_tag":[],"class_list":{"0":"post-241024","1":"product","2":"type-product","3":"status-publish","4":"has-post-thumbnail","6":"product_cat-19-zoll-sommerraeder-bmw","7":"product_cat-bmw-komplettraeder-sommer","8":"product_cat-komplettraeder-sommer","9":"pa_anzahl-der-komplettraeder-1433","10":"pa_einpresstiefe-et-1508","11":"pa_externes-rollger-db-klass-b","12":"pa_felgenbreite-8-5","13":"pa_felgenhersteller-ff-wheels","14":"pa_felgenmaterial-aluminium","15":"pa_felgenmodell-ff01","16":"pa_geschwindigkeitsindex-y-bis-300-km-h","17":"pa_herstellernummer-felge-1505","18":"pa_herstellernummer-reifen-tageseinkauf","19":"pa_kraftstoff-a-g-c","20":"pa_lastbereich-xl","21":"pa_lochkreis-1439","22":"pa_lochzahl-1447","23":"pa_nasshaft-a-g-c","24":"pa_reifenbreite-1511","25":"pa_reifendurchmesser-1436","26":"pa_reifenhersteller-triangle-goodride-fortuna-imperial-superia","27":"pa_reifenquerschnitt-1434","28":"pa_reifenspezifikation-sommerreifen","29":"pa_run-flat-nein","30":"pa_zollgroesse-1448","32":"first","33":"instock","34":"sale","35":"taxable","36":"shipping-taxable","37":"purchasable","38":"product-type-simple"},"yoast_head":"<!-- This site is optimized with the Yoast SEO plugin v27.2 - https:\/\/yoast.com\/product\/yoast-seo-wordpress\/ -->\n<title>19 Zoll FF01 Sommerr\u00e4der Sommerreifen Sommerkomplettr\u00e4der f\u00fcr MINI JCW g\u00fcnstig kaufen - Felgenforum<\/title>\n<meta name=\"description\" content=\"19 Zoll FF01 Sommerr\u00e4der Sommerreifen Sommerkomplettr\u00e4der f\u00fcr MINI JCW online bestellen \u2794 Gepr\u00fcfte Qualit\u00e4t, Top Marken &amp; schneller Versand \u2714 Jetzt sicher bei Felgenforum kaufen!\" \/>\n<meta name=\"robots\" content=\"index, follow, max-snippet:-1, max-image-preview:large, max-video-preview:-1\" \/>\n<link rel=\"canonical\" href=\"https:\/\/felgenforum.shop\/en\/product\/19-zoll-ff01-sommerraeder-sommerreifen-sommerkomplettraeder-fuer-mini-jcw\/\" \/>\n<meta property=\"og:locale\" content=\"en_GB\" \/>\n<meta property=\"og:type\" content=\"article\" \/>\n<meta property=\"og:title\" content=\"19 Zoll FF01 Sommerr\u00e4der Sommerreifen Sommerkomplettr\u00e4der f\u00fcr MINI JCW g\u00fcnstig kaufen - Felgenforum\" \/>\n<meta property=\"og:description\" content=\"19 Zoll FF01 Sommerr\u00e4der Sommerreifen Sommerkomplettr\u00e4der f\u00fcr MINI JCW online bestellen \u2794 Gepr\u00fcfte Qualit\u00e4t, Top Marken &amp; schneller Versand \u2714 Jetzt sicher bei Felgenforum kaufen!\" \/>\n<meta property=\"og:url\" content=\"https:\/\/felgenforum.shop\/en\/product\/19-zoll-ff01-sommerraeder-sommerreifen-sommerkomplettraeder-fuer-mini-jcw\/\" \/>\n<meta property=\"og:site_name\" content=\"Felgenforum\" \/>\n<meta property=\"article:modified_time\" content=\"2026-04-09T08:26:02+00:00\" \/>\n<meta property=\"og:image\" content=\"https:\/\/felgenforum.shop\/wp-content\/uploads\/2026\/04\/ebay-product-241024-69d76298c2d99.webp\" \/>\n\t<meta property=\"og:image:width\" content=\"1000\" \/>\n\t<meta property=\"og:image:height\" content=\"1000\" \/>\n\t<meta property=\"og:image:type\" content=\"image\/webp\" \/>\n<meta name=\"twitter:card\" content=\"summary_large_image\" \/>\n<meta name=\"twitter:label1\" content=\"Est. reading time\" \/>\n\t<meta name=\"twitter:data1\" content=\"1 minute\" \/>\n<script type=\"application\/ld+json\" class=\"yoast-schema-graph\">{\"@context\":\"https:\/\/schema.org\",\"@graph\":[{\"@type\":\"WebPage\",\"@id\":\"https:\/\/felgenforum.shop\/produkt\/19-zoll-ff01-sommerraeder-sommerreifen-sommerkomplettraeder-fuer-mini-jcw\/\",\"url\":\"https:\/\/felgenforum.shop\/produkt\/19-zoll-ff01-sommerraeder-sommerreifen-sommerkomplettraeder-fuer-mini-jcw\/\",\"name\":\"19 Zoll FF01 Sommerr\u00e4der Sommerreifen Sommerkomplettr\u00e4der f\u00fcr MINI JCW g\u00fcnstig kaufen - Felgenforum\",\"isPartOf\":{\"@id\":\"https:\/\/felgenforum.shop\/#website\"},\"primaryImageOfPage\":{\"@id\":\"https:\/\/felgenforum.shop\/produkt\/19-zoll-ff01-sommerraeder-sommerreifen-sommerkomplettraeder-fuer-mini-jcw\/#primaryimage\"},\"image\":{\"@id\":\"https:\/\/felgenforum.shop\/produkt\/19-zoll-ff01-sommerraeder-sommerreifen-sommerkomplettraeder-fuer-mini-jcw\/#primaryimage\"},\"thumbnailUrl\":\"https:\/\/felgenforum.shop\/wp-content\/uploads\/2026\/04\/ebay-product-241024-69d76298c2d99.webp\",\"datePublished\":\"2026-04-09T08:25:17+00:00\",\"dateModified\":\"2026-04-09T08:26:02+00:00\",\"description\":\"19 Zoll FF01 Sommerr\u00e4der Sommerreifen Sommerkomplettr\u00e4der f\u00fcr MINI JCW online bestellen \u2794 Gepr\u00fcfte Qualit\u00e4t, Top Marken & schneller Versand \u2714 Jetzt sicher bei Felgenforum kaufen!\",\"breadcrumb\":{\"@id\":\"https:\/\/felgenforum.shop\/produkt\/19-zoll-ff01-sommerraeder-sommerreifen-sommerkomplettraeder-fuer-mini-jcw\/#breadcrumb\"},\"inLanguage\":\"en-GB\",\"potentialAction\":[{\"@type\":\"ReadAction\",\"target\":[\"https:\/\/felgenforum.shop\/produkt\/19-zoll-ff01-sommerraeder-sommerreifen-sommerkomplettraeder-fuer-mini-jcw\/\"]}]},{\"@type\":\"ImageObject\",\"inLanguage\":\"en-GB\",\"@id\":\"https:\/\/felgenforum.shop\/produkt\/19-zoll-ff01-sommerraeder-sommerreifen-sommerkomplettraeder-fuer-mini-jcw\/#primaryimage\",\"url\":\"https:\/\/felgenforum.shop\/wp-content\/uploads\/2026\/04\/ebay-product-241024-69d76298c2d99.webp\",\"contentUrl\":\"https:\/\/felgenforum.shop\/wp-content\/uploads\/2026\/04\/ebay-product-241024-69d76298c2d99.webp\",\"width\":1000,\"height\":1000},{\"@type\":\"BreadcrumbList\",\"@id\":\"https:\/\/felgenforum.shop\/produkt\/19-zoll-ff01-sommerraeder-sommerreifen-sommerkomplettraeder-fuer-mini-jcw\/#breadcrumb\",\"itemListElement\":[{\"@type\":\"ListItem\",\"position\":1,\"name\":\"Startseite\",\"item\":\"https:\/\/felgenforum.shop\/\"},{\"@type\":\"ListItem\",\"position\":2,\"name\":\"Shop\",\"item\":\"https:\/\/felgenforum.shop\/shop\/\"},{\"@type\":\"ListItem\",\"position\":3,\"name\":\"19 Zoll FF01 Sommerr\u00e4der Sommerreifen Sommerkomplettr\u00e4der f\u00fcr MINI JCW\"}]},{\"@type\":\"WebSite\",\"@id\":\"https:\/\/felgenforum.shop\/#website\",\"url\":\"https:\/\/felgenforum.shop\/\",\"name\":\"Felgenforum\",\"description\":\"\",\"potentialAction\":[{\"@type\":\"SearchAction\",\"target\":{\"@type\":\"EntryPoint\",\"urlTemplate\":\"https:\/\/felgenforum.shop\/?s={search_term_string}\"},\"query-input\":{\"@type\":\"PropertyValueSpecification\",\"valueRequired\":true,\"valueName\":\"search_term_string\"}}],\"inLanguage\":\"en-GB\"}]}<\/script>\n<!-- \/ Yoast SEO plugin. -->","yoast_head_json":{"title":"19 Zoll FF01 Sommerr\u00e4der Sommerreifen Sommerkomplettr\u00e4der f\u00fcr MINI JCW g\u00fcnstig kaufen - Felgenforum","description":"19 Zoll FF01 Sommerr\u00e4der Sommerreifen Sommerkomplettr\u00e4der f\u00fcr MINI JCW online bestellen \u2794 Gepr\u00fcfte Qualit\u00e4t, Top Marken & schneller Versand \u2714 Jetzt sicher bei Felgenforum kaufen!","robots":{"index":"index","follow":"follow","max-snippet":"max-snippet:-1","max-image-preview":"max-image-preview:large","max-video-preview":"max-video-preview:-1"},"canonical":"https:\/\/felgenforum.shop\/en\/product\/19-zoll-ff01-sommerraeder-sommerreifen-sommerkomplettraeder-fuer-mini-jcw\/","og_locale":"en_GB","og_type":"article","og_title":"19 Zoll FF01 Sommerr\u00e4der Sommerreifen Sommerkomplettr\u00e4der f\u00fcr MINI JCW g\u00fcnstig kaufen - Felgenforum","og_description":"19 Zoll FF01 Sommerr\u00e4der Sommerreifen Sommerkomplettr\u00e4der f\u00fcr MINI JCW online bestellen \u2794 Gepr\u00fcfte Qualit\u00e4t, Top Marken & schneller Versand \u2714 Jetzt sicher bei Felgenforum kaufen!","og_url":"https:\/\/felgenforum.shop\/en\/product\/19-zoll-ff01-sommerraeder-sommerreifen-sommerkomplettraeder-fuer-mini-jcw\/","og_site_name":"Felgenforum","article_modified_time":"2026-04-09T08:26:02+00:00","og_image":[{"width":1000,"height":1000,"url":"https:\/\/felgenforum.shop\/wp-content\/uploads\/2026\/04\/ebay-product-241024-69d76298c2d99.webp","type":"image\/webp"}],"twitter_card":"summary_large_image","twitter_misc":{"Est. reading time":"1 minute"},"schema":{"@context":"https:\/\/schema.org","@graph":[{"@type":"WebPage","@id":"https:\/\/felgenforum.shop\/produkt\/19-zoll-ff01-sommerraeder-sommerreifen-sommerkomplettraeder-fuer-mini-jcw\/","url":"https:\/\/felgenforum.shop\/produkt\/19-zoll-ff01-sommerraeder-sommerreifen-sommerkomplettraeder-fuer-mini-jcw\/","name":"19 Zoll FF01 Sommerr\u00e4der Sommerreifen Sommerkomplettr\u00e4der f\u00fcr MINI JCW g\u00fcnstig kaufen - Felgenforum","isPartOf":{"@id":"https:\/\/felgenforum.shop\/#website"},"primaryImageOfPage":{"@id":"https:\/\/felgenforum.shop\/produkt\/19-zoll-ff01-sommerraeder-sommerreifen-sommerkomplettraeder-fuer-mini-jcw\/#primaryimage"},"image":{"@id":"https:\/\/felgenforum.shop\/produkt\/19-zoll-ff01-sommerraeder-sommerreifen-sommerkomplettraeder-fuer-mini-jcw\/#primaryimage"},"thumbnailUrl":"https:\/\/felgenforum.shop\/wp-content\/uploads\/2026\/04\/ebay-product-241024-69d76298c2d99.webp","datePublished":"2026-04-09T08:25:17+00:00","dateModified":"2026-04-09T08:26:02+00:00","description":"19 Zoll FF01 Sommerr\u00e4der Sommerreifen Sommerkomplettr\u00e4der f\u00fcr MINI JCW online bestellen \u2794 Gepr\u00fcfte Qualit\u00e4t, Top Marken & schneller Versand \u2714 Jetzt sicher bei Felgenforum kaufen!","breadcrumb":{"@id":"https:\/\/felgenforum.shop\/produkt\/19-zoll-ff01-sommerraeder-sommerreifen-sommerkomplettraeder-fuer-mini-jcw\/#breadcrumb"},"inLanguage":"en-GB","potentialAction":[{"@type":"ReadAction","target":["https:\/\/felgenforum.shop\/produkt\/19-zoll-ff01-sommerraeder-sommerreifen-sommerkomplettraeder-fuer-mini-jcw\/"]}]},{"@type":"ImageObject","inLanguage":"en-GB","@id":"https:\/\/felgenforum.shop\/produkt\/19-zoll-ff01-sommerraeder-sommerreifen-sommerkomplettraeder-fuer-mini-jcw\/#primaryimage","url":"https:\/\/felgenforum.shop\/wp-content\/uploads\/2026\/04\/ebay-product-241024-69d76298c2d99.webp","contentUrl":"https:\/\/felgenforum.shop\/wp-content\/uploads\/2026\/04\/ebay-product-241024-69d76298c2d99.webp","width":1000,"height":1000},{"@type":"BreadcrumbList","@id":"https:\/\/felgenforum.shop\/produkt\/19-zoll-ff01-sommerraeder-sommerreifen-sommerkomplettraeder-fuer-mini-jcw\/#breadcrumb","itemListElement":[{"@type":"ListItem","position":1,"name":"Startseite","item":"https:\/\/felgenforum.shop\/"},{"@type":"ListItem","position":2,"name":"Shop","item":"https:\/\/felgenforum.shop\/shop\/"},{"@type":"ListItem","position":3,"name":"19 Zoll FF01 Sommerr\u00e4der Sommerreifen Sommerkomplettr\u00e4der f\u00fcr MINI JCW"}]},{"@type":"WebSite","@id":"https:\/\/felgenforum.shop\/#website","url":"https:\/\/felgenforum.shop\/","name":"Rim forum","description":"","potentialAction":[{"@type":"SearchAction","target":{"@type":"EntryPoint","urlTemplate":"https:\/\/felgenforum.shop\/?s={search_term_string}"},"query-input":{"@type":"PropertyValueSpecification","valueRequired":true,"valueName":"search_term_string"}}],"inLanguage":"en-GB"}]}},"_links":{"self":[{"href":"https:\/\/felgenforum.shop\/en\/wp-json\/wp\/v2\/product\/241024","targetHints":{"allow":["GET"]}}],"collection":[{"href":"https:\/\/felgenforum.shop\/en\/wp-json\/wp\/v2\/product"}],"about":[{"href":"https:\/\/felgenforum.shop\/en\/wp-json\/wp\/v2\/types\/product"}],"replies":[{"embeddable":true,"href":"https:\/\/felgenforum.shop\/en\/wp-json\/wp\/v2\/comments?post=241024"}],"wp:featuredmedia":[{"embeddable":true,"href":"https:\/\/felgenforum.shop\/en\/wp-json\/wp\/v2\/media\/241028"}],"wp:attachment":[{"href":"https:\/\/felgenforum.shop\/en\/wp-json\/wp\/v2\/media?parent=241024"}],"wp:term":[{"taxonomy":"product_brand","embeddable":true,"href":"https:\/\/felgenforum.shop\/en\/wp-json\/wp\/v2\/product_brand?post=241024"},{"taxonomy":"product_cat","embeddable":true,"href":"https:\/\/felgenforum.shop\/en\/wp-json\/wp\/v2\/product_cat?post=241024"},{"taxonomy":"product_tag","embeddable":true,"href":"https:\/\/felgenforum.shop\/en\/wp-json\/wp\/v2\/product_tag?post=241024"}],"curies":[{"name":"wp","href":"https:\/\/api.w.org\/{rel}","templated":true}]}}