{"id":241023,"date":"2026-04-09T10:25:04","date_gmt":"2026-04-09T08:25:04","guid":{"rendered":"https:\/\/felgenforum.shop\/?post_type=product&#038;p=241023"},"modified":"2026-04-09T10:25:56","modified_gmt":"2026-04-09T08:25:56","slug":"19-zoll-allwetterraeder-komplettraeder-ganzjahr-fuer-bmw-3er-g21-g20-4er-g3c-g23-2","status":"publish","type":"product","link":"https:\/\/felgenforum.shop\/en\/product\/19-zoll-allwetterraeder-komplettraeder-ganzjahr-fuer-bmw-3er-g21-g20-4er-g3c-g23-2\/","title":{"rendered":"19-inch all-weather wheels, complete wheels for all seasons, for BMW 3 Series G21 G20 and 4 Series G3c G23"},"content":{"rendered":"<h3>Welcome to an offer from Felgenforum.shop<\/h3>\n<ul>\n<li>In this offer we offer you a NEW all-weather wheel Damina DM08 alloy rim in glossy anthracite including ABE.<\/li>\n<li>NEW &amp; in original packaging.<\/li>\n<\/ul>\n<h3>Scope of delivery:<\/h3>\n<ul>\n<li>4 x\u00a0DM08\u00a08,5&#215;19 ET30 5&#215;112 anthrazit gl\u00e4nzend<\/li>\n<li>2x Allwetterreifen Goodride Allseason Elite Z-401 XL 225\/40R19 93W<\/li>\n<li>2x Allwetterreifen Goodride Allseason Elite Z-401 XL 255\/35R19 96W<\/li>\n<li>4x TPMS (pre-programmed)<\/li>\n<li>Complete mounting hardware (if required according to the ABE)<\/li>\n<li>4x Damina hubcaps<\/li>\n<li>1x Expert report (ABE)<\/li>\n<li>In most cases, the rims do not require registration. If you have any questions about fitment or registration requirements, our experienced team will be happy to assist you :).<\/li>\n<li>Please be sure to specify your vehicle after purchase.<\/li>\n<li>We offer this model in many other sizes and colors; please contact us if you have any other requests.<\/li>\n<\/ul>\n<h3>&gt;&gt;&gt;Complete wheels<\/h3>\n<ul>\n<\/ul>\n<h3>We are happy to offer you the desired rims as ready-to-install complete wheels with a tire of your choice.<\/h3>\n<ul>\n<li>Feel free to send us a non-binding inquiry :).<\/li>\n<li>The wheels are the right size for the following vehicles:<\/li>\n<\/ul>\n<h3>BMW<\/h3>\n<ul>\n<li>2 Series G2C G42<\/li>\n<li>3 Series G20 G21 G3L G3K<\/li>\n<li>4er G3C G23\u00a0<\/li>\n<\/ul>","protected":false},"excerpt":{"rendered":"<p>A set (4 pieces) of ready-to-ride Damina complete wheels, professionally mounted and balanced.<\/p>\n<p><strong>Rim details:<\/strong> 8,5&#215;19 Zoll, Lochkreis 112 mm.<br \/><strong>Tire details:<\/strong> Goodride , Profiltiefe: ca. NEU mm.<\/p>","protected":false},"featured_media":241025,"comment_status":"open","ping_status":"closed","template":"","meta":[],"product_brand":[],"product_cat":[1263,1205,1204],"product_tag":[],"class_list":{"0":"post-241023","1":"product","2":"type-product","3":"status-publish","4":"has-post-thumbnail","6":"product_cat-19-zoll-winterraeder-bmw","7":"product_cat-bmw","8":"product_cat-komplettraeder-winter","9":"pa_anzahl-der-komplettraeder-1433","10":"pa_einpresstiefe-et-1450","11":"pa_eisgriffigkeit-ja","12":"pa_fahrzeugmarke-bmw","13":"pa_fahrzeugtyp-allradfahrzeug","14":"pa_felgenaufbau-einteilig-gegossen","15":"pa_felgenbreite-8-5","16":"pa_felgendesign-10-speichen","17":"pa_felgenfarbe-anthrazit","18":"pa_felgenhersteller-damina","19":"pa_felgenmaterial-aluminium","20":"pa_felgenmodell-dm08","21":"pa_geschwindigkeitsindex-y-bis-300-km-h","22":"pa_herstellernummer-felge-1805","23":"pa_lastbereich-xl","24":"pa_lochkreis-1439","25":"pa_lochzahl-1447","26":"pa_mittenlochbohrung-666-mm","27":"pa_profiltiefe-neu","28":"pa_reifenbauart-r-radialreifen","29":"pa_reifenbreite-1432","30":"pa_reifendurchmesser-1436","31":"pa_reifenhersteller-goodride","32":"pa_reifenquerschnitt-1571","33":"pa_reifenspezifikation-ganzjahresreifen","34":"pa_run-flat-nein","35":"pa_schneeflocken-symbol-ja","36":"pa_tragfaehigkeitsindex-93-max-650-kg-je-reifen","37":"pa_zollgroesse-1448","39":"first","40":"instock","41":"sale","42":"taxable","43":"shipping-taxable","44":"purchasable","45":"product-type-simple"},"yoast_head":"<!-- This site is optimized with the Yoast SEO plugin v27.2 - https:\/\/yoast.com\/product\/yoast-seo-wordpress\/ -->\n<title>19 Zoll Allwetterr\u00e4der Komplettr\u00e4der Ganzjahr f\u00fcr BMW 3er G21 G20 4er G3c G23 g\u00fcnstig kaufen - Felgenforum<\/title>\n<meta name=\"description\" content=\"19 Zoll Allwetterr\u00e4der Komplettr\u00e4der Ganzjahr f\u00fcr BMW 3er G21 G20 4er G3c G23 online bestellen \u2794 Gepr\u00fcfte Qualit\u00e4t, Top Marken &amp; schneller Versand \u2714 Jetzt sicher bei Felgenforum kaufen!\" \/>\n<meta name=\"robots\" content=\"index, follow, max-snippet:-1, max-image-preview:large, max-video-preview:-1\" \/>\n<link rel=\"canonical\" href=\"https:\/\/felgenforum.shop\/en\/product\/19-zoll-allwetterraeder-komplettraeder-ganzjahr-fuer-bmw-3er-g21-g20-4er-g3c-g23-2\/\" \/>\n<meta property=\"og:locale\" content=\"en_GB\" \/>\n<meta property=\"og:type\" content=\"article\" \/>\n<meta property=\"og:title\" content=\"19 Zoll Allwetterr\u00e4der Komplettr\u00e4der Ganzjahr f\u00fcr BMW 3er G21 G20 4er G3c G23 g\u00fcnstig kaufen - Felgenforum\" \/>\n<meta property=\"og:description\" content=\"19 Zoll Allwetterr\u00e4der Komplettr\u00e4der Ganzjahr f\u00fcr BMW 3er G21 G20 4er G3c G23 online bestellen \u2794 Gepr\u00fcfte Qualit\u00e4t, Top Marken &amp; schneller Versand \u2714 Jetzt sicher bei Felgenforum kaufen!\" \/>\n<meta property=\"og:url\" content=\"https:\/\/felgenforum.shop\/en\/product\/19-zoll-allwetterraeder-komplettraeder-ganzjahr-fuer-bmw-3er-g21-g20-4er-g3c-g23-2\/\" \/>\n<meta property=\"og:site_name\" content=\"Felgenforum\" \/>\n<meta property=\"article:modified_time\" content=\"2026-04-09T08:25:56+00:00\" \/>\n<meta property=\"og:image\" content=\"https:\/\/felgenforum.shop\/wp-content\/uploads\/2026\/04\/ebay-product-241023-69d7629383b87.webp\" \/>\n\t<meta property=\"og:image:width\" content=\"1000\" \/>\n\t<meta property=\"og:image:height\" content=\"1000\" \/>\n\t<meta property=\"og:image:type\" content=\"image\/webp\" \/>\n<meta name=\"twitter:card\" content=\"summary_large_image\" \/>\n<meta name=\"twitter:label1\" content=\"Est. reading time\" \/>\n\t<meta name=\"twitter:data1\" content=\"1 minute\" \/>\n<script type=\"application\/ld+json\" class=\"yoast-schema-graph\">{\"@context\":\"https:\/\/schema.org\",\"@graph\":[{\"@type\":\"WebPage\",\"@id\":\"https:\/\/felgenforum.shop\/produkt\/19-zoll-allwetterraeder-komplettraeder-ganzjahr-fuer-bmw-3er-g21-g20-4er-g3c-g23-2\/\",\"url\":\"https:\/\/felgenforum.shop\/produkt\/19-zoll-allwetterraeder-komplettraeder-ganzjahr-fuer-bmw-3er-g21-g20-4er-g3c-g23-2\/\",\"name\":\"19 Zoll Allwetterr\u00e4der Komplettr\u00e4der Ganzjahr f\u00fcr BMW 3er G21 G20 4er G3c G23 g\u00fcnstig kaufen - Felgenforum\",\"isPartOf\":{\"@id\":\"https:\/\/felgenforum.shop\/#website\"},\"primaryImageOfPage\":{\"@id\":\"https:\/\/felgenforum.shop\/produkt\/19-zoll-allwetterraeder-komplettraeder-ganzjahr-fuer-bmw-3er-g21-g20-4er-g3c-g23-2\/#primaryimage\"},\"image\":{\"@id\":\"https:\/\/felgenforum.shop\/produkt\/19-zoll-allwetterraeder-komplettraeder-ganzjahr-fuer-bmw-3er-g21-g20-4er-g3c-g23-2\/#primaryimage\"},\"thumbnailUrl\":\"https:\/\/felgenforum.shop\/wp-content\/uploads\/2026\/04\/ebay-product-241023-69d7629383b87.webp\",\"datePublished\":\"2026-04-09T08:25:04+00:00\",\"dateModified\":\"2026-04-09T08:25:56+00:00\",\"description\":\"19 Zoll Allwetterr\u00e4der Komplettr\u00e4der Ganzjahr f\u00fcr BMW 3er G21 G20 4er G3c G23 online bestellen \u2794 Gepr\u00fcfte Qualit\u00e4t, Top Marken & schneller Versand \u2714 Jetzt sicher bei Felgenforum kaufen!\",\"breadcrumb\":{\"@id\":\"https:\/\/felgenforum.shop\/produkt\/19-zoll-allwetterraeder-komplettraeder-ganzjahr-fuer-bmw-3er-g21-g20-4er-g3c-g23-2\/#breadcrumb\"},\"inLanguage\":\"en-GB\",\"potentialAction\":[{\"@type\":\"ReadAction\",\"target\":[\"https:\/\/felgenforum.shop\/produkt\/19-zoll-allwetterraeder-komplettraeder-ganzjahr-fuer-bmw-3er-g21-g20-4er-g3c-g23-2\/\"]}]},{\"@type\":\"ImageObject\",\"inLanguage\":\"en-GB\",\"@id\":\"https:\/\/felgenforum.shop\/produkt\/19-zoll-allwetterraeder-komplettraeder-ganzjahr-fuer-bmw-3er-g21-g20-4er-g3c-g23-2\/#primaryimage\",\"url\":\"https:\/\/felgenforum.shop\/wp-content\/uploads\/2026\/04\/ebay-product-241023-69d7629383b87.webp\",\"contentUrl\":\"https:\/\/felgenforum.shop\/wp-content\/uploads\/2026\/04\/ebay-product-241023-69d7629383b87.webp\",\"width\":1000,\"height\":1000},{\"@type\":\"BreadcrumbList\",\"@id\":\"https:\/\/felgenforum.shop\/produkt\/19-zoll-allwetterraeder-komplettraeder-ganzjahr-fuer-bmw-3er-g21-g20-4er-g3c-g23-2\/#breadcrumb\",\"itemListElement\":[{\"@type\":\"ListItem\",\"position\":1,\"name\":\"Startseite\",\"item\":\"https:\/\/felgenforum.shop\/\"},{\"@type\":\"ListItem\",\"position\":2,\"name\":\"Shop\",\"item\":\"https:\/\/felgenforum.shop\/shop\/\"},{\"@type\":\"ListItem\",\"position\":3,\"name\":\"19 Zoll Allwetterr\u00e4der Komplettr\u00e4der Ganzjahr f\u00fcr BMW 3er G21 G20 4er G3c G23\"}]},{\"@type\":\"WebSite\",\"@id\":\"https:\/\/felgenforum.shop\/#website\",\"url\":\"https:\/\/felgenforum.shop\/\",\"name\":\"Felgenforum\",\"description\":\"\",\"potentialAction\":[{\"@type\":\"SearchAction\",\"target\":{\"@type\":\"EntryPoint\",\"urlTemplate\":\"https:\/\/felgenforum.shop\/?s={search_term_string}\"},\"query-input\":{\"@type\":\"PropertyValueSpecification\",\"valueRequired\":true,\"valueName\":\"search_term_string\"}}],\"inLanguage\":\"en-GB\"}]}<\/script>\n<!-- \/ Yoast SEO plugin. -->","yoast_head_json":{"title":"19 Zoll Allwetterr\u00e4der Komplettr\u00e4der Ganzjahr f\u00fcr BMW 3er G21 G20 4er G3c G23 g\u00fcnstig kaufen - Felgenforum","description":"19 Zoll Allwetterr\u00e4der Komplettr\u00e4der Ganzjahr f\u00fcr BMW 3er G21 G20 4er G3c G23 online bestellen \u2794 Gepr\u00fcfte Qualit\u00e4t, Top Marken & schneller Versand \u2714 Jetzt sicher bei Felgenforum kaufen!","robots":{"index":"index","follow":"follow","max-snippet":"max-snippet:-1","max-image-preview":"max-image-preview:large","max-video-preview":"max-video-preview:-1"},"canonical":"https:\/\/felgenforum.shop\/en\/product\/19-zoll-allwetterraeder-komplettraeder-ganzjahr-fuer-bmw-3er-g21-g20-4er-g3c-g23-2\/","og_locale":"en_GB","og_type":"article","og_title":"19 Zoll Allwetterr\u00e4der Komplettr\u00e4der Ganzjahr f\u00fcr BMW 3er G21 G20 4er G3c G23 g\u00fcnstig kaufen - Felgenforum","og_description":"19 Zoll Allwetterr\u00e4der Komplettr\u00e4der Ganzjahr f\u00fcr BMW 3er G21 G20 4er G3c G23 online bestellen \u2794 Gepr\u00fcfte Qualit\u00e4t, Top Marken & schneller Versand \u2714 Jetzt sicher bei Felgenforum kaufen!","og_url":"https:\/\/felgenforum.shop\/en\/product\/19-zoll-allwetterraeder-komplettraeder-ganzjahr-fuer-bmw-3er-g21-g20-4er-g3c-g23-2\/","og_site_name":"Felgenforum","article_modified_time":"2026-04-09T08:25:56+00:00","og_image":[{"width":1000,"height":1000,"url":"https:\/\/felgenforum.shop\/wp-content\/uploads\/2026\/04\/ebay-product-241023-69d7629383b87.webp","type":"image\/webp"}],"twitter_card":"summary_large_image","twitter_misc":{"Est. reading time":"1 minute"},"schema":{"@context":"https:\/\/schema.org","@graph":[{"@type":"WebPage","@id":"https:\/\/felgenforum.shop\/produkt\/19-zoll-allwetterraeder-komplettraeder-ganzjahr-fuer-bmw-3er-g21-g20-4er-g3c-g23-2\/","url":"https:\/\/felgenforum.shop\/produkt\/19-zoll-allwetterraeder-komplettraeder-ganzjahr-fuer-bmw-3er-g21-g20-4er-g3c-g23-2\/","name":"19 Zoll Allwetterr\u00e4der Komplettr\u00e4der Ganzjahr f\u00fcr BMW 3er G21 G20 4er G3c G23 g\u00fcnstig kaufen - Felgenforum","isPartOf":{"@id":"https:\/\/felgenforum.shop\/#website"},"primaryImageOfPage":{"@id":"https:\/\/felgenforum.shop\/produkt\/19-zoll-allwetterraeder-komplettraeder-ganzjahr-fuer-bmw-3er-g21-g20-4er-g3c-g23-2\/#primaryimage"},"image":{"@id":"https:\/\/felgenforum.shop\/produkt\/19-zoll-allwetterraeder-komplettraeder-ganzjahr-fuer-bmw-3er-g21-g20-4er-g3c-g23-2\/#primaryimage"},"thumbnailUrl":"https:\/\/felgenforum.shop\/wp-content\/uploads\/2026\/04\/ebay-product-241023-69d7629383b87.webp","datePublished":"2026-04-09T08:25:04+00:00","dateModified":"2026-04-09T08:25:56+00:00","description":"19 Zoll Allwetterr\u00e4der Komplettr\u00e4der Ganzjahr f\u00fcr BMW 3er G21 G20 4er G3c G23 online bestellen \u2794 Gepr\u00fcfte Qualit\u00e4t, Top Marken & schneller Versand \u2714 Jetzt sicher bei Felgenforum kaufen!","breadcrumb":{"@id":"https:\/\/felgenforum.shop\/produkt\/19-zoll-allwetterraeder-komplettraeder-ganzjahr-fuer-bmw-3er-g21-g20-4er-g3c-g23-2\/#breadcrumb"},"inLanguage":"en-GB","potentialAction":[{"@type":"ReadAction","target":["https:\/\/felgenforum.shop\/produkt\/19-zoll-allwetterraeder-komplettraeder-ganzjahr-fuer-bmw-3er-g21-g20-4er-g3c-g23-2\/"]}]},{"@type":"ImageObject","inLanguage":"en-GB","@id":"https:\/\/felgenforum.shop\/produkt\/19-zoll-allwetterraeder-komplettraeder-ganzjahr-fuer-bmw-3er-g21-g20-4er-g3c-g23-2\/#primaryimage","url":"https:\/\/felgenforum.shop\/wp-content\/uploads\/2026\/04\/ebay-product-241023-69d7629383b87.webp","contentUrl":"https:\/\/felgenforum.shop\/wp-content\/uploads\/2026\/04\/ebay-product-241023-69d7629383b87.webp","width":1000,"height":1000},{"@type":"BreadcrumbList","@id":"https:\/\/felgenforum.shop\/produkt\/19-zoll-allwetterraeder-komplettraeder-ganzjahr-fuer-bmw-3er-g21-g20-4er-g3c-g23-2\/#breadcrumb","itemListElement":[{"@type":"ListItem","position":1,"name":"Startseite","item":"https:\/\/felgenforum.shop\/"},{"@type":"ListItem","position":2,"name":"Shop","item":"https:\/\/felgenforum.shop\/shop\/"},{"@type":"ListItem","position":3,"name":"19 Zoll Allwetterr\u00e4der Komplettr\u00e4der Ganzjahr f\u00fcr BMW 3er G21 G20 4er G3c G23"}]},{"@type":"WebSite","@id":"https:\/\/felgenforum.shop\/#website","url":"https:\/\/felgenforum.shop\/","name":"Rim forum","description":"","potentialAction":[{"@type":"SearchAction","target":{"@type":"EntryPoint","urlTemplate":"https:\/\/felgenforum.shop\/?s={search_term_string}"},"query-input":{"@type":"PropertyValueSpecification","valueRequired":true,"valueName":"search_term_string"}}],"inLanguage":"en-GB"}]}},"_links":{"self":[{"href":"https:\/\/felgenforum.shop\/en\/wp-json\/wp\/v2\/product\/241023","targetHints":{"allow":["GET"]}}],"collection":[{"href":"https:\/\/felgenforum.shop\/en\/wp-json\/wp\/v2\/product"}],"about":[{"href":"https:\/\/felgenforum.shop\/en\/wp-json\/wp\/v2\/types\/product"}],"replies":[{"embeddable":true,"href":"https:\/\/felgenforum.shop\/en\/wp-json\/wp\/v2\/comments?post=241023"}],"wp:featuredmedia":[{"embeddable":true,"href":"https:\/\/felgenforum.shop\/en\/wp-json\/wp\/v2\/media\/241025"}],"wp:attachment":[{"href":"https:\/\/felgenforum.shop\/en\/wp-json\/wp\/v2\/media?parent=241023"}],"wp:term":[{"taxonomy":"product_brand","embeddable":true,"href":"https:\/\/felgenforum.shop\/en\/wp-json\/wp\/v2\/product_brand?post=241023"},{"taxonomy":"product_cat","embeddable":true,"href":"https:\/\/felgenforum.shop\/en\/wp-json\/wp\/v2\/product_cat?post=241023"},{"taxonomy":"product_tag","embeddable":true,"href":"https:\/\/felgenforum.shop\/en\/wp-json\/wp\/v2\/product_tag?post=241023"}],"curies":[{"name":"wp","href":"https:\/\/api.w.org\/{rel}","templated":true}]}}