{"id":240500,"date":"2026-04-08T23:11:20","date_gmt":"2026-04-08T21:11:20","guid":{"rendered":"https:\/\/felgenforum.shop\/?post_type=product&#038;p=240500"},"modified":"2026-04-09T13:46:35","modified_gmt":"2026-04-09T11:46:35","slug":"4x-ac-mb4-19-zoll-nexen-sommerraeder-mischbereifung-komplettraeder-bmw-3er-e91","status":"publish","type":"product","link":"https:\/\/felgenforum.shop\/en\/product\/4x-ac-mb4-19-zoll-nexen-sommerraeder-mischbereifung-komplettraeder-bmw-3er-e91\/","title":{"rendered":"4x AC-MB4 19 inch Nexen summer wheels, mixed tires, complete wheels for BMW 3 Series E91"},"content":{"rendered":"<h3>Welcome to an offer from Felgenforum.shop<\/h3>\n<ul>\n<li>In this offer we offer you a NEW set of summer complete wheels in glossy silver including ABE.<\/li>\n<li>4x fully pre-assembled and balanced complete wheels<\/li>\n<li>consisting of:<\/li>\n<li>2x Alufelge Avus AC-MB4 silber 8,5&#215;19 ET35 LK5\/120<\/li>\n<li>2x Alufelge Avus AC-MB4 silber 9,5&#215;19 ET37 LK5\/120<\/li>\n<li>+<\/li>\n<li>2x Sommerreifen Nexen N Fera SU1 XL 225\/35 R19 88Y Reifen<\/li>\n<li>2x Sommerreifen\u00a0Nexen N Fera SU1 XL\u00a0255\/30 R19 91Y Reifen<\/li>\n<li>fully assembled and balanced<\/li>\n<li>NEW<\/li>\n<li>TPMS available on request for an additional \u20ac139\/set.<\/li>\n<\/ul>\n<h3>Scope of delivery:<\/h3>\n<ul>\n<li>2x Avus AC-MB4 8,5&#215;19 ET35 5&#215;120 silber gl\u00e4nzend<\/li>\n<li>2x Avus AC-MB4 9,5&#215;19 ET37 5&#215;120 silber gl\u00e4nzend<\/li>\n<li>Complete mounting hardware (if required according to the ABE)<\/li>\n<li>2x Sommerreifen Nexen N Fera SU1 XL 225\/35 R19 88Y<\/li>\n<li>2x Sommerreifen Nexen N Fera SU1 XL 255\/30 R19 91Y<\/li>\n<li>4x Avus hubcaps<\/li>\n<li>(Vehicle manufacturer&#039;s hubcap not included)<\/li>\n<li>1x Expert report (ABE)<\/li>\n<li>In most cases, the complete wheel sets do not require registration. If you have any questions about fitment or registration requirements, our experienced team will be happy to assist you :).<\/li>\n<li>Please be sure to specify your vehicle after purchase.<\/li>\n<li>We offer this model in many other sizes and colors; please contact us if you have any other requests.<\/li>\n<li>&gt;&gt;&gt;Wishful tires<\/li>\n<li>Do you have a specific request regarding tire brand or tire quality? No problem!<\/li>\n<li>We would be happy to create individual complete wheel offers for you :).<\/li>\n<li>The complete wheels are suitable for, among others:<\/li>\n<\/ul>\n<h3>BMW<\/h3>\n<ul>\n<li>3 Series e90 e91 e92 e93 e46<\/li>\n<li>\u00a0Z3<\/li>\n<li>Z4 E85<\/li>\n<\/ul>","protected":false},"excerpt":{"rendered":"<p>A set (4 pieces) of ready-to-drive Avus Racing complete wheels, professionally mounted and balanced.<\/p>\n<p><strong>Rim details:<\/strong> 8,5&#215;19 Zoll, Lochkreis 120 mm.<br \/><strong>Tire details:<\/strong> Nexen .<\/p>","protected":false},"featured_media":241020,"comment_status":"open","ping_status":"closed","template":"","meta":[],"product_brand":[],"product_cat":[1583,1582,1196],"product_tag":[],"class_list":{"0":"post-240500","1":"product","2":"type-product","3":"status-publish","4":"has-post-thumbnail","6":"product_cat-19-zoll-sommerraeder-bmw","7":"product_cat-bmw-komplettraeder-sommer","8":"product_cat-komplettraeder-sommer","9":"pa_anzahl-der-komplettraeder-1433","10":"pa_einpresstiefe-et-1460","11":"pa_eisgriffigkeit-nein","12":"pa_fahrzeugmarke-bmw","13":"pa_fahrzeugtyp-pkw","14":"pa_felgenaufbau-einteilig-gegossen","15":"pa_felgenbreite-8-5","16":"pa_felgendesign-10-speichen","17":"pa_felgenfarbe-silber","18":"pa_felgenhersteller-avus-racing","19":"pa_felgenmaterial-aluminium","20":"pa_felgenmodell-ac-mb4","21":"pa_geschwindigkeitsindex-y-bis-300-km-h","22":"pa_herstellernummer-felge-b04085195120035726q0","23":"pa_lastbereich-xl","24":"pa_lochkreis-1494","25":"pa_lochzahl-1447","26":"pa_mittenlochbohrung-726-mm","27":"pa_reifenbauart-r-radialreifen","28":"pa_reifenbreite-1432","29":"pa_reifendurchmesser-1436","30":"pa_reifenhersteller-nexen","31":"pa_reifenquerschnitt-1434","32":"pa_reifenspezifikation-sommerreifen","33":"pa_run-flat-nein","34":"pa_schneeflocken-symbol-nein","35":"pa_tragfaehigkeitsindex-88-max-560-kg-je-reifen","36":"pa_zollgroesse-1448","38":"first","39":"instock","40":"sale","41":"taxable","42":"shipping-taxable","43":"purchasable","44":"product-type-simple"},"yoast_head":"<!-- This site is optimized with the Yoast SEO plugin v27.2 - https:\/\/yoast.com\/product\/yoast-seo-wordpress\/ -->\n<title>4x AC-MB4 19 Zoll Nexen Sommerr\u00e4der Mischbereifung Komplettr\u00e4der BMW 3er E91 g\u00fcnstig kaufen - Felgenforum<\/title>\n<meta name=\"description\" content=\"4x AC-MB4 19 Zoll Nexen Sommerr\u00e4der Mischbereifung Komplettr\u00e4der BMW 3er E91 online bestellen \u2794 Gepr\u00fcfte Qualit\u00e4t, Top Marken &amp; schneller Versand \u2714 Jetzt sicher bei Felgenforum kaufen!\" \/>\n<meta name=\"robots\" content=\"index, follow, max-snippet:-1, max-image-preview:large, max-video-preview:-1\" \/>\n<link rel=\"canonical\" href=\"https:\/\/felgenforum.shop\/en\/product\/4x-ac-mb4-19-zoll-nexen-sommerraeder-mischbereifung-komplettraeder-bmw-3er-e91\/\" \/>\n<meta property=\"og:locale\" content=\"en_GB\" \/>\n<meta property=\"og:type\" content=\"article\" \/>\n<meta property=\"og:title\" content=\"4x AC-MB4 19 Zoll Nexen Sommerr\u00e4der Mischbereifung Komplettr\u00e4der BMW 3er E91 g\u00fcnstig kaufen - Felgenforum\" \/>\n<meta property=\"og:description\" content=\"4x AC-MB4 19 Zoll Nexen Sommerr\u00e4der Mischbereifung Komplettr\u00e4der BMW 3er E91 online bestellen \u2794 Gepr\u00fcfte Qualit\u00e4t, Top Marken &amp; schneller Versand \u2714 Jetzt sicher bei Felgenforum kaufen!\" \/>\n<meta property=\"og:url\" content=\"https:\/\/felgenforum.shop\/en\/product\/4x-ac-mb4-19-zoll-nexen-sommerraeder-mischbereifung-komplettraeder-bmw-3er-e91\/\" \/>\n<meta property=\"og:site_name\" content=\"Felgenforum\" \/>\n<meta property=\"article:modified_time\" content=\"2026-04-09T11:46:35+00:00\" \/>\n<meta property=\"og:image\" content=\"https:\/\/felgenforum.shop\/wp-content\/uploads\/2026\/04\/ebay-product-240500-69d73be7c878f.webp\" \/>\n\t<meta property=\"og:image:width\" content=\"1000\" \/>\n\t<meta property=\"og:image:height\" content=\"1000\" \/>\n\t<meta property=\"og:image:type\" content=\"image\/webp\" \/>\n<meta name=\"twitter:card\" content=\"summary_large_image\" \/>\n<meta name=\"twitter:label1\" content=\"Est. reading time\" \/>\n\t<meta name=\"twitter:data1\" content=\"1 minute\" \/>\n<script type=\"application\/ld+json\" class=\"yoast-schema-graph\">{\"@context\":\"https:\/\/schema.org\",\"@graph\":[{\"@type\":\"WebPage\",\"@id\":\"https:\/\/felgenforum.shop\/produkt\/4x-ac-mb4-19-zoll-nexen-sommerraeder-mischbereifung-komplettraeder-bmw-3er-e91\/\",\"url\":\"https:\/\/felgenforum.shop\/produkt\/4x-ac-mb4-19-zoll-nexen-sommerraeder-mischbereifung-komplettraeder-bmw-3er-e91\/\",\"name\":\"4x AC-MB4 19 Zoll Nexen Sommerr\u00e4der Mischbereifung Komplettr\u00e4der BMW 3er E91 g\u00fcnstig kaufen - Felgenforum\",\"isPartOf\":{\"@id\":\"https:\/\/felgenforum.shop\/#website\"},\"primaryImageOfPage\":{\"@id\":\"https:\/\/felgenforum.shop\/produkt\/4x-ac-mb4-19-zoll-nexen-sommerraeder-mischbereifung-komplettraeder-bmw-3er-e91\/#primaryimage\"},\"image\":{\"@id\":\"https:\/\/felgenforum.shop\/produkt\/4x-ac-mb4-19-zoll-nexen-sommerraeder-mischbereifung-komplettraeder-bmw-3er-e91\/#primaryimage\"},\"thumbnailUrl\":\"https:\/\/felgenforum.shop\/wp-content\/uploads\/2026\/04\/ebay-product-240500-69d73be7c878f.webp\",\"datePublished\":\"2026-04-08T21:11:20+00:00\",\"dateModified\":\"2026-04-09T11:46:35+00:00\",\"description\":\"4x AC-MB4 19 Zoll Nexen Sommerr\u00e4der Mischbereifung Komplettr\u00e4der BMW 3er E91 online bestellen \u2794 Gepr\u00fcfte Qualit\u00e4t, Top Marken & schneller Versand \u2714 Jetzt sicher bei Felgenforum kaufen!\",\"breadcrumb\":{\"@id\":\"https:\/\/felgenforum.shop\/produkt\/4x-ac-mb4-19-zoll-nexen-sommerraeder-mischbereifung-komplettraeder-bmw-3er-e91\/#breadcrumb\"},\"inLanguage\":\"en-GB\",\"potentialAction\":[{\"@type\":\"ReadAction\",\"target\":[\"https:\/\/felgenforum.shop\/produkt\/4x-ac-mb4-19-zoll-nexen-sommerraeder-mischbereifung-komplettraeder-bmw-3er-e91\/\"]}]},{\"@type\":\"ImageObject\",\"inLanguage\":\"en-GB\",\"@id\":\"https:\/\/felgenforum.shop\/produkt\/4x-ac-mb4-19-zoll-nexen-sommerraeder-mischbereifung-komplettraeder-bmw-3er-e91\/#primaryimage\",\"url\":\"https:\/\/felgenforum.shop\/wp-content\/uploads\/2026\/04\/ebay-product-240500-69d73be7c878f.webp\",\"contentUrl\":\"https:\/\/felgenforum.shop\/wp-content\/uploads\/2026\/04\/ebay-product-240500-69d73be7c878f.webp\",\"width\":1000,\"height\":1000},{\"@type\":\"BreadcrumbList\",\"@id\":\"https:\/\/felgenforum.shop\/produkt\/4x-ac-mb4-19-zoll-nexen-sommerraeder-mischbereifung-komplettraeder-bmw-3er-e91\/#breadcrumb\",\"itemListElement\":[{\"@type\":\"ListItem\",\"position\":1,\"name\":\"Startseite\",\"item\":\"https:\/\/felgenforum.shop\/\"},{\"@type\":\"ListItem\",\"position\":2,\"name\":\"Shop\",\"item\":\"https:\/\/felgenforum.shop\/shop\/\"},{\"@type\":\"ListItem\",\"position\":3,\"name\":\"4x AC-MB4 19 Zoll Nexen Sommerr\u00e4der Mischbereifung Komplettr\u00e4der BMW 3er E91\"}]},{\"@type\":\"WebSite\",\"@id\":\"https:\/\/felgenforum.shop\/#website\",\"url\":\"https:\/\/felgenforum.shop\/\",\"name\":\"Felgenforum\",\"description\":\"\",\"potentialAction\":[{\"@type\":\"SearchAction\",\"target\":{\"@type\":\"EntryPoint\",\"urlTemplate\":\"https:\/\/felgenforum.shop\/?s={search_term_string}\"},\"query-input\":{\"@type\":\"PropertyValueSpecification\",\"valueRequired\":true,\"valueName\":\"search_term_string\"}}],\"inLanguage\":\"en-GB\"}]}<\/script>\n<!-- \/ Yoast SEO plugin. -->","yoast_head_json":{"title":"4x AC-MB4 19 Zoll Nexen Sommerr\u00e4der Mischbereifung Komplettr\u00e4der BMW 3er E91 g\u00fcnstig kaufen - Felgenforum","description":"4x AC-MB4 19 Zoll Nexen Sommerr\u00e4der Mischbereifung Komplettr\u00e4der BMW 3er E91 online bestellen \u2794 Gepr\u00fcfte Qualit\u00e4t, Top Marken & schneller Versand \u2714 Jetzt sicher bei Felgenforum kaufen!","robots":{"index":"index","follow":"follow","max-snippet":"max-snippet:-1","max-image-preview":"max-image-preview:large","max-video-preview":"max-video-preview:-1"},"canonical":"https:\/\/felgenforum.shop\/en\/product\/4x-ac-mb4-19-zoll-nexen-sommerraeder-mischbereifung-komplettraeder-bmw-3er-e91\/","og_locale":"en_GB","og_type":"article","og_title":"4x AC-MB4 19 Zoll Nexen Sommerr\u00e4der Mischbereifung Komplettr\u00e4der BMW 3er E91 g\u00fcnstig kaufen - Felgenforum","og_description":"4x AC-MB4 19 Zoll Nexen Sommerr\u00e4der Mischbereifung Komplettr\u00e4der BMW 3er E91 online bestellen \u2794 Gepr\u00fcfte Qualit\u00e4t, Top Marken & schneller Versand \u2714 Jetzt sicher bei Felgenforum kaufen!","og_url":"https:\/\/felgenforum.shop\/en\/product\/4x-ac-mb4-19-zoll-nexen-sommerraeder-mischbereifung-komplettraeder-bmw-3er-e91\/","og_site_name":"Felgenforum","article_modified_time":"2026-04-09T11:46:35+00:00","og_image":[{"width":1000,"height":1000,"url":"https:\/\/felgenforum.shop\/wp-content\/uploads\/2026\/04\/ebay-product-240500-69d73be7c878f.webp","type":"image\/webp"}],"twitter_card":"summary_large_image","twitter_misc":{"Est. reading time":"1 minute"},"schema":{"@context":"https:\/\/schema.org","@graph":[{"@type":"WebPage","@id":"https:\/\/felgenforum.shop\/produkt\/4x-ac-mb4-19-zoll-nexen-sommerraeder-mischbereifung-komplettraeder-bmw-3er-e91\/","url":"https:\/\/felgenforum.shop\/produkt\/4x-ac-mb4-19-zoll-nexen-sommerraeder-mischbereifung-komplettraeder-bmw-3er-e91\/","name":"4x AC-MB4 19 Zoll Nexen Sommerr\u00e4der Mischbereifung Komplettr\u00e4der BMW 3er E91 g\u00fcnstig kaufen - Felgenforum","isPartOf":{"@id":"https:\/\/felgenforum.shop\/#website"},"primaryImageOfPage":{"@id":"https:\/\/felgenforum.shop\/produkt\/4x-ac-mb4-19-zoll-nexen-sommerraeder-mischbereifung-komplettraeder-bmw-3er-e91\/#primaryimage"},"image":{"@id":"https:\/\/felgenforum.shop\/produkt\/4x-ac-mb4-19-zoll-nexen-sommerraeder-mischbereifung-komplettraeder-bmw-3er-e91\/#primaryimage"},"thumbnailUrl":"https:\/\/felgenforum.shop\/wp-content\/uploads\/2026\/04\/ebay-product-240500-69d73be7c878f.webp","datePublished":"2026-04-08T21:11:20+00:00","dateModified":"2026-04-09T11:46:35+00:00","description":"4x AC-MB4 19 Zoll Nexen Sommerr\u00e4der Mischbereifung Komplettr\u00e4der BMW 3er E91 online bestellen \u2794 Gepr\u00fcfte Qualit\u00e4t, Top Marken & schneller Versand \u2714 Jetzt sicher bei Felgenforum kaufen!","breadcrumb":{"@id":"https:\/\/felgenforum.shop\/produkt\/4x-ac-mb4-19-zoll-nexen-sommerraeder-mischbereifung-komplettraeder-bmw-3er-e91\/#breadcrumb"},"inLanguage":"en-GB","potentialAction":[{"@type":"ReadAction","target":["https:\/\/felgenforum.shop\/produkt\/4x-ac-mb4-19-zoll-nexen-sommerraeder-mischbereifung-komplettraeder-bmw-3er-e91\/"]}]},{"@type":"ImageObject","inLanguage":"en-GB","@id":"https:\/\/felgenforum.shop\/produkt\/4x-ac-mb4-19-zoll-nexen-sommerraeder-mischbereifung-komplettraeder-bmw-3er-e91\/#primaryimage","url":"https:\/\/felgenforum.shop\/wp-content\/uploads\/2026\/04\/ebay-product-240500-69d73be7c878f.webp","contentUrl":"https:\/\/felgenforum.shop\/wp-content\/uploads\/2026\/04\/ebay-product-240500-69d73be7c878f.webp","width":1000,"height":1000},{"@type":"BreadcrumbList","@id":"https:\/\/felgenforum.shop\/produkt\/4x-ac-mb4-19-zoll-nexen-sommerraeder-mischbereifung-komplettraeder-bmw-3er-e91\/#breadcrumb","itemListElement":[{"@type":"ListItem","position":1,"name":"Startseite","item":"https:\/\/felgenforum.shop\/"},{"@type":"ListItem","position":2,"name":"Shop","item":"https:\/\/felgenforum.shop\/shop\/"},{"@type":"ListItem","position":3,"name":"4x AC-MB4 19 Zoll Nexen Sommerr\u00e4der Mischbereifung Komplettr\u00e4der BMW 3er E91"}]},{"@type":"WebSite","@id":"https:\/\/felgenforum.shop\/#website","url":"https:\/\/felgenforum.shop\/","name":"Rim forum","description":"","potentialAction":[{"@type":"SearchAction","target":{"@type":"EntryPoint","urlTemplate":"https:\/\/felgenforum.shop\/?s={search_term_string}"},"query-input":{"@type":"PropertyValueSpecification","valueRequired":true,"valueName":"search_term_string"}}],"inLanguage":"en-GB"}]}},"_links":{"self":[{"href":"https:\/\/felgenforum.shop\/en\/wp-json\/wp\/v2\/product\/240500","targetHints":{"allow":["GET"]}}],"collection":[{"href":"https:\/\/felgenforum.shop\/en\/wp-json\/wp\/v2\/product"}],"about":[{"href":"https:\/\/felgenforum.shop\/en\/wp-json\/wp\/v2\/types\/product"}],"replies":[{"embeddable":true,"href":"https:\/\/felgenforum.shop\/en\/wp-json\/wp\/v2\/comments?post=240500"}],"wp:featuredmedia":[{"embeddable":true,"href":"https:\/\/felgenforum.shop\/en\/wp-json\/wp\/v2\/media\/241020"}],"wp:attachment":[{"href":"https:\/\/felgenforum.shop\/en\/wp-json\/wp\/v2\/media?parent=240500"}],"wp:term":[{"taxonomy":"product_brand","embeddable":true,"href":"https:\/\/felgenforum.shop\/en\/wp-json\/wp\/v2\/product_brand?post=240500"},{"taxonomy":"product_cat","embeddable":true,"href":"https:\/\/felgenforum.shop\/en\/wp-json\/wp\/v2\/product_cat?post=240500"},{"taxonomy":"product_tag","embeddable":true,"href":"https:\/\/felgenforum.shop\/en\/wp-json\/wp\/v2\/product_tag?post=240500"}],"curies":[{"name":"wp","href":"https:\/\/api.w.org\/{rel}","templated":true}]}}