{"id":240369,"date":"2026-04-08T21:55:25","date_gmt":"2026-04-08T19:55:25","guid":{"rendered":"https:\/\/felgenforum.shop\/?post_type=product&#038;p=240369"},"modified":"2026-04-25T15:30:05","modified_gmt":"2026-04-25T13:30:05","slug":"wh37-20-zoll-sommerraeder-sommerreifen-komplettraeder-mercedes-e-klasse-coupe-c238-3","status":"publish","type":"product","link":"https:\/\/felgenforum.shop\/en\/product\/wh37-20-zoll-sommerraeder-sommerreifen-komplettraeder-mercedes-e-klasse-coupe-c238-3\/","title":{"rendered":"WH37 20-inch summer wheels, summer tires, complete wheels for Mercedes E-Class Coupe C238"},"content":{"rendered":"<h3>Welcome to an offer from Felgenforum.shop<\/h3>\n<ul>\n<li>In this offer we offer you a NEW set of summer complete wheels in polished black including ABE.<\/li>\n<li>4x fully pre-assembled and balanced complete wheels<\/li>\n<li>consisting of:<\/li>\n<li>4x Alufelge Wheelworld WH37 schwarz poliert 8,5&#215;20 ET35 LK5\/112<\/li>\n<li>+<\/li>\n<li>4x summer tires 245\/35 R20 95Y from current daily purchase<\/li>\n<li>fully assembled and balanced<\/li>\n<li>+<\/li>\n<li>4x TPMS (pre-programmed)<\/li>\n<li>fully assembled and balanced<\/li>\n<li>(including black weights and black metal valves)<\/li>\n<li>NEW<\/li>\n<\/ul>\n<h3>Scope of delivery:<\/h3>\n<ul>\n<li>4 x Wheelworld WH37 8,5&#215;20 ET35 5&#215;112 schwarz poliert<\/li>\n<li>Complete mounting hardware (if required according to the ABE)<\/li>\n<li>4x summer tires from current daily purchase 245\/45 R19 95Y<\/li>\n<li>4x TPMS (pre-programmed)<\/li>\n<li>4x Wheelworld hubcaps<\/li>\n<li>(Vehicle manufacturer&#039;s hubcap not included)<\/li>\n<li>1x Expert report (ABE)<\/li>\n<li>In most cases, the complete wheel sets are therefore registration-free. If you have any questions about fitment or any registration requirements, our experienced team will be happy to assist you :).<\/li>\n<li>Please be sure to specify your vehicle after purchase.<\/li>\n<li>We offer this model in many other sizes and colors; please contact us if you have any other requests.<\/li>\n<li>&gt;&gt;&gt;Wishful tires<\/li>\n<li>Do you have a specific request regarding tire brand or tire quality? No problem!<\/li>\n<li>We would be happy to create individual complete wheel offers for you :).<\/li>\n<li>The complete wheels are suitable for, among others:<\/li>\n<\/ul>\n<h3>Audi<\/h3>\n<ul>\n<li>A7 S7 F2 C8<\/li>\n<li>Q3 RSQ3 F3<\/li>\n<li>Seat<\/li>\n<li>Cupra Formentor<\/li>\n<li>Cupra Ateca<\/li>\n<li>Mercedes<\/li>\n<li>E-Class W213 C238 (not T-Model)<\/li>\n<li>VW<\/li>\n<li>Scirocco 3H (R)<\/li>\n<\/ul>","protected":false},"excerpt":{"rendered":"<p>A set (4 pieces) of ready-to-drive Wheelworld complete wheels, professionally mounted and balanced.<\/p>\n<p><strong>Rim details:<\/strong> 8,5&#215;20 Zoll, Lochkreis 112 mm.<br \/><strong>Tire details:<\/strong> Daily shopping, tread depth: approx. NEW mm.<\/p>","protected":false},"featured_media":240852,"comment_status":"open","ping_status":"closed","template":"","meta":[],"product_brand":[],"product_cat":[1792,1196,1470],"product_tag":[],"class_list":{"0":"post-240369","1":"product","2":"type-product","3":"status-publish","4":"has-post-thumbnail","6":"product_cat-20-zoll-sommerraeder-mercedes","7":"product_cat-komplettraeder-sommer","8":"product_cat-mercedes-komplettraeder-sommer","9":"product_shipping_class-komplettrad","10":"pa_anzahl-der-komplettraeder-1433","11":"pa_einpresstiefe-et-1460","12":"pa_eisgriffigkeit-nein","13":"pa_fahrzeugmarke-mercedes","14":"pa_fahrzeugtyp-allradfahrzeug","15":"pa_felgenaufbau-einteilig-gegossen","16":"pa_felgenbreite-8-5","17":"pa_felgendesign-10-speichen","18":"pa_felgenfarbe-schwarz-hochglanzpoliert","19":"pa_felgenhersteller-wheelworld","20":"pa_felgenmaterial-aluminium","21":"pa_felgenmodell-wh37","22":"pa_geschwindigkeitsindex-y-bis-300-km-h","23":"pa_herstellergarantie-2-jahre","24":"pa_herstellernummer-felge-1902","25":"pa_lastbereich-xl","26":"pa_lochkreis-1439","27":"pa_lochzahl-1447","28":"pa_mittenlochbohrung-666-mm","29":"pa_profiltiefe-neu","30":"pa_reifenbauart-r-radialreifen","31":"pa_reifenbreite-1503","32":"pa_reifendurchmesser-1436","33":"pa_reifenhersteller-tageseinkauf","34":"pa_reifenquerschnitt-1434","35":"pa_reifenspezifikation-sommerreifen","36":"pa_run-flat-nein","37":"pa_schneeflocken-symbol-nein","38":"pa_tragfaehigkeitsindex-95-max-690-kg-je-reifen","39":"pa_zollgroesse-1499","41":"first","42":"instock","43":"sale","44":"taxable","45":"shipping-taxable","46":"purchasable","47":"product-type-simple"},"yoast_head":"<title>WH37 20 Zoll Sommerr\u00e4der Sommerreifen Komplettr\u00e4der Mercedes E Klasse Coupe C238 g\u00fcnstig kaufen - Felgenforum<\/title>\n<meta name=\"description\" content=\"WH37 20 Zoll Sommerr\u00e4der Sommerreifen Komplettr\u00e4der Mercedes E Klasse Coupe C238 online bestellen \u2794 Gepr\u00fcfte Qualit\u00e4t, Top Marken &amp; schneller Versand \u2714 Jetzt sicher bei Felgenforum kaufen!\" \/>\n<meta name=\"robots\" content=\"index, follow, max-snippet:-1, max-image-preview:large, max-video-preview:-1\" \/>\n<link rel=\"canonical\" href=\"https:\/\/felgenforum.shop\/en\/product\/wh37-20-zoll-sommerraeder-sommerreifen-komplettraeder-mercedes-e-klasse-coupe-c238-3\/\" \/>\n<meta property=\"og:locale\" content=\"en_GB\" \/>\n<meta property=\"og:type\" content=\"article\" \/>\n<meta property=\"og:title\" content=\"WH37 20 Zoll Sommerr\u00e4der Sommerreifen Komplettr\u00e4der Mercedes E Klasse Coupe C238 g\u00fcnstig kaufen - Felgenforum\" \/>\n<meta property=\"og:description\" content=\"WH37 20 Zoll Sommerr\u00e4der Sommerreifen Komplettr\u00e4der Mercedes E Klasse Coupe C238 online bestellen \u2794 Gepr\u00fcfte Qualit\u00e4t, Top Marken &amp; schneller Versand \u2714 Jetzt sicher bei Felgenforum kaufen!\" \/>\n<meta property=\"og:url\" content=\"https:\/\/felgenforum.shop\/en\/product\/wh37-20-zoll-sommerraeder-sommerreifen-komplettraeder-mercedes-e-klasse-coupe-c238-3\/\" \/>\n<meta property=\"og:site_name\" content=\"Felgenforum\" \/>\n<meta property=\"article:modified_time\" content=\"2026-04-25T13:30:05+00:00\" \/>\n<meta property=\"og:image\" content=\"https:\/\/felgenforum.shop\/wp-content\/uploads\/2026\/04\/ebay-product-240369-69d71534c27c8.webp\" \/>\n\t<meta property=\"og:image:width\" content=\"1000\" \/>\n\t<meta property=\"og:image:height\" content=\"1000\" \/>\n\t<meta property=\"og:image:type\" content=\"image\/webp\" \/>\n<meta name=\"twitter:card\" content=\"summary_large_image\" \/>\n<meta name=\"twitter:label1\" content=\"Est. reading time\" \/>\n\t<meta name=\"twitter:data1\" content=\"1 minute\" \/>\n<script type=\"application\/ld+json\" class=\"yoast-schema-graph\">{\"@context\":\"https:\\\/\\\/schema.org\",\"@graph\":[{\"@type\":\"WebPage\",\"@id\":\"https:\\\/\\\/felgenforum.shop\\\/produkt\\\/wh37-20-zoll-sommerraeder-sommerreifen-komplettraeder-mercedes-e-klasse-coupe-c238-3\\\/\",\"url\":\"https:\\\/\\\/felgenforum.shop\\\/produkt\\\/wh37-20-zoll-sommerraeder-sommerreifen-komplettraeder-mercedes-e-klasse-coupe-c238-3\\\/\",\"name\":\"WH37 20 Zoll Sommerr\u00e4der Sommerreifen Komplettr\u00e4der Mercedes E Klasse Coupe C238 g\u00fcnstig kaufen - Felgenforum\",\"isPartOf\":{\"@id\":\"https:\\\/\\\/felgenforum.shop\\\/#website\"},\"primaryImageOfPage\":{\"@id\":\"https:\\\/\\\/felgenforum.shop\\\/produkt\\\/wh37-20-zoll-sommerraeder-sommerreifen-komplettraeder-mercedes-e-klasse-coupe-c238-3\\\/#primaryimage\"},\"image\":{\"@id\":\"https:\\\/\\\/felgenforum.shop\\\/produkt\\\/wh37-20-zoll-sommerraeder-sommerreifen-komplettraeder-mercedes-e-klasse-coupe-c238-3\\\/#primaryimage\"},\"thumbnailUrl\":\"https:\\\/\\\/felgenforum.shop\\\/wp-content\\\/uploads\\\/2026\\\/04\\\/ebay-product-240369-69d71534c27c8.webp\",\"datePublished\":\"2026-04-08T19:55:25+00:00\",\"dateModified\":\"2026-04-25T13:30:05+00:00\",\"description\":\"WH37 20 Zoll Sommerr\u00e4der Sommerreifen Komplettr\u00e4der Mercedes E Klasse Coupe C238 online bestellen \u2794 Gepr\u00fcfte Qualit\u00e4t, Top Marken & schneller Versand \u2714 Jetzt sicher bei Felgenforum kaufen!\",\"breadcrumb\":{\"@id\":\"https:\\\/\\\/felgenforum.shop\\\/produkt\\\/wh37-20-zoll-sommerraeder-sommerreifen-komplettraeder-mercedes-e-klasse-coupe-c238-3\\\/#breadcrumb\"},\"inLanguage\":\"en-GB\",\"potentialAction\":[{\"@type\":\"ReadAction\",\"target\":[\"https:\\\/\\\/felgenforum.shop\\\/produkt\\\/wh37-20-zoll-sommerraeder-sommerreifen-komplettraeder-mercedes-e-klasse-coupe-c238-3\\\/\"]}]},{\"@type\":\"ImageObject\",\"inLanguage\":\"en-GB\",\"@id\":\"https:\\\/\\\/felgenforum.shop\\\/produkt\\\/wh37-20-zoll-sommerraeder-sommerreifen-komplettraeder-mercedes-e-klasse-coupe-c238-3\\\/#primaryimage\",\"url\":\"https:\\\/\\\/felgenforum.shop\\\/wp-content\\\/uploads\\\/2026\\\/04\\\/ebay-product-240369-69d71534c27c8.webp\",\"contentUrl\":\"https:\\\/\\\/felgenforum.shop\\\/wp-content\\\/uploads\\\/2026\\\/04\\\/ebay-product-240369-69d71534c27c8.webp\",\"width\":1000,\"height\":1000},{\"@type\":\"BreadcrumbList\",\"@id\":\"https:\\\/\\\/felgenforum.shop\\\/produkt\\\/wh37-20-zoll-sommerraeder-sommerreifen-komplettraeder-mercedes-e-klasse-coupe-c238-3\\\/#breadcrumb\",\"itemListElement\":[{\"@type\":\"ListItem\",\"position\":1,\"name\":\"Startseite\",\"item\":\"https:\\\/\\\/felgenforum.shop\\\/\"},{\"@type\":\"ListItem\",\"position\":2,\"name\":\"Shop\",\"item\":\"https:\\\/\\\/felgenforum.shop\\\/shop\\\/\"},{\"@type\":\"ListItem\",\"position\":3,\"name\":\"WH37 20 Zoll Sommerr\u00e4der Sommerreifen Komplettr\u00e4der Mercedes E Klasse Coupe C238\"}]},{\"@type\":\"WebSite\",\"@id\":\"https:\\\/\\\/felgenforum.shop\\\/#website\",\"url\":\"https:\\\/\\\/felgenforum.shop\\\/\",\"name\":\"Felgenforum\",\"description\":\"\",\"potentialAction\":[{\"@type\":\"SearchAction\",\"target\":{\"@type\":\"EntryPoint\",\"urlTemplate\":\"https:\\\/\\\/felgenforum.shop\\\/?s={search_term_string}\"},\"query-input\":{\"@type\":\"PropertyValueSpecification\",\"valueRequired\":true,\"valueName\":\"search_term_string\"}}],\"inLanguage\":\"en-GB\"}]}<\/script>","yoast_head_json":{"title":"WH37 20 Zoll Sommerr\u00e4der Sommerreifen Komplettr\u00e4der Mercedes E Klasse Coupe C238 g\u00fcnstig kaufen - Felgenforum","description":"WH37 20 Zoll Sommerr\u00e4der Sommerreifen Komplettr\u00e4der Mercedes E Klasse Coupe C238 online bestellen \u2794 Gepr\u00fcfte Qualit\u00e4t, Top Marken & schneller Versand \u2714 Jetzt sicher bei Felgenforum kaufen!","robots":{"index":"index","follow":"follow","max-snippet":"max-snippet:-1","max-image-preview":"max-image-preview:large","max-video-preview":"max-video-preview:-1"},"canonical":"https:\/\/felgenforum.shop\/en\/product\/wh37-20-zoll-sommerraeder-sommerreifen-komplettraeder-mercedes-e-klasse-coupe-c238-3\/","og_locale":"en_GB","og_type":"article","og_title":"WH37 20 Zoll Sommerr\u00e4der Sommerreifen Komplettr\u00e4der Mercedes E Klasse Coupe C238 g\u00fcnstig kaufen - Felgenforum","og_description":"WH37 20 Zoll Sommerr\u00e4der Sommerreifen Komplettr\u00e4der Mercedes E Klasse Coupe C238 online bestellen \u2794 Gepr\u00fcfte Qualit\u00e4t, Top Marken & schneller Versand \u2714 Jetzt sicher bei Felgenforum kaufen!","og_url":"https:\/\/felgenforum.shop\/en\/product\/wh37-20-zoll-sommerraeder-sommerreifen-komplettraeder-mercedes-e-klasse-coupe-c238-3\/","og_site_name":"Felgenforum","article_modified_time":"2026-04-25T13:30:05+00:00","og_image":[{"width":1000,"height":1000,"url":"https:\/\/felgenforum.shop\/wp-content\/uploads\/2026\/04\/ebay-product-240369-69d71534c27c8.webp","type":"image\/webp"}],"twitter_card":"summary_large_image","twitter_misc":{"Est. reading time":"1 minute"},"schema":{"@context":"https:\/\/schema.org","@graph":[{"@type":"WebPage","@id":"https:\/\/felgenforum.shop\/produkt\/wh37-20-zoll-sommerraeder-sommerreifen-komplettraeder-mercedes-e-klasse-coupe-c238-3\/","url":"https:\/\/felgenforum.shop\/produkt\/wh37-20-zoll-sommerraeder-sommerreifen-komplettraeder-mercedes-e-klasse-coupe-c238-3\/","name":"WH37 20 Zoll Sommerr\u00e4der Sommerreifen Komplettr\u00e4der Mercedes E Klasse Coupe C238 g\u00fcnstig kaufen - Felgenforum","isPartOf":{"@id":"https:\/\/felgenforum.shop\/#website"},"primaryImageOfPage":{"@id":"https:\/\/felgenforum.shop\/produkt\/wh37-20-zoll-sommerraeder-sommerreifen-komplettraeder-mercedes-e-klasse-coupe-c238-3\/#primaryimage"},"image":{"@id":"https:\/\/felgenforum.shop\/produkt\/wh37-20-zoll-sommerraeder-sommerreifen-komplettraeder-mercedes-e-klasse-coupe-c238-3\/#primaryimage"},"thumbnailUrl":"https:\/\/felgenforum.shop\/wp-content\/uploads\/2026\/04\/ebay-product-240369-69d71534c27c8.webp","datePublished":"2026-04-08T19:55:25+00:00","dateModified":"2026-04-25T13:30:05+00:00","description":"WH37 20 Zoll Sommerr\u00e4der Sommerreifen Komplettr\u00e4der Mercedes E Klasse Coupe C238 online bestellen \u2794 Gepr\u00fcfte Qualit\u00e4t, Top Marken & schneller Versand \u2714 Jetzt sicher bei Felgenforum kaufen!","breadcrumb":{"@id":"https:\/\/felgenforum.shop\/produkt\/wh37-20-zoll-sommerraeder-sommerreifen-komplettraeder-mercedes-e-klasse-coupe-c238-3\/#breadcrumb"},"inLanguage":"en-GB","potentialAction":[{"@type":"ReadAction","target":["https:\/\/felgenforum.shop\/produkt\/wh37-20-zoll-sommerraeder-sommerreifen-komplettraeder-mercedes-e-klasse-coupe-c238-3\/"]}]},{"@type":"ImageObject","inLanguage":"en-GB","@id":"https:\/\/felgenforum.shop\/produkt\/wh37-20-zoll-sommerraeder-sommerreifen-komplettraeder-mercedes-e-klasse-coupe-c238-3\/#primaryimage","url":"https:\/\/felgenforum.shop\/wp-content\/uploads\/2026\/04\/ebay-product-240369-69d71534c27c8.webp","contentUrl":"https:\/\/felgenforum.shop\/wp-content\/uploads\/2026\/04\/ebay-product-240369-69d71534c27c8.webp","width":1000,"height":1000},{"@type":"BreadcrumbList","@id":"https:\/\/felgenforum.shop\/produkt\/wh37-20-zoll-sommerraeder-sommerreifen-komplettraeder-mercedes-e-klasse-coupe-c238-3\/#breadcrumb","itemListElement":[{"@type":"ListItem","position":1,"name":"Startseite","item":"https:\/\/felgenforum.shop\/"},{"@type":"ListItem","position":2,"name":"Shop","item":"https:\/\/felgenforum.shop\/shop\/"},{"@type":"ListItem","position":3,"name":"WH37 20 Zoll Sommerr\u00e4der Sommerreifen Komplettr\u00e4der Mercedes E Klasse Coupe C238"}]},{"@type":"WebSite","@id":"https:\/\/felgenforum.shop\/#website","url":"https:\/\/felgenforum.shop\/","name":"Rim forum","description":"","potentialAction":[{"@type":"SearchAction","target":{"@type":"EntryPoint","urlTemplate":"https:\/\/felgenforum.shop\/?s={search_term_string}"},"query-input":{"@type":"PropertyValueSpecification","valueRequired":true,"valueName":"search_term_string"}}],"inLanguage":"en-GB"}]}},"_links":{"self":[{"href":"https:\/\/felgenforum.shop\/en\/wp-json\/wp\/v2\/product\/240369","targetHints":{"allow":["GET"]}}],"collection":[{"href":"https:\/\/felgenforum.shop\/en\/wp-json\/wp\/v2\/product"}],"about":[{"href":"https:\/\/felgenforum.shop\/en\/wp-json\/wp\/v2\/types\/product"}],"replies":[{"embeddable":true,"href":"https:\/\/felgenforum.shop\/en\/wp-json\/wp\/v2\/comments?post=240369"}],"wp:featuredmedia":[{"embeddable":true,"href":"https:\/\/felgenforum.shop\/en\/wp-json\/wp\/v2\/media\/240852"}],"wp:attachment":[{"href":"https:\/\/felgenforum.shop\/en\/wp-json\/wp\/v2\/media?parent=240369"}],"wp:term":[{"taxonomy":"product_brand","embeddable":true,"href":"https:\/\/felgenforum.shop\/en\/wp-json\/wp\/v2\/product_brand?post=240369"},{"taxonomy":"product_cat","embeddable":true,"href":"https:\/\/felgenforum.shop\/en\/wp-json\/wp\/v2\/product_cat?post=240369"},{"taxonomy":"product_tag","embeddable":true,"href":"https:\/\/felgenforum.shop\/en\/wp-json\/wp\/v2\/product_tag?post=240369"}],"curies":[{"name":"wp","href":"https:\/\/api.w.org\/{rel}","templated":true}]}}