{"id":239649,"date":"2026-04-07T10:25:05","date_gmt":"2026-04-07T08:25:05","guid":{"rendered":"https:\/\/felgenforum.shop\/?post_type=product&#038;p=239649"},"modified":"2026-04-07T10:25:46","modified_gmt":"2026-04-07T08:25:46","slug":"dm08-20-zoll-sommerraeder-sommerreifen-komplettraeder-fuer-vw-id-4","status":"publish","type":"product","link":"https:\/\/felgenforum.shop\/en\/product\/dm08-20-zoll-sommerraeder-sommerreifen-komplettraeder-fuer-vw-id-4\/","title":{"rendered":"DM08 20 inch summer wheels, summer tires, complete wheels for VW ID.4"},"content":{"rendered":"<h3>Welcome to an offer from Felgenforum.shop<\/h3>\n<ul>\n<li>In diesem Angebot bieten wir Ihnen einen NEUEN Satz Sommerkomplettr\u00e4der in\u00a0bronze matt\u00a0inkl ABE an.<\/li>\n<li>4x fully pre-assembled and balanced complete wheels<\/li>\n<li>consisting of:<\/li>\n<li>4x Alufelge Damina DM08 bronze matt 8,5&#215;20 ET45 LK5\/112<\/li>\n<li>+<\/li>\n<li>2x Sommerreifen 235\/50 R20 104W aus aktuellem Tageseinkauf<\/li>\n<li>+<\/li>\n<li>2x Sommerreifen 255\/45 R20 105Y\u00a0aus aktuellem Tageseinkauf<\/li>\n<li>fully assembled and balanced<\/li>\n<li>(including black weights and black metal valves)<\/li>\n<li>NEW<\/li>\n<li>TPMS available on request for \u20ac139\/set.<\/li>\n<\/ul>\n<h3>Scope of delivery:<\/h3>\n<ul>\n<li>4 x Damina DM08 8,5&#215;20 ET35 5&#215;112 bronze<\/li>\n<li>Complete mounting hardware (if required according to the ABE)<\/li>\n<li>2x Sommerreifen aus aktuellem Tageseinkauf 235\/50R20 104W<\/li>\n<li>2x Sommerreifen aus aktuellem Tageseinkauf 255\/45 R20 105Y<\/li>\n<li>4x Damina hubcaps<\/li>\n<li>(Vehicle manufacturer&#039;s hubcap not included)<\/li>\n<li>1x Expert report (ABE)<\/li>\n<li>In most cases, the complete wheel sets do not require registration. If you have any questions about fitment or registration requirements, our experienced team will be happy to assist you :).<\/li>\n<li>Please be sure to specify your vehicle after purchase.<\/li>\n<li>We offer this model in many other sizes and colors; please contact us if you have any other requests.<\/li>\n<li>&gt;&gt;&gt;Wishful tires<\/li>\n<li>Do you have a specific request regarding tire brand or tire quality? No problem!<\/li>\n<li>We would be happy to create individual complete wheel offers for you :).<\/li>\n<li>The complete wheels are suitable for, among others:<\/li>\n<\/ul>\n<h3>Audi<\/h3>\n<ul>\n<li>A7 S7 F2 C8<\/li>\n<li>A8 S8 4H F8 D4 D5<\/li>\n<li>Q5 SQ5 FY<\/li>\n<\/ul>\n<h3>BMW<\/h3>\n<ul>\n<li>X3 G01<\/li>\n<li>X4 G02<\/li>\n<li>Seat<\/li>\n<li>Tavascan<\/li>\n<\/ul>\n<h3>Skoda<\/h3>\n<ul>\n<li>Enyaq 50 60 80 85<\/li>\n<li>Mercedes<\/li>\n<li>GLC X253<\/li>\n<li>S-Class W222 C217<\/li>\n<li>VW<\/li>\n<li>ID4<\/li>\n<li>ID5<\/li>\n<li>ID7<\/li>\n<\/ul>","protected":false},"excerpt":{"rendered":"<p>A set (4 pieces) of ready-to-drive Damina Performance complete wheels, professionally mounted and balanced.<\/p>\n<p><strong>Rim details:<\/strong> 8,5&#215;20 Zoll, Lochkreis 112 mm.<br \/><strong>Tire details:<\/strong> Daily shopping, tread depth: approx. NEW mm.<\/p>","protected":false},"featured_media":239650,"comment_status":"open","ping_status":"closed","template":"","meta":[],"product_brand":[],"product_cat":[1732,1196,1611],"product_tag":[],"class_list":{"0":"post-239649","1":"product","2":"type-product","3":"status-publish","4":"has-post-thumbnail","6":"product_cat-20-zoll-sommerraeder-vw","7":"product_cat-komplettraeder-sommer","8":"product_cat-vw-komplettraeder-sommer","9":"pa_anzahl-der-komplettraeder-1433","10":"pa_einpresstiefe-et-1508","11":"pa_eisgriffigkeit-ja","12":"pa_fahrzeugmarke-vw","13":"pa_fahrzeugtyp-allradfahrzeug","14":"pa_felgenaufbau-einteilig-gegossen","15":"pa_felgenbreite-8-5","16":"pa_felgendesign-10-speichen","17":"pa_felgenfarbe-bronze","18":"pa_felgenhersteller-damina-performance","19":"pa_felgenmaterial-aluminium","20":"pa_felgenmodell-dm08","21":"pa_geschwindigkeitsindex-v-bis-240-km-h","22":"pa_herstellergarantie-2-jahre","23":"pa_herstellernummer-felge-2393","24":"pa_lastbereich-xl","25":"pa_lochkreis-1439","26":"pa_lochzahl-1447","27":"pa_mittenlochbohrung-666-mm","28":"pa_profiltiefe-neu","29":"pa_reifenbauart-r-radialreifen","30":"pa_reifenbreite-1453","31":"pa_reifendurchmesser-1594","32":"pa_reifenhersteller-tageseinkauf","33":"pa_reifenquerschnitt-1504","34":"pa_reifenspezifikation-sommerreifen","35":"pa_run-flat-nein","36":"pa_schneeflocken-symbol-ja","37":"pa_tragfaehigkeitsindex-105-max-925-kg-je-reifen","38":"pa_zollgroesse-1499","40":"first","41":"instock","42":"sale","43":"taxable","44":"shipping-taxable","45":"purchasable","46":"product-type-simple"},"yoast_head":"<!-- This site is optimized with the Yoast SEO plugin v27.2 - https:\/\/yoast.com\/product\/yoast-seo-wordpress\/ -->\n<title>DM08 20 Zoll Sommerr\u00e4der Sommerreifen Komplettr\u00e4der f\u00fcr VW ID.4 g\u00fcnstig kaufen - Felgenforum<\/title>\n<meta name=\"description\" content=\"DM08 20 Zoll Sommerr\u00e4der Sommerreifen Komplettr\u00e4der f\u00fcr VW ID.4 online bestellen \u2794 Gepr\u00fcfte Qualit\u00e4t, Top Marken &amp; schneller Versand \u2714 Jetzt sicher bei Felgenforum kaufen!\" \/>\n<meta name=\"robots\" content=\"index, follow, max-snippet:-1, max-image-preview:large, max-video-preview:-1\" \/>\n<link rel=\"canonical\" href=\"https:\/\/felgenforum.shop\/en\/product\/dm08-20-zoll-sommerraeder-sommerreifen-komplettraeder-fuer-vw-id-4\/\" \/>\n<meta property=\"og:locale\" content=\"en_GB\" \/>\n<meta property=\"og:type\" content=\"article\" \/>\n<meta property=\"og:title\" content=\"DM08 20 Zoll Sommerr\u00e4der Sommerreifen Komplettr\u00e4der f\u00fcr VW ID.4 g\u00fcnstig kaufen - Felgenforum\" \/>\n<meta property=\"og:description\" content=\"DM08 20 Zoll Sommerr\u00e4der Sommerreifen Komplettr\u00e4der f\u00fcr VW ID.4 online bestellen \u2794 Gepr\u00fcfte Qualit\u00e4t, Top Marken &amp; schneller Versand \u2714 Jetzt sicher bei Felgenforum kaufen!\" \/>\n<meta property=\"og:url\" content=\"https:\/\/felgenforum.shop\/en\/product\/dm08-20-zoll-sommerraeder-sommerreifen-komplettraeder-fuer-vw-id-4\/\" \/>\n<meta property=\"og:site_name\" content=\"Felgenforum\" \/>\n<meta property=\"article:modified_time\" content=\"2026-04-07T08:25:46+00:00\" \/>\n<meta property=\"og:image\" content=\"https:\/\/felgenforum.shop\/wp-content\/uploads\/2026\/04\/ebay-product-239649-69d4bf88e1b16.webp\" \/>\n\t<meta property=\"og:image:width\" content=\"1000\" \/>\n\t<meta property=\"og:image:height\" content=\"1000\" \/>\n\t<meta property=\"og:image:type\" content=\"image\/webp\" \/>\n<meta name=\"twitter:card\" content=\"summary_large_image\" \/>\n<meta name=\"twitter:label1\" content=\"Est. reading time\" \/>\n\t<meta name=\"twitter:data1\" content=\"1 minute\" \/>\n<script type=\"application\/ld+json\" class=\"yoast-schema-graph\">{\"@context\":\"https:\/\/schema.org\",\"@graph\":[{\"@type\":\"WebPage\",\"@id\":\"https:\/\/felgenforum.shop\/produkt\/dm08-20-zoll-sommerraeder-sommerreifen-komplettraeder-fuer-vw-id-4\/\",\"url\":\"https:\/\/felgenforum.shop\/produkt\/dm08-20-zoll-sommerraeder-sommerreifen-komplettraeder-fuer-vw-id-4\/\",\"name\":\"DM08 20 Zoll Sommerr\u00e4der Sommerreifen Komplettr\u00e4der f\u00fcr VW ID.4 g\u00fcnstig kaufen - Felgenforum\",\"isPartOf\":{\"@id\":\"https:\/\/felgenforum.shop\/#website\"},\"primaryImageOfPage\":{\"@id\":\"https:\/\/felgenforum.shop\/produkt\/dm08-20-zoll-sommerraeder-sommerreifen-komplettraeder-fuer-vw-id-4\/#primaryimage\"},\"image\":{\"@id\":\"https:\/\/felgenforum.shop\/produkt\/dm08-20-zoll-sommerraeder-sommerreifen-komplettraeder-fuer-vw-id-4\/#primaryimage\"},\"thumbnailUrl\":\"https:\/\/felgenforum.shop\/wp-content\/uploads\/2026\/04\/ebay-product-239649-69d4bf88e1b16.webp\",\"datePublished\":\"2026-04-07T08:25:05+00:00\",\"dateModified\":\"2026-04-07T08:25:46+00:00\",\"description\":\"DM08 20 Zoll Sommerr\u00e4der Sommerreifen Komplettr\u00e4der f\u00fcr VW ID.4 online bestellen \u2794 Gepr\u00fcfte Qualit\u00e4t, Top Marken & schneller Versand \u2714 Jetzt sicher bei Felgenforum kaufen!\",\"breadcrumb\":{\"@id\":\"https:\/\/felgenforum.shop\/produkt\/dm08-20-zoll-sommerraeder-sommerreifen-komplettraeder-fuer-vw-id-4\/#breadcrumb\"},\"inLanguage\":\"en-GB\",\"potentialAction\":[{\"@type\":\"ReadAction\",\"target\":[\"https:\/\/felgenforum.shop\/produkt\/dm08-20-zoll-sommerraeder-sommerreifen-komplettraeder-fuer-vw-id-4\/\"]}]},{\"@type\":\"ImageObject\",\"inLanguage\":\"en-GB\",\"@id\":\"https:\/\/felgenforum.shop\/produkt\/dm08-20-zoll-sommerraeder-sommerreifen-komplettraeder-fuer-vw-id-4\/#primaryimage\",\"url\":\"https:\/\/felgenforum.shop\/wp-content\/uploads\/2026\/04\/ebay-product-239649-69d4bf88e1b16.webp\",\"contentUrl\":\"https:\/\/felgenforum.shop\/wp-content\/uploads\/2026\/04\/ebay-product-239649-69d4bf88e1b16.webp\",\"width\":1000,\"height\":1000},{\"@type\":\"BreadcrumbList\",\"@id\":\"https:\/\/felgenforum.shop\/produkt\/dm08-20-zoll-sommerraeder-sommerreifen-komplettraeder-fuer-vw-id-4\/#breadcrumb\",\"itemListElement\":[{\"@type\":\"ListItem\",\"position\":1,\"name\":\"Startseite\",\"item\":\"https:\/\/felgenforum.shop\/\"},{\"@type\":\"ListItem\",\"position\":2,\"name\":\"Shop\",\"item\":\"https:\/\/felgenforum.shop\/shop\/\"},{\"@type\":\"ListItem\",\"position\":3,\"name\":\"DM08 20 Zoll Sommerr\u00e4der Sommerreifen Komplettr\u00e4der f\u00fcr VW ID.4\"}]},{\"@type\":\"WebSite\",\"@id\":\"https:\/\/felgenforum.shop\/#website\",\"url\":\"https:\/\/felgenforum.shop\/\",\"name\":\"Felgenforum\",\"description\":\"\",\"potentialAction\":[{\"@type\":\"SearchAction\",\"target\":{\"@type\":\"EntryPoint\",\"urlTemplate\":\"https:\/\/felgenforum.shop\/?s={search_term_string}\"},\"query-input\":{\"@type\":\"PropertyValueSpecification\",\"valueRequired\":true,\"valueName\":\"search_term_string\"}}],\"inLanguage\":\"en-GB\"}]}<\/script>\n<!-- \/ Yoast SEO plugin. -->","yoast_head_json":{"title":"DM08 20 Zoll Sommerr\u00e4der Sommerreifen Komplettr\u00e4der f\u00fcr VW ID.4 g\u00fcnstig kaufen - Felgenforum","description":"DM08 20 Zoll Sommerr\u00e4der Sommerreifen Komplettr\u00e4der f\u00fcr VW ID.4 online bestellen \u2794 Gepr\u00fcfte Qualit\u00e4t, Top Marken & schneller Versand \u2714 Jetzt sicher bei Felgenforum kaufen!","robots":{"index":"index","follow":"follow","max-snippet":"max-snippet:-1","max-image-preview":"max-image-preview:large","max-video-preview":"max-video-preview:-1"},"canonical":"https:\/\/felgenforum.shop\/en\/product\/dm08-20-zoll-sommerraeder-sommerreifen-komplettraeder-fuer-vw-id-4\/","og_locale":"en_GB","og_type":"article","og_title":"DM08 20 Zoll Sommerr\u00e4der Sommerreifen Komplettr\u00e4der f\u00fcr VW ID.4 g\u00fcnstig kaufen - Felgenforum","og_description":"DM08 20 Zoll Sommerr\u00e4der Sommerreifen Komplettr\u00e4der f\u00fcr VW ID.4 online bestellen \u2794 Gepr\u00fcfte Qualit\u00e4t, Top Marken & schneller Versand \u2714 Jetzt sicher bei Felgenforum kaufen!","og_url":"https:\/\/felgenforum.shop\/en\/product\/dm08-20-zoll-sommerraeder-sommerreifen-komplettraeder-fuer-vw-id-4\/","og_site_name":"Felgenforum","article_modified_time":"2026-04-07T08:25:46+00:00","og_image":[{"width":1000,"height":1000,"url":"https:\/\/felgenforum.shop\/wp-content\/uploads\/2026\/04\/ebay-product-239649-69d4bf88e1b16.webp","type":"image\/webp"}],"twitter_card":"summary_large_image","twitter_misc":{"Est. reading time":"1 minute"},"schema":{"@context":"https:\/\/schema.org","@graph":[{"@type":"WebPage","@id":"https:\/\/felgenforum.shop\/produkt\/dm08-20-zoll-sommerraeder-sommerreifen-komplettraeder-fuer-vw-id-4\/","url":"https:\/\/felgenforum.shop\/produkt\/dm08-20-zoll-sommerraeder-sommerreifen-komplettraeder-fuer-vw-id-4\/","name":"DM08 20 Zoll Sommerr\u00e4der Sommerreifen Komplettr\u00e4der f\u00fcr VW ID.4 g\u00fcnstig kaufen - Felgenforum","isPartOf":{"@id":"https:\/\/felgenforum.shop\/#website"},"primaryImageOfPage":{"@id":"https:\/\/felgenforum.shop\/produkt\/dm08-20-zoll-sommerraeder-sommerreifen-komplettraeder-fuer-vw-id-4\/#primaryimage"},"image":{"@id":"https:\/\/felgenforum.shop\/produkt\/dm08-20-zoll-sommerraeder-sommerreifen-komplettraeder-fuer-vw-id-4\/#primaryimage"},"thumbnailUrl":"https:\/\/felgenforum.shop\/wp-content\/uploads\/2026\/04\/ebay-product-239649-69d4bf88e1b16.webp","datePublished":"2026-04-07T08:25:05+00:00","dateModified":"2026-04-07T08:25:46+00:00","description":"DM08 20 Zoll Sommerr\u00e4der Sommerreifen Komplettr\u00e4der f\u00fcr VW ID.4 online bestellen \u2794 Gepr\u00fcfte Qualit\u00e4t, Top Marken & schneller Versand \u2714 Jetzt sicher bei Felgenforum kaufen!","breadcrumb":{"@id":"https:\/\/felgenforum.shop\/produkt\/dm08-20-zoll-sommerraeder-sommerreifen-komplettraeder-fuer-vw-id-4\/#breadcrumb"},"inLanguage":"en-GB","potentialAction":[{"@type":"ReadAction","target":["https:\/\/felgenforum.shop\/produkt\/dm08-20-zoll-sommerraeder-sommerreifen-komplettraeder-fuer-vw-id-4\/"]}]},{"@type":"ImageObject","inLanguage":"en-GB","@id":"https:\/\/felgenforum.shop\/produkt\/dm08-20-zoll-sommerraeder-sommerreifen-komplettraeder-fuer-vw-id-4\/#primaryimage","url":"https:\/\/felgenforum.shop\/wp-content\/uploads\/2026\/04\/ebay-product-239649-69d4bf88e1b16.webp","contentUrl":"https:\/\/felgenforum.shop\/wp-content\/uploads\/2026\/04\/ebay-product-239649-69d4bf88e1b16.webp","width":1000,"height":1000},{"@type":"BreadcrumbList","@id":"https:\/\/felgenforum.shop\/produkt\/dm08-20-zoll-sommerraeder-sommerreifen-komplettraeder-fuer-vw-id-4\/#breadcrumb","itemListElement":[{"@type":"ListItem","position":1,"name":"Startseite","item":"https:\/\/felgenforum.shop\/"},{"@type":"ListItem","position":2,"name":"Shop","item":"https:\/\/felgenforum.shop\/shop\/"},{"@type":"ListItem","position":3,"name":"DM08 20 Zoll Sommerr\u00e4der Sommerreifen Komplettr\u00e4der f\u00fcr VW ID.4"}]},{"@type":"WebSite","@id":"https:\/\/felgenforum.shop\/#website","url":"https:\/\/felgenforum.shop\/","name":"Rim forum","description":"","potentialAction":[{"@type":"SearchAction","target":{"@type":"EntryPoint","urlTemplate":"https:\/\/felgenforum.shop\/?s={search_term_string}"},"query-input":{"@type":"PropertyValueSpecification","valueRequired":true,"valueName":"search_term_string"}}],"inLanguage":"en-GB"}]}},"_links":{"self":[{"href":"https:\/\/felgenforum.shop\/en\/wp-json\/wp\/v2\/product\/239649","targetHints":{"allow":["GET"]}}],"collection":[{"href":"https:\/\/felgenforum.shop\/en\/wp-json\/wp\/v2\/product"}],"about":[{"href":"https:\/\/felgenforum.shop\/en\/wp-json\/wp\/v2\/types\/product"}],"replies":[{"embeddable":true,"href":"https:\/\/felgenforum.shop\/en\/wp-json\/wp\/v2\/comments?post=239649"}],"wp:featuredmedia":[{"embeddable":true,"href":"https:\/\/felgenforum.shop\/en\/wp-json\/wp\/v2\/media\/239650"}],"wp:attachment":[{"href":"https:\/\/felgenforum.shop\/en\/wp-json\/wp\/v2\/media?parent=239649"}],"wp:term":[{"taxonomy":"product_brand","embeddable":true,"href":"https:\/\/felgenforum.shop\/en\/wp-json\/wp\/v2\/product_brand?post=239649"},{"taxonomy":"product_cat","embeddable":true,"href":"https:\/\/felgenforum.shop\/en\/wp-json\/wp\/v2\/product_cat?post=239649"},{"taxonomy":"product_tag","embeddable":true,"href":"https:\/\/felgenforum.shop\/en\/wp-json\/wp\/v2\/product_tag?post=239649"}],"curies":[{"name":"wp","href":"https:\/\/api.w.org\/{rel}","templated":true}]}}