{"id":239255,"date":"2026-04-02T18:25:52","date_gmt":"2026-04-02T16:25:52","guid":{"rendered":"https:\/\/felgenforum.shop\/?post_type=product&#038;p=239255"},"modified":"2026-04-03T00:25:33","modified_gmt":"2026-04-02T22:25:33","slug":"19-zoll-ganzjahresraeder-wh39-schwarz-fuer-mercedes-c-klasse-w205-2","status":"publish","type":"product","link":"https:\/\/felgenforum.shop\/en\/product\/19-zoll-ganzjahresraeder-wh39-schwarz-fuer-mercedes-c-klasse-w205-2\/","title":{"rendered":"19-inch all-season wheels WH39 black for Mercedes C-Class W205"},"content":{"rendered":"<h3>Welcome to an offer from Felgenforum.shop<\/h3>\n<ul>\n<li>In this offer we offer you a NEW set of Wheelworld WH39 alloy wheels in polished black including ABE.<\/li>\n<li>NEW &amp; in original packaging.<\/li>\n<\/ul>\n<h3>Scope of delivery:<\/h3>\n<ul>\n<li>4 x WH39 8,5&#215;19 ET45 5&#215;112 schwarz poliert<\/li>\n<li>4x Ganzjahresreifen Maxxis 225\/40r19<\/li>\n<li>4x RDKS vorprogrammiert<\/li>\n<li>Complete mounting hardware (if required according to the ABE)<\/li>\n<li>4x Wheelworld hubcaps<\/li>\n<li>(Vehicle manufacturer&#039;s hubcap not included)<\/li>\n<li>1x Expert report (ABE)<\/li>\n<li>In most cases, the rims are therefore registration-free. If you have any questions about fitment or any registration requirements, our experienced team will be happy to help :).<\/li>\n<li>Please be sure to specify your vehicle after purchase.<\/li>\n<li>We offer this model in many other sizes and colors; please contact us if you have any other requests.<\/li>\n<\/ul>\n<h3>&gt;&gt;&gt;Complete wheels<\/h3>\n<ul>\n<\/ul>\n<h3>We are happy to offer you the desired rims as ready-to-install complete wheels with a tire of your choice.<\/h3>\n<ul>\n<li>Feel free to send us a non-binding inquiry :).<\/li>\n<li>The rims are the correct size for the following vehicles:<\/li>\n<\/ul>","protected":false},"excerpt":{"rendered":"<p>Ein Satz (4 St\u00fcck) hochwertige Marken-Alufelgen, Modell WH39, in der Gr\u00f6\u00dfe 8.5&#215;19 Zoll, Lochkreis 112 mit 5 Loch. Professionell gepr\u00fcft und versandfertig verpackt.<\/p>","protected":false},"featured_media":239623,"comment_status":"open","ping_status":"closed","template":"","meta":[],"product_brand":[],"product_cat":[2572],"product_tag":[],"class_list":{"0":"post-239255","1":"product","2":"type-product","3":"status-publish","4":"has-post-thumbnail","6":"product_cat-sonstige","7":"pa_anzahl-der-einheiten-1484","8":"pa_einpresstiefe-et-1508","9":"pa_farbe-schwarz-hochglanz-poliert","10":"pa_felgenbreite-8-5","11":"pa_felgendesign-multi-speichen-felge","12":"pa_felgenmaterial-alu","13":"pa_hersteller-2drv","14":"pa_herstellergarantie-ja-zwei-jahre","15":"pa_herstellernummer-1914","16":"pa_lochkreis-1439","17":"pa_lochzahl-1447","18":"pa_maximale-traglast-2029","19":"pa_mit-deckel-ja-nein-ja-von-wheelworld","20":"pa_mittenlochbohrung-66-6","21":"pa_modell-wh39","22":"pa_produktart-kreuzspeiche","23":"pa_ursprungsland-deutschland","24":"pa_zollgroesse-1448","26":"first","27":"instock","28":"sale","29":"taxable","30":"shipping-taxable","31":"purchasable","32":"product-type-simple"},"yoast_head":"<!-- This site is optimized with the Yoast SEO plugin v27.2 - https:\/\/yoast.com\/product\/yoast-seo-wordpress\/ -->\n<title>19 Zoll Ganzjahresr\u00e4der WH39 schwarz f\u00fcr Mercedes C-Klasse W205 g\u00fcnstig kaufen - Felgenforum<\/title>\n<meta name=\"description\" content=\"19 Zoll Ganzjahresr\u00e4der WH39 schwarz f\u00fcr Mercedes C-Klasse W205 online bestellen \u2794 Gepr\u00fcfte Qualit\u00e4t, Top Marken &amp; schneller Versand \u2714 Jetzt sicher bei Felgenforum kaufen!\" \/>\n<meta name=\"robots\" content=\"index, follow, max-snippet:-1, max-image-preview:large, max-video-preview:-1\" \/>\n<link rel=\"canonical\" href=\"https:\/\/felgenforum.shop\/en\/product\/19-zoll-ganzjahresraeder-wh39-schwarz-fuer-mercedes-c-klasse-w205-2\/\" \/>\n<meta property=\"og:locale\" content=\"en_GB\" \/>\n<meta property=\"og:type\" content=\"article\" \/>\n<meta property=\"og:title\" content=\"19 Zoll Ganzjahresr\u00e4der WH39 schwarz f\u00fcr Mercedes C-Klasse W205 g\u00fcnstig kaufen - Felgenforum\" \/>\n<meta property=\"og:description\" content=\"19 Zoll Ganzjahresr\u00e4der WH39 schwarz f\u00fcr Mercedes C-Klasse W205 online bestellen \u2794 Gepr\u00fcfte Qualit\u00e4t, Top Marken &amp; schneller Versand \u2714 Jetzt sicher bei Felgenforum kaufen!\" \/>\n<meta property=\"og:url\" content=\"https:\/\/felgenforum.shop\/en\/product\/19-zoll-ganzjahresraeder-wh39-schwarz-fuer-mercedes-c-klasse-w205-2\/\" \/>\n<meta property=\"og:site_name\" content=\"Felgenforum\" \/>\n<meta property=\"article:modified_time\" content=\"2026-04-02T22:25:33+00:00\" \/>\n<meta property=\"og:image\" content=\"https:\/\/felgenforum.shop\/wp-content\/uploads\/2026\/04\/ebay-product-239255-69ceecdd7d83a.webp\" \/>\n\t<meta property=\"og:image:width\" content=\"1000\" \/>\n\t<meta property=\"og:image:height\" content=\"1000\" \/>\n\t<meta property=\"og:image:type\" content=\"image\/webp\" \/>\n<meta name=\"twitter:card\" content=\"summary_large_image\" \/>\n<meta name=\"twitter:label1\" content=\"Est. reading time\" \/>\n\t<meta name=\"twitter:data1\" content=\"1 minute\" \/>\n<script type=\"application\/ld+json\" class=\"yoast-schema-graph\">{\"@context\":\"https:\/\/schema.org\",\"@graph\":[{\"@type\":\"WebPage\",\"@id\":\"https:\/\/felgenforum.shop\/produkt\/19-zoll-ganzjahresraeder-wh39-schwarz-fuer-mercedes-c-klasse-w205-2\/\",\"url\":\"https:\/\/felgenforum.shop\/produkt\/19-zoll-ganzjahresraeder-wh39-schwarz-fuer-mercedes-c-klasse-w205-2\/\",\"name\":\"19 Zoll Ganzjahresr\u00e4der WH39 schwarz f\u00fcr Mercedes C-Klasse W205 g\u00fcnstig kaufen - Felgenforum\",\"isPartOf\":{\"@id\":\"https:\/\/felgenforum.shop\/#website\"},\"primaryImageOfPage\":{\"@id\":\"https:\/\/felgenforum.shop\/produkt\/19-zoll-ganzjahresraeder-wh39-schwarz-fuer-mercedes-c-klasse-w205-2\/#primaryimage\"},\"image\":{\"@id\":\"https:\/\/felgenforum.shop\/produkt\/19-zoll-ganzjahresraeder-wh39-schwarz-fuer-mercedes-c-klasse-w205-2\/#primaryimage\"},\"thumbnailUrl\":\"https:\/\/felgenforum.shop\/wp-content\/uploads\/2026\/04\/ebay-product-239255-69ceecdd7d83a.webp\",\"datePublished\":\"2026-04-02T16:25:52+00:00\",\"dateModified\":\"2026-04-02T22:25:33+00:00\",\"description\":\"19 Zoll Ganzjahresr\u00e4der WH39 schwarz f\u00fcr Mercedes C-Klasse W205 online bestellen \u2794 Gepr\u00fcfte Qualit\u00e4t, Top Marken & schneller Versand \u2714 Jetzt sicher bei Felgenforum kaufen!\",\"breadcrumb\":{\"@id\":\"https:\/\/felgenforum.shop\/produkt\/19-zoll-ganzjahresraeder-wh39-schwarz-fuer-mercedes-c-klasse-w205-2\/#breadcrumb\"},\"inLanguage\":\"en-GB\",\"potentialAction\":[{\"@type\":\"ReadAction\",\"target\":[\"https:\/\/felgenforum.shop\/produkt\/19-zoll-ganzjahresraeder-wh39-schwarz-fuer-mercedes-c-klasse-w205-2\/\"]}]},{\"@type\":\"ImageObject\",\"inLanguage\":\"en-GB\",\"@id\":\"https:\/\/felgenforum.shop\/produkt\/19-zoll-ganzjahresraeder-wh39-schwarz-fuer-mercedes-c-klasse-w205-2\/#primaryimage\",\"url\":\"https:\/\/felgenforum.shop\/wp-content\/uploads\/2026\/04\/ebay-product-239255-69ceecdd7d83a.webp\",\"contentUrl\":\"https:\/\/felgenforum.shop\/wp-content\/uploads\/2026\/04\/ebay-product-239255-69ceecdd7d83a.webp\",\"width\":1000,\"height\":1000},{\"@type\":\"BreadcrumbList\",\"@id\":\"https:\/\/felgenforum.shop\/produkt\/19-zoll-ganzjahresraeder-wh39-schwarz-fuer-mercedes-c-klasse-w205-2\/#breadcrumb\",\"itemListElement\":[{\"@type\":\"ListItem\",\"position\":1,\"name\":\"Startseite\",\"item\":\"https:\/\/felgenforum.shop\/\"},{\"@type\":\"ListItem\",\"position\":2,\"name\":\"Shop\",\"item\":\"https:\/\/felgenforum.shop\/shop\/\"},{\"@type\":\"ListItem\",\"position\":3,\"name\":\"19 Zoll Ganzjahresr\u00e4der WH39 schwarz f\u00fcr Mercedes C-Klasse W205\"}]},{\"@type\":\"WebSite\",\"@id\":\"https:\/\/felgenforum.shop\/#website\",\"url\":\"https:\/\/felgenforum.shop\/\",\"name\":\"Felgenforum\",\"description\":\"\",\"potentialAction\":[{\"@type\":\"SearchAction\",\"target\":{\"@type\":\"EntryPoint\",\"urlTemplate\":\"https:\/\/felgenforum.shop\/?s={search_term_string}\"},\"query-input\":{\"@type\":\"PropertyValueSpecification\",\"valueRequired\":true,\"valueName\":\"search_term_string\"}}],\"inLanguage\":\"en-GB\"}]}<\/script>\n<!-- \/ Yoast SEO plugin. -->","yoast_head_json":{"title":"19 Zoll Ganzjahresr\u00e4der WH39 schwarz f\u00fcr Mercedes C-Klasse W205 g\u00fcnstig kaufen - Felgenforum","description":"19 Zoll Ganzjahresr\u00e4der WH39 schwarz f\u00fcr Mercedes C-Klasse W205 online bestellen \u2794 Gepr\u00fcfte Qualit\u00e4t, Top Marken & schneller Versand \u2714 Jetzt sicher bei Felgenforum kaufen!","robots":{"index":"index","follow":"follow","max-snippet":"max-snippet:-1","max-image-preview":"max-image-preview:large","max-video-preview":"max-video-preview:-1"},"canonical":"https:\/\/felgenforum.shop\/en\/product\/19-zoll-ganzjahresraeder-wh39-schwarz-fuer-mercedes-c-klasse-w205-2\/","og_locale":"en_GB","og_type":"article","og_title":"19 Zoll Ganzjahresr\u00e4der WH39 schwarz f\u00fcr Mercedes C-Klasse W205 g\u00fcnstig kaufen - Felgenforum","og_description":"19 Zoll Ganzjahresr\u00e4der WH39 schwarz f\u00fcr Mercedes C-Klasse W205 online bestellen \u2794 Gepr\u00fcfte Qualit\u00e4t, Top Marken & schneller Versand \u2714 Jetzt sicher bei Felgenforum kaufen!","og_url":"https:\/\/felgenforum.shop\/en\/product\/19-zoll-ganzjahresraeder-wh39-schwarz-fuer-mercedes-c-klasse-w205-2\/","og_site_name":"Felgenforum","article_modified_time":"2026-04-02T22:25:33+00:00","og_image":[{"width":1000,"height":1000,"url":"https:\/\/felgenforum.shop\/wp-content\/uploads\/2026\/04\/ebay-product-239255-69ceecdd7d83a.webp","type":"image\/webp"}],"twitter_card":"summary_large_image","twitter_misc":{"Est. reading time":"1 minute"},"schema":{"@context":"https:\/\/schema.org","@graph":[{"@type":"WebPage","@id":"https:\/\/felgenforum.shop\/produkt\/19-zoll-ganzjahresraeder-wh39-schwarz-fuer-mercedes-c-klasse-w205-2\/","url":"https:\/\/felgenforum.shop\/produkt\/19-zoll-ganzjahresraeder-wh39-schwarz-fuer-mercedes-c-klasse-w205-2\/","name":"19 Zoll Ganzjahresr\u00e4der WH39 schwarz f\u00fcr Mercedes C-Klasse W205 g\u00fcnstig kaufen - Felgenforum","isPartOf":{"@id":"https:\/\/felgenforum.shop\/#website"},"primaryImageOfPage":{"@id":"https:\/\/felgenforum.shop\/produkt\/19-zoll-ganzjahresraeder-wh39-schwarz-fuer-mercedes-c-klasse-w205-2\/#primaryimage"},"image":{"@id":"https:\/\/felgenforum.shop\/produkt\/19-zoll-ganzjahresraeder-wh39-schwarz-fuer-mercedes-c-klasse-w205-2\/#primaryimage"},"thumbnailUrl":"https:\/\/felgenforum.shop\/wp-content\/uploads\/2026\/04\/ebay-product-239255-69ceecdd7d83a.webp","datePublished":"2026-04-02T16:25:52+00:00","dateModified":"2026-04-02T22:25:33+00:00","description":"19 Zoll Ganzjahresr\u00e4der WH39 schwarz f\u00fcr Mercedes C-Klasse W205 online bestellen \u2794 Gepr\u00fcfte Qualit\u00e4t, Top Marken & schneller Versand \u2714 Jetzt sicher bei Felgenforum kaufen!","breadcrumb":{"@id":"https:\/\/felgenforum.shop\/produkt\/19-zoll-ganzjahresraeder-wh39-schwarz-fuer-mercedes-c-klasse-w205-2\/#breadcrumb"},"inLanguage":"en-GB","potentialAction":[{"@type":"ReadAction","target":["https:\/\/felgenforum.shop\/produkt\/19-zoll-ganzjahresraeder-wh39-schwarz-fuer-mercedes-c-klasse-w205-2\/"]}]},{"@type":"ImageObject","inLanguage":"en-GB","@id":"https:\/\/felgenforum.shop\/produkt\/19-zoll-ganzjahresraeder-wh39-schwarz-fuer-mercedes-c-klasse-w205-2\/#primaryimage","url":"https:\/\/felgenforum.shop\/wp-content\/uploads\/2026\/04\/ebay-product-239255-69ceecdd7d83a.webp","contentUrl":"https:\/\/felgenforum.shop\/wp-content\/uploads\/2026\/04\/ebay-product-239255-69ceecdd7d83a.webp","width":1000,"height":1000},{"@type":"BreadcrumbList","@id":"https:\/\/felgenforum.shop\/produkt\/19-zoll-ganzjahresraeder-wh39-schwarz-fuer-mercedes-c-klasse-w205-2\/#breadcrumb","itemListElement":[{"@type":"ListItem","position":1,"name":"Startseite","item":"https:\/\/felgenforum.shop\/"},{"@type":"ListItem","position":2,"name":"Shop","item":"https:\/\/felgenforum.shop\/shop\/"},{"@type":"ListItem","position":3,"name":"19 Zoll Ganzjahresr\u00e4der WH39 schwarz f\u00fcr Mercedes C-Klasse W205"}]},{"@type":"WebSite","@id":"https:\/\/felgenforum.shop\/#website","url":"https:\/\/felgenforum.shop\/","name":"Rim forum","description":"","potentialAction":[{"@type":"SearchAction","target":{"@type":"EntryPoint","urlTemplate":"https:\/\/felgenforum.shop\/?s={search_term_string}"},"query-input":{"@type":"PropertyValueSpecification","valueRequired":true,"valueName":"search_term_string"}}],"inLanguage":"en-GB"}]}},"_links":{"self":[{"href":"https:\/\/felgenforum.shop\/en\/wp-json\/wp\/v2\/product\/239255","targetHints":{"allow":["GET"]}}],"collection":[{"href":"https:\/\/felgenforum.shop\/en\/wp-json\/wp\/v2\/product"}],"about":[{"href":"https:\/\/felgenforum.shop\/en\/wp-json\/wp\/v2\/types\/product"}],"replies":[{"embeddable":true,"href":"https:\/\/felgenforum.shop\/en\/wp-json\/wp\/v2\/comments?post=239255"}],"wp:featuredmedia":[{"embeddable":true,"href":"https:\/\/felgenforum.shop\/en\/wp-json\/wp\/v2\/media\/239623"}],"wp:attachment":[{"href":"https:\/\/felgenforum.shop\/en\/wp-json\/wp\/v2\/media?parent=239255"}],"wp:term":[{"taxonomy":"product_brand","embeddable":true,"href":"https:\/\/felgenforum.shop\/en\/wp-json\/wp\/v2\/product_brand?post=239255"},{"taxonomy":"product_cat","embeddable":true,"href":"https:\/\/felgenforum.shop\/en\/wp-json\/wp\/v2\/product_cat?post=239255"},{"taxonomy":"product_tag","embeddable":true,"href":"https:\/\/felgenforum.shop\/en\/wp-json\/wp\/v2\/product_tag?post=239255"}],"curies":[{"name":"wp","href":"https:\/\/api.w.org\/{rel}","templated":true}]}}