{"id":238905,"date":"2026-04-02T14:55:58","date_gmt":"2026-04-02T12:55:58","guid":{"rendered":"https:\/\/felgenforum.shop\/?post_type=product&#038;p=238905"},"modified":"2026-04-02T17:27:11","modified_gmt":"2026-04-02T15:27:11","slug":"19-zoll-sommerraeder-sommerreifen-sommerkomplettraeder-skoda-octavia-1z-5e-rs-vrs-16","status":"publish","type":"product","link":"https:\/\/felgenforum.shop\/en\/product\/19-zoll-sommerraeder-sommerreifen-sommerkomplettraeder-skoda-octavia-1z-5e-rs-vrs-16\/","title":{"rendered":"19-inch summer wheels, summer tires, complete summer wheel sets for Skoda Octavia 1Z 5E RS VRS"},"content":{"rendered":"<h3>Welcome to an offer from Felgenforum.shop<\/h3>\n<ul>\n<li>In this offer we offer you a NEW set of summer complete wheels in glossy black including ABE (German type approval).<\/li>\n<li>4x fully pre-assembled and balanced complete wheels<\/li>\n<li>consisting of:<\/li>\n<li>4x Alufelge Wheelworld WH39 8,5&#215;19 ET45 LK5\/112<\/li>\n<li>+<\/li>\n<li>4x summer tires 225\/35 R19 88Y from current daily purchase<\/li>\n<li>fully assembled and balanced<\/li>\n<li>(including black weights and black metal valves)<\/li>\n<li>NEW &amp; in original packaging.<\/li>\n<\/ul>\n<h3>Scope of delivery:<\/h3>\n<ul>\n<li>4 x WH39 8,5&#215;19 ET45 5&#215;112\u00a0schwarz\u00a0gl\u00e4nzend<\/li>\n<li>Complete mounting hardware (if required according to the ABE)<\/li>\n<li>4x summer tires from current daily purchase 225\/35 R19 88Y<\/li>\n<li>4x Wheelworld hubcaps<\/li>\n<li>(Vehicle manufacturer&#039;s hubcap not included)<\/li>\n<li>1x Expert report (ABE)<\/li>\n<li>In most cases, the complete wheel sets are therefore registration-free. If you have any questions about fitment or any registration requirements, our experienced team will be happy to assist you :).<\/li>\n<li>Please be sure to specify your vehicle after purchase.<\/li>\n<li>We offer this model in many other sizes and colors; please contact us if you have any other requests.<\/li>\n<li>&gt;&gt;&gt;Wishful tires<\/li>\n<li>Do you have a specific request regarding tire brand or tire quality? No problem!<\/li>\n<li>We would be happy to create individual complete wheel offers for you :).<\/li>\n<li>The complete wheels are suitable for, among others:<\/li>\n<\/ul>\n<h3>Audi<\/h3>\n<ul>\n<li>A3 S3 8P 8P1 8V GY\u00a0<\/li>\n<\/ul>\n<h3>Volkswagen<\/h3>\n<ul>\n<li>EOS<\/li>\n<li>Golf 6 7 8 in all versions<\/li>\n<li>Jetta 1KM 16 16H<\/li>\n<li>Passat B6 B7<\/li>\n<\/ul>\n<h3>Mercedes Benz<\/h3>\n<ul>\n<li>A-Class W176<\/li>\n<li>B Class W246<\/li>\n<li>C-Class W204 S204<\/li>\n<li>CLA Class C117<\/li>\n<li>Seat<\/li>\n<li>Leon 1P 5F KL also Cupra<\/li>\n<\/ul>\n<h3>Skoda<\/h3>\n<ul>\n<li>Octavia 1Z 5E<\/li>\n<li>Superb 2 3<\/li>\n<\/ul>","protected":false},"excerpt":{"rendered":"<p>A set (4 pieces) of ready-to-drive Wheelworld complete wheels, professionally mounted and balanced.<\/p>\n<p><strong>Rim details:<\/strong> 8,5&#215;19 Zoll, Lochkreis 112 mm WH34, Farbe: Schwarz hochglanz Poliert.<br \/><strong>Tire details:<\/strong> Daily shopping, tread depth: approx. NEW mm.<\/p>","protected":false},"featured_media":239160,"comment_status":"open","ping_status":"closed","template":"","meta":[],"product_brand":[],"product_cat":[1636,1196,1635],"product_tag":[],"class_list":{"0":"post-238905","1":"product","2":"type-product","3":"status-publish","4":"has-post-thumbnail","6":"product_cat-19-zoll-sommerraeder-skoda","7":"product_cat-komplettraeder-sommer","8":"product_cat-skoda-komplettraeder-sommer","9":"pa_anzahl-der-komplettraeder-1433","10":"pa_einpresstiefe-et-45-mm","11":"pa_eisgriffigkeit-nein","12":"pa_fahrzeugtyp-allradfahrzeug","13":"pa_farbe-schwarz-hochglanz-poliert","14":"pa_felgenaufbau-einteilig-gegossen","15":"pa_felgenbreite-1440","16":"pa_felgendesign-10-speichen","17":"pa_felgenfarbe-schwarz","18":"pa_felgenhersteller-wheelworld","19":"pa_felgenmaterial-aluminium","20":"pa_felgenmodell-wh39","21":"pa_geschwindigkeitsindex-y-bis-300-km-h","22":"pa_hersteller-2drv","23":"pa_herstellernummer-2224","24":"pa_herstellernummer-felge-2199","25":"pa_herstellernummer-reifen-tageseinkauf","26":"pa_lastbereich-xl","27":"pa_lochkreis-112-mm","28":"pa_lochzahl-1447","29":"pa_maximale-traglast-1867","30":"pa_mittenlochbohrung-666-mm","31":"pa_modell-wh34","32":"pa_profiltiefe-neu","33":"pa_reifenbauart-r-radialreifen","34":"pa_reifenbreite-1432","35":"pa_reifendurchmesser-1436","36":"pa_reifenhersteller-tageseinkauf","37":"pa_reifenmodell-tageseinkauf","38":"pa_reifenquerschnitt-1434","39":"pa_reifenspezifikation-sommerreifen","40":"pa_run-flat-nein","41":"pa_schneeflocken-symbol-nein","42":"pa_zollgroesse-1448","44":"first","45":"instock","46":"sale","47":"taxable","48":"shipping-taxable","49":"purchasable","50":"product-type-simple"},"yoast_head":"<!-- This site is optimized with the Yoast SEO plugin v27.2 - https:\/\/yoast.com\/product\/yoast-seo-wordpress\/ -->\n<title>19 Zoll Sommerr\u00e4der Sommerreifen Sommerkomplettr\u00e4der Skoda Octavia 1Z 5E RS VRS g\u00fcnstig kaufen - Felgenforum<\/title>\n<meta name=\"description\" content=\"19 Zoll Sommerr\u00e4der Sommerreifen Sommerkomplettr\u00e4der Skoda Octavia 1Z 5E RS VRS online bestellen \u2794 Gepr\u00fcfte Qualit\u00e4t, Top Marken &amp; schneller Versand \u2714 Jetzt sicher bei Felgenforum kaufen!\" \/>\n<meta name=\"robots\" content=\"index, follow, max-snippet:-1, max-image-preview:large, max-video-preview:-1\" \/>\n<link rel=\"canonical\" href=\"https:\/\/felgenforum.shop\/en\/product\/19-zoll-sommerraeder-sommerreifen-sommerkomplettraeder-skoda-octavia-1z-5e-rs-vrs-16\/\" \/>\n<meta property=\"og:locale\" content=\"en_GB\" \/>\n<meta property=\"og:type\" content=\"article\" \/>\n<meta property=\"og:title\" content=\"19 Zoll Sommerr\u00e4der Sommerreifen Sommerkomplettr\u00e4der Skoda Octavia 1Z 5E RS VRS g\u00fcnstig kaufen - Felgenforum\" \/>\n<meta property=\"og:description\" content=\"19 Zoll Sommerr\u00e4der Sommerreifen Sommerkomplettr\u00e4der Skoda Octavia 1Z 5E RS VRS online bestellen \u2794 Gepr\u00fcfte Qualit\u00e4t, Top Marken &amp; schneller Versand \u2714 Jetzt sicher bei Felgenforum kaufen!\" \/>\n<meta property=\"og:url\" content=\"https:\/\/felgenforum.shop\/en\/product\/19-zoll-sommerraeder-sommerreifen-sommerkomplettraeder-skoda-octavia-1z-5e-rs-vrs-16\/\" \/>\n<meta property=\"og:site_name\" content=\"Felgenforum\" \/>\n<meta property=\"article:modified_time\" content=\"2026-04-02T15:27:11+00:00\" \/>\n<meta property=\"og:image\" content=\"https:\/\/felgenforum.shop\/wp-content\/uploads\/2026\/04\/ebay-product-238905-69ce8acd6e349.webp\" \/>\n\t<meta property=\"og:image:width\" content=\"1000\" \/>\n\t<meta property=\"og:image:height\" content=\"1000\" \/>\n\t<meta property=\"og:image:type\" content=\"image\/webp\" \/>\n<meta name=\"twitter:card\" content=\"summary_large_image\" \/>\n<meta name=\"twitter:label1\" content=\"Est. reading time\" \/>\n\t<meta name=\"twitter:data1\" content=\"1 minute\" \/>\n<script type=\"application\/ld+json\" class=\"yoast-schema-graph\">{\"@context\":\"https:\/\/schema.org\",\"@graph\":[{\"@type\":\"WebPage\",\"@id\":\"https:\/\/felgenforum.shop\/produkt\/19-zoll-sommerraeder-sommerreifen-sommerkomplettraeder-skoda-octavia-1z-5e-rs-vrs-16\/\",\"url\":\"https:\/\/felgenforum.shop\/produkt\/19-zoll-sommerraeder-sommerreifen-sommerkomplettraeder-skoda-octavia-1z-5e-rs-vrs-16\/\",\"name\":\"19 Zoll Sommerr\u00e4der Sommerreifen Sommerkomplettr\u00e4der Skoda Octavia 1Z 5E RS VRS g\u00fcnstig kaufen - Felgenforum\",\"isPartOf\":{\"@id\":\"https:\/\/felgenforum.shop\/#website\"},\"primaryImageOfPage\":{\"@id\":\"https:\/\/felgenforum.shop\/produkt\/19-zoll-sommerraeder-sommerreifen-sommerkomplettraeder-skoda-octavia-1z-5e-rs-vrs-16\/#primaryimage\"},\"image\":{\"@id\":\"https:\/\/felgenforum.shop\/produkt\/19-zoll-sommerraeder-sommerreifen-sommerkomplettraeder-skoda-octavia-1z-5e-rs-vrs-16\/#primaryimage\"},\"thumbnailUrl\":\"https:\/\/felgenforum.shop\/wp-content\/uploads\/2026\/04\/ebay-product-238905-69ce8acd6e349.webp\",\"datePublished\":\"2026-04-02T12:55:58+00:00\",\"dateModified\":\"2026-04-02T15:27:11+00:00\",\"description\":\"19 Zoll Sommerr\u00e4der Sommerreifen Sommerkomplettr\u00e4der Skoda Octavia 1Z 5E RS VRS online bestellen \u2794 Gepr\u00fcfte Qualit\u00e4t, Top Marken & schneller Versand \u2714 Jetzt sicher bei Felgenforum kaufen!\",\"breadcrumb\":{\"@id\":\"https:\/\/felgenforum.shop\/produkt\/19-zoll-sommerraeder-sommerreifen-sommerkomplettraeder-skoda-octavia-1z-5e-rs-vrs-16\/#breadcrumb\"},\"inLanguage\":\"en-GB\",\"potentialAction\":[{\"@type\":\"ReadAction\",\"target\":[\"https:\/\/felgenforum.shop\/produkt\/19-zoll-sommerraeder-sommerreifen-sommerkomplettraeder-skoda-octavia-1z-5e-rs-vrs-16\/\"]}]},{\"@type\":\"ImageObject\",\"inLanguage\":\"en-GB\",\"@id\":\"https:\/\/felgenforum.shop\/produkt\/19-zoll-sommerraeder-sommerreifen-sommerkomplettraeder-skoda-octavia-1z-5e-rs-vrs-16\/#primaryimage\",\"url\":\"https:\/\/felgenforum.shop\/wp-content\/uploads\/2026\/04\/ebay-product-238905-69ce8acd6e349.webp\",\"contentUrl\":\"https:\/\/felgenforum.shop\/wp-content\/uploads\/2026\/04\/ebay-product-238905-69ce8acd6e349.webp\",\"width\":1000,\"height\":1000},{\"@type\":\"BreadcrumbList\",\"@id\":\"https:\/\/felgenforum.shop\/produkt\/19-zoll-sommerraeder-sommerreifen-sommerkomplettraeder-skoda-octavia-1z-5e-rs-vrs-16\/#breadcrumb\",\"itemListElement\":[{\"@type\":\"ListItem\",\"position\":1,\"name\":\"Startseite\",\"item\":\"https:\/\/felgenforum.shop\/\"},{\"@type\":\"ListItem\",\"position\":2,\"name\":\"Shop\",\"item\":\"https:\/\/felgenforum.shop\/shop\/\"},{\"@type\":\"ListItem\",\"position\":3,\"name\":\"19 Zoll Sommerr\u00e4der Sommerreifen Sommerkomplettr\u00e4der Skoda Octavia 1Z 5E RS VRS\"}]},{\"@type\":\"WebSite\",\"@id\":\"https:\/\/felgenforum.shop\/#website\",\"url\":\"https:\/\/felgenforum.shop\/\",\"name\":\"Felgenforum\",\"description\":\"\",\"potentialAction\":[{\"@type\":\"SearchAction\",\"target\":{\"@type\":\"EntryPoint\",\"urlTemplate\":\"https:\/\/felgenforum.shop\/?s={search_term_string}\"},\"query-input\":{\"@type\":\"PropertyValueSpecification\",\"valueRequired\":true,\"valueName\":\"search_term_string\"}}],\"inLanguage\":\"en-GB\"}]}<\/script>\n<!-- \/ Yoast SEO plugin. -->","yoast_head_json":{"title":"19 Zoll Sommerr\u00e4der Sommerreifen Sommerkomplettr\u00e4der Skoda Octavia 1Z 5E RS VRS g\u00fcnstig kaufen - Felgenforum","description":"19 Zoll Sommerr\u00e4der Sommerreifen Sommerkomplettr\u00e4der Skoda Octavia 1Z 5E RS VRS online bestellen \u2794 Gepr\u00fcfte Qualit\u00e4t, Top Marken & schneller Versand \u2714 Jetzt sicher bei Felgenforum kaufen!","robots":{"index":"index","follow":"follow","max-snippet":"max-snippet:-1","max-image-preview":"max-image-preview:large","max-video-preview":"max-video-preview:-1"},"canonical":"https:\/\/felgenforum.shop\/en\/product\/19-zoll-sommerraeder-sommerreifen-sommerkomplettraeder-skoda-octavia-1z-5e-rs-vrs-16\/","og_locale":"en_GB","og_type":"article","og_title":"19 Zoll Sommerr\u00e4der Sommerreifen Sommerkomplettr\u00e4der Skoda Octavia 1Z 5E RS VRS g\u00fcnstig kaufen - Felgenforum","og_description":"19 Zoll Sommerr\u00e4der Sommerreifen Sommerkomplettr\u00e4der Skoda Octavia 1Z 5E RS VRS online bestellen \u2794 Gepr\u00fcfte Qualit\u00e4t, Top Marken & schneller Versand \u2714 Jetzt sicher bei Felgenforum kaufen!","og_url":"https:\/\/felgenforum.shop\/en\/product\/19-zoll-sommerraeder-sommerreifen-sommerkomplettraeder-skoda-octavia-1z-5e-rs-vrs-16\/","og_site_name":"Felgenforum","article_modified_time":"2026-04-02T15:27:11+00:00","og_image":[{"width":1000,"height":1000,"url":"https:\/\/felgenforum.shop\/wp-content\/uploads\/2026\/04\/ebay-product-238905-69ce8acd6e349.webp","type":"image\/webp"}],"twitter_card":"summary_large_image","twitter_misc":{"Est. reading time":"1 minute"},"schema":{"@context":"https:\/\/schema.org","@graph":[{"@type":"WebPage","@id":"https:\/\/felgenforum.shop\/produkt\/19-zoll-sommerraeder-sommerreifen-sommerkomplettraeder-skoda-octavia-1z-5e-rs-vrs-16\/","url":"https:\/\/felgenforum.shop\/produkt\/19-zoll-sommerraeder-sommerreifen-sommerkomplettraeder-skoda-octavia-1z-5e-rs-vrs-16\/","name":"19 Zoll Sommerr\u00e4der Sommerreifen Sommerkomplettr\u00e4der Skoda Octavia 1Z 5E RS VRS g\u00fcnstig kaufen - Felgenforum","isPartOf":{"@id":"https:\/\/felgenforum.shop\/#website"},"primaryImageOfPage":{"@id":"https:\/\/felgenforum.shop\/produkt\/19-zoll-sommerraeder-sommerreifen-sommerkomplettraeder-skoda-octavia-1z-5e-rs-vrs-16\/#primaryimage"},"image":{"@id":"https:\/\/felgenforum.shop\/produkt\/19-zoll-sommerraeder-sommerreifen-sommerkomplettraeder-skoda-octavia-1z-5e-rs-vrs-16\/#primaryimage"},"thumbnailUrl":"https:\/\/felgenforum.shop\/wp-content\/uploads\/2026\/04\/ebay-product-238905-69ce8acd6e349.webp","datePublished":"2026-04-02T12:55:58+00:00","dateModified":"2026-04-02T15:27:11+00:00","description":"19 Zoll Sommerr\u00e4der Sommerreifen Sommerkomplettr\u00e4der Skoda Octavia 1Z 5E RS VRS online bestellen \u2794 Gepr\u00fcfte Qualit\u00e4t, Top Marken & schneller Versand \u2714 Jetzt sicher bei Felgenforum kaufen!","breadcrumb":{"@id":"https:\/\/felgenforum.shop\/produkt\/19-zoll-sommerraeder-sommerreifen-sommerkomplettraeder-skoda-octavia-1z-5e-rs-vrs-16\/#breadcrumb"},"inLanguage":"en-GB","potentialAction":[{"@type":"ReadAction","target":["https:\/\/felgenforum.shop\/produkt\/19-zoll-sommerraeder-sommerreifen-sommerkomplettraeder-skoda-octavia-1z-5e-rs-vrs-16\/"]}]},{"@type":"ImageObject","inLanguage":"en-GB","@id":"https:\/\/felgenforum.shop\/produkt\/19-zoll-sommerraeder-sommerreifen-sommerkomplettraeder-skoda-octavia-1z-5e-rs-vrs-16\/#primaryimage","url":"https:\/\/felgenforum.shop\/wp-content\/uploads\/2026\/04\/ebay-product-238905-69ce8acd6e349.webp","contentUrl":"https:\/\/felgenforum.shop\/wp-content\/uploads\/2026\/04\/ebay-product-238905-69ce8acd6e349.webp","width":1000,"height":1000},{"@type":"BreadcrumbList","@id":"https:\/\/felgenforum.shop\/produkt\/19-zoll-sommerraeder-sommerreifen-sommerkomplettraeder-skoda-octavia-1z-5e-rs-vrs-16\/#breadcrumb","itemListElement":[{"@type":"ListItem","position":1,"name":"Startseite","item":"https:\/\/felgenforum.shop\/"},{"@type":"ListItem","position":2,"name":"Shop","item":"https:\/\/felgenforum.shop\/shop\/"},{"@type":"ListItem","position":3,"name":"19 Zoll Sommerr\u00e4der Sommerreifen Sommerkomplettr\u00e4der Skoda Octavia 1Z 5E RS VRS"}]},{"@type":"WebSite","@id":"https:\/\/felgenforum.shop\/#website","url":"https:\/\/felgenforum.shop\/","name":"Rim forum","description":"","potentialAction":[{"@type":"SearchAction","target":{"@type":"EntryPoint","urlTemplate":"https:\/\/felgenforum.shop\/?s={search_term_string}"},"query-input":{"@type":"PropertyValueSpecification","valueRequired":true,"valueName":"search_term_string"}}],"inLanguage":"en-GB"}]}},"_links":{"self":[{"href":"https:\/\/felgenforum.shop\/en\/wp-json\/wp\/v2\/product\/238905","targetHints":{"allow":["GET"]}}],"collection":[{"href":"https:\/\/felgenforum.shop\/en\/wp-json\/wp\/v2\/product"}],"about":[{"href":"https:\/\/felgenforum.shop\/en\/wp-json\/wp\/v2\/types\/product"}],"replies":[{"embeddable":true,"href":"https:\/\/felgenforum.shop\/en\/wp-json\/wp\/v2\/comments?post=238905"}],"wp:featuredmedia":[{"embeddable":true,"href":"https:\/\/felgenforum.shop\/en\/wp-json\/wp\/v2\/media\/239160"}],"wp:attachment":[{"href":"https:\/\/felgenforum.shop\/en\/wp-json\/wp\/v2\/media?parent=238905"}],"wp:term":[{"taxonomy":"product_brand","embeddable":true,"href":"https:\/\/felgenforum.shop\/en\/wp-json\/wp\/v2\/product_brand?post=238905"},{"taxonomy":"product_cat","embeddable":true,"href":"https:\/\/felgenforum.shop\/en\/wp-json\/wp\/v2\/product_cat?post=238905"},{"taxonomy":"product_tag","embeddable":true,"href":"https:\/\/felgenforum.shop\/en\/wp-json\/wp\/v2\/product_tag?post=238905"}],"curies":[{"name":"wp","href":"https:\/\/api.w.org\/{rel}","templated":true}]}}