{"id":238875,"date":"2026-04-02T14:40:03","date_gmt":"2026-04-02T12:40:03","guid":{"rendered":"https:\/\/felgenforum.shop\/?post_type=product&#038;p=238875"},"modified":"2026-04-02T16:42:15","modified_gmt":"2026-04-02T14:42:15","slug":"4x-19-zoll-felgen-wh37-schwarz-poliert-fuer-bmw-x3-x4-g01-g02-g3x-m-performance-2","status":"publish","type":"product","link":"https:\/\/felgenforum.shop\/en\/product\/4x-19-zoll-felgen-wh37-schwarz-poliert-fuer-bmw-x3-x4-g01-g02-g3x-m-performance-2\/","title":{"rendered":"4x 19 Zoll Felgen WH37 schwarz poliert f\u00fcr BMW X3 X4 G01 G02 G3X M Performance"},"content":{"rendered":"<h3>Welcome to an offer from Felgenforum.shop<\/h3>\n<ul>\n<li>In this offer we offer you a NEW set of Wheelworld 2DRV WH37 alloy wheels in gloss black with polished front, including ABE (German type approval).<\/li>\n<li>NEW &amp; in original packaging.<\/li>\n<\/ul>\n<h3>Scope of delivery:<\/h3>\n<ul>\n<li>4 x Wheelworld WH37 8,5&#215;19 ET26 5&#215;112\u00a0schwarz poliert<\/li>\n<li>Complete mounting hardware (if required according to the ABE)<\/li>\n<li>4x Damina hubcaps<\/li>\n<li>1x Expert report (ABE)<\/li>\n<li>In most cases, the rims are therefore registration-free. If you have any questions about fitment or any registration requirements, our experienced team will be happy to help :).<\/li>\n<li>Please be sure to specify your vehicle after purchase.<\/li>\n<li>We offer this model in many other sizes and colors; please contact us if you have any other requests.<\/li>\n<\/ul>\n<h3>&gt;&gt;&gt;Complete wheels<\/h3>\n<ul>\n<\/ul>\n<h3>We are happy to offer you the desired rims as ready-to-install complete wheels with a tire of your choice.<\/h3>\n<ul>\n<li>Feel free to send us a non-binding inquiry :).<\/li>\n<li>The rims are the correct size for the following vehicles:<\/li>\n<\/ul>\n<h3>Audi<\/h3>\n<ul>\n<li>A4 S4 B8 B9 B81<\/li>\n<li>A5 B8 B9 S5<\/li>\n<li>A6 S6 4G 4G1 C7 F2 C8<\/li>\n<li>A7 4G 4G1 F2 S7<\/li>\n<li>A8 4H F8 S8<\/li>\n<li>Q3 F3<\/li>\n<li>Q5 8R FY SQ5<\/li>\n<\/ul>\n<h3>Volkswagen<\/h3>\n<ul>\n<li>Arteon 3H<\/li>\n<li>Passat CC<\/li>\n<li>Sirocco<\/li>\n<li>Phaeton 3D<\/li>\n<li>Tiguan 5N1 5N2<\/li>\n<\/ul>\n<h3>Mercedes Benz<\/h3>\n<ul>\n<li>C-Class W203<\/li>\n<li>CLK W208 W209<\/li>\n<li>E-Class W211 W213 W212 W217<\/li>\n<li>CL Class C216<\/li>\n<li>CLS Class W218 W219<\/li>\n<li>CLK Class W208 W209<\/li>\n<li>GLC W253 X253<\/li>\n<li>S-Class W220 W221 W222<\/li>\n<li>SL R230 R231<\/li>\n<li>SLK SLC R172 R171<\/li>\n<li>Seat<\/li>\n<li>Alahambra<\/li>\n<li>Ateca \/ Cupra<\/li>\n<li>Formentor \/ Cupra<\/li>\n<li>Tarraco<\/li>\n<\/ul>\n<h3>Skoda<\/h3>\n<ul>\n<li>Kodiaq<\/li>\n<li>Superb 3 4 3T<\/li>\n<\/ul>\n<h3>BMW<\/h3>\n<ul>\n<li>3 Series G20 G21 G3C G3K<\/li>\n<li>\u00a0 \u00a0 \u00a0 \u00a0 \u00a0 \u00a0 \u00a0 \u00a0 \u00a0 \u00a0 \u00a0 \u00a0 \u00a0 \u00a0 \u00a0 \u00a0 \u00a0 \u00a0 \u00a0 \u00a0 \u00a0 \u00a0 \u00a0 \u00a0 \u00a0 \u00a0 \u00a0 \u00a0 \u00a0 \u00a0 \u00a0 \u00a0 \u00a0 \u00a0 \u00a0 \u00a0 \u00a0 \u00a0 \u00a0 \u00a0 \u00a0 \u00a0 \u00a0 \u00a0 \u00a0 \u00a0 \u00a04er G22 G23 G26<\/li>\n<li>5 Series G30 G31<\/li>\n<li>6er G6GT G32<\/li>\n<li>\u00a0 \u00a0 \u00a0 \u00a0 \u00a0 \u00a0 \u00a0 \u00a0 \u00a0 \u00a0 \u00a0 \u00a0 \u00a0 \u00a0 \u00a0 \u00a0 \u00a0 \u00a0 \u00a0 \u00a0 \u00a0 \u00a0 \u00a0 \u00a0 \u00a0 \u00a0 \u00a0 \u00a0 \u00a0 \u00a0 \u00a0 \u00a0 \u00a0 \u00a0 \u00a0 \u00a0 \u00a0 \u00a0 \u00a0 \u00a0 \u00a0 \u00a0 \u00a0 \u00a0 \u00a0 \u00a0 \u00a0 \u00a0 \u00a0 \u00a0 7-series 7L<\/li>\n<li>\u00a0 \u00a0 \u00a0 \u00a0 \u00a0 \u00a0 \u00a0 \u00a0 \u00a0 \u00a0 \u00a0 \u00a0 \u00a0 \u00a0 \u00a0 \u00a0 \u00a0 \u00a0 \u00a0 \u00a0 \u00a0 \u00a0 \u00a0 \u00a0 \u00a0 \u00a0 \u00a0 \u00a0 \u00a0 \u00a0 \u00a0 \u00a0 \u00a0 \u00a0 \u00a0 \u00a0 \u00a0 \u00a0 \u00a0 \u00a0 \u00a0 \u00a0 \u00a0 \u00a0 \u00a0 \u00a0 \u00a0 \u00a0 \u00a0 \u00a0 Z4 G4Z<\/li>\n<li>X3 G01<\/li>\n<li>X4 G02<\/li>\n<\/ul>","protected":false},"excerpt":{"rendered":"<p>Ein Satz (4 St\u00fcck) hochwertige Marken-Alufelgen, Modell WH37, in der Gr\u00f6\u00dfe 8,5&#215;19 Zoll, Lochkreis 112 mm mit 5 Loch. Professionell gepr\u00fcft und versandfertig verpackt.<\/p>","protected":false},"featured_media":239085,"comment_status":"open","ping_status":"closed","template":"","meta":[],"product_brand":[],"product_cat":[1561,1237,1501,1086,1092,1236],"product_tag":[],"class_list":{"0":"post-238875","1":"product","2":"type-product","3":"status-publish","4":"has-post-thumbnail","6":"product_cat-19-zoll-bmw-felgen","7":"product_cat-19-zoll-ff01-felgen","8":"product_cat-bmw-felgen","9":"product_cat-felgen","10":"product_cat-ff-wheels","11":"product_cat-ff01","12":"pa_anzahl-der-einheiten-1484","13":"pa_einpresstiefe-et-26-mm","14":"pa_farbe-schwarz-hochglanzpoliert","15":"pa_felgenaufbau-einteilig-gegossen","16":"pa_felgenbreite-1440","17":"pa_felgendesign-multi-speichen-felge","18":"pa_felgenmaterial-aluminium","19":"pa_hersteller-wheelworld","20":"pa_herstellergarantie-ja-zwei-jahre","21":"pa_herstellernummer-2164","22":"pa_im-lieferumfang-enthalten-bolzen","23":"pa_kompatibler-radschraubent-radbolzen","24":"pa_lochkreis-112-mm","25":"pa_lochzahl-1447","26":"pa_maximale-traglast-825-kg","27":"pa_mit-deckel-ja-nein-ja-von-ff-wheels","28":"pa_mittenlochbohrung-666-mm","29":"pa_modell-wh37","30":"pa_produktart-kreuzspeiche","31":"pa_zollgroesse-1448","33":"first","34":"instock","35":"taxable","36":"shipping-taxable","37":"purchasable","38":"product-type-simple"},"yoast_head":"<!-- This site is optimized with the Yoast SEO plugin v27.2 - https:\/\/yoast.com\/product\/yoast-seo-wordpress\/ -->\n<title>4x 19 Zoll Felgen WH37 schwarz poliert f\u00fcr BMW X3 X4 G01 G02 G3X M Performance g\u00fcnstig kaufen - Felgenforum<\/title>\n<meta name=\"description\" content=\"4x 19 Zoll Felgen WH37 schwarz poliert f\u00fcr BMW X3 X4 G01 G02 G3X M Performance online bestellen \u2794 Gepr\u00fcfte Qualit\u00e4t, Top Marken &amp; schneller Versand \u2714 Jetzt sicher bei Felgenforum kaufen!\" \/>\n<meta name=\"robots\" content=\"index, follow, max-snippet:-1, max-image-preview:large, max-video-preview:-1\" \/>\n<link rel=\"canonical\" href=\"https:\/\/felgenforum.shop\/en\/product\/4x-19-zoll-felgen-wh37-schwarz-poliert-fuer-bmw-x3-x4-g01-g02-g3x-m-performance-2\/\" \/>\n<meta property=\"og:locale\" content=\"en_GB\" \/>\n<meta property=\"og:type\" content=\"article\" \/>\n<meta property=\"og:title\" content=\"4x 19 Zoll Felgen WH37 schwarz poliert f\u00fcr BMW X3 X4 G01 G02 G3X M Performance g\u00fcnstig kaufen - Felgenforum\" \/>\n<meta property=\"og:description\" content=\"4x 19 Zoll Felgen WH37 schwarz poliert f\u00fcr BMW X3 X4 G01 G02 G3X M Performance online bestellen \u2794 Gepr\u00fcfte Qualit\u00e4t, Top Marken &amp; schneller Versand \u2714 Jetzt sicher bei Felgenforum kaufen!\" \/>\n<meta property=\"og:url\" content=\"https:\/\/felgenforum.shop\/en\/product\/4x-19-zoll-felgen-wh37-schwarz-poliert-fuer-bmw-x3-x4-g01-g02-g3x-m-performance-2\/\" \/>\n<meta property=\"og:site_name\" content=\"Felgenforum\" \/>\n<meta property=\"article:modified_time\" content=\"2026-04-02T14:42:15+00:00\" \/>\n<meta property=\"og:image\" content=\"https:\/\/felgenforum.shop\/wp-content\/uploads\/2026\/04\/ebay-product-238875-69ce80460c1b9.webp\" \/>\n\t<meta property=\"og:image:width\" content=\"1000\" \/>\n\t<meta property=\"og:image:height\" content=\"1000\" \/>\n\t<meta property=\"og:image:type\" content=\"image\/webp\" \/>\n<meta name=\"twitter:card\" content=\"summary_large_image\" \/>\n<meta name=\"twitter:label1\" content=\"Est. reading time\" \/>\n\t<meta name=\"twitter:data1\" content=\"1 minute\" \/>\n<script type=\"application\/ld+json\" class=\"yoast-schema-graph\">{\"@context\":\"https:\/\/schema.org\",\"@graph\":[{\"@type\":\"WebPage\",\"@id\":\"https:\/\/felgenforum.shop\/produkt\/4x-19-zoll-felgen-wh37-schwarz-poliert-fuer-bmw-x3-x4-g01-g02-g3x-m-performance-2\/\",\"url\":\"https:\/\/felgenforum.shop\/produkt\/4x-19-zoll-felgen-wh37-schwarz-poliert-fuer-bmw-x3-x4-g01-g02-g3x-m-performance-2\/\",\"name\":\"4x 19 Zoll Felgen WH37 schwarz poliert f\u00fcr BMW X3 X4 G01 G02 G3X M Performance g\u00fcnstig kaufen - Felgenforum\",\"isPartOf\":{\"@id\":\"https:\/\/felgenforum.shop\/#website\"},\"primaryImageOfPage\":{\"@id\":\"https:\/\/felgenforum.shop\/produkt\/4x-19-zoll-felgen-wh37-schwarz-poliert-fuer-bmw-x3-x4-g01-g02-g3x-m-performance-2\/#primaryimage\"},\"image\":{\"@id\":\"https:\/\/felgenforum.shop\/produkt\/4x-19-zoll-felgen-wh37-schwarz-poliert-fuer-bmw-x3-x4-g01-g02-g3x-m-performance-2\/#primaryimage\"},\"thumbnailUrl\":\"https:\/\/felgenforum.shop\/wp-content\/uploads\/2026\/04\/ebay-product-238875-69ce80460c1b9.webp\",\"datePublished\":\"2026-04-02T12:40:03+00:00\",\"dateModified\":\"2026-04-02T14:42:15+00:00\",\"description\":\"4x 19 Zoll Felgen WH37 schwarz poliert f\u00fcr BMW X3 X4 G01 G02 G3X M Performance online bestellen \u2794 Gepr\u00fcfte Qualit\u00e4t, Top Marken & schneller Versand \u2714 Jetzt sicher bei Felgenforum kaufen!\",\"breadcrumb\":{\"@id\":\"https:\/\/felgenforum.shop\/produkt\/4x-19-zoll-felgen-wh37-schwarz-poliert-fuer-bmw-x3-x4-g01-g02-g3x-m-performance-2\/#breadcrumb\"},\"inLanguage\":\"en-GB\",\"potentialAction\":[{\"@type\":\"ReadAction\",\"target\":[\"https:\/\/felgenforum.shop\/produkt\/4x-19-zoll-felgen-wh37-schwarz-poliert-fuer-bmw-x3-x4-g01-g02-g3x-m-performance-2\/\"]}]},{\"@type\":\"ImageObject\",\"inLanguage\":\"en-GB\",\"@id\":\"https:\/\/felgenforum.shop\/produkt\/4x-19-zoll-felgen-wh37-schwarz-poliert-fuer-bmw-x3-x4-g01-g02-g3x-m-performance-2\/#primaryimage\",\"url\":\"https:\/\/felgenforum.shop\/wp-content\/uploads\/2026\/04\/ebay-product-238875-69ce80460c1b9.webp\",\"contentUrl\":\"https:\/\/felgenforum.shop\/wp-content\/uploads\/2026\/04\/ebay-product-238875-69ce80460c1b9.webp\",\"width\":1000,\"height\":1000},{\"@type\":\"BreadcrumbList\",\"@id\":\"https:\/\/felgenforum.shop\/produkt\/4x-19-zoll-felgen-wh37-schwarz-poliert-fuer-bmw-x3-x4-g01-g02-g3x-m-performance-2\/#breadcrumb\",\"itemListElement\":[{\"@type\":\"ListItem\",\"position\":1,\"name\":\"Startseite\",\"item\":\"https:\/\/felgenforum.shop\/\"},{\"@type\":\"ListItem\",\"position\":2,\"name\":\"Shop\",\"item\":\"https:\/\/felgenforum.shop\/shop\/\"},{\"@type\":\"ListItem\",\"position\":3,\"name\":\"4x 19 Zoll Felgen WH37 schwarz poliert f\u00fcr BMW X3 X4 G01 G02 G3X M Performance\"}]},{\"@type\":\"WebSite\",\"@id\":\"https:\/\/felgenforum.shop\/#website\",\"url\":\"https:\/\/felgenforum.shop\/\",\"name\":\"Felgenforum\",\"description\":\"\",\"potentialAction\":[{\"@type\":\"SearchAction\",\"target\":{\"@type\":\"EntryPoint\",\"urlTemplate\":\"https:\/\/felgenforum.shop\/?s={search_term_string}\"},\"query-input\":{\"@type\":\"PropertyValueSpecification\",\"valueRequired\":true,\"valueName\":\"search_term_string\"}}],\"inLanguage\":\"en-GB\"}]}<\/script>\n<!-- \/ Yoast SEO plugin. -->","yoast_head_json":{"title":"4x 19 Zoll Felgen WH37 schwarz poliert f\u00fcr BMW X3 X4 G01 G02 G3X M Performance g\u00fcnstig kaufen - Felgenforum","description":"4x 19 Zoll Felgen WH37 schwarz poliert f\u00fcr BMW X3 X4 G01 G02 G3X M Performance online bestellen \u2794 Gepr\u00fcfte Qualit\u00e4t, Top Marken & schneller Versand \u2714 Jetzt sicher bei Felgenforum kaufen!","robots":{"index":"index","follow":"follow","max-snippet":"max-snippet:-1","max-image-preview":"max-image-preview:large","max-video-preview":"max-video-preview:-1"},"canonical":"https:\/\/felgenforum.shop\/en\/product\/4x-19-zoll-felgen-wh37-schwarz-poliert-fuer-bmw-x3-x4-g01-g02-g3x-m-performance-2\/","og_locale":"en_GB","og_type":"article","og_title":"4x 19 Zoll Felgen WH37 schwarz poliert f\u00fcr BMW X3 X4 G01 G02 G3X M Performance g\u00fcnstig kaufen - Felgenforum","og_description":"4x 19 Zoll Felgen WH37 schwarz poliert f\u00fcr BMW X3 X4 G01 G02 G3X M Performance online bestellen \u2794 Gepr\u00fcfte Qualit\u00e4t, Top Marken & schneller Versand \u2714 Jetzt sicher bei Felgenforum kaufen!","og_url":"https:\/\/felgenforum.shop\/en\/product\/4x-19-zoll-felgen-wh37-schwarz-poliert-fuer-bmw-x3-x4-g01-g02-g3x-m-performance-2\/","og_site_name":"Felgenforum","article_modified_time":"2026-04-02T14:42:15+00:00","og_image":[{"width":1000,"height":1000,"url":"https:\/\/felgenforum.shop\/wp-content\/uploads\/2026\/04\/ebay-product-238875-69ce80460c1b9.webp","type":"image\/webp"}],"twitter_card":"summary_large_image","twitter_misc":{"Est. reading time":"1 minute"},"schema":{"@context":"https:\/\/schema.org","@graph":[{"@type":"WebPage","@id":"https:\/\/felgenforum.shop\/produkt\/4x-19-zoll-felgen-wh37-schwarz-poliert-fuer-bmw-x3-x4-g01-g02-g3x-m-performance-2\/","url":"https:\/\/felgenforum.shop\/produkt\/4x-19-zoll-felgen-wh37-schwarz-poliert-fuer-bmw-x3-x4-g01-g02-g3x-m-performance-2\/","name":"4x 19 Zoll Felgen WH37 schwarz poliert f\u00fcr BMW X3 X4 G01 G02 G3X M Performance g\u00fcnstig kaufen - Felgenforum","isPartOf":{"@id":"https:\/\/felgenforum.shop\/#website"},"primaryImageOfPage":{"@id":"https:\/\/felgenforum.shop\/produkt\/4x-19-zoll-felgen-wh37-schwarz-poliert-fuer-bmw-x3-x4-g01-g02-g3x-m-performance-2\/#primaryimage"},"image":{"@id":"https:\/\/felgenforum.shop\/produkt\/4x-19-zoll-felgen-wh37-schwarz-poliert-fuer-bmw-x3-x4-g01-g02-g3x-m-performance-2\/#primaryimage"},"thumbnailUrl":"https:\/\/felgenforum.shop\/wp-content\/uploads\/2026\/04\/ebay-product-238875-69ce80460c1b9.webp","datePublished":"2026-04-02T12:40:03+00:00","dateModified":"2026-04-02T14:42:15+00:00","description":"4x 19 Zoll Felgen WH37 schwarz poliert f\u00fcr BMW X3 X4 G01 G02 G3X M Performance online bestellen \u2794 Gepr\u00fcfte Qualit\u00e4t, Top Marken & schneller Versand \u2714 Jetzt sicher bei Felgenforum kaufen!","breadcrumb":{"@id":"https:\/\/felgenforum.shop\/produkt\/4x-19-zoll-felgen-wh37-schwarz-poliert-fuer-bmw-x3-x4-g01-g02-g3x-m-performance-2\/#breadcrumb"},"inLanguage":"en-GB","potentialAction":[{"@type":"ReadAction","target":["https:\/\/felgenforum.shop\/produkt\/4x-19-zoll-felgen-wh37-schwarz-poliert-fuer-bmw-x3-x4-g01-g02-g3x-m-performance-2\/"]}]},{"@type":"ImageObject","inLanguage":"en-GB","@id":"https:\/\/felgenforum.shop\/produkt\/4x-19-zoll-felgen-wh37-schwarz-poliert-fuer-bmw-x3-x4-g01-g02-g3x-m-performance-2\/#primaryimage","url":"https:\/\/felgenforum.shop\/wp-content\/uploads\/2026\/04\/ebay-product-238875-69ce80460c1b9.webp","contentUrl":"https:\/\/felgenforum.shop\/wp-content\/uploads\/2026\/04\/ebay-product-238875-69ce80460c1b9.webp","width":1000,"height":1000},{"@type":"BreadcrumbList","@id":"https:\/\/felgenforum.shop\/produkt\/4x-19-zoll-felgen-wh37-schwarz-poliert-fuer-bmw-x3-x4-g01-g02-g3x-m-performance-2\/#breadcrumb","itemListElement":[{"@type":"ListItem","position":1,"name":"Startseite","item":"https:\/\/felgenforum.shop\/"},{"@type":"ListItem","position":2,"name":"Shop","item":"https:\/\/felgenforum.shop\/shop\/"},{"@type":"ListItem","position":3,"name":"4x 19 Zoll Felgen WH37 schwarz poliert f\u00fcr BMW X3 X4 G01 G02 G3X M Performance"}]},{"@type":"WebSite","@id":"https:\/\/felgenforum.shop\/#website","url":"https:\/\/felgenforum.shop\/","name":"Rim forum","description":"","potentialAction":[{"@type":"SearchAction","target":{"@type":"EntryPoint","urlTemplate":"https:\/\/felgenforum.shop\/?s={search_term_string}"},"query-input":{"@type":"PropertyValueSpecification","valueRequired":true,"valueName":"search_term_string"}}],"inLanguage":"en-GB"}]}},"_links":{"self":[{"href":"https:\/\/felgenforum.shop\/en\/wp-json\/wp\/v2\/product\/238875","targetHints":{"allow":["GET"]}}],"collection":[{"href":"https:\/\/felgenforum.shop\/en\/wp-json\/wp\/v2\/product"}],"about":[{"href":"https:\/\/felgenforum.shop\/en\/wp-json\/wp\/v2\/types\/product"}],"replies":[{"embeddable":true,"href":"https:\/\/felgenforum.shop\/en\/wp-json\/wp\/v2\/comments?post=238875"}],"wp:featuredmedia":[{"embeddable":true,"href":"https:\/\/felgenforum.shop\/en\/wp-json\/wp\/v2\/media\/239085"}],"wp:attachment":[{"href":"https:\/\/felgenforum.shop\/en\/wp-json\/wp\/v2\/media?parent=238875"}],"wp:term":[{"taxonomy":"product_brand","embeddable":true,"href":"https:\/\/felgenforum.shop\/en\/wp-json\/wp\/v2\/product_brand?post=238875"},{"taxonomy":"product_cat","embeddable":true,"href":"https:\/\/felgenforum.shop\/en\/wp-json\/wp\/v2\/product_cat?post=238875"},{"taxonomy":"product_tag","embeddable":true,"href":"https:\/\/felgenforum.shop\/en\/wp-json\/wp\/v2\/product_tag?post=238875"}],"curies":[{"name":"wp","href":"https:\/\/api.w.org\/{rel}","templated":true}]}}