{"id":238826,"date":"2026-04-02T14:10:15","date_gmt":"2026-04-02T12:10:15","guid":{"rendered":"https:\/\/felgenforum.shop\/?post_type=product&#038;p=238826"},"modified":"2026-04-02T15:45:12","modified_gmt":"2026-04-02T13:45:12","slug":"wh39-19-zoll-sommerkomplettraeder-michelin-mercedes-a-cla-klasse-w177-c118-2","status":"publish","type":"product","link":"https:\/\/felgenforum.shop\/en\/product\/wh39-19-zoll-sommerkomplettraeder-michelin-mercedes-a-cla-klasse-w177-c118-2\/","title":{"rendered":"WH39 19 Zoll Sommerkomplettr\u00e4der Michelin Mercedes A CLA Klasse W177 C118"},"content":{"rendered":"<h3>Welcome to an offer from Felgenforum.shop<\/h3>\n<ul>\n<li>In diesem Angebot bieten wir Ihnen hier\u00a0einen NEUEN Satz Sommerkomplettr\u00e4der in schwarz gl\u00e4nzend\u00a0inkl. ABE an.<\/li>\n<li>4x fully pre-assembled and balanced complete wheels<\/li>\n<li>consisting of:<\/li>\n<li>4x Alufelge Wheelworld WH39 schwarz gl\u00e4nzend 8,5&#215;19 ET45 LK5\/112<\/li>\n<li>+<\/li>\n<li>4x Sommerreifen Michelin Pilot Sport 5 XL\u00a0225\/40 R19 93Y<\/li>\n<li>+<\/li>\n<li>4x TPMS (pre-programmed)<\/li>\n<li>fully assembled and balanced<\/li>\n<li>(including black weights and black metal valves)<\/li>\n<li>NEW &amp; in original packaging.<\/li>\n<\/ul>\n<h3>Scope of delivery:<\/h3>\n<ul>\n<li>4 x Wheelworld WH39 8,5&#215;19 ET45 5&#215;112 schwarz gl\u00e4nzend<\/li>\n<li>Complete mounting hardware (if required according to the ABE)<\/li>\n<li>4x Sommerreifen Michelin Pilot Sport 5 XL\u00a0225\/40 R19 93Y<\/li>\n<li>4x TPMS (pre-programmed)<\/li>\n<li>4x Wheelworld hubcaps<\/li>\n<li>(Vehicle manufacturer&#039;s hubcap not included)<\/li>\n<li>1x Expert report (ABE)<\/li>\n<li>In most cases, the complete wheel sets do not require registration. If you have any questions about fitment or registration requirements, our experienced team will be happy to assist you :).<\/li>\n<li>Please be sure to specify your vehicle after purchase.<\/li>\n<li>We offer this model in many other sizes and colors; please contact us if you have any other requests.<\/li>\n<li>&gt;&gt;&gt;Wishful tires<\/li>\n<li>Do you have a specific request regarding tire brand or tire quality? No problem!<\/li>\n<li>We would be happy to create individual complete wheel offers for you :).<\/li>\n<li>The complete wheels are suitable for, among others:<\/li>\n<\/ul>\n<h3>Audi<\/h3>\n<ul>\n<li>A4 B8<\/li>\n<li>TT 8J 8S<\/li>\n<li>Q2 GA<\/li>\n<li>Q3 8U<\/li>\n<li>Seat<\/li>\n<li>Ateca 5FP<\/li>\n<\/ul>\n<h3>Skoda<\/h3>\n<ul>\n<li>Karoq NU<\/li>\n<\/ul>\n<h3>Volkswagen<\/h3>\n<ul>\n<li>Passat B8 B9<\/li>\n<li>TROC A1<\/li>\n<\/ul>\n<h3>Mercedes Benz<\/h3>\n<ul>\n<li>A-Class W177<\/li>\n<li>C-Class W205 S205<\/li>\n<li>CLA Class C118<\/li>\n<\/ul>","protected":false},"excerpt":{"rendered":"<p>Ein Satz (4 St\u00fcck) hochwertige Marken-Alufelgen, Modell WH39, in der Gr\u00f6\u00dfe 8.5&#215;19 Zoll, Lochkreis 112 mit 5 Loch. Professionell gepr\u00fcft und versandfertig verpackt.<\/p>","protected":false},"featured_media":238988,"comment_status":"open","ping_status":"closed","template":"","meta":[],"product_brand":[],"product_cat":[1471,1196,1470],"product_tag":[],"class_list":{"0":"post-238826","1":"product","2":"type-product","3":"status-publish","4":"has-post-thumbnail","6":"product_cat-19-zoll-sommerraeder-mercedes-mercedes-komplettraeder-sommer","7":"product_cat-komplettraeder-sommer","8":"product_cat-mercedes-komplettraeder-sommer","9":"pa_anzahl-der-einheiten-1484","10":"pa_einpresstiefe-et-1508","11":"pa_farbe-schwarz-hochglanz-poliert","12":"pa_felgenbreite-8-5","13":"pa_felgenmaterial-alu","14":"pa_hersteller-wheelworld","15":"pa_herstellernummer-2031","16":"pa_lochkreis-1439","17":"pa_lochzahl-1447","18":"pa_maximale-traglast-1866","19":"pa_mittenlochbohrung-66-6","20":"pa_modell-wh39","21":"pa_zollgroesse-1448","23":"first","24":"instock","25":"sale","26":"taxable","27":"shipping-taxable","28":"purchasable","29":"product-type-simple"},"yoast_head":"<!-- This site is optimized with the Yoast SEO plugin v27.2 - https:\/\/yoast.com\/product\/yoast-seo-wordpress\/ -->\n<title>WH39 19 Zoll Sommerkomplettr\u00e4der Michelin Mercedes A CLA Klasse W177 C118 g\u00fcnstig kaufen - Felgenforum<\/title>\n<meta name=\"description\" content=\"WH39 19 Zoll Sommerkomplettr\u00e4der Michelin Mercedes A CLA Klasse W177 C118 online bestellen \u2794 Gepr\u00fcfte Qualit\u00e4t, Top Marken &amp; schneller Versand \u2714 Jetzt sicher bei Felgenforum kaufen!\" \/>\n<meta name=\"robots\" content=\"index, follow, max-snippet:-1, max-image-preview:large, max-video-preview:-1\" \/>\n<link rel=\"canonical\" href=\"https:\/\/felgenforum.shop\/en\/product\/wh39-19-zoll-sommerkomplettraeder-michelin-mercedes-a-cla-klasse-w177-c118-2\/\" \/>\n<meta property=\"og:locale\" content=\"en_GB\" \/>\n<meta property=\"og:type\" content=\"article\" \/>\n<meta property=\"og:title\" content=\"WH39 19 Zoll Sommerkomplettr\u00e4der Michelin Mercedes A CLA Klasse W177 C118 g\u00fcnstig kaufen - Felgenforum\" \/>\n<meta property=\"og:description\" content=\"WH39 19 Zoll Sommerkomplettr\u00e4der Michelin Mercedes A CLA Klasse W177 C118 online bestellen \u2794 Gepr\u00fcfte Qualit\u00e4t, Top Marken &amp; schneller Versand \u2714 Jetzt sicher bei Felgenforum kaufen!\" \/>\n<meta property=\"og:url\" content=\"https:\/\/felgenforum.shop\/en\/product\/wh39-19-zoll-sommerkomplettraeder-michelin-mercedes-a-cla-klasse-w177-c118-2\/\" \/>\n<meta property=\"og:site_name\" content=\"Felgenforum\" \/>\n<meta property=\"article:modified_time\" content=\"2026-04-02T13:45:12+00:00\" \/>\n<meta property=\"og:image\" content=\"https:\/\/felgenforum.shop\/wp-content\/uploads\/2026\/04\/ebay-product-238826-69ce72e71eac9.webp\" \/>\n\t<meta property=\"og:image:width\" content=\"1000\" \/>\n\t<meta property=\"og:image:height\" content=\"1000\" \/>\n\t<meta property=\"og:image:type\" content=\"image\/webp\" \/>\n<meta name=\"twitter:card\" content=\"summary_large_image\" \/>\n<meta name=\"twitter:label1\" content=\"Est. reading time\" \/>\n\t<meta name=\"twitter:data1\" content=\"1 minute\" \/>\n<script type=\"application\/ld+json\" class=\"yoast-schema-graph\">{\"@context\":\"https:\/\/schema.org\",\"@graph\":[{\"@type\":\"WebPage\",\"@id\":\"https:\/\/felgenforum.shop\/produkt\/wh39-19-zoll-sommerkomplettraeder-michelin-mercedes-a-cla-klasse-w177-c118-2\/\",\"url\":\"https:\/\/felgenforum.shop\/produkt\/wh39-19-zoll-sommerkomplettraeder-michelin-mercedes-a-cla-klasse-w177-c118-2\/\",\"name\":\"WH39 19 Zoll Sommerkomplettr\u00e4der Michelin Mercedes A CLA Klasse W177 C118 g\u00fcnstig kaufen - Felgenforum\",\"isPartOf\":{\"@id\":\"https:\/\/felgenforum.shop\/#website\"},\"primaryImageOfPage\":{\"@id\":\"https:\/\/felgenforum.shop\/produkt\/wh39-19-zoll-sommerkomplettraeder-michelin-mercedes-a-cla-klasse-w177-c118-2\/#primaryimage\"},\"image\":{\"@id\":\"https:\/\/felgenforum.shop\/produkt\/wh39-19-zoll-sommerkomplettraeder-michelin-mercedes-a-cla-klasse-w177-c118-2\/#primaryimage\"},\"thumbnailUrl\":\"https:\/\/felgenforum.shop\/wp-content\/uploads\/2026\/04\/ebay-product-238826-69ce72e71eac9.webp\",\"datePublished\":\"2026-04-02T12:10:15+00:00\",\"dateModified\":\"2026-04-02T13:45:12+00:00\",\"description\":\"WH39 19 Zoll Sommerkomplettr\u00e4der Michelin Mercedes A CLA Klasse W177 C118 online bestellen \u2794 Gepr\u00fcfte Qualit\u00e4t, Top Marken & schneller Versand \u2714 Jetzt sicher bei Felgenforum kaufen!\",\"breadcrumb\":{\"@id\":\"https:\/\/felgenforum.shop\/produkt\/wh39-19-zoll-sommerkomplettraeder-michelin-mercedes-a-cla-klasse-w177-c118-2\/#breadcrumb\"},\"inLanguage\":\"en-GB\",\"potentialAction\":[{\"@type\":\"ReadAction\",\"target\":[\"https:\/\/felgenforum.shop\/produkt\/wh39-19-zoll-sommerkomplettraeder-michelin-mercedes-a-cla-klasse-w177-c118-2\/\"]}]},{\"@type\":\"ImageObject\",\"inLanguage\":\"en-GB\",\"@id\":\"https:\/\/felgenforum.shop\/produkt\/wh39-19-zoll-sommerkomplettraeder-michelin-mercedes-a-cla-klasse-w177-c118-2\/#primaryimage\",\"url\":\"https:\/\/felgenforum.shop\/wp-content\/uploads\/2026\/04\/ebay-product-238826-69ce72e71eac9.webp\",\"contentUrl\":\"https:\/\/felgenforum.shop\/wp-content\/uploads\/2026\/04\/ebay-product-238826-69ce72e71eac9.webp\",\"width\":1000,\"height\":1000},{\"@type\":\"BreadcrumbList\",\"@id\":\"https:\/\/felgenforum.shop\/produkt\/wh39-19-zoll-sommerkomplettraeder-michelin-mercedes-a-cla-klasse-w177-c118-2\/#breadcrumb\",\"itemListElement\":[{\"@type\":\"ListItem\",\"position\":1,\"name\":\"Startseite\",\"item\":\"https:\/\/felgenforum.shop\/\"},{\"@type\":\"ListItem\",\"position\":2,\"name\":\"Shop\",\"item\":\"https:\/\/felgenforum.shop\/shop\/\"},{\"@type\":\"ListItem\",\"position\":3,\"name\":\"WH39 19 Zoll Sommerkomplettr\u00e4der Michelin Mercedes A CLA Klasse W177 C118\"}]},{\"@type\":\"WebSite\",\"@id\":\"https:\/\/felgenforum.shop\/#website\",\"url\":\"https:\/\/felgenforum.shop\/\",\"name\":\"Felgenforum\",\"description\":\"\",\"potentialAction\":[{\"@type\":\"SearchAction\",\"target\":{\"@type\":\"EntryPoint\",\"urlTemplate\":\"https:\/\/felgenforum.shop\/?s={search_term_string}\"},\"query-input\":{\"@type\":\"PropertyValueSpecification\",\"valueRequired\":true,\"valueName\":\"search_term_string\"}}],\"inLanguage\":\"en-GB\"}]}<\/script>\n<!-- \/ Yoast SEO plugin. -->","yoast_head_json":{"title":"WH39 19 Zoll Sommerkomplettr\u00e4der Michelin Mercedes A CLA Klasse W177 C118 g\u00fcnstig kaufen - Felgenforum","description":"WH39 19 Zoll Sommerkomplettr\u00e4der Michelin Mercedes A CLA Klasse W177 C118 online bestellen \u2794 Gepr\u00fcfte Qualit\u00e4t, Top Marken & schneller Versand \u2714 Jetzt sicher bei Felgenforum kaufen!","robots":{"index":"index","follow":"follow","max-snippet":"max-snippet:-1","max-image-preview":"max-image-preview:large","max-video-preview":"max-video-preview:-1"},"canonical":"https:\/\/felgenforum.shop\/en\/product\/wh39-19-zoll-sommerkomplettraeder-michelin-mercedes-a-cla-klasse-w177-c118-2\/","og_locale":"en_GB","og_type":"article","og_title":"WH39 19 Zoll Sommerkomplettr\u00e4der Michelin Mercedes A CLA Klasse W177 C118 g\u00fcnstig kaufen - Felgenforum","og_description":"WH39 19 Zoll Sommerkomplettr\u00e4der Michelin Mercedes A CLA Klasse W177 C118 online bestellen \u2794 Gepr\u00fcfte Qualit\u00e4t, Top Marken & schneller Versand \u2714 Jetzt sicher bei Felgenforum kaufen!","og_url":"https:\/\/felgenforum.shop\/en\/product\/wh39-19-zoll-sommerkomplettraeder-michelin-mercedes-a-cla-klasse-w177-c118-2\/","og_site_name":"Felgenforum","article_modified_time":"2026-04-02T13:45:12+00:00","og_image":[{"width":1000,"height":1000,"url":"https:\/\/felgenforum.shop\/wp-content\/uploads\/2026\/04\/ebay-product-238826-69ce72e71eac9.webp","type":"image\/webp"}],"twitter_card":"summary_large_image","twitter_misc":{"Est. reading time":"1 minute"},"schema":{"@context":"https:\/\/schema.org","@graph":[{"@type":"WebPage","@id":"https:\/\/felgenforum.shop\/produkt\/wh39-19-zoll-sommerkomplettraeder-michelin-mercedes-a-cla-klasse-w177-c118-2\/","url":"https:\/\/felgenforum.shop\/produkt\/wh39-19-zoll-sommerkomplettraeder-michelin-mercedes-a-cla-klasse-w177-c118-2\/","name":"WH39 19 Zoll Sommerkomplettr\u00e4der Michelin Mercedes A CLA Klasse W177 C118 g\u00fcnstig kaufen - Felgenforum","isPartOf":{"@id":"https:\/\/felgenforum.shop\/#website"},"primaryImageOfPage":{"@id":"https:\/\/felgenforum.shop\/produkt\/wh39-19-zoll-sommerkomplettraeder-michelin-mercedes-a-cla-klasse-w177-c118-2\/#primaryimage"},"image":{"@id":"https:\/\/felgenforum.shop\/produkt\/wh39-19-zoll-sommerkomplettraeder-michelin-mercedes-a-cla-klasse-w177-c118-2\/#primaryimage"},"thumbnailUrl":"https:\/\/felgenforum.shop\/wp-content\/uploads\/2026\/04\/ebay-product-238826-69ce72e71eac9.webp","datePublished":"2026-04-02T12:10:15+00:00","dateModified":"2026-04-02T13:45:12+00:00","description":"WH39 19 Zoll Sommerkomplettr\u00e4der Michelin Mercedes A CLA Klasse W177 C118 online bestellen \u2794 Gepr\u00fcfte Qualit\u00e4t, Top Marken & schneller Versand \u2714 Jetzt sicher bei Felgenforum kaufen!","breadcrumb":{"@id":"https:\/\/felgenforum.shop\/produkt\/wh39-19-zoll-sommerkomplettraeder-michelin-mercedes-a-cla-klasse-w177-c118-2\/#breadcrumb"},"inLanguage":"en-GB","potentialAction":[{"@type":"ReadAction","target":["https:\/\/felgenforum.shop\/produkt\/wh39-19-zoll-sommerkomplettraeder-michelin-mercedes-a-cla-klasse-w177-c118-2\/"]}]},{"@type":"ImageObject","inLanguage":"en-GB","@id":"https:\/\/felgenforum.shop\/produkt\/wh39-19-zoll-sommerkomplettraeder-michelin-mercedes-a-cla-klasse-w177-c118-2\/#primaryimage","url":"https:\/\/felgenforum.shop\/wp-content\/uploads\/2026\/04\/ebay-product-238826-69ce72e71eac9.webp","contentUrl":"https:\/\/felgenforum.shop\/wp-content\/uploads\/2026\/04\/ebay-product-238826-69ce72e71eac9.webp","width":1000,"height":1000},{"@type":"BreadcrumbList","@id":"https:\/\/felgenforum.shop\/produkt\/wh39-19-zoll-sommerkomplettraeder-michelin-mercedes-a-cla-klasse-w177-c118-2\/#breadcrumb","itemListElement":[{"@type":"ListItem","position":1,"name":"Startseite","item":"https:\/\/felgenforum.shop\/"},{"@type":"ListItem","position":2,"name":"Shop","item":"https:\/\/felgenforum.shop\/shop\/"},{"@type":"ListItem","position":3,"name":"WH39 19 Zoll Sommerkomplettr\u00e4der Michelin Mercedes A CLA Klasse W177 C118"}]},{"@type":"WebSite","@id":"https:\/\/felgenforum.shop\/#website","url":"https:\/\/felgenforum.shop\/","name":"Rim forum","description":"","potentialAction":[{"@type":"SearchAction","target":{"@type":"EntryPoint","urlTemplate":"https:\/\/felgenforum.shop\/?s={search_term_string}"},"query-input":{"@type":"PropertyValueSpecification","valueRequired":true,"valueName":"search_term_string"}}],"inLanguage":"en-GB"}]}},"_links":{"self":[{"href":"https:\/\/felgenforum.shop\/en\/wp-json\/wp\/v2\/product\/238826","targetHints":{"allow":["GET"]}}],"collection":[{"href":"https:\/\/felgenforum.shop\/en\/wp-json\/wp\/v2\/product"}],"about":[{"href":"https:\/\/felgenforum.shop\/en\/wp-json\/wp\/v2\/types\/product"}],"replies":[{"embeddable":true,"href":"https:\/\/felgenforum.shop\/en\/wp-json\/wp\/v2\/comments?post=238826"}],"wp:featuredmedia":[{"embeddable":true,"href":"https:\/\/felgenforum.shop\/en\/wp-json\/wp\/v2\/media\/238988"}],"wp:attachment":[{"href":"https:\/\/felgenforum.shop\/en\/wp-json\/wp\/v2\/media?parent=238826"}],"wp:term":[{"taxonomy":"product_brand","embeddable":true,"href":"https:\/\/felgenforum.shop\/en\/wp-json\/wp\/v2\/product_brand?post=238826"},{"taxonomy":"product_cat","embeddable":true,"href":"https:\/\/felgenforum.shop\/en\/wp-json\/wp\/v2\/product_cat?post=238826"},{"taxonomy":"product_tag","embeddable":true,"href":"https:\/\/felgenforum.shop\/en\/wp-json\/wp\/v2\/product_tag?post=238826"}],"curies":[{"name":"wp","href":"https:\/\/api.w.org\/{rel}","templated":true}]}}