{"id":238215,"date":"2026-04-01T15:25:42","date_gmt":"2026-04-01T13:25:42","guid":{"rendered":"https:\/\/felgenforum.shop\/?post_type=product&#038;p=238215"},"modified":"2026-04-01T16:10:34","modified_gmt":"2026-04-01T14:10:34","slug":"20-zoll-felgen-damina-dm08-grau-fuer-vw-golf-7-8-gti-gtd-gte-passat-b6-b7-b8-2","status":"publish","type":"product","link":"https:\/\/felgenforum.shop\/en\/product\/20-zoll-felgen-damina-dm08-grau-fuer-vw-golf-7-8-gti-gtd-gte-passat-b6-b7-b8-2\/","title":{"rendered":"20 Zoll Felgen Damina DM08 Grau f\u00fcr VW Golf 7 8 GTI GTD GTE Passat B6 B7 B8"},"content":{"rendered":"<h3>Welcome to an offer from Felgenforum.shop<\/h3>\n<ul>\n<li>In this offer we offer you a NEW set of Damina Performance DM08 alloy wheels in matte grey including ABE.<\/li>\n<li>NEW &amp; in original packaging.<\/li>\n<\/ul>\n<h3>Scope of delivery:<\/h3>\n<ul>\n<li>4 x Damina DM08 8,5&#215;20 ET45 5&#215;112 grau matt<\/li>\n<li>Complete mounting hardware (if required according to the ABE)<\/li>\n<li>4x hub caps Damina Performance<\/li>\n<li>(Vehicle manufacturer&#039;s hubcap not included)<\/li>\n<li>1x Expert report (ABE)<\/li>\n<li>In most cases, the rims are therefore registration-free. If you have any questions about fitment or any registration requirements, our experienced team will be happy to help :).<\/li>\n<li>Please be sure to specify your vehicle after purchase.<\/li>\n<li>We offer this model in many other sizes and colors; please contact us if you have any other requests.<\/li>\n<\/ul>\n<h3>&gt;&gt;&gt;Complete wheels<\/h3>\n<ul>\n<\/ul>\n<h3>We are happy to offer you the desired rims as ready-to-install complete wheels with a tire of your choice.<\/h3>\n<ul>\n<li>Feel free to send us a non-binding inquiry :).<\/li>\n<li>The rims are the correct size for the following vehicles:<\/li>\n<\/ul>\n<h3>Audi<\/h3>\n<ul>\n<li>A3 S3 8V GY\u00a0<\/li>\n<li>A4 S4 B8 B81<\/li>\n<li>A6 S6 4F 4F1 C6 4G 4G1 C7 F2 C8<\/li>\n<li>A8 4E<\/li>\n<li>TT TTS TTRS 8J 8S FV<\/li>\n<li>Q2 SQ2 GA<\/li>\n<li>Q3 8U 8U1<\/li>\n<\/ul>\n<h3>Volkswagen<\/h3>\n<ul>\n<li>Golf 7 8 in all versions<\/li>\n<li>ID.3<\/li>\n<li>ID.4<\/li>\n<li>ID.5<\/li>\n<li>ID.7<\/li>\n<li>Passat B6 B7 B8 B9<\/li>\n<li>Phaeton 3D<\/li>\n<li>Tiguan 5N1<\/li>\n<li>T-ROC A1<\/li>\n<\/ul>\n<h3>Mercedes Benz<\/h3>\n<ul>\n<li>A-Class W176 W177<\/li>\n<li>B Class W246 W247<\/li>\n<li>C-Class W204 W205 all body styles<\/li>\n<li>CLA Class C117 C118<\/li>\n<li>E-Class W212 W213 (not T-Model)<\/li>\n<li>CL Class C215<\/li>\n<li>EQA250 F2B<\/li>\n<li>GLA 245G F2B<\/li>\n<li>GLB F2B<\/li>\n<li>GLK X204<\/li>\n<li>S-Class W220<\/li>\n<li>Vito 639 W447<\/li>\n<li>V Class W447<\/li>\n<li>Seat<\/li>\n<li>Ateca 5FP also Cupra<\/li>\n<li>Leon 5F KL also Cupra<\/li>\n<\/ul>\n<h3>Skoda<\/h3>\n<ul>\n<li>Octavia 5E NX<\/li>\n<li>Superb 3 4 3T<\/li>\n<li>Yeti 5L<\/li>\n<li>Karoq NU<\/li>\n<li>Enyaq 50 60 80 85 RS X<\/li>\n<\/ul>","protected":false},"excerpt":{"rendered":"<p>Ein Satz (4 St\u00fcck) hochwertige Marken-Alufelgen, Modell DM08, in der Gr\u00f6\u00dfe 8,5&#215;20 Zoll, Lochkreis 112 mit 5 Loch. Professionell gepr\u00fcft und versandfertig verpackt.<\/p>","protected":false},"featured_media":238274,"comment_status":"open","ping_status":"closed","template":"","meta":[],"product_brand":[],"product_cat":[1651,1086,1253],"product_tag":[],"class_list":{"0":"post-238215","1":"product","2":"type-product","3":"status-publish","4":"has-post-thumbnail","6":"product_cat-20-zoll-vw","7":"product_cat-felgen","8":"product_cat-vw","9":"pa_anzahl-der-einheiten-1484","10":"pa_einpresstiefe-et-1508","11":"pa_farbe-grau-matt","12":"pa_felgenaufbau-einteilig-gegossen","13":"pa_felgenbreite-1440","14":"pa_felgendesign-multi-speichen-felge","15":"pa_felgenmaterial-aluminium","16":"pa_hersteller-damina-perfomance","17":"pa_herstellergarantie-ja-zwei-jahre","18":"pa_herstellernummer-2013","19":"pa_lochkreis-1439","20":"pa_lochzahl-1447","21":"pa_maximale-traglast-1498","22":"pa_mit-deckel-ja-nein-ja-von-damina","23":"pa_mittenlochbohrung-666-mm","24":"pa_modell-dm08","25":"pa_produktart-kreuzspeiche","26":"pa_ursprungsland-deutschland","27":"pa_zollgroesse-1499","29":"first","30":"instock","31":"taxable","32":"shipping-taxable","33":"purchasable","34":"product-type-simple"},"yoast_head":"<!-- This site is optimized with the Yoast SEO plugin v27.2 - https:\/\/yoast.com\/product\/yoast-seo-wordpress\/ -->\n<title>20 Zoll Felgen Damina DM08 Grau f\u00fcr VW Golf 7 8 GTI GTD GTE Passat B6 B7 B8 g\u00fcnstig kaufen - Felgenforum<\/title>\n<meta name=\"description\" content=\"20 Zoll Felgen Damina DM08 Grau f\u00fcr VW Golf 7 8 GTI GTD GTE Passat B6 B7 B8 online bestellen \u2794 Gepr\u00fcfte Qualit\u00e4t, Top Marken &amp; schneller Versand \u2714 Jetzt sicher bei Felgenforum kaufen!\" \/>\n<meta name=\"robots\" content=\"index, follow, max-snippet:-1, max-image-preview:large, max-video-preview:-1\" \/>\n<link rel=\"canonical\" href=\"https:\/\/felgenforum.shop\/en\/product\/20-zoll-felgen-damina-dm08-grau-fuer-vw-golf-7-8-gti-gtd-gte-passat-b6-b7-b8-2\/\" \/>\n<meta property=\"og:locale\" content=\"en_GB\" \/>\n<meta property=\"og:type\" content=\"article\" \/>\n<meta property=\"og:title\" content=\"20 Zoll Felgen Damina DM08 Grau f\u00fcr VW Golf 7 8 GTI GTD GTE Passat B6 B7 B8 g\u00fcnstig kaufen - Felgenforum\" \/>\n<meta property=\"og:description\" content=\"20 Zoll Felgen Damina DM08 Grau f\u00fcr VW Golf 7 8 GTI GTD GTE Passat B6 B7 B8 online bestellen \u2794 Gepr\u00fcfte Qualit\u00e4t, Top Marken &amp; schneller Versand \u2714 Jetzt sicher bei Felgenforum kaufen!\" \/>\n<meta property=\"og:url\" content=\"https:\/\/felgenforum.shop\/en\/product\/20-zoll-felgen-damina-dm08-grau-fuer-vw-golf-7-8-gti-gtd-gte-passat-b6-b7-b8-2\/\" \/>\n<meta property=\"og:site_name\" content=\"Felgenforum\" \/>\n<meta property=\"article:modified_time\" content=\"2026-04-01T14:10:34+00:00\" \/>\n<meta property=\"og:image\" content=\"https:\/\/felgenforum.shop\/wp-content\/uploads\/2026\/04\/ebay-product-238215-69cd27593793c.webp\" \/>\n\t<meta property=\"og:image:width\" content=\"1000\" \/>\n\t<meta property=\"og:image:height\" content=\"1000\" \/>\n\t<meta property=\"og:image:type\" content=\"image\/webp\" \/>\n<meta name=\"twitter:card\" content=\"summary_large_image\" \/>\n<meta name=\"twitter:label1\" content=\"Est. reading time\" \/>\n\t<meta name=\"twitter:data1\" content=\"1 minute\" \/>\n<script type=\"application\/ld+json\" class=\"yoast-schema-graph\">{\"@context\":\"https:\/\/schema.org\",\"@graph\":[{\"@type\":\"WebPage\",\"@id\":\"https:\/\/felgenforum.shop\/produkt\/20-zoll-felgen-damina-dm08-grau-fuer-vw-golf-7-8-gti-gtd-gte-passat-b6-b7-b8-2\/\",\"url\":\"https:\/\/felgenforum.shop\/produkt\/20-zoll-felgen-damina-dm08-grau-fuer-vw-golf-7-8-gti-gtd-gte-passat-b6-b7-b8-2\/\",\"name\":\"20 Zoll Felgen Damina DM08 Grau f\u00fcr VW Golf 7 8 GTI GTD GTE Passat B6 B7 B8 g\u00fcnstig kaufen - Felgenforum\",\"isPartOf\":{\"@id\":\"https:\/\/felgenforum.shop\/#website\"},\"primaryImageOfPage\":{\"@id\":\"https:\/\/felgenforum.shop\/produkt\/20-zoll-felgen-damina-dm08-grau-fuer-vw-golf-7-8-gti-gtd-gte-passat-b6-b7-b8-2\/#primaryimage\"},\"image\":{\"@id\":\"https:\/\/felgenforum.shop\/produkt\/20-zoll-felgen-damina-dm08-grau-fuer-vw-golf-7-8-gti-gtd-gte-passat-b6-b7-b8-2\/#primaryimage\"},\"thumbnailUrl\":\"https:\/\/felgenforum.shop\/wp-content\/uploads\/2026\/04\/ebay-product-238215-69cd27593793c.webp\",\"datePublished\":\"2026-04-01T13:25:42+00:00\",\"dateModified\":\"2026-04-01T14:10:34+00:00\",\"description\":\"20 Zoll Felgen Damina DM08 Grau f\u00fcr VW Golf 7 8 GTI GTD GTE Passat B6 B7 B8 online bestellen \u2794 Gepr\u00fcfte Qualit\u00e4t, Top Marken & schneller Versand \u2714 Jetzt sicher bei Felgenforum kaufen!\",\"breadcrumb\":{\"@id\":\"https:\/\/felgenforum.shop\/produkt\/20-zoll-felgen-damina-dm08-grau-fuer-vw-golf-7-8-gti-gtd-gte-passat-b6-b7-b8-2\/#breadcrumb\"},\"inLanguage\":\"en-GB\",\"potentialAction\":[{\"@type\":\"ReadAction\",\"target\":[\"https:\/\/felgenforum.shop\/produkt\/20-zoll-felgen-damina-dm08-grau-fuer-vw-golf-7-8-gti-gtd-gte-passat-b6-b7-b8-2\/\"]}]},{\"@type\":\"ImageObject\",\"inLanguage\":\"en-GB\",\"@id\":\"https:\/\/felgenforum.shop\/produkt\/20-zoll-felgen-damina-dm08-grau-fuer-vw-golf-7-8-gti-gtd-gte-passat-b6-b7-b8-2\/#primaryimage\",\"url\":\"https:\/\/felgenforum.shop\/wp-content\/uploads\/2026\/04\/ebay-product-238215-69cd27593793c.webp\",\"contentUrl\":\"https:\/\/felgenforum.shop\/wp-content\/uploads\/2026\/04\/ebay-product-238215-69cd27593793c.webp\",\"width\":1000,\"height\":1000},{\"@type\":\"BreadcrumbList\",\"@id\":\"https:\/\/felgenforum.shop\/produkt\/20-zoll-felgen-damina-dm08-grau-fuer-vw-golf-7-8-gti-gtd-gte-passat-b6-b7-b8-2\/#breadcrumb\",\"itemListElement\":[{\"@type\":\"ListItem\",\"position\":1,\"name\":\"Startseite\",\"item\":\"https:\/\/felgenforum.shop\/\"},{\"@type\":\"ListItem\",\"position\":2,\"name\":\"Shop\",\"item\":\"https:\/\/felgenforum.shop\/shop\/\"},{\"@type\":\"ListItem\",\"position\":3,\"name\":\"20 Zoll Felgen Damina DM08 Grau f\u00fcr VW Golf 7 8 GTI GTD GTE Passat B6 B7 B8\"}]},{\"@type\":\"WebSite\",\"@id\":\"https:\/\/felgenforum.shop\/#website\",\"url\":\"https:\/\/felgenforum.shop\/\",\"name\":\"Felgenforum\",\"description\":\"\",\"potentialAction\":[{\"@type\":\"SearchAction\",\"target\":{\"@type\":\"EntryPoint\",\"urlTemplate\":\"https:\/\/felgenforum.shop\/?s={search_term_string}\"},\"query-input\":{\"@type\":\"PropertyValueSpecification\",\"valueRequired\":true,\"valueName\":\"search_term_string\"}}],\"inLanguage\":\"en-GB\"}]}<\/script>\n<!-- \/ Yoast SEO plugin. -->","yoast_head_json":{"title":"20 Zoll Felgen Damina DM08 Grau f\u00fcr VW Golf 7 8 GTI GTD GTE Passat B6 B7 B8 g\u00fcnstig kaufen - Felgenforum","description":"20 Zoll Felgen Damina DM08 Grau f\u00fcr VW Golf 7 8 GTI GTD GTE Passat B6 B7 B8 online bestellen \u2794 Gepr\u00fcfte Qualit\u00e4t, Top Marken & schneller Versand \u2714 Jetzt sicher bei Felgenforum kaufen!","robots":{"index":"index","follow":"follow","max-snippet":"max-snippet:-1","max-image-preview":"max-image-preview:large","max-video-preview":"max-video-preview:-1"},"canonical":"https:\/\/felgenforum.shop\/en\/product\/20-zoll-felgen-damina-dm08-grau-fuer-vw-golf-7-8-gti-gtd-gte-passat-b6-b7-b8-2\/","og_locale":"en_GB","og_type":"article","og_title":"20 Zoll Felgen Damina DM08 Grau f\u00fcr VW Golf 7 8 GTI GTD GTE Passat B6 B7 B8 g\u00fcnstig kaufen - Felgenforum","og_description":"20 Zoll Felgen Damina DM08 Grau f\u00fcr VW Golf 7 8 GTI GTD GTE Passat B6 B7 B8 online bestellen \u2794 Gepr\u00fcfte Qualit\u00e4t, Top Marken & schneller Versand \u2714 Jetzt sicher bei Felgenforum kaufen!","og_url":"https:\/\/felgenforum.shop\/en\/product\/20-zoll-felgen-damina-dm08-grau-fuer-vw-golf-7-8-gti-gtd-gte-passat-b6-b7-b8-2\/","og_site_name":"Felgenforum","article_modified_time":"2026-04-01T14:10:34+00:00","og_image":[{"width":1000,"height":1000,"url":"https:\/\/felgenforum.shop\/wp-content\/uploads\/2026\/04\/ebay-product-238215-69cd27593793c.webp","type":"image\/webp"}],"twitter_card":"summary_large_image","twitter_misc":{"Est. reading time":"1 minute"},"schema":{"@context":"https:\/\/schema.org","@graph":[{"@type":"WebPage","@id":"https:\/\/felgenforum.shop\/produkt\/20-zoll-felgen-damina-dm08-grau-fuer-vw-golf-7-8-gti-gtd-gte-passat-b6-b7-b8-2\/","url":"https:\/\/felgenforum.shop\/produkt\/20-zoll-felgen-damina-dm08-grau-fuer-vw-golf-7-8-gti-gtd-gte-passat-b6-b7-b8-2\/","name":"20 Zoll Felgen Damina DM08 Grau f\u00fcr VW Golf 7 8 GTI GTD GTE Passat B6 B7 B8 g\u00fcnstig kaufen - Felgenforum","isPartOf":{"@id":"https:\/\/felgenforum.shop\/#website"},"primaryImageOfPage":{"@id":"https:\/\/felgenforum.shop\/produkt\/20-zoll-felgen-damina-dm08-grau-fuer-vw-golf-7-8-gti-gtd-gte-passat-b6-b7-b8-2\/#primaryimage"},"image":{"@id":"https:\/\/felgenforum.shop\/produkt\/20-zoll-felgen-damina-dm08-grau-fuer-vw-golf-7-8-gti-gtd-gte-passat-b6-b7-b8-2\/#primaryimage"},"thumbnailUrl":"https:\/\/felgenforum.shop\/wp-content\/uploads\/2026\/04\/ebay-product-238215-69cd27593793c.webp","datePublished":"2026-04-01T13:25:42+00:00","dateModified":"2026-04-01T14:10:34+00:00","description":"20 Zoll Felgen Damina DM08 Grau f\u00fcr VW Golf 7 8 GTI GTD GTE Passat B6 B7 B8 online bestellen \u2794 Gepr\u00fcfte Qualit\u00e4t, Top Marken & schneller Versand \u2714 Jetzt sicher bei Felgenforum kaufen!","breadcrumb":{"@id":"https:\/\/felgenforum.shop\/produkt\/20-zoll-felgen-damina-dm08-grau-fuer-vw-golf-7-8-gti-gtd-gte-passat-b6-b7-b8-2\/#breadcrumb"},"inLanguage":"en-GB","potentialAction":[{"@type":"ReadAction","target":["https:\/\/felgenforum.shop\/produkt\/20-zoll-felgen-damina-dm08-grau-fuer-vw-golf-7-8-gti-gtd-gte-passat-b6-b7-b8-2\/"]}]},{"@type":"ImageObject","inLanguage":"en-GB","@id":"https:\/\/felgenforum.shop\/produkt\/20-zoll-felgen-damina-dm08-grau-fuer-vw-golf-7-8-gti-gtd-gte-passat-b6-b7-b8-2\/#primaryimage","url":"https:\/\/felgenforum.shop\/wp-content\/uploads\/2026\/04\/ebay-product-238215-69cd27593793c.webp","contentUrl":"https:\/\/felgenforum.shop\/wp-content\/uploads\/2026\/04\/ebay-product-238215-69cd27593793c.webp","width":1000,"height":1000},{"@type":"BreadcrumbList","@id":"https:\/\/felgenforum.shop\/produkt\/20-zoll-felgen-damina-dm08-grau-fuer-vw-golf-7-8-gti-gtd-gte-passat-b6-b7-b8-2\/#breadcrumb","itemListElement":[{"@type":"ListItem","position":1,"name":"Startseite","item":"https:\/\/felgenforum.shop\/"},{"@type":"ListItem","position":2,"name":"Shop","item":"https:\/\/felgenforum.shop\/shop\/"},{"@type":"ListItem","position":3,"name":"20 Zoll Felgen Damina DM08 Grau f\u00fcr VW Golf 7 8 GTI GTD GTE Passat B6 B7 B8"}]},{"@type":"WebSite","@id":"https:\/\/felgenforum.shop\/#website","url":"https:\/\/felgenforum.shop\/","name":"Rim forum","description":"","potentialAction":[{"@type":"SearchAction","target":{"@type":"EntryPoint","urlTemplate":"https:\/\/felgenforum.shop\/?s={search_term_string}"},"query-input":{"@type":"PropertyValueSpecification","valueRequired":true,"valueName":"search_term_string"}}],"inLanguage":"en-GB"}]}},"_links":{"self":[{"href":"https:\/\/felgenforum.shop\/en\/wp-json\/wp\/v2\/product\/238215","targetHints":{"allow":["GET"]}}],"collection":[{"href":"https:\/\/felgenforum.shop\/en\/wp-json\/wp\/v2\/product"}],"about":[{"href":"https:\/\/felgenforum.shop\/en\/wp-json\/wp\/v2\/types\/product"}],"replies":[{"embeddable":true,"href":"https:\/\/felgenforum.shop\/en\/wp-json\/wp\/v2\/comments?post=238215"}],"wp:featuredmedia":[{"embeddable":true,"href":"https:\/\/felgenforum.shop\/en\/wp-json\/wp\/v2\/media\/238274"}],"wp:attachment":[{"href":"https:\/\/felgenforum.shop\/en\/wp-json\/wp\/v2\/media?parent=238215"}],"wp:term":[{"taxonomy":"product_brand","embeddable":true,"href":"https:\/\/felgenforum.shop\/en\/wp-json\/wp\/v2\/product_brand?post=238215"},{"taxonomy":"product_cat","embeddable":true,"href":"https:\/\/felgenforum.shop\/en\/wp-json\/wp\/v2\/product_cat?post=238215"},{"taxonomy":"product_tag","embeddable":true,"href":"https:\/\/felgenforum.shop\/en\/wp-json\/wp\/v2\/product_tag?post=238215"}],"curies":[{"name":"wp","href":"https:\/\/api.w.org\/{rel}","templated":true}]}}