{"id":238156,"date":"2026-04-01T13:25:04","date_gmt":"2026-04-01T11:25:04","guid":{"rendered":"https:\/\/felgenforum.shop\/?post_type=product&#038;p=238156"},"modified":"2026-04-01T13:25:46","modified_gmt":"2026-04-01T11:25:46","slug":"18-zoll-sommerraeder-pirelli-wh37-schwarz-fuer-bmw-3er-g21-g20-4er-g3c-g23-2er-g42","status":"publish","type":"product","link":"https:\/\/felgenforum.shop\/en\/product\/18-zoll-sommerraeder-pirelli-wh37-schwarz-fuer-bmw-3er-g21-g20-4er-g3c-g23-2er-g42\/","title":{"rendered":"18-inch Pirelli WH37 black summer wheels for BMW 3 Series G21 G20, 4 Series G3C G23, 2 Series G42"},"content":{"rendered":"<h3>Welcome to an offer from Felgenforum.shop<\/h3>\n<ul>\n<li>In diesem Angebot bieten wir Ihnen hier\u00a0einen NEUEN Satz Sommerkomplettr\u00e4der in\u00a0schwarz poliert\u00a0inkl. ABE an.<\/li>\n<li>4x fully pre-assembled and balanced complete wheels<\/li>\n<li>consisting of:<\/li>\n<li>4x Alufelge Wheelworld WH37 schwarz poliert 8&#215;18 ET30 LK5\/112<\/li>\n<li>+<\/li>\n<li>4x Sommerreifen Pirelli P Zero (PZ5) 225\/45 R18 95Y<\/li>\n<li>+<\/li>\n<li>4x TPMS (pre-programmed)<\/li>\n<li>fully assembled and balanced<\/li>\n<li>(including black weights and black metal valves)<\/li>\n<li>NEW &amp; in original packaging.<\/li>\n<\/ul>\n<h3>Scope of delivery:<\/h3>\n<ul>\n<li>4 x WH37\u00a08&#215;18 ET30 5&#215;112 schwarz poliert<\/li>\n<li>4x Sommerreifen Pirelli P Zero (PZ5) XL 225\/45R18 95Y<\/li>\n<li>4x TPMS (pre-programmed)<\/li>\n<li>Complete mounting hardware (if required according to the ABE)<\/li>\n<li>4x Wheelworld hubcaps<\/li>\n<li>1x Expert report (ABE)<\/li>\n<li>In most cases, the rims do not require registration. If you have any questions about fitment or registration requirements, our experienced team will be happy to assist you :).<\/li>\n<li>Please be sure to specify your vehicle after purchase.<\/li>\n<li>We offer this model in many other sizes and colors; please contact us if you have any other requests.<\/li>\n<\/ul>\n<h3>&gt;&gt;&gt;Complete wheels<\/h3>\n<ul>\n<\/ul>\n<h3>We are happy to offer you the desired rims as ready-to-install complete wheels with a tire of your choice.<\/h3>\n<ul>\n<li>Feel free to send us a non-binding inquiry :).<\/li>\n<li>The wheels are the right size for the following vehicles:<\/li>\n<\/ul>\n<h3>BMW<\/h3>\n<ul>\n<li>2 Series G2C G42<\/li>\n<li>3 Series G20 G21 G3L G3K<\/li>\n<li>4er G3C G23\u00a0<\/li>\n<\/ul>","protected":false},"excerpt":{"rendered":"<p>A set (4 pieces) of ready-to-ride 2DRV complete wheels, professionally mounted and balanced.<\/p>\n<p><strong>Rim details:<\/strong> 8&#215;18 Zoll, Lochkreis 112 mm.<br \/><strong>Tire details:<\/strong> Pirelli .<\/p>","protected":false},"featured_media":238157,"comment_status":"open","ping_status":"closed","template":"","meta":[],"product_brand":[],"product_cat":[1698,1582,1196],"product_tag":[],"class_list":{"0":"post-238156","1":"product","2":"type-product","3":"status-publish","4":"has-post-thumbnail","6":"product_cat-18-zoll-sommerraeder-bmw-bmw-komplettraeder-sommer","7":"product_cat-bmw-komplettraeder-sommer","8":"product_cat-komplettraeder-sommer","9":"pa_anzahl-der-komplettraeder-1433","10":"pa_einpresstiefe-et-1450","11":"pa_eisgriffigkeit-nein","12":"pa_externes-rollger-db-klass-b","13":"pa_fahrzeugtyp-pkw","14":"pa_felgenbreite-1474","15":"pa_felgenfarbe-schwarz-poliert","16":"pa_felgenhersteller-2drv","17":"pa_felgenmaterial-aluminium","18":"pa_felgenmodell-wh37","19":"pa_geschwindigkeitsindex-y-bis-300-km-h","20":"pa_herstellernummer-felge-2532","21":"pa_kraftstoff-a-g-d","22":"pa_lastbereich-xl","23":"pa_lochkreis-112-mm","24":"pa_lochzahl-1447","25":"pa_nasshaft-a-g-b","26":"pa_reifenbreite-1432","27":"pa_reifendurchmesser-1825","28":"pa_reifenhersteller-pirelli","29":"pa_reifenquerschnitt-1504","30":"pa_reifenspezifikation-sommerreifen","31":"pa_run-flat-nein","32":"pa_schneeflocken-symbol-nein","33":"pa_zollgroesse-1482","35":"first","36":"instock","37":"sale","38":"taxable","39":"shipping-taxable","40":"purchasable","41":"product-type-simple"},"yoast_head":"<!-- This site is optimized with the Yoast SEO plugin v27.2 - https:\/\/yoast.com\/product\/yoast-seo-wordpress\/ -->\n<title>18 Zoll Sommerr\u00e4der Pirelli WH37 schwarz f\u00fcr BMW 3er G21 G20 4er G3C G23 2er G42 g\u00fcnstig kaufen - Felgenforum<\/title>\n<meta name=\"description\" content=\"18 Zoll Sommerr\u00e4der Pirelli WH37 schwarz f\u00fcr BMW 3er G21 G20 4er G3C G23 2er G42 online bestellen \u2794 Gepr\u00fcfte Qualit\u00e4t, Top Marken &amp; schneller Versand \u2714 Jetzt sicher bei Felgenforum kaufen!\" \/>\n<meta name=\"robots\" content=\"index, follow, max-snippet:-1, max-image-preview:large, max-video-preview:-1\" \/>\n<link rel=\"canonical\" href=\"https:\/\/felgenforum.shop\/en\/product\/18-zoll-sommerraeder-pirelli-wh37-schwarz-fuer-bmw-3er-g21-g20-4er-g3c-g23-2er-g42\/\" \/>\n<meta property=\"og:locale\" content=\"en_GB\" \/>\n<meta property=\"og:type\" content=\"article\" \/>\n<meta property=\"og:title\" content=\"18 Zoll Sommerr\u00e4der Pirelli WH37 schwarz f\u00fcr BMW 3er G21 G20 4er G3C G23 2er G42 g\u00fcnstig kaufen - Felgenforum\" \/>\n<meta property=\"og:description\" content=\"18 Zoll Sommerr\u00e4der Pirelli WH37 schwarz f\u00fcr BMW 3er G21 G20 4er G3C G23 2er G42 online bestellen \u2794 Gepr\u00fcfte Qualit\u00e4t, Top Marken &amp; schneller Versand \u2714 Jetzt sicher bei Felgenforum kaufen!\" \/>\n<meta property=\"og:url\" content=\"https:\/\/felgenforum.shop\/en\/product\/18-zoll-sommerraeder-pirelli-wh37-schwarz-fuer-bmw-3er-g21-g20-4er-g3c-g23-2er-g42\/\" \/>\n<meta property=\"og:site_name\" content=\"Felgenforum\" \/>\n<meta property=\"article:modified_time\" content=\"2026-04-01T11:25:46+00:00\" \/>\n<meta property=\"og:image\" content=\"https:\/\/felgenforum.shop\/wp-content\/uploads\/2026\/04\/ebay-product-238156-69cd00b89510c.webp\" \/>\n\t<meta property=\"og:image:width\" content=\"1000\" \/>\n\t<meta property=\"og:image:height\" content=\"1000\" \/>\n\t<meta property=\"og:image:type\" content=\"image\/webp\" \/>\n<meta name=\"twitter:card\" content=\"summary_large_image\" \/>\n<meta name=\"twitter:label1\" content=\"Est. reading time\" \/>\n\t<meta name=\"twitter:data1\" content=\"1 minute\" \/>\n<script type=\"application\/ld+json\" class=\"yoast-schema-graph\">{\"@context\":\"https:\/\/schema.org\",\"@graph\":[{\"@type\":\"WebPage\",\"@id\":\"https:\/\/felgenforum.shop\/produkt\/18-zoll-sommerraeder-pirelli-wh37-schwarz-fuer-bmw-3er-g21-g20-4er-g3c-g23-2er-g42\/\",\"url\":\"https:\/\/felgenforum.shop\/produkt\/18-zoll-sommerraeder-pirelli-wh37-schwarz-fuer-bmw-3er-g21-g20-4er-g3c-g23-2er-g42\/\",\"name\":\"18 Zoll Sommerr\u00e4der Pirelli WH37 schwarz f\u00fcr BMW 3er G21 G20 4er G3C G23 2er G42 g\u00fcnstig kaufen - Felgenforum\",\"isPartOf\":{\"@id\":\"https:\/\/felgenforum.shop\/#website\"},\"primaryImageOfPage\":{\"@id\":\"https:\/\/felgenforum.shop\/produkt\/18-zoll-sommerraeder-pirelli-wh37-schwarz-fuer-bmw-3er-g21-g20-4er-g3c-g23-2er-g42\/#primaryimage\"},\"image\":{\"@id\":\"https:\/\/felgenforum.shop\/produkt\/18-zoll-sommerraeder-pirelli-wh37-schwarz-fuer-bmw-3er-g21-g20-4er-g3c-g23-2er-g42\/#primaryimage\"},\"thumbnailUrl\":\"https:\/\/felgenforum.shop\/wp-content\/uploads\/2026\/04\/ebay-product-238156-69cd00b89510c.webp\",\"datePublished\":\"2026-04-01T11:25:04+00:00\",\"dateModified\":\"2026-04-01T11:25:46+00:00\",\"description\":\"18 Zoll Sommerr\u00e4der Pirelli WH37 schwarz f\u00fcr BMW 3er G21 G20 4er G3C G23 2er G42 online bestellen \u2794 Gepr\u00fcfte Qualit\u00e4t, Top Marken & schneller Versand \u2714 Jetzt sicher bei Felgenforum kaufen!\",\"breadcrumb\":{\"@id\":\"https:\/\/felgenforum.shop\/produkt\/18-zoll-sommerraeder-pirelli-wh37-schwarz-fuer-bmw-3er-g21-g20-4er-g3c-g23-2er-g42\/#breadcrumb\"},\"inLanguage\":\"en-GB\",\"potentialAction\":[{\"@type\":\"ReadAction\",\"target\":[\"https:\/\/felgenforum.shop\/produkt\/18-zoll-sommerraeder-pirelli-wh37-schwarz-fuer-bmw-3er-g21-g20-4er-g3c-g23-2er-g42\/\"]}]},{\"@type\":\"ImageObject\",\"inLanguage\":\"en-GB\",\"@id\":\"https:\/\/felgenforum.shop\/produkt\/18-zoll-sommerraeder-pirelli-wh37-schwarz-fuer-bmw-3er-g21-g20-4er-g3c-g23-2er-g42\/#primaryimage\",\"url\":\"https:\/\/felgenforum.shop\/wp-content\/uploads\/2026\/04\/ebay-product-238156-69cd00b89510c.webp\",\"contentUrl\":\"https:\/\/felgenforum.shop\/wp-content\/uploads\/2026\/04\/ebay-product-238156-69cd00b89510c.webp\",\"width\":1000,\"height\":1000},{\"@type\":\"BreadcrumbList\",\"@id\":\"https:\/\/felgenforum.shop\/produkt\/18-zoll-sommerraeder-pirelli-wh37-schwarz-fuer-bmw-3er-g21-g20-4er-g3c-g23-2er-g42\/#breadcrumb\",\"itemListElement\":[{\"@type\":\"ListItem\",\"position\":1,\"name\":\"Startseite\",\"item\":\"https:\/\/felgenforum.shop\/\"},{\"@type\":\"ListItem\",\"position\":2,\"name\":\"Shop\",\"item\":\"https:\/\/felgenforum.shop\/shop\/\"},{\"@type\":\"ListItem\",\"position\":3,\"name\":\"18 Zoll Sommerr\u00e4der Pirelli WH37 schwarz f\u00fcr BMW 3er G21 G20 4er G3C G23 2er G42\"}]},{\"@type\":\"WebSite\",\"@id\":\"https:\/\/felgenforum.shop\/#website\",\"url\":\"https:\/\/felgenforum.shop\/\",\"name\":\"Felgenforum\",\"description\":\"\",\"potentialAction\":[{\"@type\":\"SearchAction\",\"target\":{\"@type\":\"EntryPoint\",\"urlTemplate\":\"https:\/\/felgenforum.shop\/?s={search_term_string}\"},\"query-input\":{\"@type\":\"PropertyValueSpecification\",\"valueRequired\":true,\"valueName\":\"search_term_string\"}}],\"inLanguage\":\"en-GB\"}]}<\/script>\n<!-- \/ Yoast SEO plugin. -->","yoast_head_json":{"title":"18 Zoll Sommerr\u00e4der Pirelli WH37 schwarz f\u00fcr BMW 3er G21 G20 4er G3C G23 2er G42 g\u00fcnstig kaufen - Felgenforum","description":"18 Zoll Sommerr\u00e4der Pirelli WH37 schwarz f\u00fcr BMW 3er G21 G20 4er G3C G23 2er G42 online bestellen \u2794 Gepr\u00fcfte Qualit\u00e4t, Top Marken & schneller Versand \u2714 Jetzt sicher bei Felgenforum kaufen!","robots":{"index":"index","follow":"follow","max-snippet":"max-snippet:-1","max-image-preview":"max-image-preview:large","max-video-preview":"max-video-preview:-1"},"canonical":"https:\/\/felgenforum.shop\/en\/product\/18-zoll-sommerraeder-pirelli-wh37-schwarz-fuer-bmw-3er-g21-g20-4er-g3c-g23-2er-g42\/","og_locale":"en_GB","og_type":"article","og_title":"18 Zoll Sommerr\u00e4der Pirelli WH37 schwarz f\u00fcr BMW 3er G21 G20 4er G3C G23 2er G42 g\u00fcnstig kaufen - Felgenforum","og_description":"18 Zoll Sommerr\u00e4der Pirelli WH37 schwarz f\u00fcr BMW 3er G21 G20 4er G3C G23 2er G42 online bestellen \u2794 Gepr\u00fcfte Qualit\u00e4t, Top Marken & schneller Versand \u2714 Jetzt sicher bei Felgenforum kaufen!","og_url":"https:\/\/felgenforum.shop\/en\/product\/18-zoll-sommerraeder-pirelli-wh37-schwarz-fuer-bmw-3er-g21-g20-4er-g3c-g23-2er-g42\/","og_site_name":"Felgenforum","article_modified_time":"2026-04-01T11:25:46+00:00","og_image":[{"width":1000,"height":1000,"url":"https:\/\/felgenforum.shop\/wp-content\/uploads\/2026\/04\/ebay-product-238156-69cd00b89510c.webp","type":"image\/webp"}],"twitter_card":"summary_large_image","twitter_misc":{"Est. reading time":"1 minute"},"schema":{"@context":"https:\/\/schema.org","@graph":[{"@type":"WebPage","@id":"https:\/\/felgenforum.shop\/produkt\/18-zoll-sommerraeder-pirelli-wh37-schwarz-fuer-bmw-3er-g21-g20-4er-g3c-g23-2er-g42\/","url":"https:\/\/felgenforum.shop\/produkt\/18-zoll-sommerraeder-pirelli-wh37-schwarz-fuer-bmw-3er-g21-g20-4er-g3c-g23-2er-g42\/","name":"18 Zoll Sommerr\u00e4der Pirelli WH37 schwarz f\u00fcr BMW 3er G21 G20 4er G3C G23 2er G42 g\u00fcnstig kaufen - Felgenforum","isPartOf":{"@id":"https:\/\/felgenforum.shop\/#website"},"primaryImageOfPage":{"@id":"https:\/\/felgenforum.shop\/produkt\/18-zoll-sommerraeder-pirelli-wh37-schwarz-fuer-bmw-3er-g21-g20-4er-g3c-g23-2er-g42\/#primaryimage"},"image":{"@id":"https:\/\/felgenforum.shop\/produkt\/18-zoll-sommerraeder-pirelli-wh37-schwarz-fuer-bmw-3er-g21-g20-4er-g3c-g23-2er-g42\/#primaryimage"},"thumbnailUrl":"https:\/\/felgenforum.shop\/wp-content\/uploads\/2026\/04\/ebay-product-238156-69cd00b89510c.webp","datePublished":"2026-04-01T11:25:04+00:00","dateModified":"2026-04-01T11:25:46+00:00","description":"18 Zoll Sommerr\u00e4der Pirelli WH37 schwarz f\u00fcr BMW 3er G21 G20 4er G3C G23 2er G42 online bestellen \u2794 Gepr\u00fcfte Qualit\u00e4t, Top Marken & schneller Versand \u2714 Jetzt sicher bei Felgenforum kaufen!","breadcrumb":{"@id":"https:\/\/felgenforum.shop\/produkt\/18-zoll-sommerraeder-pirelli-wh37-schwarz-fuer-bmw-3er-g21-g20-4er-g3c-g23-2er-g42\/#breadcrumb"},"inLanguage":"en-GB","potentialAction":[{"@type":"ReadAction","target":["https:\/\/felgenforum.shop\/produkt\/18-zoll-sommerraeder-pirelli-wh37-schwarz-fuer-bmw-3er-g21-g20-4er-g3c-g23-2er-g42\/"]}]},{"@type":"ImageObject","inLanguage":"en-GB","@id":"https:\/\/felgenforum.shop\/produkt\/18-zoll-sommerraeder-pirelli-wh37-schwarz-fuer-bmw-3er-g21-g20-4er-g3c-g23-2er-g42\/#primaryimage","url":"https:\/\/felgenforum.shop\/wp-content\/uploads\/2026\/04\/ebay-product-238156-69cd00b89510c.webp","contentUrl":"https:\/\/felgenforum.shop\/wp-content\/uploads\/2026\/04\/ebay-product-238156-69cd00b89510c.webp","width":1000,"height":1000},{"@type":"BreadcrumbList","@id":"https:\/\/felgenforum.shop\/produkt\/18-zoll-sommerraeder-pirelli-wh37-schwarz-fuer-bmw-3er-g21-g20-4er-g3c-g23-2er-g42\/#breadcrumb","itemListElement":[{"@type":"ListItem","position":1,"name":"Startseite","item":"https:\/\/felgenforum.shop\/"},{"@type":"ListItem","position":2,"name":"Shop","item":"https:\/\/felgenforum.shop\/shop\/"},{"@type":"ListItem","position":3,"name":"18 Zoll Sommerr\u00e4der Pirelli WH37 schwarz f\u00fcr BMW 3er G21 G20 4er G3C G23 2er G42"}]},{"@type":"WebSite","@id":"https:\/\/felgenforum.shop\/#website","url":"https:\/\/felgenforum.shop\/","name":"Rim forum","description":"","potentialAction":[{"@type":"SearchAction","target":{"@type":"EntryPoint","urlTemplate":"https:\/\/felgenforum.shop\/?s={search_term_string}"},"query-input":{"@type":"PropertyValueSpecification","valueRequired":true,"valueName":"search_term_string"}}],"inLanguage":"en-GB"}]}},"_links":{"self":[{"href":"https:\/\/felgenforum.shop\/en\/wp-json\/wp\/v2\/product\/238156","targetHints":{"allow":["GET"]}}],"collection":[{"href":"https:\/\/felgenforum.shop\/en\/wp-json\/wp\/v2\/product"}],"about":[{"href":"https:\/\/felgenforum.shop\/en\/wp-json\/wp\/v2\/types\/product"}],"replies":[{"embeddable":true,"href":"https:\/\/felgenforum.shop\/en\/wp-json\/wp\/v2\/comments?post=238156"}],"wp:featuredmedia":[{"embeddable":true,"href":"https:\/\/felgenforum.shop\/en\/wp-json\/wp\/v2\/media\/238157"}],"wp:attachment":[{"href":"https:\/\/felgenforum.shop\/en\/wp-json\/wp\/v2\/media?parent=238156"}],"wp:term":[{"taxonomy":"product_brand","embeddable":true,"href":"https:\/\/felgenforum.shop\/en\/wp-json\/wp\/v2\/product_brand?post=238156"},{"taxonomy":"product_cat","embeddable":true,"href":"https:\/\/felgenforum.shop\/en\/wp-json\/wp\/v2\/product_cat?post=238156"},{"taxonomy":"product_tag","embeddable":true,"href":"https:\/\/felgenforum.shop\/en\/wp-json\/wp\/v2\/product_tag?post=238156"}],"curies":[{"name":"wp","href":"https:\/\/api.w.org\/{rel}","templated":true}]}}