{"id":237890,"date":"2026-03-31T19:41:34","date_gmt":"2026-03-31T17:41:34","guid":{"rendered":"https:\/\/felgenforum.shop\/?post_type=product&#038;p=237890"},"modified":"2026-03-31T23:15:34","modified_gmt":"2026-03-31T21:15:34","slug":"18-zoll-komplettraeder-fuer-fiat-ducato-citroen-jumper-camper-van-peugeot-boxer-5","status":"publish","type":"product","link":"https:\/\/felgenforum.shop\/en\/product\/18-zoll-komplettraeder-fuer-fiat-ducato-citroen-jumper-camper-van-peugeot-boxer-5\/","title":{"rendered":"18-inch complete wheels for Fiat Ducato, Citroen Jumper, Camper Van, Peugeot Boxer"},"content":{"rendered":"<h3>Welcome to an offer from Felgenforum.shop<\/h3>\n<ul>\n<li>In diesem Angebote bieten wir Ihnen hier\u00a0einen NEUEN Satz FF-Wheels CV1 Komplettr\u00e4der mit Ganzjahresreifen\u00a0in\u00a0schwarz matt\u00a0inkl Gutachten an.<\/li>\n<li>NEW &amp; in original packaging.<\/li>\n<\/ul>\n<h3>Scope of delivery:<\/h3>\n<ul>\n<li>4 x FF-Wheels CV1 8,5&#215;18 ET52 schwarz matt LK5\/118 oder LK5\/130 f\u00fcr Light- und Maxifahrwerk\u00a0<\/li>\n<li>4x Ganzjahresreifen 255\/55r18 109V\u00a0118 T Loder &#8211; AT1<\/li>\n<li>Complete assembly material (if required according to the expert opinion)<\/li>\n<li>4x Hubcaps FF-Wheels<\/li>\n<li>1x Expert report (ABE)<\/li>\n<li>Bei Fragen zur Passgenauigkeit oder eventuellen Eintragungen steht unser erfahrenes Team sehr gerne zur Verf\u00fcgung:).<\/li>\n<li>Please be sure to specify your vehicle after purchase.<\/li>\n<li>\u2757\u2757Ihre Vorteile im \u00dcberblick\u2757\u2757<\/li>\n<li>\u2b50 deutlich erh\u00f6hter Komfort<\/li>\n<li>\u2b50 Fahrzeug &quot;hoppelt&quot; nicht \u00fcber Unebenheiten<\/li>\n<li>\u2b50 Grund: Serienbereifung mit ca 4,5-5 bar 18 Z\u00f6ller nur max. 3,5 bar<\/li>\n<li>\u2b50 Sicherheitsgewinn: Strassenlage, Seitenwindanf\u00e4lligkeit und Wankbewegungen werden durch die 255er Bereifung deutlich reduziert<\/li>\n<li>\u2b50 erheblich besserer Grip auf nassen Campingpl\u00e4tzen durch Ganzjahresbereifung<\/li>\n<li>\u2b50 bessere Optik als jedes Camper-Serienrad<\/li>\n<li>Bei der Eintragung kann es sein, dass der T\u00dcV Pr\u00fcfer eine Verbreiterung f\u00fcr den Radkasten verlangt. Die R\u00e4der sind doch deutlich breiter als die Serienbereifung. Wir k\u00f6nnen diese f\u00fcr 79\u20ac pro Achse anbieten. Diese Verbreiterungen sind aus gummi und zum Aufkleben und k\u00f6nnen auch R\u00fcckstandslos wieder entfernt werden.<\/li>\n<\/ul>\n<h3>&gt;&gt;&gt;Complete wheels<\/h3>\n<ul>\n<\/ul>\n<h3>Gerne bieten wir Ihnen die gew\u00fcnschten Felgen auch als Komplettr\u00e4der mit einem Reifen Ihrer Wahl an.<\/h3>\n<ul>\n<li>Feel free to send us a non-binding inquiry :).<\/li>\n<li>The wheels are the right size for the following vehicles:<\/li>\n<\/ul>\n<h3>Fiat<\/h3>\n<ul>\n<li>Ducato\u00a0<\/li>\n<\/ul>\n<h3>Peugeot<\/h3>\n<ul>\n<li>Boxer<\/li>\n<li>Citroen<\/li>\n<li>Jumper<\/li>\n<\/ul>","protected":false},"excerpt":{"rendered":"<p>A set (4 pieces) of ready-to-drive FF Wheels complete wheels, professionally mounted and balanced.<\/p>\n<p><strong>Rim details:<\/strong> 8,5&#215;18 Zoll, Lochkreis 118 mm.<br \/><strong>Tire details:<\/strong> Daily shopping. .<\/p>","protected":false},"featured_media":238123,"comment_status":"open","ping_status":"closed","template":"","meta":[],"product_brand":[],"product_cat":[1816,1815],"product_tag":[],"class_list":{"0":"post-237890","1":"product","2":"type-product","3":"status-publish","4":"has-post-thumbnail","6":"product_cat-18zoll-felgen-komplettraeder","7":"product_cat-wohnmobil-kastenwaegen","8":"pa_anzahl-der-komplettraeder-1433","9":"pa_einpresstiefe-et-52-mm","10":"pa_externes-rollger-db-klass-b","11":"pa_fahrzeugtyp-suv","12":"pa_felgenaufbau-einteilig-gegossen","13":"pa_felgenbreite-1440","14":"pa_felgendesign-5-speichen","15":"pa_felgenfarbe-schwarz","16":"pa_felgenhersteller-ff-wheels","17":"pa_felgenmaterial-aluminium","18":"pa_felgenmodell-cv1","19":"pa_geschwindigkeitsindex-h-bis-210-km-h","20":"pa_herstellernummer-felge-pcd-118","21":"pa_kraftstoff-a-g-c","22":"pa_lastbereich-xl","23":"pa_lochkreis-118-mm","24":"pa_lochzahl-1447","25":"pa_mittenlochbohrung-711-mm","26":"pa_nasshaft-a-g-c","27":"pa_reifenbreite-1453","28":"pa_reifendurchmesser-1807","29":"pa_reifenhersteller-tageseinkauf","30":"pa_reifenquerschnitt-1652","31":"pa_reifenspezifikation-ganzjahresreifen","32":"pa_run-flat-nein","33":"pa_tragfaehigkeitsindex-109-max-1030-kg-je-reifen","34":"pa_zollgroesse-1482","36":"first","37":"instock","38":"sale","39":"taxable","40":"shipping-taxable","41":"purchasable","42":"product-type-simple"},"yoast_head":"<!-- This site is optimized with the Yoast SEO plugin v27.2 - https:\/\/yoast.com\/product\/yoast-seo-wordpress\/ -->\n<title>18 Zoll Komplettr\u00e4der f\u00fcr Fiat Ducato Citroen Jumper Camper Van Peugeot Boxer g\u00fcnstig kaufen - Felgenforum<\/title>\n<meta name=\"description\" content=\"18 Zoll Komplettr\u00e4der f\u00fcr Fiat Ducato Citroen Jumper Camper Van Peugeot Boxer online bestellen \u2794 Gepr\u00fcfte Qualit\u00e4t, Top Marken &amp; schneller Versand \u2714 Jetzt sicher bei Felgenforum kaufen!\" \/>\n<meta name=\"robots\" content=\"index, follow, max-snippet:-1, max-image-preview:large, max-video-preview:-1\" \/>\n<link rel=\"canonical\" href=\"https:\/\/felgenforum.shop\/en\/product\/18-zoll-komplettraeder-fuer-fiat-ducato-citroen-jumper-camper-van-peugeot-boxer-5\/\" \/>\n<meta property=\"og:locale\" content=\"en_GB\" \/>\n<meta property=\"og:type\" content=\"article\" \/>\n<meta property=\"og:title\" content=\"18 Zoll Komplettr\u00e4der f\u00fcr Fiat Ducato Citroen Jumper Camper Van Peugeot Boxer g\u00fcnstig kaufen - Felgenforum\" \/>\n<meta property=\"og:description\" content=\"18 Zoll Komplettr\u00e4der f\u00fcr Fiat Ducato Citroen Jumper Camper Van Peugeot Boxer online bestellen \u2794 Gepr\u00fcfte Qualit\u00e4t, Top Marken &amp; schneller Versand \u2714 Jetzt sicher bei Felgenforum kaufen!\" \/>\n<meta property=\"og:url\" content=\"https:\/\/felgenforum.shop\/en\/product\/18-zoll-komplettraeder-fuer-fiat-ducato-citroen-jumper-camper-van-peugeot-boxer-5\/\" \/>\n<meta property=\"og:site_name\" content=\"Felgenforum\" \/>\n<meta property=\"article:modified_time\" content=\"2026-03-31T21:15:34+00:00\" \/>\n<meta property=\"og:image\" content=\"https:\/\/felgenforum.shop\/wp-content\/uploads\/2026\/03\/ebay-product-237890-69cc3975770f7.webp\" \/>\n\t<meta property=\"og:image:width\" content=\"1000\" \/>\n\t<meta property=\"og:image:height\" content=\"1000\" \/>\n\t<meta property=\"og:image:type\" content=\"image\/webp\" \/>\n<meta name=\"twitter:card\" content=\"summary_large_image\" \/>\n<meta name=\"twitter:label1\" content=\"Est. reading time\" \/>\n\t<meta name=\"twitter:data1\" content=\"1 minute\" \/>\n<script type=\"application\/ld+json\" class=\"yoast-schema-graph\">{\"@context\":\"https:\/\/schema.org\",\"@graph\":[{\"@type\":\"WebPage\",\"@id\":\"https:\/\/felgenforum.shop\/produkt\/18-zoll-komplettraeder-fuer-fiat-ducato-citroen-jumper-camper-van-peugeot-boxer-5\/\",\"url\":\"https:\/\/felgenforum.shop\/produkt\/18-zoll-komplettraeder-fuer-fiat-ducato-citroen-jumper-camper-van-peugeot-boxer-5\/\",\"name\":\"18 Zoll Komplettr\u00e4der f\u00fcr Fiat Ducato Citroen Jumper Camper Van Peugeot Boxer g\u00fcnstig kaufen - Felgenforum\",\"isPartOf\":{\"@id\":\"https:\/\/felgenforum.shop\/#website\"},\"primaryImageOfPage\":{\"@id\":\"https:\/\/felgenforum.shop\/produkt\/18-zoll-komplettraeder-fuer-fiat-ducato-citroen-jumper-camper-van-peugeot-boxer-5\/#primaryimage\"},\"image\":{\"@id\":\"https:\/\/felgenforum.shop\/produkt\/18-zoll-komplettraeder-fuer-fiat-ducato-citroen-jumper-camper-van-peugeot-boxer-5\/#primaryimage\"},\"thumbnailUrl\":\"https:\/\/felgenforum.shop\/wp-content\/uploads\/2026\/03\/ebay-product-237890-69cc3975770f7.webp\",\"datePublished\":\"2026-03-31T17:41:34+00:00\",\"dateModified\":\"2026-03-31T21:15:34+00:00\",\"description\":\"18 Zoll Komplettr\u00e4der f\u00fcr Fiat Ducato Citroen Jumper Camper Van Peugeot Boxer online bestellen \u2794 Gepr\u00fcfte Qualit\u00e4t, Top Marken & schneller Versand \u2714 Jetzt sicher bei Felgenforum kaufen!\",\"breadcrumb\":{\"@id\":\"https:\/\/felgenforum.shop\/produkt\/18-zoll-komplettraeder-fuer-fiat-ducato-citroen-jumper-camper-van-peugeot-boxer-5\/#breadcrumb\"},\"inLanguage\":\"en-GB\",\"potentialAction\":[{\"@type\":\"ReadAction\",\"target\":[\"https:\/\/felgenforum.shop\/produkt\/18-zoll-komplettraeder-fuer-fiat-ducato-citroen-jumper-camper-van-peugeot-boxer-5\/\"]}]},{\"@type\":\"ImageObject\",\"inLanguage\":\"en-GB\",\"@id\":\"https:\/\/felgenforum.shop\/produkt\/18-zoll-komplettraeder-fuer-fiat-ducato-citroen-jumper-camper-van-peugeot-boxer-5\/#primaryimage\",\"url\":\"https:\/\/felgenforum.shop\/wp-content\/uploads\/2026\/03\/ebay-product-237890-69cc3975770f7.webp\",\"contentUrl\":\"https:\/\/felgenforum.shop\/wp-content\/uploads\/2026\/03\/ebay-product-237890-69cc3975770f7.webp\",\"width\":1000,\"height\":1000},{\"@type\":\"BreadcrumbList\",\"@id\":\"https:\/\/felgenforum.shop\/produkt\/18-zoll-komplettraeder-fuer-fiat-ducato-citroen-jumper-camper-van-peugeot-boxer-5\/#breadcrumb\",\"itemListElement\":[{\"@type\":\"ListItem\",\"position\":1,\"name\":\"Startseite\",\"item\":\"https:\/\/felgenforum.shop\/\"},{\"@type\":\"ListItem\",\"position\":2,\"name\":\"Shop\",\"item\":\"https:\/\/felgenforum.shop\/shop\/\"},{\"@type\":\"ListItem\",\"position\":3,\"name\":\"18 Zoll Komplettr\u00e4der f\u00fcr Fiat Ducato Citroen Jumper Camper Van Peugeot Boxer\"}]},{\"@type\":\"WebSite\",\"@id\":\"https:\/\/felgenforum.shop\/#website\",\"url\":\"https:\/\/felgenforum.shop\/\",\"name\":\"Felgenforum\",\"description\":\"\",\"potentialAction\":[{\"@type\":\"SearchAction\",\"target\":{\"@type\":\"EntryPoint\",\"urlTemplate\":\"https:\/\/felgenforum.shop\/?s={search_term_string}\"},\"query-input\":{\"@type\":\"PropertyValueSpecification\",\"valueRequired\":true,\"valueName\":\"search_term_string\"}}],\"inLanguage\":\"en-GB\"}]}<\/script>\n<!-- \/ Yoast SEO plugin. -->","yoast_head_json":{"title":"18 Zoll Komplettr\u00e4der f\u00fcr Fiat Ducato Citroen Jumper Camper Van Peugeot Boxer g\u00fcnstig kaufen - Felgenforum","description":"18 Zoll Komplettr\u00e4der f\u00fcr Fiat Ducato Citroen Jumper Camper Van Peugeot Boxer online bestellen \u2794 Gepr\u00fcfte Qualit\u00e4t, Top Marken & schneller Versand \u2714 Jetzt sicher bei Felgenforum kaufen!","robots":{"index":"index","follow":"follow","max-snippet":"max-snippet:-1","max-image-preview":"max-image-preview:large","max-video-preview":"max-video-preview:-1"},"canonical":"https:\/\/felgenforum.shop\/en\/product\/18-zoll-komplettraeder-fuer-fiat-ducato-citroen-jumper-camper-van-peugeot-boxer-5\/","og_locale":"en_GB","og_type":"article","og_title":"18 Zoll Komplettr\u00e4der f\u00fcr Fiat Ducato Citroen Jumper Camper Van Peugeot Boxer g\u00fcnstig kaufen - Felgenforum","og_description":"18 Zoll Komplettr\u00e4der f\u00fcr Fiat Ducato Citroen Jumper Camper Van Peugeot Boxer online bestellen \u2794 Gepr\u00fcfte Qualit\u00e4t, Top Marken & schneller Versand \u2714 Jetzt sicher bei Felgenforum kaufen!","og_url":"https:\/\/felgenforum.shop\/en\/product\/18-zoll-komplettraeder-fuer-fiat-ducato-citroen-jumper-camper-van-peugeot-boxer-5\/","og_site_name":"Felgenforum","article_modified_time":"2026-03-31T21:15:34+00:00","og_image":[{"width":1000,"height":1000,"url":"https:\/\/felgenforum.shop\/wp-content\/uploads\/2026\/03\/ebay-product-237890-69cc3975770f7.webp","type":"image\/webp"}],"twitter_card":"summary_large_image","twitter_misc":{"Est. reading time":"1 minute"},"schema":{"@context":"https:\/\/schema.org","@graph":[{"@type":"WebPage","@id":"https:\/\/felgenforum.shop\/produkt\/18-zoll-komplettraeder-fuer-fiat-ducato-citroen-jumper-camper-van-peugeot-boxer-5\/","url":"https:\/\/felgenforum.shop\/produkt\/18-zoll-komplettraeder-fuer-fiat-ducato-citroen-jumper-camper-van-peugeot-boxer-5\/","name":"18 Zoll Komplettr\u00e4der f\u00fcr Fiat Ducato Citroen Jumper Camper Van Peugeot Boxer g\u00fcnstig kaufen - Felgenforum","isPartOf":{"@id":"https:\/\/felgenforum.shop\/#website"},"primaryImageOfPage":{"@id":"https:\/\/felgenforum.shop\/produkt\/18-zoll-komplettraeder-fuer-fiat-ducato-citroen-jumper-camper-van-peugeot-boxer-5\/#primaryimage"},"image":{"@id":"https:\/\/felgenforum.shop\/produkt\/18-zoll-komplettraeder-fuer-fiat-ducato-citroen-jumper-camper-van-peugeot-boxer-5\/#primaryimage"},"thumbnailUrl":"https:\/\/felgenforum.shop\/wp-content\/uploads\/2026\/03\/ebay-product-237890-69cc3975770f7.webp","datePublished":"2026-03-31T17:41:34+00:00","dateModified":"2026-03-31T21:15:34+00:00","description":"18 Zoll Komplettr\u00e4der f\u00fcr Fiat Ducato Citroen Jumper Camper Van Peugeot Boxer online bestellen \u2794 Gepr\u00fcfte Qualit\u00e4t, Top Marken & schneller Versand \u2714 Jetzt sicher bei Felgenforum kaufen!","breadcrumb":{"@id":"https:\/\/felgenforum.shop\/produkt\/18-zoll-komplettraeder-fuer-fiat-ducato-citroen-jumper-camper-van-peugeot-boxer-5\/#breadcrumb"},"inLanguage":"en-GB","potentialAction":[{"@type":"ReadAction","target":["https:\/\/felgenforum.shop\/produkt\/18-zoll-komplettraeder-fuer-fiat-ducato-citroen-jumper-camper-van-peugeot-boxer-5\/"]}]},{"@type":"ImageObject","inLanguage":"en-GB","@id":"https:\/\/felgenforum.shop\/produkt\/18-zoll-komplettraeder-fuer-fiat-ducato-citroen-jumper-camper-van-peugeot-boxer-5\/#primaryimage","url":"https:\/\/felgenforum.shop\/wp-content\/uploads\/2026\/03\/ebay-product-237890-69cc3975770f7.webp","contentUrl":"https:\/\/felgenforum.shop\/wp-content\/uploads\/2026\/03\/ebay-product-237890-69cc3975770f7.webp","width":1000,"height":1000},{"@type":"BreadcrumbList","@id":"https:\/\/felgenforum.shop\/produkt\/18-zoll-komplettraeder-fuer-fiat-ducato-citroen-jumper-camper-van-peugeot-boxer-5\/#breadcrumb","itemListElement":[{"@type":"ListItem","position":1,"name":"Startseite","item":"https:\/\/felgenforum.shop\/"},{"@type":"ListItem","position":2,"name":"Shop","item":"https:\/\/felgenforum.shop\/shop\/"},{"@type":"ListItem","position":3,"name":"18 Zoll Komplettr\u00e4der f\u00fcr Fiat Ducato Citroen Jumper Camper Van Peugeot Boxer"}]},{"@type":"WebSite","@id":"https:\/\/felgenforum.shop\/#website","url":"https:\/\/felgenforum.shop\/","name":"Rim forum","description":"","potentialAction":[{"@type":"SearchAction","target":{"@type":"EntryPoint","urlTemplate":"https:\/\/felgenforum.shop\/?s={search_term_string}"},"query-input":{"@type":"PropertyValueSpecification","valueRequired":true,"valueName":"search_term_string"}}],"inLanguage":"en-GB"}]}},"_links":{"self":[{"href":"https:\/\/felgenforum.shop\/en\/wp-json\/wp\/v2\/product\/237890","targetHints":{"allow":["GET"]}}],"collection":[{"href":"https:\/\/felgenforum.shop\/en\/wp-json\/wp\/v2\/product"}],"about":[{"href":"https:\/\/felgenforum.shop\/en\/wp-json\/wp\/v2\/types\/product"}],"replies":[{"embeddable":true,"href":"https:\/\/felgenforum.shop\/en\/wp-json\/wp\/v2\/comments?post=237890"}],"wp:featuredmedia":[{"embeddable":true,"href":"https:\/\/felgenforum.shop\/en\/wp-json\/wp\/v2\/media\/238123"}],"wp:attachment":[{"href":"https:\/\/felgenforum.shop\/en\/wp-json\/wp\/v2\/media?parent=237890"}],"wp:term":[{"taxonomy":"product_brand","embeddable":true,"href":"https:\/\/felgenforum.shop\/en\/wp-json\/wp\/v2\/product_brand?post=237890"},{"taxonomy":"product_cat","embeddable":true,"href":"https:\/\/felgenforum.shop\/en\/wp-json\/wp\/v2\/product_cat?post=237890"},{"taxonomy":"product_tag","embeddable":true,"href":"https:\/\/felgenforum.shop\/en\/wp-json\/wp\/v2\/product_tag?post=237890"}],"curies":[{"name":"wp","href":"https:\/\/api.w.org\/{rel}","templated":true}]}}