{"id":237839,"date":"2026-03-31T19:11:25","date_gmt":"2026-03-31T17:11:25","guid":{"rendered":"https:\/\/felgenforum.shop\/?post_type=product&#038;p=237839"},"modified":"2026-03-31T22:11:00","modified_gmt":"2026-03-31T20:11:00","slug":"19-zoll-felgen-2drv-wh39-schwarz-fuer-mercedes-cls-cl-klasse-w218-c215-c216-cl500-2","status":"publish","type":"product","link":"https:\/\/felgenforum.shop\/en\/product\/19-zoll-felgen-2drv-wh39-schwarz-fuer-mercedes-cls-cl-klasse-w218-c215-c216-cl500-2\/","title":{"rendered":"19-inch 2DRV WH39 black rims for Mercedes CLS CL Class W218 C215 C216 CL500"},"content":{"rendered":"<h3>Welcome to an offer from Felgenforum.shop<\/h3>\n<ul>\n<li>In diesem Angebote bieten wir Ihnen hier\u00a0einen NEUEN Satz Wheelworld WH39\u00a0Alufelgen in\u00a0schwarz inkl ABE an.<\/li>\n<li>NEW &amp; in original packaging.<\/li>\n<\/ul>\n<h3>Scope of delivery:<\/h3>\n<ul>\n<li>4 x WH39 8,5&#215;19 ET35 5&#215;112 schwarz<\/li>\n<li>Complete mounting hardware (if required according to the ABE)<\/li>\n<li>4x Wheelworld hubcaps<\/li>\n<li>(Vehicle manufacturer&#039;s hubcap not included)<\/li>\n<li>1x Expert report (ABE)<\/li>\n<li>In most cases, the rims are therefore registration-free. If you have any questions about fitment or any registration requirements, our experienced team will be happy to help :).<\/li>\n<li>Please be sure to specify your vehicle after purchase.<\/li>\n<li>We offer this model in many other sizes and colors; please contact us if you have any other requests.<\/li>\n<\/ul>\n<h3>&gt;&gt;&gt;Complete wheels<\/h3>\n<ul>\n<\/ul>\n<h3>We are happy to offer you the desired rims as ready-to-install complete wheels with a tire of your choice.<\/h3>\n<ul>\n<li>Feel free to send us a non-binding inquiry :).<\/li>\n<li>The rims are the correct size for the following vehicles:<\/li>\n<\/ul>\n<h3>Audi<\/h3>\n<ul>\n<li>A4 S4 B8 B81<\/li>\n<li>A5 B8 B9<\/li>\n<li>A6 S6 4F 4F1 C6 4G 4G1 C7 F2 C8<\/li>\n<li>A7 4G 4G1<\/li>\n<li>A8 4E<\/li>\n<li>TT TTS TTRS 8J 8S FV<\/li>\n<li>Q2 SQ2 GA<\/li>\n<li>Q3 8U 8U1<\/li>\n<li>Q5 8R FY<\/li>\n<\/ul>\n<h3>Volkswagen<\/h3>\n<ul>\n<li>Beetle 2<\/li>\n<li>Arteon 3H<\/li>\n<li>Passat B8<\/li>\n<li>Passat CC<\/li>\n<li>Sirocco<\/li>\n<li>Phaeton 3D<\/li>\n<li>Tiguan 5N1 5N2<\/li>\n<\/ul>\n<h3>Mercedes Benz<\/h3>\n<ul>\n<li>C-Class W203<\/li>\n<li>CLK W208 W209<\/li>\n<li>E-Class W211 W213<\/li>\n<li>CL Class C215 C216<\/li>\n<li>S-Class W221 W222<\/li>\n<li>SL R230 R231<\/li>\n<li>SLK SLC R172<\/li>\n<li>Seat<\/li>\n<li>Tarraco<\/li>\n<\/ul>\n<h3>Skoda<\/h3>\n<ul>\n<li>Kodiaq<\/li>\n<li>Superb 3 4 3T<\/li>\n<\/ul>\n<h3>BMW<\/h3>\n<ul>\n<li>X3 G01<\/li>\n<li>X4 G02<\/li>\n<\/ul>","protected":false},"excerpt":{"rendered":"<p>Ein Satz (4 St\u00fcck) hochwertige Marken-Alufelgen, Modell WH39, in der Gr\u00f6\u00dfe 8.5&#215;19 Zoll, Lochkreis 112 mit 5 Loch. Professionell gepr\u00fcft und versandfertig verpackt.<\/p>","protected":false},"featured_media":238060,"comment_status":"open","ping_status":"closed","template":"","meta":[],"product_brand":[],"product_cat":[1180,1086,1179],"product_tag":[],"class_list":{"0":"post-237839","1":"product","2":"type-product","3":"status-publish","4":"has-post-thumbnail","6":"product_cat-19-zoll","7":"product_cat-felgen","8":"product_cat-mercedes","9":"pa_anzahl-der-einheiten-1484","10":"pa_einpresstiefe-et-1460","11":"pa_farbe-schwarz-glaenzend-lackiert","12":"pa_felgenbreite-8-5","13":"pa_felgendesign-multi-speichen-felge","14":"pa_felgenmaterial-alu","15":"pa_hersteller-2drv","16":"pa_herstellergarantie-ja-zwei-jahre","17":"pa_herstellernummer-2149","18":"pa_lochkreis-1439","19":"pa_lochzahl-1447","20":"pa_maximale-traglast-2147","21":"pa_mit-deckel-ja-nein-ja-von-wheelworld","22":"pa_mittenlochbohrung-66-6","23":"pa_modell-wh39","24":"pa_produktart-vielspeiche","25":"pa_ursprungsland-deutschland","26":"pa_zollgroesse-1448","28":"first","29":"instock","30":"taxable","31":"shipping-taxable","32":"purchasable","33":"product-type-simple"},"yoast_head":"<!-- This site is optimized with the Yoast SEO plugin v27.2 - https:\/\/yoast.com\/product\/yoast-seo-wordpress\/ -->\n<title>19 Zoll Felgen 2DRV WH39 schwarz f\u00fcr Mercedes CLS CL Klasse W218 C215 C216 CL500 g\u00fcnstig kaufen - Felgenforum<\/title>\n<meta name=\"description\" content=\"19 Zoll Felgen 2DRV WH39 schwarz f\u00fcr Mercedes CLS CL Klasse W218 C215 C216 CL500 online bestellen \u2794 Gepr\u00fcfte Qualit\u00e4t, Top Marken &amp; schneller Versand \u2714 Jetzt sicher bei Felgenforum kaufen!\" \/>\n<meta name=\"robots\" content=\"index, follow, max-snippet:-1, max-image-preview:large, max-video-preview:-1\" \/>\n<link rel=\"canonical\" href=\"https:\/\/felgenforum.shop\/en\/product\/19-zoll-felgen-2drv-wh39-schwarz-fuer-mercedes-cls-cl-klasse-w218-c215-c216-cl500-2\/\" \/>\n<meta property=\"og:locale\" content=\"en_GB\" \/>\n<meta property=\"og:type\" content=\"article\" \/>\n<meta property=\"og:title\" content=\"19 Zoll Felgen 2DRV WH39 schwarz f\u00fcr Mercedes CLS CL Klasse W218 C215 C216 CL500 g\u00fcnstig kaufen - Felgenforum\" \/>\n<meta property=\"og:description\" content=\"19 Zoll Felgen 2DRV WH39 schwarz f\u00fcr Mercedes CLS CL Klasse W218 C215 C216 CL500 online bestellen \u2794 Gepr\u00fcfte Qualit\u00e4t, Top Marken &amp; schneller Versand \u2714 Jetzt sicher bei Felgenforum kaufen!\" \/>\n<meta property=\"og:url\" content=\"https:\/\/felgenforum.shop\/en\/product\/19-zoll-felgen-2drv-wh39-schwarz-fuer-mercedes-cls-cl-klasse-w218-c215-c216-cl500-2\/\" \/>\n<meta property=\"og:site_name\" content=\"Felgenforum\" \/>\n<meta property=\"article:modified_time\" content=\"2026-03-31T20:11:00+00:00\" \/>\n<meta property=\"og:image\" content=\"https:\/\/felgenforum.shop\/wp-content\/uploads\/2026\/03\/ebay-product-237839-69cc2a5393f62.webp\" \/>\n\t<meta property=\"og:image:width\" content=\"1000\" \/>\n\t<meta property=\"og:image:height\" content=\"1000\" \/>\n\t<meta property=\"og:image:type\" content=\"image\/webp\" \/>\n<meta name=\"twitter:card\" content=\"summary_large_image\" \/>\n<meta name=\"twitter:label1\" content=\"Est. reading time\" \/>\n\t<meta name=\"twitter:data1\" content=\"1 minute\" \/>\n<script type=\"application\/ld+json\" class=\"yoast-schema-graph\">{\"@context\":\"https:\/\/schema.org\",\"@graph\":[{\"@type\":\"WebPage\",\"@id\":\"https:\/\/felgenforum.shop\/produkt\/19-zoll-felgen-2drv-wh39-schwarz-fuer-mercedes-cls-cl-klasse-w218-c215-c216-cl500-2\/\",\"url\":\"https:\/\/felgenforum.shop\/produkt\/19-zoll-felgen-2drv-wh39-schwarz-fuer-mercedes-cls-cl-klasse-w218-c215-c216-cl500-2\/\",\"name\":\"19 Zoll Felgen 2DRV WH39 schwarz f\u00fcr Mercedes CLS CL Klasse W218 C215 C216 CL500 g\u00fcnstig kaufen - Felgenforum\",\"isPartOf\":{\"@id\":\"https:\/\/felgenforum.shop\/#website\"},\"primaryImageOfPage\":{\"@id\":\"https:\/\/felgenforum.shop\/produkt\/19-zoll-felgen-2drv-wh39-schwarz-fuer-mercedes-cls-cl-klasse-w218-c215-c216-cl500-2\/#primaryimage\"},\"image\":{\"@id\":\"https:\/\/felgenforum.shop\/produkt\/19-zoll-felgen-2drv-wh39-schwarz-fuer-mercedes-cls-cl-klasse-w218-c215-c216-cl500-2\/#primaryimage\"},\"thumbnailUrl\":\"https:\/\/felgenforum.shop\/wp-content\/uploads\/2026\/03\/ebay-product-237839-69cc2a5393f62.webp\",\"datePublished\":\"2026-03-31T17:11:25+00:00\",\"dateModified\":\"2026-03-31T20:11:00+00:00\",\"description\":\"19 Zoll Felgen 2DRV WH39 schwarz f\u00fcr Mercedes CLS CL Klasse W218 C215 C216 CL500 online bestellen \u2794 Gepr\u00fcfte Qualit\u00e4t, Top Marken & schneller Versand \u2714 Jetzt sicher bei Felgenforum kaufen!\",\"breadcrumb\":{\"@id\":\"https:\/\/felgenforum.shop\/produkt\/19-zoll-felgen-2drv-wh39-schwarz-fuer-mercedes-cls-cl-klasse-w218-c215-c216-cl500-2\/#breadcrumb\"},\"inLanguage\":\"en-GB\",\"potentialAction\":[{\"@type\":\"ReadAction\",\"target\":[\"https:\/\/felgenforum.shop\/produkt\/19-zoll-felgen-2drv-wh39-schwarz-fuer-mercedes-cls-cl-klasse-w218-c215-c216-cl500-2\/\"]}]},{\"@type\":\"ImageObject\",\"inLanguage\":\"en-GB\",\"@id\":\"https:\/\/felgenforum.shop\/produkt\/19-zoll-felgen-2drv-wh39-schwarz-fuer-mercedes-cls-cl-klasse-w218-c215-c216-cl500-2\/#primaryimage\",\"url\":\"https:\/\/felgenforum.shop\/wp-content\/uploads\/2026\/03\/ebay-product-237839-69cc2a5393f62.webp\",\"contentUrl\":\"https:\/\/felgenforum.shop\/wp-content\/uploads\/2026\/03\/ebay-product-237839-69cc2a5393f62.webp\",\"width\":1000,\"height\":1000},{\"@type\":\"BreadcrumbList\",\"@id\":\"https:\/\/felgenforum.shop\/produkt\/19-zoll-felgen-2drv-wh39-schwarz-fuer-mercedes-cls-cl-klasse-w218-c215-c216-cl500-2\/#breadcrumb\",\"itemListElement\":[{\"@type\":\"ListItem\",\"position\":1,\"name\":\"Startseite\",\"item\":\"https:\/\/felgenforum.shop\/\"},{\"@type\":\"ListItem\",\"position\":2,\"name\":\"Shop\",\"item\":\"https:\/\/felgenforum.shop\/shop\/\"},{\"@type\":\"ListItem\",\"position\":3,\"name\":\"19 Zoll Felgen 2DRV WH39 schwarz f\u00fcr Mercedes CLS CL Klasse W218 C215 C216 CL500\"}]},{\"@type\":\"WebSite\",\"@id\":\"https:\/\/felgenforum.shop\/#website\",\"url\":\"https:\/\/felgenforum.shop\/\",\"name\":\"Felgenforum\",\"description\":\"\",\"potentialAction\":[{\"@type\":\"SearchAction\",\"target\":{\"@type\":\"EntryPoint\",\"urlTemplate\":\"https:\/\/felgenforum.shop\/?s={search_term_string}\"},\"query-input\":{\"@type\":\"PropertyValueSpecification\",\"valueRequired\":true,\"valueName\":\"search_term_string\"}}],\"inLanguage\":\"en-GB\"}]}<\/script>\n<!-- \/ Yoast SEO plugin. -->","yoast_head_json":{"title":"19 Zoll Felgen 2DRV WH39 schwarz f\u00fcr Mercedes CLS CL Klasse W218 C215 C216 CL500 g\u00fcnstig kaufen - Felgenforum","description":"19 Zoll Felgen 2DRV WH39 schwarz f\u00fcr Mercedes CLS CL Klasse W218 C215 C216 CL500 online bestellen \u2794 Gepr\u00fcfte Qualit\u00e4t, Top Marken & schneller Versand \u2714 Jetzt sicher bei Felgenforum kaufen!","robots":{"index":"index","follow":"follow","max-snippet":"max-snippet:-1","max-image-preview":"max-image-preview:large","max-video-preview":"max-video-preview:-1"},"canonical":"https:\/\/felgenforum.shop\/en\/product\/19-zoll-felgen-2drv-wh39-schwarz-fuer-mercedes-cls-cl-klasse-w218-c215-c216-cl500-2\/","og_locale":"en_GB","og_type":"article","og_title":"19 Zoll Felgen 2DRV WH39 schwarz f\u00fcr Mercedes CLS CL Klasse W218 C215 C216 CL500 g\u00fcnstig kaufen - Felgenforum","og_description":"19 Zoll Felgen 2DRV WH39 schwarz f\u00fcr Mercedes CLS CL Klasse W218 C215 C216 CL500 online bestellen \u2794 Gepr\u00fcfte Qualit\u00e4t, Top Marken & schneller Versand \u2714 Jetzt sicher bei Felgenforum kaufen!","og_url":"https:\/\/felgenforum.shop\/en\/product\/19-zoll-felgen-2drv-wh39-schwarz-fuer-mercedes-cls-cl-klasse-w218-c215-c216-cl500-2\/","og_site_name":"Felgenforum","article_modified_time":"2026-03-31T20:11:00+00:00","og_image":[{"width":1000,"height":1000,"url":"https:\/\/felgenforum.shop\/wp-content\/uploads\/2026\/03\/ebay-product-237839-69cc2a5393f62.webp","type":"image\/webp"}],"twitter_card":"summary_large_image","twitter_misc":{"Est. reading time":"1 minute"},"schema":{"@context":"https:\/\/schema.org","@graph":[{"@type":"WebPage","@id":"https:\/\/felgenforum.shop\/produkt\/19-zoll-felgen-2drv-wh39-schwarz-fuer-mercedes-cls-cl-klasse-w218-c215-c216-cl500-2\/","url":"https:\/\/felgenforum.shop\/produkt\/19-zoll-felgen-2drv-wh39-schwarz-fuer-mercedes-cls-cl-klasse-w218-c215-c216-cl500-2\/","name":"19 Zoll Felgen 2DRV WH39 schwarz f\u00fcr Mercedes CLS CL Klasse W218 C215 C216 CL500 g\u00fcnstig kaufen - Felgenforum","isPartOf":{"@id":"https:\/\/felgenforum.shop\/#website"},"primaryImageOfPage":{"@id":"https:\/\/felgenforum.shop\/produkt\/19-zoll-felgen-2drv-wh39-schwarz-fuer-mercedes-cls-cl-klasse-w218-c215-c216-cl500-2\/#primaryimage"},"image":{"@id":"https:\/\/felgenforum.shop\/produkt\/19-zoll-felgen-2drv-wh39-schwarz-fuer-mercedes-cls-cl-klasse-w218-c215-c216-cl500-2\/#primaryimage"},"thumbnailUrl":"https:\/\/felgenforum.shop\/wp-content\/uploads\/2026\/03\/ebay-product-237839-69cc2a5393f62.webp","datePublished":"2026-03-31T17:11:25+00:00","dateModified":"2026-03-31T20:11:00+00:00","description":"19 Zoll Felgen 2DRV WH39 schwarz f\u00fcr Mercedes CLS CL Klasse W218 C215 C216 CL500 online bestellen \u2794 Gepr\u00fcfte Qualit\u00e4t, Top Marken & schneller Versand \u2714 Jetzt sicher bei Felgenforum kaufen!","breadcrumb":{"@id":"https:\/\/felgenforum.shop\/produkt\/19-zoll-felgen-2drv-wh39-schwarz-fuer-mercedes-cls-cl-klasse-w218-c215-c216-cl500-2\/#breadcrumb"},"inLanguage":"en-GB","potentialAction":[{"@type":"ReadAction","target":["https:\/\/felgenforum.shop\/produkt\/19-zoll-felgen-2drv-wh39-schwarz-fuer-mercedes-cls-cl-klasse-w218-c215-c216-cl500-2\/"]}]},{"@type":"ImageObject","inLanguage":"en-GB","@id":"https:\/\/felgenforum.shop\/produkt\/19-zoll-felgen-2drv-wh39-schwarz-fuer-mercedes-cls-cl-klasse-w218-c215-c216-cl500-2\/#primaryimage","url":"https:\/\/felgenforum.shop\/wp-content\/uploads\/2026\/03\/ebay-product-237839-69cc2a5393f62.webp","contentUrl":"https:\/\/felgenforum.shop\/wp-content\/uploads\/2026\/03\/ebay-product-237839-69cc2a5393f62.webp","width":1000,"height":1000},{"@type":"BreadcrumbList","@id":"https:\/\/felgenforum.shop\/produkt\/19-zoll-felgen-2drv-wh39-schwarz-fuer-mercedes-cls-cl-klasse-w218-c215-c216-cl500-2\/#breadcrumb","itemListElement":[{"@type":"ListItem","position":1,"name":"Startseite","item":"https:\/\/felgenforum.shop\/"},{"@type":"ListItem","position":2,"name":"Shop","item":"https:\/\/felgenforum.shop\/shop\/"},{"@type":"ListItem","position":3,"name":"19 Zoll Felgen 2DRV WH39 schwarz f\u00fcr Mercedes CLS CL Klasse W218 C215 C216 CL500"}]},{"@type":"WebSite","@id":"https:\/\/felgenforum.shop\/#website","url":"https:\/\/felgenforum.shop\/","name":"Rim forum","description":"","potentialAction":[{"@type":"SearchAction","target":{"@type":"EntryPoint","urlTemplate":"https:\/\/felgenforum.shop\/?s={search_term_string}"},"query-input":{"@type":"PropertyValueSpecification","valueRequired":true,"valueName":"search_term_string"}}],"inLanguage":"en-GB"}]}},"_links":{"self":[{"href":"https:\/\/felgenforum.shop\/en\/wp-json\/wp\/v2\/product\/237839","targetHints":{"allow":["GET"]}}],"collection":[{"href":"https:\/\/felgenforum.shop\/en\/wp-json\/wp\/v2\/product"}],"about":[{"href":"https:\/\/felgenforum.shop\/en\/wp-json\/wp\/v2\/types\/product"}],"replies":[{"embeddable":true,"href":"https:\/\/felgenforum.shop\/en\/wp-json\/wp\/v2\/comments?post=237839"}],"wp:featuredmedia":[{"embeddable":true,"href":"https:\/\/felgenforum.shop\/en\/wp-json\/wp\/v2\/media\/238060"}],"wp:attachment":[{"href":"https:\/\/felgenforum.shop\/en\/wp-json\/wp\/v2\/media?parent=237839"}],"wp:term":[{"taxonomy":"product_brand","embeddable":true,"href":"https:\/\/felgenforum.shop\/en\/wp-json\/wp\/v2\/product_brand?post=237839"},{"taxonomy":"product_cat","embeddable":true,"href":"https:\/\/felgenforum.shop\/en\/wp-json\/wp\/v2\/product_cat?post=237839"},{"taxonomy":"product_tag","embeddable":true,"href":"https:\/\/felgenforum.shop\/en\/wp-json\/wp\/v2\/product_tag?post=237839"}],"curies":[{"name":"wp","href":"https:\/\/api.w.org\/{rel}","templated":true}]}}