{"id":237836,"date":"2026-03-31T19:10:56","date_gmt":"2026-03-31T17:10:56","guid":{"rendered":"https:\/\/felgenforum.shop\/?post_type=product&#038;p=237836"},"modified":"2026-03-31T22:10:41","modified_gmt":"2026-03-31T20:10:41","slug":"19-zoll-felgen-dm08-anthrazit-fuer-mercedes-cls-w218-w219-clk-w208-w209-2","status":"publish","type":"product","link":"https:\/\/felgenforum.shop\/en\/product\/19-zoll-felgen-dm08-anthrazit-fuer-mercedes-cls-w218-w219-clk-w208-w209-2\/","title":{"rendered":"19-inch DM08 anthracite rims for Mercedes CLS W218 W219 CLK W208 W209"},"content":{"rendered":"<h3>Welcome to an offer from Felgenforum.shop<\/h3>\n<ul>\n<li>In diesem Angebote bieten wir Ihnen hier\u00a0einen NEUEN Satz Damina DM08\u00a0Alufelgen in\u00a0anthrazit glanz\u00a0\u00a0inkl ABE an.<\/li>\n<li>NEW &amp; in original packaging.<\/li>\n<\/ul>\n<h3>Scope of delivery:<\/h3>\n<ul>\n<li>4 x\u00a0DM08\u00a08,5&#215;19 ET30 5&#215;112 anthrazit\u00a0glanz<\/li>\n<li>Complete mounting hardware (if required according to the ABE)<\/li>\n<li>4x Hubcaps FF-Wheels<\/li>\n<li>1x Expert report (ABE)<\/li>\n<li>In most cases, the rims are therefore registration-free. If you have any questions about fitment or any registration requirements, our experienced team will be happy to help :).<\/li>\n<li>Please be sure to specify your vehicle after purchase.<\/li>\n<li>We offer this model in many other sizes and colors; please contact us if you have any other requests.<\/li>\n<\/ul>\n<h3>&gt;&gt;&gt;Complete wheels<\/h3>\n<ul>\n<\/ul>\n<h3>We are happy to offer you the desired rims as ready-to-install complete wheels with a tire of your choice.<\/h3>\n<ul>\n<li>Feel free to send us a non-binding inquiry :).<\/li>\n<li>The rims are the correct size for the following vehicles:<\/li>\n<\/ul>\n<h3>Audi<\/h3>\n<ul>\n<li>A4 S4 B8 B9 B81<\/li>\n<li>A5 B8 B9 S5<\/li>\n<li>A6 S6 4G 4G1 C7 F2 C8<\/li>\n<li>A7 4G 4G1 F2 S7<\/li>\n<li>A8 4H F8 S8<\/li>\n<li>Q3 F3<\/li>\n<li>Q5 8R FY SQ5<\/li>\n<\/ul>\n<h3>Volkswagen<\/h3>\n<ul>\n<li>Arteon 3H<\/li>\n<li>Passat CC<\/li>\n<li>Sirocco<\/li>\n<li>Phaeton 3D<\/li>\n<li>Tiguan 5N1 5N2<\/li>\n<\/ul>\n<h3>Mercedes Benz<\/h3>\n<ul>\n<li>C-Class W203<\/li>\n<li>CLK W208 W209<\/li>\n<li>E-Class W211 W213 W212 W217<\/li>\n<li>CL Class C216<\/li>\n<li>CLS Class W218 W219<\/li>\n<li>CLK Class W208 W209<\/li>\n<li>GLC W253 X253<\/li>\n<li>S-Class W220 W221 W222<\/li>\n<li>SL R230 R231<\/li>\n<li>SLK SLC R172 R171<\/li>\n<li>Seat<\/li>\n<li>Alahambra<\/li>\n<li>Ateca \/ Cupra<\/li>\n<li>Formentor \/ Cupra<\/li>\n<li>Tarraco<\/li>\n<\/ul>\n<h3>Skoda<\/h3>\n<ul>\n<li>Kodiaq<\/li>\n<li>Superb 3 4 3T<\/li>\n<\/ul>\n<h3>BMW<\/h3>\n<ul>\n<li>3 Series G20 G21 G3C G3K<\/li>\n<li>\u00a0 \u00a0 \u00a0 \u00a0 \u00a0 \u00a0 \u00a0 \u00a0 \u00a0 \u00a0 \u00a0 \u00a0 \u00a0 \u00a0 \u00a0 \u00a0 \u00a0 \u00a0 \u00a0 \u00a0 \u00a0 \u00a0 \u00a0 \u00a0 \u00a0 \u00a0 \u00a0 \u00a0 \u00a0 \u00a0 \u00a0 \u00a0 \u00a0 \u00a0 \u00a0 \u00a0 \u00a0 \u00a0 \u00a0 \u00a0 \u00a0 \u00a0 \u00a0 \u00a0 \u00a0 \u00a0 \u00a04er G22 G23 G26<\/li>\n<li>5 Series G30 G31<\/li>\n<li>6er G6GT G32<\/li>\n<li>\u00a0 \u00a0 \u00a0 \u00a0 \u00a0 \u00a0 \u00a0 \u00a0 \u00a0 \u00a0 \u00a0 \u00a0 \u00a0 \u00a0 \u00a0 \u00a0 \u00a0 \u00a0 \u00a0 \u00a0 \u00a0 \u00a0 \u00a0 \u00a0 \u00a0 \u00a0 \u00a0 \u00a0 \u00a0 \u00a0 \u00a0 \u00a0 \u00a0 \u00a0 \u00a0 \u00a0 \u00a0 \u00a0 \u00a0 \u00a0 \u00a0 \u00a0 \u00a0 \u00a0 \u00a0 \u00a0 \u00a0 \u00a0 \u00a0 \u00a0 7-series 7L<\/li>\n<li>\u00a0 \u00a0 \u00a0 \u00a0 \u00a0 \u00a0 \u00a0 \u00a0 \u00a0 \u00a0 \u00a0 \u00a0 \u00a0 \u00a0 \u00a0 \u00a0 \u00a0 \u00a0 \u00a0 \u00a0 \u00a0 \u00a0 \u00a0 \u00a0 \u00a0 \u00a0 \u00a0 \u00a0 \u00a0 \u00a0 \u00a0 \u00a0 \u00a0 \u00a0 \u00a0 \u00a0 \u00a0 \u00a0 \u00a0 \u00a0 \u00a0 \u00a0 \u00a0 \u00a0 \u00a0 \u00a0 \u00a0 \u00a0 \u00a0 \u00a0 Z4 G4Z<\/li>\n<li>X3 G01<\/li>\n<li>X4 G02<\/li>\n<\/ul>","protected":false},"excerpt":{"rendered":"<p>Ein Satz (4 St\u00fcck) hochwertige Marken-Alufelgen, Modell Damina, in der Gr\u00f6\u00dfe 8.5Jx19 Zoll, Lochkreis 112 mit 5 Loch. Professionell gepr\u00fcft und versandfertig verpackt.<\/p>","protected":false},"featured_media":238051,"comment_status":"open","ping_status":"closed","template":"","meta":[],"product_brand":[],"product_cat":[1180,1086,1179],"product_tag":[],"class_list":{"0":"post-237836","1":"product","2":"type-product","3":"status-publish","4":"has-post-thumbnail","6":"product_cat-19-zoll","7":"product_cat-felgen","8":"product_cat-mercedes","9":"pa_anzahl-der-einheiten-1484","10":"pa_einpresstiefe-et-1450","11":"pa_farbe-anthrazit","12":"pa_felgenaufbau-einteilig-gegossen","13":"pa_felgenbreite-8-5j","14":"pa_felgendesign-multi-speichen-felge","15":"pa_felgenmaterial-aluminium","16":"pa_hersteller-damina","17":"pa_herstellergarantie-ja-zwei-jahre","18":"pa_herstellernummer-1640","19":"pa_lochkreis-1439","20":"pa_lochzahl-1447","21":"pa_maximale-traglast-1554","22":"pa_mit-deckel-ja-nein-ja-von-damina","23":"pa_mittenlochbohrung-1551","24":"pa_modell-damina","25":"pa_produktart-vielspeiche","26":"pa_ursprungsland-deutschland","27":"pa_zollgroesse-1448","29":"first","30":"instock","31":"taxable","32":"shipping-taxable","33":"purchasable","34":"product-type-simple"},"yoast_head":"<!-- This site is optimized with the Yoast SEO plugin v27.2 - https:\/\/yoast.com\/product\/yoast-seo-wordpress\/ -->\n<title>19 Zoll Felgen DM08 anthrazit f\u00fcr Mercedes CLS W218 W219 CLK W208 W209 g\u00fcnstig kaufen - Felgenforum<\/title>\n<meta name=\"description\" content=\"19 Zoll Felgen DM08 anthrazit f\u00fcr Mercedes CLS W218 W219 CLK W208 W209 online bestellen \u2794 Gepr\u00fcfte Qualit\u00e4t, Top Marken &amp; schneller Versand \u2714 Jetzt sicher bei Felgenforum kaufen!\" \/>\n<meta name=\"robots\" content=\"index, follow, max-snippet:-1, max-image-preview:large, max-video-preview:-1\" \/>\n<link rel=\"canonical\" href=\"https:\/\/felgenforum.shop\/en\/product\/19-zoll-felgen-dm08-anthrazit-fuer-mercedes-cls-w218-w219-clk-w208-w209-2\/\" \/>\n<meta property=\"og:locale\" content=\"en_GB\" \/>\n<meta property=\"og:type\" content=\"article\" \/>\n<meta property=\"og:title\" content=\"19 Zoll Felgen DM08 anthrazit f\u00fcr Mercedes CLS W218 W219 CLK W208 W209 g\u00fcnstig kaufen - Felgenforum\" \/>\n<meta property=\"og:description\" content=\"19 Zoll Felgen DM08 anthrazit f\u00fcr Mercedes CLS W218 W219 CLK W208 W209 online bestellen \u2794 Gepr\u00fcfte Qualit\u00e4t, Top Marken &amp; schneller Versand \u2714 Jetzt sicher bei Felgenforum kaufen!\" \/>\n<meta property=\"og:url\" content=\"https:\/\/felgenforum.shop\/en\/product\/19-zoll-felgen-dm08-anthrazit-fuer-mercedes-cls-w218-w219-clk-w208-w209-2\/\" \/>\n<meta property=\"og:site_name\" content=\"Felgenforum\" \/>\n<meta property=\"article:modified_time\" content=\"2026-03-31T20:10:41+00:00\" \/>\n<meta property=\"og:image\" content=\"https:\/\/felgenforum.shop\/wp-content\/uploads\/2026\/03\/ebay-product-237836-69cc2a3fd8777.webp\" \/>\n\t<meta property=\"og:image:width\" content=\"1000\" \/>\n\t<meta property=\"og:image:height\" content=\"1000\" \/>\n\t<meta property=\"og:image:type\" content=\"image\/webp\" \/>\n<meta name=\"twitter:card\" content=\"summary_large_image\" \/>\n<meta name=\"twitter:label1\" content=\"Est. reading time\" \/>\n\t<meta name=\"twitter:data1\" content=\"1 minute\" \/>\n<script type=\"application\/ld+json\" class=\"yoast-schema-graph\">{\"@context\":\"https:\/\/schema.org\",\"@graph\":[{\"@type\":\"WebPage\",\"@id\":\"https:\/\/felgenforum.shop\/produkt\/19-zoll-felgen-dm08-anthrazit-fuer-mercedes-cls-w218-w219-clk-w208-w209-2\/\",\"url\":\"https:\/\/felgenforum.shop\/produkt\/19-zoll-felgen-dm08-anthrazit-fuer-mercedes-cls-w218-w219-clk-w208-w209-2\/\",\"name\":\"19 Zoll Felgen DM08 anthrazit f\u00fcr Mercedes CLS W218 W219 CLK W208 W209 g\u00fcnstig kaufen - Felgenforum\",\"isPartOf\":{\"@id\":\"https:\/\/felgenforum.shop\/#website\"},\"primaryImageOfPage\":{\"@id\":\"https:\/\/felgenforum.shop\/produkt\/19-zoll-felgen-dm08-anthrazit-fuer-mercedes-cls-w218-w219-clk-w208-w209-2\/#primaryimage\"},\"image\":{\"@id\":\"https:\/\/felgenforum.shop\/produkt\/19-zoll-felgen-dm08-anthrazit-fuer-mercedes-cls-w218-w219-clk-w208-w209-2\/#primaryimage\"},\"thumbnailUrl\":\"https:\/\/felgenforum.shop\/wp-content\/uploads\/2026\/03\/ebay-product-237836-69cc2a3fd8777.webp\",\"datePublished\":\"2026-03-31T17:10:56+00:00\",\"dateModified\":\"2026-03-31T20:10:41+00:00\",\"description\":\"19 Zoll Felgen DM08 anthrazit f\u00fcr Mercedes CLS W218 W219 CLK W208 W209 online bestellen \u2794 Gepr\u00fcfte Qualit\u00e4t, Top Marken & schneller Versand \u2714 Jetzt sicher bei Felgenforum kaufen!\",\"breadcrumb\":{\"@id\":\"https:\/\/felgenforum.shop\/produkt\/19-zoll-felgen-dm08-anthrazit-fuer-mercedes-cls-w218-w219-clk-w208-w209-2\/#breadcrumb\"},\"inLanguage\":\"en-GB\",\"potentialAction\":[{\"@type\":\"ReadAction\",\"target\":[\"https:\/\/felgenforum.shop\/produkt\/19-zoll-felgen-dm08-anthrazit-fuer-mercedes-cls-w218-w219-clk-w208-w209-2\/\"]}]},{\"@type\":\"ImageObject\",\"inLanguage\":\"en-GB\",\"@id\":\"https:\/\/felgenforum.shop\/produkt\/19-zoll-felgen-dm08-anthrazit-fuer-mercedes-cls-w218-w219-clk-w208-w209-2\/#primaryimage\",\"url\":\"https:\/\/felgenforum.shop\/wp-content\/uploads\/2026\/03\/ebay-product-237836-69cc2a3fd8777.webp\",\"contentUrl\":\"https:\/\/felgenforum.shop\/wp-content\/uploads\/2026\/03\/ebay-product-237836-69cc2a3fd8777.webp\",\"width\":1000,\"height\":1000},{\"@type\":\"BreadcrumbList\",\"@id\":\"https:\/\/felgenforum.shop\/produkt\/19-zoll-felgen-dm08-anthrazit-fuer-mercedes-cls-w218-w219-clk-w208-w209-2\/#breadcrumb\",\"itemListElement\":[{\"@type\":\"ListItem\",\"position\":1,\"name\":\"Startseite\",\"item\":\"https:\/\/felgenforum.shop\/\"},{\"@type\":\"ListItem\",\"position\":2,\"name\":\"Shop\",\"item\":\"https:\/\/felgenforum.shop\/shop\/\"},{\"@type\":\"ListItem\",\"position\":3,\"name\":\"19 Zoll Felgen DM08 anthrazit f\u00fcr Mercedes CLS W218 W219 CLK W208 W209\"}]},{\"@type\":\"WebSite\",\"@id\":\"https:\/\/felgenforum.shop\/#website\",\"url\":\"https:\/\/felgenforum.shop\/\",\"name\":\"Felgenforum\",\"description\":\"\",\"potentialAction\":[{\"@type\":\"SearchAction\",\"target\":{\"@type\":\"EntryPoint\",\"urlTemplate\":\"https:\/\/felgenforum.shop\/?s={search_term_string}\"},\"query-input\":{\"@type\":\"PropertyValueSpecification\",\"valueRequired\":true,\"valueName\":\"search_term_string\"}}],\"inLanguage\":\"en-GB\"}]}<\/script>\n<!-- \/ Yoast SEO plugin. -->","yoast_head_json":{"title":"19 Zoll Felgen DM08 anthrazit f\u00fcr Mercedes CLS W218 W219 CLK W208 W209 g\u00fcnstig kaufen - Felgenforum","description":"19 Zoll Felgen DM08 anthrazit f\u00fcr Mercedes CLS W218 W219 CLK W208 W209 online bestellen \u2794 Gepr\u00fcfte Qualit\u00e4t, Top Marken & schneller Versand \u2714 Jetzt sicher bei Felgenforum kaufen!","robots":{"index":"index","follow":"follow","max-snippet":"max-snippet:-1","max-image-preview":"max-image-preview:large","max-video-preview":"max-video-preview:-1"},"canonical":"https:\/\/felgenforum.shop\/en\/product\/19-zoll-felgen-dm08-anthrazit-fuer-mercedes-cls-w218-w219-clk-w208-w209-2\/","og_locale":"en_GB","og_type":"article","og_title":"19 Zoll Felgen DM08 anthrazit f\u00fcr Mercedes CLS W218 W219 CLK W208 W209 g\u00fcnstig kaufen - Felgenforum","og_description":"19 Zoll Felgen DM08 anthrazit f\u00fcr Mercedes CLS W218 W219 CLK W208 W209 online bestellen \u2794 Gepr\u00fcfte Qualit\u00e4t, Top Marken & schneller Versand \u2714 Jetzt sicher bei Felgenforum kaufen!","og_url":"https:\/\/felgenforum.shop\/en\/product\/19-zoll-felgen-dm08-anthrazit-fuer-mercedes-cls-w218-w219-clk-w208-w209-2\/","og_site_name":"Felgenforum","article_modified_time":"2026-03-31T20:10:41+00:00","og_image":[{"width":1000,"height":1000,"url":"https:\/\/felgenforum.shop\/wp-content\/uploads\/2026\/03\/ebay-product-237836-69cc2a3fd8777.webp","type":"image\/webp"}],"twitter_card":"summary_large_image","twitter_misc":{"Est. reading time":"1 minute"},"schema":{"@context":"https:\/\/schema.org","@graph":[{"@type":"WebPage","@id":"https:\/\/felgenforum.shop\/produkt\/19-zoll-felgen-dm08-anthrazit-fuer-mercedes-cls-w218-w219-clk-w208-w209-2\/","url":"https:\/\/felgenforum.shop\/produkt\/19-zoll-felgen-dm08-anthrazit-fuer-mercedes-cls-w218-w219-clk-w208-w209-2\/","name":"19 Zoll Felgen DM08 anthrazit f\u00fcr Mercedes CLS W218 W219 CLK W208 W209 g\u00fcnstig kaufen - Felgenforum","isPartOf":{"@id":"https:\/\/felgenforum.shop\/#website"},"primaryImageOfPage":{"@id":"https:\/\/felgenforum.shop\/produkt\/19-zoll-felgen-dm08-anthrazit-fuer-mercedes-cls-w218-w219-clk-w208-w209-2\/#primaryimage"},"image":{"@id":"https:\/\/felgenforum.shop\/produkt\/19-zoll-felgen-dm08-anthrazit-fuer-mercedes-cls-w218-w219-clk-w208-w209-2\/#primaryimage"},"thumbnailUrl":"https:\/\/felgenforum.shop\/wp-content\/uploads\/2026\/03\/ebay-product-237836-69cc2a3fd8777.webp","datePublished":"2026-03-31T17:10:56+00:00","dateModified":"2026-03-31T20:10:41+00:00","description":"19 Zoll Felgen DM08 anthrazit f\u00fcr Mercedes CLS W218 W219 CLK W208 W209 online bestellen \u2794 Gepr\u00fcfte Qualit\u00e4t, Top Marken & schneller Versand \u2714 Jetzt sicher bei Felgenforum kaufen!","breadcrumb":{"@id":"https:\/\/felgenforum.shop\/produkt\/19-zoll-felgen-dm08-anthrazit-fuer-mercedes-cls-w218-w219-clk-w208-w209-2\/#breadcrumb"},"inLanguage":"en-GB","potentialAction":[{"@type":"ReadAction","target":["https:\/\/felgenforum.shop\/produkt\/19-zoll-felgen-dm08-anthrazit-fuer-mercedes-cls-w218-w219-clk-w208-w209-2\/"]}]},{"@type":"ImageObject","inLanguage":"en-GB","@id":"https:\/\/felgenforum.shop\/produkt\/19-zoll-felgen-dm08-anthrazit-fuer-mercedes-cls-w218-w219-clk-w208-w209-2\/#primaryimage","url":"https:\/\/felgenforum.shop\/wp-content\/uploads\/2026\/03\/ebay-product-237836-69cc2a3fd8777.webp","contentUrl":"https:\/\/felgenforum.shop\/wp-content\/uploads\/2026\/03\/ebay-product-237836-69cc2a3fd8777.webp","width":1000,"height":1000},{"@type":"BreadcrumbList","@id":"https:\/\/felgenforum.shop\/produkt\/19-zoll-felgen-dm08-anthrazit-fuer-mercedes-cls-w218-w219-clk-w208-w209-2\/#breadcrumb","itemListElement":[{"@type":"ListItem","position":1,"name":"Startseite","item":"https:\/\/felgenforum.shop\/"},{"@type":"ListItem","position":2,"name":"Shop","item":"https:\/\/felgenforum.shop\/shop\/"},{"@type":"ListItem","position":3,"name":"19 Zoll Felgen DM08 anthrazit f\u00fcr Mercedes CLS W218 W219 CLK W208 W209"}]},{"@type":"WebSite","@id":"https:\/\/felgenforum.shop\/#website","url":"https:\/\/felgenforum.shop\/","name":"Rim forum","description":"","potentialAction":[{"@type":"SearchAction","target":{"@type":"EntryPoint","urlTemplate":"https:\/\/felgenforum.shop\/?s={search_term_string}"},"query-input":{"@type":"PropertyValueSpecification","valueRequired":true,"valueName":"search_term_string"}}],"inLanguage":"en-GB"}]}},"_links":{"self":[{"href":"https:\/\/felgenforum.shop\/en\/wp-json\/wp\/v2\/product\/237836","targetHints":{"allow":["GET"]}}],"collection":[{"href":"https:\/\/felgenforum.shop\/en\/wp-json\/wp\/v2\/product"}],"about":[{"href":"https:\/\/felgenforum.shop\/en\/wp-json\/wp\/v2\/types\/product"}],"replies":[{"embeddable":true,"href":"https:\/\/felgenforum.shop\/en\/wp-json\/wp\/v2\/comments?post=237836"}],"wp:featuredmedia":[{"embeddable":true,"href":"https:\/\/felgenforum.shop\/en\/wp-json\/wp\/v2\/media\/238051"}],"wp:attachment":[{"href":"https:\/\/felgenforum.shop\/en\/wp-json\/wp\/v2\/media?parent=237836"}],"wp:term":[{"taxonomy":"product_brand","embeddable":true,"href":"https:\/\/felgenforum.shop\/en\/wp-json\/wp\/v2\/product_brand?post=237836"},{"taxonomy":"product_cat","embeddable":true,"href":"https:\/\/felgenforum.shop\/en\/wp-json\/wp\/v2\/product_cat?post=237836"},{"taxonomy":"product_tag","embeddable":true,"href":"https:\/\/felgenforum.shop\/en\/wp-json\/wp\/v2\/product_tag?post=237836"}],"curies":[{"name":"wp","href":"https:\/\/api.w.org\/{rel}","templated":true}]}}