{"id":237811,"date":"2026-03-31T18:55:55","date_gmt":"2026-03-31T16:55:55","guid":{"rendered":"https:\/\/felgenforum.shop\/?post_type=product&#038;p=237811"},"modified":"2026-03-31T21:40:41","modified_gmt":"2026-03-31T19:40:41","slug":"20-zoll-felgen-damina-dm08-schwarz-vw-arteon-3h-r-scirocco-tiguan-5n-passat-cc-3","status":"publish","type":"product","link":"https:\/\/felgenforum.shop\/en\/product\/20-zoll-felgen-damina-dm08-schwarz-vw-arteon-3h-r-scirocco-tiguan-5n-passat-cc-3\/","title":{"rendered":"20-inch Damina DM08 black rims for VW Arteon 3H R, Scirocco, Tiguan 5N, Passat CC"},"content":{"rendered":"<h3>Welcome to an offer from Felgenforum.shop<\/h3>\n<ul>\n<li>In this offer we offer you a NEW set of Damina Performance DM08 alloy wheels in glossy black including ABE.<\/li>\n<li>NEW &amp; in original packaging.<\/li>\n<\/ul>\n<h3>Scope of delivery:<\/h3>\n<ul>\n<li>4 x Damina DM08 8,5&#215;20 ET35 5&#215;112 schwarz gl\u00e4nzend<\/li>\n<li>Complete mounting hardware (if required according to the ABE)<\/li>\n<li>4x hub caps Damina Performance<\/li>\n<li>1x Expert report (ABE)<\/li>\n<li>In most cases, the rims are therefore registration-free. If you have any questions about fitment or any registration requirements, our experienced team will be happy to help :).<\/li>\n<li>Please be sure to specify your vehicle after purchase.<\/li>\n<li>We offer this model in many other sizes and colors; please contact us if you have any other requests.<\/li>\n<\/ul>\n<h3>&gt;&gt;&gt;Complete wheels<\/h3>\n<ul>\n<\/ul>\n<h3>We are happy to offer you the desired rims as ready-to-install complete wheels with a tire of your choice.<\/h3>\n<ul>\n<li>Feel free to send us a non-binding inquiry :).<\/li>\n<li>The rims are the correct size for the following vehicles:<\/li>\n<\/ul>\n<h3>Audi<\/h3>\n<ul>\n<li>A4 S4 B8 B9<\/li>\n<li>A5 S5 B8 B9<\/li>\n<li>A6 S6 4F 4F1 C6 4G 4G1 C7 F2 C8<\/li>\n<li>A7 S7 4G 4G1<\/li>\n<li>A8 4E 4H F8<\/li>\n<li>Q3 8U FY<\/li>\n<li>Q5 SQ5 8R FY<\/li>\n<\/ul>\n<h3>Volkswagen<\/h3>\n<ul>\n<li>Beetle 2<\/li>\n<li>Arteon 3H<\/li>\n<li>Passat B8 B9<\/li>\n<li>Passat CC<\/li>\n<li>Sirocco<\/li>\n<li>Phaeton 3D<\/li>\n<li>Tiguan 5N1 5N2 CT<\/li>\n<\/ul>\n<h3>Mercedes Benz<\/h3>\n<ul>\n<li>E Klasse W211 W213 S213 W214 S214<\/li>\n<li>CLS W218<\/li>\n<li>CL Class C215 C216<\/li>\n<li>S-Class W221 W222<\/li>\n<li>SL R230 R231<\/li>\n<li>GLC 253 254<\/li>\n<li>Seat<\/li>\n<li>Tarraco<\/li>\n<li>Cupra Formentor<\/li>\n<li>Cupra Terramar<\/li>\n<li>Cupra Tavascan<\/li>\n<\/ul>\n<h3>Skoda<\/h3>\n<ul>\n<li>Kodiaq<\/li>\n<\/ul>\n<h3>BMW<\/h3>\n<ul>\n<li>X3 G01<\/li>\n<li>X4 G02<\/li>\n<li>4er G26 Gran Coupe<\/li>\n<\/ul>","protected":false},"excerpt":{"rendered":"<p>Ein Satz (4 St\u00fcck) hochwertige Marken-Alufelgen, Modell DM08, in der Gr\u00f6\u00dfe 8.5Jx20 Zoll, Lochkreis 112 mit 5 Loch. Professionell gepr\u00fcft und versandfertig verpackt.<\/p>","protected":false},"featured_media":238021,"comment_status":"open","ping_status":"closed","template":"","meta":[],"product_brand":[],"product_cat":[1651,1086,1253],"product_tag":[],"class_list":{"0":"post-237811","1":"product","2":"type-product","3":"status-publish","4":"has-post-thumbnail","6":"product_cat-20-zoll-vw","7":"product_cat-felgen","8":"product_cat-vw","9":"pa_anzahl-der-einheiten-1484","10":"pa_einpresstiefe-et-1460","11":"pa_farbe-schwarz","12":"pa_felgenbreite-8-5j","13":"pa_felgendesign-multi-speichen-felge","14":"pa_felgenmaterial-aluminium","15":"pa_hersteller-damina-performance","16":"pa_herstellergarantie-ja-zwei-jahre","17":"pa_herstellernummer-2344","18":"pa_lochkreis-1439","19":"pa_lochzahl-1447","20":"pa_maximale-traglast-1498","21":"pa_mit-deckel-ja-nein-ja-von-damina","22":"pa_mittenlochbohrung-1551","23":"pa_modell-dm08","24":"pa_produktart-vielspeiche","25":"pa_ursprungsland-deutschland","26":"pa_zollgroesse-1499","28":"first","29":"instock","30":"taxable","31":"shipping-taxable","32":"purchasable","33":"product-type-simple"},"yoast_head":"<!-- This site is optimized with the Yoast SEO plugin v27.2 - https:\/\/yoast.com\/product\/yoast-seo-wordpress\/ -->\n<title>20 Zoll Felgen Damina DM08 schwarz VW Arteon 3H R Scirocco Tiguan 5N Passat CC g\u00fcnstig kaufen - Felgenforum<\/title>\n<meta name=\"description\" content=\"20 Zoll Felgen Damina DM08 schwarz VW Arteon 3H R Scirocco Tiguan 5N Passat CC online bestellen \u2794 Gepr\u00fcfte Qualit\u00e4t, Top Marken &amp; schneller Versand \u2714 Jetzt sicher bei Felgenforum kaufen!\" \/>\n<meta name=\"robots\" content=\"index, follow, max-snippet:-1, max-image-preview:large, max-video-preview:-1\" \/>\n<link rel=\"canonical\" href=\"https:\/\/felgenforum.shop\/en\/product\/20-zoll-felgen-damina-dm08-schwarz-vw-arteon-3h-r-scirocco-tiguan-5n-passat-cc-3\/\" \/>\n<meta property=\"og:locale\" content=\"en_GB\" \/>\n<meta property=\"og:type\" content=\"article\" \/>\n<meta property=\"og:title\" content=\"20 Zoll Felgen Damina DM08 schwarz VW Arteon 3H R Scirocco Tiguan 5N Passat CC g\u00fcnstig kaufen - Felgenforum\" \/>\n<meta property=\"og:description\" content=\"20 Zoll Felgen Damina DM08 schwarz VW Arteon 3H R Scirocco Tiguan 5N Passat CC online bestellen \u2794 Gepr\u00fcfte Qualit\u00e4t, Top Marken &amp; schneller Versand \u2714 Jetzt sicher bei Felgenforum kaufen!\" \/>\n<meta property=\"og:url\" content=\"https:\/\/felgenforum.shop\/en\/product\/20-zoll-felgen-damina-dm08-schwarz-vw-arteon-3h-r-scirocco-tiguan-5n-passat-cc-3\/\" \/>\n<meta property=\"og:site_name\" content=\"Felgenforum\" \/>\n<meta property=\"article:modified_time\" content=\"2026-03-31T19:40:41+00:00\" \/>\n<meta property=\"og:image\" content=\"https:\/\/felgenforum.shop\/wp-content\/uploads\/2026\/03\/ebay-product-237811-69cc23383431e.webp\" \/>\n\t<meta property=\"og:image:width\" content=\"1000\" \/>\n\t<meta property=\"og:image:height\" content=\"1000\" \/>\n\t<meta property=\"og:image:type\" content=\"image\/webp\" \/>\n<meta name=\"twitter:card\" content=\"summary_large_image\" \/>\n<meta name=\"twitter:label1\" content=\"Est. reading time\" \/>\n\t<meta name=\"twitter:data1\" content=\"1 minute\" \/>\n<script type=\"application\/ld+json\" class=\"yoast-schema-graph\">{\"@context\":\"https:\/\/schema.org\",\"@graph\":[{\"@type\":\"WebPage\",\"@id\":\"https:\/\/felgenforum.shop\/produkt\/20-zoll-felgen-damina-dm08-schwarz-vw-arteon-3h-r-scirocco-tiguan-5n-passat-cc-3\/\",\"url\":\"https:\/\/felgenforum.shop\/produkt\/20-zoll-felgen-damina-dm08-schwarz-vw-arteon-3h-r-scirocco-tiguan-5n-passat-cc-3\/\",\"name\":\"20 Zoll Felgen Damina DM08 schwarz VW Arteon 3H R Scirocco Tiguan 5N Passat CC g\u00fcnstig kaufen - Felgenforum\",\"isPartOf\":{\"@id\":\"https:\/\/felgenforum.shop\/#website\"},\"primaryImageOfPage\":{\"@id\":\"https:\/\/felgenforum.shop\/produkt\/20-zoll-felgen-damina-dm08-schwarz-vw-arteon-3h-r-scirocco-tiguan-5n-passat-cc-3\/#primaryimage\"},\"image\":{\"@id\":\"https:\/\/felgenforum.shop\/produkt\/20-zoll-felgen-damina-dm08-schwarz-vw-arteon-3h-r-scirocco-tiguan-5n-passat-cc-3\/#primaryimage\"},\"thumbnailUrl\":\"https:\/\/felgenforum.shop\/wp-content\/uploads\/2026\/03\/ebay-product-237811-69cc23383431e.webp\",\"datePublished\":\"2026-03-31T16:55:55+00:00\",\"dateModified\":\"2026-03-31T19:40:41+00:00\",\"description\":\"20 Zoll Felgen Damina DM08 schwarz VW Arteon 3H R Scirocco Tiguan 5N Passat CC online bestellen \u2794 Gepr\u00fcfte Qualit\u00e4t, Top Marken & schneller Versand \u2714 Jetzt sicher bei Felgenforum kaufen!\",\"breadcrumb\":{\"@id\":\"https:\/\/felgenforum.shop\/produkt\/20-zoll-felgen-damina-dm08-schwarz-vw-arteon-3h-r-scirocco-tiguan-5n-passat-cc-3\/#breadcrumb\"},\"inLanguage\":\"en-GB\",\"potentialAction\":[{\"@type\":\"ReadAction\",\"target\":[\"https:\/\/felgenforum.shop\/produkt\/20-zoll-felgen-damina-dm08-schwarz-vw-arteon-3h-r-scirocco-tiguan-5n-passat-cc-3\/\"]}]},{\"@type\":\"ImageObject\",\"inLanguage\":\"en-GB\",\"@id\":\"https:\/\/felgenforum.shop\/produkt\/20-zoll-felgen-damina-dm08-schwarz-vw-arteon-3h-r-scirocco-tiguan-5n-passat-cc-3\/#primaryimage\",\"url\":\"https:\/\/felgenforum.shop\/wp-content\/uploads\/2026\/03\/ebay-product-237811-69cc23383431e.webp\",\"contentUrl\":\"https:\/\/felgenforum.shop\/wp-content\/uploads\/2026\/03\/ebay-product-237811-69cc23383431e.webp\",\"width\":1000,\"height\":1000},{\"@type\":\"BreadcrumbList\",\"@id\":\"https:\/\/felgenforum.shop\/produkt\/20-zoll-felgen-damina-dm08-schwarz-vw-arteon-3h-r-scirocco-tiguan-5n-passat-cc-3\/#breadcrumb\",\"itemListElement\":[{\"@type\":\"ListItem\",\"position\":1,\"name\":\"Startseite\",\"item\":\"https:\/\/felgenforum.shop\/\"},{\"@type\":\"ListItem\",\"position\":2,\"name\":\"Shop\",\"item\":\"https:\/\/felgenforum.shop\/shop\/\"},{\"@type\":\"ListItem\",\"position\":3,\"name\":\"20 Zoll Felgen Damina DM08 schwarz VW Arteon 3H R Scirocco Tiguan 5N Passat CC\"}]},{\"@type\":\"WebSite\",\"@id\":\"https:\/\/felgenforum.shop\/#website\",\"url\":\"https:\/\/felgenforum.shop\/\",\"name\":\"Felgenforum\",\"description\":\"\",\"potentialAction\":[{\"@type\":\"SearchAction\",\"target\":{\"@type\":\"EntryPoint\",\"urlTemplate\":\"https:\/\/felgenforum.shop\/?s={search_term_string}\"},\"query-input\":{\"@type\":\"PropertyValueSpecification\",\"valueRequired\":true,\"valueName\":\"search_term_string\"}}],\"inLanguage\":\"en-GB\"}]}<\/script>\n<!-- \/ Yoast SEO plugin. -->","yoast_head_json":{"title":"20 Zoll Felgen Damina DM08 schwarz VW Arteon 3H R Scirocco Tiguan 5N Passat CC g\u00fcnstig kaufen - Felgenforum","description":"20 Zoll Felgen Damina DM08 schwarz VW Arteon 3H R Scirocco Tiguan 5N Passat CC online bestellen \u2794 Gepr\u00fcfte Qualit\u00e4t, Top Marken & schneller Versand \u2714 Jetzt sicher bei Felgenforum kaufen!","robots":{"index":"index","follow":"follow","max-snippet":"max-snippet:-1","max-image-preview":"max-image-preview:large","max-video-preview":"max-video-preview:-1"},"canonical":"https:\/\/felgenforum.shop\/en\/product\/20-zoll-felgen-damina-dm08-schwarz-vw-arteon-3h-r-scirocco-tiguan-5n-passat-cc-3\/","og_locale":"en_GB","og_type":"article","og_title":"20 Zoll Felgen Damina DM08 schwarz VW Arteon 3H R Scirocco Tiguan 5N Passat CC g\u00fcnstig kaufen - Felgenforum","og_description":"20 Zoll Felgen Damina DM08 schwarz VW Arteon 3H R Scirocco Tiguan 5N Passat CC online bestellen \u2794 Gepr\u00fcfte Qualit\u00e4t, Top Marken & schneller Versand \u2714 Jetzt sicher bei Felgenforum kaufen!","og_url":"https:\/\/felgenforum.shop\/en\/product\/20-zoll-felgen-damina-dm08-schwarz-vw-arteon-3h-r-scirocco-tiguan-5n-passat-cc-3\/","og_site_name":"Felgenforum","article_modified_time":"2026-03-31T19:40:41+00:00","og_image":[{"width":1000,"height":1000,"url":"https:\/\/felgenforum.shop\/wp-content\/uploads\/2026\/03\/ebay-product-237811-69cc23383431e.webp","type":"image\/webp"}],"twitter_card":"summary_large_image","twitter_misc":{"Est. reading time":"1 minute"},"schema":{"@context":"https:\/\/schema.org","@graph":[{"@type":"WebPage","@id":"https:\/\/felgenforum.shop\/produkt\/20-zoll-felgen-damina-dm08-schwarz-vw-arteon-3h-r-scirocco-tiguan-5n-passat-cc-3\/","url":"https:\/\/felgenforum.shop\/produkt\/20-zoll-felgen-damina-dm08-schwarz-vw-arteon-3h-r-scirocco-tiguan-5n-passat-cc-3\/","name":"20 Zoll Felgen Damina DM08 schwarz VW Arteon 3H R Scirocco Tiguan 5N Passat CC g\u00fcnstig kaufen - Felgenforum","isPartOf":{"@id":"https:\/\/felgenforum.shop\/#website"},"primaryImageOfPage":{"@id":"https:\/\/felgenforum.shop\/produkt\/20-zoll-felgen-damina-dm08-schwarz-vw-arteon-3h-r-scirocco-tiguan-5n-passat-cc-3\/#primaryimage"},"image":{"@id":"https:\/\/felgenforum.shop\/produkt\/20-zoll-felgen-damina-dm08-schwarz-vw-arteon-3h-r-scirocco-tiguan-5n-passat-cc-3\/#primaryimage"},"thumbnailUrl":"https:\/\/felgenforum.shop\/wp-content\/uploads\/2026\/03\/ebay-product-237811-69cc23383431e.webp","datePublished":"2026-03-31T16:55:55+00:00","dateModified":"2026-03-31T19:40:41+00:00","description":"20 Zoll Felgen Damina DM08 schwarz VW Arteon 3H R Scirocco Tiguan 5N Passat CC online bestellen \u2794 Gepr\u00fcfte Qualit\u00e4t, Top Marken & schneller Versand \u2714 Jetzt sicher bei Felgenforum kaufen!","breadcrumb":{"@id":"https:\/\/felgenforum.shop\/produkt\/20-zoll-felgen-damina-dm08-schwarz-vw-arteon-3h-r-scirocco-tiguan-5n-passat-cc-3\/#breadcrumb"},"inLanguage":"en-GB","potentialAction":[{"@type":"ReadAction","target":["https:\/\/felgenforum.shop\/produkt\/20-zoll-felgen-damina-dm08-schwarz-vw-arteon-3h-r-scirocco-tiguan-5n-passat-cc-3\/"]}]},{"@type":"ImageObject","inLanguage":"en-GB","@id":"https:\/\/felgenforum.shop\/produkt\/20-zoll-felgen-damina-dm08-schwarz-vw-arteon-3h-r-scirocco-tiguan-5n-passat-cc-3\/#primaryimage","url":"https:\/\/felgenforum.shop\/wp-content\/uploads\/2026\/03\/ebay-product-237811-69cc23383431e.webp","contentUrl":"https:\/\/felgenforum.shop\/wp-content\/uploads\/2026\/03\/ebay-product-237811-69cc23383431e.webp","width":1000,"height":1000},{"@type":"BreadcrumbList","@id":"https:\/\/felgenforum.shop\/produkt\/20-zoll-felgen-damina-dm08-schwarz-vw-arteon-3h-r-scirocco-tiguan-5n-passat-cc-3\/#breadcrumb","itemListElement":[{"@type":"ListItem","position":1,"name":"Startseite","item":"https:\/\/felgenforum.shop\/"},{"@type":"ListItem","position":2,"name":"Shop","item":"https:\/\/felgenforum.shop\/shop\/"},{"@type":"ListItem","position":3,"name":"20 Zoll Felgen Damina DM08 schwarz VW Arteon 3H R Scirocco Tiguan 5N Passat CC"}]},{"@type":"WebSite","@id":"https:\/\/felgenforum.shop\/#website","url":"https:\/\/felgenforum.shop\/","name":"Rim forum","description":"","potentialAction":[{"@type":"SearchAction","target":{"@type":"EntryPoint","urlTemplate":"https:\/\/felgenforum.shop\/?s={search_term_string}"},"query-input":{"@type":"PropertyValueSpecification","valueRequired":true,"valueName":"search_term_string"}}],"inLanguage":"en-GB"}]}},"_links":{"self":[{"href":"https:\/\/felgenforum.shop\/en\/wp-json\/wp\/v2\/product\/237811","targetHints":{"allow":["GET"]}}],"collection":[{"href":"https:\/\/felgenforum.shop\/en\/wp-json\/wp\/v2\/product"}],"about":[{"href":"https:\/\/felgenforum.shop\/en\/wp-json\/wp\/v2\/types\/product"}],"replies":[{"embeddable":true,"href":"https:\/\/felgenforum.shop\/en\/wp-json\/wp\/v2\/comments?post=237811"}],"wp:featuredmedia":[{"embeddable":true,"href":"https:\/\/felgenforum.shop\/en\/wp-json\/wp\/v2\/media\/238021"}],"wp:attachment":[{"href":"https:\/\/felgenforum.shop\/en\/wp-json\/wp\/v2\/media?parent=237811"}],"wp:term":[{"taxonomy":"product_brand","embeddable":true,"href":"https:\/\/felgenforum.shop\/en\/wp-json\/wp\/v2\/product_brand?post=237811"},{"taxonomy":"product_cat","embeddable":true,"href":"https:\/\/felgenforum.shop\/en\/wp-json\/wp\/v2\/product_cat?post=237811"},{"taxonomy":"product_tag","embeddable":true,"href":"https:\/\/felgenforum.shop\/en\/wp-json\/wp\/v2\/product_tag?post=237811"}],"curies":[{"name":"wp","href":"https:\/\/api.w.org\/{rel}","templated":true}]}}