{"id":237761,"date":"2026-03-31T18:25:53","date_gmt":"2026-03-31T16:25:53","guid":{"rendered":"https:\/\/felgenforum.shop\/?post_type=product&#038;p=237761"},"modified":"2026-03-31T20:40:40","modified_gmt":"2026-03-31T18:40:40","slug":"20-zoll-4-komplettraeder-ff-wheels-ff01-grau-matt-fuer-audi-a6-s6-c7-c8-4g-f2-2","status":"publish","type":"product","link":"https:\/\/felgenforum.shop\/en\/product\/20-zoll-4-komplettraeder-ff-wheels-ff01-grau-matt-fuer-audi-a6-s6-c7-c8-4g-f2-2\/","title":{"rendered":"20-inch set of 4 complete wheels FF Wheels FF01 matte grey for Audi A6 S6 C7 C8 4G F2"},"content":{"rendered":"<h3>Welcome to an offer from Felgenforum.shop<\/h3>\n<ul>\n<li>In diesem Angebote bieten wir Ihnen hier\u00a0einen NEUEN Satz FF-Wheels FF01\u00a0Alufelgen in grau matt inkl ABE an.<\/li>\n<li>NEW &amp; in original packaging.<\/li>\n<\/ul>\n<h3>Scope of delivery:<\/h3>\n<ul>\n<li>4 x\u00a0FF-Wheels FF01\u00a08,5&#215;20 ET35 5&#215;112 grau matt<\/li>\n<li>Complete mounting hardware (if required according to the ABE)<\/li>\n<li>4x Sommerreifen 255\/40 R20 101Y Kumho Ecsta PS91 XL<\/li>\n<li>4x Hubcaps FF-Wheels FF01<\/li>\n<li>(Vehicle manufacturer&#039;s hubcap not included)<\/li>\n<li>1x Expert report (ABE)<\/li>\n<li>In most cases, the rims are therefore registration-free. If you have any questions about fitment or any registration requirements, our experienced team will be happy to help :).<\/li>\n<li>Please be sure to specify your vehicle after purchase.<\/li>\n<li>We offer this model in many other sizes and colors; please contact us if you have any other requests.<\/li>\n<\/ul>\n<h3>&gt;&gt;&gt;Complete wheels<\/h3>\n<ul>\n<\/ul>\n<h3>We are happy to offer you the desired rims as ready-to-install complete wheels with a tire of your choice.<\/h3>\n<ul>\n<li>Feel free to send us a non-binding inquiry :).<\/li>\n<li>The rims are the correct size for the following vehicles:<\/li>\n<\/ul>\n<h3>Audi<\/h3>\n<ul>\n<li>A6 C8 F2<\/li>\n<\/ul>","protected":false},"excerpt":{"rendered":"<p>A set (4 pieces) of ready-to-drive brand complete wheels, professionally mounted and balanced.<\/p>\n<p><strong>Rim details:<\/strong> x20 Zoll.<br \/><strong>Tire details:<\/strong> Brands .<\/p>","protected":false},"featured_media":237961,"comment_status":"open","ping_status":"closed","template":"","meta":[],"product_brand":[],"product_cat":[1510,1509,1204],"product_tag":[],"class_list":{"0":"post-237761","1":"product","2":"type-product","3":"status-publish","4":"has-post-thumbnail","6":"product_cat-19-zoll-winterraeder-audi-audi-komplettraeder-winter","7":"product_cat-audi-komplettraeder-winter","8":"product_cat-komplettraeder-winter","9":"pa_anzahl-der-komplettraeder-1433","10":"pa_reifenbreite-1453","11":"pa_reifenquerschnitt-1434","12":"pa_reifenspezifikation-sommerreifen","13":"pa_zollgroesse-1499","15":"first","16":"instock","17":"sale","18":"taxable","19":"shipping-taxable","20":"purchasable","21":"product-type-simple"},"yoast_head":"<!-- This site is optimized with the Yoast SEO plugin v27.2 - https:\/\/yoast.com\/product\/yoast-seo-wordpress\/ -->\n<title>20 Zoll 4 Komplettr\u00e4der FF Wheels FF01 grau matt f\u00fcr Audi A6 S6 C7 C8 4G F2 g\u00fcnstig kaufen - Felgenforum<\/title>\n<meta name=\"description\" content=\"20 Zoll 4 Komplettr\u00e4der FF Wheels FF01 grau matt f\u00fcr Audi A6 S6 C7 C8 4G F2 online bestellen \u2794 Gepr\u00fcfte Qualit\u00e4t, Top Marken &amp; schneller Versand \u2714 Jetzt sicher bei Felgenforum kaufen!\" \/>\n<meta name=\"robots\" content=\"index, follow, max-snippet:-1, max-image-preview:large, max-video-preview:-1\" \/>\n<link rel=\"canonical\" href=\"https:\/\/felgenforum.shop\/en\/product\/20-zoll-4-komplettraeder-ff-wheels-ff01-grau-matt-fuer-audi-a6-s6-c7-c8-4g-f2-2\/\" \/>\n<meta property=\"og:locale\" content=\"en_GB\" \/>\n<meta property=\"og:type\" content=\"article\" \/>\n<meta property=\"og:title\" content=\"20 Zoll 4 Komplettr\u00e4der FF Wheels FF01 grau matt f\u00fcr Audi A6 S6 C7 C8 4G F2 g\u00fcnstig kaufen - Felgenforum\" \/>\n<meta property=\"og:description\" content=\"20 Zoll 4 Komplettr\u00e4der FF Wheels FF01 grau matt f\u00fcr Audi A6 S6 C7 C8 4G F2 online bestellen \u2794 Gepr\u00fcfte Qualit\u00e4t, Top Marken &amp; schneller Versand \u2714 Jetzt sicher bei Felgenforum kaufen!\" \/>\n<meta property=\"og:url\" content=\"https:\/\/felgenforum.shop\/en\/product\/20-zoll-4-komplettraeder-ff-wheels-ff01-grau-matt-fuer-audi-a6-s6-c7-c8-4g-f2-2\/\" \/>\n<meta property=\"og:site_name\" content=\"Felgenforum\" \/>\n<meta property=\"article:modified_time\" content=\"2026-03-31T18:40:40+00:00\" \/>\n<meta property=\"og:image\" content=\"https:\/\/felgenforum.shop\/wp-content\/uploads\/2026\/03\/ebay-product-237761-69cc15281e74b.webp\" \/>\n\t<meta property=\"og:image:width\" content=\"1000\" \/>\n\t<meta property=\"og:image:height\" content=\"1000\" \/>\n\t<meta property=\"og:image:type\" content=\"image\/webp\" \/>\n<meta name=\"twitter:card\" content=\"summary_large_image\" \/>\n<meta name=\"twitter:label1\" content=\"Est. reading time\" \/>\n\t<meta name=\"twitter:data1\" content=\"1 minute\" \/>\n<script type=\"application\/ld+json\" class=\"yoast-schema-graph\">{\"@context\":\"https:\/\/schema.org\",\"@graph\":[{\"@type\":\"WebPage\",\"@id\":\"https:\/\/felgenforum.shop\/produkt\/20-zoll-4-komplettraeder-ff-wheels-ff01-grau-matt-fuer-audi-a6-s6-c7-c8-4g-f2-2\/\",\"url\":\"https:\/\/felgenforum.shop\/produkt\/20-zoll-4-komplettraeder-ff-wheels-ff01-grau-matt-fuer-audi-a6-s6-c7-c8-4g-f2-2\/\",\"name\":\"20 Zoll 4 Komplettr\u00e4der FF Wheels FF01 grau matt f\u00fcr Audi A6 S6 C7 C8 4G F2 g\u00fcnstig kaufen - Felgenforum\",\"isPartOf\":{\"@id\":\"https:\/\/felgenforum.shop\/#website\"},\"primaryImageOfPage\":{\"@id\":\"https:\/\/felgenforum.shop\/produkt\/20-zoll-4-komplettraeder-ff-wheels-ff01-grau-matt-fuer-audi-a6-s6-c7-c8-4g-f2-2\/#primaryimage\"},\"image\":{\"@id\":\"https:\/\/felgenforum.shop\/produkt\/20-zoll-4-komplettraeder-ff-wheels-ff01-grau-matt-fuer-audi-a6-s6-c7-c8-4g-f2-2\/#primaryimage\"},\"thumbnailUrl\":\"https:\/\/felgenforum.shop\/wp-content\/uploads\/2026\/03\/ebay-product-237761-69cc15281e74b.webp\",\"datePublished\":\"2026-03-31T16:25:53+00:00\",\"dateModified\":\"2026-03-31T18:40:40+00:00\",\"description\":\"20 Zoll 4 Komplettr\u00e4der FF Wheels FF01 grau matt f\u00fcr Audi A6 S6 C7 C8 4G F2 online bestellen \u2794 Gepr\u00fcfte Qualit\u00e4t, Top Marken & schneller Versand \u2714 Jetzt sicher bei Felgenforum kaufen!\",\"breadcrumb\":{\"@id\":\"https:\/\/felgenforum.shop\/produkt\/20-zoll-4-komplettraeder-ff-wheels-ff01-grau-matt-fuer-audi-a6-s6-c7-c8-4g-f2-2\/#breadcrumb\"},\"inLanguage\":\"en-GB\",\"potentialAction\":[{\"@type\":\"ReadAction\",\"target\":[\"https:\/\/felgenforum.shop\/produkt\/20-zoll-4-komplettraeder-ff-wheels-ff01-grau-matt-fuer-audi-a6-s6-c7-c8-4g-f2-2\/\"]}]},{\"@type\":\"ImageObject\",\"inLanguage\":\"en-GB\",\"@id\":\"https:\/\/felgenforum.shop\/produkt\/20-zoll-4-komplettraeder-ff-wheels-ff01-grau-matt-fuer-audi-a6-s6-c7-c8-4g-f2-2\/#primaryimage\",\"url\":\"https:\/\/felgenforum.shop\/wp-content\/uploads\/2026\/03\/ebay-product-237761-69cc15281e74b.webp\",\"contentUrl\":\"https:\/\/felgenforum.shop\/wp-content\/uploads\/2026\/03\/ebay-product-237761-69cc15281e74b.webp\",\"width\":1000,\"height\":1000},{\"@type\":\"BreadcrumbList\",\"@id\":\"https:\/\/felgenforum.shop\/produkt\/20-zoll-4-komplettraeder-ff-wheels-ff01-grau-matt-fuer-audi-a6-s6-c7-c8-4g-f2-2\/#breadcrumb\",\"itemListElement\":[{\"@type\":\"ListItem\",\"position\":1,\"name\":\"Startseite\",\"item\":\"https:\/\/felgenforum.shop\/\"},{\"@type\":\"ListItem\",\"position\":2,\"name\":\"Shop\",\"item\":\"https:\/\/felgenforum.shop\/shop\/\"},{\"@type\":\"ListItem\",\"position\":3,\"name\":\"20 Zoll 4 Komplettr\u00e4der FF Wheels FF01 grau matt f\u00fcr Audi A6 S6 C7 C8 4G F2\"}]},{\"@type\":\"WebSite\",\"@id\":\"https:\/\/felgenforum.shop\/#website\",\"url\":\"https:\/\/felgenforum.shop\/\",\"name\":\"Felgenforum\",\"description\":\"\",\"potentialAction\":[{\"@type\":\"SearchAction\",\"target\":{\"@type\":\"EntryPoint\",\"urlTemplate\":\"https:\/\/felgenforum.shop\/?s={search_term_string}\"},\"query-input\":{\"@type\":\"PropertyValueSpecification\",\"valueRequired\":true,\"valueName\":\"search_term_string\"}}],\"inLanguage\":\"en-GB\"}]}<\/script>\n<!-- \/ Yoast SEO plugin. -->","yoast_head_json":{"title":"20 Zoll 4 Komplettr\u00e4der FF Wheels FF01 grau matt f\u00fcr Audi A6 S6 C7 C8 4G F2 g\u00fcnstig kaufen - Felgenforum","description":"20 Zoll 4 Komplettr\u00e4der FF Wheels FF01 grau matt f\u00fcr Audi A6 S6 C7 C8 4G F2 online bestellen \u2794 Gepr\u00fcfte Qualit\u00e4t, Top Marken & schneller Versand \u2714 Jetzt sicher bei Felgenforum kaufen!","robots":{"index":"index","follow":"follow","max-snippet":"max-snippet:-1","max-image-preview":"max-image-preview:large","max-video-preview":"max-video-preview:-1"},"canonical":"https:\/\/felgenforum.shop\/en\/product\/20-zoll-4-komplettraeder-ff-wheels-ff01-grau-matt-fuer-audi-a6-s6-c7-c8-4g-f2-2\/","og_locale":"en_GB","og_type":"article","og_title":"20 Zoll 4 Komplettr\u00e4der FF Wheels FF01 grau matt f\u00fcr Audi A6 S6 C7 C8 4G F2 g\u00fcnstig kaufen - Felgenforum","og_description":"20 Zoll 4 Komplettr\u00e4der FF Wheels FF01 grau matt f\u00fcr Audi A6 S6 C7 C8 4G F2 online bestellen \u2794 Gepr\u00fcfte Qualit\u00e4t, Top Marken & schneller Versand \u2714 Jetzt sicher bei Felgenforum kaufen!","og_url":"https:\/\/felgenforum.shop\/en\/product\/20-zoll-4-komplettraeder-ff-wheels-ff01-grau-matt-fuer-audi-a6-s6-c7-c8-4g-f2-2\/","og_site_name":"Felgenforum","article_modified_time":"2026-03-31T18:40:40+00:00","og_image":[{"width":1000,"height":1000,"url":"https:\/\/felgenforum.shop\/wp-content\/uploads\/2026\/03\/ebay-product-237761-69cc15281e74b.webp","type":"image\/webp"}],"twitter_card":"summary_large_image","twitter_misc":{"Est. reading time":"1 minute"},"schema":{"@context":"https:\/\/schema.org","@graph":[{"@type":"WebPage","@id":"https:\/\/felgenforum.shop\/produkt\/20-zoll-4-komplettraeder-ff-wheels-ff01-grau-matt-fuer-audi-a6-s6-c7-c8-4g-f2-2\/","url":"https:\/\/felgenforum.shop\/produkt\/20-zoll-4-komplettraeder-ff-wheels-ff01-grau-matt-fuer-audi-a6-s6-c7-c8-4g-f2-2\/","name":"20 Zoll 4 Komplettr\u00e4der FF Wheels FF01 grau matt f\u00fcr Audi A6 S6 C7 C8 4G F2 g\u00fcnstig kaufen - Felgenforum","isPartOf":{"@id":"https:\/\/felgenforum.shop\/#website"},"primaryImageOfPage":{"@id":"https:\/\/felgenforum.shop\/produkt\/20-zoll-4-komplettraeder-ff-wheels-ff01-grau-matt-fuer-audi-a6-s6-c7-c8-4g-f2-2\/#primaryimage"},"image":{"@id":"https:\/\/felgenforum.shop\/produkt\/20-zoll-4-komplettraeder-ff-wheels-ff01-grau-matt-fuer-audi-a6-s6-c7-c8-4g-f2-2\/#primaryimage"},"thumbnailUrl":"https:\/\/felgenforum.shop\/wp-content\/uploads\/2026\/03\/ebay-product-237761-69cc15281e74b.webp","datePublished":"2026-03-31T16:25:53+00:00","dateModified":"2026-03-31T18:40:40+00:00","description":"20 Zoll 4 Komplettr\u00e4der FF Wheels FF01 grau matt f\u00fcr Audi A6 S6 C7 C8 4G F2 online bestellen \u2794 Gepr\u00fcfte Qualit\u00e4t, Top Marken & schneller Versand \u2714 Jetzt sicher bei Felgenforum kaufen!","breadcrumb":{"@id":"https:\/\/felgenforum.shop\/produkt\/20-zoll-4-komplettraeder-ff-wheels-ff01-grau-matt-fuer-audi-a6-s6-c7-c8-4g-f2-2\/#breadcrumb"},"inLanguage":"en-GB","potentialAction":[{"@type":"ReadAction","target":["https:\/\/felgenforum.shop\/produkt\/20-zoll-4-komplettraeder-ff-wheels-ff01-grau-matt-fuer-audi-a6-s6-c7-c8-4g-f2-2\/"]}]},{"@type":"ImageObject","inLanguage":"en-GB","@id":"https:\/\/felgenforum.shop\/produkt\/20-zoll-4-komplettraeder-ff-wheels-ff01-grau-matt-fuer-audi-a6-s6-c7-c8-4g-f2-2\/#primaryimage","url":"https:\/\/felgenforum.shop\/wp-content\/uploads\/2026\/03\/ebay-product-237761-69cc15281e74b.webp","contentUrl":"https:\/\/felgenforum.shop\/wp-content\/uploads\/2026\/03\/ebay-product-237761-69cc15281e74b.webp","width":1000,"height":1000},{"@type":"BreadcrumbList","@id":"https:\/\/felgenforum.shop\/produkt\/20-zoll-4-komplettraeder-ff-wheels-ff01-grau-matt-fuer-audi-a6-s6-c7-c8-4g-f2-2\/#breadcrumb","itemListElement":[{"@type":"ListItem","position":1,"name":"Startseite","item":"https:\/\/felgenforum.shop\/"},{"@type":"ListItem","position":2,"name":"Shop","item":"https:\/\/felgenforum.shop\/shop\/"},{"@type":"ListItem","position":3,"name":"20 Zoll 4 Komplettr\u00e4der FF Wheels FF01 grau matt f\u00fcr Audi A6 S6 C7 C8 4G F2"}]},{"@type":"WebSite","@id":"https:\/\/felgenforum.shop\/#website","url":"https:\/\/felgenforum.shop\/","name":"Rim forum","description":"","potentialAction":[{"@type":"SearchAction","target":{"@type":"EntryPoint","urlTemplate":"https:\/\/felgenforum.shop\/?s={search_term_string}"},"query-input":{"@type":"PropertyValueSpecification","valueRequired":true,"valueName":"search_term_string"}}],"inLanguage":"en-GB"}]}},"_links":{"self":[{"href":"https:\/\/felgenforum.shop\/en\/wp-json\/wp\/v2\/product\/237761","targetHints":{"allow":["GET"]}}],"collection":[{"href":"https:\/\/felgenforum.shop\/en\/wp-json\/wp\/v2\/product"}],"about":[{"href":"https:\/\/felgenforum.shop\/en\/wp-json\/wp\/v2\/types\/product"}],"replies":[{"embeddable":true,"href":"https:\/\/felgenforum.shop\/en\/wp-json\/wp\/v2\/comments?post=237761"}],"wp:featuredmedia":[{"embeddable":true,"href":"https:\/\/felgenforum.shop\/en\/wp-json\/wp\/v2\/media\/237961"}],"wp:attachment":[{"href":"https:\/\/felgenforum.shop\/en\/wp-json\/wp\/v2\/media?parent=237761"}],"wp:term":[{"taxonomy":"product_brand","embeddable":true,"href":"https:\/\/felgenforum.shop\/en\/wp-json\/wp\/v2\/product_brand?post=237761"},{"taxonomy":"product_cat","embeddable":true,"href":"https:\/\/felgenforum.shop\/en\/wp-json\/wp\/v2\/product_cat?post=237761"},{"taxonomy":"product_tag","embeddable":true,"href":"https:\/\/felgenforum.shop\/en\/wp-json\/wp\/v2\/product_tag?post=237761"}],"curies":[{"name":"wp","href":"https:\/\/api.w.org\/{rel}","templated":true}]}}